{"id":80497,"date":"2022-11-18T13:13:48","date_gmt":"2022-11-18T12:13:48","guid":{"rendered":"https:\/\/onlinelotto365.com\/?page_id=80497"},"modified":"2022-11-18T13:13:48","modified_gmt":"2022-11-18T12:13:48","slug":"powerball-australia","status":"publish","type":"page","link":"https:\/\/onlinelotto365.com\/fi\/osta-lippuja\/powerball-australia\/","title":{"rendered":"Miten ostaa Powerball Australia lippuja verkossa"},"content":{"rendered":"<p>Haluatko tiet\u00e4\u00e4, miten voit ostaa Powerball Australia -lippusi netist\u00e4? Olemme jakaneet sen muutamaan yksinkertaiseen vaiheeseen suomalaisille ja muille asiakkaillemme, joten voit aloittaa prosessin heti. Ja voit tehd\u00e4 sen paljon nopeammin ja helpommin kuin luuletkaan.<br \/>\n<a href=\"https:\/\/redfoxlotto.com\/play\/powerball-au\/?ref=a8564250a2&amp;medium=ol365\" target=\"_blank\" rel=\"noopener noreferrer\"><img decoding=\"async\" class=\"aligncenter\" src=\"https:\/\/redfoxlotto.com\/image?size=8&amp;lottery=powerball-au\" alt=\"Powerball Australia\" \/><\/a><\/p>\n<ul>\n<li>Mene Powerball Australia -sivulle ja valitse haluamasi liput ja niiden numerot tai anna tietokoneen valita puolestasi.<\/li>\n<li>Lis\u00e4\u00e4 tilaukseesi niin monta lippua ja peli\u00e4 kuin haluat, ennen kuin olet valmis.<\/li>\n<li>Klikkaa painiketta maksaaksesi nyt<\/li>\n<li>Luo tili verkkosivustollamme tai kirjaudu sis\u00e4\u00e4n nykyiselle tilillesi, jos sinulla on jo tili.<\/li>\n<li>Niiden, joiden on luotava tili, sinun on rekister\u00f6idytt\u00e4v\u00e4 se s\u00e4hk\u00f6postiosoitteellasi.<\/li>\n<li>Tarkista roskapostikansiosi sek\u00e4 tavallinen postilaatikkosi vahvistuss\u00e4hk\u00f6postia varten.<\/li>\n<li>Siirry ostoskoriin viimeistell\u00e4ksesi ostoksesi<\/li>\n<li>Valitse haluamasi maksutapa ja k\u00e4y l\u00e4pi maksuprosessi.<\/li>\n<\/ul>\n<h2>Miten maksat Powerball Australia -lipun verkossa?<\/h2>\n<p>Voit valita useista eri maksuvaihtoehdoista, jotka ovat kaikki yht\u00e4 turvallisia kuin mit\u00e4 odotat, kun ostat jotain Suomesta netist\u00e4.<br \/>\nOsta lippusi menness\u00e4:<\/p>\n<p>Maksamalla tilauksen suoraan haluamallasi maksutavalla<br \/>\nLaittamalla rahaa pelitilillesi ja k\u00e4ytt\u00e4m\u00e4ll\u00e4 sit\u00e4 lippujen ostamiseen<\/p>\n<p>Muista, ett\u00e4 sinun on talletettava pelitilillesi enemm\u00e4n kuin tarpeeksi rahaa ostaaksesi haluamasi liput, jos valitset t\u00e4m\u00e4n vaihtoehdon.<\/p>\n<h2>Lis\u00e4tietoa Powerball Australiasta<\/h2>\n<ul>\n<li>Maa: Powerball Australia Australia<\/li>\n<li>T\u00e4rkeimm\u00e4t numerot: 35<\/li>\n<li>Sinun valintasi: 7<\/li>\n<li>Lis\u00e4numerot: 20<\/li>\n<li>Sin\u00e4 valitset: 1<\/li>\n<li>Arvontap\u00e4iv\u00e4t, tunnit: Torstai, 21:30 GMT+11, 10:30 CET<\/li>\n<li>Pienin j\u00e4ttipotti: AU$ 3 miljoonaa<\/li>\n<li>Suurin j\u00e4ttipotti: AU$ 150 miljoonaa<\/li>\n<li>Todenn\u00e4k\u00f6isyys voittaa j\u00e4ttipotti: 1:134490400.<\/li>\n<li>Todenn\u00e4k\u00f6isyys tason 2 voittoon: 1:7078443<\/li>\n<li>Todenn\u00e4k\u00f6isyys voittaa mill\u00e4 tahansa tasolla: 1:24,87<\/li>\n<li>Palkintotasojen m\u00e4\u00e4r\u00e4: 7<\/li>\n<\/ul>\n<h2>Powerball Australia -lippujen ostamisen edut verkossa<\/h2>\n<ul>\n<li>Saat haluamasi liput ilman, ett\u00e4 sinun tarvitsee poistua kotoa<\/li>\n<li>Osta lippuja moniin erityyppisiin arpajaisiin<\/li>\n<li>Saat paremmat mahdollisuudet voittaa suuri j\u00e4ttipotti valitsemalla parhaat vaihtoehdot<\/li>\n<li>Laita rahaa tilillesi ja k\u00e4yt\u00e4 sit\u00e4 lippujen ostamiseen<\/li>\n<li>\u00c4l\u00e4 ole huolissasi lippujesi menett\u00e4misest\u00e4<\/li>\n<li>Ilmoitukset, jos lippusi on voittaja<\/li>\n<li>Valitse satunnaisia lippuja numerogeneraattorin avulla<\/li>\n<\/ul>\n<h2>Onko laillista ostaa Powerball Australia -lippuja netist\u00e4 Suomessa?<\/h2>\n<p>Sinun ei tarvitse huolehtia lippujen ostamisesta netist\u00e4 tai perinteisell\u00e4 tavalla, kun kyse on asuinmaasi m\u00e4\u00e4r\u00e4yksist\u00e4. Me huolehdimme siit\u00e4, ett\u00e4 noudatamme sen maan m\u00e4\u00e4r\u00e4yksi\u00e4, jossa arvonta j\u00e4rjestet\u00e4\u00e4n, jotta voit saada voittosi. Vaikka voittaisitkin j\u00e4ttipotin, sinulla ei ole ongelmia saada rahoja.<br \/>\nPalveluamme k\u00e4ytt\u00e4vien henkil\u00f6iden on oltava v\u00e4hint\u00e4\u00e4n 18-vuotiaita.<\/p>\n<h2>Miten saan maksun, jos voitan Powerball Australia -nettiloton?<\/h2>\n<p><img loading=\"lazy\" decoding=\"async\" class=\"alignright wp-image-3631\" src=\"https:\/\/onlinelotto365.com\/wp-content\/uploads\/2020\/11\/online_lottery-40-300x200.jpg\" alt=\"powerball australia verkossa\" width=\"252\" height=\"168\" srcset=\"https:\/\/onlinelotto365.com\/wp-content\/uploads\/2020\/11\/online_lottery-40-300x200.jpg 300w, https:\/\/onlinelotto365.com\/wp-content\/uploads\/2020\/11\/online_lottery-40.jpg 424w\" sizes=\"auto, (max-width: 252px) 100vw, 252px\" \/><br \/>\nTied\u00e4mme, ett\u00e4 haluat saada voittosi mahdollisimman nopeasti, etk\u00e4 todellakaan halua maksaa kenellek\u00e4\u00e4n muulle rahaa voitoistasi. Siksi emme koskaan ota palkkiota voitoistasi. Jos sin\u00e4 voitat, sin\u00e4 saat rahat. Ainoa kerta, kun otamme palkkion, on jos p\u00e4\u00e4t\u00e4t siirt\u00e4\u00e4 rahat pankkisiirtona pankkiisi, joka veloittaa meilt\u00e4 maksun, joka siirret\u00e4\u00e4n sinulle.<br \/>\nJos voitat rahaa, sinun on vain pidett\u00e4v\u00e4 t\u00e4m\u00e4 mieless\u00e4si:<\/p>\n<ul>\n<li>Alle 2500 euron summat maksetaan automaattisesti pelitilillesi ilman, ett\u00e4 sinun tarvitsee tehd\u00e4 mit\u00e4\u00e4n.<\/li>\n<li>Yli 2500 euron summat maksetaan shekill\u00e4 tai pankkisiirrolla, ja sinun on t\u00e4ytett\u00e4v\u00e4 lomake, jonka tukitiimi l\u00e4hett\u00e4\u00e4 sinulle. N\u00e4in saat rahat selvitetty\u00e4 lottokomission kautta.<\/li>\n<\/ul>\n","protected":false},"excerpt":{"rendered":"<p>Haluatko tiet\u00e4\u00e4, miten voit ostaa Powerball Australia -lippusi netist\u00e4? Olemme jakaneet sen muutamaan yksinkertaiseen vaiheeseen suomalaisille ja muille asiakkaillemme, joten voit aloittaa prosessin heti. Ja voit tehd\u00e4 sen paljon nopeammin ja helpommin kuin luuletkaan. Mene Powerball Australia -sivulle ja valitse haluamasi liput ja niiden numerot tai anna tietokoneen valita puolestasi. Lis\u00e4\u00e4 tilaukseesi niin monta lippua [&hellip;]<\/p>\n","protected":false},"author":1,"featured_media":0,"parent":5577,"menu_order":13,"comment_status":"closed","ping_status":"closed","template":"powerball-au-info.php","meta":{"_et_pb_use_builder":"","_et_pb_old_content":"","_et_gb_content_width":"","exclude_from_search":false,"footnotes":""},"class_list":["post-80497","page","type-page","status-publish","hentry"],"yoast_head":"<!-- This site is optimized with the Yoast SEO plugin v23.4 - https:\/\/yoast.com\/wordpress\/plugins\/seo\/ -->\n<title>Osta lippuja Powerball Australiaan Suomesta verkkopalvelun kautta.<\/title>\n<meta name=\"description\" content=\"Osta Powerball Australia lippuja netist\u00e4 - me mahdollistamme sen suomalaisille pelaajille.\" \/>\n<meta name=\"robots\" content=\"index, follow, max-snippet:-1, max-image-preview:large, max-video-preview:-1\" \/>\n<link rel=\"canonical\" href=\"https:\/\/onlinelotto365.com\/fi\/osta-lippuja\/powerball-australia\/\" \/>\n<meta property=\"og:locale\" content=\"fi_FI\" \/>\n<meta property=\"og:type\" content=\"article\" \/>\n<meta property=\"og:title\" content=\"Osta lippuja Powerball Australiaan Suomesta verkkopalvelun kautta.\" \/>\n<meta property=\"og:description\" content=\"Osta Powerball Australia lippuja netist\u00e4 - me mahdollistamme sen suomalaisille pelaajille.\" \/>\n<meta property=\"og:url\" content=\"https:\/\/onlinelotto365.com\/fi\/osta-lippuja\/powerball-australia\/\" \/>\n<meta property=\"og:site_name\" content=\"OnlineLotto365\" \/>\n<meta property=\"og:image\" content=\"https:\/\/redfoxlotto.com\/image?size=8&amp;lottery=powerball-au\" \/>\n<meta name=\"twitter:card\" content=\"summary_large_image\" \/>\n<meta name=\"twitter:label1\" content=\"Arvioitu lukuaika\" \/>\n\t<meta name=\"twitter:data1\" content=\"3 minuuttia\" \/>\n<script type=\"application\/ld+json\" class=\"yoast-schema-graph\">{\"@context\":\"https:\/\/schema.org\",\"@graph\":[{\"@type\":\"WebPage\",\"@id\":\"https:\/\/onlinelotto365.com\/fi\/osta-lippuja\/powerball-australia\/\",\"url\":\"https:\/\/onlinelotto365.com\/fi\/osta-lippuja\/powerball-australia\/\",\"name\":\"Osta lippuja Powerball Australiaan Suomesta verkkopalvelun kautta.\",\"isPartOf\":{\"@id\":\"https:\/\/onlinelotto365.com\/fi\/#website\"},\"primaryImageOfPage\":{\"@id\":\"https:\/\/onlinelotto365.com\/fi\/osta-lippuja\/powerball-australia\/#primaryimage\"},\"image\":{\"@id\":\"https:\/\/onlinelotto365.com\/fi\/osta-lippuja\/powerball-australia\/#primaryimage\"},\"thumbnailUrl\":\"https:\/\/redfoxlotto.com\/image?size=8&amp;lottery=powerball-au\",\"datePublished\":\"2022-11-18T12:13:48+00:00\",\"dateModified\":\"2022-11-18T12:13:48+00:00\",\"description\":\"Osta Powerball Australia lippuja netist\u00e4 - me mahdollistamme sen suomalaisille pelaajille.\",\"breadcrumb\":{\"@id\":\"https:\/\/onlinelotto365.com\/fi\/osta-lippuja\/powerball-australia\/#breadcrumb\"},\"inLanguage\":\"fi\",\"potentialAction\":[{\"@type\":\"ReadAction\",\"target\":[\"https:\/\/onlinelotto365.com\/fi\/osta-lippuja\/powerball-australia\/\"]}]},{\"@type\":\"ImageObject\",\"inLanguage\":\"fi\",\"@id\":\"https:\/\/onlinelotto365.com\/fi\/osta-lippuja\/powerball-australia\/#primaryimage\",\"url\":\"https:\/\/redfoxlotto.com\/image?size=8&amp;lottery=powerball-au\",\"contentUrl\":\"https:\/\/redfoxlotto.com\/image?size=8&amp;lottery=powerball-au\"},{\"@type\":\"BreadcrumbList\",\"@id\":\"https:\/\/onlinelotto365.com\/fi\/osta-lippuja\/powerball-australia\/#breadcrumb\",\"itemListElement\":[{\"@type\":\"ListItem\",\"position\":1,\"name\":\"Home\",\"item\":\"https:\/\/onlinelotto365.com\/fi\/\"},{\"@type\":\"ListItem\",\"position\":2,\"name\":\"Osta Lottoarpoja Verkosta\",\"item\":\"https:\/\/onlinelotto365.com\/fi\/osta-lippuja\/\"},{\"@type\":\"ListItem\",\"position\":3,\"name\":\"Miten ostaa Powerball Australia lippuja verkossa\"}]},{\"@type\":\"WebSite\",\"@id\":\"https:\/\/onlinelotto365.com\/fi\/#website\",\"url\":\"https:\/\/onlinelotto365.com\/fi\/\",\"name\":\"OnlineLotto365\",\"description\":\"\",\"potentialAction\":[{\"@type\":\"SearchAction\",\"target\":{\"@type\":\"EntryPoint\",\"urlTemplate\":\"https:\/\/onlinelotto365.com\/fi\/?s={search_term_string}\"},\"query-input\":{\"@type\":\"PropertyValueSpecification\",\"valueRequired\":true,\"valueName\":\"search_term_string\"}}],\"inLanguage\":\"fi\"}]}<\/script>\n<!-- \/ Yoast SEO plugin. -->","yoast_head_json":{"title":"Osta lippuja Powerball Australiaan Suomesta verkkopalvelun kautta.","description":"Osta Powerball Australia lippuja netist\u00e4 - me mahdollistamme sen suomalaisille pelaajille.","robots":{"index":"index","follow":"follow","max-snippet":"max-snippet:-1","max-image-preview":"max-image-preview:large","max-video-preview":"max-video-preview:-1"},"canonical":"https:\/\/onlinelotto365.com\/fi\/osta-lippuja\/powerball-australia\/","og_locale":"fi_FI","og_type":"article","og_title":"Osta lippuja Powerball Australiaan Suomesta verkkopalvelun kautta.","og_description":"Osta Powerball Australia lippuja netist\u00e4 - me mahdollistamme sen suomalaisille pelaajille.","og_url":"https:\/\/onlinelotto365.com\/fi\/osta-lippuja\/powerball-australia\/","og_site_name":"OnlineLotto365","og_image":[{"url":"https:\/\/redfoxlotto.com\/image?size=8&amp;lottery=powerball-au"}],"twitter_card":"summary_large_image","twitter_misc":{"Arvioitu lukuaika":"3 minuuttia"},"schema":{"@context":"https:\/\/schema.org","@graph":[{"@type":"WebPage","@id":"https:\/\/onlinelotto365.com\/fi\/osta-lippuja\/powerball-australia\/","url":"https:\/\/onlinelotto365.com\/fi\/osta-lippuja\/powerball-australia\/","name":"Osta lippuja Powerball Australiaan Suomesta verkkopalvelun kautta.","isPartOf":{"@id":"https:\/\/onlinelotto365.com\/fi\/#website"},"primaryImageOfPage":{"@id":"https:\/\/onlinelotto365.com\/fi\/osta-lippuja\/powerball-australia\/#primaryimage"},"image":{"@id":"https:\/\/onlinelotto365.com\/fi\/osta-lippuja\/powerball-australia\/#primaryimage"},"thumbnailUrl":"https:\/\/redfoxlotto.com\/image?size=8&amp;lottery=powerball-au","datePublished":"2022-11-18T12:13:48+00:00","dateModified":"2022-11-18T12:13:48+00:00","description":"Osta Powerball Australia lippuja netist\u00e4 - me mahdollistamme sen suomalaisille pelaajille.","breadcrumb":{"@id":"https:\/\/onlinelotto365.com\/fi\/osta-lippuja\/powerball-australia\/#breadcrumb"},"inLanguage":"fi","potentialAction":[{"@type":"ReadAction","target":["https:\/\/onlinelotto365.com\/fi\/osta-lippuja\/powerball-australia\/"]}]},{"@type":"ImageObject","inLanguage":"fi","@id":"https:\/\/onlinelotto365.com\/fi\/osta-lippuja\/powerball-australia\/#primaryimage","url":"https:\/\/redfoxlotto.com\/image?size=8&amp;lottery=powerball-au","contentUrl":"https:\/\/redfoxlotto.com\/image?size=8&amp;lottery=powerball-au"},{"@type":"BreadcrumbList","@id":"https:\/\/onlinelotto365.com\/fi\/osta-lippuja\/powerball-australia\/#breadcrumb","itemListElement":[{"@type":"ListItem","position":1,"name":"Home","item":"https:\/\/onlinelotto365.com\/fi\/"},{"@type":"ListItem","position":2,"name":"Osta Lottoarpoja Verkosta","item":"https:\/\/onlinelotto365.com\/fi\/osta-lippuja\/"},{"@type":"ListItem","position":3,"name":"Miten ostaa Powerball Australia lippuja verkossa"}]},{"@type":"WebSite","@id":"https:\/\/onlinelotto365.com\/fi\/#website","url":"https:\/\/onlinelotto365.com\/fi\/","name":"OnlineLotto365","description":"","potentialAction":[{"@type":"SearchAction","target":{"@type":"EntryPoint","urlTemplate":"https:\/\/onlinelotto365.com\/fi\/?s={search_term_string}"},"query-input":{"@type":"PropertyValueSpecification","valueRequired":true,"valueName":"search_term_string"}}],"inLanguage":"fi"}]}},"_links":{"self":[{"href":"https:\/\/onlinelotto365.com\/fi\/wp-json\/wp\/v2\/pages\/80497","targetHints":{"allow":["GET"]}}],"collection":[{"href":"https:\/\/onlinelotto365.com\/fi\/wp-json\/wp\/v2\/pages"}],"about":[{"href":"https:\/\/onlinelotto365.com\/fi\/wp-json\/wp\/v2\/types\/page"}],"author":[{"embeddable":true,"href":"https:\/\/onlinelotto365.com\/fi\/wp-json\/wp\/v2\/users\/1"}],"replies":[{"embeddable":true,"href":"https:\/\/onlinelotto365.com\/fi\/wp-json\/wp\/v2\/comments?post=80497"}],"version-history":[{"count":0,"href":"https:\/\/onlinelotto365.com\/fi\/wp-json\/wp\/v2\/pages\/80497\/revisions"}],"up":[{"embeddable":true,"href":"https:\/\/onlinelotto365.com\/fi\/wp-json\/wp\/v2\/pages\/5577"}],"wp:attachment":[{"href":"https:\/\/onlinelotto365.com\/fi\/wp-json\/wp\/v2\/media?parent=80497"}],"curies":[{"name":"wp","href":"https:\/\/api.w.org\/{rel}","templated":true}]}}