{"id":80537,"date":"2022-11-21T11:02:40","date_gmt":"2022-11-21T10:02:40","guid":{"rendered":"https:\/\/onlinelotto365.com\/?page_id=80537"},"modified":"2022-11-21T11:02:40","modified_gmt":"2022-11-21T10:02:40","slug":"oz-lotto","status":"publish","type":"page","link":"https:\/\/onlinelotto365.com\/fi\/osta-lippuja\/oz-lotto\/","title":{"rendered":"Miten ostaa Oz Lotto lippuja verkossa"},"content":{"rendered":"<p>Sinulla on onnea, sill\u00e4 olemme k\u00e4yneet l\u00e4pi, mit\u00e4 sinun on teht\u00e4v\u00e4 saadaksesi Oz Lotto -lottokupongit t\u00e4\u00e4lt\u00e4 ja Suomesta. Voit ostaa netist\u00e4 helposti, jos vain noudatat n\u00e4it\u00e4 yksinkertaisia vaiheita, jotka olemme esitt\u00e4neet sinulle.<br \/>\n<a href=\"https:\/\/redfoxlotto.com\/play\/oz-lotto\/?ref=a8564250a2&amp;medium=ol365\" target=\"_blank\" rel=\"noopener noreferrer\"><img decoding=\"async\" class=\"aligncenter\" src=\"https:\/\/redfoxlotto.com\/image?size=8&amp;lottery=oz-lotto\" alt=\"Oz Lotto\" \/><\/a><\/p>\n<ul>\n<li>Siirry sen loton sivulle, jota haluat pelata, ja valitse haluamasi numerot. Tai anna tietokoneen valita numerot puolestasi.<\/li>\n<li>Lis\u00e4\u00e4 lippuja viel\u00e4 useampiin arpajaisiin ja my\u00f6s t\u00e4h\u00e4n peliin.<\/li>\n<li>Maksa lippusi heti<\/li>\n<li>Rekister\u00f6i upouusi tili tai kirjaudu sis\u00e4\u00e4n nykyiselle tilillesi, jotta voit k\u00e4yd\u00e4 l\u00e4pi maksuprosessin.<\/li>\n<li>Jos tilisi t\u00e4ytyy rekister\u00f6id\u00e4, varmista, ett\u00e4 tarkistat s\u00e4hk\u00f6postistasi vahvistuslinkin, jotta p\u00e4\u00e4set alkuun.<\/li>\n<li>Katso roskapostikansiostasi, jos et saanut s\u00e4hk\u00f6postia tavalliseen postilaatikkoosi, ja klikkaa linkki\u00e4 vahvistaaksesi.<\/li>\n<li>Siirry ostoskoriin ostaaksesi liput<\/li>\n<li>Mene maksuprosessin l\u00e4pi saadaksesi lippusi<\/li>\n<\/ul>\n<h2>Miten Oz Lotto -lottokuponki maksetaan verkossa<\/h2>\n<p>Voit valita useista eri t\u00e4ysin turvallisista vaihtoehdoista, kun haluat maksaa Oz Lotto -lippusi.<br \/>\nJokainen n\u00e4ist\u00e4 sopii kahteen eri kategoriaan:<\/p>\n<p>Maksa tilaus mill\u00e4 tahansa valitsemallasi maksutavalla<br \/>\nlaita rahaa nykyiselle pelitilillesi ja k\u00e4yt\u00e4 t\u00e4t\u00e4 rahaa ostoksen tekemiseen.<\/p>\n<p>Varmista, ett\u00e4 laitat enemm\u00e4n rahaa kuin tarvitset ostoksen tekemiseen, jos aiot k\u00e4ytt\u00e4\u00e4 pelaajatili\u00e4si.<\/p>\n<h2>Lis\u00e4tietoja Oz Lotosta<\/h2>\n<ul>\n<li>Maa: Australia<\/li>\n<li>T\u00e4rkeimm\u00e4t numerot: 45<\/li>\n<li>Sinun valintasi: 7<\/li>\n<li>Arvontap\u00e4iv\u00e4t, tunnit: Tiistai, 21:30 GMT+11, 10:30 CET<\/li>\n<li>Pienin j\u00e4ttipotti: AU$ 2 miljoonaa<\/li>\n<li>Suurin j\u00e4ttipotti: ei mit\u00e4\u00e4n<\/li>\n<li>Todenn\u00e4k\u00f6isyys voittaa j\u00e4ttipotti: 1:45379620<\/li>\n<li>Todenn\u00e4k\u00f6isyys tason 2 voittoon: 1: 3241401<\/li>\n<li>Todenn\u00e4k\u00f6isyys voittaa mill\u00e4 tahansa tasolla: 1:54,59:st\u00e4<\/li>\n<li>Palkintotasojen m\u00e4\u00e4r\u00e4: 7<\/li>\n<\/ul>\n<h2>Oz Lotto -lottokuponkien ostamisen edut verkossa<\/h2>\n<ul>\n<li>Sinun ei tarvitse l\u00e4hte\u00e4 kotoa valitsemaan lippuja.<\/li>\n<li>Voit valita monien eri vaihtoehtojen v\u00e4lill\u00e4<\/li>\n<li>Katso j\u00e4ttipottien m\u00e4\u00e4ri\u00e4 p\u00e4\u00e4tt\u00e4ess\u00e4si, mink\u00e4 loton haluat ostaa.<\/li>\n<li>Voit lis\u00e4t\u00e4 rahaa suoraan pelitilillesi ja k\u00e4ytt\u00e4\u00e4 sit\u00e4 lippujen ostamiseen.<\/li>\n<li>\u00c4l\u00e4 koskaan murehdi lippujesi menett\u00e4misest\u00e4<\/li>\n<li>Saat ilmoituksia, jos voitat jotain<\/li>\n<li>K\u00e4yt\u00e4 pikavalintavaihtoehtoa saadaksesi lippuja valitsematta omia numeroita<\/li>\n<\/ul>\n<h2>Onko laillista ostaa Oz Loton lippuja netist\u00e4?<\/h2>\n<p>Saatat olla ep\u00e4varma siit\u00e4, salliiko asuinmaasi ostaa lottokuponkeja netist\u00e4 tai edes perinteisell\u00e4 tavalla. No, sinun ei tarvitse olla huolissasi, olitpa sitten Suomessa tai muualla, sill\u00e4 me huolehdimme asioista, kun kyse on sen maan s\u00e4\u00e4d\u00f6ksist\u00e4, jossa peli\u00e4 pelataan. Sinun ei tarvitse huolehtia siit\u00e4, onko meid\u00e4n tarjoamamme palvelun k\u00e4ytt\u00e4minen laillista, kunhan olet v\u00e4hint\u00e4\u00e4n 18-vuotias. Pid\u00e4mme huolen siit\u00e4, ett\u00e4 saat maksun kaikesta huolimatta.<\/p>\n<h2>Miten minulle maksetaan, jos voitan Oz Lotossa verkossa?<\/h2>\n<p><img loading=\"lazy\" decoding=\"async\" class=\"alignright wp-image-3659\" src=\"https:\/\/onlinelotto365.com\/wp-content\/uploads\/2020\/11\/online_lottery-4-300x300.jpg\" alt=\"Oz Lotto Yhdistyneest\u00e4 kuningaskunnasta\" width=\"246\" height=\"246\" srcset=\"https:\/\/onlinelotto365.com\/wp-content\/uploads\/2020\/11\/online_lottery-4-300x300.jpg 300w, https:\/\/onlinelotto365.com\/wp-content\/uploads\/2020\/11\/online_lottery-4-100x100.jpg 100w, https:\/\/onlinelotto365.com\/wp-content\/uploads\/2020\/11\/online_lottery-4-150x150.jpg 150w, https:\/\/onlinelotto365.com\/wp-content\/uploads\/2020\/11\/online_lottery-4.jpg 320w\" sizes=\"auto, (max-width: 246px) 100vw, 246px\" \/><br \/>\nMaksut ovat t\u00e4rke\u00e4 osa prosessia, kun kyse on lottopelaamisestasi. Haluamme varmistaa, ett\u00e4 saat kaikki rahasi, ja siksi varmistamme, ett\u00e4 sinulta ei veloiteta palkkiota, kun voitat jotain.<\/p>\n<p>Sinulta ei my\u00f6sk\u00e4\u00e4n veloiteta mit\u00e4\u00e4n maksuja, ellet valitse pankkisiirtoa, jolla saat rahasi tilillesi. Siin\u00e4 tapauksessa sinulta veloitetaan mahdollisesti maksu, joka on suuruudeltaan sama kuin mit\u00e4 pankki veloittaa siirrosta.<\/p>\n<p><strong>Muilta osin pid\u00e4 t\u00e4m\u00e4 mieless\u00e4:<\/strong><\/p>\n<ul>\n<li>Jos voitat alle 2500 euroa, rahat talletetaan tilillesi automaattisesti. Sinun ei tarvitse huolehtia yht\u00e4\u00e4n mist\u00e4\u00e4n.<\/li>\n<li>Jos voitat yli 2500 euroa, rahojen on kuljettava asianmukaisten kanavien kautta. Se tarkoittaa, ett\u00e4 saat meilt\u00e4 s\u00e4hk\u00f6postia, jossa kerromme sinulle, ett\u00e4 t\u00e4yt\u00e4t vaatimuslomakkeen lottokomissiolle. Sitten rahat siirret\u00e4\u00e4n pankkitilillesi tai ne l\u00e4hetet\u00e4\u00e4n shekill\u00e4 suoraan sinulle.<\/li>\n<\/ul>\n","protected":false},"excerpt":{"rendered":"<p>Sinulla on onnea, sill\u00e4 olemme k\u00e4yneet l\u00e4pi, mit\u00e4 sinun on teht\u00e4v\u00e4 saadaksesi Oz Lotto -lottokupongit t\u00e4\u00e4lt\u00e4 ja Suomesta. Voit ostaa netist\u00e4 helposti, jos vain noudatat n\u00e4it\u00e4 yksinkertaisia vaiheita, jotka olemme esitt\u00e4neet sinulle. Siirry sen loton sivulle, jota haluat pelata, ja valitse haluamasi numerot. Tai anna tietokoneen valita numerot puolestasi. Lis\u00e4\u00e4 lippuja viel\u00e4 useampiin arpajaisiin ja [&hellip;]<\/p>\n","protected":false},"author":1,"featured_media":0,"parent":5577,"menu_order":14,"comment_status":"closed","ping_status":"closed","template":"template-rightsidebar.php","meta":{"_et_pb_use_builder":"","_et_pb_old_content":"","_et_gb_content_width":"","exclude_from_search":false,"footnotes":""},"class_list":["post-80537","page","type-page","status-publish","hentry"],"yoast_head":"<!-- This site is optimized with the Yoast SEO plugin v23.4 - https:\/\/yoast.com\/wordpress\/plugins\/seo\/ -->\n<title>Oz Lotto lippujen hankkiminen netiss\u00e4 Suomesta<\/title>\n<meta name=\"description\" content=\"Hanki liput Australian Oz Lotto -lottoon Suomesta k\u00e4sin\" \/>\n<meta name=\"robots\" content=\"index, follow, max-snippet:-1, max-image-preview:large, max-video-preview:-1\" \/>\n<link rel=\"canonical\" href=\"https:\/\/onlinelotto365.com\/fi\/osta-lippuja\/oz-lotto\/\" \/>\n<meta property=\"og:locale\" content=\"fi_FI\" \/>\n<meta property=\"og:type\" content=\"article\" \/>\n<meta property=\"og:title\" content=\"Oz Lotto lippujen hankkiminen netiss\u00e4 Suomesta\" \/>\n<meta property=\"og:description\" content=\"Hanki liput Australian Oz Lotto -lottoon Suomesta k\u00e4sin\" \/>\n<meta property=\"og:url\" content=\"https:\/\/onlinelotto365.com\/fi\/osta-lippuja\/oz-lotto\/\" \/>\n<meta property=\"og:site_name\" content=\"OnlineLotto365\" \/>\n<meta property=\"og:image\" content=\"https:\/\/redfoxlotto.com\/image?size=8&amp;lottery=oz-lotto\" \/>\n<meta name=\"twitter:card\" content=\"summary_large_image\" \/>\n<meta name=\"twitter:label1\" content=\"Arvioitu lukuaika\" \/>\n\t<meta name=\"twitter:data1\" content=\"3 minuuttia\" \/>\n<script type=\"application\/ld+json\" class=\"yoast-schema-graph\">{\"@context\":\"https:\/\/schema.org\",\"@graph\":[{\"@type\":\"WebPage\",\"@id\":\"https:\/\/onlinelotto365.com\/fi\/osta-lippuja\/oz-lotto\/\",\"url\":\"https:\/\/onlinelotto365.com\/fi\/osta-lippuja\/oz-lotto\/\",\"name\":\"Oz Lotto lippujen hankkiminen netiss\u00e4 Suomesta\",\"isPartOf\":{\"@id\":\"https:\/\/onlinelotto365.com\/fi\/#website\"},\"primaryImageOfPage\":{\"@id\":\"https:\/\/onlinelotto365.com\/fi\/osta-lippuja\/oz-lotto\/#primaryimage\"},\"image\":{\"@id\":\"https:\/\/onlinelotto365.com\/fi\/osta-lippuja\/oz-lotto\/#primaryimage\"},\"thumbnailUrl\":\"https:\/\/redfoxlotto.com\/image?size=8&amp;lottery=oz-lotto\",\"datePublished\":\"2022-11-21T10:02:40+00:00\",\"dateModified\":\"2022-11-21T10:02:40+00:00\",\"description\":\"Hanki liput Australian Oz Lotto -lottoon Suomesta k\u00e4sin\",\"breadcrumb\":{\"@id\":\"https:\/\/onlinelotto365.com\/fi\/osta-lippuja\/oz-lotto\/#breadcrumb\"},\"inLanguage\":\"fi\",\"potentialAction\":[{\"@type\":\"ReadAction\",\"target\":[\"https:\/\/onlinelotto365.com\/fi\/osta-lippuja\/oz-lotto\/\"]}]},{\"@type\":\"ImageObject\",\"inLanguage\":\"fi\",\"@id\":\"https:\/\/onlinelotto365.com\/fi\/osta-lippuja\/oz-lotto\/#primaryimage\",\"url\":\"https:\/\/redfoxlotto.com\/image?size=8&amp;lottery=oz-lotto\",\"contentUrl\":\"https:\/\/redfoxlotto.com\/image?size=8&amp;lottery=oz-lotto\"},{\"@type\":\"BreadcrumbList\",\"@id\":\"https:\/\/onlinelotto365.com\/fi\/osta-lippuja\/oz-lotto\/#breadcrumb\",\"itemListElement\":[{\"@type\":\"ListItem\",\"position\":1,\"name\":\"Home\",\"item\":\"https:\/\/onlinelotto365.com\/fi\/\"},{\"@type\":\"ListItem\",\"position\":2,\"name\":\"Osta Lottoarpoja Verkosta\",\"item\":\"https:\/\/onlinelotto365.com\/fi\/osta-lippuja\/\"},{\"@type\":\"ListItem\",\"position\":3,\"name\":\"Miten ostaa Oz Lotto lippuja verkossa\"}]},{\"@type\":\"WebSite\",\"@id\":\"https:\/\/onlinelotto365.com\/fi\/#website\",\"url\":\"https:\/\/onlinelotto365.com\/fi\/\",\"name\":\"OnlineLotto365\",\"description\":\"\",\"potentialAction\":[{\"@type\":\"SearchAction\",\"target\":{\"@type\":\"EntryPoint\",\"urlTemplate\":\"https:\/\/onlinelotto365.com\/fi\/?s={search_term_string}\"},\"query-input\":{\"@type\":\"PropertyValueSpecification\",\"valueRequired\":true,\"valueName\":\"search_term_string\"}}],\"inLanguage\":\"fi\"}]}<\/script>\n<!-- \/ Yoast SEO plugin. -->","yoast_head_json":{"title":"Oz Lotto lippujen hankkiminen netiss\u00e4 Suomesta","description":"Hanki liput Australian Oz Lotto -lottoon Suomesta k\u00e4sin","robots":{"index":"index","follow":"follow","max-snippet":"max-snippet:-1","max-image-preview":"max-image-preview:large","max-video-preview":"max-video-preview:-1"},"canonical":"https:\/\/onlinelotto365.com\/fi\/osta-lippuja\/oz-lotto\/","og_locale":"fi_FI","og_type":"article","og_title":"Oz Lotto lippujen hankkiminen netiss\u00e4 Suomesta","og_description":"Hanki liput Australian Oz Lotto -lottoon Suomesta k\u00e4sin","og_url":"https:\/\/onlinelotto365.com\/fi\/osta-lippuja\/oz-lotto\/","og_site_name":"OnlineLotto365","og_image":[{"url":"https:\/\/redfoxlotto.com\/image?size=8&amp;lottery=oz-lotto"}],"twitter_card":"summary_large_image","twitter_misc":{"Arvioitu lukuaika":"3 minuuttia"},"schema":{"@context":"https:\/\/schema.org","@graph":[{"@type":"WebPage","@id":"https:\/\/onlinelotto365.com\/fi\/osta-lippuja\/oz-lotto\/","url":"https:\/\/onlinelotto365.com\/fi\/osta-lippuja\/oz-lotto\/","name":"Oz Lotto lippujen hankkiminen netiss\u00e4 Suomesta","isPartOf":{"@id":"https:\/\/onlinelotto365.com\/fi\/#website"},"primaryImageOfPage":{"@id":"https:\/\/onlinelotto365.com\/fi\/osta-lippuja\/oz-lotto\/#primaryimage"},"image":{"@id":"https:\/\/onlinelotto365.com\/fi\/osta-lippuja\/oz-lotto\/#primaryimage"},"thumbnailUrl":"https:\/\/redfoxlotto.com\/image?size=8&amp;lottery=oz-lotto","datePublished":"2022-11-21T10:02:40+00:00","dateModified":"2022-11-21T10:02:40+00:00","description":"Hanki liput Australian Oz Lotto -lottoon Suomesta k\u00e4sin","breadcrumb":{"@id":"https:\/\/onlinelotto365.com\/fi\/osta-lippuja\/oz-lotto\/#breadcrumb"},"inLanguage":"fi","potentialAction":[{"@type":"ReadAction","target":["https:\/\/onlinelotto365.com\/fi\/osta-lippuja\/oz-lotto\/"]}]},{"@type":"ImageObject","inLanguage":"fi","@id":"https:\/\/onlinelotto365.com\/fi\/osta-lippuja\/oz-lotto\/#primaryimage","url":"https:\/\/redfoxlotto.com\/image?size=8&amp;lottery=oz-lotto","contentUrl":"https:\/\/redfoxlotto.com\/image?size=8&amp;lottery=oz-lotto"},{"@type":"BreadcrumbList","@id":"https:\/\/onlinelotto365.com\/fi\/osta-lippuja\/oz-lotto\/#breadcrumb","itemListElement":[{"@type":"ListItem","position":1,"name":"Home","item":"https:\/\/onlinelotto365.com\/fi\/"},{"@type":"ListItem","position":2,"name":"Osta Lottoarpoja Verkosta","item":"https:\/\/onlinelotto365.com\/fi\/osta-lippuja\/"},{"@type":"ListItem","position":3,"name":"Miten ostaa Oz Lotto lippuja verkossa"}]},{"@type":"WebSite","@id":"https:\/\/onlinelotto365.com\/fi\/#website","url":"https:\/\/onlinelotto365.com\/fi\/","name":"OnlineLotto365","description":"","potentialAction":[{"@type":"SearchAction","target":{"@type":"EntryPoint","urlTemplate":"https:\/\/onlinelotto365.com\/fi\/?s={search_term_string}"},"query-input":{"@type":"PropertyValueSpecification","valueRequired":true,"valueName":"search_term_string"}}],"inLanguage":"fi"}]}},"_links":{"self":[{"href":"https:\/\/onlinelotto365.com\/fi\/wp-json\/wp\/v2\/pages\/80537","targetHints":{"allow":["GET"]}}],"collection":[{"href":"https:\/\/onlinelotto365.com\/fi\/wp-json\/wp\/v2\/pages"}],"about":[{"href":"https:\/\/onlinelotto365.com\/fi\/wp-json\/wp\/v2\/types\/page"}],"author":[{"embeddable":true,"href":"https:\/\/onlinelotto365.com\/fi\/wp-json\/wp\/v2\/users\/1"}],"replies":[{"embeddable":true,"href":"https:\/\/onlinelotto365.com\/fi\/wp-json\/wp\/v2\/comments?post=80537"}],"version-history":[{"count":0,"href":"https:\/\/onlinelotto365.com\/fi\/wp-json\/wp\/v2\/pages\/80537\/revisions"}],"up":[{"embeddable":true,"href":"https:\/\/onlinelotto365.com\/fi\/wp-json\/wp\/v2\/pages\/5577"}],"wp:attachment":[{"href":"https:\/\/onlinelotto365.com\/fi\/wp-json\/wp\/v2\/media?parent=80537"}],"curies":[{"name":"wp","href":"https:\/\/api.w.org\/{rel}","templated":true}]}}