{"id":80570,"date":"2022-11-21T13:26:01","date_gmt":"2022-11-21T12:26:01","guid":{"rendered":"https:\/\/onlinelotto365.com\/?page_id=80570"},"modified":"2022-11-21T13:26:01","modified_gmt":"2022-11-21T12:26:01","slug":"saturday-lotto-australia","status":"publish","type":"page","link":"https:\/\/onlinelotto365.com\/fi\/osta-lippuja\/saturday-lotto-australia\/","title":{"rendered":"Kuinka ostaa lauantailottoja Australiassa verkossa"},"content":{"rendered":"<p>Jos et ollut aivan varma, miten ostaa lauantailottoja Australiassa netist\u00e4, haluat tutustua t\u00e4h\u00e4n vaiheittaiseen oppaaseen, joka on suunniteltu auttamaan sinua p\u00e4\u00e4sem\u00e4\u00e4n nopeasti perille. Sinun ei tarvitse huolehtia mist\u00e4\u00e4n, koska me autamme sinua.<br \/>\n<a href=\"https:\/\/redfoxlotto.com\/play\/saturday-lotto-au\/?ref=a8564250a2&amp;medium=ol365\" target=\"_blank\" rel=\"noopener noreferrer\"><img decoding=\"async\" class=\"aligncenter\" src=\"https:\/\/redfoxlotto.com\/image?size=8&amp;lottery=saturday-lotto-au\" alt=\"Lauantai Lotto Australia\" \/><\/a><\/p>\n<ul>\n<li>Siirry lauantailoton Australian sivulle ja valitse numerot, joita haluat pelata kullakin lipulla.<\/li>\n<li>Lis\u00e4\u00e4 lis\u00e4\u00e4 lippuja samaan peliin tai eri peleihin<\/li>\n<li>Siirry maksa nyt -vaihtoehtoon<\/li>\n<li>Kirjaudu nykyiselle tilillesi tai valitse vaihtoehto uuden tilin rekister\u00f6imiseksi ja noudata kehotteita.<\/li>\n<li>Jos kyseess\u00e4 on uusi tili, tarkista s\u00e4hk\u00f6postilaatikkosi vahvistuss\u00e4hk\u00f6postiviesti, jossa on vahvistuslinkki.<\/li>\n<li>Tarkista roskapostikansiosi, jos et n\u00e4e vahvistuss\u00e4hk\u00f6postia, ja napsauta linkki\u00e4.<\/li>\n<li>Siirry ostoskoriin<\/li>\n<li>Valitse haluamasi maksutapa ja k\u00e4y l\u00e4pi maksuprosessi.<\/li>\n<\/ul>\n<h2>Miten maksat lauantailoton Australian lipun verkossa?<\/h2>\n<p>Voit k\u00e4ytt\u00e4\u00e4 yht\u00e4 monista eri turvallisista maksuvaihtoehdoista, kun olet valmis ostamaan seuraavat lottokupongit meilt\u00e4 Suomesta.<br \/>\nValitse n\u00e4ist\u00e4 eri vaihtoehdoista:<\/p>\n<p>Maksa tilaus suoraan haluamasi maksutavan kautta<br \/>\nLaita rahaa tilillesi ja k\u00e4yt\u00e4 sit\u00e4 lippuostokseen<\/p>\n<p>Varmista, ett\u00e4 lis\u00e4\u00e4t enemm\u00e4n kuin tarpeeksi rahaa ostosta varten, jos p\u00e4\u00e4t\u00e4t laittaa rahaa tilillesi.<\/p>\n<h2>Lis\u00e4tietoja Saturday Lotto Australia<\/h2>\n<ul>\n<li>Maa: Australia<\/li>\n<li>T\u00e4rkeimm\u00e4t numerot: 45<\/li>\n<li>Sinun valintasi: 6<\/li>\n<li>Arvontap\u00e4iv\u00e4t, tunnit: Lauantai, 21:30 GMT+11, 10:30 CET<\/li>\n<li>Pienin j\u00e4ttipotti: AU$ 5 miljoonaa<\/li>\n<li>Suurin j\u00e4ttipotti: AU$ 150 miljoonaa<\/li>\n<li>Todenn\u00e4k\u00f6isyys voittaa j\u00e4ttipotti: 1:8145060.<\/li>\n<li>Todenn\u00e4k\u00f6isyys tason 2 voittoon: 1:678755<\/li>\n<li>Todenn\u00e4k\u00f6isyys voittaa mill\u00e4 tahansa tasolla: 1:85,44.<\/li>\n<li>Palkintotasojen m\u00e4\u00e4r\u00e4: 6<\/li>\n<\/ul>\n<h2>Lauantailotto Australia -lottokuponkien ostamisen edut verkossa<\/h2>\n<ul>\n<li>Saat haluamasi liput, eik\u00e4 sinun tarvitse k\u00e4vell\u00e4 ovesta ulos.<\/li>\n<li>Voit valita monista eri lottopeleist\u00e4.<\/li>\n<li>Saat paremmat voittomahdollisuudet valitsemalla suurimmat j\u00e4ttipotit.<\/li>\n<li>Laita rahasi tilille ja maksa sitten lippusi.<\/li>\n<li>Pid\u00e4 lippusi helposti hallinnassa<\/li>\n<li>Saat voittoilmoitukset joka kerta<\/li>\n<li>K\u00e4yt\u00e4 pikavalintaa saadaksesi lippuja ilman numeroiden valitsemista<\/li>\n<\/ul>\n<h2>Onko laillista ostaa Saturday Lotto Australia -lippuja netist\u00e4?<\/h2>\n<p>Saatat olla hermostunut siit\u00e4, onko lottokuponkien ostaminen t\u00e4ll\u00e4 tavalla Suomessa asuessasi todella laillista asuinmaassasi. No, sinun ei tarvitse olla huolissasi, koska me huolehdimme siit\u00e4, ett\u00e4 kaikki on laillista sen maan mukaan, josta liput ostetaan, mukaan lukien maa, jossa lotto sijaitsee. Sinun ei tarvitse huolehtia mist\u00e4\u00e4n muusta kuin siit\u00e4, ett\u00e4 olet tarpeeksi vanha ostamaan liput. Sinun on oltava 18-vuotias voidaksesi k\u00e4ytt\u00e4\u00e4 verkkosivustoamme.<\/p>\n<h2>Miten minulle maksetaan, jos voitan Saturday Lotto Australian verkossa?<\/h2>\n<p><img loading=\"lazy\" decoding=\"async\" class=\"alignright wp-image-3694\" src=\"https:\/\/onlinelotto365.com\/wp-content\/uploads\/2020\/11\/online_lottery-11-300x300.jpeg\" alt=\"ostaa lippuja lauantai lotto verkossa\" width=\"187\" height=\"187\" srcset=\"https:\/\/onlinelotto365.com\/wp-content\/uploads\/2020\/11\/online_lottery-11-300x300.jpeg 300w, https:\/\/onlinelotto365.com\/wp-content\/uploads\/2020\/11\/online_lottery-11-100x100.jpeg 100w, https:\/\/onlinelotto365.com\/wp-content\/uploads\/2020\/11\/online_lottery-11-150x150.jpeg 150w, https:\/\/onlinelotto365.com\/wp-content\/uploads\/2020\/11\/online_lottery-11.jpeg 480w\" sizes=\"auto, (max-width: 187px) 100vw, 187px\" \/><br \/>\nTied\u00e4mme, ettet halua kenenk\u00e4\u00e4n ottavan osuutta voitoistasi, ja siksi pid\u00e4mme huolen siit\u00e4, ett\u00e4 n\u00e4in ei tapahdu. Et koskaan maksa meille palkkiota, kun voitat suosikkilottopelej\u00e4si. Sinun ei my\u00f6sk\u00e4\u00e4n tarvitse huolehtia siit\u00e4, ett\u00e4 maksat meille palkkiota voitoista.<\/p>\n<p>Ainoa kerta, kun maksat palkkiota, on jos p\u00e4\u00e4t\u00e4t tallettaa lottovoittosi pankkisiirrolla, esimerkiksi pankkiin Suomessa. N\u00e4m\u00e4 tilisiirrot voivat joskus maksaa meille maksuja, koska pankit veloittavat kansainv\u00e4lisist\u00e4 siirroista. T\u00e4m\u00e4 maksu saatetaan siirt\u00e4\u00e4 sinulle ja ottaa pois saamistasi voitoista.<br \/>\n<strong>Kun on kyse maksun saamisesta, sinun on vain muistettava:<\/strong><\/p>\n<ul>\n<li>Alle 2500 euron maksut laitetaan tilillesi. Sinun ei tarvitse tehd\u00e4 mit\u00e4\u00e4n, koska me hoidamme kaiken puolestasi.<\/li>\n<li>Yli 2500 euron maksut maksetaan pankkisiirrolla tai shekill\u00e4. Tukitiimimme ottaa sinuun yhteytt\u00e4 ja pyyt\u00e4\u00e4 sinua t\u00e4ytt\u00e4m\u00e4\u00e4n lomakkeen, jonka avulla tied\u00e4mme, miten saamme rahat sinulle. Sitten sinun tarvitsee vain odottaa muutaman p\u00e4iv\u00e4n, ett\u00e4 rahat ovat perill\u00e4.<\/li>\n<\/ul>\n","protected":false},"excerpt":{"rendered":"<p>Jos et ollut aivan varma, miten ostaa lauantailottoja Australiassa netist\u00e4, haluat tutustua t\u00e4h\u00e4n vaiheittaiseen oppaaseen, joka on suunniteltu auttamaan sinua p\u00e4\u00e4sem\u00e4\u00e4n nopeasti perille. Sinun ei tarvitse huolehtia mist\u00e4\u00e4n, koska me autamme sinua. Siirry lauantailoton Australian sivulle ja valitse numerot, joita haluat pelata kullakin lipulla. Lis\u00e4\u00e4 lis\u00e4\u00e4 lippuja samaan peliin tai eri peleihin Siirry maksa nyt [&hellip;]<\/p>\n","protected":false},"author":1,"featured_media":0,"parent":5577,"menu_order":15,"comment_status":"closed","ping_status":"closed","template":"saturday-lotto-info.php","meta":{"_et_pb_use_builder":"","_et_pb_old_content":"","_et_gb_content_width":"","exclude_from_search":false,"footnotes":""},"class_list":["post-80570","page","type-page","status-publish","hentry"],"yoast_head":"<!-- This site is optimized with the Yoast SEO plugin v23.4 - https:\/\/yoast.com\/wordpress\/plugins\/seo\/ -->\n<title>Miten saada lippuja Saturday Lotto Australiaan, jos asut Suomessa<\/title>\n<meta name=\"description\" content=\"Suomessa asuvat voivat nyt ostaa lippuja lauantailottoon Australiaan\" \/>\n<meta name=\"robots\" content=\"index, follow, max-snippet:-1, max-image-preview:large, max-video-preview:-1\" \/>\n<link rel=\"canonical\" href=\"https:\/\/onlinelotto365.com\/fi\/osta-lippuja\/saturday-lotto-australia\/\" \/>\n<meta property=\"og:locale\" content=\"fi_FI\" \/>\n<meta property=\"og:type\" content=\"article\" \/>\n<meta property=\"og:title\" content=\"Miten saada lippuja Saturday Lotto Australiaan, jos asut Suomessa\" \/>\n<meta property=\"og:description\" content=\"Suomessa asuvat voivat nyt ostaa lippuja lauantailottoon Australiaan\" \/>\n<meta property=\"og:url\" content=\"https:\/\/onlinelotto365.com\/fi\/osta-lippuja\/saturday-lotto-australia\/\" \/>\n<meta property=\"og:site_name\" content=\"OnlineLotto365\" \/>\n<meta property=\"og:image\" content=\"https:\/\/redfoxlotto.com\/image?size=8&amp;lottery=saturday-lotto-au\" \/>\n<meta name=\"twitter:card\" content=\"summary_large_image\" \/>\n<meta name=\"twitter:label1\" content=\"Arvioitu lukuaika\" \/>\n\t<meta name=\"twitter:data1\" content=\"3 minuuttia\" \/>\n<script type=\"application\/ld+json\" class=\"yoast-schema-graph\">{\"@context\":\"https:\/\/schema.org\",\"@graph\":[{\"@type\":\"WebPage\",\"@id\":\"https:\/\/onlinelotto365.com\/fi\/osta-lippuja\/saturday-lotto-australia\/\",\"url\":\"https:\/\/onlinelotto365.com\/fi\/osta-lippuja\/saturday-lotto-australia\/\",\"name\":\"Miten saada lippuja Saturday Lotto Australiaan, jos asut Suomessa\",\"isPartOf\":{\"@id\":\"https:\/\/onlinelotto365.com\/fi\/#website\"},\"primaryImageOfPage\":{\"@id\":\"https:\/\/onlinelotto365.com\/fi\/osta-lippuja\/saturday-lotto-australia\/#primaryimage\"},\"image\":{\"@id\":\"https:\/\/onlinelotto365.com\/fi\/osta-lippuja\/saturday-lotto-australia\/#primaryimage\"},\"thumbnailUrl\":\"https:\/\/redfoxlotto.com\/image?size=8&amp;lottery=saturday-lotto-au\",\"datePublished\":\"2022-11-21T12:26:01+00:00\",\"dateModified\":\"2022-11-21T12:26:01+00:00\",\"description\":\"Suomessa asuvat voivat nyt ostaa lippuja lauantailottoon Australiaan\",\"breadcrumb\":{\"@id\":\"https:\/\/onlinelotto365.com\/fi\/osta-lippuja\/saturday-lotto-australia\/#breadcrumb\"},\"inLanguage\":\"fi\",\"potentialAction\":[{\"@type\":\"ReadAction\",\"target\":[\"https:\/\/onlinelotto365.com\/fi\/osta-lippuja\/saturday-lotto-australia\/\"]}]},{\"@type\":\"ImageObject\",\"inLanguage\":\"fi\",\"@id\":\"https:\/\/onlinelotto365.com\/fi\/osta-lippuja\/saturday-lotto-australia\/#primaryimage\",\"url\":\"https:\/\/redfoxlotto.com\/image?size=8&amp;lottery=saturday-lotto-au\",\"contentUrl\":\"https:\/\/redfoxlotto.com\/image?size=8&amp;lottery=saturday-lotto-au\"},{\"@type\":\"BreadcrumbList\",\"@id\":\"https:\/\/onlinelotto365.com\/fi\/osta-lippuja\/saturday-lotto-australia\/#breadcrumb\",\"itemListElement\":[{\"@type\":\"ListItem\",\"position\":1,\"name\":\"Home\",\"item\":\"https:\/\/onlinelotto365.com\/fi\/\"},{\"@type\":\"ListItem\",\"position\":2,\"name\":\"Osta Lottoarpoja Verkosta\",\"item\":\"https:\/\/onlinelotto365.com\/fi\/osta-lippuja\/\"},{\"@type\":\"ListItem\",\"position\":3,\"name\":\"Kuinka ostaa lauantailottoja Australiassa verkossa\"}]},{\"@type\":\"WebSite\",\"@id\":\"https:\/\/onlinelotto365.com\/fi\/#website\",\"url\":\"https:\/\/onlinelotto365.com\/fi\/\",\"name\":\"OnlineLotto365\",\"description\":\"\",\"potentialAction\":[{\"@type\":\"SearchAction\",\"target\":{\"@type\":\"EntryPoint\",\"urlTemplate\":\"https:\/\/onlinelotto365.com\/fi\/?s={search_term_string}\"},\"query-input\":{\"@type\":\"PropertyValueSpecification\",\"valueRequired\":true,\"valueName\":\"search_term_string\"}}],\"inLanguage\":\"fi\"}]}<\/script>\n<!-- \/ Yoast SEO plugin. -->","yoast_head_json":{"title":"Miten saada lippuja Saturday Lotto Australiaan, jos asut Suomessa","description":"Suomessa asuvat voivat nyt ostaa lippuja lauantailottoon Australiaan","robots":{"index":"index","follow":"follow","max-snippet":"max-snippet:-1","max-image-preview":"max-image-preview:large","max-video-preview":"max-video-preview:-1"},"canonical":"https:\/\/onlinelotto365.com\/fi\/osta-lippuja\/saturday-lotto-australia\/","og_locale":"fi_FI","og_type":"article","og_title":"Miten saada lippuja Saturday Lotto Australiaan, jos asut Suomessa","og_description":"Suomessa asuvat voivat nyt ostaa lippuja lauantailottoon Australiaan","og_url":"https:\/\/onlinelotto365.com\/fi\/osta-lippuja\/saturday-lotto-australia\/","og_site_name":"OnlineLotto365","og_image":[{"url":"https:\/\/redfoxlotto.com\/image?size=8&amp;lottery=saturday-lotto-au"}],"twitter_card":"summary_large_image","twitter_misc":{"Arvioitu lukuaika":"3 minuuttia"},"schema":{"@context":"https:\/\/schema.org","@graph":[{"@type":"WebPage","@id":"https:\/\/onlinelotto365.com\/fi\/osta-lippuja\/saturday-lotto-australia\/","url":"https:\/\/onlinelotto365.com\/fi\/osta-lippuja\/saturday-lotto-australia\/","name":"Miten saada lippuja Saturday Lotto Australiaan, jos asut Suomessa","isPartOf":{"@id":"https:\/\/onlinelotto365.com\/fi\/#website"},"primaryImageOfPage":{"@id":"https:\/\/onlinelotto365.com\/fi\/osta-lippuja\/saturday-lotto-australia\/#primaryimage"},"image":{"@id":"https:\/\/onlinelotto365.com\/fi\/osta-lippuja\/saturday-lotto-australia\/#primaryimage"},"thumbnailUrl":"https:\/\/redfoxlotto.com\/image?size=8&amp;lottery=saturday-lotto-au","datePublished":"2022-11-21T12:26:01+00:00","dateModified":"2022-11-21T12:26:01+00:00","description":"Suomessa asuvat voivat nyt ostaa lippuja lauantailottoon Australiaan","breadcrumb":{"@id":"https:\/\/onlinelotto365.com\/fi\/osta-lippuja\/saturday-lotto-australia\/#breadcrumb"},"inLanguage":"fi","potentialAction":[{"@type":"ReadAction","target":["https:\/\/onlinelotto365.com\/fi\/osta-lippuja\/saturday-lotto-australia\/"]}]},{"@type":"ImageObject","inLanguage":"fi","@id":"https:\/\/onlinelotto365.com\/fi\/osta-lippuja\/saturday-lotto-australia\/#primaryimage","url":"https:\/\/redfoxlotto.com\/image?size=8&amp;lottery=saturday-lotto-au","contentUrl":"https:\/\/redfoxlotto.com\/image?size=8&amp;lottery=saturday-lotto-au"},{"@type":"BreadcrumbList","@id":"https:\/\/onlinelotto365.com\/fi\/osta-lippuja\/saturday-lotto-australia\/#breadcrumb","itemListElement":[{"@type":"ListItem","position":1,"name":"Home","item":"https:\/\/onlinelotto365.com\/fi\/"},{"@type":"ListItem","position":2,"name":"Osta Lottoarpoja Verkosta","item":"https:\/\/onlinelotto365.com\/fi\/osta-lippuja\/"},{"@type":"ListItem","position":3,"name":"Kuinka ostaa lauantailottoja Australiassa verkossa"}]},{"@type":"WebSite","@id":"https:\/\/onlinelotto365.com\/fi\/#website","url":"https:\/\/onlinelotto365.com\/fi\/","name":"OnlineLotto365","description":"","potentialAction":[{"@type":"SearchAction","target":{"@type":"EntryPoint","urlTemplate":"https:\/\/onlinelotto365.com\/fi\/?s={search_term_string}"},"query-input":{"@type":"PropertyValueSpecification","valueRequired":true,"valueName":"search_term_string"}}],"inLanguage":"fi"}]}},"_links":{"self":[{"href":"https:\/\/onlinelotto365.com\/fi\/wp-json\/wp\/v2\/pages\/80570","targetHints":{"allow":["GET"]}}],"collection":[{"href":"https:\/\/onlinelotto365.com\/fi\/wp-json\/wp\/v2\/pages"}],"about":[{"href":"https:\/\/onlinelotto365.com\/fi\/wp-json\/wp\/v2\/types\/page"}],"author":[{"embeddable":true,"href":"https:\/\/onlinelotto365.com\/fi\/wp-json\/wp\/v2\/users\/1"}],"replies":[{"embeddable":true,"href":"https:\/\/onlinelotto365.com\/fi\/wp-json\/wp\/v2\/comments?post=80570"}],"version-history":[{"count":0,"href":"https:\/\/onlinelotto365.com\/fi\/wp-json\/wp\/v2\/pages\/80570\/revisions"}],"up":[{"embeddable":true,"href":"https:\/\/onlinelotto365.com\/fi\/wp-json\/wp\/v2\/pages\/5577"}],"wp:attachment":[{"href":"https:\/\/onlinelotto365.com\/fi\/wp-json\/wp\/v2\/media?parent=80570"}],"curies":[{"name":"wp","href":"https:\/\/api.w.org\/{rel}","templated":true}]}}