{"id":80595,"date":"2022-11-22T07:38:12","date_gmt":"2022-11-22T06:38:12","guid":{"rendered":"https:\/\/onlinelotto365.com\/?page_id=80595"},"modified":"2022-11-22T07:38:12","modified_gmt":"2022-11-22T06:38:12","slug":"mon-wed-lotto","status":"publish","type":"page","link":"https:\/\/onlinelotto365.com\/fi\/osta-lippuja\/mon-wed-lotto\/","title":{"rendered":"Miten ostaa Mon &#038; Wed Lotto Australia lippuja verkossa?"},"content":{"rendered":"<p>Olemme kirjoittaneet eri vaiheet, joita sinun on noudatettava, jos haluat ostaa Mon &amp; Wed Lotto Australia -lippuja verkkosivustoltamme. Se on yksinkertaista ja helppoa, ja kun k\u00e4yt n\u00e4m\u00e4 vaiheet l\u00e4pi, huomaat, ett\u00e4 lippusi ovat nopeasti valmiina.<br \/>\n<a href=\"https:\/\/redfoxlotto.com\/play\/monday-wednesday-lotto-au\/?ref=a8564250a2&amp;medium=ol365\" target=\"_blank\" rel=\"noopener noreferrer\"><img decoding=\"async\" class=\"aligncenter\" src=\"https:\/\/redfoxlotto.com\/image?size=8&amp;lottery=monday-wednesday-lotto-au\" alt=\"Mon &amp; Wed Lotto Australia\" \/><\/a><\/p>\n<ul>\n<li>Siirry sen loton sivulle, jota haluat pelata, ja valitse numerot, joita aiot pelata kullakin lipulla.<\/li>\n<li>Lis\u00e4\u00e4 niin monta lippua t\u00e4h\u00e4n tai mihin tahansa muuhun peliin kuin haluat tilauksen luomiseksi.<\/li>\n<li>Valitse vaihtoehto maksaa nyt<\/li>\n<li>Kirjaudu nykyiselle tilillesi tai k\u00e4y l\u00e4pi uuden tilin luominen ja rekister\u00f6intiprosessi<\/li>\n<li>Mene s\u00e4hk\u00f6postiisi saadaksesi vahvistuslinkin, jonka avulla voit rekister\u00f6id\u00e4 tilisi ja tehd\u00e4 ostoksen.<\/li>\n<li>Tarkista roskapostikansiostasi, onko s\u00e4hk\u00f6posti l\u00e4hetetty sinne vahingossa, jos et n\u00e4e sit\u00e4 postilaatikossasi.<\/li>\n<li>K\u00e4y l\u00e4pi kassaprosessi ostoskorissasi.<\/li>\n<li>Valitse haluamasi maksutapa ja noudata ohjeita maksun suorittamiseksi.<\/li>\n<\/ul>\n<h2>Miten maksat Mon &amp; Wed Lotto Australia -lottokupongin verkossa?<\/h2>\n<p>Maksun suorittamisessa sinulla on useita erilaisia t\u00e4ysin turvallisia vaihtoehtoja. Sinun tarvitsee vain vilkaista t\u00e4\u00e4lt\u00e4 ja katsoa, mitk\u00e4 n\u00e4ist\u00e4 vaihtoehdoista ovat.<br \/>\nHanki lippusi valitsemalla toinen kahdesta vaihtoehdosta:<\/p>\n<p>Maksa suoraan valitsemallasi maksutavalla<br \/>\nLis\u00e4\u00e4 rahaa pelitilille ja k\u00e4yt\u00e4 t\u00e4t\u00e4 tili\u00e4 lippujen ostamiseen.<\/p>\n<p>\u00c4l\u00e4 tee sit\u00e4 virhett\u00e4, ett\u00e4 laitat tilillesi liian v\u00e4h\u00e4n rahaa lippujen maksamiseen. Tarvitset hieman enemm\u00e4n kuin ostoskorisi summa.<\/p>\n<h2>Lis\u00e4tietoja Mon &amp; Wed Lotto Australia<\/h2>\n<ul>\n<li>Maa: Australia<\/li>\n<li>T\u00e4rkeimm\u00e4t numerot: 45<\/li>\n<li>Sinun valintasi: 6<\/li>\n<li>Arvontap\u00e4iv\u00e4t, tunnit: Maanantai, keskiviikko, 21:30 GMT+11, 10:30 CET<\/li>\n<li>Pienin j\u00e4ttipotti: AU$ 2,5 miljoonaa<\/li>\n<li>Suurin j\u00e4ttipotti: kiinte\u00e4 j\u00e4ttipotti<\/li>\n<li>Todenn\u00e4k\u00f6isyys voittaa j\u00e4ttipotti: 1:8145060:st\u00e4.<\/li>\n<li>Todenn\u00e4k\u00f6isyys tason 2 voittoon: 1:678755<\/li>\n<li>Todenn\u00e4k\u00f6isyys voittaa mill\u00e4 tahansa tasolla: 1:85,44:st\u00e4<\/li>\n<li>Palkintotasojen m\u00e4\u00e4r\u00e4: 6<\/li>\n<\/ul>\n<h2>Etuja ostettaessa Mon &amp; Wed Lotto Australia -lottokuponkeja netist\u00e4<\/h2>\n<ul>\n<li>Hanki lottokuponkeja kotoa k\u00e4sin, ilman ett\u00e4 sinun tarvitsee huolehtia ulosmenosta.<\/li>\n<li>Valitse kaikista suosikkilipuista ja viel\u00e4 useammasta muustakin<\/li>\n<li>Saat paremmat kertoimet valitsemalla pelej\u00e4, joissa on suurimmat j\u00e4ttipotit<\/li>\n<li>K\u00e4yt\u00e4 tilisi saldoa lippujen ostamiseen tallettamalla rahaa<\/li>\n<li>Seuraa lippujasi verkkotilin kautta<\/li>\n<li>Saat ilmoituksia aina, kun sinulla on voittava lippu<\/li>\n<li>K\u00e4yt\u00e4 satunnaislukugeneraattoria valitsemaan lippuja puolestasi.<\/li>\n<\/ul>\n<h2>Onko laillista ostaa Mon &amp; Wed Lotto Australia -lippuja verkossa?<\/h2>\n<p>Monet ihmiset pelk\u00e4\u00e4v\u00e4t, ett\u00e4 lippujen ostaminen verkosta on laitonta tai ett\u00e4 perinteisell\u00e4 tavalla ostaminen saattaa olla laitonta heid\u00e4n kotimaassaan. No, me varmistamme, ett\u00e4 kaikkia s\u00e4\u00e4nn\u00f6ksi\u00e4 noudatetaan siin\u00e4 maassa, josta itse lotto on per\u00e4isin. Varmistamme, ett\u00e4 saat my\u00f6s lottovoittosi. Voititpa sitten pienen tai suuren palkinnon, me autamme sinua saamaan sen, mit\u00e4 etsit ja mihin olet oikeutettu.<br \/>\nKaikkien verkkosivustomme k\u00e4ytt\u00e4jien on oltava v\u00e4hint\u00e4\u00e4n 18-vuotiaita.<\/p>\n<h2>Miten minulle maksetaan, jos voitan Mon &amp; Wed Lotto Australia -nettiloton?<\/h2>\n<p><img loading=\"lazy\" decoding=\"async\" class=\"alignright wp-image-3685\" src=\"https:\/\/onlinelotto365.com\/wp-content\/uploads\/2020\/11\/online_lottery-4-300x192.jpeg\" alt=\"mon wed lotto australia online\" width=\"255\" height=\"163\" srcset=\"https:\/\/onlinelotto365.com\/wp-content\/uploads\/2020\/11\/online_lottery-4-300x192.jpeg 300w, https:\/\/onlinelotto365.com\/wp-content\/uploads\/2020\/11\/online_lottery-4-600x383.jpeg 600w, https:\/\/onlinelotto365.com\/wp-content\/uploads\/2020\/11\/online_lottery-4.jpeg 751w\" sizes=\"auto, (max-width: 255px) 100vw, 255px\" \/><br \/>\nVoittojen saaminen asiakkaillemme on prosessin t\u00e4rkein osa, ja teemme sen varmistamalla, ettei v\u00e4lityspalkkioita ole. Sinun ei tarvitse huolehtia siit\u00e4, ett\u00e4 otamme mit\u00e4\u00e4n pois voitoistasi, ellet halua tehd\u00e4 pankkisiirtoa.<br \/>\nT\u00e4m\u00e4 maksutapa, varsinkin kun se tehd\u00e4\u00e4n kansainv\u00e4lisen\u00e4 maksutapahtumana, voi maksaa meille, kun pankki perii maksuja. Jos n\u00e4in tapahtuu, kustannukset voidaan siirt\u00e4\u00e4 sinulle ja ottaa pois voitoistasi.<br \/>\nMaksut suoritetaan kahdella eri tavalla.<\/p>\n<ul>\n<li>Maksut, jotka ovat alle 2500 euron suuruisia, suoritetaan ilman sinun panostasi. Tiimimme huolehtii siit\u00e4, ett\u00e4 rahat tulevat suoraan tilillesi.<\/li>\n<li>Yli 2500 euron voittosummat k\u00e4sitell\u00e4\u00e4n eri tavalla. N\u00e4m\u00e4 summat on k\u00e4sitelt\u00e4v\u00e4 lottokomission kanssa, mik\u00e4 tarkoittaa, ett\u00e4 tarvitsemme t\u00e4ytetyn hakulomakkeen. L\u00e4het\u00e4mme lomakkeen sinulle, ja sinun tarvitsee vain t\u00e4ytt\u00e4\u00e4 se ja ilmoittaa meille, haluatko rahasi pankkisiirtona vai shekill\u00e4.<\/li>\n<\/ul>\n","protected":false},"excerpt":{"rendered":"<p>Olemme kirjoittaneet eri vaiheet, joita sinun on noudatettava, jos haluat ostaa Mon &amp; Wed Lotto Australia -lippuja verkkosivustoltamme. Se on yksinkertaista ja helppoa, ja kun k\u00e4yt n\u00e4m\u00e4 vaiheet l\u00e4pi, huomaat, ett\u00e4 lippusi ovat nopeasti valmiina. Siirry sen loton sivulle, jota haluat pelata, ja valitse numerot, joita aiot pelata kullakin lipulla. Lis\u00e4\u00e4 niin monta lippua t\u00e4h\u00e4n [&hellip;]<\/p>\n","protected":false},"author":1,"featured_media":0,"parent":5577,"menu_order":16,"comment_status":"closed","ping_status":"closed","template":"template-rightsidebar.php","meta":{"_et_pb_use_builder":"","_et_pb_old_content":"","_et_gb_content_width":"","exclude_from_search":false,"footnotes":""},"class_list":["post-80595","page","type-page","status-publish","hentry"],"yoast_head":"<!-- This site is optimized with the Yoast SEO plugin v23.4 - https:\/\/yoast.com\/wordpress\/plugins\/seo\/ -->\n<title>Online lipun osto Mon &amp; Wed Lotto Australia<\/title>\n<meta name=\"description\" content=\"Riippumatta siit\u00e4, miss\u00e4 asut, ja riippumatta siit\u00e4, mit\u00e4 etsit, voit ostaa Mon &amp; Wed Lotto Australia -lippuja t\u00e4\u00e4lt\u00e4!\" \/>\n<meta name=\"robots\" content=\"index, follow, max-snippet:-1, max-image-preview:large, max-video-preview:-1\" \/>\n<link rel=\"canonical\" href=\"https:\/\/onlinelotto365.com\/fi\/osta-lippuja\/mon-wed-lotto\/\" \/>\n<meta property=\"og:locale\" content=\"fi_FI\" \/>\n<meta property=\"og:type\" content=\"article\" \/>\n<meta property=\"og:title\" content=\"Online lipun osto Mon &amp; Wed Lotto Australia\" \/>\n<meta property=\"og:description\" content=\"Riippumatta siit\u00e4, miss\u00e4 asut, ja riippumatta siit\u00e4, mit\u00e4 etsit, voit ostaa Mon &amp; Wed Lotto Australia -lippuja t\u00e4\u00e4lt\u00e4!\" \/>\n<meta property=\"og:url\" content=\"https:\/\/onlinelotto365.com\/fi\/osta-lippuja\/mon-wed-lotto\/\" \/>\n<meta property=\"og:site_name\" content=\"OnlineLotto365\" \/>\n<meta property=\"og:image\" content=\"https:\/\/redfoxlotto.com\/image?size=8&amp;lottery=monday-wednesday-lotto-au\" \/>\n<meta name=\"twitter:card\" content=\"summary_large_image\" \/>\n<meta name=\"twitter:label1\" content=\"Arvioitu lukuaika\" \/>\n\t<meta name=\"twitter:data1\" content=\"3 minuuttia\" \/>\n<script type=\"application\/ld+json\" class=\"yoast-schema-graph\">{\"@context\":\"https:\/\/schema.org\",\"@graph\":[{\"@type\":\"WebPage\",\"@id\":\"https:\/\/onlinelotto365.com\/fi\/osta-lippuja\/mon-wed-lotto\/\",\"url\":\"https:\/\/onlinelotto365.com\/fi\/osta-lippuja\/mon-wed-lotto\/\",\"name\":\"Online lipun osto Mon & Wed Lotto Australia\",\"isPartOf\":{\"@id\":\"https:\/\/onlinelotto365.com\/fi\/#website\"},\"primaryImageOfPage\":{\"@id\":\"https:\/\/onlinelotto365.com\/fi\/osta-lippuja\/mon-wed-lotto\/#primaryimage\"},\"image\":{\"@id\":\"https:\/\/onlinelotto365.com\/fi\/osta-lippuja\/mon-wed-lotto\/#primaryimage\"},\"thumbnailUrl\":\"https:\/\/redfoxlotto.com\/image?size=8&amp;lottery=monday-wednesday-lotto-au\",\"datePublished\":\"2022-11-22T06:38:12+00:00\",\"dateModified\":\"2022-11-22T06:38:12+00:00\",\"description\":\"Riippumatta siit\u00e4, miss\u00e4 asut, ja riippumatta siit\u00e4, mit\u00e4 etsit, voit ostaa Mon & Wed Lotto Australia -lippuja t\u00e4\u00e4lt\u00e4!\",\"breadcrumb\":{\"@id\":\"https:\/\/onlinelotto365.com\/fi\/osta-lippuja\/mon-wed-lotto\/#breadcrumb\"},\"inLanguage\":\"fi\",\"potentialAction\":[{\"@type\":\"ReadAction\",\"target\":[\"https:\/\/onlinelotto365.com\/fi\/osta-lippuja\/mon-wed-lotto\/\"]}]},{\"@type\":\"ImageObject\",\"inLanguage\":\"fi\",\"@id\":\"https:\/\/onlinelotto365.com\/fi\/osta-lippuja\/mon-wed-lotto\/#primaryimage\",\"url\":\"https:\/\/redfoxlotto.com\/image?size=8&amp;lottery=monday-wednesday-lotto-au\",\"contentUrl\":\"https:\/\/redfoxlotto.com\/image?size=8&amp;lottery=monday-wednesday-lotto-au\"},{\"@type\":\"BreadcrumbList\",\"@id\":\"https:\/\/onlinelotto365.com\/fi\/osta-lippuja\/mon-wed-lotto\/#breadcrumb\",\"itemListElement\":[{\"@type\":\"ListItem\",\"position\":1,\"name\":\"Home\",\"item\":\"https:\/\/onlinelotto365.com\/fi\/\"},{\"@type\":\"ListItem\",\"position\":2,\"name\":\"Osta Lottoarpoja Verkosta\",\"item\":\"https:\/\/onlinelotto365.com\/fi\/osta-lippuja\/\"},{\"@type\":\"ListItem\",\"position\":3,\"name\":\"Miten ostaa Mon &#038; Wed Lotto Australia lippuja verkossa?\"}]},{\"@type\":\"WebSite\",\"@id\":\"https:\/\/onlinelotto365.com\/fi\/#website\",\"url\":\"https:\/\/onlinelotto365.com\/fi\/\",\"name\":\"OnlineLotto365\",\"description\":\"\",\"potentialAction\":[{\"@type\":\"SearchAction\",\"target\":{\"@type\":\"EntryPoint\",\"urlTemplate\":\"https:\/\/onlinelotto365.com\/fi\/?s={search_term_string}\"},\"query-input\":{\"@type\":\"PropertyValueSpecification\",\"valueRequired\":true,\"valueName\":\"search_term_string\"}}],\"inLanguage\":\"fi\"}]}<\/script>\n<!-- \/ Yoast SEO plugin. -->","yoast_head_json":{"title":"Online lipun osto Mon & Wed Lotto Australia","description":"Riippumatta siit\u00e4, miss\u00e4 asut, ja riippumatta siit\u00e4, mit\u00e4 etsit, voit ostaa Mon & Wed Lotto Australia -lippuja t\u00e4\u00e4lt\u00e4!","robots":{"index":"index","follow":"follow","max-snippet":"max-snippet:-1","max-image-preview":"max-image-preview:large","max-video-preview":"max-video-preview:-1"},"canonical":"https:\/\/onlinelotto365.com\/fi\/osta-lippuja\/mon-wed-lotto\/","og_locale":"fi_FI","og_type":"article","og_title":"Online lipun osto Mon & Wed Lotto Australia","og_description":"Riippumatta siit\u00e4, miss\u00e4 asut, ja riippumatta siit\u00e4, mit\u00e4 etsit, voit ostaa Mon & Wed Lotto Australia -lippuja t\u00e4\u00e4lt\u00e4!","og_url":"https:\/\/onlinelotto365.com\/fi\/osta-lippuja\/mon-wed-lotto\/","og_site_name":"OnlineLotto365","og_image":[{"url":"https:\/\/redfoxlotto.com\/image?size=8&amp;lottery=monday-wednesday-lotto-au"}],"twitter_card":"summary_large_image","twitter_misc":{"Arvioitu lukuaika":"3 minuuttia"},"schema":{"@context":"https:\/\/schema.org","@graph":[{"@type":"WebPage","@id":"https:\/\/onlinelotto365.com\/fi\/osta-lippuja\/mon-wed-lotto\/","url":"https:\/\/onlinelotto365.com\/fi\/osta-lippuja\/mon-wed-lotto\/","name":"Online lipun osto Mon & Wed Lotto Australia","isPartOf":{"@id":"https:\/\/onlinelotto365.com\/fi\/#website"},"primaryImageOfPage":{"@id":"https:\/\/onlinelotto365.com\/fi\/osta-lippuja\/mon-wed-lotto\/#primaryimage"},"image":{"@id":"https:\/\/onlinelotto365.com\/fi\/osta-lippuja\/mon-wed-lotto\/#primaryimage"},"thumbnailUrl":"https:\/\/redfoxlotto.com\/image?size=8&amp;lottery=monday-wednesday-lotto-au","datePublished":"2022-11-22T06:38:12+00:00","dateModified":"2022-11-22T06:38:12+00:00","description":"Riippumatta siit\u00e4, miss\u00e4 asut, ja riippumatta siit\u00e4, mit\u00e4 etsit, voit ostaa Mon & Wed Lotto Australia -lippuja t\u00e4\u00e4lt\u00e4!","breadcrumb":{"@id":"https:\/\/onlinelotto365.com\/fi\/osta-lippuja\/mon-wed-lotto\/#breadcrumb"},"inLanguage":"fi","potentialAction":[{"@type":"ReadAction","target":["https:\/\/onlinelotto365.com\/fi\/osta-lippuja\/mon-wed-lotto\/"]}]},{"@type":"ImageObject","inLanguage":"fi","@id":"https:\/\/onlinelotto365.com\/fi\/osta-lippuja\/mon-wed-lotto\/#primaryimage","url":"https:\/\/redfoxlotto.com\/image?size=8&amp;lottery=monday-wednesday-lotto-au","contentUrl":"https:\/\/redfoxlotto.com\/image?size=8&amp;lottery=monday-wednesday-lotto-au"},{"@type":"BreadcrumbList","@id":"https:\/\/onlinelotto365.com\/fi\/osta-lippuja\/mon-wed-lotto\/#breadcrumb","itemListElement":[{"@type":"ListItem","position":1,"name":"Home","item":"https:\/\/onlinelotto365.com\/fi\/"},{"@type":"ListItem","position":2,"name":"Osta Lottoarpoja Verkosta","item":"https:\/\/onlinelotto365.com\/fi\/osta-lippuja\/"},{"@type":"ListItem","position":3,"name":"Miten ostaa Mon &#038; Wed Lotto Australia lippuja verkossa?"}]},{"@type":"WebSite","@id":"https:\/\/onlinelotto365.com\/fi\/#website","url":"https:\/\/onlinelotto365.com\/fi\/","name":"OnlineLotto365","description":"","potentialAction":[{"@type":"SearchAction","target":{"@type":"EntryPoint","urlTemplate":"https:\/\/onlinelotto365.com\/fi\/?s={search_term_string}"},"query-input":{"@type":"PropertyValueSpecification","valueRequired":true,"valueName":"search_term_string"}}],"inLanguage":"fi"}]}},"_links":{"self":[{"href":"https:\/\/onlinelotto365.com\/fi\/wp-json\/wp\/v2\/pages\/80595","targetHints":{"allow":["GET"]}}],"collection":[{"href":"https:\/\/onlinelotto365.com\/fi\/wp-json\/wp\/v2\/pages"}],"about":[{"href":"https:\/\/onlinelotto365.com\/fi\/wp-json\/wp\/v2\/types\/page"}],"author":[{"embeddable":true,"href":"https:\/\/onlinelotto365.com\/fi\/wp-json\/wp\/v2\/users\/1"}],"replies":[{"embeddable":true,"href":"https:\/\/onlinelotto365.com\/fi\/wp-json\/wp\/v2\/comments?post=80595"}],"version-history":[{"count":0,"href":"https:\/\/onlinelotto365.com\/fi\/wp-json\/wp\/v2\/pages\/80595\/revisions"}],"up":[{"embeddable":true,"href":"https:\/\/onlinelotto365.com\/fi\/wp-json\/wp\/v2\/pages\/5577"}],"wp:attachment":[{"href":"https:\/\/onlinelotto365.com\/fi\/wp-json\/wp\/v2\/media?parent=80595"}],"curies":[{"name":"wp","href":"https:\/\/api.w.org\/{rel}","templated":true}]}}