{"id":80641,"date":"2022-11-22T10:12:00","date_gmt":"2022-11-22T09:12:00","guid":{"rendered":"https:\/\/onlinelotto365.com\/?page_id=80641"},"modified":"2022-11-22T10:12:00","modified_gmt":"2022-11-22T09:12:00","slug":"euromillions","status":"publish","type":"page","link":"https:\/\/onlinelotto365.com\/fi\/osta-lippuja\/euromillions\/","title":{"rendered":"Miten ostaa Euromillions-lippuja verkossa"},"content":{"rendered":"<p>Haluatko ostaa EuroMillions-arpoja seuraavaa arvontakierrosta varten? Haluatko noutaa lippusi kokonaan netist\u00e4? Haluatko pelata arpajaisia, joita ei ole saatavilla Australiassa? Sitten sinun kannattaa tutustua tarkemmin t\u00e4h\u00e4n, jossa k\u00e4ymme l\u00e4pi asiaan liittyv\u00e4t vaiheet. Onneksesi alkuun p\u00e4\u00e4seminen on eritt\u00e4in helppoa.<a href=\"https:\/\/redfoxlotto.com\/play\/euromillions\/?ref=a8564250a2&amp;medium=ol365\" target=\"_blank\" rel=\"noopener noreferrer\"><img decoding=\"async\" class=\"aligncenter\" src=\"https:\/\/redfoxlotto.com\/image?size=8&amp;lottery=euromillions\" alt=\"euromillions\" \/><\/a><\/p>\n<ul>\n<li>Valitse lotto, jota haluat pelata, ja valitse numerot, joita haluat pelata, tai valitse pikavalinta, jotta tietokone valitsee ne puolestasi.<\/li>\n<li>Lis\u00e4\u00e4 viel\u00e4 lis\u00e4\u00e4 lottopelej\u00e4 ja lippuja kaikkiin peleihin my\u00f6s Australian ulkopuolella, jotta tilauksesi vastaa haluamiesi lippujen kokonaism\u00e4\u00e4r\u00e4\u00e4.<\/li>\n<li>Valitse maksa nyt -vaihtoehto<\/li>\n<li>Luo ja rekister\u00f6i tilisi tai kirjaudu olemassa olevalle j\u00e4sentilillesi ostaaksesi lippusi.<\/li>\n<li>Jos sinun t\u00e4ytyy rekister\u00f6ity\u00e4, tarkista, ett\u00e4 s\u00e4hk\u00f6postiisi tulee vahvistuslinkki, jotta voit viimeistell\u00e4 prosessin.<\/li>\n<li>Tarkkaile roskapostikansiota, jos s\u00e4hk\u00f6posti on l\u00e4hetetty sinne vahingossa.<\/li>\n<li>Vahvista s\u00e4hk\u00f6postiosoitteesi ja napsauta verkkosivuston ostoskoria.<\/li>\n<li>Valitse haluamasi maksutapa ja noudata sitten ohjeita lippujen maksamiseksi.<\/li>\n<\/ul>\n<h2>Miten maksat EuroMillions-lipun verkossa?<\/h2>\n<p>EuroMillions-lippujen maksaminen verkossa on helppoa, koska k\u00e4ytett\u00e4viss\u00e4 on paljon erilaisia turvallisia maksutapoja. Valitse vain haluamasi.<br \/>\nOsta ja maksa lippusi tekem\u00e4ll\u00e4 jompikumpi seuraavista tavoista:<\/p>\n<p>Maksa tilaus maksutilill\u00e4<br \/>\nLis\u00e4\u00e4 rahaa pelitilillesi ja osta liput pelitililt\u00e4si<\/p>\n<p>Niiden, jotka valitsevat rahan lis\u00e4\u00e4misen suoraan pelitililleen, sinun on vain varmistettava, ett\u00e4 sinulla on enemm\u00e4n kuin tarpeeksi rahaa k\u00e4ytett\u00e4viss\u00e4 tilaukseen, jonka aiot tehd\u00e4.<\/p>\n<h2>Lis\u00e4tietoja EuroMillionsista<\/h2>\n<ul>\n<li>Maa: Eurooppa<\/li>\n<li>T\u00e4rkeimm\u00e4t numerot: 50<\/li>\n<li>Sin\u00e4 valitset: 5<\/li>\n<li>Lis\u00e4numerot: 12<\/li>\n<li>Sin\u00e4 valitset: 2<\/li>\n<li>Arvontap\u00e4iv\u00e4t, tunnit: Tiistai, perjantai, 19:30 GMT, 20:30 CET<\/li>\n<li>V\u00e4himm\u00e4isj\u00e4ttipotti: 17 miljoonaa euroa<\/li>\n<li>Suurin j\u00e4ttipotti: 190 miljoonaa euroa<\/li>\n<li>Todenn\u00e4k\u00f6isyys voittaa j\u00e4ttipotti: 1:186450880:sta<\/li>\n<li>Todenn\u00e4k\u00f6isyys tason 2 voittoon: 1: 2118760<\/li>\n<li>Todenn\u00e4k\u00f6isyys voittaa mill\u00e4 tahansa tasolla: 1:12,98<\/li>\n<li>Palkintotasojen m\u00e4\u00e4r\u00e4: 13<\/li>\n<\/ul>\n<h2>EuroMillions-lippujen ostamisen edut verkossa<\/h2>\n<ul>\n<li>Sinun ei tarvitse l\u00e4hte\u00e4 kotoa saadaksesi haluamasi liput.<\/li>\n<li>Voit valita useista eri arpajaisista<\/li>\n<li>Saat paremmat voittomahdollisuudet valitsemalla pelej\u00e4, joissa on korkeammat j\u00e4ttipotit.<\/li>\n<li>Voit lis\u00e4t\u00e4 rahaa suoraan tilillesi ja k\u00e4ytt\u00e4\u00e4 sit\u00e4 lippujen ostamiseen.<\/li>\n<li>Et voi menett\u00e4\u00e4 lippuasi<\/li>\n<li>V\u00e4litt\u00f6m\u00e4t ilmoitukset voitoista<\/li>\n<li>Helppoja valintamahdollisuuksia satunnaislukujen generointiin<\/li>\n<\/ul>\n<h2>Onko EuroMillions-lippujen ostaminen netist\u00e4 laillista?<\/h2>\n<p>Olet ehk\u00e4 miettinyt, onko lottokuponkien ostaminen netist\u00e4 edes laillista, varsinkin jos asuinmaassasi on tiukat s\u00e4\u00e4nn\u00f6t. Hienoa on kuitenkin se, ett\u00e4 sinun ei tarvitse huolehtia mist\u00e4\u00e4n palvelumme avulla. Me hoidamme kaiken s\u00e4\u00e4nt\u00f6jen mukaisesti ja varmistamme, ett\u00e4 voititpa mit\u00e4 tahansa tai miss\u00e4 tahansa, voit saada palkintosi ja jopa voittaa j\u00e4ttipotin.<br \/>\nAinoa asia, joka sinun t\u00e4ytyy tehd\u00e4, on varmistaa, ett\u00e4 olet v\u00e4hint\u00e4\u00e4n 18-vuotias.<\/p>\n<h2>Miten saan maksun, jos voitan EuroMillionsin verkossa?<\/h2>\n<p><img loading=\"lazy\" decoding=\"async\" class=\"alignright size-medium wp-image-3672\" src=\"https:\/\/onlinelotto365.com\/wp-content\/uploads\/2020\/11\/online_lottery-161-300x207.jpg\" alt=\"ostaa Euromillions Australia\" width=\"300\" height=\"207\" srcset=\"https:\/\/onlinelotto365.com\/wp-content\/uploads\/2020\/11\/online_lottery-161-300x207.jpg 300w, https:\/\/onlinelotto365.com\/wp-content\/uploads\/2020\/11\/online_lottery-161.jpg 320w\" sizes=\"auto, (max-width: 300px) 100vw, 300px\" \/><br \/>\nKun voitat rahaa, varmistamme, ett\u00e4 saat sen mahdollisimman helposti. Sinun tarvitsee vain ostaa lippusi meilt\u00e4, ja me huolehdimme voiton lunastamisesta ja sen toimittamisesta sinulle. Emme ota mit\u00e4\u00e4n provisioita voitoistasi, ellet valitse maksua pankkisiirtona Australiassa sijaitsevalle pankkitilille.<\/p>\n<p>Silloin pankki veloittaa meilt\u00e4 palkkion, ja pyyd\u00e4mme sinua maksamaan my\u00f6s t\u00e4m\u00e4n palkkion. T\u00e4m\u00e4 vaihtelee sen mukaan, minne rahat l\u00e4hetet\u00e4\u00e4n. Muuten sinun ei tarvitse tiet\u00e4\u00e4 maksuista muuta kuin seuraavaa:<\/p>\n<ul>\n<li>Jos voitat enint\u00e4\u00e4n 2500 euroa, rahat hyvitet\u00e4\u00e4n automaattisesti ja v\u00e4litt\u00f6m\u00e4sti suoraan pelitilillesi.<\/li>\n<li>Jos voitat yli 2500 euroa, saat s\u00e4hk\u00f6postitse lomakkeen, joka l\u00e4hetet\u00e4\u00e4n lottokomissiolle. Lomakkeessa ilmoitetaan yksityiskohtaisesti, miten haluat saada maksun, mukaan lukien pankkisiirto tai shekki. Pyynt\u00f6si k\u00e4sitell\u00e4\u00e4n, ja voi kest\u00e4\u00e4 muutaman p\u00e4iv\u00e4n, ennen kuin saat rahasi k\u00e4ytt\u00f6\u00f6si.<\/li>\n<\/ul>\n","protected":false},"excerpt":{"rendered":"<p>Haluatko ostaa EuroMillions-arpoja seuraavaa arvontakierrosta varten? Haluatko noutaa lippusi kokonaan netist\u00e4? Haluatko pelata arpajaisia, joita ei ole saatavilla Australiassa? Sitten sinun kannattaa tutustua tarkemmin t\u00e4h\u00e4n, jossa k\u00e4ymme l\u00e4pi asiaan liittyv\u00e4t vaiheet. Onneksesi alkuun p\u00e4\u00e4seminen on eritt\u00e4in helppoa. Valitse lotto, jota haluat pelata, ja valitse numerot, joita haluat pelata, tai valitse pikavalinta, jotta tietokone valitsee ne [&hellip;]<\/p>\n","protected":false},"author":1,"featured_media":0,"parent":5577,"menu_order":3,"comment_status":"closed","ping_status":"closed","template":"euromillions-info.php","meta":{"_et_pb_use_builder":"","_et_pb_old_content":"","_et_gb_content_width":"","exclude_from_search":false,"footnotes":""},"class_list":["post-80641","page","type-page","status-publish","hentry"],"yoast_head":"<!-- This site is optimized with the Yoast SEO plugin v23.4 - https:\/\/yoast.com\/wordpress\/plugins\/seo\/ -->\n<title>Osta lippuja Euromillions verkossa Australiasta | Euromillions info, miten ostaa lippuja<\/title>\n<meta name=\"description\" content=\"Lottofanit mist\u00e4 tahansa maasta, my\u00f6s Australiasta, voivat nyt ostaa Euromillions-lippuja t\u00e4\u00e4lt\u00e4.\" \/>\n<meta name=\"robots\" content=\"index, follow, max-snippet:-1, max-image-preview:large, max-video-preview:-1\" \/>\n<link rel=\"canonical\" href=\"https:\/\/onlinelotto365.com\/fi\/osta-lippuja\/euromillions\/\" \/>\n<meta property=\"og:locale\" content=\"fi_FI\" \/>\n<meta property=\"og:type\" content=\"article\" \/>\n<meta property=\"og:title\" content=\"Osta lippuja Euromillions verkossa Australiasta | Euromillions info, miten ostaa lippuja\" \/>\n<meta property=\"og:description\" content=\"Lottofanit mist\u00e4 tahansa maasta, my\u00f6s Australiasta, voivat nyt ostaa Euromillions-lippuja t\u00e4\u00e4lt\u00e4.\" \/>\n<meta property=\"og:url\" content=\"https:\/\/onlinelotto365.com\/fi\/osta-lippuja\/euromillions\/\" \/>\n<meta property=\"og:site_name\" content=\"OnlineLotto365\" \/>\n<meta property=\"og:image\" content=\"https:\/\/redfoxlotto.com\/image?size=8&amp;lottery=euromillions\" \/>\n<meta name=\"twitter:card\" content=\"summary_large_image\" \/>\n<meta name=\"twitter:label1\" content=\"Arvioitu lukuaika\" \/>\n\t<meta name=\"twitter:data1\" content=\"3 minuuttia\" \/>\n<script type=\"application\/ld+json\" class=\"yoast-schema-graph\">{\"@context\":\"https:\/\/schema.org\",\"@graph\":[{\"@type\":\"WebPage\",\"@id\":\"https:\/\/onlinelotto365.com\/fi\/osta-lippuja\/euromillions\/\",\"url\":\"https:\/\/onlinelotto365.com\/fi\/osta-lippuja\/euromillions\/\",\"name\":\"Osta lippuja Euromillions verkossa Australiasta | Euromillions info, miten ostaa lippuja\",\"isPartOf\":{\"@id\":\"https:\/\/onlinelotto365.com\/fi\/#website\"},\"primaryImageOfPage\":{\"@id\":\"https:\/\/onlinelotto365.com\/fi\/osta-lippuja\/euromillions\/#primaryimage\"},\"image\":{\"@id\":\"https:\/\/onlinelotto365.com\/fi\/osta-lippuja\/euromillions\/#primaryimage\"},\"thumbnailUrl\":\"https:\/\/redfoxlotto.com\/image?size=8&amp;lottery=euromillions\",\"datePublished\":\"2022-11-22T09:12:00+00:00\",\"dateModified\":\"2022-11-22T09:12:00+00:00\",\"description\":\"Lottofanit mist\u00e4 tahansa maasta, my\u00f6s Australiasta, voivat nyt ostaa Euromillions-lippuja t\u00e4\u00e4lt\u00e4.\",\"breadcrumb\":{\"@id\":\"https:\/\/onlinelotto365.com\/fi\/osta-lippuja\/euromillions\/#breadcrumb\"},\"inLanguage\":\"fi\",\"potentialAction\":[{\"@type\":\"ReadAction\",\"target\":[\"https:\/\/onlinelotto365.com\/fi\/osta-lippuja\/euromillions\/\"]}]},{\"@type\":\"ImageObject\",\"inLanguage\":\"fi\",\"@id\":\"https:\/\/onlinelotto365.com\/fi\/osta-lippuja\/euromillions\/#primaryimage\",\"url\":\"https:\/\/redfoxlotto.com\/image?size=8&amp;lottery=euromillions\",\"contentUrl\":\"https:\/\/redfoxlotto.com\/image?size=8&amp;lottery=euromillions\"},{\"@type\":\"BreadcrumbList\",\"@id\":\"https:\/\/onlinelotto365.com\/fi\/osta-lippuja\/euromillions\/#breadcrumb\",\"itemListElement\":[{\"@type\":\"ListItem\",\"position\":1,\"name\":\"Home\",\"item\":\"https:\/\/onlinelotto365.com\/fi\/\"},{\"@type\":\"ListItem\",\"position\":2,\"name\":\"Osta Lottoarpoja Verkosta\",\"item\":\"https:\/\/onlinelotto365.com\/fi\/osta-lippuja\/\"},{\"@type\":\"ListItem\",\"position\":3,\"name\":\"Miten ostaa Euromillions-lippuja verkossa\"}]},{\"@type\":\"WebSite\",\"@id\":\"https:\/\/onlinelotto365.com\/fi\/#website\",\"url\":\"https:\/\/onlinelotto365.com\/fi\/\",\"name\":\"OnlineLotto365\",\"description\":\"\",\"potentialAction\":[{\"@type\":\"SearchAction\",\"target\":{\"@type\":\"EntryPoint\",\"urlTemplate\":\"https:\/\/onlinelotto365.com\/fi\/?s={search_term_string}\"},\"query-input\":{\"@type\":\"PropertyValueSpecification\",\"valueRequired\":true,\"valueName\":\"search_term_string\"}}],\"inLanguage\":\"fi\"}]}<\/script>\n<!-- \/ Yoast SEO plugin. -->","yoast_head_json":{"title":"Osta lippuja Euromillions verkossa Australiasta | Euromillions info, miten ostaa lippuja","description":"Lottofanit mist\u00e4 tahansa maasta, my\u00f6s Australiasta, voivat nyt ostaa Euromillions-lippuja t\u00e4\u00e4lt\u00e4.","robots":{"index":"index","follow":"follow","max-snippet":"max-snippet:-1","max-image-preview":"max-image-preview:large","max-video-preview":"max-video-preview:-1"},"canonical":"https:\/\/onlinelotto365.com\/fi\/osta-lippuja\/euromillions\/","og_locale":"fi_FI","og_type":"article","og_title":"Osta lippuja Euromillions verkossa Australiasta | Euromillions info, miten ostaa lippuja","og_description":"Lottofanit mist\u00e4 tahansa maasta, my\u00f6s Australiasta, voivat nyt ostaa Euromillions-lippuja t\u00e4\u00e4lt\u00e4.","og_url":"https:\/\/onlinelotto365.com\/fi\/osta-lippuja\/euromillions\/","og_site_name":"OnlineLotto365","og_image":[{"url":"https:\/\/redfoxlotto.com\/image?size=8&amp;lottery=euromillions"}],"twitter_card":"summary_large_image","twitter_misc":{"Arvioitu lukuaika":"3 minuuttia"},"schema":{"@context":"https:\/\/schema.org","@graph":[{"@type":"WebPage","@id":"https:\/\/onlinelotto365.com\/fi\/osta-lippuja\/euromillions\/","url":"https:\/\/onlinelotto365.com\/fi\/osta-lippuja\/euromillions\/","name":"Osta lippuja Euromillions verkossa Australiasta | Euromillions info, miten ostaa lippuja","isPartOf":{"@id":"https:\/\/onlinelotto365.com\/fi\/#website"},"primaryImageOfPage":{"@id":"https:\/\/onlinelotto365.com\/fi\/osta-lippuja\/euromillions\/#primaryimage"},"image":{"@id":"https:\/\/onlinelotto365.com\/fi\/osta-lippuja\/euromillions\/#primaryimage"},"thumbnailUrl":"https:\/\/redfoxlotto.com\/image?size=8&amp;lottery=euromillions","datePublished":"2022-11-22T09:12:00+00:00","dateModified":"2022-11-22T09:12:00+00:00","description":"Lottofanit mist\u00e4 tahansa maasta, my\u00f6s Australiasta, voivat nyt ostaa Euromillions-lippuja t\u00e4\u00e4lt\u00e4.","breadcrumb":{"@id":"https:\/\/onlinelotto365.com\/fi\/osta-lippuja\/euromillions\/#breadcrumb"},"inLanguage":"fi","potentialAction":[{"@type":"ReadAction","target":["https:\/\/onlinelotto365.com\/fi\/osta-lippuja\/euromillions\/"]}]},{"@type":"ImageObject","inLanguage":"fi","@id":"https:\/\/onlinelotto365.com\/fi\/osta-lippuja\/euromillions\/#primaryimage","url":"https:\/\/redfoxlotto.com\/image?size=8&amp;lottery=euromillions","contentUrl":"https:\/\/redfoxlotto.com\/image?size=8&amp;lottery=euromillions"},{"@type":"BreadcrumbList","@id":"https:\/\/onlinelotto365.com\/fi\/osta-lippuja\/euromillions\/#breadcrumb","itemListElement":[{"@type":"ListItem","position":1,"name":"Home","item":"https:\/\/onlinelotto365.com\/fi\/"},{"@type":"ListItem","position":2,"name":"Osta Lottoarpoja Verkosta","item":"https:\/\/onlinelotto365.com\/fi\/osta-lippuja\/"},{"@type":"ListItem","position":3,"name":"Miten ostaa Euromillions-lippuja verkossa"}]},{"@type":"WebSite","@id":"https:\/\/onlinelotto365.com\/fi\/#website","url":"https:\/\/onlinelotto365.com\/fi\/","name":"OnlineLotto365","description":"","potentialAction":[{"@type":"SearchAction","target":{"@type":"EntryPoint","urlTemplate":"https:\/\/onlinelotto365.com\/fi\/?s={search_term_string}"},"query-input":{"@type":"PropertyValueSpecification","valueRequired":true,"valueName":"search_term_string"}}],"inLanguage":"fi"}]}},"_links":{"self":[{"href":"https:\/\/onlinelotto365.com\/fi\/wp-json\/wp\/v2\/pages\/80641","targetHints":{"allow":["GET"]}}],"collection":[{"href":"https:\/\/onlinelotto365.com\/fi\/wp-json\/wp\/v2\/pages"}],"about":[{"href":"https:\/\/onlinelotto365.com\/fi\/wp-json\/wp\/v2\/types\/page"}],"author":[{"embeddable":true,"href":"https:\/\/onlinelotto365.com\/fi\/wp-json\/wp\/v2\/users\/1"}],"replies":[{"embeddable":true,"href":"https:\/\/onlinelotto365.com\/fi\/wp-json\/wp\/v2\/comments?post=80641"}],"version-history":[{"count":0,"href":"https:\/\/onlinelotto365.com\/fi\/wp-json\/wp\/v2\/pages\/80641\/revisions"}],"up":[{"embeddable":true,"href":"https:\/\/onlinelotto365.com\/fi\/wp-json\/wp\/v2\/pages\/5577"}],"wp:attachment":[{"href":"https:\/\/onlinelotto365.com\/fi\/wp-json\/wp\/v2\/media?parent=80641"}],"curies":[{"name":"wp","href":"https:\/\/api.w.org\/{rel}","templated":true}]}}