{"id":80665,"date":"2022-11-22T11:15:03","date_gmt":"2022-11-22T10:15:03","guid":{"rendered":"https:\/\/onlinelotto365.com\/?page_id=80665"},"modified":"2022-11-22T11:15:03","modified_gmt":"2022-11-22T10:15:03","slug":"el-gordo","status":"publish","type":"page","link":"https:\/\/onlinelotto365.com\/fi\/voittonumerot\/el-gordo\/","title":{"rendered":"Tarkista El Gordon tulokset ja voitot t\u00e4\u00e4lt\u00e4"},"content":{"rendered":"<p>Tied\u00e4mme, ett\u00e4 tarjoamme koko joukon erilaisia kansainv\u00e4lisi\u00e4 arpajaisia, ja voittonumeroiden selvitt\u00e4minen voi olla hieman h\u00e4mment\u00e4v\u00e4\u00e4. Monet ihmiset katsovat sanomalehdist\u00e4 l\u00f6yt\u00e4\u00e4kseen suosikkipeliens\u00e4 voittonumerot, mutta El Gordon numeroiden l\u00f6yt\u00e4minen voi olla vaikeaa, ellet asu alueella. Sama p\u00e4tee my\u00f6s silloin, kun yrit\u00e4t katsoa arvonnan tai n\u00e4hd\u00e4 voittonumerot televisiosta.<br \/>\n<a href=\"https:\/\/redfoxlotto.com\/play\/el-gordo-primitiva\/?ref=a8564250a2&amp;medium=ol365\" target=\"_blank\" rel=\"noopener noreferrer\"><img decoding=\"async\" class=\"aligncenter\" src=\"https:\/\/redfoxlotto.com\/image?size=8&amp;lottery=el-gordo-primitiva\" alt=\"el gordo\" \/><\/a><br \/>\nToinen vaihtoehto on katsoa El Gordon viralliselta verkkosivustolta, onko siell\u00e4 tarjolla suoraa l\u00e4hetyst\u00e4 arvontaprosessista. Niiss\u00e4 peleiss\u00e4, joissa n\u00e4in on, t\u00e4m\u00e4 voi olla hauska ja mielenkiintoinen mahdollisuus kenelle tahansa.<\/p>\n<p>On kuitenkin paljon pelej\u00e4, jotka eiv\u00e4t itse asiassa tarjoa t\u00e4t\u00e4. Sen sijaan sinun on odotettava, kunnes arvonta on p\u00e4\u00e4ttynyt ja kaikki on raportoitu, jotta n\u00e4et tulokset.<br \/>\nLopuksi, jos arvonta on jo ohi, voit ehk\u00e4 menn\u00e4 YouTubeen ja l\u00f6yt\u00e4\u00e4 El Gordon arvonnan sielt\u00e4. Mutta t\u00e4m\u00e4 on toinen alue, jossa et v\u00e4ltt\u00e4m\u00e4tt\u00e4 onnistu. Siell\u00e4 ei v\u00e4ltt\u00e4m\u00e4tt\u00e4 ole mit\u00e4\u00e4n saatavilla arvontaasi varten.<\/p>\n<p>Yksi parhaista ja helpoimmista tavoista l\u00f6yt\u00e4\u00e4 voittonumerot on kuitenkin verkkosivustomme. Tarkista voittonumerot ja tulokset -sivumme l\u00f6yt\u00e4\u00e4ksesi El Gordon ja mink\u00e4 tahansa muun saatavilla olevan lottopelin tulokset.<\/p>\n<h2>Miten saat selville, onko nettilippusi voittanut?<\/h2>\n<p>Viel\u00e4 parempaa on se, ett\u00e4 sinun ei tarvitse edes menn\u00e4 lottotulossivulle. Voit menn\u00e4 suoraan tilillesi, jos olet ostanut lippuja. Sielt\u00e4 voit n\u00e4hd\u00e4 voittonumeroiden lis\u00e4ksi my\u00f6s sen, miten numerosi osuvat kohdalleen. N\u00e4et numeroiden vertailun, ja sitten n\u00e4et, mitk\u00e4 numerot t\u00e4sm\u00e4\u00e4v\u00e4t ja kuinka paljon olet itse asiassa voittanut. Jos olet voittanut alle 2500 euroa, sinun ei tarvitse edes tehd\u00e4 mit\u00e4\u00e4n, koska voittosi on suoraan tilill\u00e4si.<\/p>\n<h2>El Gordo tulosten arkisto<\/h2>\n<p>Jos haluat katsoa vanhoja numeroita ja n\u00e4hd\u00e4, mit\u00e4 ne olivat, voit tehd\u00e4 t\u00e4m\u00e4nkin helposti. Itse asiassa mill\u00e4 tahansa sivustomme sivulla, jossa n\u00e4et viimeisimm\u00e4t El Gordo -tulokset, voit tarkistaa my\u00f6s joitakin vanhoja numeroita. N\u00e4in sinun on helpompi selvitt\u00e4\u00e4, mit\u00e4 numeroita haluat pelata seuraavalla kerralla.<\/p>\n<h2>Lippuni on voittanut, mit\u00e4 tapahtuu seuraavaksi?<\/h2>\n<p><img loading=\"lazy\" decoding=\"async\" class=\"alignright wp-image-3573\" src=\"https:\/\/onlinelotto365.com\/wp-content\/uploads\/2020\/11\/online_lottery-96-300x212.jpg\" alt=\"El Gordo tulokset\" width=\"166\" height=\"117\" srcset=\"https:\/\/onlinelotto365.com\/wp-content\/uploads\/2020\/11\/online_lottery-96-300x212.jpg 300w, https:\/\/onlinelotto365.com\/wp-content\/uploads\/2020\/11\/online_lottery-96.jpg 320w\" sizes=\"auto, (max-width: 166px) 100vw, 166px\" \/><br \/>\nJos voitat, saat rahasi helposti, koska talletamme ne suoraan tilillesi heti tulosten vahvistamisen j\u00e4lkeen. Jos voitto on alle 2500 euroa, saat rahat niin nopeasti. Jos voitto on yli 10 \u20ac, voit nostaa rahat tilillesi.<br \/>\nTai voit j\u00e4tt\u00e4\u00e4 rahat pelitilillesi ja k\u00e4ytt\u00e4\u00e4 ne ostaaksesi viel\u00e4 enemm\u00e4n lippuja lis\u00e4peleihin. Muista vain, ett\u00e4 rahojen nostaminen vaatii joitakin asiakirjoja liittovaltion s\u00e4\u00e4nn\u00f6sten noudattamiseksi. Sinun on my\u00f6s k\u00e4ytett\u00e4v\u00e4 menetelm\u00e4\u00e4, jota olet jo k\u00e4ytt\u00e4nyt tallettamiseen.<\/p>\n","protected":false},"excerpt":{"rendered":"<p>Tied\u00e4mme, ett\u00e4 tarjoamme koko joukon erilaisia kansainv\u00e4lisi\u00e4 arpajaisia, ja voittonumeroiden selvitt\u00e4minen voi olla hieman h\u00e4mment\u00e4v\u00e4\u00e4. Monet ihmiset katsovat sanomalehdist\u00e4 l\u00f6yt\u00e4\u00e4kseen suosikkipeliens\u00e4 voittonumerot, mutta El Gordon numeroiden l\u00f6yt\u00e4minen voi olla vaikeaa, ellet asu alueella. Sama p\u00e4tee my\u00f6s silloin, kun yrit\u00e4t katsoa arvonnan tai n\u00e4hd\u00e4 voittonumerot televisiosta. Toinen vaihtoehto on katsoa El Gordon viralliselta verkkosivustolta, onko siell\u00e4 [&hellip;]<\/p>\n","protected":false},"author":1,"featured_media":0,"parent":58289,"menu_order":6,"comment_status":"closed","ping_status":"closed","template":"el-gordo-results.php","meta":{"_et_pb_use_builder":"","_et_pb_old_content":"","_et_gb_content_width":"","exclude_from_search":false,"footnotes":""},"class_list":["post-80665","page","type-page","status-publish","hentry"],"yoast_head":"<!-- This site is optimized with the Yoast SEO plugin v23.4 - https:\/\/yoast.com\/wordpress\/plugins\/seo\/ -->\n<title>El Gordo voittonumerot | El Gordo arvonnan tulokset ja palkinnot<\/title>\n<meta name=\"description\" content=\"Voittonumerot, tulokset, palkinnot El Gordo ja monet muut arpajaiset, aina p\u00e4ivitetty sivuillamme.\" \/>\n<meta name=\"robots\" content=\"index, follow, max-snippet:-1, max-image-preview:large, max-video-preview:-1\" \/>\n<link rel=\"canonical\" href=\"https:\/\/onlinelotto365.com\/fi\/voittonumerot\/el-gordo\/\" \/>\n<meta property=\"og:locale\" content=\"fi_FI\" \/>\n<meta property=\"og:type\" content=\"article\" \/>\n<meta property=\"og:title\" content=\"El Gordo voittonumerot | El Gordo arvonnan tulokset ja palkinnot\" \/>\n<meta property=\"og:description\" content=\"Voittonumerot, tulokset, palkinnot El Gordo ja monet muut arpajaiset, aina p\u00e4ivitetty sivuillamme.\" \/>\n<meta property=\"og:url\" content=\"https:\/\/onlinelotto365.com\/fi\/voittonumerot\/el-gordo\/\" \/>\n<meta property=\"og:site_name\" content=\"OnlineLotto365\" \/>\n<meta property=\"og:image\" content=\"https:\/\/redfoxlotto.com\/image?size=8&amp;lottery=el-gordo-primitiva\" \/>\n<meta name=\"twitter:card\" content=\"summary_large_image\" \/>\n<meta name=\"twitter:label1\" content=\"Arvioitu lukuaika\" \/>\n\t<meta name=\"twitter:data1\" content=\"2 minuuttia\" \/>\n<script type=\"application\/ld+json\" class=\"yoast-schema-graph\">{\"@context\":\"https:\/\/schema.org\",\"@graph\":[{\"@type\":\"WebPage\",\"@id\":\"https:\/\/onlinelotto365.com\/fi\/voittonumerot\/el-gordo\/\",\"url\":\"https:\/\/onlinelotto365.com\/fi\/voittonumerot\/el-gordo\/\",\"name\":\"El Gordo voittonumerot | El Gordo arvonnan tulokset ja palkinnot\",\"isPartOf\":{\"@id\":\"https:\/\/onlinelotto365.com\/fi\/#website\"},\"primaryImageOfPage\":{\"@id\":\"https:\/\/onlinelotto365.com\/fi\/voittonumerot\/el-gordo\/#primaryimage\"},\"image\":{\"@id\":\"https:\/\/onlinelotto365.com\/fi\/voittonumerot\/el-gordo\/#primaryimage\"},\"thumbnailUrl\":\"https:\/\/redfoxlotto.com\/image?size=8&amp;lottery=el-gordo-primitiva\",\"datePublished\":\"2022-11-22T10:15:03+00:00\",\"dateModified\":\"2022-11-22T10:15:03+00:00\",\"description\":\"Voittonumerot, tulokset, palkinnot El Gordo ja monet muut arpajaiset, aina p\u00e4ivitetty sivuillamme.\",\"breadcrumb\":{\"@id\":\"https:\/\/onlinelotto365.com\/fi\/voittonumerot\/el-gordo\/#breadcrumb\"},\"inLanguage\":\"fi\",\"potentialAction\":[{\"@type\":\"ReadAction\",\"target\":[\"https:\/\/onlinelotto365.com\/fi\/voittonumerot\/el-gordo\/\"]}]},{\"@type\":\"ImageObject\",\"inLanguage\":\"fi\",\"@id\":\"https:\/\/onlinelotto365.com\/fi\/voittonumerot\/el-gordo\/#primaryimage\",\"url\":\"https:\/\/redfoxlotto.com\/image?size=8&amp;lottery=el-gordo-primitiva\",\"contentUrl\":\"https:\/\/redfoxlotto.com\/image?size=8&amp;lottery=el-gordo-primitiva\"},{\"@type\":\"BreadcrumbList\",\"@id\":\"https:\/\/onlinelotto365.com\/fi\/voittonumerot\/el-gordo\/#breadcrumb\",\"itemListElement\":[{\"@type\":\"ListItem\",\"position\":1,\"name\":\"Home\",\"item\":\"https:\/\/onlinelotto365.com\/fi\/\"},{\"@type\":\"ListItem\",\"position\":2,\"name\":\"L\u00f6yd\u00e4 voittonumerot ja tulokset uusimmista lottoarpajaisista\",\"item\":\"https:\/\/onlinelotto365.com\/fi\/voittonumerot\/\"},{\"@type\":\"ListItem\",\"position\":3,\"name\":\"Tarkista El Gordon tulokset ja voitot t\u00e4\u00e4lt\u00e4\"}]},{\"@type\":\"WebSite\",\"@id\":\"https:\/\/onlinelotto365.com\/fi\/#website\",\"url\":\"https:\/\/onlinelotto365.com\/fi\/\",\"name\":\"OnlineLotto365\",\"description\":\"\",\"potentialAction\":[{\"@type\":\"SearchAction\",\"target\":{\"@type\":\"EntryPoint\",\"urlTemplate\":\"https:\/\/onlinelotto365.com\/fi\/?s={search_term_string}\"},\"query-input\":{\"@type\":\"PropertyValueSpecification\",\"valueRequired\":true,\"valueName\":\"search_term_string\"}}],\"inLanguage\":\"fi\"}]}<\/script>\n<!-- \/ Yoast SEO plugin. -->","yoast_head_json":{"title":"El Gordo voittonumerot | El Gordo arvonnan tulokset ja palkinnot","description":"Voittonumerot, tulokset, palkinnot El Gordo ja monet muut arpajaiset, aina p\u00e4ivitetty sivuillamme.","robots":{"index":"index","follow":"follow","max-snippet":"max-snippet:-1","max-image-preview":"max-image-preview:large","max-video-preview":"max-video-preview:-1"},"canonical":"https:\/\/onlinelotto365.com\/fi\/voittonumerot\/el-gordo\/","og_locale":"fi_FI","og_type":"article","og_title":"El Gordo voittonumerot | El Gordo arvonnan tulokset ja palkinnot","og_description":"Voittonumerot, tulokset, palkinnot El Gordo ja monet muut arpajaiset, aina p\u00e4ivitetty sivuillamme.","og_url":"https:\/\/onlinelotto365.com\/fi\/voittonumerot\/el-gordo\/","og_site_name":"OnlineLotto365","og_image":[{"url":"https:\/\/redfoxlotto.com\/image?size=8&amp;lottery=el-gordo-primitiva"}],"twitter_card":"summary_large_image","twitter_misc":{"Arvioitu lukuaika":"2 minuuttia"},"schema":{"@context":"https:\/\/schema.org","@graph":[{"@type":"WebPage","@id":"https:\/\/onlinelotto365.com\/fi\/voittonumerot\/el-gordo\/","url":"https:\/\/onlinelotto365.com\/fi\/voittonumerot\/el-gordo\/","name":"El Gordo voittonumerot | El Gordo arvonnan tulokset ja palkinnot","isPartOf":{"@id":"https:\/\/onlinelotto365.com\/fi\/#website"},"primaryImageOfPage":{"@id":"https:\/\/onlinelotto365.com\/fi\/voittonumerot\/el-gordo\/#primaryimage"},"image":{"@id":"https:\/\/onlinelotto365.com\/fi\/voittonumerot\/el-gordo\/#primaryimage"},"thumbnailUrl":"https:\/\/redfoxlotto.com\/image?size=8&amp;lottery=el-gordo-primitiva","datePublished":"2022-11-22T10:15:03+00:00","dateModified":"2022-11-22T10:15:03+00:00","description":"Voittonumerot, tulokset, palkinnot El Gordo ja monet muut arpajaiset, aina p\u00e4ivitetty sivuillamme.","breadcrumb":{"@id":"https:\/\/onlinelotto365.com\/fi\/voittonumerot\/el-gordo\/#breadcrumb"},"inLanguage":"fi","potentialAction":[{"@type":"ReadAction","target":["https:\/\/onlinelotto365.com\/fi\/voittonumerot\/el-gordo\/"]}]},{"@type":"ImageObject","inLanguage":"fi","@id":"https:\/\/onlinelotto365.com\/fi\/voittonumerot\/el-gordo\/#primaryimage","url":"https:\/\/redfoxlotto.com\/image?size=8&amp;lottery=el-gordo-primitiva","contentUrl":"https:\/\/redfoxlotto.com\/image?size=8&amp;lottery=el-gordo-primitiva"},{"@type":"BreadcrumbList","@id":"https:\/\/onlinelotto365.com\/fi\/voittonumerot\/el-gordo\/#breadcrumb","itemListElement":[{"@type":"ListItem","position":1,"name":"Home","item":"https:\/\/onlinelotto365.com\/fi\/"},{"@type":"ListItem","position":2,"name":"L\u00f6yd\u00e4 voittonumerot ja tulokset uusimmista lottoarpajaisista","item":"https:\/\/onlinelotto365.com\/fi\/voittonumerot\/"},{"@type":"ListItem","position":3,"name":"Tarkista El Gordon tulokset ja voitot t\u00e4\u00e4lt\u00e4"}]},{"@type":"WebSite","@id":"https:\/\/onlinelotto365.com\/fi\/#website","url":"https:\/\/onlinelotto365.com\/fi\/","name":"OnlineLotto365","description":"","potentialAction":[{"@type":"SearchAction","target":{"@type":"EntryPoint","urlTemplate":"https:\/\/onlinelotto365.com\/fi\/?s={search_term_string}"},"query-input":{"@type":"PropertyValueSpecification","valueRequired":true,"valueName":"search_term_string"}}],"inLanguage":"fi"}]}},"_links":{"self":[{"href":"https:\/\/onlinelotto365.com\/fi\/wp-json\/wp\/v2\/pages\/80665","targetHints":{"allow":["GET"]}}],"collection":[{"href":"https:\/\/onlinelotto365.com\/fi\/wp-json\/wp\/v2\/pages"}],"about":[{"href":"https:\/\/onlinelotto365.com\/fi\/wp-json\/wp\/v2\/types\/page"}],"author":[{"embeddable":true,"href":"https:\/\/onlinelotto365.com\/fi\/wp-json\/wp\/v2\/users\/1"}],"replies":[{"embeddable":true,"href":"https:\/\/onlinelotto365.com\/fi\/wp-json\/wp\/v2\/comments?post=80665"}],"version-history":[{"count":0,"href":"https:\/\/onlinelotto365.com\/fi\/wp-json\/wp\/v2\/pages\/80665\/revisions"}],"up":[{"embeddable":true,"href":"https:\/\/onlinelotto365.com\/fi\/wp-json\/wp\/v2\/pages\/58289"}],"wp:attachment":[{"href":"https:\/\/onlinelotto365.com\/fi\/wp-json\/wp\/v2\/media?parent=80665"}],"curies":[{"name":"wp","href":"https:\/\/api.w.org\/{rel}","templated":true}]}}