{"id":80697,"date":"2022-11-22T12:29:49","date_gmt":"2022-11-22T11:29:49","guid":{"rendered":"https:\/\/onlinelotto365.com\/?page_id=80697"},"modified":"2022-11-22T12:29:49","modified_gmt":"2022-11-22T11:29:49","slug":"la-primitiva","status":"publish","type":"page","link":"https:\/\/onlinelotto365.com\/fi\/voittonumerot\/la-primitiva\/","title":{"rendered":"La Primitiva arvonnan tulokset"},"content":{"rendered":"<p>Tarjoamme paljon erilaisia kansainv\u00e4lisi\u00e4 lottopelej\u00e4 ja tied\u00e4mme, ett\u00e4 haluat l\u00f6yt\u00e4\u00e4 voittonumerot nopeasti. Siksi jotkut ihmiset haluavat etsi\u00e4 numerot sanomalehdest\u00e4. Mutta La Primitivan voittonumeroiden l\u00f6yt\u00e4minen lehdest\u00e4 voi olla vaikeaa. Niin voi olla my\u00f6s numeroiden l\u00f6yt\u00e4minen televisiosta, sill\u00e4 sinun on teht\u00e4v\u00e4 tutkimusta l\u00f6yt\u00e4\u00e4ksesi oikean kanavan.<br \/>\n<a href=\"https:\/\/redfoxlotto.com\/play\/la-primitiva\/?ref=a8564250a2&amp;medium=ol365\" target=\"_blank\" rel=\"noopener noreferrer\"><img decoding=\"async\" class=\"aligncenter\" src=\"https:\/\/redfoxlotto.com\/image?size=8&amp;lottery=la-primitiva\" alt=\" la primitiva\" \/><\/a><\/p>\n<p>Toinen vaihtoehto on menn\u00e4 La Primitivan verkkosivuille ja katsoa, n\u00e4ytt\u00e4v\u00e4tk\u00f6 ne suoraa arvontatilannetta heid\u00e4n pelist\u00e4\u00e4n. Jos he tekev\u00e4t niin, se voi olla j\u00e4nnitt\u00e4v\u00e4\u00e4 katsottavaa. Jos n\u00e4in ei kuitenkaan ole, kuten monissa lottopeleiss\u00e4 ei ole, joudut odottamaan lis\u00e4\u00e4.<\/p>\n<p>Arvonnan j\u00e4lkeen voit joskus l\u00f6yt\u00e4\u00e4 viimeisimm\u00e4n La Primitiva -arvonnan YouTubesta. Sinun on kuitenkin odotettava jonkin aikaa arvonnan j\u00e4lkeen, jotta voit tehd\u00e4 sen.<\/p>\n<p>K\u00e4tevin tapa saada numerot on kuitenkin tarkistaa ne verkkosivuiltamme. Tarjoamme La Primitivan voittonumerot ja -tulokset ja jopa palkintosummat suoraan verkkosivuillamme, ja mukana ovat my\u00f6s muut tarjoamamme arpajaiset.<\/p>\n<h2>N\u00e4in saat selville, onko nettilippusi voittanut<\/h2>\n<p>Jos olet ostanut lippuja La Primitivaan, sinun ei tarvitse edes menn\u00e4 tulossivulle. Voit menn\u00e4 suoraan tilillesi ja katsoa lippusi. Aivan samalla n\u00e4yt\u00f6ll\u00e4 n\u00e4et voittonumerot jokaisesta pelaamastasi pelist\u00e4. N\u00e4et my\u00f6s korostetut numerot, jos lippusi ja voittonumerot vastaavat toisiaan.<br \/>\nJos sinulla on oikea numero oikein, olet voittaja ja n\u00e4et tarkalleen, kuinka paljon voitit. Voit my\u00f6s huomata, ett\u00e4 voitot (kaikki alle 2500 euron summat) ovat jo tilill\u00e4si heti, kun tulokset on vahvistettu.<\/p>\n<h2>La Primitiva tulosten arkisto<\/h2>\n<p>Niille, jotka haluavat valita numeronsa seuraavaa arvontaansa varten, tied\u00e4mme, ett\u00e4 voi olla t\u00e4rke\u00e4\u00e4 tarkistaa vanhemmat liput ja vanhemmat numerot. Siksi varmistamme, ett\u00e4 kaikilla sivuilla, joilla on uusimmat La Primitiva -tulokset, on p\u00e4\u00e4sy my\u00f6s vanhempiin numeroihin. Voit tarkistaa ne milloin tahansa mist\u00e4 tahansa syyst\u00e4.<\/p>\n<h2>Lippuni on voittanut, mit\u00e4 tapahtuu seuraavaksi?<\/h2>\n<p><img loading=\"lazy\" decoding=\"async\" class=\"alignright wp-image-3572\" src=\"https:\/\/onlinelotto365.com\/wp-content\/uploads\/2020\/11\/online_lottery-25-300x212.jpg\" alt=\"voittonumerot La Primitiva\" width=\"232\" height=\"165\" srcset=\"https:\/\/onlinelotto365.com\/wp-content\/uploads\/2020\/11\/online_lottery-25-300x212.jpg 300w, https:\/\/onlinelotto365.com\/wp-content\/uploads\/2020\/11\/online_lottery-25.jpg 320w\" sizes=\"auto, (max-width: 232px) 100vw, 232px\" \/><br \/>\nJos lippusi on voittanut, sinun tarvitsee vain istua ja rentoutua, sill\u00e4 me hoidamme asiat puolestasi. Hyvit\u00e4mme kaikki alle 2500 euron summat suoraan tilillesi, joten sinun ei tarvitse hakea sit\u00e4 tai k\u00e4yd\u00e4 l\u00e4pi mit\u00e4\u00e4n ylim\u00e4\u00e4r\u00e4isi\u00e4 vaiheita. Kunhan tilill\u00e4si on v\u00e4hint\u00e4\u00e4n 10 \u20ac, voit nostaa rahat pankkitilillesi tai luottokortillesi.<\/p>\n<p>Sinun on vain varmistettava, ett\u00e4 olet k\u00e4ytt\u00e4nyt kyseist\u00e4 korttia tai tili\u00e4 meill\u00e4 aiemmin. Sinun on my\u00f6s t\u00e4ytett\u00e4v\u00e4 joitakin asiakirjoja, jotta voimme varmistaa, ett\u00e4 noudatamme maksuprosessorimme m\u00e4\u00e4r\u00e4yksi\u00e4. N\u00e4m\u00e4 asiakirjat suojaavat meit\u00e4, mutta ne suojaavat my\u00f6s sinua varmistamalla, ett\u00e4 olet ainoa, joka voi nostaa rahaa tililt\u00e4si.<\/p>\n","protected":false},"excerpt":{"rendered":"<p>Tarjoamme paljon erilaisia kansainv\u00e4lisi\u00e4 lottopelej\u00e4 ja tied\u00e4mme, ett\u00e4 haluat l\u00f6yt\u00e4\u00e4 voittonumerot nopeasti. Siksi jotkut ihmiset haluavat etsi\u00e4 numerot sanomalehdest\u00e4. Mutta La Primitivan voittonumeroiden l\u00f6yt\u00e4minen lehdest\u00e4 voi olla vaikeaa. Niin voi olla my\u00f6s numeroiden l\u00f6yt\u00e4minen televisiosta, sill\u00e4 sinun on teht\u00e4v\u00e4 tutkimusta l\u00f6yt\u00e4\u00e4ksesi oikean kanavan. Toinen vaihtoehto on menn\u00e4 La Primitivan verkkosivuille ja katsoa, n\u00e4ytt\u00e4v\u00e4tk\u00f6 ne suoraa [&hellip;]<\/p>\n","protected":false},"author":1,"featured_media":0,"parent":58289,"menu_order":7,"comment_status":"closed","ping_status":"closed","template":"la-primitiva-results.php","meta":{"_et_pb_use_builder":"","_et_pb_old_content":"","_et_gb_content_width":"","exclude_from_search":false,"footnotes":""},"class_list":["post-80697","page","type-page","status-publish","hentry"],"yoast_head":"<!-- This site is optimized with the Yoast SEO plugin v23.4 - https:\/\/yoast.com\/wordpress\/plugins\/seo\/ -->\n<title>Viimeisimm\u00e4t arvonnan tulokset, voittonumerot La Primitiva<\/title>\n<meta name=\"description\" content=\"Katso Espanjan La Primitivan uusimmat voittonumerot sek\u00e4 muut tulokset.\" \/>\n<meta name=\"robots\" content=\"index, follow, max-snippet:-1, max-image-preview:large, max-video-preview:-1\" \/>\n<link rel=\"canonical\" href=\"https:\/\/onlinelotto365.com\/fi\/voittonumerot\/la-primitiva\/\" \/>\n<meta property=\"og:locale\" content=\"fi_FI\" \/>\n<meta property=\"og:type\" content=\"article\" \/>\n<meta property=\"og:title\" content=\"Viimeisimm\u00e4t arvonnan tulokset, voittonumerot La Primitiva\" \/>\n<meta property=\"og:description\" content=\"Katso Espanjan La Primitivan uusimmat voittonumerot sek\u00e4 muut tulokset.\" \/>\n<meta property=\"og:url\" content=\"https:\/\/onlinelotto365.com\/fi\/voittonumerot\/la-primitiva\/\" \/>\n<meta property=\"og:site_name\" content=\"OnlineLotto365\" \/>\n<meta property=\"og:image\" content=\"https:\/\/redfoxlotto.com\/image?size=8&amp;lottery=la-primitiva\" \/>\n<meta name=\"twitter:card\" content=\"summary_large_image\" \/>\n<meta name=\"twitter:label1\" content=\"Arvioitu lukuaika\" \/>\n\t<meta name=\"twitter:data1\" content=\"2 minuuttia\" \/>\n<script type=\"application\/ld+json\" class=\"yoast-schema-graph\">{\"@context\":\"https:\/\/schema.org\",\"@graph\":[{\"@type\":\"WebPage\",\"@id\":\"https:\/\/onlinelotto365.com\/fi\/voittonumerot\/la-primitiva\/\",\"url\":\"https:\/\/onlinelotto365.com\/fi\/voittonumerot\/la-primitiva\/\",\"name\":\"Viimeisimm\u00e4t arvonnan tulokset, voittonumerot La Primitiva\",\"isPartOf\":{\"@id\":\"https:\/\/onlinelotto365.com\/fi\/#website\"},\"primaryImageOfPage\":{\"@id\":\"https:\/\/onlinelotto365.com\/fi\/voittonumerot\/la-primitiva\/#primaryimage\"},\"image\":{\"@id\":\"https:\/\/onlinelotto365.com\/fi\/voittonumerot\/la-primitiva\/#primaryimage\"},\"thumbnailUrl\":\"https:\/\/redfoxlotto.com\/image?size=8&amp;lottery=la-primitiva\",\"datePublished\":\"2022-11-22T11:29:49+00:00\",\"dateModified\":\"2022-11-22T11:29:49+00:00\",\"description\":\"Katso Espanjan La Primitivan uusimmat voittonumerot sek\u00e4 muut tulokset.\",\"breadcrumb\":{\"@id\":\"https:\/\/onlinelotto365.com\/fi\/voittonumerot\/la-primitiva\/#breadcrumb\"},\"inLanguage\":\"fi\",\"potentialAction\":[{\"@type\":\"ReadAction\",\"target\":[\"https:\/\/onlinelotto365.com\/fi\/voittonumerot\/la-primitiva\/\"]}]},{\"@type\":\"ImageObject\",\"inLanguage\":\"fi\",\"@id\":\"https:\/\/onlinelotto365.com\/fi\/voittonumerot\/la-primitiva\/#primaryimage\",\"url\":\"https:\/\/redfoxlotto.com\/image?size=8&amp;lottery=la-primitiva\",\"contentUrl\":\"https:\/\/redfoxlotto.com\/image?size=8&amp;lottery=la-primitiva\"},{\"@type\":\"BreadcrumbList\",\"@id\":\"https:\/\/onlinelotto365.com\/fi\/voittonumerot\/la-primitiva\/#breadcrumb\",\"itemListElement\":[{\"@type\":\"ListItem\",\"position\":1,\"name\":\"Home\",\"item\":\"https:\/\/onlinelotto365.com\/fi\/\"},{\"@type\":\"ListItem\",\"position\":2,\"name\":\"L\u00f6yd\u00e4 voittonumerot ja tulokset uusimmista lottoarpajaisista\",\"item\":\"https:\/\/onlinelotto365.com\/fi\/voittonumerot\/\"},{\"@type\":\"ListItem\",\"position\":3,\"name\":\"La Primitiva arvonnan tulokset\"}]},{\"@type\":\"WebSite\",\"@id\":\"https:\/\/onlinelotto365.com\/fi\/#website\",\"url\":\"https:\/\/onlinelotto365.com\/fi\/\",\"name\":\"OnlineLotto365\",\"description\":\"\",\"potentialAction\":[{\"@type\":\"SearchAction\",\"target\":{\"@type\":\"EntryPoint\",\"urlTemplate\":\"https:\/\/onlinelotto365.com\/fi\/?s={search_term_string}\"},\"query-input\":{\"@type\":\"PropertyValueSpecification\",\"valueRequired\":true,\"valueName\":\"search_term_string\"}}],\"inLanguage\":\"fi\"}]}<\/script>\n<!-- \/ Yoast SEO plugin. -->","yoast_head_json":{"title":"Viimeisimm\u00e4t arvonnan tulokset, voittonumerot La Primitiva","description":"Katso Espanjan La Primitivan uusimmat voittonumerot sek\u00e4 muut tulokset.","robots":{"index":"index","follow":"follow","max-snippet":"max-snippet:-1","max-image-preview":"max-image-preview:large","max-video-preview":"max-video-preview:-1"},"canonical":"https:\/\/onlinelotto365.com\/fi\/voittonumerot\/la-primitiva\/","og_locale":"fi_FI","og_type":"article","og_title":"Viimeisimm\u00e4t arvonnan tulokset, voittonumerot La Primitiva","og_description":"Katso Espanjan La Primitivan uusimmat voittonumerot sek\u00e4 muut tulokset.","og_url":"https:\/\/onlinelotto365.com\/fi\/voittonumerot\/la-primitiva\/","og_site_name":"OnlineLotto365","og_image":[{"url":"https:\/\/redfoxlotto.com\/image?size=8&amp;lottery=la-primitiva"}],"twitter_card":"summary_large_image","twitter_misc":{"Arvioitu lukuaika":"2 minuuttia"},"schema":{"@context":"https:\/\/schema.org","@graph":[{"@type":"WebPage","@id":"https:\/\/onlinelotto365.com\/fi\/voittonumerot\/la-primitiva\/","url":"https:\/\/onlinelotto365.com\/fi\/voittonumerot\/la-primitiva\/","name":"Viimeisimm\u00e4t arvonnan tulokset, voittonumerot La Primitiva","isPartOf":{"@id":"https:\/\/onlinelotto365.com\/fi\/#website"},"primaryImageOfPage":{"@id":"https:\/\/onlinelotto365.com\/fi\/voittonumerot\/la-primitiva\/#primaryimage"},"image":{"@id":"https:\/\/onlinelotto365.com\/fi\/voittonumerot\/la-primitiva\/#primaryimage"},"thumbnailUrl":"https:\/\/redfoxlotto.com\/image?size=8&amp;lottery=la-primitiva","datePublished":"2022-11-22T11:29:49+00:00","dateModified":"2022-11-22T11:29:49+00:00","description":"Katso Espanjan La Primitivan uusimmat voittonumerot sek\u00e4 muut tulokset.","breadcrumb":{"@id":"https:\/\/onlinelotto365.com\/fi\/voittonumerot\/la-primitiva\/#breadcrumb"},"inLanguage":"fi","potentialAction":[{"@type":"ReadAction","target":["https:\/\/onlinelotto365.com\/fi\/voittonumerot\/la-primitiva\/"]}]},{"@type":"ImageObject","inLanguage":"fi","@id":"https:\/\/onlinelotto365.com\/fi\/voittonumerot\/la-primitiva\/#primaryimage","url":"https:\/\/redfoxlotto.com\/image?size=8&amp;lottery=la-primitiva","contentUrl":"https:\/\/redfoxlotto.com\/image?size=8&amp;lottery=la-primitiva"},{"@type":"BreadcrumbList","@id":"https:\/\/onlinelotto365.com\/fi\/voittonumerot\/la-primitiva\/#breadcrumb","itemListElement":[{"@type":"ListItem","position":1,"name":"Home","item":"https:\/\/onlinelotto365.com\/fi\/"},{"@type":"ListItem","position":2,"name":"L\u00f6yd\u00e4 voittonumerot ja tulokset uusimmista lottoarpajaisista","item":"https:\/\/onlinelotto365.com\/fi\/voittonumerot\/"},{"@type":"ListItem","position":3,"name":"La Primitiva arvonnan tulokset"}]},{"@type":"WebSite","@id":"https:\/\/onlinelotto365.com\/fi\/#website","url":"https:\/\/onlinelotto365.com\/fi\/","name":"OnlineLotto365","description":"","potentialAction":[{"@type":"SearchAction","target":{"@type":"EntryPoint","urlTemplate":"https:\/\/onlinelotto365.com\/fi\/?s={search_term_string}"},"query-input":{"@type":"PropertyValueSpecification","valueRequired":true,"valueName":"search_term_string"}}],"inLanguage":"fi"}]}},"_links":{"self":[{"href":"https:\/\/onlinelotto365.com\/fi\/wp-json\/wp\/v2\/pages\/80697","targetHints":{"allow":["GET"]}}],"collection":[{"href":"https:\/\/onlinelotto365.com\/fi\/wp-json\/wp\/v2\/pages"}],"about":[{"href":"https:\/\/onlinelotto365.com\/fi\/wp-json\/wp\/v2\/types\/page"}],"author":[{"embeddable":true,"href":"https:\/\/onlinelotto365.com\/fi\/wp-json\/wp\/v2\/users\/1"}],"replies":[{"embeddable":true,"href":"https:\/\/onlinelotto365.com\/fi\/wp-json\/wp\/v2\/comments?post=80697"}],"version-history":[{"count":0,"href":"https:\/\/onlinelotto365.com\/fi\/wp-json\/wp\/v2\/pages\/80697\/revisions"}],"up":[{"embeddable":true,"href":"https:\/\/onlinelotto365.com\/fi\/wp-json\/wp\/v2\/pages\/58289"}],"wp:attachment":[{"href":"https:\/\/onlinelotto365.com\/fi\/wp-json\/wp\/v2\/media?parent=80697"}],"curies":[{"name":"wp","href":"https:\/\/api.w.org\/{rel}","templated":true}]}}