{"id":80730,"date":"2022-11-22T13:20:54","date_gmt":"2022-11-22T12:20:54","guid":{"rendered":"https:\/\/onlinelotto365.com\/?page_id=80730"},"modified":"2022-11-22T13:20:54","modified_gmt":"2022-11-22T12:20:54","slug":"bonoloto","status":"publish","type":"page","link":"https:\/\/onlinelotto365.com\/fi\/voittonumerot\/bonoloto\/","title":{"rendered":"Espanjan Bonoloto tulokset"},"content":{"rendered":"<p>Kansainv\u00e4liset lottopelit voivat olla todella hauskoja, mutta sinun on osattava tarkistaa voittonumerot. Yksi tapa tarkistaa BonoLoton voittonumerot on menn\u00e4 sanomalehteen. Mutta vain paikallislehdiss\u00e4 on yleens\u00e4 etsim\u00e4si tulokset.<br \/>\n<a href=\"https:\/\/redfoxlotto.com\/play\/bonoloto\/?ref=a8564250a2&amp;medium=ol365\" target=\"_blank\" rel=\"noopener noreferrer\"><img decoding=\"async\" class=\"aligncenter\" src=\"https:\/\/redfoxlotto.com\/image?size=8&amp;lottery=bonoloto\" alt=\"BonoLoto\" \/><\/a><br \/>\nToinen vaihtoehto on katsoa tv-asemilta, mutta sielt\u00e4k\u00e4\u00e4n et v\u00e4ltt\u00e4m\u00e4tt\u00e4 l\u00f6yd\u00e4 etsim\u00e4\u00e4si tietoa. Sinun on asuttava juuri oikealla alueella ja tiedett\u00e4v\u00e4, milloin voit tarkistaa numerot.<\/p>\n<p>Seuraavaksi voit katsoa BonoLoton virallisilta verkkosivuilta, jos he tarjoavat live-arvonnan verkossa. Niiss\u00e4 peleiss\u00e4, joissa n\u00e4in on, se voi olla j\u00e4nnitt\u00e4v\u00e4\u00e4 kenelle tahansa, koska voit uppoutua siihen hetkeen, kun katsot heti tulevia numeroita. Kannattaa kuitenkin muistaa, ett\u00e4 kaikki lottopelit eiv\u00e4t itse asiassa tarjoa t\u00e4t\u00e4 mahdollisuutta.<\/p>\n<p>Lopuksi voit katsoa YouTubesta, onko joku julkaissut live-videon arvonnasta tai tallentanut voittonumerot jollakin muulla tavalla BonoLoto-arvonnan jakamiseksi.<\/p>\n<p>K\u00e4tevin tapa, jolla voit saada voittonumerot, on kuitenkin ehdottomasti tutustua verkkosivuihimme. Me annamme sinulle kaikki BonoLoton sek\u00e4 kaikkien muiden pelien voittonumerot, jotka ovat saatavilla verkkosivuillamme, jotta voit seurata niit\u00e4 yhdess\u00e4 paikassa.<\/p>\n<h2>Miten saat selville, onko nettilippusi voittanut?<\/h2>\n<p>Jos olet jo ostanut BonoLoto-lipun, voit menn\u00e4 suoraan tilillesi. Kirjaudu sis\u00e4\u00e4n ja siirry sivulle, jossa on lippusi. Kun olet siell\u00e4, voit n\u00e4hd\u00e4 kaikkien niiden pelien tulokset, joihin olet ostanut lippuja. N\u00e4in sinun on paljon helpompi n\u00e4hd\u00e4, mitk\u00e4 numerot ovat osuneet ja mitk\u00e4 eiv\u00e4t. Voit my\u00f6s saada rahasi heti, jos olet voittanut alle 2500 euroa. N\u00e4m\u00e4 summat talletetaan nimitt\u00e4in suoraan tilillesi ilman, ett\u00e4 sinun tarvitsee tehd\u00e4 yht\u00e4\u00e4n mit\u00e4\u00e4n.<\/p>\n<h2>BonoLoto tulosten arkisto<\/h2>\n<p><img loading=\"lazy\" decoding=\"async\" class=\"alignright wp-image-3651\" src=\"https:\/\/onlinelotto365.com\/wp-content\/uploads\/2020\/11\/online_lottery-79-300x292.jpg\" alt=\"Bonoloto voittonumerot\" width=\"148\" height=\"145\" srcset=\"https:\/\/onlinelotto365.com\/wp-content\/uploads\/2020\/11\/online_lottery-79-300x292.jpg 300w, https:\/\/onlinelotto365.com\/wp-content\/uploads\/2020\/11\/online_lottery-79.jpg 320w\" sizes=\"auto, (max-width: 148px) 100vw, 148px\" \/><br \/>\nJos etsit BonoLoton vanhoja numeroita, sinun ei tarvitse etsi\u00e4 kaukaa. Olemme nimitt\u00e4in huolehtineet kaikesta puolestasi. Olemme jopa laittaneet kaikki vanhat numerot samaan paikkaan uusimpien numeroiden kanssa, joten sinun ei tarvitse huolehtia niiden j\u00e4ljitt\u00e4misest\u00e4. Tied\u00e4mme, miten t\u00e4rke\u00e4\u00e4 on, ett\u00e4 l\u00f6yd\u00e4t numerot, kun haluat niit\u00e4.<\/p>\n<h2>Lottoni on voittanut, mit\u00e4 seuraavaksi tapahtuu?<\/h2>\n<p>Olemme jo puhuneet siit\u00e4, ett\u00e4 jos voitat jonkin lottopelin pienist\u00e4 palkinnoista, sinun ei tarvitse huolehtia rahojesi saamisesta. Me nimitt\u00e4in huolehdimme siit\u00e4, ett\u00e4 ne talletetaan suoraan tilillesi puolestasi. Kaikki alle 2500 euron summat lis\u00e4t\u00e4\u00e4n automaattisesti tilillesi, joten ne ovat valmiina aina kun haluat.<br \/>\nSe on varmasti k\u00e4tev\u00e4\u00e4 sinulle ja auttaa sinua p\u00e4\u00e4sem\u00e4\u00e4n alkuun rahojen k\u00e4yt\u00f6ss\u00e4. Voit nimitt\u00e4in k\u00e4ytt\u00e4\u00e4 sit\u00e4 ostaaksesi lis\u00e4\u00e4 lippuja aina kun haluat. Jos se on yli 10 euroa, voit jopa nostaa rahat mille tahansa tilille, jota olet k\u00e4ytt\u00e4nyt sivustollamme aiemmin.<\/p>\n","protected":false},"excerpt":{"rendered":"<p>Kansainv\u00e4liset lottopelit voivat olla todella hauskoja, mutta sinun on osattava tarkistaa voittonumerot. Yksi tapa tarkistaa BonoLoton voittonumerot on menn\u00e4 sanomalehteen. Mutta vain paikallislehdiss\u00e4 on yleens\u00e4 etsim\u00e4si tulokset. Toinen vaihtoehto on katsoa tv-asemilta, mutta sielt\u00e4k\u00e4\u00e4n et v\u00e4ltt\u00e4m\u00e4tt\u00e4 l\u00f6yd\u00e4 etsim\u00e4\u00e4si tietoa. Sinun on asuttava juuri oikealla alueella ja tiedett\u00e4v\u00e4, milloin voit tarkistaa numerot. Seuraavaksi voit katsoa BonoLoton [&hellip;]<\/p>\n","protected":false},"author":1,"featured_media":0,"parent":58289,"menu_order":8,"comment_status":"closed","ping_status":"closed","template":"template-rightsidebar.php","meta":{"_et_pb_use_builder":"","_et_pb_old_content":"","_et_gb_content_width":"","exclude_from_search":false,"footnotes":""},"class_list":["post-80730","page","type-page","status-publish","hentry"],"yoast_head":"<!-- This site is optimized with the Yoast SEO plugin v23.4 - https:\/\/yoast.com\/wordpress\/plugins\/seo\/ -->\n<title>Espanjan BonoLoto tulokset ja palkinnot<\/title>\n<meta name=\"description\" content=\"Katso t\u00e4\u00e4lt\u00e4, jos Bonoloto-lippusi ovat voittaneet.\" \/>\n<meta name=\"robots\" content=\"index, follow, max-snippet:-1, max-image-preview:large, max-video-preview:-1\" \/>\n<link rel=\"canonical\" href=\"https:\/\/onlinelotto365.com\/fi\/voittonumerot\/bonoloto\/\" \/>\n<meta property=\"og:locale\" content=\"fi_FI\" \/>\n<meta property=\"og:type\" content=\"article\" \/>\n<meta property=\"og:title\" content=\"Espanjan BonoLoto tulokset ja palkinnot\" \/>\n<meta property=\"og:description\" content=\"Katso t\u00e4\u00e4lt\u00e4, jos Bonoloto-lippusi ovat voittaneet.\" \/>\n<meta property=\"og:url\" content=\"https:\/\/onlinelotto365.com\/fi\/voittonumerot\/bonoloto\/\" \/>\n<meta property=\"og:site_name\" content=\"OnlineLotto365\" \/>\n<meta property=\"og:image\" content=\"https:\/\/redfoxlotto.com\/image?size=8&amp;lottery=bonoloto\" \/>\n<meta name=\"twitter:card\" content=\"summary_large_image\" \/>\n<meta name=\"twitter:label1\" content=\"Arvioitu lukuaika\" \/>\n\t<meta name=\"twitter:data1\" content=\"2 minuuttia\" \/>\n<script type=\"application\/ld+json\" class=\"yoast-schema-graph\">{\"@context\":\"https:\/\/schema.org\",\"@graph\":[{\"@type\":\"WebPage\",\"@id\":\"https:\/\/onlinelotto365.com\/fi\/voittonumerot\/bonoloto\/\",\"url\":\"https:\/\/onlinelotto365.com\/fi\/voittonumerot\/bonoloto\/\",\"name\":\"Espanjan BonoLoto tulokset ja palkinnot\",\"isPartOf\":{\"@id\":\"https:\/\/onlinelotto365.com\/fi\/#website\"},\"primaryImageOfPage\":{\"@id\":\"https:\/\/onlinelotto365.com\/fi\/voittonumerot\/bonoloto\/#primaryimage\"},\"image\":{\"@id\":\"https:\/\/onlinelotto365.com\/fi\/voittonumerot\/bonoloto\/#primaryimage\"},\"thumbnailUrl\":\"https:\/\/redfoxlotto.com\/image?size=8&amp;lottery=bonoloto\",\"datePublished\":\"2022-11-22T12:20:54+00:00\",\"dateModified\":\"2022-11-22T12:20:54+00:00\",\"description\":\"Katso t\u00e4\u00e4lt\u00e4, jos Bonoloto-lippusi ovat voittaneet.\",\"breadcrumb\":{\"@id\":\"https:\/\/onlinelotto365.com\/fi\/voittonumerot\/bonoloto\/#breadcrumb\"},\"inLanguage\":\"fi\",\"potentialAction\":[{\"@type\":\"ReadAction\",\"target\":[\"https:\/\/onlinelotto365.com\/fi\/voittonumerot\/bonoloto\/\"]}]},{\"@type\":\"ImageObject\",\"inLanguage\":\"fi\",\"@id\":\"https:\/\/onlinelotto365.com\/fi\/voittonumerot\/bonoloto\/#primaryimage\",\"url\":\"https:\/\/redfoxlotto.com\/image?size=8&amp;lottery=bonoloto\",\"contentUrl\":\"https:\/\/redfoxlotto.com\/image?size=8&amp;lottery=bonoloto\"},{\"@type\":\"BreadcrumbList\",\"@id\":\"https:\/\/onlinelotto365.com\/fi\/voittonumerot\/bonoloto\/#breadcrumb\",\"itemListElement\":[{\"@type\":\"ListItem\",\"position\":1,\"name\":\"Home\",\"item\":\"https:\/\/onlinelotto365.com\/fi\/\"},{\"@type\":\"ListItem\",\"position\":2,\"name\":\"L\u00f6yd\u00e4 voittonumerot ja tulokset uusimmista lottoarpajaisista\",\"item\":\"https:\/\/onlinelotto365.com\/fi\/voittonumerot\/\"},{\"@type\":\"ListItem\",\"position\":3,\"name\":\"Espanjan Bonoloto tulokset\"}]},{\"@type\":\"WebSite\",\"@id\":\"https:\/\/onlinelotto365.com\/fi\/#website\",\"url\":\"https:\/\/onlinelotto365.com\/fi\/\",\"name\":\"OnlineLotto365\",\"description\":\"\",\"potentialAction\":[{\"@type\":\"SearchAction\",\"target\":{\"@type\":\"EntryPoint\",\"urlTemplate\":\"https:\/\/onlinelotto365.com\/fi\/?s={search_term_string}\"},\"query-input\":{\"@type\":\"PropertyValueSpecification\",\"valueRequired\":true,\"valueName\":\"search_term_string\"}}],\"inLanguage\":\"fi\"}]}<\/script>\n<!-- \/ Yoast SEO plugin. -->","yoast_head_json":{"title":"Espanjan BonoLoto tulokset ja palkinnot","description":"Katso t\u00e4\u00e4lt\u00e4, jos Bonoloto-lippusi ovat voittaneet.","robots":{"index":"index","follow":"follow","max-snippet":"max-snippet:-1","max-image-preview":"max-image-preview:large","max-video-preview":"max-video-preview:-1"},"canonical":"https:\/\/onlinelotto365.com\/fi\/voittonumerot\/bonoloto\/","og_locale":"fi_FI","og_type":"article","og_title":"Espanjan BonoLoto tulokset ja palkinnot","og_description":"Katso t\u00e4\u00e4lt\u00e4, jos Bonoloto-lippusi ovat voittaneet.","og_url":"https:\/\/onlinelotto365.com\/fi\/voittonumerot\/bonoloto\/","og_site_name":"OnlineLotto365","og_image":[{"url":"https:\/\/redfoxlotto.com\/image?size=8&amp;lottery=bonoloto"}],"twitter_card":"summary_large_image","twitter_misc":{"Arvioitu lukuaika":"2 minuuttia"},"schema":{"@context":"https:\/\/schema.org","@graph":[{"@type":"WebPage","@id":"https:\/\/onlinelotto365.com\/fi\/voittonumerot\/bonoloto\/","url":"https:\/\/onlinelotto365.com\/fi\/voittonumerot\/bonoloto\/","name":"Espanjan BonoLoto tulokset ja palkinnot","isPartOf":{"@id":"https:\/\/onlinelotto365.com\/fi\/#website"},"primaryImageOfPage":{"@id":"https:\/\/onlinelotto365.com\/fi\/voittonumerot\/bonoloto\/#primaryimage"},"image":{"@id":"https:\/\/onlinelotto365.com\/fi\/voittonumerot\/bonoloto\/#primaryimage"},"thumbnailUrl":"https:\/\/redfoxlotto.com\/image?size=8&amp;lottery=bonoloto","datePublished":"2022-11-22T12:20:54+00:00","dateModified":"2022-11-22T12:20:54+00:00","description":"Katso t\u00e4\u00e4lt\u00e4, jos Bonoloto-lippusi ovat voittaneet.","breadcrumb":{"@id":"https:\/\/onlinelotto365.com\/fi\/voittonumerot\/bonoloto\/#breadcrumb"},"inLanguage":"fi","potentialAction":[{"@type":"ReadAction","target":["https:\/\/onlinelotto365.com\/fi\/voittonumerot\/bonoloto\/"]}]},{"@type":"ImageObject","inLanguage":"fi","@id":"https:\/\/onlinelotto365.com\/fi\/voittonumerot\/bonoloto\/#primaryimage","url":"https:\/\/redfoxlotto.com\/image?size=8&amp;lottery=bonoloto","contentUrl":"https:\/\/redfoxlotto.com\/image?size=8&amp;lottery=bonoloto"},{"@type":"BreadcrumbList","@id":"https:\/\/onlinelotto365.com\/fi\/voittonumerot\/bonoloto\/#breadcrumb","itemListElement":[{"@type":"ListItem","position":1,"name":"Home","item":"https:\/\/onlinelotto365.com\/fi\/"},{"@type":"ListItem","position":2,"name":"L\u00f6yd\u00e4 voittonumerot ja tulokset uusimmista lottoarpajaisista","item":"https:\/\/onlinelotto365.com\/fi\/voittonumerot\/"},{"@type":"ListItem","position":3,"name":"Espanjan Bonoloto tulokset"}]},{"@type":"WebSite","@id":"https:\/\/onlinelotto365.com\/fi\/#website","url":"https:\/\/onlinelotto365.com\/fi\/","name":"OnlineLotto365","description":"","potentialAction":[{"@type":"SearchAction","target":{"@type":"EntryPoint","urlTemplate":"https:\/\/onlinelotto365.com\/fi\/?s={search_term_string}"},"query-input":{"@type":"PropertyValueSpecification","valueRequired":true,"valueName":"search_term_string"}}],"inLanguage":"fi"}]}},"_links":{"self":[{"href":"https:\/\/onlinelotto365.com\/fi\/wp-json\/wp\/v2\/pages\/80730","targetHints":{"allow":["GET"]}}],"collection":[{"href":"https:\/\/onlinelotto365.com\/fi\/wp-json\/wp\/v2\/pages"}],"about":[{"href":"https:\/\/onlinelotto365.com\/fi\/wp-json\/wp\/v2\/types\/page"}],"author":[{"embeddable":true,"href":"https:\/\/onlinelotto365.com\/fi\/wp-json\/wp\/v2\/users\/1"}],"replies":[{"embeddable":true,"href":"https:\/\/onlinelotto365.com\/fi\/wp-json\/wp\/v2\/comments?post=80730"}],"version-history":[{"count":0,"href":"https:\/\/onlinelotto365.com\/fi\/wp-json\/wp\/v2\/pages\/80730\/revisions"}],"up":[{"embeddable":true,"href":"https:\/\/onlinelotto365.com\/fi\/wp-json\/wp\/v2\/pages\/58289"}],"wp:attachment":[{"href":"https:\/\/onlinelotto365.com\/fi\/wp-json\/wp\/v2\/media?parent=80730"}],"curies":[{"name":"wp","href":"https:\/\/api.w.org\/{rel}","templated":true}]}}