{"id":80762,"date":"2022-11-23T07:17:59","date_gmt":"2022-11-23T06:17:59","guid":{"rendered":"https:\/\/onlinelotto365.com\/?page_id=80762"},"modified":"2022-11-23T07:17:59","modified_gmt":"2022-11-23T06:17:59","slug":"uk-lottery","status":"publish","type":"page","link":"https:\/\/onlinelotto365.com\/fi\/voittonumerot\/uk-lottery\/","title":{"rendered":"Yhdistyneen kuningaskunnan lottotulokset"},"content":{"rendered":"<p>Maailmalla on paljon erilaisia kansainv\u00e4lisi\u00e4 pelej\u00e4, ja me tarjoamme niit\u00e4 paljon. Se voi tarkoittaa, ett\u00e4 sinulla voi olla vaikea l\u00f6yt\u00e4\u00e4 tuloksia arvonnan j\u00e4lkeen. Jotkut haluavat katsoa sanomalehdest\u00e4, mutta paikallislehdess\u00e4si ei v\u00e4ltt\u00e4m\u00e4tt\u00e4 ole Yhdistyneen kuningaskunnan lottotuloksia. Toisaalta tv-kanavillakaan ei v\u00e4ltt\u00e4m\u00e4tt\u00e4 ole n\u00e4it\u00e4 tuloksia, tai voi kest\u00e4\u00e4 aikaa l\u00f6yt\u00e4\u00e4 oikea kanava, jolla niit\u00e4 on.<br \/>\n<a href=\"https:\/\/redfoxlotto.com\/play\/lotto-uk\/?ref=a8564250a2&amp;medium=ol365\" target=\"_blank\" rel=\"noopener noreferrer\"><img decoding=\"async\" class=\"aligncenter\" src=\"https:\/\/redfoxlotto.com\/image?size=8&amp;lottery=lotto-uk\" alt=\"uk-arpajaiset\" \/><\/a><br \/>\nToinen vaihtoehto on katsoa Yhdistyneen kuningaskunnan loton virallista verkkosivustoa, jossa voi olla suoraa l\u00e4hetyst\u00e4 arvontaprosessista. Kaikki lottopelit eiv\u00e4t kuitenkaan tarjoa t\u00e4llaista suoratoistoj\u00e4rjestelm\u00e4\u00e4, ja silloinkin, kun ne tarjoavat, sinun on oltava paikalla juuri oikeaan aikaan. Mill\u00e4 tavalla voit siis l\u00f6yt\u00e4\u00e4 Yhdistyneen kuningaskunnan loton tulokset?<br \/>\nToinen vaihtoehto on tarkistaa YouTubesta viimeisin UK Lottery -arvonta, jos se on jo p\u00e4\u00e4ttynyt. Joskus ihmiset lataavat tallenteen tai julkaisevat voittonumerot jollakin tavalla.<\/p>\n<p>Helpoin tapa saada voittonumerot selville on kuitenkin tarkistaa verkkosivustomme. Lottotulossivullamme n\u00e4et tulokset ja palkinnot Ison-Britannian lottoon sek\u00e4 kaikkiin muihin lottopeleihimme, joita meill\u00e4 on saatavilla.<\/p>\n<h2>Miten saat selville, onko nettilottosi voittanut<\/h2>\n<p>Viel\u00e4 parempaa sinulle on se, ett\u00e4 voit tarkistaa tilisivultasi, jos olet jo ostanut lippuja. Tilisivullasi n\u00e4yt\u00e4mme sinulle mink\u00e4 tahansa omistamasi arvan voittonumerot ja vertaamme niit\u00e4 omaan lippuusi. Korostamme jopa ne numerot, jotka t\u00e4sm\u00e4\u00e4v\u00e4t.<br \/>\nJa jos voitat alle 2500 euroa, sinun ei tarvitse tehd\u00e4 mit\u00e4\u00e4n, sill\u00e4 rahat siirret\u00e4\u00e4n jo suoraan pelitilillesi heti, kun tulokset on vahvistettu. N\u00e4in sinun on helpompi ostaa lis\u00e4\u00e4 lippuja seuraavaan arvontaan.<\/p>\n<h2>Yhdistyneen kuningaskunnan lottotulosten arkisto<\/h2>\n<p>Jokaisella sivustomme sivulla, joka n\u00e4ytt\u00e4\u00e4 sinulle nykyiset voittonumerot, n\u00e4ytet\u00e4\u00e4n my\u00f6s vanhat UK Lottery -tulokset. Voit tarkistaa aiemmista arvonnoista vanhoja lippuja tai selvitt\u00e4\u00e4 numerot, joita haluat pelata seuraavalla kerralla. Loppujen lopuksi monet ihmiset haluavat tarkistaa vanhat numerot valitakseen omansa.<\/p>\n<h2>Lottoni on voittanut, mit\u00e4 tapahtuu seuraavaksi?<\/h2>\n<p><img loading=\"lazy\" decoding=\"async\" class=\"alignright wp-image-3550\" src=\"https:\/\/onlinelotto365.com\/wp-content\/uploads\/2020\/11\/online_lottery-108-300x232.jpg\" alt=\"uk lottotulokset\" width=\"146\" height=\"113\" srcset=\"https:\/\/onlinelotto365.com\/wp-content\/uploads\/2020\/11\/online_lottery-108-300x232.jpg 300w, https:\/\/onlinelotto365.com\/wp-content\/uploads\/2020\/11\/online_lottery-108.jpg 320w\" sizes=\"auto, (max-width: 146px) 100vw, 146px\" \/><br \/>\nJos sinulla on voittokuponki ja olet oikeutettu alle 2500 euroon, sinun ei tarvitse tehd\u00e4 yht\u00e4\u00e4n mit\u00e4\u00e4n. Me hoidamme kaiken puolestasi ja varmistamme, ett\u00e4 saat voittosi suoraan tilillesi. Jos haluat k\u00e4ytt\u00e4\u00e4 n\u00e4m\u00e4 rahat, voit ostaa niill\u00e4 viel\u00e4 lis\u00e4\u00e4 lippuja. Jos et halua, voit nostaa rahat, kunhan sinulla on v\u00e4hint\u00e4\u00e4n 10 \u20ac k\u00e4ytett\u00e4viss\u00e4si. N\u00e4m\u00e4 rahat on nostettava maksutavalla, jota on jo k\u00e4ytetty sivustollamme, ja sinun on ehk\u00e4 tarkistettava henkil\u00f6llisyytesi liittovaltion s\u00e4\u00e4nn\u00f6sten noudattamiseksi.<\/p>\n","protected":false},"excerpt":{"rendered":"<p>Maailmalla on paljon erilaisia kansainv\u00e4lisi\u00e4 pelej\u00e4, ja me tarjoamme niit\u00e4 paljon. Se voi tarkoittaa, ett\u00e4 sinulla voi olla vaikea l\u00f6yt\u00e4\u00e4 tuloksia arvonnan j\u00e4lkeen. Jotkut haluavat katsoa sanomalehdest\u00e4, mutta paikallislehdess\u00e4si ei v\u00e4ltt\u00e4m\u00e4tt\u00e4 ole Yhdistyneen kuningaskunnan lottotuloksia. Toisaalta tv-kanavillakaan ei v\u00e4ltt\u00e4m\u00e4tt\u00e4 ole n\u00e4it\u00e4 tuloksia, tai voi kest\u00e4\u00e4 aikaa l\u00f6yt\u00e4\u00e4 oikea kanava, jolla niit\u00e4 on. Toinen vaihtoehto on [&hellip;]<\/p>\n","protected":false},"author":1,"featured_media":0,"parent":58289,"menu_order":9,"comment_status":"closed","ping_status":"closed","template":"lotto-uk-results.php","meta":{"_et_pb_use_builder":"","_et_pb_old_content":"","_et_gb_content_width":"","exclude_from_search":false,"footnotes":""},"class_list":["post-80762","page","type-page","status-publish","hentry"],"yoast_head":"<!-- This site is optimized with the Yoast SEO plugin v23.4 - https:\/\/yoast.com\/wordpress\/plugins\/seo\/ -->\n<title>Tulokset, voittonumerot UK Lottery<\/title>\n<meta name=\"description\" content=\"Katso heti arvonnan j\u00e4lkeen Iso-Britannian lottotulokset ja -numerot t\u00e4\u00e4lt\u00e4.\" \/>\n<meta name=\"robots\" content=\"index, follow, max-snippet:-1, max-image-preview:large, max-video-preview:-1\" \/>\n<link rel=\"canonical\" href=\"https:\/\/onlinelotto365.com\/fi\/voittonumerot\/uk-lottery\/\" \/>\n<meta property=\"og:locale\" content=\"fi_FI\" \/>\n<meta property=\"og:type\" content=\"article\" \/>\n<meta property=\"og:title\" content=\"Tulokset, voittonumerot UK Lottery\" \/>\n<meta property=\"og:description\" content=\"Katso heti arvonnan j\u00e4lkeen Iso-Britannian lottotulokset ja -numerot t\u00e4\u00e4lt\u00e4.\" \/>\n<meta property=\"og:url\" content=\"https:\/\/onlinelotto365.com\/fi\/voittonumerot\/uk-lottery\/\" \/>\n<meta property=\"og:site_name\" content=\"OnlineLotto365\" \/>\n<meta property=\"og:image\" content=\"https:\/\/redfoxlotto.com\/image?size=8&amp;lottery=lotto-uk\" \/>\n<meta name=\"twitter:card\" content=\"summary_large_image\" \/>\n<meta name=\"twitter:label1\" content=\"Arvioitu lukuaika\" \/>\n\t<meta name=\"twitter:data1\" content=\"2 minuuttia\" \/>\n<script type=\"application\/ld+json\" class=\"yoast-schema-graph\">{\"@context\":\"https:\/\/schema.org\",\"@graph\":[{\"@type\":\"WebPage\",\"@id\":\"https:\/\/onlinelotto365.com\/fi\/voittonumerot\/uk-lottery\/\",\"url\":\"https:\/\/onlinelotto365.com\/fi\/voittonumerot\/uk-lottery\/\",\"name\":\"Tulokset, voittonumerot UK Lottery\",\"isPartOf\":{\"@id\":\"https:\/\/onlinelotto365.com\/fi\/#website\"},\"primaryImageOfPage\":{\"@id\":\"https:\/\/onlinelotto365.com\/fi\/voittonumerot\/uk-lottery\/#primaryimage\"},\"image\":{\"@id\":\"https:\/\/onlinelotto365.com\/fi\/voittonumerot\/uk-lottery\/#primaryimage\"},\"thumbnailUrl\":\"https:\/\/redfoxlotto.com\/image?size=8&amp;lottery=lotto-uk\",\"datePublished\":\"2022-11-23T06:17:59+00:00\",\"dateModified\":\"2022-11-23T06:17:59+00:00\",\"description\":\"Katso heti arvonnan j\u00e4lkeen Iso-Britannian lottotulokset ja -numerot t\u00e4\u00e4lt\u00e4.\",\"breadcrumb\":{\"@id\":\"https:\/\/onlinelotto365.com\/fi\/voittonumerot\/uk-lottery\/#breadcrumb\"},\"inLanguage\":\"fi\",\"potentialAction\":[{\"@type\":\"ReadAction\",\"target\":[\"https:\/\/onlinelotto365.com\/fi\/voittonumerot\/uk-lottery\/\"]}]},{\"@type\":\"ImageObject\",\"inLanguage\":\"fi\",\"@id\":\"https:\/\/onlinelotto365.com\/fi\/voittonumerot\/uk-lottery\/#primaryimage\",\"url\":\"https:\/\/redfoxlotto.com\/image?size=8&amp;lottery=lotto-uk\",\"contentUrl\":\"https:\/\/redfoxlotto.com\/image?size=8&amp;lottery=lotto-uk\"},{\"@type\":\"BreadcrumbList\",\"@id\":\"https:\/\/onlinelotto365.com\/fi\/voittonumerot\/uk-lottery\/#breadcrumb\",\"itemListElement\":[{\"@type\":\"ListItem\",\"position\":1,\"name\":\"Home\",\"item\":\"https:\/\/onlinelotto365.com\/fi\/\"},{\"@type\":\"ListItem\",\"position\":2,\"name\":\"L\u00f6yd\u00e4 voittonumerot ja tulokset uusimmista lottoarpajaisista\",\"item\":\"https:\/\/onlinelotto365.com\/fi\/voittonumerot\/\"},{\"@type\":\"ListItem\",\"position\":3,\"name\":\"Yhdistyneen kuningaskunnan lottotulokset\"}]},{\"@type\":\"WebSite\",\"@id\":\"https:\/\/onlinelotto365.com\/fi\/#website\",\"url\":\"https:\/\/onlinelotto365.com\/fi\/\",\"name\":\"OnlineLotto365\",\"description\":\"\",\"potentialAction\":[{\"@type\":\"SearchAction\",\"target\":{\"@type\":\"EntryPoint\",\"urlTemplate\":\"https:\/\/onlinelotto365.com\/fi\/?s={search_term_string}\"},\"query-input\":{\"@type\":\"PropertyValueSpecification\",\"valueRequired\":true,\"valueName\":\"search_term_string\"}}],\"inLanguage\":\"fi\"}]}<\/script>\n<!-- \/ Yoast SEO plugin. -->","yoast_head_json":{"title":"Tulokset, voittonumerot UK Lottery","description":"Katso heti arvonnan j\u00e4lkeen Iso-Britannian lottotulokset ja -numerot t\u00e4\u00e4lt\u00e4.","robots":{"index":"index","follow":"follow","max-snippet":"max-snippet:-1","max-image-preview":"max-image-preview:large","max-video-preview":"max-video-preview:-1"},"canonical":"https:\/\/onlinelotto365.com\/fi\/voittonumerot\/uk-lottery\/","og_locale":"fi_FI","og_type":"article","og_title":"Tulokset, voittonumerot UK Lottery","og_description":"Katso heti arvonnan j\u00e4lkeen Iso-Britannian lottotulokset ja -numerot t\u00e4\u00e4lt\u00e4.","og_url":"https:\/\/onlinelotto365.com\/fi\/voittonumerot\/uk-lottery\/","og_site_name":"OnlineLotto365","og_image":[{"url":"https:\/\/redfoxlotto.com\/image?size=8&amp;lottery=lotto-uk"}],"twitter_card":"summary_large_image","twitter_misc":{"Arvioitu lukuaika":"2 minuuttia"},"schema":{"@context":"https:\/\/schema.org","@graph":[{"@type":"WebPage","@id":"https:\/\/onlinelotto365.com\/fi\/voittonumerot\/uk-lottery\/","url":"https:\/\/onlinelotto365.com\/fi\/voittonumerot\/uk-lottery\/","name":"Tulokset, voittonumerot UK Lottery","isPartOf":{"@id":"https:\/\/onlinelotto365.com\/fi\/#website"},"primaryImageOfPage":{"@id":"https:\/\/onlinelotto365.com\/fi\/voittonumerot\/uk-lottery\/#primaryimage"},"image":{"@id":"https:\/\/onlinelotto365.com\/fi\/voittonumerot\/uk-lottery\/#primaryimage"},"thumbnailUrl":"https:\/\/redfoxlotto.com\/image?size=8&amp;lottery=lotto-uk","datePublished":"2022-11-23T06:17:59+00:00","dateModified":"2022-11-23T06:17:59+00:00","description":"Katso heti arvonnan j\u00e4lkeen Iso-Britannian lottotulokset ja -numerot t\u00e4\u00e4lt\u00e4.","breadcrumb":{"@id":"https:\/\/onlinelotto365.com\/fi\/voittonumerot\/uk-lottery\/#breadcrumb"},"inLanguage":"fi","potentialAction":[{"@type":"ReadAction","target":["https:\/\/onlinelotto365.com\/fi\/voittonumerot\/uk-lottery\/"]}]},{"@type":"ImageObject","inLanguage":"fi","@id":"https:\/\/onlinelotto365.com\/fi\/voittonumerot\/uk-lottery\/#primaryimage","url":"https:\/\/redfoxlotto.com\/image?size=8&amp;lottery=lotto-uk","contentUrl":"https:\/\/redfoxlotto.com\/image?size=8&amp;lottery=lotto-uk"},{"@type":"BreadcrumbList","@id":"https:\/\/onlinelotto365.com\/fi\/voittonumerot\/uk-lottery\/#breadcrumb","itemListElement":[{"@type":"ListItem","position":1,"name":"Home","item":"https:\/\/onlinelotto365.com\/fi\/"},{"@type":"ListItem","position":2,"name":"L\u00f6yd\u00e4 voittonumerot ja tulokset uusimmista lottoarpajaisista","item":"https:\/\/onlinelotto365.com\/fi\/voittonumerot\/"},{"@type":"ListItem","position":3,"name":"Yhdistyneen kuningaskunnan lottotulokset"}]},{"@type":"WebSite","@id":"https:\/\/onlinelotto365.com\/fi\/#website","url":"https:\/\/onlinelotto365.com\/fi\/","name":"OnlineLotto365","description":"","potentialAction":[{"@type":"SearchAction","target":{"@type":"EntryPoint","urlTemplate":"https:\/\/onlinelotto365.com\/fi\/?s={search_term_string}"},"query-input":{"@type":"PropertyValueSpecification","valueRequired":true,"valueName":"search_term_string"}}],"inLanguage":"fi"}]}},"_links":{"self":[{"href":"https:\/\/onlinelotto365.com\/fi\/wp-json\/wp\/v2\/pages\/80762","targetHints":{"allow":["GET"]}}],"collection":[{"href":"https:\/\/onlinelotto365.com\/fi\/wp-json\/wp\/v2\/pages"}],"about":[{"href":"https:\/\/onlinelotto365.com\/fi\/wp-json\/wp\/v2\/types\/page"}],"author":[{"embeddable":true,"href":"https:\/\/onlinelotto365.com\/fi\/wp-json\/wp\/v2\/users\/1"}],"replies":[{"embeddable":true,"href":"https:\/\/onlinelotto365.com\/fi\/wp-json\/wp\/v2\/comments?post=80762"}],"version-history":[{"count":0,"href":"https:\/\/onlinelotto365.com\/fi\/wp-json\/wp\/v2\/pages\/80762\/revisions"}],"up":[{"embeddable":true,"href":"https:\/\/onlinelotto365.com\/fi\/wp-json\/wp\/v2\/pages\/58289"}],"wp:attachment":[{"href":"https:\/\/onlinelotto365.com\/fi\/wp-json\/wp\/v2\/media?parent=80762"}],"curies":[{"name":"wp","href":"https:\/\/api.w.org\/{rel}","templated":true}]}}