{"id":80797,"date":"2022-11-23T08:02:35","date_gmt":"2022-11-23T07:02:35","guid":{"rendered":"https:\/\/onlinelotto365.com\/?page_id=80797"},"modified":"2022-11-23T08:02:35","modified_gmt":"2022-11-23T07:02:35","slug":"set-for-life","status":"publish","type":"page","link":"https:\/\/onlinelotto365.com\/fi\/voittonumerot\/set-for-life\/","title":{"rendered":"Set for life -arvonnan tulokset"},"content":{"rendered":"<p>Kansainv\u00e4liset lottopelit voivat olla hauskoja, mutta niiden voittonumeroiden l\u00f6yt\u00e4minen vaatii hieman vaivann\u00e4k\u00f6\u00e4. Set for Lifen numeroita ei v\u00e4ltt\u00e4m\u00e4tt\u00e4 l\u00f6ydy paikallisesta sanomalehdest\u00e4si. T\u00e4m\u00e4 johtuu siit\u00e4, ett\u00e4 et ehk\u00e4 ole oikealla alueella.<br \/>\n<a href=\"https:\/\/redfoxlotto.com\/play\/set-for-life-uk\/?ref=a8564250a2&amp;medium=ol365\" target=\"_blank\" rel=\"noopener noreferrer\"><img decoding=\"async\" class=\"aligncenter\" src=\"https:\/\/redfoxlotto.com\/image?size=8&amp;lottery=set-for-life-uk\" alt=\"set for life\" \/><\/a><br \/>\nSama p\u00e4tee my\u00f6s tulosten katsomiseen televisiosta. Jos et ole oikealla alueella, joudut etsim\u00e4\u00e4n paljon l\u00f6yt\u00e4\u00e4ksesi kanavan, joka n\u00e4ytt\u00e4\u00e4 tulokset.<br \/>\nVoit my\u00f6s katsoa viralliselta Set for Life -verkkosivustolta, onko siell\u00e4 suoraa l\u00e4hetyst\u00e4 voittonumeroista. Jos on, kannattaa k\u00e4yd\u00e4 katsomassa, sill\u00e4 arvonnan seuraaminen suorana l\u00e4hetyksen\u00e4 on yksi j\u00e4nnitt\u00e4vimmist\u00e4 vaihtoehdoista. Toisaalta kaikki lottopelit eiv\u00e4t tarjoa t\u00e4t\u00e4 vaihtoehtoa, etk\u00e4 v\u00e4ltt\u00e4m\u00e4tt\u00e4 l\u00f6yd\u00e4 sit\u00e4.<\/p>\n<p>Toinen paikka, josta voit etsi\u00e4, on YouTube. Sielt\u00e4 voi joskus l\u00f6yt\u00e4\u00e4 arvontavideoita arvonnan j\u00e4lkeen, ja voit ehk\u00e4 l\u00f6yt\u00e4\u00e4 voittonumerot.<\/p>\n<p>K\u00e4tevin tapa l\u00f6yt\u00e4\u00e4 Set for Life -loton voittonumerot on menn\u00e4 verkkosivuillemme. Meill\u00e4 on saatavilla kaikki voittonumerot kaikista tarjolla olevista peleist\u00e4mme. L\u00f6yd\u00e4t siis Set for Life ja paljon muuta.<\/p>\n<h2>Miten saat selville, onko nettilippusi voittanut<\/h2>\n<p>Tilanne paranee entisest\u00e4\u00e4n, jos olet jo ostanut Set for Life -lippuja meilt\u00e4. Teemme nimitt\u00e4in jo hankkimiesi lippujen tarkistamisen entist\u00e4kin helpommaksi. Voit tarkistaa sivulta, jossa kaikki lippusi on tallennettu, ja sielt\u00e4 l\u00f6yd\u00e4t paitsi lippusi numerot my\u00f6s voittaneen lipun numerot. Huolehdimme jopa siit\u00e4, ett\u00e4 tied\u00e4t, mitk\u00e4 numerot t\u00e4sm\u00e4\u00e4v\u00e4t, v\u00e4rikoodaamalla ne. N\u00e4in sinun ei tarvitse edes katsoa vaihtoehtoja itse. Jos voittosumma on alle 2500 euroa, sinun ei tarvitse huolehtia, sill\u00e4 saamme rahat tilillesi heti.<\/p>\n<h2>Set for life -tulosarkisto<\/h2>\n<p>Ne, jotka haluavat katsoa Set for Lifen vanhoja numeroita, voivat tehd\u00e4 sen helposti. Meill\u00e4 on arkistonumerot saatavilla kaikkialla, miss\u00e4 uusimmat tulokset ovat. N\u00e4in n\u00e4et, mit\u00e4 numeroita arvotaan eniten ja mitk\u00e4 numerot saattavat olla uuden arvonnan edess\u00e4.<\/p>\n<h2>Arpalippuni on voittanut, mit\u00e4 tapahtuu seuraavaksi?<\/h2>\n<p>Jos voitat Set for Life -lottokupongillasi, sinun tarvitsee vain odottaa ja katsoa, mit\u00e4 tapahtuu. Me nimitt\u00e4in hoidamme useimmat asiat puolestasi. Voit odottaa mit\u00e4 tahansa summaa, joka on alle 2500 euroa, koska me maksamme sen heti tilillesi heti, kun voittonumerot on vahvistettu.<br \/>\n<img loading=\"lazy\" decoding=\"async\" class=\"alignright wp-image-3543\" src=\"https:\/\/onlinelotto365.com\/wp-content\/uploads\/2020\/11\/online_lottery-3-300x300.jpg\" alt=\"set for life voittonumerot\" width=\"187\" height=\"187\" srcset=\"https:\/\/onlinelotto365.com\/wp-content\/uploads\/2020\/11\/online_lottery-3-300x300.jpg 300w, https:\/\/onlinelotto365.com\/wp-content\/uploads\/2020\/11\/online_lottery-3-100x100.jpg 100w, https:\/\/onlinelotto365.com\/wp-content\/uploads\/2020\/11\/online_lottery-3-150x150.jpg 150w, https:\/\/onlinelotto365.com\/wp-content\/uploads\/2020\/11\/online_lottery-3.jpg 320w\" sizes=\"auto, (max-width: 187px) 100vw, 187px\" \/><br \/>\nSitten, jos tilill\u00e4si on v\u00e4hint\u00e4\u00e4n 10 \u20ac, sinulla on mahdollisuus nostaa rahasi pankkitilillesi. Sinun on vain varmistettava, ett\u00e4 k\u00e4yt\u00e4t tili\u00e4, jota olet jo aiemmin k\u00e4ytt\u00e4nyt j\u00e4rjestelm\u00e4ss\u00e4mme. Lis\u00e4ksi sinun on vahvistettava henkil\u00f6llisyytesi ja tietosi maksuprosessorillemme. T\u00e4m\u00e4 on yksinkertainen prosessi, joka voidaan tehd\u00e4 vain muutamalla lomakkeella, ja ennen kuin huomaatkaan, rahasi ovat k\u00e4ytett\u00e4viss\u00e4.<\/p>\n","protected":false},"excerpt":{"rendered":"<p>Kansainv\u00e4liset lottopelit voivat olla hauskoja, mutta niiden voittonumeroiden l\u00f6yt\u00e4minen vaatii hieman vaivann\u00e4k\u00f6\u00e4. Set for Lifen numeroita ei v\u00e4ltt\u00e4m\u00e4tt\u00e4 l\u00f6ydy paikallisesta sanomalehdest\u00e4si. T\u00e4m\u00e4 johtuu siit\u00e4, ett\u00e4 et ehk\u00e4 ole oikealla alueella. Sama p\u00e4tee my\u00f6s tulosten katsomiseen televisiosta. Jos et ole oikealla alueella, joudut etsim\u00e4\u00e4n paljon l\u00f6yt\u00e4\u00e4ksesi kanavan, joka n\u00e4ytt\u00e4\u00e4 tulokset. Voit my\u00f6s katsoa viralliselta Set for [&hellip;]<\/p>\n","protected":false},"author":1,"featured_media":0,"parent":58289,"menu_order":10,"comment_status":"closed","ping_status":"closed","template":"set-for-life-results.php","meta":{"_et_pb_use_builder":"","_et_pb_old_content":"","_et_gb_content_width":"","exclude_from_search":false,"footnotes":""},"class_list":["post-80797","page","type-page","status-publish","hentry"],"yoast_head":"<!-- This site is optimized with the Yoast SEO plugin v23.4 - https:\/\/yoast.com\/wordpress\/plugins\/seo\/ -->\n<title>Set for life -arvonnan viimeisimm\u00e4t voittonumerot ja voitonmaksut<\/title>\n<meta name=\"description\" content=\"Pelasitko Set for life -lottoa? Meill\u00e4 on uusimmat ja aiemmat voittonumerot\" \/>\n<meta name=\"robots\" content=\"index, follow, max-snippet:-1, max-image-preview:large, max-video-preview:-1\" \/>\n<link rel=\"canonical\" href=\"https:\/\/onlinelotto365.com\/fi\/voittonumerot\/set-for-life\/\" \/>\n<meta property=\"og:locale\" content=\"fi_FI\" \/>\n<meta property=\"og:type\" content=\"article\" \/>\n<meta property=\"og:title\" content=\"Set for life -arvonnan viimeisimm\u00e4t voittonumerot ja voitonmaksut\" \/>\n<meta property=\"og:description\" content=\"Pelasitko Set for life -lottoa? Meill\u00e4 on uusimmat ja aiemmat voittonumerot\" \/>\n<meta property=\"og:url\" content=\"https:\/\/onlinelotto365.com\/fi\/voittonumerot\/set-for-life\/\" \/>\n<meta property=\"og:site_name\" content=\"OnlineLotto365\" \/>\n<meta property=\"og:image\" content=\"https:\/\/redfoxlotto.com\/image?size=8&amp;lottery=set-for-life-uk\" \/>\n<meta name=\"twitter:card\" content=\"summary_large_image\" \/>\n<meta name=\"twitter:label1\" content=\"Arvioitu lukuaika\" \/>\n\t<meta name=\"twitter:data1\" content=\"2 minuuttia\" \/>\n<script type=\"application\/ld+json\" class=\"yoast-schema-graph\">{\"@context\":\"https:\/\/schema.org\",\"@graph\":[{\"@type\":\"WebPage\",\"@id\":\"https:\/\/onlinelotto365.com\/fi\/voittonumerot\/set-for-life\/\",\"url\":\"https:\/\/onlinelotto365.com\/fi\/voittonumerot\/set-for-life\/\",\"name\":\"Set for life -arvonnan viimeisimm\u00e4t voittonumerot ja voitonmaksut\",\"isPartOf\":{\"@id\":\"https:\/\/onlinelotto365.com\/fi\/#website\"},\"primaryImageOfPage\":{\"@id\":\"https:\/\/onlinelotto365.com\/fi\/voittonumerot\/set-for-life\/#primaryimage\"},\"image\":{\"@id\":\"https:\/\/onlinelotto365.com\/fi\/voittonumerot\/set-for-life\/#primaryimage\"},\"thumbnailUrl\":\"https:\/\/redfoxlotto.com\/image?size=8&amp;lottery=set-for-life-uk\",\"datePublished\":\"2022-11-23T07:02:35+00:00\",\"dateModified\":\"2022-11-23T07:02:35+00:00\",\"description\":\"Pelasitko Set for life -lottoa? Meill\u00e4 on uusimmat ja aiemmat voittonumerot\",\"breadcrumb\":{\"@id\":\"https:\/\/onlinelotto365.com\/fi\/voittonumerot\/set-for-life\/#breadcrumb\"},\"inLanguage\":\"fi\",\"potentialAction\":[{\"@type\":\"ReadAction\",\"target\":[\"https:\/\/onlinelotto365.com\/fi\/voittonumerot\/set-for-life\/\"]}]},{\"@type\":\"ImageObject\",\"inLanguage\":\"fi\",\"@id\":\"https:\/\/onlinelotto365.com\/fi\/voittonumerot\/set-for-life\/#primaryimage\",\"url\":\"https:\/\/redfoxlotto.com\/image?size=8&amp;lottery=set-for-life-uk\",\"contentUrl\":\"https:\/\/redfoxlotto.com\/image?size=8&amp;lottery=set-for-life-uk\"},{\"@type\":\"BreadcrumbList\",\"@id\":\"https:\/\/onlinelotto365.com\/fi\/voittonumerot\/set-for-life\/#breadcrumb\",\"itemListElement\":[{\"@type\":\"ListItem\",\"position\":1,\"name\":\"Home\",\"item\":\"https:\/\/onlinelotto365.com\/fi\/\"},{\"@type\":\"ListItem\",\"position\":2,\"name\":\"L\u00f6yd\u00e4 voittonumerot ja tulokset uusimmista lottoarpajaisista\",\"item\":\"https:\/\/onlinelotto365.com\/fi\/voittonumerot\/\"},{\"@type\":\"ListItem\",\"position\":3,\"name\":\"Set for life -arvonnan tulokset\"}]},{\"@type\":\"WebSite\",\"@id\":\"https:\/\/onlinelotto365.com\/fi\/#website\",\"url\":\"https:\/\/onlinelotto365.com\/fi\/\",\"name\":\"OnlineLotto365\",\"description\":\"\",\"potentialAction\":[{\"@type\":\"SearchAction\",\"target\":{\"@type\":\"EntryPoint\",\"urlTemplate\":\"https:\/\/onlinelotto365.com\/fi\/?s={search_term_string}\"},\"query-input\":{\"@type\":\"PropertyValueSpecification\",\"valueRequired\":true,\"valueName\":\"search_term_string\"}}],\"inLanguage\":\"fi\"}]}<\/script>\n<!-- \/ Yoast SEO plugin. -->","yoast_head_json":{"title":"Set for life -arvonnan viimeisimm\u00e4t voittonumerot ja voitonmaksut","description":"Pelasitko Set for life -lottoa? Meill\u00e4 on uusimmat ja aiemmat voittonumerot","robots":{"index":"index","follow":"follow","max-snippet":"max-snippet:-1","max-image-preview":"max-image-preview:large","max-video-preview":"max-video-preview:-1"},"canonical":"https:\/\/onlinelotto365.com\/fi\/voittonumerot\/set-for-life\/","og_locale":"fi_FI","og_type":"article","og_title":"Set for life -arvonnan viimeisimm\u00e4t voittonumerot ja voitonmaksut","og_description":"Pelasitko Set for life -lottoa? Meill\u00e4 on uusimmat ja aiemmat voittonumerot","og_url":"https:\/\/onlinelotto365.com\/fi\/voittonumerot\/set-for-life\/","og_site_name":"OnlineLotto365","og_image":[{"url":"https:\/\/redfoxlotto.com\/image?size=8&amp;lottery=set-for-life-uk"}],"twitter_card":"summary_large_image","twitter_misc":{"Arvioitu lukuaika":"2 minuuttia"},"schema":{"@context":"https:\/\/schema.org","@graph":[{"@type":"WebPage","@id":"https:\/\/onlinelotto365.com\/fi\/voittonumerot\/set-for-life\/","url":"https:\/\/onlinelotto365.com\/fi\/voittonumerot\/set-for-life\/","name":"Set for life -arvonnan viimeisimm\u00e4t voittonumerot ja voitonmaksut","isPartOf":{"@id":"https:\/\/onlinelotto365.com\/fi\/#website"},"primaryImageOfPage":{"@id":"https:\/\/onlinelotto365.com\/fi\/voittonumerot\/set-for-life\/#primaryimage"},"image":{"@id":"https:\/\/onlinelotto365.com\/fi\/voittonumerot\/set-for-life\/#primaryimage"},"thumbnailUrl":"https:\/\/redfoxlotto.com\/image?size=8&amp;lottery=set-for-life-uk","datePublished":"2022-11-23T07:02:35+00:00","dateModified":"2022-11-23T07:02:35+00:00","description":"Pelasitko Set for life -lottoa? Meill\u00e4 on uusimmat ja aiemmat voittonumerot","breadcrumb":{"@id":"https:\/\/onlinelotto365.com\/fi\/voittonumerot\/set-for-life\/#breadcrumb"},"inLanguage":"fi","potentialAction":[{"@type":"ReadAction","target":["https:\/\/onlinelotto365.com\/fi\/voittonumerot\/set-for-life\/"]}]},{"@type":"ImageObject","inLanguage":"fi","@id":"https:\/\/onlinelotto365.com\/fi\/voittonumerot\/set-for-life\/#primaryimage","url":"https:\/\/redfoxlotto.com\/image?size=8&amp;lottery=set-for-life-uk","contentUrl":"https:\/\/redfoxlotto.com\/image?size=8&amp;lottery=set-for-life-uk"},{"@type":"BreadcrumbList","@id":"https:\/\/onlinelotto365.com\/fi\/voittonumerot\/set-for-life\/#breadcrumb","itemListElement":[{"@type":"ListItem","position":1,"name":"Home","item":"https:\/\/onlinelotto365.com\/fi\/"},{"@type":"ListItem","position":2,"name":"L\u00f6yd\u00e4 voittonumerot ja tulokset uusimmista lottoarpajaisista","item":"https:\/\/onlinelotto365.com\/fi\/voittonumerot\/"},{"@type":"ListItem","position":3,"name":"Set for life -arvonnan tulokset"}]},{"@type":"WebSite","@id":"https:\/\/onlinelotto365.com\/fi\/#website","url":"https:\/\/onlinelotto365.com\/fi\/","name":"OnlineLotto365","description":"","potentialAction":[{"@type":"SearchAction","target":{"@type":"EntryPoint","urlTemplate":"https:\/\/onlinelotto365.com\/fi\/?s={search_term_string}"},"query-input":{"@type":"PropertyValueSpecification","valueRequired":true,"valueName":"search_term_string"}}],"inLanguage":"fi"}]}},"_links":{"self":[{"href":"https:\/\/onlinelotto365.com\/fi\/wp-json\/wp\/v2\/pages\/80797","targetHints":{"allow":["GET"]}}],"collection":[{"href":"https:\/\/onlinelotto365.com\/fi\/wp-json\/wp\/v2\/pages"}],"about":[{"href":"https:\/\/onlinelotto365.com\/fi\/wp-json\/wp\/v2\/types\/page"}],"author":[{"embeddable":true,"href":"https:\/\/onlinelotto365.com\/fi\/wp-json\/wp\/v2\/users\/1"}],"replies":[{"embeddable":true,"href":"https:\/\/onlinelotto365.com\/fi\/wp-json\/wp\/v2\/comments?post=80797"}],"version-history":[{"count":0,"href":"https:\/\/onlinelotto365.com\/fi\/wp-json\/wp\/v2\/pages\/80797\/revisions"}],"up":[{"embeddable":true,"href":"https:\/\/onlinelotto365.com\/fi\/wp-json\/wp\/v2\/pages\/58289"}],"wp:attachment":[{"href":"https:\/\/onlinelotto365.com\/fi\/wp-json\/wp\/v2\/media?parent=80797"}],"curies":[{"name":"wp","href":"https:\/\/api.w.org\/{rel}","templated":true}]}}