{"id":80833,"date":"2022-11-23T11:31:31","date_gmt":"2022-11-23T10:31:31","guid":{"rendered":"https:\/\/onlinelotto365.com\/?page_id=80833"},"modified":"2022-11-23T11:31:31","modified_gmt":"2022-11-23T10:31:31","slug":"german-lotto","status":"publish","type":"page","link":"https:\/\/onlinelotto365.com\/fi\/voittonumerot\/german-lotto\/","title":{"rendered":"Katso Saksan lottovoittonumerot t\u00e4\u00e4lt\u00e4"},"content":{"rendered":"<p>Kansainv\u00e4lisi\u00e4 lottopelej\u00e4 voi olla hieman vaikeampi seurata, koska et v\u00e4ltt\u00e4m\u00e4tt\u00e4 asu samalla alueella, jossa ne arvotaan. Et ehk\u00e4 voi tarkistaa Saksan lottotuloksia paikallisesta sanomalehdest\u00e4si. Etk\u00e4 ehk\u00e4 pysty l\u00f6yt\u00e4m\u00e4\u00e4n Saksan lottovoittonumeroita my\u00f6sk\u00e4\u00e4n televisiosta. Jos l\u00f6yd\u00e4t ne jommaltakummalta paikkakunnalta, sinun on teht\u00e4v\u00e4 kunnon tutkimusmatka, jotta p\u00e4\u00e4set perille.<br \/>\n<a href=\"https:\/\/redfoxlotto.com\/play\/lotto-6aus49\/?ref=a8564250a2&amp;medium=ol365\" target=\"_blank\" rel=\"noopener noreferrer\"><img decoding=\"async\" class=\"aligncenter\" src=\"https:\/\/redfoxlotto.com\/image?size=8&amp;lottery=lotto-6aus49\" alt=\"Saksan Lotto 6aus49\" \/><\/a><\/p>\n<p>Voit my\u00f6s harkita menev\u00e4si Saksan Loton verkkosivustolle. Joskus n\u00e4m\u00e4 viralliset sivustot tarjoavat live-arvontoja, joten voit n\u00e4hd\u00e4 tulokset sit\u00e4 mukaa, kun niit\u00e4 tulee. Kaikissa peleiss\u00e4 ei kuitenkaan ole t\u00e4t\u00e4 mahdollisuutta, ja saatat joutua tilanteeseen, jossa et l\u00f6yd\u00e4 tuloksia edes viralliselta sivustolta.<\/p>\n<p>Voit my\u00f6s katsoa YouTubesta, onko joku ladannut videon live-arvonnasta tai jopa videon, jossa on tulokset jossain vaiheessa arvonnan j\u00e4lkeen.<\/p>\n<p>Helpoin tapa saada etsim\u00e4si tulokset on kuitenkin vilkaista verkkosivujamme. Autamme sinua l\u00f6yt\u00e4m\u00e4\u00e4n Saksan lotto-ottelun tulokset suoraan tulossivultamme. Siell\u00e4 jaamme voittonumerot kaikille lottopeleille, jotka l\u00f6yd\u00e4t sivustoltamme.<\/p>\n<h2>Miten saat selville, onko nettilottosi voittanut?<\/h2>\n<p>Niille, jotka ovat ostaneet meilt\u00e4 lippuja Saksan lottoa varten, tulosten saaminen on viel\u00e4 helpompaa. Sinun tarvitsee nimitt\u00e4in vain vilkaista tilisi sivua. Siell\u00e4 n\u00e4et ostamasi liput kaikkiin tarjolla oleviin peleihimme. Sitten voit vilkaista voittonumeroita samasta paikasta.<br \/>\nKorostamme jopa kaikki numerot, joihin vastasit, ja kerromme sinulle, mit\u00e4 olet voittanut. Ja jos voitat alle 2500 euroa, huolehdimme siit\u00e4, ett\u00e4 summa lis\u00e4t\u00e4\u00e4n tilillesi heti, kun peli on virallisesti vahvistanut numerot. N\u00e4in helppoa se on sinulle.<\/p>\n<h2>Saksan lottotulosten arkisto<\/h2>\n<p>Sivustomme sivuilla, joilla on Saksan Loton uusimmat numerot, n\u00e4et my\u00f6s kaikki vanhat numerot arkistostamme. T\u00e4m\u00e4 johtuu siit\u00e4, ett\u00e4 tied\u00e4mme, ett\u00e4 monet ihmiset haluavat tiet\u00e4\u00e4 vanhemmat numerot, jotta he voivat valita numerot, joita he haluavat k\u00e4ytt\u00e4\u00e4 seuraaviin lippuihinsa. Laitamme ne kaikille sivuille, joilla n\u00e4ytet\u00e4\u00e4n uudet numerot.<\/p>\n<h2>Lippuni on voittanut, mit\u00e4 tapahtuu seuraavaksi?<\/h2>\n<p><img loading=\"lazy\" decoding=\"async\" class=\"alignright size-medium wp-image-3593\" src=\"https:\/\/onlinelotto365.com\/wp-content\/uploads\/2020\/11\/online_lottery-39-300x150.jpg\" alt=\"Saksan lotto voittonumerot\" width=\"300\" height=\"150\" srcset=\"https:\/\/onlinelotto365.com\/wp-content\/uploads\/2020\/11\/online_lottery-39-300x150.jpg 300w, https:\/\/onlinelotto365.com\/wp-content\/uploads\/2020\/11\/online_lottery-39.jpg 490w\" sizes=\"auto, (max-width: 300px) 100vw, 300px\" \/><br \/>\nJos olet voittanut Saksan lotossa ja voittokuponkisi arvo on alle 2500 euroa, huolehdimme rahojen siirt\u00e4misest\u00e4 tilillesi heti, kun kaikki voittonumerot on vahvistettu. Sinun ei siis tarvitse tehd\u00e4 mit\u00e4\u00e4n. Jos voittolapun arvo on yli 2500 euroa, sinun on t\u00e4ytett\u00e4v\u00e4 lomake, mutta autamme sinua silti prosessissa. Jos tilill\u00e4si on v\u00e4hint\u00e4\u00e4n 10 \u20ac, voit nostaa rahat mille tahansa pankki- tai luottokorttitilille, jota olet jo k\u00e4ytt\u00e4nyt sivustollamme. Jos et ole viel\u00e4 k\u00e4ytt\u00e4nyt tili\u00e4 kanssamme, et voi nostaa rahojasi sille.<\/p>\n","protected":false},"excerpt":{"rendered":"<p>Kansainv\u00e4lisi\u00e4 lottopelej\u00e4 voi olla hieman vaikeampi seurata, koska et v\u00e4ltt\u00e4m\u00e4tt\u00e4 asu samalla alueella, jossa ne arvotaan. Et ehk\u00e4 voi tarkistaa Saksan lottotuloksia paikallisesta sanomalehdest\u00e4si. Etk\u00e4 ehk\u00e4 pysty l\u00f6yt\u00e4m\u00e4\u00e4n Saksan lottovoittonumeroita my\u00f6sk\u00e4\u00e4n televisiosta. Jos l\u00f6yd\u00e4t ne jommaltakummalta paikkakunnalta, sinun on teht\u00e4v\u00e4 kunnon tutkimusmatka, jotta p\u00e4\u00e4set perille. Voit my\u00f6s harkita menev\u00e4si Saksan Loton verkkosivustolle. Joskus n\u00e4m\u00e4 viralliset [&hellip;]<\/p>\n","protected":false},"author":1,"featured_media":0,"parent":58289,"menu_order":11,"comment_status":"closed","ping_status":"closed","template":"lotto-german-results.php","meta":{"_et_pb_use_builder":"","_et_pb_old_content":"","_et_gb_content_width":"","exclude_from_search":false,"footnotes":""},"class_list":["post-80833","page","type-page","status-publish","hentry"],"yoast_head":"<!-- This site is optimized with the Yoast SEO plugin v23.4 - https:\/\/yoast.com\/wordpress\/plugins\/seo\/ -->\n<title>Voittonumerot Saksan Lotto | Saksan Loton arvontatulokset ja voittosummat<\/title>\n<meta name=\"description\" content=\"Jos haluat l\u00f6yt\u00e4\u00e4 voittonumerot Saksan lottoon 6aus49, katso t\u00e4\u00e4lt\u00e4!\" \/>\n<meta name=\"robots\" content=\"index, follow, max-snippet:-1, max-image-preview:large, max-video-preview:-1\" \/>\n<link rel=\"canonical\" href=\"https:\/\/onlinelotto365.com\/fi\/voittonumerot\/german-lotto\/\" \/>\n<meta property=\"og:locale\" content=\"fi_FI\" \/>\n<meta property=\"og:type\" content=\"article\" \/>\n<meta property=\"og:title\" content=\"Voittonumerot Saksan Lotto | Saksan Loton arvontatulokset ja voittosummat\" \/>\n<meta property=\"og:description\" content=\"Jos haluat l\u00f6yt\u00e4\u00e4 voittonumerot Saksan lottoon 6aus49, katso t\u00e4\u00e4lt\u00e4!\" \/>\n<meta property=\"og:url\" content=\"https:\/\/onlinelotto365.com\/fi\/voittonumerot\/german-lotto\/\" \/>\n<meta property=\"og:site_name\" content=\"OnlineLotto365\" \/>\n<meta property=\"og:image\" content=\"https:\/\/redfoxlotto.com\/image?size=8&amp;lottery=lotto-6aus49\" \/>\n<meta name=\"twitter:card\" content=\"summary_large_image\" \/>\n<meta name=\"twitter:label1\" content=\"Arvioitu lukuaika\" \/>\n\t<meta name=\"twitter:data1\" content=\"2 minuuttia\" \/>\n<script type=\"application\/ld+json\" class=\"yoast-schema-graph\">{\"@context\":\"https:\/\/schema.org\",\"@graph\":[{\"@type\":\"WebPage\",\"@id\":\"https:\/\/onlinelotto365.com\/fi\/voittonumerot\/german-lotto\/\",\"url\":\"https:\/\/onlinelotto365.com\/fi\/voittonumerot\/german-lotto\/\",\"name\":\"Voittonumerot Saksan Lotto | Saksan Loton arvontatulokset ja voittosummat\",\"isPartOf\":{\"@id\":\"https:\/\/onlinelotto365.com\/fi\/#website\"},\"primaryImageOfPage\":{\"@id\":\"https:\/\/onlinelotto365.com\/fi\/voittonumerot\/german-lotto\/#primaryimage\"},\"image\":{\"@id\":\"https:\/\/onlinelotto365.com\/fi\/voittonumerot\/german-lotto\/#primaryimage\"},\"thumbnailUrl\":\"https:\/\/redfoxlotto.com\/image?size=8&amp;lottery=lotto-6aus49\",\"datePublished\":\"2022-11-23T10:31:31+00:00\",\"dateModified\":\"2022-11-23T10:31:31+00:00\",\"description\":\"Jos haluat l\u00f6yt\u00e4\u00e4 voittonumerot Saksan lottoon 6aus49, katso t\u00e4\u00e4lt\u00e4!\",\"breadcrumb\":{\"@id\":\"https:\/\/onlinelotto365.com\/fi\/voittonumerot\/german-lotto\/#breadcrumb\"},\"inLanguage\":\"fi\",\"potentialAction\":[{\"@type\":\"ReadAction\",\"target\":[\"https:\/\/onlinelotto365.com\/fi\/voittonumerot\/german-lotto\/\"]}]},{\"@type\":\"ImageObject\",\"inLanguage\":\"fi\",\"@id\":\"https:\/\/onlinelotto365.com\/fi\/voittonumerot\/german-lotto\/#primaryimage\",\"url\":\"https:\/\/redfoxlotto.com\/image?size=8&amp;lottery=lotto-6aus49\",\"contentUrl\":\"https:\/\/redfoxlotto.com\/image?size=8&amp;lottery=lotto-6aus49\"},{\"@type\":\"BreadcrumbList\",\"@id\":\"https:\/\/onlinelotto365.com\/fi\/voittonumerot\/german-lotto\/#breadcrumb\",\"itemListElement\":[{\"@type\":\"ListItem\",\"position\":1,\"name\":\"Home\",\"item\":\"https:\/\/onlinelotto365.com\/fi\/\"},{\"@type\":\"ListItem\",\"position\":2,\"name\":\"L\u00f6yd\u00e4 voittonumerot ja tulokset uusimmista lottoarpajaisista\",\"item\":\"https:\/\/onlinelotto365.com\/fi\/voittonumerot\/\"},{\"@type\":\"ListItem\",\"position\":3,\"name\":\"Katso Saksan lottovoittonumerot t\u00e4\u00e4lt\u00e4\"}]},{\"@type\":\"WebSite\",\"@id\":\"https:\/\/onlinelotto365.com\/fi\/#website\",\"url\":\"https:\/\/onlinelotto365.com\/fi\/\",\"name\":\"OnlineLotto365\",\"description\":\"\",\"potentialAction\":[{\"@type\":\"SearchAction\",\"target\":{\"@type\":\"EntryPoint\",\"urlTemplate\":\"https:\/\/onlinelotto365.com\/fi\/?s={search_term_string}\"},\"query-input\":{\"@type\":\"PropertyValueSpecification\",\"valueRequired\":true,\"valueName\":\"search_term_string\"}}],\"inLanguage\":\"fi\"}]}<\/script>\n<!-- \/ Yoast SEO plugin. -->","yoast_head_json":{"title":"Voittonumerot Saksan Lotto | Saksan Loton arvontatulokset ja voittosummat","description":"Jos haluat l\u00f6yt\u00e4\u00e4 voittonumerot Saksan lottoon 6aus49, katso t\u00e4\u00e4lt\u00e4!","robots":{"index":"index","follow":"follow","max-snippet":"max-snippet:-1","max-image-preview":"max-image-preview:large","max-video-preview":"max-video-preview:-1"},"canonical":"https:\/\/onlinelotto365.com\/fi\/voittonumerot\/german-lotto\/","og_locale":"fi_FI","og_type":"article","og_title":"Voittonumerot Saksan Lotto | Saksan Loton arvontatulokset ja voittosummat","og_description":"Jos haluat l\u00f6yt\u00e4\u00e4 voittonumerot Saksan lottoon 6aus49, katso t\u00e4\u00e4lt\u00e4!","og_url":"https:\/\/onlinelotto365.com\/fi\/voittonumerot\/german-lotto\/","og_site_name":"OnlineLotto365","og_image":[{"url":"https:\/\/redfoxlotto.com\/image?size=8&amp;lottery=lotto-6aus49"}],"twitter_card":"summary_large_image","twitter_misc":{"Arvioitu lukuaika":"2 minuuttia"},"schema":{"@context":"https:\/\/schema.org","@graph":[{"@type":"WebPage","@id":"https:\/\/onlinelotto365.com\/fi\/voittonumerot\/german-lotto\/","url":"https:\/\/onlinelotto365.com\/fi\/voittonumerot\/german-lotto\/","name":"Voittonumerot Saksan Lotto | Saksan Loton arvontatulokset ja voittosummat","isPartOf":{"@id":"https:\/\/onlinelotto365.com\/fi\/#website"},"primaryImageOfPage":{"@id":"https:\/\/onlinelotto365.com\/fi\/voittonumerot\/german-lotto\/#primaryimage"},"image":{"@id":"https:\/\/onlinelotto365.com\/fi\/voittonumerot\/german-lotto\/#primaryimage"},"thumbnailUrl":"https:\/\/redfoxlotto.com\/image?size=8&amp;lottery=lotto-6aus49","datePublished":"2022-11-23T10:31:31+00:00","dateModified":"2022-11-23T10:31:31+00:00","description":"Jos haluat l\u00f6yt\u00e4\u00e4 voittonumerot Saksan lottoon 6aus49, katso t\u00e4\u00e4lt\u00e4!","breadcrumb":{"@id":"https:\/\/onlinelotto365.com\/fi\/voittonumerot\/german-lotto\/#breadcrumb"},"inLanguage":"fi","potentialAction":[{"@type":"ReadAction","target":["https:\/\/onlinelotto365.com\/fi\/voittonumerot\/german-lotto\/"]}]},{"@type":"ImageObject","inLanguage":"fi","@id":"https:\/\/onlinelotto365.com\/fi\/voittonumerot\/german-lotto\/#primaryimage","url":"https:\/\/redfoxlotto.com\/image?size=8&amp;lottery=lotto-6aus49","contentUrl":"https:\/\/redfoxlotto.com\/image?size=8&amp;lottery=lotto-6aus49"},{"@type":"BreadcrumbList","@id":"https:\/\/onlinelotto365.com\/fi\/voittonumerot\/german-lotto\/#breadcrumb","itemListElement":[{"@type":"ListItem","position":1,"name":"Home","item":"https:\/\/onlinelotto365.com\/fi\/"},{"@type":"ListItem","position":2,"name":"L\u00f6yd\u00e4 voittonumerot ja tulokset uusimmista lottoarpajaisista","item":"https:\/\/onlinelotto365.com\/fi\/voittonumerot\/"},{"@type":"ListItem","position":3,"name":"Katso Saksan lottovoittonumerot t\u00e4\u00e4lt\u00e4"}]},{"@type":"WebSite","@id":"https:\/\/onlinelotto365.com\/fi\/#website","url":"https:\/\/onlinelotto365.com\/fi\/","name":"OnlineLotto365","description":"","potentialAction":[{"@type":"SearchAction","target":{"@type":"EntryPoint","urlTemplate":"https:\/\/onlinelotto365.com\/fi\/?s={search_term_string}"},"query-input":{"@type":"PropertyValueSpecification","valueRequired":true,"valueName":"search_term_string"}}],"inLanguage":"fi"}]}},"_links":{"self":[{"href":"https:\/\/onlinelotto365.com\/fi\/wp-json\/wp\/v2\/pages\/80833","targetHints":{"allow":["GET"]}}],"collection":[{"href":"https:\/\/onlinelotto365.com\/fi\/wp-json\/wp\/v2\/pages"}],"about":[{"href":"https:\/\/onlinelotto365.com\/fi\/wp-json\/wp\/v2\/types\/page"}],"author":[{"embeddable":true,"href":"https:\/\/onlinelotto365.com\/fi\/wp-json\/wp\/v2\/users\/1"}],"replies":[{"embeddable":true,"href":"https:\/\/onlinelotto365.com\/fi\/wp-json\/wp\/v2\/comments?post=80833"}],"version-history":[{"count":0,"href":"https:\/\/onlinelotto365.com\/fi\/wp-json\/wp\/v2\/pages\/80833\/revisions"}],"up":[{"embeddable":true,"href":"https:\/\/onlinelotto365.com\/fi\/wp-json\/wp\/v2\/pages\/58289"}],"wp:attachment":[{"href":"https:\/\/onlinelotto365.com\/fi\/wp-json\/wp\/v2\/media?parent=80833"}],"curies":[{"name":"wp","href":"https:\/\/api.w.org\/{rel}","templated":true}]}}