{"id":80863,"date":"2022-11-23T12:22:59","date_gmt":"2022-11-23T11:22:59","guid":{"rendered":"https:\/\/onlinelotto365.com\/?page_id=80863"},"modified":"2022-11-23T12:22:59","modified_gmt":"2022-11-23T11:22:59","slug":"mega-sena","status":"publish","type":"page","link":"https:\/\/onlinelotto365.com\/fi\/voittonumerot\/mega-sena\/","title":{"rendered":"Mega-Sena Brasiliasta &#8211; uusimmat voittonumerot"},"content":{"rendered":"<p>Erilaisia pelej\u00e4 on paljon, ja haluat varmistaa, ett\u00e4 l\u00f6yd\u00e4t voittonumerot mahdollisimman pian. Se on mahdollista monin eri tavoin, jos tied\u00e4t, mist\u00e4 etsi\u00e4. Voittonumerot l\u00f6ytyv\u00e4t joskus sanomalehdest\u00e4, jos asut alueella, jossa kyseess\u00e4 on paikallinen peli. T\u00e4m\u00e4 saattaa tarkoittaa, ett\u00e4 Mega-Sena-tuloksia ei ole saatavilla alueellasi. Joillakin alueilla voittajannumerot n\u00e4ytet\u00e4\u00e4n my\u00f6s televisiossa, mik\u00e4 tapahtuu vain, jos asut tietyill\u00e4 alueilla.<br \/>\n<a href=\"https:\/\/redfoxlotto.com\/play\/mega-sena\/?ref=a8564250a2&amp;medium=ol365\" target=\"_blank\" rel=\"noopener noreferrer\"><img decoding=\"async\" class=\"aligncenter\" src=\"https:\/\/redfoxlotto.com\/image?size=8&amp;lottery=mega-sena\" alt=\"mega-sena\" \/><\/a><\/p>\n<p>Toinen vaihtoehto on katsoa Mega-Sena-arpajaisten verkkosivustolta, onko siell\u00e4 suoraa l\u00e4hetyst\u00e4, kun peli arvotaan. Kaikissa peleiss\u00e4 n\u00e4in ei tehd\u00e4, mutta niiss\u00e4 peleiss\u00e4, joissa n\u00e4in tehd\u00e4\u00e4n, se voi olla j\u00e4nnitt\u00e4v\u00e4 kokemus kaikille katsojille. Varsinkin jos olet itse voittaja ja katsot numeroiden arvontaasi.<\/p>\n<p>On my\u00f6s mahdollisuus siirty\u00e4 YouTubeen. Joskus ihmiset lataavat live-videoita arvonnasta nettiin, ja voit ehk\u00e4 n\u00e4hd\u00e4 viimeisimm\u00e4n Mega Sena -arvonnan.<\/p>\n<p>Helpoin tapa saada voittonumerot selville on kuitenkin tarkistaa verkkosivustomme. Meilt\u00e4 saat kaikki Mega Sena -arvonnan sek\u00e4 mink\u00e4 tahansa muun haluamasi pelin voittonumerot, joita meill\u00e4 on saatavilla. N\u00e4in sinun on helpompi l\u00f6yt\u00e4\u00e4 haluamasi tulokset.<\/p>\n<h2>Miten saat selville, onko nettilippusi voittanut?<\/h2>\n<p>Viel\u00e4 parempaa on se, ett\u00e4 voit kirjautua suoraan tilillesi ja l\u00f6yt\u00e4\u00e4 tulokset mist\u00e4 tahansa pelist\u00e4, johon olet my\u00f6s ostanut lippuja. Menet vain siihen sivuston osioon, johon lippusi on tallennettu, ja l\u00f6yd\u00e4t kyseisiin lippuihin liittyv\u00e4t voittonumerot.<\/p>\n<p>Sitten voit jopa n\u00e4hd\u00e4, mitk\u00e4 voittonumerot vastaavat nykyisi\u00e4 numeroitasi, jotta n\u00e4et, kuinka paljon olet jo voittanut. Jos se on alle 2500 euroa, huolehdimme siit\u00e4, ett\u00e4 rahat saadaan suoraan tilillesi, jotta voit alkaa k\u00e4ytt\u00e4\u00e4 niit\u00e4 tai nostaa ne omalle tilillesi. Sinun tarvitsee vain varmistaa, ett\u00e4 nostat rahat tilille, jota olet jo k\u00e4ytt\u00e4nyt meill\u00e4.<\/p>\n<h2>Mega-Sena tulosten arkisto<\/h2>\n<p><img loading=\"lazy\" decoding=\"async\" class=\"alignright wp-image-3640\" src=\"https:\/\/onlinelotto365.com\/wp-content\/uploads\/2020\/11\/lottery_balls1-300x160.jpg\" alt=\"mega-sena tulokset\" width=\"249\" height=\"133\" srcset=\"https:\/\/onlinelotto365.com\/wp-content\/uploads\/2020\/11\/lottery_balls1-300x160.jpg 300w, https:\/\/onlinelotto365.com\/wp-content\/uploads\/2020\/11\/lottery_balls1.jpg 472w\" sizes=\"auto, (max-width: 249px) 100vw, 249px\" \/><br \/>\nNiiden, jotka haluavat p\u00e4\u00e4st\u00e4 k\u00e4siksi Mega-Senan vanhempiin numeroihin, kannattaa tutustua tarkkaan verkkosivuihin, jotka tarjoavat jo uusimmat numerot. L\u00f6yd\u00e4t sielt\u00e4 my\u00f6s kaikki vanhat numerot, joten sinun ei tarvitse huolehtia siit\u00e4, ett\u00e4 menet\u00e4t parhaita tietoja seuraavan numerosarjasi valintaa varten.<\/p>\n","protected":false},"excerpt":{"rendered":"<p>Erilaisia pelej\u00e4 on paljon, ja haluat varmistaa, ett\u00e4 l\u00f6yd\u00e4t voittonumerot mahdollisimman pian. Se on mahdollista monin eri tavoin, jos tied\u00e4t, mist\u00e4 etsi\u00e4. Voittonumerot l\u00f6ytyv\u00e4t joskus sanomalehdest\u00e4, jos asut alueella, jossa kyseess\u00e4 on paikallinen peli. T\u00e4m\u00e4 saattaa tarkoittaa, ett\u00e4 Mega-Sena-tuloksia ei ole saatavilla alueellasi. Joillakin alueilla voittajannumerot n\u00e4ytet\u00e4\u00e4n my\u00f6s televisiossa, mik\u00e4 tapahtuu vain, jos asut tietyill\u00e4 [&hellip;]<\/p>\n","protected":false},"author":1,"featured_media":0,"parent":58289,"menu_order":12,"comment_status":"closed","ping_status":"closed","template":"megasena-results.php","meta":{"_et_pb_use_builder":"","_et_pb_old_content":"","_et_gb_content_width":"","exclude_from_search":false,"footnotes":""},"class_list":["post-80863","page","type-page","status-publish","hentry"],"yoast_head":"<!-- This site is optimized with the Yoast SEO plugin v23.4 - https:\/\/yoast.com\/wordpress\/plugins\/seo\/ -->\n<title>Viimeisimm\u00e4t Mega-Sena arvonnan tulokset ja palkinnot<\/title>\n<meta name=\"description\" content=\"Mega-Sena Brasilia ja monet muut maailmanlaajuiset arvonnat l\u00f6ytyv\u00e4t t\u00e4\u00e4lt\u00e4.\" \/>\n<meta name=\"robots\" content=\"index, follow, max-snippet:-1, max-image-preview:large, max-video-preview:-1\" \/>\n<link rel=\"canonical\" href=\"https:\/\/onlinelotto365.com\/fi\/voittonumerot\/mega-sena\/\" \/>\n<meta property=\"og:locale\" content=\"fi_FI\" \/>\n<meta property=\"og:type\" content=\"article\" \/>\n<meta property=\"og:title\" content=\"Viimeisimm\u00e4t Mega-Sena arvonnan tulokset ja palkinnot\" \/>\n<meta property=\"og:description\" content=\"Mega-Sena Brasilia ja monet muut maailmanlaajuiset arvonnat l\u00f6ytyv\u00e4t t\u00e4\u00e4lt\u00e4.\" \/>\n<meta property=\"og:url\" content=\"https:\/\/onlinelotto365.com\/fi\/voittonumerot\/mega-sena\/\" \/>\n<meta property=\"og:site_name\" content=\"OnlineLotto365\" \/>\n<meta property=\"og:image\" content=\"https:\/\/redfoxlotto.com\/image?size=8&amp;lottery=mega-sena\" \/>\n<meta name=\"twitter:card\" content=\"summary_large_image\" \/>\n<meta name=\"twitter:label1\" content=\"Arvioitu lukuaika\" \/>\n\t<meta name=\"twitter:data1\" content=\"2 minuuttia\" \/>\n<script type=\"application\/ld+json\" class=\"yoast-schema-graph\">{\"@context\":\"https:\/\/schema.org\",\"@graph\":[{\"@type\":\"WebPage\",\"@id\":\"https:\/\/onlinelotto365.com\/fi\/voittonumerot\/mega-sena\/\",\"url\":\"https:\/\/onlinelotto365.com\/fi\/voittonumerot\/mega-sena\/\",\"name\":\"Viimeisimm\u00e4t Mega-Sena arvonnan tulokset ja palkinnot\",\"isPartOf\":{\"@id\":\"https:\/\/onlinelotto365.com\/fi\/#website\"},\"primaryImageOfPage\":{\"@id\":\"https:\/\/onlinelotto365.com\/fi\/voittonumerot\/mega-sena\/#primaryimage\"},\"image\":{\"@id\":\"https:\/\/onlinelotto365.com\/fi\/voittonumerot\/mega-sena\/#primaryimage\"},\"thumbnailUrl\":\"https:\/\/redfoxlotto.com\/image?size=8&amp;lottery=mega-sena\",\"datePublished\":\"2022-11-23T11:22:59+00:00\",\"dateModified\":\"2022-11-23T11:22:59+00:00\",\"description\":\"Mega-Sena Brasilia ja monet muut maailmanlaajuiset arvonnat l\u00f6ytyv\u00e4t t\u00e4\u00e4lt\u00e4.\",\"breadcrumb\":{\"@id\":\"https:\/\/onlinelotto365.com\/fi\/voittonumerot\/mega-sena\/#breadcrumb\"},\"inLanguage\":\"fi\",\"potentialAction\":[{\"@type\":\"ReadAction\",\"target\":[\"https:\/\/onlinelotto365.com\/fi\/voittonumerot\/mega-sena\/\"]}]},{\"@type\":\"ImageObject\",\"inLanguage\":\"fi\",\"@id\":\"https:\/\/onlinelotto365.com\/fi\/voittonumerot\/mega-sena\/#primaryimage\",\"url\":\"https:\/\/redfoxlotto.com\/image?size=8&amp;lottery=mega-sena\",\"contentUrl\":\"https:\/\/redfoxlotto.com\/image?size=8&amp;lottery=mega-sena\"},{\"@type\":\"BreadcrumbList\",\"@id\":\"https:\/\/onlinelotto365.com\/fi\/voittonumerot\/mega-sena\/#breadcrumb\",\"itemListElement\":[{\"@type\":\"ListItem\",\"position\":1,\"name\":\"Home\",\"item\":\"https:\/\/onlinelotto365.com\/fi\/\"},{\"@type\":\"ListItem\",\"position\":2,\"name\":\"L\u00f6yd\u00e4 voittonumerot ja tulokset uusimmista lottoarpajaisista\",\"item\":\"https:\/\/onlinelotto365.com\/fi\/voittonumerot\/\"},{\"@type\":\"ListItem\",\"position\":3,\"name\":\"Mega-Sena Brasiliasta &#8211; uusimmat voittonumerot\"}]},{\"@type\":\"WebSite\",\"@id\":\"https:\/\/onlinelotto365.com\/fi\/#website\",\"url\":\"https:\/\/onlinelotto365.com\/fi\/\",\"name\":\"OnlineLotto365\",\"description\":\"\",\"potentialAction\":[{\"@type\":\"SearchAction\",\"target\":{\"@type\":\"EntryPoint\",\"urlTemplate\":\"https:\/\/onlinelotto365.com\/fi\/?s={search_term_string}\"},\"query-input\":{\"@type\":\"PropertyValueSpecification\",\"valueRequired\":true,\"valueName\":\"search_term_string\"}}],\"inLanguage\":\"fi\"}]}<\/script>\n<!-- \/ Yoast SEO plugin. -->","yoast_head_json":{"title":"Viimeisimm\u00e4t Mega-Sena arvonnan tulokset ja palkinnot","description":"Mega-Sena Brasilia ja monet muut maailmanlaajuiset arvonnat l\u00f6ytyv\u00e4t t\u00e4\u00e4lt\u00e4.","robots":{"index":"index","follow":"follow","max-snippet":"max-snippet:-1","max-image-preview":"max-image-preview:large","max-video-preview":"max-video-preview:-1"},"canonical":"https:\/\/onlinelotto365.com\/fi\/voittonumerot\/mega-sena\/","og_locale":"fi_FI","og_type":"article","og_title":"Viimeisimm\u00e4t Mega-Sena arvonnan tulokset ja palkinnot","og_description":"Mega-Sena Brasilia ja monet muut maailmanlaajuiset arvonnat l\u00f6ytyv\u00e4t t\u00e4\u00e4lt\u00e4.","og_url":"https:\/\/onlinelotto365.com\/fi\/voittonumerot\/mega-sena\/","og_site_name":"OnlineLotto365","og_image":[{"url":"https:\/\/redfoxlotto.com\/image?size=8&amp;lottery=mega-sena"}],"twitter_card":"summary_large_image","twitter_misc":{"Arvioitu lukuaika":"2 minuuttia"},"schema":{"@context":"https:\/\/schema.org","@graph":[{"@type":"WebPage","@id":"https:\/\/onlinelotto365.com\/fi\/voittonumerot\/mega-sena\/","url":"https:\/\/onlinelotto365.com\/fi\/voittonumerot\/mega-sena\/","name":"Viimeisimm\u00e4t Mega-Sena arvonnan tulokset ja palkinnot","isPartOf":{"@id":"https:\/\/onlinelotto365.com\/fi\/#website"},"primaryImageOfPage":{"@id":"https:\/\/onlinelotto365.com\/fi\/voittonumerot\/mega-sena\/#primaryimage"},"image":{"@id":"https:\/\/onlinelotto365.com\/fi\/voittonumerot\/mega-sena\/#primaryimage"},"thumbnailUrl":"https:\/\/redfoxlotto.com\/image?size=8&amp;lottery=mega-sena","datePublished":"2022-11-23T11:22:59+00:00","dateModified":"2022-11-23T11:22:59+00:00","description":"Mega-Sena Brasilia ja monet muut maailmanlaajuiset arvonnat l\u00f6ytyv\u00e4t t\u00e4\u00e4lt\u00e4.","breadcrumb":{"@id":"https:\/\/onlinelotto365.com\/fi\/voittonumerot\/mega-sena\/#breadcrumb"},"inLanguage":"fi","potentialAction":[{"@type":"ReadAction","target":["https:\/\/onlinelotto365.com\/fi\/voittonumerot\/mega-sena\/"]}]},{"@type":"ImageObject","inLanguage":"fi","@id":"https:\/\/onlinelotto365.com\/fi\/voittonumerot\/mega-sena\/#primaryimage","url":"https:\/\/redfoxlotto.com\/image?size=8&amp;lottery=mega-sena","contentUrl":"https:\/\/redfoxlotto.com\/image?size=8&amp;lottery=mega-sena"},{"@type":"BreadcrumbList","@id":"https:\/\/onlinelotto365.com\/fi\/voittonumerot\/mega-sena\/#breadcrumb","itemListElement":[{"@type":"ListItem","position":1,"name":"Home","item":"https:\/\/onlinelotto365.com\/fi\/"},{"@type":"ListItem","position":2,"name":"L\u00f6yd\u00e4 voittonumerot ja tulokset uusimmista lottoarpajaisista","item":"https:\/\/onlinelotto365.com\/fi\/voittonumerot\/"},{"@type":"ListItem","position":3,"name":"Mega-Sena Brasiliasta &#8211; uusimmat voittonumerot"}]},{"@type":"WebSite","@id":"https:\/\/onlinelotto365.com\/fi\/#website","url":"https:\/\/onlinelotto365.com\/fi\/","name":"OnlineLotto365","description":"","potentialAction":[{"@type":"SearchAction","target":{"@type":"EntryPoint","urlTemplate":"https:\/\/onlinelotto365.com\/fi\/?s={search_term_string}"},"query-input":{"@type":"PropertyValueSpecification","valueRequired":true,"valueName":"search_term_string"}}],"inLanguage":"fi"}]}},"_links":{"self":[{"href":"https:\/\/onlinelotto365.com\/fi\/wp-json\/wp\/v2\/pages\/80863","targetHints":{"allow":["GET"]}}],"collection":[{"href":"https:\/\/onlinelotto365.com\/fi\/wp-json\/wp\/v2\/pages"}],"about":[{"href":"https:\/\/onlinelotto365.com\/fi\/wp-json\/wp\/v2\/types\/page"}],"author":[{"embeddable":true,"href":"https:\/\/onlinelotto365.com\/fi\/wp-json\/wp\/v2\/users\/1"}],"replies":[{"embeddable":true,"href":"https:\/\/onlinelotto365.com\/fi\/wp-json\/wp\/v2\/comments?post=80863"}],"version-history":[{"count":0,"href":"https:\/\/onlinelotto365.com\/fi\/wp-json\/wp\/v2\/pages\/80863\/revisions"}],"up":[{"embeddable":true,"href":"https:\/\/onlinelotto365.com\/fi\/wp-json\/wp\/v2\/pages\/58289"}],"wp:attachment":[{"href":"https:\/\/onlinelotto365.com\/fi\/wp-json\/wp\/v2\/media?parent=80863"}],"curies":[{"name":"wp","href":"https:\/\/api.w.org\/{rel}","templated":true}]}}