{"id":80899,"date":"2022-11-23T13:23:13","date_gmt":"2022-11-23T12:23:13","guid":{"rendered":"https:\/\/onlinelotto365.com\/?page_id=80899"},"modified":"2022-11-23T13:23:13","modified_gmt":"2022-11-23T12:23:13","slug":"powerball-australia","status":"publish","type":"page","link":"https:\/\/onlinelotto365.com\/fi\/voittonumerot\/powerball-australia\/","title":{"rendered":"Powerball Australia &#8211; viimeisimm\u00e4t ja aiemmat voittonumerot, tulokset"},"content":{"rendered":"<p>Kansainv\u00e4lisiss\u00e4 arpajaisissa voit yritt\u00e4\u00e4 tarkistaa tulokset sanomalehdest\u00e4, mutta on ep\u00e4todenn\u00e4k\u00f6ist\u00e4, ett\u00e4 l\u00f6yd\u00e4t Australian Powerballin voittonumerot paikallisesta lehdest\u00e4si. Et ehk\u00e4 l\u00f6yd\u00e4 niit\u00e4 my\u00f6sk\u00e4\u00e4n paikalliselta televisiokanavalta. Jos l\u00f6yd\u00e4t, oikean kanavan l\u00f6yt\u00e4minen vie aikaa ja vaivaa.<\/p>\n<p>Toinen vaihtoehto on tarkistaa Powerball Australian verkkosivuilta, onko siell\u00e4 tarjolla live-arvontamahdollisuus. Jos n\u00e4in on, voit ehk\u00e4 seurata arvontoja ja saada t\u00e4yden nautinnon siit\u00e4, ett\u00e4 numerot arvotaan suorana l\u00e4hetyksen\u00e4. Kaikki pelit eiv\u00e4t kuitenkaan tarjoa t\u00e4t\u00e4 vaihtoehtoa, ja saatat j\u00e4\u00e4d\u00e4 kokemuksesta kokonaan paitsi.<br \/>\nVoit my\u00f6s katsoa YouTubesta, onko Powerball Australian live-arvonnasta tallennus. T\u00e4m\u00e4 voi olla hyv\u00e4 tapa l\u00f6yt\u00e4\u00e4 tulokset arvonnan j\u00e4lkeen.<br \/>\n<a href=\"https:\/\/redfoxlotto.com\/play\/powerball-au\/?ref=a8564250a2&amp;medium=ol365\" target=\"_blank\" rel=\"noopener noreferrer\"><img decoding=\"async\" class=\"aligncenter\" src=\"https:\/\/redfoxlotto.com\/image?size=8&amp;lottery=powerball-au\" alt=\"Powerball Australia\" \/><\/a><br \/>\nParas tapa l\u00f6yt\u00e4\u00e4 Powerball Australia -arvonnan tulokset on kuitenkin tutustua verkkosivuihimme. L\u00f6yd\u00e4t tulokset t\u00e4st\u00e4 ja kaikista muista tarjolla olevista peleist\u00e4mme, joten sinun ei tarvitse huolehtia siit\u00e4, ett\u00e4 missaat yht\u00e4\u00e4n mit\u00e4\u00e4n.<\/p>\n<h2>N\u00e4in saat selville, onko nettilippusi voittanut<\/h2>\n<p>Ent\u00e4 jos olet jo ostanut omat lippusi Powerball Australiaa varten? No, silloin sinun on viel\u00e4 helpompi tarkistaa voittonumerot. Sen sijaan, ett\u00e4 tarkistaisit tavallisen lottotulossivun, voit tarkistaa tilisi lippusivun. N\u00e4in n\u00e4et voittonumerot verrattuna omiin numeroihisi, mik\u00e4 tulee olemaan viel\u00e4 parempi tarpeisiisi.<\/p>\n<p>Voit etsi\u00e4 lippusi numeroita, jotka on korostettu, mik\u00e4 tarkoittaa, ett\u00e4 ne vastaavat voittonumeroita. Sitten n\u00e4et, kuinka paljon olet voittanut. Ja jos se on alle 2500 euroa, se hyvitet\u00e4\u00e4n tilillesi saman tien.<\/p>\n<h2>Powerball Australia -tulosten arkisto<\/h2>\n<p>Sivustollamme teemme sen helpoksi, ett\u00e4 voit tarkistaa Powerball Australia -loton nykyisten lottonumeroiden ja muiden lottonumeroiden lis\u00e4ksi my\u00f6s vanhat numerot. Yksi suosituimmista tavoista, joilla ihmiset valitsevat numeronsa, on katsoa joitakin vanhoja numeroita, joten varmistamme, ett\u00e4 l\u00f6yd\u00e4t n\u00e4m\u00e4 numerot milt\u00e4 tahansa sivulta, jolla tarjoamme nykyiset voittonumerot.<\/p>\n<h2>Lottoni on voittanut, mit\u00e4 tapahtuu seuraavaksi?<\/h2>\n<p>Jos lippusi on voittanut, sinun tarvitsee vain istua alas ja antaa meid\u00e4n auttaa sinua saamaan rahat, joihin olet oikeutettu. Jos voitit alle 2500 euroa, hyvit\u00e4mme summan pelitilillesi heti, kun tulokset on vahvistettu. Sitten voit nostaa rahat, kunhan tilill\u00e4si on 10 \u20ac.<\/p>\n","protected":false},"excerpt":{"rendered":"<p>Kansainv\u00e4lisiss\u00e4 arpajaisissa voit yritt\u00e4\u00e4 tarkistaa tulokset sanomalehdest\u00e4, mutta on ep\u00e4todenn\u00e4k\u00f6ist\u00e4, ett\u00e4 l\u00f6yd\u00e4t Australian Powerballin voittonumerot paikallisesta lehdest\u00e4si. Et ehk\u00e4 l\u00f6yd\u00e4 niit\u00e4 my\u00f6sk\u00e4\u00e4n paikalliselta televisiokanavalta. Jos l\u00f6yd\u00e4t, oikean kanavan l\u00f6yt\u00e4minen vie aikaa ja vaivaa. Toinen vaihtoehto on tarkistaa Powerball Australian verkkosivuilta, onko siell\u00e4 tarjolla live-arvontamahdollisuus. Jos n\u00e4in on, voit ehk\u00e4 seurata arvontoja ja saada t\u00e4yden nautinnon [&hellip;]<\/p>\n","protected":false},"author":1,"featured_media":0,"parent":58289,"menu_order":13,"comment_status":"closed","ping_status":"closed","template":"powerball-au-results.php","meta":{"_et_pb_use_builder":"","_et_pb_old_content":"","_et_gb_content_width":"","exclude_from_search":false,"footnotes":""},"class_list":["post-80899","page","type-page","status-publish","hentry"],"yoast_head":"<!-- This site is optimized with the Yoast SEO plugin v23.4 - https:\/\/yoast.com\/wordpress\/plugins\/seo\/ -->\n<title>Viimeisimm\u00e4t ja aiemmat arvontatulokset ja voittonumerot Powerball Australiassa<\/title>\n<meta name=\"description\" content=\"Julkaisemme Powerball Australia voittonumerot heti arvonnan j\u00e4lkeen.\" \/>\n<meta name=\"robots\" content=\"index, follow, max-snippet:-1, max-image-preview:large, max-video-preview:-1\" \/>\n<link rel=\"canonical\" href=\"https:\/\/onlinelotto365.com\/fi\/voittonumerot\/powerball-australia\/\" \/>\n<meta property=\"og:locale\" content=\"fi_FI\" \/>\n<meta property=\"og:type\" content=\"article\" \/>\n<meta property=\"og:title\" content=\"Viimeisimm\u00e4t ja aiemmat arvontatulokset ja voittonumerot Powerball Australiassa\" \/>\n<meta property=\"og:description\" content=\"Julkaisemme Powerball Australia voittonumerot heti arvonnan j\u00e4lkeen.\" \/>\n<meta property=\"og:url\" content=\"https:\/\/onlinelotto365.com\/fi\/voittonumerot\/powerball-australia\/\" \/>\n<meta property=\"og:site_name\" content=\"OnlineLotto365\" \/>\n<meta property=\"og:image\" content=\"https:\/\/redfoxlotto.com\/image?size=8&amp;lottery=powerball-au\" \/>\n<meta name=\"twitter:card\" content=\"summary_large_image\" \/>\n<meta name=\"twitter:label1\" content=\"Arvioitu lukuaika\" \/>\n\t<meta name=\"twitter:data1\" content=\"2 minuuttia\" \/>\n<script type=\"application\/ld+json\" class=\"yoast-schema-graph\">{\"@context\":\"https:\/\/schema.org\",\"@graph\":[{\"@type\":\"WebPage\",\"@id\":\"https:\/\/onlinelotto365.com\/fi\/voittonumerot\/powerball-australia\/\",\"url\":\"https:\/\/onlinelotto365.com\/fi\/voittonumerot\/powerball-australia\/\",\"name\":\"Viimeisimm\u00e4t ja aiemmat arvontatulokset ja voittonumerot Powerball Australiassa\",\"isPartOf\":{\"@id\":\"https:\/\/onlinelotto365.com\/fi\/#website\"},\"primaryImageOfPage\":{\"@id\":\"https:\/\/onlinelotto365.com\/fi\/voittonumerot\/powerball-australia\/#primaryimage\"},\"image\":{\"@id\":\"https:\/\/onlinelotto365.com\/fi\/voittonumerot\/powerball-australia\/#primaryimage\"},\"thumbnailUrl\":\"https:\/\/redfoxlotto.com\/image?size=8&amp;lottery=powerball-au\",\"datePublished\":\"2022-11-23T12:23:13+00:00\",\"dateModified\":\"2022-11-23T12:23:13+00:00\",\"description\":\"Julkaisemme Powerball Australia voittonumerot heti arvonnan j\u00e4lkeen.\",\"breadcrumb\":{\"@id\":\"https:\/\/onlinelotto365.com\/fi\/voittonumerot\/powerball-australia\/#breadcrumb\"},\"inLanguage\":\"fi\",\"potentialAction\":[{\"@type\":\"ReadAction\",\"target\":[\"https:\/\/onlinelotto365.com\/fi\/voittonumerot\/powerball-australia\/\"]}]},{\"@type\":\"ImageObject\",\"inLanguage\":\"fi\",\"@id\":\"https:\/\/onlinelotto365.com\/fi\/voittonumerot\/powerball-australia\/#primaryimage\",\"url\":\"https:\/\/redfoxlotto.com\/image?size=8&amp;lottery=powerball-au\",\"contentUrl\":\"https:\/\/redfoxlotto.com\/image?size=8&amp;lottery=powerball-au\"},{\"@type\":\"BreadcrumbList\",\"@id\":\"https:\/\/onlinelotto365.com\/fi\/voittonumerot\/powerball-australia\/#breadcrumb\",\"itemListElement\":[{\"@type\":\"ListItem\",\"position\":1,\"name\":\"Home\",\"item\":\"https:\/\/onlinelotto365.com\/fi\/\"},{\"@type\":\"ListItem\",\"position\":2,\"name\":\"L\u00f6yd\u00e4 voittonumerot ja tulokset uusimmista lottoarpajaisista\",\"item\":\"https:\/\/onlinelotto365.com\/fi\/voittonumerot\/\"},{\"@type\":\"ListItem\",\"position\":3,\"name\":\"Powerball Australia &#8211; viimeisimm\u00e4t ja aiemmat voittonumerot, tulokset\"}]},{\"@type\":\"WebSite\",\"@id\":\"https:\/\/onlinelotto365.com\/fi\/#website\",\"url\":\"https:\/\/onlinelotto365.com\/fi\/\",\"name\":\"OnlineLotto365\",\"description\":\"\",\"potentialAction\":[{\"@type\":\"SearchAction\",\"target\":{\"@type\":\"EntryPoint\",\"urlTemplate\":\"https:\/\/onlinelotto365.com\/fi\/?s={search_term_string}\"},\"query-input\":{\"@type\":\"PropertyValueSpecification\",\"valueRequired\":true,\"valueName\":\"search_term_string\"}}],\"inLanguage\":\"fi\"}]}<\/script>\n<!-- \/ Yoast SEO plugin. -->","yoast_head_json":{"title":"Viimeisimm\u00e4t ja aiemmat arvontatulokset ja voittonumerot Powerball Australiassa","description":"Julkaisemme Powerball Australia voittonumerot heti arvonnan j\u00e4lkeen.","robots":{"index":"index","follow":"follow","max-snippet":"max-snippet:-1","max-image-preview":"max-image-preview:large","max-video-preview":"max-video-preview:-1"},"canonical":"https:\/\/onlinelotto365.com\/fi\/voittonumerot\/powerball-australia\/","og_locale":"fi_FI","og_type":"article","og_title":"Viimeisimm\u00e4t ja aiemmat arvontatulokset ja voittonumerot Powerball Australiassa","og_description":"Julkaisemme Powerball Australia voittonumerot heti arvonnan j\u00e4lkeen.","og_url":"https:\/\/onlinelotto365.com\/fi\/voittonumerot\/powerball-australia\/","og_site_name":"OnlineLotto365","og_image":[{"url":"https:\/\/redfoxlotto.com\/image?size=8&amp;lottery=powerball-au"}],"twitter_card":"summary_large_image","twitter_misc":{"Arvioitu lukuaika":"2 minuuttia"},"schema":{"@context":"https:\/\/schema.org","@graph":[{"@type":"WebPage","@id":"https:\/\/onlinelotto365.com\/fi\/voittonumerot\/powerball-australia\/","url":"https:\/\/onlinelotto365.com\/fi\/voittonumerot\/powerball-australia\/","name":"Viimeisimm\u00e4t ja aiemmat arvontatulokset ja voittonumerot Powerball Australiassa","isPartOf":{"@id":"https:\/\/onlinelotto365.com\/fi\/#website"},"primaryImageOfPage":{"@id":"https:\/\/onlinelotto365.com\/fi\/voittonumerot\/powerball-australia\/#primaryimage"},"image":{"@id":"https:\/\/onlinelotto365.com\/fi\/voittonumerot\/powerball-australia\/#primaryimage"},"thumbnailUrl":"https:\/\/redfoxlotto.com\/image?size=8&amp;lottery=powerball-au","datePublished":"2022-11-23T12:23:13+00:00","dateModified":"2022-11-23T12:23:13+00:00","description":"Julkaisemme Powerball Australia voittonumerot heti arvonnan j\u00e4lkeen.","breadcrumb":{"@id":"https:\/\/onlinelotto365.com\/fi\/voittonumerot\/powerball-australia\/#breadcrumb"},"inLanguage":"fi","potentialAction":[{"@type":"ReadAction","target":["https:\/\/onlinelotto365.com\/fi\/voittonumerot\/powerball-australia\/"]}]},{"@type":"ImageObject","inLanguage":"fi","@id":"https:\/\/onlinelotto365.com\/fi\/voittonumerot\/powerball-australia\/#primaryimage","url":"https:\/\/redfoxlotto.com\/image?size=8&amp;lottery=powerball-au","contentUrl":"https:\/\/redfoxlotto.com\/image?size=8&amp;lottery=powerball-au"},{"@type":"BreadcrumbList","@id":"https:\/\/onlinelotto365.com\/fi\/voittonumerot\/powerball-australia\/#breadcrumb","itemListElement":[{"@type":"ListItem","position":1,"name":"Home","item":"https:\/\/onlinelotto365.com\/fi\/"},{"@type":"ListItem","position":2,"name":"L\u00f6yd\u00e4 voittonumerot ja tulokset uusimmista lottoarpajaisista","item":"https:\/\/onlinelotto365.com\/fi\/voittonumerot\/"},{"@type":"ListItem","position":3,"name":"Powerball Australia &#8211; viimeisimm\u00e4t ja aiemmat voittonumerot, tulokset"}]},{"@type":"WebSite","@id":"https:\/\/onlinelotto365.com\/fi\/#website","url":"https:\/\/onlinelotto365.com\/fi\/","name":"OnlineLotto365","description":"","potentialAction":[{"@type":"SearchAction","target":{"@type":"EntryPoint","urlTemplate":"https:\/\/onlinelotto365.com\/fi\/?s={search_term_string}"},"query-input":{"@type":"PropertyValueSpecification","valueRequired":true,"valueName":"search_term_string"}}],"inLanguage":"fi"}]}},"_links":{"self":[{"href":"https:\/\/onlinelotto365.com\/fi\/wp-json\/wp\/v2\/pages\/80899","targetHints":{"allow":["GET"]}}],"collection":[{"href":"https:\/\/onlinelotto365.com\/fi\/wp-json\/wp\/v2\/pages"}],"about":[{"href":"https:\/\/onlinelotto365.com\/fi\/wp-json\/wp\/v2\/types\/page"}],"author":[{"embeddable":true,"href":"https:\/\/onlinelotto365.com\/fi\/wp-json\/wp\/v2\/users\/1"}],"replies":[{"embeddable":true,"href":"https:\/\/onlinelotto365.com\/fi\/wp-json\/wp\/v2\/comments?post=80899"}],"version-history":[{"count":0,"href":"https:\/\/onlinelotto365.com\/fi\/wp-json\/wp\/v2\/pages\/80899\/revisions"}],"up":[{"embeddable":true,"href":"https:\/\/onlinelotto365.com\/fi\/wp-json\/wp\/v2\/pages\/58289"}],"wp:attachment":[{"href":"https:\/\/onlinelotto365.com\/fi\/wp-json\/wp\/v2\/media?parent=80899"}],"curies":[{"name":"wp","href":"https:\/\/api.w.org\/{rel}","templated":true}]}}