{"id":80928,"date":"2022-11-23T21:34:57","date_gmt":"2022-11-23T20:34:57","guid":{"rendered":"https:\/\/onlinelotto365.com\/?page_id=80928"},"modified":"2022-11-23T21:34:57","modified_gmt":"2022-11-23T20:34:57","slug":"oz-lotto","status":"publish","type":"page","link":"https:\/\/onlinelotto365.com\/fi\/voittonumerot\/oz-lotto\/","title":{"rendered":"Voittonumerot Oz Lotto"},"content":{"rendered":"<p>Sivustollamme on tarjolla runsaasti kansainv\u00e4lisi\u00e4 lottovaihtoehtoja, ja kun pelaat n\u00e4it\u00e4 pelej\u00e4, haluat varmistaa, ett\u00e4 voit tarkistaa voittonumerot. Yksi tapa on sanomalehti, mutta Oz Loton tulosten l\u00f6yt\u00e4minen sanomalehdest\u00e4 voi olla vaikeaa. Toinen vaihtoehto on televisio, mutta oikean kanavan l\u00f6yt\u00e4minen arvonnan seuraamiseen tai tulosten katsomiseen voi my\u00f6s olla useimmille vaikea tilanne.<br \/>\n<a href=\"https:\/\/redfoxlotto.com\/play\/oz-lotto\/?ref=a8564250a2&amp;medium=ol365\" target=\"_blank\" rel=\"noopener noreferrer\"><img decoding=\"async\" class=\"aligncenter\" src=\"https:\/\/redfoxlotto.com\/image?size=8&amp;lottery=oz-lotto\" alt=\"Oz Lotto\" \/><\/a><br \/>\nSeuraavaksi voit tarkistaa Oz Loton virallisen verkkosivuston ja katsoa, l\u00f6yd\u00e4tk\u00f6 tulokset sielt\u00e4. Joissakin peleiss\u00e4 voit seurata arvonnan suorana l\u00e4hetyksen\u00e4 niiden verkkosivuilla. Muista kuitenkin, ett\u00e4 t\u00e4m\u00e4 ei ole mahdollista kaikissa lottopeleiss\u00e4, ja saatat j\u00e4\u00e4d\u00e4 ilman t\u00e4t\u00e4 mahdollisuutta.<\/p>\n<p>Kun arvonta on suoritettu, voit joskus etsi\u00e4 YouTubesta viimeisimm\u00e4n Oz Lotto -arvonnan tuloksia. N\u00e4m\u00e4k\u00e4\u00e4n eiv\u00e4t ole aina saatavilla, mutta joskus joku julkaisee videon suorasta arvonnasta tai numeroista.<\/p>\n<p>Parasta, mit\u00e4 voit kuitenkin tehd\u00e4, jos haluat saada viimeisimm\u00e4t voittonumerot, on tutustua verkkosivuihimme ja lottotulossivuumme. Sinne laitamme kaikkien lottopelien tulokset, joita voit ostaa verkkosivuiltamme, jotta tied\u00e4t, mist\u00e4 etsi\u00e4.<\/p>\n<h2>N\u00e4in saat selville, onko nettilottosi voittanut<\/h2>\n<p>Ne, jotka ovat ostaneet lippuja johonkin tarjoamistamme peleist\u00e4, voivat kirjautua tilillesi ja siirty\u00e4 sivulle, jossa lippusi on tallennettu. T\u00e4ll\u00e4 sivulla saat kaikki tarvitsemasi tiedot. Voit n\u00e4hd\u00e4 lottokuponkejasi sek\u00e4 voittonumerot.<br \/>\nJos olet onnekas ja sinulla on numeroita, n\u00e4et my\u00f6s vastaavat numerot korostettuina ruudullasi. Voit my\u00f6s tarkistaa osuneiden numeroiden m\u00e4\u00e4r\u00e4n ja voittamasi palkinnon. Jos se on alle 2500 euroa, voit katsoa tili\u00e4si ja l\u00f6yt\u00e4\u00e4 sen suoraan pelitililt\u00e4si heti, kun tulokset on vahvistettu.<\/p>\n<h2>Oz Lotto tulosten arkisto<\/h2>\n<p>Niille, jotka haluavat katsoa Oz Loton tai muiden lottopelien vanhempia numeroita, l\u00f6yd\u00e4t helposti arkistot, jotka on linkitetty mihin tahansa sivuun, jossa nykyiset numerot n\u00e4kyv\u00e4t. T\u00e4m\u00e4 helpottaa sinua l\u00f6yt\u00e4m\u00e4\u00e4n etsim\u00e4si numerot, jotka auttavat sinua tulevissa valinnoissasi.<\/p>\n<h2>Lottokuponkini on voittanut, mit\u00e4 tapahtuu seuraavaksi?<\/h2>\n<p><img loading=\"lazy\" decoding=\"async\" class=\"alignright wp-image-3624\" src=\"https:\/\/onlinelotto365.com\/wp-content\/uploads\/2020\/11\/online_lottery-74-200x300.jpg\" alt=\"Oz Lotto voittonumerot\" width=\"123\" height=\"185\" srcset=\"https:\/\/onlinelotto365.com\/wp-content\/uploads\/2020\/11\/online_lottery-74-200x300.jpg 200w, https:\/\/onlinelotto365.com\/wp-content\/uploads\/2020\/11\/online_lottery-74.jpg 320w\" sizes=\"auto, (max-width: 123px) 100vw, 123px\" \/><br \/>\nOlemme jo puhuneet siit\u00e4, miten voit saada voittosi, jos arpalippusi osuu voittonumeroihin, mutta katsotaanpa my\u00f6s hieman tarkemmin. Jos sinulla on alle 2500 euron arvoinen lippu, rahat lis\u00e4t\u00e4\u00e4n tilillesi automaattisesti heti, kun voittonumerot on vahvistettu.<\/p>\n<p>Sitten, jos tilill\u00e4si on v\u00e4hint\u00e4\u00e4n 10 \u20ac, voit nostaa rahat mill\u00e4 tahansa maksutavalla, jota olet jo k\u00e4ytt\u00e4nyt tilill\u00e4si. Sinun tarvitsee vain t\u00e4ytt\u00e4\u00e4 pari lomaketta henkil\u00f6llisyytesi todentamiseksi, ja rahasi ovat tilill\u00e4si hetkess\u00e4. Tai voit j\u00e4tt\u00e4\u00e4 rahat sinne, miss\u00e4 ne ovat, ja k\u00e4ytt\u00e4\u00e4 ne my\u00f6hemmin entist\u00e4 useampien lippujen ostamiseen.<\/p>\n","protected":false},"excerpt":{"rendered":"<p>Sivustollamme on tarjolla runsaasti kansainv\u00e4lisi\u00e4 lottovaihtoehtoja, ja kun pelaat n\u00e4it\u00e4 pelej\u00e4, haluat varmistaa, ett\u00e4 voit tarkistaa voittonumerot. Yksi tapa on sanomalehti, mutta Oz Loton tulosten l\u00f6yt\u00e4minen sanomalehdest\u00e4 voi olla vaikeaa. Toinen vaihtoehto on televisio, mutta oikean kanavan l\u00f6yt\u00e4minen arvonnan seuraamiseen tai tulosten katsomiseen voi my\u00f6s olla useimmille vaikea tilanne. Seuraavaksi voit tarkistaa Oz Loton virallisen [&hellip;]<\/p>\n","protected":false},"author":1,"featured_media":0,"parent":58289,"menu_order":14,"comment_status":"closed","ping_status":"closed","template":"template-rightsidebar.php","meta":{"_et_pb_use_builder":"","_et_pb_old_content":"","_et_gb_content_width":"","exclude_from_search":false,"footnotes":""},"class_list":["post-80928","page","type-page","status-publish","hentry"],"yoast_head":"<!-- This site is optimized with the Yoast SEO plugin v23.4 - https:\/\/yoast.com\/wordpress\/plugins\/seo\/ -->\n<title>Oz Lotto arvonnan tulokset ja palkinnot<\/title>\n<meta name=\"description\" content=\"Etsitk\u00f6 Oz Loton arvontatuloksia? T\u00e4ss\u00e4 ovat voittonumerot\" \/>\n<meta name=\"robots\" content=\"index, follow, max-snippet:-1, max-image-preview:large, max-video-preview:-1\" \/>\n<link rel=\"canonical\" href=\"https:\/\/onlinelotto365.com\/fi\/voittonumerot\/oz-lotto\/\" \/>\n<meta property=\"og:locale\" content=\"fi_FI\" \/>\n<meta property=\"og:type\" content=\"article\" \/>\n<meta property=\"og:title\" content=\"Oz Lotto arvonnan tulokset ja palkinnot\" \/>\n<meta property=\"og:description\" content=\"Etsitk\u00f6 Oz Loton arvontatuloksia? T\u00e4ss\u00e4 ovat voittonumerot\" \/>\n<meta property=\"og:url\" content=\"https:\/\/onlinelotto365.com\/fi\/voittonumerot\/oz-lotto\/\" \/>\n<meta property=\"og:site_name\" content=\"OnlineLotto365\" \/>\n<meta property=\"og:image\" content=\"https:\/\/redfoxlotto.com\/image?size=8&amp;lottery=oz-lotto\" \/>\n<meta name=\"twitter:card\" content=\"summary_large_image\" \/>\n<meta name=\"twitter:label1\" content=\"Arvioitu lukuaika\" \/>\n\t<meta name=\"twitter:data1\" content=\"2 minuuttia\" \/>\n<script type=\"application\/ld+json\" class=\"yoast-schema-graph\">{\"@context\":\"https:\/\/schema.org\",\"@graph\":[{\"@type\":\"WebPage\",\"@id\":\"https:\/\/onlinelotto365.com\/fi\/voittonumerot\/oz-lotto\/\",\"url\":\"https:\/\/onlinelotto365.com\/fi\/voittonumerot\/oz-lotto\/\",\"name\":\"Oz Lotto arvonnan tulokset ja palkinnot\",\"isPartOf\":{\"@id\":\"https:\/\/onlinelotto365.com\/fi\/#website\"},\"primaryImageOfPage\":{\"@id\":\"https:\/\/onlinelotto365.com\/fi\/voittonumerot\/oz-lotto\/#primaryimage\"},\"image\":{\"@id\":\"https:\/\/onlinelotto365.com\/fi\/voittonumerot\/oz-lotto\/#primaryimage\"},\"thumbnailUrl\":\"https:\/\/redfoxlotto.com\/image?size=8&amp;lottery=oz-lotto\",\"datePublished\":\"2022-11-23T20:34:57+00:00\",\"dateModified\":\"2022-11-23T20:34:57+00:00\",\"description\":\"Etsitk\u00f6 Oz Loton arvontatuloksia? T\u00e4ss\u00e4 ovat voittonumerot\",\"breadcrumb\":{\"@id\":\"https:\/\/onlinelotto365.com\/fi\/voittonumerot\/oz-lotto\/#breadcrumb\"},\"inLanguage\":\"fi\",\"potentialAction\":[{\"@type\":\"ReadAction\",\"target\":[\"https:\/\/onlinelotto365.com\/fi\/voittonumerot\/oz-lotto\/\"]}]},{\"@type\":\"ImageObject\",\"inLanguage\":\"fi\",\"@id\":\"https:\/\/onlinelotto365.com\/fi\/voittonumerot\/oz-lotto\/#primaryimage\",\"url\":\"https:\/\/redfoxlotto.com\/image?size=8&amp;lottery=oz-lotto\",\"contentUrl\":\"https:\/\/redfoxlotto.com\/image?size=8&amp;lottery=oz-lotto\"},{\"@type\":\"BreadcrumbList\",\"@id\":\"https:\/\/onlinelotto365.com\/fi\/voittonumerot\/oz-lotto\/#breadcrumb\",\"itemListElement\":[{\"@type\":\"ListItem\",\"position\":1,\"name\":\"Home\",\"item\":\"https:\/\/onlinelotto365.com\/fi\/\"},{\"@type\":\"ListItem\",\"position\":2,\"name\":\"L\u00f6yd\u00e4 voittonumerot ja tulokset uusimmista lottoarpajaisista\",\"item\":\"https:\/\/onlinelotto365.com\/fi\/voittonumerot\/\"},{\"@type\":\"ListItem\",\"position\":3,\"name\":\"Voittonumerot Oz Lotto\"}]},{\"@type\":\"WebSite\",\"@id\":\"https:\/\/onlinelotto365.com\/fi\/#website\",\"url\":\"https:\/\/onlinelotto365.com\/fi\/\",\"name\":\"OnlineLotto365\",\"description\":\"\",\"potentialAction\":[{\"@type\":\"SearchAction\",\"target\":{\"@type\":\"EntryPoint\",\"urlTemplate\":\"https:\/\/onlinelotto365.com\/fi\/?s={search_term_string}\"},\"query-input\":{\"@type\":\"PropertyValueSpecification\",\"valueRequired\":true,\"valueName\":\"search_term_string\"}}],\"inLanguage\":\"fi\"}]}<\/script>\n<!-- \/ Yoast SEO plugin. -->","yoast_head_json":{"title":"Oz Lotto arvonnan tulokset ja palkinnot","description":"Etsitk\u00f6 Oz Loton arvontatuloksia? T\u00e4ss\u00e4 ovat voittonumerot","robots":{"index":"index","follow":"follow","max-snippet":"max-snippet:-1","max-image-preview":"max-image-preview:large","max-video-preview":"max-video-preview:-1"},"canonical":"https:\/\/onlinelotto365.com\/fi\/voittonumerot\/oz-lotto\/","og_locale":"fi_FI","og_type":"article","og_title":"Oz Lotto arvonnan tulokset ja palkinnot","og_description":"Etsitk\u00f6 Oz Loton arvontatuloksia? T\u00e4ss\u00e4 ovat voittonumerot","og_url":"https:\/\/onlinelotto365.com\/fi\/voittonumerot\/oz-lotto\/","og_site_name":"OnlineLotto365","og_image":[{"url":"https:\/\/redfoxlotto.com\/image?size=8&amp;lottery=oz-lotto"}],"twitter_card":"summary_large_image","twitter_misc":{"Arvioitu lukuaika":"2 minuuttia"},"schema":{"@context":"https:\/\/schema.org","@graph":[{"@type":"WebPage","@id":"https:\/\/onlinelotto365.com\/fi\/voittonumerot\/oz-lotto\/","url":"https:\/\/onlinelotto365.com\/fi\/voittonumerot\/oz-lotto\/","name":"Oz Lotto arvonnan tulokset ja palkinnot","isPartOf":{"@id":"https:\/\/onlinelotto365.com\/fi\/#website"},"primaryImageOfPage":{"@id":"https:\/\/onlinelotto365.com\/fi\/voittonumerot\/oz-lotto\/#primaryimage"},"image":{"@id":"https:\/\/onlinelotto365.com\/fi\/voittonumerot\/oz-lotto\/#primaryimage"},"thumbnailUrl":"https:\/\/redfoxlotto.com\/image?size=8&amp;lottery=oz-lotto","datePublished":"2022-11-23T20:34:57+00:00","dateModified":"2022-11-23T20:34:57+00:00","description":"Etsitk\u00f6 Oz Loton arvontatuloksia? T\u00e4ss\u00e4 ovat voittonumerot","breadcrumb":{"@id":"https:\/\/onlinelotto365.com\/fi\/voittonumerot\/oz-lotto\/#breadcrumb"},"inLanguage":"fi","potentialAction":[{"@type":"ReadAction","target":["https:\/\/onlinelotto365.com\/fi\/voittonumerot\/oz-lotto\/"]}]},{"@type":"ImageObject","inLanguage":"fi","@id":"https:\/\/onlinelotto365.com\/fi\/voittonumerot\/oz-lotto\/#primaryimage","url":"https:\/\/redfoxlotto.com\/image?size=8&amp;lottery=oz-lotto","contentUrl":"https:\/\/redfoxlotto.com\/image?size=8&amp;lottery=oz-lotto"},{"@type":"BreadcrumbList","@id":"https:\/\/onlinelotto365.com\/fi\/voittonumerot\/oz-lotto\/#breadcrumb","itemListElement":[{"@type":"ListItem","position":1,"name":"Home","item":"https:\/\/onlinelotto365.com\/fi\/"},{"@type":"ListItem","position":2,"name":"L\u00f6yd\u00e4 voittonumerot ja tulokset uusimmista lottoarpajaisista","item":"https:\/\/onlinelotto365.com\/fi\/voittonumerot\/"},{"@type":"ListItem","position":3,"name":"Voittonumerot Oz Lotto"}]},{"@type":"WebSite","@id":"https:\/\/onlinelotto365.com\/fi\/#website","url":"https:\/\/onlinelotto365.com\/fi\/","name":"OnlineLotto365","description":"","potentialAction":[{"@type":"SearchAction","target":{"@type":"EntryPoint","urlTemplate":"https:\/\/onlinelotto365.com\/fi\/?s={search_term_string}"},"query-input":{"@type":"PropertyValueSpecification","valueRequired":true,"valueName":"search_term_string"}}],"inLanguage":"fi"}]}},"_links":{"self":[{"href":"https:\/\/onlinelotto365.com\/fi\/wp-json\/wp\/v2\/pages\/80928","targetHints":{"allow":["GET"]}}],"collection":[{"href":"https:\/\/onlinelotto365.com\/fi\/wp-json\/wp\/v2\/pages"}],"about":[{"href":"https:\/\/onlinelotto365.com\/fi\/wp-json\/wp\/v2\/types\/page"}],"author":[{"embeddable":true,"href":"https:\/\/onlinelotto365.com\/fi\/wp-json\/wp\/v2\/users\/1"}],"replies":[{"embeddable":true,"href":"https:\/\/onlinelotto365.com\/fi\/wp-json\/wp\/v2\/comments?post=80928"}],"version-history":[{"count":0,"href":"https:\/\/onlinelotto365.com\/fi\/wp-json\/wp\/v2\/pages\/80928\/revisions"}],"up":[{"embeddable":true,"href":"https:\/\/onlinelotto365.com\/fi\/wp-json\/wp\/v2\/pages\/58289"}],"wp:attachment":[{"href":"https:\/\/onlinelotto365.com\/fi\/wp-json\/wp\/v2\/media?parent=80928"}],"curies":[{"name":"wp","href":"https:\/\/api.w.org\/{rel}","templated":true}]}}