{"id":80982,"date":"2022-11-25T09:24:56","date_gmt":"2022-11-25T08:24:56","guid":{"rendered":"https:\/\/onlinelotto365.com\/?page_id=80982"},"modified":"2022-11-25T09:24:56","modified_gmt":"2022-11-25T08:24:56","slug":"lauantai-lotto-australia","status":"publish","type":"page","link":"https:\/\/onlinelotto365.com\/fi\/voittonumerot\/lauantai-lotto-australia\/","title":{"rendered":"Tarkista voittonumerot ja m\u00e4\u00e4r\u00e4t lauantai Lotto Australia"},"content":{"rendered":"<p>Sivustollamme on tarjolla paljon erilaisia kansainv\u00e4lisi\u00e4 pelej\u00e4, ja tied\u00e4mme, ett\u00e4 haluat saada voittonumerot mahdollisimman nopeasti. Sanomalehti ei yleens\u00e4 ole hyv\u00e4 paikka l\u00f6yt\u00e4\u00e4 lauantailoton Australian voittonumeroita. Ei ole my\u00f6sk\u00e4\u00e4n kovin hyv\u00e4 katsoa televisiokanavia ja toivoa l\u00f6yt\u00e4v\u00e4ns\u00e4 oikeat numerot t\u00e4h\u00e4n peliin. Mihin siis menet saadaksesi tulokset?<br \/>\n<a href=\"https:\/\/redfoxlotto.com\/play\/saturday-lotto-au\/?ref=a8564250a2&amp;medium=ol365\" target=\"_blank\" rel=\"noopener noreferrer\"><img decoding=\"async\" class=\"aligncenter\" src=\"https:\/\/redfoxlotto.com\/image?size=8&amp;lottery=saturday-lotto-au\" alt=\"Lauantai Lotto Australia\" \/><\/a><br \/>\nLottosivusto on yksi paikka, josta voit katsoa. Jotkin lottopelit tarjoavat live-l\u00e4hetyksi\u00e4 arvonnoistaan, mutta lauantailotto Australia ei v\u00e4ltt\u00e4m\u00e4tt\u00e4 kuulu niihin. Sinun on tarkistettava verkkosivusto varmuuden vuoksi, ja sitten sinun on varmistettava, ett\u00e4 katsot oikeaan aikaan, jos arvonta tarjotaan suorana l\u00e4hetyksen\u00e4.<br \/>\nLopuksi, jos arvonta on jo suoritettu, voit ehk\u00e4 tehd\u00e4 haun YouTubesta l\u00f6yt\u00e4\u00e4ksesi tulokset, jotka joku on jo julkaissut. Heill\u00e4 voi olla video suorasta arvonnasta, jonka he voivat laittaa l\u00e4pi.<\/p>\n<p>Helpoin tapa saada etsim\u00e4si tulokset on kuitenkin palata suoraan verkkosivustollemme. Sielt\u00e4 l\u00f6yd\u00e4t kaikki lauantailoton numerot sek\u00e4 kaikki muut pelit, joita haluat pelata. Numerot ovat saatavilla lottotulossivullamme, ja ne on helppo l\u00f6yt\u00e4\u00e4.<\/p>\n<h2>Miten saat selville, onko nettilippusi voittanut?<\/h2>\n<p>Kaikilla, jotka ovat jo ostaneet lippuja lauantailottoon Australiassa verkkosivuiltamme, on entist\u00e4kin helpompaa, koska voit vain menn\u00e4 tilillesi. Kirjaudu sis\u00e4\u00e4n ja tarkista sivu, jossa lippusi on tallennettu. L\u00f6yd\u00e4t sielt\u00e4 paitsi lippusi numerot my\u00f6s voittonumerot kaikista pelaamistasi peleist\u00e4.<\/p>\n<p>Sielt\u00e4 voit etsi\u00e4 osumia, jotka merkitsemme sinulle eri v\u00e4reill\u00e4. N\u00e4in n\u00e4et, kuinka paljon olet voittanut ja miss\u00e4 rahat ovat tilill\u00e4si. Jos summa on alle 2500 euroa, laitamme sen jo suoraan tilillesi, joten sinun ei tarvitse tehd\u00e4 mit\u00e4\u00e4n.<\/p>\n<h2>Lauantai Lotto Australia tulosten arkisto<\/h2>\n<p>Niille, jotka haluavat katsoa lauantailoton Australian vanhempia numeroita, sinun ei tarvitse huolehtia mist\u00e4\u00e4n. Varmistamme, ett\u00e4 arkistot ovat helposti l\u00f6ydett\u00e4viss\u00e4 liitt\u00e4m\u00e4ll\u00e4 ne mihin tahansa sivuun, jossa n\u00e4yt\u00e4mme nykyiset lottotulokset. N\u00e4in voit tarkistaa kaikki haluamasi numerot, jopa kauan sitten.<\/p>\n<h2>Lottokuponkini on voittanut, mit\u00e4 tapahtuu seuraavaksi?<\/h2>\n<p><img loading=\"lazy\" decoding=\"async\" class=\"alignright wp-image-3649\" src=\"https:\/\/onlinelotto365.com\/wp-content\/uploads\/2020\/11\/online_lottery-90-300x225.jpg\" alt=\"voittonumerot lauantai lotto australia\" width=\"207\" height=\"155\" srcset=\"https:\/\/onlinelotto365.com\/wp-content\/uploads\/2020\/11\/online_lottery-90-300x225.jpg 300w, https:\/\/onlinelotto365.com\/wp-content\/uploads\/2020\/11\/online_lottery-90.jpg 320w\" sizes=\"auto, (max-width: 207px) 100vw, 207px\" \/><br \/>\nOlemme jo puhuneet voitoista, joita voit saada lottokupongillasi. Jos n\u00e4m\u00e4 voitot ovat alle 2500 euroa, sinun ei tarvitse tehd\u00e4 mit\u00e4\u00e4n lunastaaksesi ne. Laitamme rahat pelitilillesi puolestasi heti. Jos voitot ovat yli 2500 euroa, autamme sinua niiden lunastamisessa.<\/p>\n<p>Muista my\u00f6s, ett\u00e4 voit nostaa mit\u00e4 tahansa rahaa tililt\u00e4si, kunhan siell\u00e4 on v\u00e4hint\u00e4\u00e4n 10 \u20ac. Sinun tarvitsee vain valita maksutapa, jota olet k\u00e4ytt\u00e4nyt tilill\u00e4si aiemmin, ja t\u00e4ytt\u00e4\u00e4 muutama vahvistuslomake maksuprosessorillemme.<\/p>\n","protected":false},"excerpt":{"rendered":"<p>Sivustollamme on tarjolla paljon erilaisia kansainv\u00e4lisi\u00e4 pelej\u00e4, ja tied\u00e4mme, ett\u00e4 haluat saada voittonumerot mahdollisimman nopeasti. Sanomalehti ei yleens\u00e4 ole hyv\u00e4 paikka l\u00f6yt\u00e4\u00e4 lauantailoton Australian voittonumeroita. Ei ole my\u00f6sk\u00e4\u00e4n kovin hyv\u00e4 katsoa televisiokanavia ja toivoa l\u00f6yt\u00e4v\u00e4ns\u00e4 oikeat numerot t\u00e4h\u00e4n peliin. Mihin siis menet saadaksesi tulokset? Lottosivusto on yksi paikka, josta voit katsoa. Jotkin lottopelit tarjoavat live-l\u00e4hetyksi\u00e4 [&hellip;]<\/p>\n","protected":false},"author":1,"featured_media":0,"parent":58289,"menu_order":15,"comment_status":"closed","ping_status":"closed","template":"saturday-lotto-results.php","meta":{"_et_pb_use_builder":"","_et_pb_old_content":"","_et_gb_content_width":"","exclude_from_search":false,"footnotes":""},"class_list":["post-80982","page","type-page","status-publish","hentry"],"yoast_head":"<!-- This site is optimized with the Yoast SEO plugin v23.4 - https:\/\/yoast.com\/wordpress\/plugins\/seo\/ -->\n<title>Tarkista voittonumerot ja m\u00e4\u00e4r\u00e4t lauantai Lotto Australia<\/title>\n<meta name=\"description\" content=\"Arvonnan tulokset, voittonumerot Lauantai lotto Australia, sek\u00e4 tulosten arkisto\" \/>\n<meta name=\"robots\" content=\"index, follow, max-snippet:-1, max-image-preview:large, max-video-preview:-1\" \/>\n<link rel=\"canonical\" href=\"https:\/\/onlinelotto365.com\/fi\/voittonumerot\/lauantai-lotto-australia\/\" \/>\n<meta property=\"og:locale\" content=\"fi_FI\" \/>\n<meta property=\"og:type\" content=\"article\" \/>\n<meta property=\"og:title\" content=\"Tarkista voittonumerot ja m\u00e4\u00e4r\u00e4t lauantai Lotto Australia\" \/>\n<meta property=\"og:description\" content=\"Arvonnan tulokset, voittonumerot Lauantai lotto Australia, sek\u00e4 tulosten arkisto\" \/>\n<meta property=\"og:url\" content=\"https:\/\/onlinelotto365.com\/fi\/voittonumerot\/lauantai-lotto-australia\/\" \/>\n<meta property=\"og:site_name\" content=\"OnlineLotto365\" \/>\n<meta property=\"og:image\" content=\"https:\/\/redfoxlotto.com\/image?size=8&amp;lottery=saturday-lotto-au\" \/>\n<meta name=\"twitter:card\" content=\"summary_large_image\" \/>\n<meta name=\"twitter:label1\" content=\"Arvioitu lukuaika\" \/>\n\t<meta name=\"twitter:data1\" content=\"2 minuuttia\" \/>\n<script type=\"application\/ld+json\" class=\"yoast-schema-graph\">{\"@context\":\"https:\/\/schema.org\",\"@graph\":[{\"@type\":\"WebPage\",\"@id\":\"https:\/\/onlinelotto365.com\/fi\/voittonumerot\/lauantai-lotto-australia\/\",\"url\":\"https:\/\/onlinelotto365.com\/fi\/voittonumerot\/lauantai-lotto-australia\/\",\"name\":\"Tarkista voittonumerot ja m\u00e4\u00e4r\u00e4t lauantai Lotto Australia\",\"isPartOf\":{\"@id\":\"https:\/\/onlinelotto365.com\/fi\/#website\"},\"primaryImageOfPage\":{\"@id\":\"https:\/\/onlinelotto365.com\/fi\/voittonumerot\/lauantai-lotto-australia\/#primaryimage\"},\"image\":{\"@id\":\"https:\/\/onlinelotto365.com\/fi\/voittonumerot\/lauantai-lotto-australia\/#primaryimage\"},\"thumbnailUrl\":\"https:\/\/redfoxlotto.com\/image?size=8&amp;lottery=saturday-lotto-au\",\"datePublished\":\"2022-11-25T08:24:56+00:00\",\"dateModified\":\"2022-11-25T08:24:56+00:00\",\"description\":\"Arvonnan tulokset, voittonumerot Lauantai lotto Australia, sek\u00e4 tulosten arkisto\",\"breadcrumb\":{\"@id\":\"https:\/\/onlinelotto365.com\/fi\/voittonumerot\/lauantai-lotto-australia\/#breadcrumb\"},\"inLanguage\":\"fi\",\"potentialAction\":[{\"@type\":\"ReadAction\",\"target\":[\"https:\/\/onlinelotto365.com\/fi\/voittonumerot\/lauantai-lotto-australia\/\"]}]},{\"@type\":\"ImageObject\",\"inLanguage\":\"fi\",\"@id\":\"https:\/\/onlinelotto365.com\/fi\/voittonumerot\/lauantai-lotto-australia\/#primaryimage\",\"url\":\"https:\/\/redfoxlotto.com\/image?size=8&amp;lottery=saturday-lotto-au\",\"contentUrl\":\"https:\/\/redfoxlotto.com\/image?size=8&amp;lottery=saturday-lotto-au\"},{\"@type\":\"BreadcrumbList\",\"@id\":\"https:\/\/onlinelotto365.com\/fi\/voittonumerot\/lauantai-lotto-australia\/#breadcrumb\",\"itemListElement\":[{\"@type\":\"ListItem\",\"position\":1,\"name\":\"Home\",\"item\":\"https:\/\/onlinelotto365.com\/fi\/\"},{\"@type\":\"ListItem\",\"position\":2,\"name\":\"L\u00f6yd\u00e4 voittonumerot ja tulokset uusimmista lottoarpajaisista\",\"item\":\"https:\/\/onlinelotto365.com\/fi\/voittonumerot\/\"},{\"@type\":\"ListItem\",\"position\":3,\"name\":\"Tarkista voittonumerot ja m\u00e4\u00e4r\u00e4t lauantai Lotto Australia\"}]},{\"@type\":\"WebSite\",\"@id\":\"https:\/\/onlinelotto365.com\/fi\/#website\",\"url\":\"https:\/\/onlinelotto365.com\/fi\/\",\"name\":\"OnlineLotto365\",\"description\":\"\",\"potentialAction\":[{\"@type\":\"SearchAction\",\"target\":{\"@type\":\"EntryPoint\",\"urlTemplate\":\"https:\/\/onlinelotto365.com\/fi\/?s={search_term_string}\"},\"query-input\":{\"@type\":\"PropertyValueSpecification\",\"valueRequired\":true,\"valueName\":\"search_term_string\"}}],\"inLanguage\":\"fi\"}]}<\/script>\n<!-- \/ Yoast SEO plugin. -->","yoast_head_json":{"title":"Tarkista voittonumerot ja m\u00e4\u00e4r\u00e4t lauantai Lotto Australia","description":"Arvonnan tulokset, voittonumerot Lauantai lotto Australia, sek\u00e4 tulosten arkisto","robots":{"index":"index","follow":"follow","max-snippet":"max-snippet:-1","max-image-preview":"max-image-preview:large","max-video-preview":"max-video-preview:-1"},"canonical":"https:\/\/onlinelotto365.com\/fi\/voittonumerot\/lauantai-lotto-australia\/","og_locale":"fi_FI","og_type":"article","og_title":"Tarkista voittonumerot ja m\u00e4\u00e4r\u00e4t lauantai Lotto Australia","og_description":"Arvonnan tulokset, voittonumerot Lauantai lotto Australia, sek\u00e4 tulosten arkisto","og_url":"https:\/\/onlinelotto365.com\/fi\/voittonumerot\/lauantai-lotto-australia\/","og_site_name":"OnlineLotto365","og_image":[{"url":"https:\/\/redfoxlotto.com\/image?size=8&amp;lottery=saturday-lotto-au"}],"twitter_card":"summary_large_image","twitter_misc":{"Arvioitu lukuaika":"2 minuuttia"},"schema":{"@context":"https:\/\/schema.org","@graph":[{"@type":"WebPage","@id":"https:\/\/onlinelotto365.com\/fi\/voittonumerot\/lauantai-lotto-australia\/","url":"https:\/\/onlinelotto365.com\/fi\/voittonumerot\/lauantai-lotto-australia\/","name":"Tarkista voittonumerot ja m\u00e4\u00e4r\u00e4t lauantai Lotto Australia","isPartOf":{"@id":"https:\/\/onlinelotto365.com\/fi\/#website"},"primaryImageOfPage":{"@id":"https:\/\/onlinelotto365.com\/fi\/voittonumerot\/lauantai-lotto-australia\/#primaryimage"},"image":{"@id":"https:\/\/onlinelotto365.com\/fi\/voittonumerot\/lauantai-lotto-australia\/#primaryimage"},"thumbnailUrl":"https:\/\/redfoxlotto.com\/image?size=8&amp;lottery=saturday-lotto-au","datePublished":"2022-11-25T08:24:56+00:00","dateModified":"2022-11-25T08:24:56+00:00","description":"Arvonnan tulokset, voittonumerot Lauantai lotto Australia, sek\u00e4 tulosten arkisto","breadcrumb":{"@id":"https:\/\/onlinelotto365.com\/fi\/voittonumerot\/lauantai-lotto-australia\/#breadcrumb"},"inLanguage":"fi","potentialAction":[{"@type":"ReadAction","target":["https:\/\/onlinelotto365.com\/fi\/voittonumerot\/lauantai-lotto-australia\/"]}]},{"@type":"ImageObject","inLanguage":"fi","@id":"https:\/\/onlinelotto365.com\/fi\/voittonumerot\/lauantai-lotto-australia\/#primaryimage","url":"https:\/\/redfoxlotto.com\/image?size=8&amp;lottery=saturday-lotto-au","contentUrl":"https:\/\/redfoxlotto.com\/image?size=8&amp;lottery=saturday-lotto-au"},{"@type":"BreadcrumbList","@id":"https:\/\/onlinelotto365.com\/fi\/voittonumerot\/lauantai-lotto-australia\/#breadcrumb","itemListElement":[{"@type":"ListItem","position":1,"name":"Home","item":"https:\/\/onlinelotto365.com\/fi\/"},{"@type":"ListItem","position":2,"name":"L\u00f6yd\u00e4 voittonumerot ja tulokset uusimmista lottoarpajaisista","item":"https:\/\/onlinelotto365.com\/fi\/voittonumerot\/"},{"@type":"ListItem","position":3,"name":"Tarkista voittonumerot ja m\u00e4\u00e4r\u00e4t lauantai Lotto Australia"}]},{"@type":"WebSite","@id":"https:\/\/onlinelotto365.com\/fi\/#website","url":"https:\/\/onlinelotto365.com\/fi\/","name":"OnlineLotto365","description":"","potentialAction":[{"@type":"SearchAction","target":{"@type":"EntryPoint","urlTemplate":"https:\/\/onlinelotto365.com\/fi\/?s={search_term_string}"},"query-input":{"@type":"PropertyValueSpecification","valueRequired":true,"valueName":"search_term_string"}}],"inLanguage":"fi"}]}},"_links":{"self":[{"href":"https:\/\/onlinelotto365.com\/fi\/wp-json\/wp\/v2\/pages\/80982","targetHints":{"allow":["GET"]}}],"collection":[{"href":"https:\/\/onlinelotto365.com\/fi\/wp-json\/wp\/v2\/pages"}],"about":[{"href":"https:\/\/onlinelotto365.com\/fi\/wp-json\/wp\/v2\/types\/page"}],"author":[{"embeddable":true,"href":"https:\/\/onlinelotto365.com\/fi\/wp-json\/wp\/v2\/users\/1"}],"replies":[{"embeddable":true,"href":"https:\/\/onlinelotto365.com\/fi\/wp-json\/wp\/v2\/comments?post=80982"}],"version-history":[{"count":0,"href":"https:\/\/onlinelotto365.com\/fi\/wp-json\/wp\/v2\/pages\/80982\/revisions"}],"up":[{"embeddable":true,"href":"https:\/\/onlinelotto365.com\/fi\/wp-json\/wp\/v2\/pages\/58289"}],"wp:attachment":[{"href":"https:\/\/onlinelotto365.com\/fi\/wp-json\/wp\/v2\/media?parent=80982"}],"curies":[{"name":"wp","href":"https:\/\/api.w.org\/{rel}","templated":true}]}}