{"id":80992,"date":"2022-11-25T09:50:02","date_gmt":"2022-11-25T08:50:02","guid":{"rendered":"https:\/\/onlinelotto365.com\/?page_id=80992"},"modified":"2022-11-25T09:50:02","modified_gmt":"2022-11-25T08:50:02","slug":"ma-ke-lotto","status":"publish","type":"page","link":"https:\/\/onlinelotto365.com\/fi\/voittonumerot\/ma-ke-lotto\/","title":{"rendered":"Kaikki ma ja ke Lotto Australia tulokset"},"content":{"rendered":"<p>On olemassa paljon erilaisia kansainv\u00e4lisi\u00e4 pelej\u00e4, joita voit pelata, kun on kyse lotosta. Ja haluat saada tulokset niist\u00e4 mahdollisimman nopeasti. Yksi tapa tehd\u00e4 se on etsi\u00e4 sanomalehti, joka tarjoaa Mon &amp; Wed Lotto Australia voittonumerot. Mutta niit\u00e4 voi olla vaikea l\u00f6yt\u00e4\u00e4. Toinen vaihtoehto on televisio, mutta nekin kanavat voivat olla vaikeita. Ent\u00e4 jos et halua tehd\u00e4 paljon tutkimusta?<br \/>\n<a href=\"https:\/\/redfoxlotto.com\/play\/monday-wednesday-lotto-au\/?ref=a8564250a2&amp;medium=ol365\" target=\"_blank\" rel=\"noopener noreferrer\"><img decoding=\"async\" class=\"aligncenter\" src=\"https:\/\/redfoxlotto.com\/image?size=8&amp;lottery=monday-wednesday-lotto-au\" alt=\"Mon &amp; amp; Wed Lotto Australia\" \/><\/a><\/p>\n<p>Tarkista Mon &amp; Wed Lotto Australia -sivustolta, tarjoaako se live-arvontoja. Mink\u00e4 tahansa pelin live-arvonnat voivat olla eritt\u00e4in hauskoja, koska ne antavat sinulle paljon v\u00e4lit\u00f6nt\u00e4 j\u00e4nnityst\u00e4 katsellessasi. Kaikki pelit eiv\u00e4t kuitenkaan tarjoa t\u00e4llaisia arvontoja. Sinun on varmistettava, ett\u00e4 Mon &amp; Wed Lotto on yksi niist\u00e4, joissa se on saatavilla.<\/p>\n<p>Seuraavaksi voit halutessasi tarkistaa YouTubesta, l\u00f6ytyv\u00e4tk\u00f6 tulokset sielt\u00e4. Saatat yll\u00e4tty\u00e4 siit\u00e4, miten jotkut ihmiset julkaisevat arvontojen tuloksia tai jopa livevideoita l\u00e4hes mink\u00e4 tahansa pelin arvonnoista.<\/p>\n<p>Ylivoimaisesti helpoin vaihtoehto sinulle on kuitenkin katsoa verkkosivuiltamme. Tarjoamme kaikki voittonumerot ja palkintosummat jokaiseen peliin, jonka voit ostaa verkkosivustollamme. T\u00e4m\u00e4 tekee siit\u00e4 paljon helpompaa, ett\u00e4 saat tulokset yhdest\u00e4 paikasta ja niin nopeasti kuin haluat.<\/p>\n<h2>N\u00e4in saat selville, onko nettilippusi voittanut<\/h2>\n<p>Viel\u00e4 parempi uutinen on se, ett\u00e4 jos olet ostanut meilt\u00e4 lottokupongin ma-ke ja ke-lottoon Australiassa, voit siirty\u00e4 suoraan pelitilillesi hakemaan tuloksia. L\u00f6yd\u00e4t sielt\u00e4 ostamasi liput sek\u00e4 voittonumerot kaikista pelaamistasi peleist\u00e4.<\/p>\n<p>Voit n\u00e4hd\u00e4 valitsemasi numerot, jotka vastaavat arvottuja numeroita, ja kaikki voittamasi rahat, jotka ovat alle 2500 euroa, lis\u00e4t\u00e4\u00e4n automaattisesti tilillesi. Mik\u00e4 voisi olla sen helpompaa?<\/p>\n<h2>Ma ja ke Lotto Australia tulosten arkisto<\/h2>\n<p>Sivustomme kaikilla sivuilla, joilla n\u00e4ytet\u00e4\u00e4n uusimmat Mon &amp; Wed Lotto Australia -tulokset, n\u00e4ytet\u00e4\u00e4n my\u00f6s vanhemmat numerot, jotka haluat ehk\u00e4 tarkistaa. Ne voivat auttaa sinua valitsemaan numerot, joita haluat pelata seuraavan kerran, kun ostat lipun.<\/p>\n<h2>Lottokuponkini on voittanut, mit\u00e4 tapahtuu seuraavaksi?<\/h2>\n<p><img loading=\"lazy\" decoding=\"async\" class=\"alignright wp-image-3542\" src=\"https:\/\/onlinelotto365.com\/wp-content\/uploads\/2020\/11\/online_lottery-154-300x200.jpg\" alt=\"Mon &amp;amp; Wed Lotto voittonumerot\" width=\"197\" height=\"131\" srcset=\"https:\/\/onlinelotto365.com\/wp-content\/uploads\/2020\/11\/online_lottery-154-300x200.jpg 300w, https:\/\/onlinelotto365.com\/wp-content\/uploads\/2020\/11\/online_lottery-154.jpg 320w\" sizes=\"auto, (max-width: 197px) 100vw, 197px\" \/><br \/>\nJos olet voittanut lipulla, sinun on vain katsottava, kuinka paljon olet oikeutettu voittoon. Jos voitto on alle 2500 euroa, huolehdimme siit\u00e4, ett\u00e4 se vahvistetaan ja siirret\u00e4\u00e4n tilillesi mahdollisimman pian. Jos tilill\u00e4si on sitten v\u00e4hint\u00e4\u00e4n 10 \u20ac, voit nostaa sen mill\u00e4 tahansa maksutavalla, jota olet k\u00e4ytt\u00e4nyt tilill\u00e4si aiemmin. Sinun on vain huolehdittava muutamasta asiakirjasta, joiden avulla maksujen k\u00e4sittelij\u00e4mme tiet\u00e4\u00e4, kuka olet ja ett\u00e4 olet oikeutettu rahaan. Jos sinulla on v\u00e4hemm\u00e4n kuin 10 \u20ac tai haluat j\u00e4tt\u00e4\u00e4 rahat tilillesi, voit k\u00e4ytt\u00e4\u00e4 ne uusien lippujen ostamiseen.<\/p>\n","protected":false},"excerpt":{"rendered":"<p>On olemassa paljon erilaisia kansainv\u00e4lisi\u00e4 pelej\u00e4, joita voit pelata, kun on kyse lotosta. Ja haluat saada tulokset niist\u00e4 mahdollisimman nopeasti. Yksi tapa tehd\u00e4 se on etsi\u00e4 sanomalehti, joka tarjoaa Mon &amp; Wed Lotto Australia voittonumerot. Mutta niit\u00e4 voi olla vaikea l\u00f6yt\u00e4\u00e4. Toinen vaihtoehto on televisio, mutta nekin kanavat voivat olla vaikeita. Ent\u00e4 jos et halua [&hellip;]<\/p>\n","protected":false},"author":1,"featured_media":0,"parent":58289,"menu_order":16,"comment_status":"closed","ping_status":"closed","template":"template-rightsidebar.php","meta":{"_et_pb_use_builder":"","_et_pb_old_content":"","_et_gb_content_width":"","exclude_from_search":false,"footnotes":""},"class_list":["post-80992","page","type-page","status-publish","hentry"],"yoast_head":"<!-- This site is optimized with the Yoast SEO plugin v23.4 - https:\/\/yoast.com\/wordpress\/plugins\/seo\/ -->\n<title>Ma &amp; Ke Lotto Australia voittonumerot<\/title>\n<meta name=\"description\" content=\"Sivustomme tuo sinulle viimeisimm\u00e4t voittonumerot ja wo summat Mon &amp; Wed lottoon\" \/>\n<meta name=\"robots\" content=\"index, follow, max-snippet:-1, max-image-preview:large, max-video-preview:-1\" \/>\n<link rel=\"canonical\" href=\"https:\/\/onlinelotto365.com\/fi\/voittonumerot\/ma-ke-lotto\/\" \/>\n<meta property=\"og:locale\" content=\"fi_FI\" \/>\n<meta property=\"og:type\" content=\"article\" \/>\n<meta property=\"og:title\" content=\"Ma &amp; Ke Lotto Australia voittonumerot\" \/>\n<meta property=\"og:description\" content=\"Sivustomme tuo sinulle viimeisimm\u00e4t voittonumerot ja wo summat Mon &amp; Wed lottoon\" \/>\n<meta property=\"og:url\" content=\"https:\/\/onlinelotto365.com\/fi\/voittonumerot\/ma-ke-lotto\/\" \/>\n<meta property=\"og:site_name\" content=\"OnlineLotto365\" \/>\n<meta property=\"og:image\" content=\"https:\/\/redfoxlotto.com\/image?size=8&amp;lottery=monday-wednesday-lotto-au\" \/>\n<meta name=\"twitter:card\" content=\"summary_large_image\" \/>\n<meta name=\"twitter:label1\" content=\"Arvioitu lukuaika\" \/>\n\t<meta name=\"twitter:data1\" content=\"2 minuuttia\" \/>\n<script type=\"application\/ld+json\" class=\"yoast-schema-graph\">{\"@context\":\"https:\/\/schema.org\",\"@graph\":[{\"@type\":\"WebPage\",\"@id\":\"https:\/\/onlinelotto365.com\/fi\/voittonumerot\/ma-ke-lotto\/\",\"url\":\"https:\/\/onlinelotto365.com\/fi\/voittonumerot\/ma-ke-lotto\/\",\"name\":\"Ma & Ke Lotto Australia voittonumerot\",\"isPartOf\":{\"@id\":\"https:\/\/onlinelotto365.com\/fi\/#website\"},\"primaryImageOfPage\":{\"@id\":\"https:\/\/onlinelotto365.com\/fi\/voittonumerot\/ma-ke-lotto\/#primaryimage\"},\"image\":{\"@id\":\"https:\/\/onlinelotto365.com\/fi\/voittonumerot\/ma-ke-lotto\/#primaryimage\"},\"thumbnailUrl\":\"https:\/\/redfoxlotto.com\/image?size=8&amp;lottery=monday-wednesday-lotto-au\",\"datePublished\":\"2022-11-25T08:50:02+00:00\",\"dateModified\":\"2022-11-25T08:50:02+00:00\",\"description\":\"Sivustomme tuo sinulle viimeisimm\u00e4t voittonumerot ja wo summat Mon & Wed lottoon\",\"breadcrumb\":{\"@id\":\"https:\/\/onlinelotto365.com\/fi\/voittonumerot\/ma-ke-lotto\/#breadcrumb\"},\"inLanguage\":\"fi\",\"potentialAction\":[{\"@type\":\"ReadAction\",\"target\":[\"https:\/\/onlinelotto365.com\/fi\/voittonumerot\/ma-ke-lotto\/\"]}]},{\"@type\":\"ImageObject\",\"inLanguage\":\"fi\",\"@id\":\"https:\/\/onlinelotto365.com\/fi\/voittonumerot\/ma-ke-lotto\/#primaryimage\",\"url\":\"https:\/\/redfoxlotto.com\/image?size=8&amp;lottery=monday-wednesday-lotto-au\",\"contentUrl\":\"https:\/\/redfoxlotto.com\/image?size=8&amp;lottery=monday-wednesday-lotto-au\"},{\"@type\":\"BreadcrumbList\",\"@id\":\"https:\/\/onlinelotto365.com\/fi\/voittonumerot\/ma-ke-lotto\/#breadcrumb\",\"itemListElement\":[{\"@type\":\"ListItem\",\"position\":1,\"name\":\"Home\",\"item\":\"https:\/\/onlinelotto365.com\/fi\/\"},{\"@type\":\"ListItem\",\"position\":2,\"name\":\"L\u00f6yd\u00e4 voittonumerot ja tulokset uusimmista lottoarpajaisista\",\"item\":\"https:\/\/onlinelotto365.com\/fi\/voittonumerot\/\"},{\"@type\":\"ListItem\",\"position\":3,\"name\":\"Kaikki ma ja ke Lotto Australia tulokset\"}]},{\"@type\":\"WebSite\",\"@id\":\"https:\/\/onlinelotto365.com\/fi\/#website\",\"url\":\"https:\/\/onlinelotto365.com\/fi\/\",\"name\":\"OnlineLotto365\",\"description\":\"\",\"potentialAction\":[{\"@type\":\"SearchAction\",\"target\":{\"@type\":\"EntryPoint\",\"urlTemplate\":\"https:\/\/onlinelotto365.com\/fi\/?s={search_term_string}\"},\"query-input\":{\"@type\":\"PropertyValueSpecification\",\"valueRequired\":true,\"valueName\":\"search_term_string\"}}],\"inLanguage\":\"fi\"}]}<\/script>\n<!-- \/ Yoast SEO plugin. -->","yoast_head_json":{"title":"Ma & Ke Lotto Australia voittonumerot","description":"Sivustomme tuo sinulle viimeisimm\u00e4t voittonumerot ja wo summat Mon & Wed lottoon","robots":{"index":"index","follow":"follow","max-snippet":"max-snippet:-1","max-image-preview":"max-image-preview:large","max-video-preview":"max-video-preview:-1"},"canonical":"https:\/\/onlinelotto365.com\/fi\/voittonumerot\/ma-ke-lotto\/","og_locale":"fi_FI","og_type":"article","og_title":"Ma & Ke Lotto Australia voittonumerot","og_description":"Sivustomme tuo sinulle viimeisimm\u00e4t voittonumerot ja wo summat Mon & Wed lottoon","og_url":"https:\/\/onlinelotto365.com\/fi\/voittonumerot\/ma-ke-lotto\/","og_site_name":"OnlineLotto365","og_image":[{"url":"https:\/\/redfoxlotto.com\/image?size=8&amp;lottery=monday-wednesday-lotto-au"}],"twitter_card":"summary_large_image","twitter_misc":{"Arvioitu lukuaika":"2 minuuttia"},"schema":{"@context":"https:\/\/schema.org","@graph":[{"@type":"WebPage","@id":"https:\/\/onlinelotto365.com\/fi\/voittonumerot\/ma-ke-lotto\/","url":"https:\/\/onlinelotto365.com\/fi\/voittonumerot\/ma-ke-lotto\/","name":"Ma & Ke Lotto Australia voittonumerot","isPartOf":{"@id":"https:\/\/onlinelotto365.com\/fi\/#website"},"primaryImageOfPage":{"@id":"https:\/\/onlinelotto365.com\/fi\/voittonumerot\/ma-ke-lotto\/#primaryimage"},"image":{"@id":"https:\/\/onlinelotto365.com\/fi\/voittonumerot\/ma-ke-lotto\/#primaryimage"},"thumbnailUrl":"https:\/\/redfoxlotto.com\/image?size=8&amp;lottery=monday-wednesday-lotto-au","datePublished":"2022-11-25T08:50:02+00:00","dateModified":"2022-11-25T08:50:02+00:00","description":"Sivustomme tuo sinulle viimeisimm\u00e4t voittonumerot ja wo summat Mon & Wed lottoon","breadcrumb":{"@id":"https:\/\/onlinelotto365.com\/fi\/voittonumerot\/ma-ke-lotto\/#breadcrumb"},"inLanguage":"fi","potentialAction":[{"@type":"ReadAction","target":["https:\/\/onlinelotto365.com\/fi\/voittonumerot\/ma-ke-lotto\/"]}]},{"@type":"ImageObject","inLanguage":"fi","@id":"https:\/\/onlinelotto365.com\/fi\/voittonumerot\/ma-ke-lotto\/#primaryimage","url":"https:\/\/redfoxlotto.com\/image?size=8&amp;lottery=monday-wednesday-lotto-au","contentUrl":"https:\/\/redfoxlotto.com\/image?size=8&amp;lottery=monday-wednesday-lotto-au"},{"@type":"BreadcrumbList","@id":"https:\/\/onlinelotto365.com\/fi\/voittonumerot\/ma-ke-lotto\/#breadcrumb","itemListElement":[{"@type":"ListItem","position":1,"name":"Home","item":"https:\/\/onlinelotto365.com\/fi\/"},{"@type":"ListItem","position":2,"name":"L\u00f6yd\u00e4 voittonumerot ja tulokset uusimmista lottoarpajaisista","item":"https:\/\/onlinelotto365.com\/fi\/voittonumerot\/"},{"@type":"ListItem","position":3,"name":"Kaikki ma ja ke Lotto Australia tulokset"}]},{"@type":"WebSite","@id":"https:\/\/onlinelotto365.com\/fi\/#website","url":"https:\/\/onlinelotto365.com\/fi\/","name":"OnlineLotto365","description":"","potentialAction":[{"@type":"SearchAction","target":{"@type":"EntryPoint","urlTemplate":"https:\/\/onlinelotto365.com\/fi\/?s={search_term_string}"},"query-input":{"@type":"PropertyValueSpecification","valueRequired":true,"valueName":"search_term_string"}}],"inLanguage":"fi"}]}},"_links":{"self":[{"href":"https:\/\/onlinelotto365.com\/fi\/wp-json\/wp\/v2\/pages\/80992","targetHints":{"allow":["GET"]}}],"collection":[{"href":"https:\/\/onlinelotto365.com\/fi\/wp-json\/wp\/v2\/pages"}],"about":[{"href":"https:\/\/onlinelotto365.com\/fi\/wp-json\/wp\/v2\/types\/page"}],"author":[{"embeddable":true,"href":"https:\/\/onlinelotto365.com\/fi\/wp-json\/wp\/v2\/users\/1"}],"replies":[{"embeddable":true,"href":"https:\/\/onlinelotto365.com\/fi\/wp-json\/wp\/v2\/comments?post=80992"}],"version-history":[{"count":0,"href":"https:\/\/onlinelotto365.com\/fi\/wp-json\/wp\/v2\/pages\/80992\/revisions"}],"up":[{"embeddable":true,"href":"https:\/\/onlinelotto365.com\/fi\/wp-json\/wp\/v2\/pages\/58289"}],"wp:attachment":[{"href":"https:\/\/onlinelotto365.com\/fi\/wp-json\/wp\/v2\/media?parent=80992"}],"curies":[{"name":"wp","href":"https:\/\/api.w.org\/{rel}","templated":true}]}}