{"id":81087,"date":"2022-11-25T11:39:10","date_gmt":"2022-11-25T10:39:10","guid":{"rendered":"https:\/\/onlinelotto365.com\/?page_id=81087"},"modified":"2022-11-25T11:39:10","modified_gmt":"2022-11-25T10:39:10","slug":"404-sivuinen","status":"publish","type":"page","link":"https:\/\/onlinelotto365.com\/fi\/404-sivuinen\/","title":{"rendered":"404-sivu"},"content":{"rendered":"<p style=\"text-align: center;\">Valitettavasti pyyt\u00e4m\u00e4\u00e4si sivua ei ole olemassa.<\/p>\n<h4 style=\"text-align: center;\"><a href=\"https:\/\/onlinelotto365.com\/\">Klikkaa t\u00e4st\u00e4 takaisin etusivulle<\/a><\/h4>\n","protected":false},"excerpt":{"rendered":"<p>Valitettavasti pyyt\u00e4m\u00e4\u00e4si sivua ei ole olemassa. Klikkaa t\u00e4st\u00e4 takaisin etusivulle<\/p>\n","protected":false},"author":1,"featured_media":0,"parent":0,"menu_order":50,"comment_status":"closed","ping_status":"closed","template":"404.php","meta":{"_et_pb_use_builder":"","_et_pb_old_content":"","_et_gb_content_width":"","exclude_from_search":false,"footnotes":""},"class_list":["post-81087","page","type-page","status-publish","hentry"],"yoast_head":"<!-- This site is optimized with the Yoast SEO plugin v23.4 - https:\/\/yoast.com\/wordpress\/plugins\/seo\/ -->\n<title>404-sivu - OnlineLotto365<\/title>\n<meta name=\"robots\" content=\"index, follow, max-snippet:-1, max-image-preview:large, max-video-preview:-1\" \/>\n<link rel=\"canonical\" href=\"https:\/\/onlinelotto365.com\/fi\/404-sivuinen\/\" \/>\n<meta property=\"og:locale\" content=\"fi_FI\" \/>\n<meta property=\"og:type\" content=\"article\" \/>\n<meta property=\"og:title\" content=\"404-sivu - OnlineLotto365\" \/>\n<meta property=\"og:description\" content=\"Valitettavasti pyyt\u00e4m\u00e4\u00e4si sivua ei ole olemassa. Klikkaa t\u00e4st\u00e4 takaisin etusivulle\" \/>\n<meta property=\"og:url\" content=\"https:\/\/onlinelotto365.com\/fi\/404-sivuinen\/\" \/>\n<meta property=\"og:site_name\" content=\"OnlineLotto365\" \/>\n<meta name=\"twitter:card\" content=\"summary_large_image\" \/>\n<meta name=\"twitter:label1\" content=\"Arvioitu lukuaika\" \/>\n\t<meta name=\"twitter:data1\" content=\"1 minuutti\" \/>\n<script type=\"application\/ld+json\" class=\"yoast-schema-graph\">{\"@context\":\"https:\/\/schema.org\",\"@graph\":[{\"@type\":\"WebPage\",\"@id\":\"https:\/\/onlinelotto365.com\/fi\/404-sivuinen\/\",\"url\":\"https:\/\/onlinelotto365.com\/fi\/404-sivuinen\/\",\"name\":\"404-sivu - OnlineLotto365\",\"isPartOf\":{\"@id\":\"https:\/\/onlinelotto365.com\/fi\/#website\"},\"datePublished\":\"2022-11-25T10:39:10+00:00\",\"dateModified\":\"2022-11-25T10:39:10+00:00\",\"breadcrumb\":{\"@id\":\"https:\/\/onlinelotto365.com\/fi\/404-sivuinen\/#breadcrumb\"},\"inLanguage\":\"fi\",\"potentialAction\":[{\"@type\":\"ReadAction\",\"target\":[\"https:\/\/onlinelotto365.com\/fi\/404-sivuinen\/\"]}]},{\"@type\":\"BreadcrumbList\",\"@id\":\"https:\/\/onlinelotto365.com\/fi\/404-sivuinen\/#breadcrumb\",\"itemListElement\":[{\"@type\":\"ListItem\",\"position\":1,\"name\":\"Home\",\"item\":\"https:\/\/onlinelotto365.com\/fi\/\"},{\"@type\":\"ListItem\",\"position\":2,\"name\":\"404-sivu\"}]},{\"@type\":\"WebSite\",\"@id\":\"https:\/\/onlinelotto365.com\/fi\/#website\",\"url\":\"https:\/\/onlinelotto365.com\/fi\/\",\"name\":\"OnlineLotto365\",\"description\":\"\",\"potentialAction\":[{\"@type\":\"SearchAction\",\"target\":{\"@type\":\"EntryPoint\",\"urlTemplate\":\"https:\/\/onlinelotto365.com\/fi\/?s={search_term_string}\"},\"query-input\":{\"@type\":\"PropertyValueSpecification\",\"valueRequired\":true,\"valueName\":\"search_term_string\"}}],\"inLanguage\":\"fi\"}]}<\/script>\n<!-- \/ Yoast SEO plugin. -->","yoast_head_json":{"title":"404-sivu - OnlineLotto365","robots":{"index":"index","follow":"follow","max-snippet":"max-snippet:-1","max-image-preview":"max-image-preview:large","max-video-preview":"max-video-preview:-1"},"canonical":"https:\/\/onlinelotto365.com\/fi\/404-sivuinen\/","og_locale":"fi_FI","og_type":"article","og_title":"404-sivu - OnlineLotto365","og_description":"Valitettavasti pyyt\u00e4m\u00e4\u00e4si sivua ei ole olemassa. Klikkaa t\u00e4st\u00e4 takaisin etusivulle","og_url":"https:\/\/onlinelotto365.com\/fi\/404-sivuinen\/","og_site_name":"OnlineLotto365","twitter_card":"summary_large_image","twitter_misc":{"Arvioitu lukuaika":"1 minuutti"},"schema":{"@context":"https:\/\/schema.org","@graph":[{"@type":"WebPage","@id":"https:\/\/onlinelotto365.com\/fi\/404-sivuinen\/","url":"https:\/\/onlinelotto365.com\/fi\/404-sivuinen\/","name":"404-sivu - OnlineLotto365","isPartOf":{"@id":"https:\/\/onlinelotto365.com\/fi\/#website"},"datePublished":"2022-11-25T10:39:10+00:00","dateModified":"2022-11-25T10:39:10+00:00","breadcrumb":{"@id":"https:\/\/onlinelotto365.com\/fi\/404-sivuinen\/#breadcrumb"},"inLanguage":"fi","potentialAction":[{"@type":"ReadAction","target":["https:\/\/onlinelotto365.com\/fi\/404-sivuinen\/"]}]},{"@type":"BreadcrumbList","@id":"https:\/\/onlinelotto365.com\/fi\/404-sivuinen\/#breadcrumb","itemListElement":[{"@type":"ListItem","position":1,"name":"Home","item":"https:\/\/onlinelotto365.com\/fi\/"},{"@type":"ListItem","position":2,"name":"404-sivu"}]},{"@type":"WebSite","@id":"https:\/\/onlinelotto365.com\/fi\/#website","url":"https:\/\/onlinelotto365.com\/fi\/","name":"OnlineLotto365","description":"","potentialAction":[{"@type":"SearchAction","target":{"@type":"EntryPoint","urlTemplate":"https:\/\/onlinelotto365.com\/fi\/?s={search_term_string}"},"query-input":{"@type":"PropertyValueSpecification","valueRequired":true,"valueName":"search_term_string"}}],"inLanguage":"fi"}]}},"_links":{"self":[{"href":"https:\/\/onlinelotto365.com\/fi\/wp-json\/wp\/v2\/pages\/81087","targetHints":{"allow":["GET"]}}],"collection":[{"href":"https:\/\/onlinelotto365.com\/fi\/wp-json\/wp\/v2\/pages"}],"about":[{"href":"https:\/\/onlinelotto365.com\/fi\/wp-json\/wp\/v2\/types\/page"}],"author":[{"embeddable":true,"href":"https:\/\/onlinelotto365.com\/fi\/wp-json\/wp\/v2\/users\/1"}],"replies":[{"embeddable":true,"href":"https:\/\/onlinelotto365.com\/fi\/wp-json\/wp\/v2\/comments?post=81087"}],"version-history":[{"count":0,"href":"https:\/\/onlinelotto365.com\/fi\/wp-json\/wp\/v2\/pages\/81087\/revisions"}],"wp:attachment":[{"href":"https:\/\/onlinelotto365.com\/fi\/wp-json\/wp\/v2\/media?parent=81087"}],"curies":[{"name":"wp","href":"https:\/\/api.w.org\/{rel}","templated":true}]}}