{"id":84213,"date":"2023-09-28T08:11:34","date_gmt":"2023-09-28T07:11:34","guid":{"rendered":"https:\/\/onlinelotto365.com\/voittonumerot\/tarkista-eurojackpotin-voittonumerot-taalta"},"modified":"2023-09-28T08:11:34","modified_gmt":"2023-09-28T07:11:34","slug":"tarkista-eurojackpotin-voittonumerot-taalta","status":"publish","type":"page","link":"https:\/\/onlinelotto365.com\/fi\/voittonumerot\/tarkista-eurojackpotin-voittonumerot-taalta\/","title":{"rendered":"Tarkista Eurojackpotin voittonumerot t\u00e4\u00e4lt\u00e4"},"content":{"rendered":"<p>Sivustollamme on tarjolla monia eri kansainv\u00e4lisi\u00e4 arpajaisia, mik\u00e4 tarkoittaa, ett\u00e4 numeroiden ja tulosten l\u00f6yt\u00e4minen voi olla joillekin vaikeaa. Ja kun kyse on numeroiden l\u00f6yt\u00e4misest\u00e4 muualta, asiat voivat olla viel\u00e4 pahempia. Et luultavasti l\u00f6yd\u00e4 Eurojackpot-tuloksia paikallisesta sanomalehdest\u00e4si, ja niit\u00e4 voi olla vaikea l\u00f6yt\u00e4\u00e4 my\u00f6s televisiosta. Varsinkin kun niit\u00e4 ei useinkaan l\u00e4hetet\u00e4 suorana l\u00e4hetyksen\u00e4.<\/p>\n<p>Voit my\u00f6s tarkistaa Eurojackpot-loton verkkosivuston, josta p\u00e4\u00e4set seuraamaan suoraa l\u00e4hetyst\u00e4 tuloksista ja arvonnasta. T\u00e4m\u00e4 voi olla hauskaa, ja saat paljon nopeammin tiet\u00e4\u00e4, oletko voittanut. T\u00e4m\u00e4 ei kuitenkaan ole aina mahdollista, ja tarvitset oikean ajoituksen.<\/p>\n<p>Jos etsit numeroita arvonnan j\u00e4lkeen, voit aina tarkistaa YouTubesta, onko arvonta n\u00e4ht\u00e4viss\u00e4 tai onko jollakulla video, jossa on voittonumerot.<\/p>\n<p>Helpoin tapa l\u00f6yt\u00e4\u00e4 voittonumerot ja jopa n\u00e4hd\u00e4 kaikki palkinnot ja tulokset on k\u00e4yd\u00e4 verkkosivustollamme lottotulokset-sivulla osoitteessa lottotulokset-sivumme. Sielt\u00e4 l\u00f6yd\u00e4t kaikki Eurojackpotin ja kaikkien muiden tarjoamiemme pelien voittonumerot.<\/p>\n<h2>Miten saat tiet\u00e4\u00e4, oletko voittanut<\/h2>\n<p><img decoding=\"async\" class=\"aligncenter\" src=\"https:\/\/redfoxlotto.com\/image?size=8&amp;lottery=eurojackpot\" alt=\"eurojackpot\" \/><br \/>\nOletko ostanut arvan Eurojackpotiin? Jos olet, sinun ei tarvitse edes menn\u00e4 tulossivulle. Mene vain tilillesi, niin n\u00e4et voittonumerot suoraan lippusi vieress\u00e4. Voit jopa n\u00e4hd\u00e4, mitk\u00e4 numerot olivat oikein ja mitk\u00e4 eiv\u00e4t, ja n\u00e4hd\u00e4, kuinka paljon voitit sen seurauksena. Jos olet voittanut alle 2 500 euroa, rahat talletetaan tilillesi heti, kun lottonumerot on vahvistettu.<\/p>\n<p>Sivustollamme n\u00e4et viimeisimm\u00e4n Eurojackpotin tulokset, mutta saat my\u00f6s monia vaihtoehtoja vanhempien arvontojen tarkistamiseen. Voit siis tarkistaa vanhempia arpoja tai jos etsit parhaita numeroita, joita voit kokeilla seuraavalla kerralla, kun ostat arvan. Itse asiassa t\u00e4m\u00e4 on yksi suosituimmista lottostrategioista, joita ihmiset k\u00e4ytt\u00e4v\u00e4t.<\/p>\n<h2>Lottokuponkini voitti, mit\u00e4 tapahtuu seuraavaksi?<\/h2>\n<p><img loading=\"lazy\" decoding=\"async\" class=\"alignright wp-image-25127\" src=\"https:\/\/onlinelotto365.com\/wp-content\/uploads\/2021\/01\/lottery_balls1-300x160-1.jpg\" alt=\"Eurojackpot winning numbers\" width=\"265\" height=\"142\" \/><br \/>\nOlemme jo puhuneet alle 2 500 euron palkinnoista. N\u00e4m\u00e4 palkinnot talletetaan v\u00e4litt\u00f6m\u00e4sti tilillesi, ja voit sen j\u00e4lkeen valita, ostatko lis\u00e4\u00e4 lippuja vai nostatko rahat kokonaan tai osittain. Sinun tarvitsee vain varmistaa, ett\u00e4 tilill\u00e4si on v\u00e4hint\u00e4\u00e4n 10 euroa, jotta voit nostaa ne valitsemallasi menetelm\u00e4ll\u00e4.<\/p>\n<p>Voit valita, nostatko rahat pankkitilillesi vai luottokortillesi, ja me teemme sen sinullekin helpoksi. Haluamme, ett\u00e4 voit saada rahasi, mutta meid\u00e4n on toteutettava muutamia toimenpiteit\u00e4, jotta rahat saadaan tilillesi. Loppujen lopuksi online-rahansiirtoja koskevat tiukat m\u00e4\u00e4r\u00e4ykset.<\/p>\n","protected":false},"excerpt":{"rendered":"<p>Sivustollamme on tarjolla monia eri kansainv\u00e4lisi\u00e4 arpajaisia, mik\u00e4 tarkoittaa, ett\u00e4 numeroiden ja tulosten l\u00f6yt\u00e4minen voi olla joillekin vaikeaa. Ja kun kyse on numeroiden l\u00f6yt\u00e4misest\u00e4 muualta, asiat voivat olla viel\u00e4 pahempia. Et luultavasti l\u00f6yd\u00e4 Eurojackpot-tuloksia paikallisesta sanomalehdest\u00e4si, ja niit\u00e4 voi olla vaikea l\u00f6yt\u00e4\u00e4 my\u00f6s televisiosta. Varsinkin kun niit\u00e4 ei useinkaan l\u00e4hetet\u00e4 suorana l\u00e4hetyksen\u00e4. Voit my\u00f6s tarkistaa [&hellip;]<\/p>\n","protected":false},"author":1,"featured_media":0,"parent":58289,"menu_order":4,"comment_status":"closed","ping_status":"closed","template":"eurojackpot-results.php","meta":{"_et_pb_use_builder":"","_et_pb_old_content":"","_et_gb_content_width":"","exclude_from_search":false,"footnotes":""},"class_list":["post-84213","page","type-page","status-publish","hentry"],"yoast_head":"<!-- This site is optimized with the Yoast SEO plugin v23.4 - https:\/\/yoast.com\/wordpress\/plugins\/seo\/ -->\n<title>Voittonumerot Eurojackpot | Tarkista Eurojackpotin arvontatulokset ja voitot t\u00e4\u00e4lt\u00e4.<\/title>\n<meta name=\"description\" content=\"Julkaisemme Eurojackpot-tulokset ja voittonumerot sek\u00e4 arkiston aiemmista arvonnoista.\" \/>\n<meta name=\"robots\" content=\"index, follow, max-snippet:-1, max-image-preview:large, max-video-preview:-1\" \/>\n<link rel=\"canonical\" href=\"https:\/\/onlinelotto365.com\/fi\/voittonumerot\/tarkista-eurojackpotin-voittonumerot-taalta\/\" \/>\n<meta property=\"og:locale\" content=\"fi_FI\" \/>\n<meta property=\"og:type\" content=\"article\" \/>\n<meta property=\"og:title\" content=\"Voittonumerot Eurojackpot | Tarkista Eurojackpotin arvontatulokset ja voitot t\u00e4\u00e4lt\u00e4.\" \/>\n<meta property=\"og:description\" content=\"Julkaisemme Eurojackpot-tulokset ja voittonumerot sek\u00e4 arkiston aiemmista arvonnoista.\" \/>\n<meta property=\"og:url\" content=\"https:\/\/onlinelotto365.com\/fi\/voittonumerot\/tarkista-eurojackpotin-voittonumerot-taalta\/\" \/>\n<meta property=\"og:site_name\" content=\"OnlineLotto365\" \/>\n<meta property=\"og:image\" content=\"https:\/\/redfoxlotto.com\/image?size=8&amp;lottery=eurojackpot\" \/>\n<meta name=\"twitter:card\" content=\"summary_large_image\" \/>\n<meta name=\"twitter:label1\" content=\"Arvioitu lukuaika\" \/>\n\t<meta name=\"twitter:data1\" content=\"2 minuuttia\" \/>\n<script type=\"application\/ld+json\" class=\"yoast-schema-graph\">{\"@context\":\"https:\/\/schema.org\",\"@graph\":[{\"@type\":\"WebPage\",\"@id\":\"https:\/\/onlinelotto365.com\/fi\/voittonumerot\/tarkista-eurojackpotin-voittonumerot-taalta\/\",\"url\":\"https:\/\/onlinelotto365.com\/fi\/voittonumerot\/tarkista-eurojackpotin-voittonumerot-taalta\/\",\"name\":\"Voittonumerot Eurojackpot | Tarkista Eurojackpotin arvontatulokset ja voitot t\u00e4\u00e4lt\u00e4.\",\"isPartOf\":{\"@id\":\"https:\/\/onlinelotto365.com\/fi\/#website\"},\"primaryImageOfPage\":{\"@id\":\"https:\/\/onlinelotto365.com\/fi\/voittonumerot\/tarkista-eurojackpotin-voittonumerot-taalta\/#primaryimage\"},\"image\":{\"@id\":\"https:\/\/onlinelotto365.com\/fi\/voittonumerot\/tarkista-eurojackpotin-voittonumerot-taalta\/#primaryimage\"},\"thumbnailUrl\":\"https:\/\/redfoxlotto.com\/image?size=8&amp;lottery=eurojackpot\",\"datePublished\":\"2023-09-28T07:11:34+00:00\",\"dateModified\":\"2023-09-28T07:11:34+00:00\",\"description\":\"Julkaisemme Eurojackpot-tulokset ja voittonumerot sek\u00e4 arkiston aiemmista arvonnoista.\",\"breadcrumb\":{\"@id\":\"https:\/\/onlinelotto365.com\/fi\/voittonumerot\/tarkista-eurojackpotin-voittonumerot-taalta\/#breadcrumb\"},\"inLanguage\":\"fi\",\"potentialAction\":[{\"@type\":\"ReadAction\",\"target\":[\"https:\/\/onlinelotto365.com\/fi\/voittonumerot\/tarkista-eurojackpotin-voittonumerot-taalta\/\"]}]},{\"@type\":\"ImageObject\",\"inLanguage\":\"fi\",\"@id\":\"https:\/\/onlinelotto365.com\/fi\/voittonumerot\/tarkista-eurojackpotin-voittonumerot-taalta\/#primaryimage\",\"url\":\"https:\/\/redfoxlotto.com\/image?size=8&amp;lottery=eurojackpot\",\"contentUrl\":\"https:\/\/redfoxlotto.com\/image?size=8&amp;lottery=eurojackpot\"},{\"@type\":\"BreadcrumbList\",\"@id\":\"https:\/\/onlinelotto365.com\/fi\/voittonumerot\/tarkista-eurojackpotin-voittonumerot-taalta\/#breadcrumb\",\"itemListElement\":[{\"@type\":\"ListItem\",\"position\":1,\"name\":\"Home\",\"item\":\"https:\/\/onlinelotto365.com\/fi\/\"},{\"@type\":\"ListItem\",\"position\":2,\"name\":\"L\u00f6yd\u00e4 voittonumerot ja tulokset uusimmista lottoarpajaisista\",\"item\":\"https:\/\/onlinelotto365.com\/fi\/voittonumerot\/\"},{\"@type\":\"ListItem\",\"position\":3,\"name\":\"Tarkista Eurojackpotin voittonumerot t\u00e4\u00e4lt\u00e4\"}]},{\"@type\":\"WebSite\",\"@id\":\"https:\/\/onlinelotto365.com\/fi\/#website\",\"url\":\"https:\/\/onlinelotto365.com\/fi\/\",\"name\":\"OnlineLotto365\",\"description\":\"\",\"potentialAction\":[{\"@type\":\"SearchAction\",\"target\":{\"@type\":\"EntryPoint\",\"urlTemplate\":\"https:\/\/onlinelotto365.com\/fi\/?s={search_term_string}\"},\"query-input\":{\"@type\":\"PropertyValueSpecification\",\"valueRequired\":true,\"valueName\":\"search_term_string\"}}],\"inLanguage\":\"fi\"}]}<\/script>\n<!-- \/ Yoast SEO plugin. -->","yoast_head_json":{"title":"Voittonumerot Eurojackpot | Tarkista Eurojackpotin arvontatulokset ja voitot t\u00e4\u00e4lt\u00e4.","description":"Julkaisemme Eurojackpot-tulokset ja voittonumerot sek\u00e4 arkiston aiemmista arvonnoista.","robots":{"index":"index","follow":"follow","max-snippet":"max-snippet:-1","max-image-preview":"max-image-preview:large","max-video-preview":"max-video-preview:-1"},"canonical":"https:\/\/onlinelotto365.com\/fi\/voittonumerot\/tarkista-eurojackpotin-voittonumerot-taalta\/","og_locale":"fi_FI","og_type":"article","og_title":"Voittonumerot Eurojackpot | Tarkista Eurojackpotin arvontatulokset ja voitot t\u00e4\u00e4lt\u00e4.","og_description":"Julkaisemme Eurojackpot-tulokset ja voittonumerot sek\u00e4 arkiston aiemmista arvonnoista.","og_url":"https:\/\/onlinelotto365.com\/fi\/voittonumerot\/tarkista-eurojackpotin-voittonumerot-taalta\/","og_site_name":"OnlineLotto365","og_image":[{"url":"https:\/\/redfoxlotto.com\/image?size=8&amp;lottery=eurojackpot"}],"twitter_card":"summary_large_image","twitter_misc":{"Arvioitu lukuaika":"2 minuuttia"},"schema":{"@context":"https:\/\/schema.org","@graph":[{"@type":"WebPage","@id":"https:\/\/onlinelotto365.com\/fi\/voittonumerot\/tarkista-eurojackpotin-voittonumerot-taalta\/","url":"https:\/\/onlinelotto365.com\/fi\/voittonumerot\/tarkista-eurojackpotin-voittonumerot-taalta\/","name":"Voittonumerot Eurojackpot | Tarkista Eurojackpotin arvontatulokset ja voitot t\u00e4\u00e4lt\u00e4.","isPartOf":{"@id":"https:\/\/onlinelotto365.com\/fi\/#website"},"primaryImageOfPage":{"@id":"https:\/\/onlinelotto365.com\/fi\/voittonumerot\/tarkista-eurojackpotin-voittonumerot-taalta\/#primaryimage"},"image":{"@id":"https:\/\/onlinelotto365.com\/fi\/voittonumerot\/tarkista-eurojackpotin-voittonumerot-taalta\/#primaryimage"},"thumbnailUrl":"https:\/\/redfoxlotto.com\/image?size=8&amp;lottery=eurojackpot","datePublished":"2023-09-28T07:11:34+00:00","dateModified":"2023-09-28T07:11:34+00:00","description":"Julkaisemme Eurojackpot-tulokset ja voittonumerot sek\u00e4 arkiston aiemmista arvonnoista.","breadcrumb":{"@id":"https:\/\/onlinelotto365.com\/fi\/voittonumerot\/tarkista-eurojackpotin-voittonumerot-taalta\/#breadcrumb"},"inLanguage":"fi","potentialAction":[{"@type":"ReadAction","target":["https:\/\/onlinelotto365.com\/fi\/voittonumerot\/tarkista-eurojackpotin-voittonumerot-taalta\/"]}]},{"@type":"ImageObject","inLanguage":"fi","@id":"https:\/\/onlinelotto365.com\/fi\/voittonumerot\/tarkista-eurojackpotin-voittonumerot-taalta\/#primaryimage","url":"https:\/\/redfoxlotto.com\/image?size=8&amp;lottery=eurojackpot","contentUrl":"https:\/\/redfoxlotto.com\/image?size=8&amp;lottery=eurojackpot"},{"@type":"BreadcrumbList","@id":"https:\/\/onlinelotto365.com\/fi\/voittonumerot\/tarkista-eurojackpotin-voittonumerot-taalta\/#breadcrumb","itemListElement":[{"@type":"ListItem","position":1,"name":"Home","item":"https:\/\/onlinelotto365.com\/fi\/"},{"@type":"ListItem","position":2,"name":"L\u00f6yd\u00e4 voittonumerot ja tulokset uusimmista lottoarpajaisista","item":"https:\/\/onlinelotto365.com\/fi\/voittonumerot\/"},{"@type":"ListItem","position":3,"name":"Tarkista Eurojackpotin voittonumerot t\u00e4\u00e4lt\u00e4"}]},{"@type":"WebSite","@id":"https:\/\/onlinelotto365.com\/fi\/#website","url":"https:\/\/onlinelotto365.com\/fi\/","name":"OnlineLotto365","description":"","potentialAction":[{"@type":"SearchAction","target":{"@type":"EntryPoint","urlTemplate":"https:\/\/onlinelotto365.com\/fi\/?s={search_term_string}"},"query-input":{"@type":"PropertyValueSpecification","valueRequired":true,"valueName":"search_term_string"}}],"inLanguage":"fi"}]}},"_links":{"self":[{"href":"https:\/\/onlinelotto365.com\/fi\/wp-json\/wp\/v2\/pages\/84213","targetHints":{"allow":["GET"]}}],"collection":[{"href":"https:\/\/onlinelotto365.com\/fi\/wp-json\/wp\/v2\/pages"}],"about":[{"href":"https:\/\/onlinelotto365.com\/fi\/wp-json\/wp\/v2\/types\/page"}],"author":[{"embeddable":true,"href":"https:\/\/onlinelotto365.com\/fi\/wp-json\/wp\/v2\/users\/1"}],"replies":[{"embeddable":true,"href":"https:\/\/onlinelotto365.com\/fi\/wp-json\/wp\/v2\/comments?post=84213"}],"version-history":[{"count":0,"href":"https:\/\/onlinelotto365.com\/fi\/wp-json\/wp\/v2\/pages\/84213\/revisions"}],"up":[{"embeddable":true,"href":"https:\/\/onlinelotto365.com\/fi\/wp-json\/wp\/v2\/pages\/58289"}],"wp:attachment":[{"href":"https:\/\/onlinelotto365.com\/fi\/wp-json\/wp\/v2\/media?parent=84213"}],"curies":[{"name":"wp","href":"https:\/\/api.w.org\/{rel}","templated":true}]}}