{"id":84436,"date":"2023-10-03T12:52:54","date_gmt":"2023-10-03T11:52:54","guid":{"rendered":"https:\/\/onlinelotto365.com\/faq"},"modified":"2023-10-03T12:52:54","modified_gmt":"2023-10-03T11:52:54","slug":"faq","status":"publish","type":"page","link":"https:\/\/onlinelotto365.com\/fi\/faq\/","title":{"rendered":"FAQ"},"content":{"rendered":"<h1>Online Lottery FAQ<\/h1>\n<p>T\u00e4\u00e4lt\u00e4 l\u00f6yd\u00e4t vastaukset useimmin kysyttyihin kysymyksiin siit\u00e4, miten online-arpajaispalvelu toimii.<\/p>\n<p>Miten saan lippuni?<\/p>\n<p>Silloin yksi paikan p\u00e4\u00e4ll\u00e4 olevista asiamiehist\u00e4mme ostaa lipun sinun nimiss\u00e4si ja puolestasi. Seuraavaksi lippu skannataan ja ladataan asiakastilillesi. L\u00e4het\u00e4mme sinulle s\u00e4hk\u00f6postiviestin, kun voitat, ja palvelumme sis\u00e4lt\u00e4\u00e4 my\u00f6s voittojesi toimittamisen sinulle (katso lis\u00e4tietoja alla). voitat my\u00f6s.<\/p>\n<p>Mit\u00e4 etuja on pelata kansainv\u00e4lisi\u00e4 arpajaisia verkossa kauttamme?<\/p>\n<ul>\n<li>voit valita monista arpajaisista, ja aina odottaa suuri j\u00e4ttipotti<\/li>\n<li>saat todellisen arvan<\/li>\n<li>voit pelata miss\u00e4 tahansa oletkin<\/li>\n<li>voit maksaa mukavasti verkossa, meill\u00e4 on useita vaihtoehtoja, kuten luottokortti<\/li>\n<li>pienemm\u00e4t voittosi 2500 euroon asti hyvitet\u00e4\u00e4n pelitilillesi v\u00e4litt\u00f6m\u00e4sti<\/li>\n<li>yli 2500 euron voitot hoidamme maksun suoraan lotosta, ilman veloitusta<\/li>\n<\/ul>\n<p>Kuka voi pelata arpajaisia?<\/p>\n<p>Kuka tahansa voi pelata &#8211; mutta sinun on oltava yli 18-vuotias voidaksesi pelata lottoa.<\/p>\n<p>Voinko pelata lottoa ulkomailta k\u00e4sin?<\/p>\n<p>Kyll\u00e4. Riippumatta siit\u00e4, miss\u00e4 maassa asut, voit osallistua kaikkiin verkkosivustollamme n\u00e4kyviin arpajaisiin.<\/p>\n<p>Voinko p\u00e4\u00e4tt\u00e4\u00e4 omat lottonumeroni?<\/p>\n<p>Kyll\u00e4. Voit valita numerot manuaalisesti tai voit k\u00e4ytt\u00e4\u00e4 &#8221;Quick Pick&#8221; -toimintoa ja luoda numerot satunnaisesti.<\/p>\n<p>Miten saan lottokupongin?<\/p>\n<p>Onnistuneen maksun j\u00e4lkeen saat s\u00e4hk\u00f6postiviestin, jossa on vahvistus ostoksesta. Valitsemasi numerot n\u00e4kyv\u00e4t tilill\u00e4si. On selv\u00e4\u00e4, ett\u00e4 osto- ja skannausprosessi kest\u00e4\u00e4 jonkin aikaa, mutta 2-3 tuntia my\u00f6hemmin l\u00f6yd\u00e4t skannatun arpalipun, kun olet kirjautunut tilillesi.<\/p>\n<p>Miten voin maksaa lottokupongit?<\/p>\n<p>Meill\u00e4 on sinulle erilaisia maksuvaihtoehtoja, kuten maksu luottokortilla, v\u00e4lit\u00f6n pankkisiirto, erilaiset kryptovaluutat ja paljon muuta.<br \/>\nVoit my\u00f6s tallettaa ensin rahaa pelitilillesi ja k\u00e4ytt\u00e4\u00e4 sitten uutta saldoasi lippujen ostamiseen milloin tahansa. Kun sinulla on saldo, maksuprosessi nopeutuu huomattavasti!<\/p>\n<p>Veloitatteko komissiota, jos voitan?<\/p>\n<p>Ei, emme veloita. Kaikki voittosi maksetaan t\u00e4ysim\u00e4\u00e4r\u00e4isesti, eik\u00e4 niist\u00e4 veloiteta mit\u00e4\u00e4n maksuja, lukuun ottamatta pankkisiirtomaksuja joissakin tapauksissa.<\/p>\n<p>Miten saan tiet\u00e4\u00e4, olenko voittanut?<\/p>\n<p>Ensin l\u00e4het\u00e4mme sinulle s\u00e4hk\u00f6postiviestin, jossa kerromme voitostasi. Voit my\u00f6s aina kirjautua tilillesi ja tarkistaa &#8221;Omat liput&#8221; -osiosta lippujesi tilan. P\u00e4ivitykset kaikkien arpajaisten voittonumeroista l\u00f6ytyv\u00e4t verkkosivuiltamme.<\/p>\n<p>Miten saan maksun, jos voitan?<\/p>\n<p>Jos voitat enint\u00e4\u00e4n 2500 euron suuruisen palkinnon, se hyvitet\u00e4\u00e4n v\u00e4litt\u00f6m\u00e4sti pelitilillesi. Suurempia voittoja varten l\u00e4het\u00e4mme sinulle s\u00e4hk\u00f6postitse lunastuslomakkeen. Sinun on tunnistauduttava ja annettava joitakin perustietoja, kuten miten haluat saada maksun. T\u00e4m\u00e4n j\u00e4lkeen esit\u00e4mme vaatimuksesi lottovoittoyhti\u00f6lle. Lotto-yhti\u00f6 maksaa sitten suoraan sinulle.<br \/>\nJos haluat tehd\u00e4 niin, voit my\u00f6s noutaa lippusi jostakin agenttimme toimistosta ja esitt\u00e4\u00e4 sen sitten henkil\u00f6kohtaisesti lottokassalle.<\/p>\n<p>Onko palvelusi todella laillista?<\/p>\n<p>Kyll\u00e4, ehdottomasti. Se on kuin olisit lomalla arpajaismaassa ja ostaisit lipun itse. Jos tuo arpa voittaa, sinulla on sama oikeus voittoon kuin kaikilla muillakin.<\/p>\n<p>Mist\u00e4 tied\u00e4n, ett\u00e4 lottokuponki ostetaan minun puolestani?<\/p>\n<p>Kun olet maksanut arpasi, saat ensin maksuvahvistuksen. Hieman my\u00f6hemmin voit n\u00e4hd\u00e4 arpalippusi skannauksen verkkosivustomme asiakasalueella.<\/p>\n","protected":false},"excerpt":{"rendered":"<p>Online Lottery FAQ T\u00e4\u00e4lt\u00e4 l\u00f6yd\u00e4t vastaukset useimmin kysyttyihin kysymyksiin siit\u00e4, miten online-arpajaispalvelu toimii. Miten saan lippuni? Silloin yksi paikan p\u00e4\u00e4ll\u00e4 olevista asiamiehist\u00e4mme ostaa lipun sinun nimiss\u00e4si ja puolestasi. Seuraavaksi lippu skannataan ja ladataan asiakastilillesi. L\u00e4het\u00e4mme sinulle s\u00e4hk\u00f6postiviestin, kun voitat, ja palvelumme sis\u00e4lt\u00e4\u00e4 my\u00f6s voittojesi toimittamisen sinulle (katso lis\u00e4tietoja alla). voitat my\u00f6s. Mit\u00e4 etuja on pelata [&hellip;]<\/p>\n","protected":false},"author":1,"featured_media":0,"parent":0,"menu_order":50,"comment_status":"closed","ping_status":"closed","template":"","meta":{"_et_pb_use_builder":"","_et_pb_old_content":"","_et_gb_content_width":"","exclude_from_search":false,"footnotes":""},"class_list":["post-84436","page","type-page","status-publish","hentry"],"yoast_head":"<!-- This site is optimized with the Yoast SEO plugin v23.4 - https:\/\/yoast.com\/wordpress\/plugins\/seo\/ -->\n<title>Vastaukset yleisimpiin kysymyksiin online-arpajaispalvelustamme<\/title>\n<meta name=\"description\" content=\"Haluatko tiet\u00e4\u00e4 lis\u00e4\u00e4 siit\u00e4, miten lottokuponkil\u00e4hettipalvelumme verkossa toimii? L\u00f6yd\u00e4t vastaukset yleisimpiin kysymyksiin t\u00e4\u00e4lt\u00e4\" \/>\n<meta name=\"robots\" content=\"index, follow, max-snippet:-1, max-image-preview:large, max-video-preview:-1\" \/>\n<link rel=\"canonical\" href=\"https:\/\/onlinelotto365.com\/fi\/faq\/\" \/>\n<meta property=\"og:locale\" content=\"fi_FI\" \/>\n<meta property=\"og:type\" content=\"article\" \/>\n<meta property=\"og:title\" content=\"Vastaukset yleisimpiin kysymyksiin online-arpajaispalvelustamme\" \/>\n<meta property=\"og:description\" content=\"Haluatko tiet\u00e4\u00e4 lis\u00e4\u00e4 siit\u00e4, miten lottokuponkil\u00e4hettipalvelumme verkossa toimii? L\u00f6yd\u00e4t vastaukset yleisimpiin kysymyksiin t\u00e4\u00e4lt\u00e4\" \/>\n<meta property=\"og:url\" content=\"https:\/\/onlinelotto365.com\/fi\/faq\/\" \/>\n<meta property=\"og:site_name\" content=\"OnlineLotto365\" \/>\n<meta name=\"twitter:card\" content=\"summary_large_image\" \/>\n<meta name=\"twitter:label1\" content=\"Arvioitu lukuaika\" \/>\n\t<meta name=\"twitter:data1\" content=\"2 minuuttia\" \/>\n<script type=\"application\/ld+json\" class=\"yoast-schema-graph\">{\"@context\":\"https:\/\/schema.org\",\"@graph\":[{\"@type\":\"WebPage\",\"@id\":\"https:\/\/onlinelotto365.com\/fi\/faq\/\",\"url\":\"https:\/\/onlinelotto365.com\/fi\/faq\/\",\"name\":\"Vastaukset yleisimpiin kysymyksiin online-arpajaispalvelustamme\",\"isPartOf\":{\"@id\":\"https:\/\/onlinelotto365.com\/fi\/#website\"},\"datePublished\":\"2023-10-03T11:52:54+00:00\",\"dateModified\":\"2023-10-03T11:52:54+00:00\",\"description\":\"Haluatko tiet\u00e4\u00e4 lis\u00e4\u00e4 siit\u00e4, miten lottokuponkil\u00e4hettipalvelumme verkossa toimii? L\u00f6yd\u00e4t vastaukset yleisimpiin kysymyksiin t\u00e4\u00e4lt\u00e4\",\"breadcrumb\":{\"@id\":\"https:\/\/onlinelotto365.com\/fi\/faq\/#breadcrumb\"},\"inLanguage\":\"fi\",\"potentialAction\":[{\"@type\":\"ReadAction\",\"target\":[\"https:\/\/onlinelotto365.com\/fi\/faq\/\"]}]},{\"@type\":\"BreadcrumbList\",\"@id\":\"https:\/\/onlinelotto365.com\/fi\/faq\/#breadcrumb\",\"itemListElement\":[{\"@type\":\"ListItem\",\"position\":1,\"name\":\"Home\",\"item\":\"https:\/\/onlinelotto365.com\/fi\/\"},{\"@type\":\"ListItem\",\"position\":2,\"name\":\"FAQ\"}]},{\"@type\":\"WebSite\",\"@id\":\"https:\/\/onlinelotto365.com\/fi\/#website\",\"url\":\"https:\/\/onlinelotto365.com\/fi\/\",\"name\":\"OnlineLotto365\",\"description\":\"\",\"potentialAction\":[{\"@type\":\"SearchAction\",\"target\":{\"@type\":\"EntryPoint\",\"urlTemplate\":\"https:\/\/onlinelotto365.com\/fi\/?s={search_term_string}\"},\"query-input\":{\"@type\":\"PropertyValueSpecification\",\"valueRequired\":true,\"valueName\":\"search_term_string\"}}],\"inLanguage\":\"fi\"}]}<\/script>\n<!-- \/ Yoast SEO plugin. -->","yoast_head_json":{"title":"Vastaukset yleisimpiin kysymyksiin online-arpajaispalvelustamme","description":"Haluatko tiet\u00e4\u00e4 lis\u00e4\u00e4 siit\u00e4, miten lottokuponkil\u00e4hettipalvelumme verkossa toimii? L\u00f6yd\u00e4t vastaukset yleisimpiin kysymyksiin t\u00e4\u00e4lt\u00e4","robots":{"index":"index","follow":"follow","max-snippet":"max-snippet:-1","max-image-preview":"max-image-preview:large","max-video-preview":"max-video-preview:-1"},"canonical":"https:\/\/onlinelotto365.com\/fi\/faq\/","og_locale":"fi_FI","og_type":"article","og_title":"Vastaukset yleisimpiin kysymyksiin online-arpajaispalvelustamme","og_description":"Haluatko tiet\u00e4\u00e4 lis\u00e4\u00e4 siit\u00e4, miten lottokuponkil\u00e4hettipalvelumme verkossa toimii? L\u00f6yd\u00e4t vastaukset yleisimpiin kysymyksiin t\u00e4\u00e4lt\u00e4","og_url":"https:\/\/onlinelotto365.com\/fi\/faq\/","og_site_name":"OnlineLotto365","twitter_card":"summary_large_image","twitter_misc":{"Arvioitu lukuaika":"2 minuuttia"},"schema":{"@context":"https:\/\/schema.org","@graph":[{"@type":"WebPage","@id":"https:\/\/onlinelotto365.com\/fi\/faq\/","url":"https:\/\/onlinelotto365.com\/fi\/faq\/","name":"Vastaukset yleisimpiin kysymyksiin online-arpajaispalvelustamme","isPartOf":{"@id":"https:\/\/onlinelotto365.com\/fi\/#website"},"datePublished":"2023-10-03T11:52:54+00:00","dateModified":"2023-10-03T11:52:54+00:00","description":"Haluatko tiet\u00e4\u00e4 lis\u00e4\u00e4 siit\u00e4, miten lottokuponkil\u00e4hettipalvelumme verkossa toimii? L\u00f6yd\u00e4t vastaukset yleisimpiin kysymyksiin t\u00e4\u00e4lt\u00e4","breadcrumb":{"@id":"https:\/\/onlinelotto365.com\/fi\/faq\/#breadcrumb"},"inLanguage":"fi","potentialAction":[{"@type":"ReadAction","target":["https:\/\/onlinelotto365.com\/fi\/faq\/"]}]},{"@type":"BreadcrumbList","@id":"https:\/\/onlinelotto365.com\/fi\/faq\/#breadcrumb","itemListElement":[{"@type":"ListItem","position":1,"name":"Home","item":"https:\/\/onlinelotto365.com\/fi\/"},{"@type":"ListItem","position":2,"name":"FAQ"}]},{"@type":"WebSite","@id":"https:\/\/onlinelotto365.com\/fi\/#website","url":"https:\/\/onlinelotto365.com\/fi\/","name":"OnlineLotto365","description":"","potentialAction":[{"@type":"SearchAction","target":{"@type":"EntryPoint","urlTemplate":"https:\/\/onlinelotto365.com\/fi\/?s={search_term_string}"},"query-input":{"@type":"PropertyValueSpecification","valueRequired":true,"valueName":"search_term_string"}}],"inLanguage":"fi"}]}},"_links":{"self":[{"href":"https:\/\/onlinelotto365.com\/fi\/wp-json\/wp\/v2\/pages\/84436","targetHints":{"allow":["GET"]}}],"collection":[{"href":"https:\/\/onlinelotto365.com\/fi\/wp-json\/wp\/v2\/pages"}],"about":[{"href":"https:\/\/onlinelotto365.com\/fi\/wp-json\/wp\/v2\/types\/page"}],"author":[{"embeddable":true,"href":"https:\/\/onlinelotto365.com\/fi\/wp-json\/wp\/v2\/users\/1"}],"replies":[{"embeddable":true,"href":"https:\/\/onlinelotto365.com\/fi\/wp-json\/wp\/v2\/comments?post=84436"}],"version-history":[{"count":0,"href":"https:\/\/onlinelotto365.com\/fi\/wp-json\/wp\/v2\/pages\/84436\/revisions"}],"wp:attachment":[{"href":"https:\/\/onlinelotto365.com\/fi\/wp-json\/wp\/v2\/media?parent=84436"}],"curies":[{"name":"wp","href":"https:\/\/api.w.org\/{rel}","templated":true}]}}