{"id":9563,"date":"2020-12-13T12:47:09","date_gmt":"2020-12-13T11:47:09","guid":{"rendered":"http:\/\/onlinelotto365.net\/?page_id=9563"},"modified":"2022-11-08T09:16:23","modified_gmt":"2022-11-08T08:16:23","slug":"powerball","status":"publish","type":"page","link":"https:\/\/onlinelotto365.com\/fi\/pelata\/powerball\/","title":{"rendered":"Miten Suomessa asuvat voivat pelata Powerballia verkossa?"},"content":{"rendered":"<p>Powerballin pelaaminen verkossa on itse asiassa melko helppoa, vaikka olisitkin Suomessa. Ja se on my\u00f6s melko k\u00e4tev\u00e4\u00e4.<\/p>\n<p>Varmista, ett\u00e4 valitsit oikean loton eli Powerballin. Sitten valitset numerot. Jos yrit\u00e4t valita liian monta numeroa tai et ole valinnut tarpeeksi numeroita, j\u00e4rjestelm\u00e4 kehottaa sinua valitsemaan v\u00e4hemm\u00e4n tai enemm\u00e4n numeroita.<\/p>\n<p>On my\u00f6s menetelm\u00e4, jota monet pelaajat k\u00e4ytt\u00e4v\u00e4t mielell\u00e4\u00e4n &#8211; pikavalintatoiminto. Sinun tarvitsee vain napsauttaa pikapoimintapainiketta, ja sivusto valitsee satunnaisesti numeroita puolestasi. Voit silti muokata numeroita manuaalisesti, jos et pid\u00e4 niist\u00e4. Tai voit k\u00e4ytt\u00e4\u00e4 joitakin suosikkinumeroitasi manuaalisesti ja antaa satunnaislukugeneraattorin valita loput puolestasi.<\/p>\n<p>Kun olet valinnut Powerballin numerot, voit valita toisen loton, pelata lis\u00e4\u00e4 lottokuponkeja ja lis\u00e4t\u00e4 ne tilaukseesi. Kun olet valmis, klikkaa kassalle ja maksa lippusi turvallisesti. T\u00e4ll\u00e4 kertaa sinun on luotava tili meille. Voit tietysti my\u00f6s luoda tilin ensin ja aloittaa sitten lippujen tilaamisen.<\/p>\n<p><a href=\"https:\/\/redfoxlotto.com\/play\/powerball\/?ref=a8564250a2&amp;medium=ol365\" target=\"_blank\" rel=\"noopener noreferrer\"><img loading=\"lazy\" decoding=\"async\" class=\"aligncenter\" src=\"https:\/\/redfoxlotto.com\/image?size=8&amp;lottery=powerball\" alt=\"powerball\" width=\"793\" height=\"98\" \/><\/a><\/p>\n<p>Kun olet luonut tilisi, rekister\u00f6itymisesi sivustollamme on vahvistettava. L\u00e4het\u00e4mme sinulle vahvistuss\u00e4hk\u00f6postin, jossa on linkki, jota klikkaamalla sinun on vahvistettava s\u00e4hk\u00f6postiosoitteesi. Muista tarkistaa roskapostikansiosi. Olisi viisasta merkit\u00e4 s\u00e4hk\u00f6postiosoitteemme luotettavaksi l\u00e4hett\u00e4j\u00e4ksi. N\u00e4in varmistetaan, ett\u00e4 t\u00e4rke\u00e4t viestit, kuten ilmoitukset voitoista, todella saapuvat sinulle. T\u00e4m\u00e4 on yksi Powerballin nettipelaamisen hyvist\u00e4 puolista &#8211; et j\u00e4\u00e4 koskaan paitsi voitosta, koska saat aina ilmoituksen meilt\u00e4.<\/p>\n<p>Sinusta pidet\u00e4\u00e4n huolta joka vaiheessa, kun sinun tarvitsee vain perustaa ilmainen tili, tehd\u00e4 valintasi, valita yksi lukuisista k\u00e4tevist\u00e4 maksuvaihtoehdoista, ja me hoidamme kaiken muun.<br \/>\nT\u00e4m\u00e4 on todella tuonut lottopelaamisen 2000-luvulle, ja t\u00e4m\u00e4 on suurin asia, mit\u00e4 arpajaisille on tapahtunut sen j\u00e4lkeen, kun liput tulivat ensimm\u00e4ist\u00e4 kertaa myyntiin. Jos et hy\u00f6dynn\u00e4 t\u00e4t\u00e4 palvelua, olet todella j\u00e4\u00e4m\u00e4ss\u00e4 paitsi kaikesta upeasta lottotoiminnasta, joka odottaa sinua.<\/p>\n<h2>Tietoa Powerballista<\/h2>\n<p><img loading=\"lazy\" decoding=\"async\" class=\"size-medium wp-image-1356 alignright\" src=\"https:\/\/onlinelotto365.com\/wp-content\/uploads\/2020\/11\/online_lottery-117-300x217.jpg\" alt=\"pelata powerball verkossa\" width=\"300\" height=\"217\" \/><\/p>\n<ul>\n<li>Maa: USA<\/li>\n<li>P\u00e4\u00e4numeroiden alue: 69<\/li>\n<li>Sinun valintasi: 5<\/li>\n<li>Lis\u00e4numerot: 26<\/li>\n<li>Sin\u00e4 valitset: 1<\/li>\n<li>Arvontap\u00e4iv\u00e4t, tunnit: Keskiviikko, lauantai, 21:00 EST, +1 p\u00e4iv\u00e4 3:00 CET<\/li>\n<li>V\u00e4himm\u00e4isj\u00e4ttipotti: 40 miljoonaa dollaria<\/li>\n<li>Jackpotin enimm\u00e4ism\u00e4\u00e4r\u00e4: ei mit\u00e4\u00e4n<\/li>\n<li>Todenn\u00e4k\u00f6isyys voittaa j\u00e4ttipotti: 1:175.223.510:st\u00e4.<\/li>\n<li>Todenn\u00e4k\u00f6isyys tason 2 voittoon: 1:5.006.386<\/li>\n<li>Todenn\u00e4k\u00f6isyys voittaa mill\u00e4 tahansa tasolla: 1:24,87:st\u00e4<\/li>\n<li>Palkintotasojen m\u00e4\u00e4r\u00e4: 9<\/li>\n<\/ul>\n<p>Powerball-lottoa tarjoavat lottokauppiaat 41 eri osavaltiossa Yhdysvalloissa. Kun k\u00e4yt\u00f6ss\u00e4 on n\u00e4in suuri v\u00e4est\u00f6pohja ja kun otetaan huomioon, kuinka suosittuja lotot ovat Yhdysvalloissa, ei ole ihme, ett\u00e4 t\u00e4m\u00e4 lotto on niin suuri ja ett\u00e4 siin\u00e4 on n\u00e4in suuret palkinnot. T\u00e4m\u00e4 arpajaiset ovat itse asiassa niin suuria, ett\u00e4 toinen palkinto on miljoona dollaria, ja yleens\u00e4 useat ihmiset voittavat sen jokaisessa arvonnassa, joka suoritetaan kahdesti viikossa. Miljoonan dollarin voittaminen ei kuitenkaan ole ainoa syy, miksi useimmat ihmiset pelaavat sit\u00e4, sill\u00e4 heill\u00e4 on paljon suurempia unelmia.<\/p>\n<h2>Powerballin parhaat ominaisuudet<\/h2>\n<p>Olivatpa unelmasi kuinka suuria tahansa, Powerball-lotto pystyy t\u00e4ytt\u00e4m\u00e4\u00e4n ne kaikki ja viel\u00e4 enemm\u00e4n. J\u00e4ttipotit ovat s\u00e4\u00e4nn\u00f6llisesti satojen miljoonien dollarien suuruisia, joten kyseess\u00e4 on ehdottomasti se, mit\u00e4 voi kutsua j\u00e4ttim\u00e4iseksi voitettavaksi.<\/p>\n<p>Powerball-lotto on perinteisesti alkanut 20 miljoonasta dollarista, ja vaikka se on varmasti eritt\u00e4in mukava summa, viime aikoina minimi on nostettu viel\u00e4 j\u00e4nnitt\u00e4v\u00e4mp\u00e4\u00e4n 40 miljoonaan dollariin. Joten jo ennen kuin tilanne kasvaa hulluihin numeroihin, kuten t\u00e4ss\u00e4 megalotossa usein on tapana, pienin mahdollinen j\u00e4ttipotti on jo sellainen, jonka vuoksi haluamme jonottaa.<\/p>\n<p>Joka kerta, kun j\u00e4ttipotin voittajaa ei l\u00f6ydy, j\u00e4ttipotti kasvaa, usein sataan miljoonaan, kahteen sataan miljoonaan ja joskus jopa kolmeen sataan miljoonaan. Uskon, ett\u00e4 useimmat meist\u00e4 ovat samaa mielt\u00e4 siit\u00e4, ett\u00e4 jo v\u00e4hint\u00e4\u00e4n 40 miljoonaa dollaria riitt\u00e4isi siihen, ett\u00e4 voisimme el\u00e4\u00e4 kaikkia fantasioitamme, mutta kun kyse on lotosta, mit\u00e4 suurempi, sen parempi. Jos siis olet kuten useimmat ihmiset ja rakastat suurempia, t\u00e4m\u00e4 on ehdottomasti sinua varten.<\/p>\n<h2>Mit\u00e4 muuta sinun on tiedett\u00e4v\u00e4 Powerballin pelaamisesta netiss\u00e4?<\/h2>\n<p>Powerball tarjoaa j\u00e4ttipotin voittajille kaksi tapaa saada voittonsa. Voit joko ottaa kertamaksun nyt, tai voit saada paljon enemm\u00e4n rahaa saamalla sen 30 vuosittaisessa er\u00e4ss\u00e4. Jokainen er\u00e4 on porrastettu inflaation mukaan, mik\u00e4 tarkoittaa, ett\u00e4 ensimm\u00e4isen\u00e4 vuonna maksamasi valtava summa s\u00e4ilytt\u00e4\u00e4 arvonsa my\u00f6s tulevina vuosina.<br \/>\n<img loading=\"lazy\" decoding=\"async\" class=\"size-medium wp-image-1521 alignright\" src=\"https:\/\/onlinelotto365.com\/wp-content\/uploads\/2020\/11\/online_lottery-133-300x212.jpg\" alt=\"powerball usa Yhdistyneest\u00e4 kuningaskunnasta \" width=\"300\" height=\"212\" \/><\/p>\n<p>Jos voitat, sinun on p\u00e4\u00e4tett\u00e4v\u00e4, mink\u00e4 maksutyypin haluat valita, mutta yksi asia on varma: t\u00e4m\u00e4 on ehdottomasti miellytt\u00e4vin p\u00e4\u00e4t\u00f6s, jonka olet koskaan el\u00e4m\u00e4ss\u00e4si tehnyt. Sinulla on 60 p\u00e4iv\u00e4\u00e4 aikaa valita, joten sinulla on runsaasti aikaa hankkia parhaat mahdolliset ammattilaisneuvot ja mietti\u00e4 ja haaveilla, mit\u00e4 aiot tehd\u00e4 n\u00e4ill\u00e4 rahoilla.<\/p>\n<h2>Powerball-tulosten tarkistaminen<\/h2>\n<p>Voit tarkistaa Powerballin voittonumerot ja tulokset Suomesta k\u00e4sin monella eri tavalla. Mutta jos olet pelannut Powerballia verkossa, helpoin tapa on palata sinne, mist\u00e4 ostit lippusi. Tilill\u00e4si voit verrata numeroitasi edellisen arvonnan numeroihin. Saat my\u00f6s s\u00e4hk\u00f6postiviestin aina, kun joku lipuistasi on voittanut jotain.<\/p>\n<h2>Pelasit Powerballia verkossa ja voitit &#8211; mit\u00e4 seuraavaksi tapahtuu?<\/h2>\n<p>Palveluumme kuuluu maksujen hoitaminen puolestasi. Sinun ei tarvitse huolehtia maksujen saamisesta. Emmek\u00e4 veloita voitoistasi mit\u00e4\u00e4n provisioita.<\/p>\n<p>Menettely riippuu siit\u00e4, kuinka paljon voitit. Jos voitit enint\u00e4\u00e4n 2500 euroa, saat kyseisen summan tilillesi meilt\u00e4. Voit nostaa sen tai j\u00e4tt\u00e4\u00e4 sen tilillesi ja k\u00e4ytt\u00e4\u00e4 sen pelaamaan lis\u00e4\u00e4 nettilottoja.<\/p>\n<p>Jos voitat suuremman summan, l\u00e4het\u00e4mme sinulle s\u00e4hk\u00f6postitse lunastuslomakkeen. Sinun on sitten t\u00e4ytett\u00e4v\u00e4 joitakin henkil\u00f6kohtaisia tietoja, mukaan lukien se, miten haluat saada maksun. Vaihtoehtoja on kaksi: pankkisiirto tai shekki. Toimitamme korvausvaatimuslomakkeen eteenp\u00e4in lottokomissiolle, joka maksaa sinulle ohjeidesi mukaisesti.<\/p>\n","protected":false},"excerpt":{"rendered":"<p>Powerballin pelaaminen verkossa on itse asiassa melko helppoa, vaikka olisitkin Suomessa. Ja se on my\u00f6s melko k\u00e4tev\u00e4\u00e4. Varmista, ett\u00e4 valitsit oikean loton eli Powerballin. Sitten valitset numerot. Jos yrit\u00e4t valita liian monta numeroa tai et ole valinnut tarpeeksi numeroita, j\u00e4rjestelm\u00e4 kehottaa sinua valitsemaan v\u00e4hemm\u00e4n tai enemm\u00e4n numeroita. On my\u00f6s menetelm\u00e4, jota monet pelaajat k\u00e4ytt\u00e4v\u00e4t mielell\u00e4\u00e4n [&hellip;]<\/p>\n","protected":false},"author":1,"featured_media":0,"parent":5016,"menu_order":1,"comment_status":"closed","ping_status":"closed","template":"powerball-usa.php","meta":{"_et_pb_use_builder":"","_et_pb_old_content":"","_et_gb_content_width":"","exclude_from_search":false,"footnotes":""},"class_list":["post-9563","page","type-page","status-publish","hentry"],"yoast_head":"<!-- This site is optimized with the Yoast SEO plugin v23.4 - https:\/\/yoast.com\/wordpress\/plugins\/seo\/ -->\n<title>Pelaa Powerballia netiss\u00e4 Suomesta k\u00e4sin | Voinko voittaa Powerballia Suomesta k\u00e4sin?<\/title>\n<meta name=\"description\" content=\"Pelaa Powerball-lottoa t\u00e4\u00e4ll\u00e4 - Yhdysvaltain suurin lotto, joka on saatavilla netiss\u00e4 Suomesta ja mist\u00e4 tahansa muusta maasta k\u00e4sin.\" \/>\n<meta name=\"robots\" content=\"index, follow, max-snippet:-1, max-image-preview:large, max-video-preview:-1\" \/>\n<link rel=\"canonical\" href=\"https:\/\/onlinelotto365.com\/fi\/pelata\/powerball\/\" \/>\n<meta property=\"og:locale\" content=\"fi_FI\" \/>\n<meta property=\"og:type\" content=\"article\" \/>\n<meta property=\"og:title\" content=\"Pelaa Powerballia netiss\u00e4 Suomesta k\u00e4sin | Voinko voittaa Powerballia Suomesta k\u00e4sin?\" \/>\n<meta property=\"og:description\" content=\"Pelaa Powerball-lottoa t\u00e4\u00e4ll\u00e4 - Yhdysvaltain suurin lotto, joka on saatavilla netiss\u00e4 Suomesta ja mist\u00e4 tahansa muusta maasta k\u00e4sin.\" \/>\n<meta property=\"og:url\" content=\"https:\/\/onlinelotto365.com\/fi\/pelata\/powerball\/\" \/>\n<meta property=\"og:site_name\" content=\"OnlineLotto365\" \/>\n<meta property=\"article:modified_time\" content=\"2022-11-08T08:16:23+00:00\" \/>\n<meta property=\"og:image\" content=\"https:\/\/redfoxlotto.com\/image?size=8&amp;lottery=powerball\" \/>\n<meta name=\"twitter:card\" content=\"summary_large_image\" \/>\n<meta name=\"twitter:label1\" content=\"Arvioitu lukuaika\" \/>\n\t<meta name=\"twitter:data1\" content=\"4 minuuttia\" \/>\n<script type=\"application\/ld+json\" class=\"yoast-schema-graph\">{\"@context\":\"https:\/\/schema.org\",\"@graph\":[{\"@type\":\"WebPage\",\"@id\":\"https:\/\/onlinelotto365.com\/fi\/pelata\/powerball\/\",\"url\":\"https:\/\/onlinelotto365.com\/fi\/pelata\/powerball\/\",\"name\":\"Pelaa Powerballia netiss\u00e4 Suomesta k\u00e4sin | Voinko voittaa Powerballia Suomesta k\u00e4sin?\",\"isPartOf\":{\"@id\":\"https:\/\/onlinelotto365.com\/fi\/#website\"},\"primaryImageOfPage\":{\"@id\":\"https:\/\/onlinelotto365.com\/fi\/pelata\/powerball\/#primaryimage\"},\"image\":{\"@id\":\"https:\/\/onlinelotto365.com\/fi\/pelata\/powerball\/#primaryimage\"},\"thumbnailUrl\":\"https:\/\/redfoxlotto.com\/image?size=8&amp;lottery=powerball\",\"datePublished\":\"2020-12-13T11:47:09+00:00\",\"dateModified\":\"2022-11-08T08:16:23+00:00\",\"description\":\"Pelaa Powerball-lottoa t\u00e4\u00e4ll\u00e4 - Yhdysvaltain suurin lotto, joka on saatavilla netiss\u00e4 Suomesta ja mist\u00e4 tahansa muusta maasta k\u00e4sin.\",\"breadcrumb\":{\"@id\":\"https:\/\/onlinelotto365.com\/fi\/pelata\/powerball\/#breadcrumb\"},\"inLanguage\":\"fi\",\"potentialAction\":[{\"@type\":\"ReadAction\",\"target\":[\"https:\/\/onlinelotto365.com\/fi\/pelata\/powerball\/\"]}]},{\"@type\":\"ImageObject\",\"inLanguage\":\"fi\",\"@id\":\"https:\/\/onlinelotto365.com\/fi\/pelata\/powerball\/#primaryimage\",\"url\":\"https:\/\/redfoxlotto.com\/image?size=8&amp;lottery=powerball\",\"contentUrl\":\"https:\/\/redfoxlotto.com\/image?size=8&amp;lottery=powerball\"},{\"@type\":\"BreadcrumbList\",\"@id\":\"https:\/\/onlinelotto365.com\/fi\/pelata\/powerball\/#breadcrumb\",\"itemListElement\":[{\"@type\":\"ListItem\",\"position\":1,\"name\":\"Home\",\"item\":\"https:\/\/onlinelotto365.com\/fi\/\"},{\"@type\":\"ListItem\",\"position\":2,\"name\":\"Kaikki mit\u00e4 sinun pit\u00e4\u00e4 tiet\u00e4\u00e4 vaihtoehdoistasi pelata parhaita arpapelej\u00e4 netiss\u00e4.\",\"item\":\"https:\/\/onlinelotto365.com\/fi\/pelata\/\"},{\"@type\":\"ListItem\",\"position\":3,\"name\":\"Miten Suomessa asuvat voivat pelata Powerballia verkossa?\"}]},{\"@type\":\"WebSite\",\"@id\":\"https:\/\/onlinelotto365.com\/fi\/#website\",\"url\":\"https:\/\/onlinelotto365.com\/fi\/\",\"name\":\"OnlineLotto365\",\"description\":\"\",\"potentialAction\":[{\"@type\":\"SearchAction\",\"target\":{\"@type\":\"EntryPoint\",\"urlTemplate\":\"https:\/\/onlinelotto365.com\/fi\/?s={search_term_string}\"},\"query-input\":{\"@type\":\"PropertyValueSpecification\",\"valueRequired\":true,\"valueName\":\"search_term_string\"}}],\"inLanguage\":\"fi\"}]}<\/script>\n<!-- \/ Yoast SEO plugin. -->","yoast_head_json":{"title":"Pelaa Powerballia netiss\u00e4 Suomesta k\u00e4sin | Voinko voittaa Powerballia Suomesta k\u00e4sin?","description":"Pelaa Powerball-lottoa t\u00e4\u00e4ll\u00e4 - Yhdysvaltain suurin lotto, joka on saatavilla netiss\u00e4 Suomesta ja mist\u00e4 tahansa muusta maasta k\u00e4sin.","robots":{"index":"index","follow":"follow","max-snippet":"max-snippet:-1","max-image-preview":"max-image-preview:large","max-video-preview":"max-video-preview:-1"},"canonical":"https:\/\/onlinelotto365.com\/fi\/pelata\/powerball\/","og_locale":"fi_FI","og_type":"article","og_title":"Pelaa Powerballia netiss\u00e4 Suomesta k\u00e4sin | Voinko voittaa Powerballia Suomesta k\u00e4sin?","og_description":"Pelaa Powerball-lottoa t\u00e4\u00e4ll\u00e4 - Yhdysvaltain suurin lotto, joka on saatavilla netiss\u00e4 Suomesta ja mist\u00e4 tahansa muusta maasta k\u00e4sin.","og_url":"https:\/\/onlinelotto365.com\/fi\/pelata\/powerball\/","og_site_name":"OnlineLotto365","article_modified_time":"2022-11-08T08:16:23+00:00","og_image":[{"url":"https:\/\/redfoxlotto.com\/image?size=8&amp;lottery=powerball"}],"twitter_card":"summary_large_image","twitter_misc":{"Arvioitu lukuaika":"4 minuuttia"},"schema":{"@context":"https:\/\/schema.org","@graph":[{"@type":"WebPage","@id":"https:\/\/onlinelotto365.com\/fi\/pelata\/powerball\/","url":"https:\/\/onlinelotto365.com\/fi\/pelata\/powerball\/","name":"Pelaa Powerballia netiss\u00e4 Suomesta k\u00e4sin | Voinko voittaa Powerballia Suomesta k\u00e4sin?","isPartOf":{"@id":"https:\/\/onlinelotto365.com\/fi\/#website"},"primaryImageOfPage":{"@id":"https:\/\/onlinelotto365.com\/fi\/pelata\/powerball\/#primaryimage"},"image":{"@id":"https:\/\/onlinelotto365.com\/fi\/pelata\/powerball\/#primaryimage"},"thumbnailUrl":"https:\/\/redfoxlotto.com\/image?size=8&amp;lottery=powerball","datePublished":"2020-12-13T11:47:09+00:00","dateModified":"2022-11-08T08:16:23+00:00","description":"Pelaa Powerball-lottoa t\u00e4\u00e4ll\u00e4 - Yhdysvaltain suurin lotto, joka on saatavilla netiss\u00e4 Suomesta ja mist\u00e4 tahansa muusta maasta k\u00e4sin.","breadcrumb":{"@id":"https:\/\/onlinelotto365.com\/fi\/pelata\/powerball\/#breadcrumb"},"inLanguage":"fi","potentialAction":[{"@type":"ReadAction","target":["https:\/\/onlinelotto365.com\/fi\/pelata\/powerball\/"]}]},{"@type":"ImageObject","inLanguage":"fi","@id":"https:\/\/onlinelotto365.com\/fi\/pelata\/powerball\/#primaryimage","url":"https:\/\/redfoxlotto.com\/image?size=8&amp;lottery=powerball","contentUrl":"https:\/\/redfoxlotto.com\/image?size=8&amp;lottery=powerball"},{"@type":"BreadcrumbList","@id":"https:\/\/onlinelotto365.com\/fi\/pelata\/powerball\/#breadcrumb","itemListElement":[{"@type":"ListItem","position":1,"name":"Home","item":"https:\/\/onlinelotto365.com\/fi\/"},{"@type":"ListItem","position":2,"name":"Kaikki mit\u00e4 sinun pit\u00e4\u00e4 tiet\u00e4\u00e4 vaihtoehdoistasi pelata parhaita arpapelej\u00e4 netiss\u00e4.","item":"https:\/\/onlinelotto365.com\/fi\/pelata\/"},{"@type":"ListItem","position":3,"name":"Miten Suomessa asuvat voivat pelata Powerballia verkossa?"}]},{"@type":"WebSite","@id":"https:\/\/onlinelotto365.com\/fi\/#website","url":"https:\/\/onlinelotto365.com\/fi\/","name":"OnlineLotto365","description":"","potentialAction":[{"@type":"SearchAction","target":{"@type":"EntryPoint","urlTemplate":"https:\/\/onlinelotto365.com\/fi\/?s={search_term_string}"},"query-input":{"@type":"PropertyValueSpecification","valueRequired":true,"valueName":"search_term_string"}}],"inLanguage":"fi"}]}},"_links":{"self":[{"href":"https:\/\/onlinelotto365.com\/fi\/wp-json\/wp\/v2\/pages\/9563","targetHints":{"allow":["GET"]}}],"collection":[{"href":"https:\/\/onlinelotto365.com\/fi\/wp-json\/wp\/v2\/pages"}],"about":[{"href":"https:\/\/onlinelotto365.com\/fi\/wp-json\/wp\/v2\/types\/page"}],"author":[{"embeddable":true,"href":"https:\/\/onlinelotto365.com\/fi\/wp-json\/wp\/v2\/users\/1"}],"replies":[{"embeddable":true,"href":"https:\/\/onlinelotto365.com\/fi\/wp-json\/wp\/v2\/comments?post=9563"}],"version-history":[{"count":0,"href":"https:\/\/onlinelotto365.com\/fi\/wp-json\/wp\/v2\/pages\/9563\/revisions"}],"up":[{"embeddable":true,"href":"https:\/\/onlinelotto365.com\/fi\/wp-json\/wp\/v2\/pages\/5016"}],"wp:attachment":[{"href":"https:\/\/onlinelotto365.com\/fi\/wp-json\/wp\/v2\/media?parent=9563"}],"curies":[{"name":"wp","href":"https:\/\/api.w.org\/{rel}","templated":true}]}}