{"id":10353,"date":"2020-12-17T10:12:40","date_gmt":"2020-12-17T09:12:40","guid":{"rendered":"http:\/\/onlinelotto365.net\/?page_id=10353"},"modified":"2020-12-29T20:31:07","modified_gmt":"2020-12-29T19:31:07","slug":"mega-millions","status":"publish","type":"page","link":"https:\/\/onlinelotto365.com\/fr\/jouer\/mega-millions\/","title":{"rendered":"M\u00e9ga-millions en ligne"},"content":{"rendered":"<h2>\u00c0 propos de Mega Millions<\/h2>\n<p>C&rsquo;est probablement la loterie la plus c\u00e9l\u00e8bre au monde. Offrir aux passionn\u00e9s de loto la possibilit\u00e9 de jouer \u00e0 Mega Millions en ligne aide les joueurs \u00e0 r\u00e9aliser un r\u00eave. Si vous habitez en France, vous pouvez toujours jouer \u00e0 Mega Millions avec un ticket en ligne. Notre service est parfaitement l\u00e9gal et nous vous donnons la chance de participer \u00e0 cette m\u00e9ga-loterie des USA.<\/p>\n<p><a href=\"https:\/\/redfoxlotto.com\/fr\/jouer\/mega-millions\/?ref=a8564250a2&amp;medium=ol365\" target=\"_blank\" rel=\"noopener noreferrer\"> <img decoding=\"async\" class=\"aligncenter\" src=\" https:\/\/redfoxlotto.com\/image?size=8&amp;lottery=mega-millions \" alt=\" mega millions \" \/> <\/a><\/p>\n<ul>\n<li>Pays: \u00c9tats-Unis<\/li>\n<li>Plage de num\u00e9ros principaux: 70<\/li>\n<li>Vous devez s\u00e9lectionner: 5<\/li>\n<li>Plage de num\u00e9ros suppl\u00e9mentaires: 25<\/li>\n<li>Vous devez s\u00e9lectionner: 1<\/li>\n<li>Jours et heures des tirages: mardi, vendredi, 21h00 EST &#8211; +1 jour 3h00 CET<\/li>\n<li>Le jackpot commence \u00e0: 40 millions de dollars<\/li>\n<li>Le jackpot est plafonn\u00e9 \u00e0: aucun<\/li>\n<li>Chance de gagner le jackpot: 1 sur 175711536<\/li>\n<li>Chances de gagner le deuxi\u00e8me prix: 1 sur 3819816<\/li>\n<li>Chances de gagner un prix: 1 sur 24,12<\/li>\n<li>Nombre de cat\u00e9gories de prix: 9<\/li>\n<\/ul>\n<h2>Meilleures fonctionnalit\u00e9s de Mega Millions<\/h2>\n<p>L&rsquo;attraction principale de Mega Millions est, bien s\u00fbr, la taille des jackpots. Le jackpot Mega Millions ne peut jamais \u00eatre inf\u00e9rieur \u00e0 40 millions de dollars. Chaque fois que quelqu&rsquo;un gagne le jackpot, il recommence \u00e0 partir de ce montant minimum de 40 millions de dollars. Avec deux tirages par semaine, le jackpot Mega Millions cro\u00eet assez rapidement. Aux \u00c9tats-Unis, des millions de personnes jouent \u00e0 Mega Millions semaine apr\u00e8s semaine, et de nombreuses personnes d&rsquo;autres pays comme la France jouent \u00e9galement \u00e0 Mega Millions en ligne.<\/p>\n<p>Il est donc normal que le jackpot Mega Millions augmente de 10 millions de dollars apr\u00e8s chaque tirage (\u00e0 moins que quelqu&rsquo;un ne remporte le jackpot). Cela fait environ 20 millions de dollars par semaine puisqu&rsquo;il y a deux tirages par semaine.<\/p>\n<p>Et une fois que le jackpot a d\u00e9pass\u00e9 les 100 millions de dollars, encore plus de billets sont vendus \u00e0 la fois dans les magasins de loto et aux joueurs en ligne. \u00c0 de nombreuses reprises, le jackpot a atteint des montants de 400 millions de dollars et plus. Et \u00e0 partir de ce moment, une croissance hebdomadaire de 100 millions de dollars est normale, en raison de l&rsquo;explosion des ventes de billets. Le jackpot record actuel s&rsquo;\u00e9l\u00e8ve \u00e0 1500 millions de dollars (oui, 1,5 milliard de dollars!).<\/p>\n<h2>Comment v\u00e9rifier les r\u00e9sultats du Mega Millions<\/h2>\n<p>Si vous habitez en France ou dans tout autre pays en dehors des \u00c9tats-Unis, vous ne pourrez probablement pas obtenir le <a href=\"https:\/\/onlinelotto365.com\/fr\/numeros-gagnants\"> num\u00e9ros gagnants <\/a> de votre radio ou de vos cha\u00eenes de t\u00e9l\u00e9vision locales. Vous pouvez visiter le site officiel de Mega Millions, mais il existe une solution beaucoup plus simple pour vous. Revenez simplement sur notre site Web et jetez un \u0153il \u00e0 notre page de r\u00e9sultats. Nous publions ici les r\u00e9sultats de toutes les loteries. Les num\u00e9ros gagnants seront affich\u00e9s quelques minutes apr\u00e8s le tirage au sort.<\/p>\n<p>Nous vous enverrons \u00e9galement un e-mail avec une notification de la victoire &#8211; si vous avez jou\u00e9 en ligne et avez un ticket pour Mega Millions dans votre compte.<\/p>\n<p>En outre, vous pouvez v\u00e9rifier vos r\u00e9sultats personnels de loterie dans votre compte joueur. Une fois que vous avez jou\u00e9 \u00e0 Mega Millions en ligne sur notre site Web, le ou les billets auxquels vous avez jou\u00e9 sont stock\u00e9s dans votre compte. Et apr\u00e8s le tirage au sort, vous pouvez y retourner et imm\u00e9diatement <a href=\"https:\/\/onlinelotto365.com\/fr\/numeros-gagnants\/mega-millions\"> comparer votre billet Mega Millions avec les derniers num\u00e9ros gagnants <\/a>.<\/p>\n<h2>Vous avez jou\u00e9 \u00e0 Mega Millions en ligne et avez gagn\u00e9. Que se passe-t-il ensuite?<\/h2>\n<p>Si vous avez gagn\u00e9 un prix plus important, vous devez envoyer un message \u00e0 notre \u00e9quipe d&rsquo;assistance &#8211; m\u00eame si elle vous aura probablement d\u00e9j\u00e0 envoy\u00e9 un message avec des instructions sur la fa\u00e7on de proc\u00e9der. Ensuite, vous devrez remplir un formulaire fourni par nous. Notre \u00e9quipe de service enverra votre formulaire \u00e0 la commission de loterie. Le formulaire contiendra \u00e9galement des informations sur votre compte bancaire ou votre adresse physique en France (ou o\u00f9 que vous soyez), et vos souhaits quant au mode de paiement sont \u00e9galement d\u00e9finis par vous dans ce formulaire. Dans quelques jours, vous recevrez votre argent de la mani\u00e8re que vous avez choisie pour le paiement.<\/p>\n<p>Et si vous gagnez une petite somme d&rsquo;argent (jusqu&rsquo;\u00e0 2500 \u20ac, pour \u00eatre exact), le paiement se fera encore plus rapidement. Ce type de gain sera imm\u00e9diatement d\u00e9pos\u00e9 sur votre compte joueur &#8211; il suffit de v\u00e9rifier le solde de votre joueur. Ensuite, vous pouvez d\u00e9cider si vous souhaitez y laisser les fonds et les utiliser pour <a href=\"https:\/\/onlinelotto365.com\/fr\/jouer\"> continuer \u00e0 jouer \u00e0 plus de loteries <\/a> (ou \u00e0 Mega Millions) en ligne, ou vous pouvez initier un retrait. Pour ce retrait, vous pouvez utiliser n&rsquo;importe quelle m\u00e9thode pr\u00e9c\u00e9demment utilis\u00e9e pour jouer en ligne. En raison de la r\u00e9glementation en mati\u00e8re de blanchiment d&rsquo;argent, nous aurons besoin d&rsquo;une forme d&rsquo;identit\u00e9 pour v\u00e9rifier vos donn\u00e9es personnelles. Notre assistance vous expliquera ce dont nous avons besoin pour ce processus de v\u00e9rification. Une fois que nous avonsces documents, il ne faudra qu&rsquo;un jour ou deux pour traiter le retrait et vous envoyer l&rsquo;argent.<\/p>\n","protected":false},"excerpt":{"rendered":"<p>\u00c0 propos de Mega Millions C&rsquo;est probablement la loterie la plus c\u00e9l\u00e8bre au monde. Offrir aux passionn\u00e9s de loto la possibilit\u00e9 de jouer \u00e0 Mega Millions en ligne aide les joueurs \u00e0 r\u00e9aliser un r\u00eave. Si vous habitez en France, vous pouvez toujours jouer \u00e0 Mega Millions avec un ticket en ligne. Notre service est [&hellip;]<\/p>\n","protected":false},"author":1,"featured_media":0,"parent":5017,"menu_order":2,"comment_status":"closed","ping_status":"closed","template":"megamillion.php","meta":{"_et_pb_use_builder":"","_et_pb_old_content":"","_et_gb_content_width":"","exclude_from_search":false,"footnotes":""},"class_list":["post-10353","page","type-page","status-publish","hentry"],"yoast_head":"<!-- This site is optimized with the Yoast SEO plugin v23.4 - https:\/\/yoast.com\/wordpress\/plugins\/seo\/ -->\n<title>Jouer \u00e0 Mega Millions USA en ligne | Comment les r\u00e9sidents fran\u00e7ais peuvent l\u00e9galement participer \u00e0 Mega Millions<\/title>\n<meta name=\"description\" content=\"Vous pouvez maintenant jouer \u00e0 Mega Millions aussi - notre service en ligne vous permet d&#039;obtenir des billets pour Mega Millions depuis la France\" \/>\n<meta name=\"robots\" content=\"index, follow, max-snippet:-1, max-image-preview:large, max-video-preview:-1\" \/>\n<link rel=\"canonical\" href=\"https:\/\/onlinelotto365.com\/fr\/jouer\/mega-millions\/\" \/>\n<meta property=\"og:locale\" content=\"fr_FR\" \/>\n<meta property=\"og:type\" content=\"article\" \/>\n<meta property=\"og:title\" content=\"Jouer \u00e0 Mega Millions USA en ligne | Comment les r\u00e9sidents fran\u00e7ais peuvent l\u00e9galement participer \u00e0 Mega Millions\" \/>\n<meta property=\"og:description\" content=\"Vous pouvez maintenant jouer \u00e0 Mega Millions aussi - notre service en ligne vous permet d&#039;obtenir des billets pour Mega Millions depuis la France\" \/>\n<meta property=\"og:url\" content=\"https:\/\/onlinelotto365.com\/fr\/jouer\/mega-millions\/\" \/>\n<meta property=\"og:site_name\" content=\"OnlineLotto365\" \/>\n<meta property=\"article:modified_time\" content=\"2020-12-29T19:31:07+00:00\" \/>\n<meta name=\"twitter:card\" content=\"summary_large_image\" \/>\n<meta name=\"twitter:label1\" content=\"Dur\u00e9e de lecture estim\u00e9e\" \/>\n\t<meta name=\"twitter:data1\" content=\"4 minutes\" \/>\n<script type=\"application\/ld+json\" class=\"yoast-schema-graph\">{\"@context\":\"https:\/\/schema.org\",\"@graph\":[{\"@type\":\"WebPage\",\"@id\":\"https:\/\/onlinelotto365.com\/fr\/jouer\/mega-millions\/\",\"url\":\"https:\/\/onlinelotto365.com\/fr\/jouer\/mega-millions\/\",\"name\":\"Jouer \u00e0 Mega Millions USA en ligne | Comment les r\u00e9sidents fran\u00e7ais peuvent l\u00e9galement participer \u00e0 Mega Millions\",\"isPartOf\":{\"@id\":\"https:\/\/onlinelotto365.com\/fr\/#website\"},\"datePublished\":\"2020-12-17T09:12:40+00:00\",\"dateModified\":\"2020-12-29T19:31:07+00:00\",\"description\":\"Vous pouvez maintenant jouer \u00e0 Mega Millions aussi - notre service en ligne vous permet d'obtenir des billets pour Mega Millions depuis la France\",\"breadcrumb\":{\"@id\":\"https:\/\/onlinelotto365.com\/fr\/jouer\/mega-millions\/#breadcrumb\"},\"inLanguage\":\"fr-FR\",\"potentialAction\":[{\"@type\":\"ReadAction\",\"target\":[\"https:\/\/onlinelotto365.com\/fr\/jouer\/mega-millions\/\"]}]},{\"@type\":\"BreadcrumbList\",\"@id\":\"https:\/\/onlinelotto365.com\/fr\/jouer\/mega-millions\/#breadcrumb\",\"itemListElement\":[{\"@type\":\"ListItem\",\"position\":1,\"name\":\"Home\",\"item\":\"https:\/\/onlinelotto365.com\/fr\/\"},{\"@type\":\"ListItem\",\"position\":2,\"name\":\"Tout ce que vous devez savoir sur vos possibilit\u00e9s de jouer aux meilleures loteries en ligne\",\"item\":\"https:\/\/onlinelotto365.com\/fr\/play\/\"},{\"@type\":\"ListItem\",\"position\":3,\"name\":\"M\u00e9ga-millions en ligne\"}]},{\"@type\":\"WebSite\",\"@id\":\"https:\/\/onlinelotto365.com\/fr\/#website\",\"url\":\"https:\/\/onlinelotto365.com\/fr\/\",\"name\":\"OnlineLotto365\",\"description\":\"\",\"potentialAction\":[{\"@type\":\"SearchAction\",\"target\":{\"@type\":\"EntryPoint\",\"urlTemplate\":\"https:\/\/onlinelotto365.com\/fr\/?s={search_term_string}\"},\"query-input\":{\"@type\":\"PropertyValueSpecification\",\"valueRequired\":true,\"valueName\":\"search_term_string\"}}],\"inLanguage\":\"fr-FR\"}]}<\/script>\n<!-- \/ Yoast SEO plugin. -->","yoast_head_json":{"title":"Jouer \u00e0 Mega Millions USA en ligne | Comment les r\u00e9sidents fran\u00e7ais peuvent l\u00e9galement participer \u00e0 Mega Millions","description":"Vous pouvez maintenant jouer \u00e0 Mega Millions aussi - notre service en ligne vous permet d'obtenir des billets pour Mega Millions depuis la France","robots":{"index":"index","follow":"follow","max-snippet":"max-snippet:-1","max-image-preview":"max-image-preview:large","max-video-preview":"max-video-preview:-1"},"canonical":"https:\/\/onlinelotto365.com\/fr\/jouer\/mega-millions\/","og_locale":"fr_FR","og_type":"article","og_title":"Jouer \u00e0 Mega Millions USA en ligne | Comment les r\u00e9sidents fran\u00e7ais peuvent l\u00e9galement participer \u00e0 Mega Millions","og_description":"Vous pouvez maintenant jouer \u00e0 Mega Millions aussi - notre service en ligne vous permet d'obtenir des billets pour Mega Millions depuis la France","og_url":"https:\/\/onlinelotto365.com\/fr\/jouer\/mega-millions\/","og_site_name":"OnlineLotto365","article_modified_time":"2020-12-29T19:31:07+00:00","twitter_card":"summary_large_image","twitter_misc":{"Dur\u00e9e de lecture estim\u00e9e":"4 minutes"},"schema":{"@context":"https:\/\/schema.org","@graph":[{"@type":"WebPage","@id":"https:\/\/onlinelotto365.com\/fr\/jouer\/mega-millions\/","url":"https:\/\/onlinelotto365.com\/fr\/jouer\/mega-millions\/","name":"Jouer \u00e0 Mega Millions USA en ligne | Comment les r\u00e9sidents fran\u00e7ais peuvent l\u00e9galement participer \u00e0 Mega Millions","isPartOf":{"@id":"https:\/\/onlinelotto365.com\/fr\/#website"},"datePublished":"2020-12-17T09:12:40+00:00","dateModified":"2020-12-29T19:31:07+00:00","description":"Vous pouvez maintenant jouer \u00e0 Mega Millions aussi - notre service en ligne vous permet d'obtenir des billets pour Mega Millions depuis la France","breadcrumb":{"@id":"https:\/\/onlinelotto365.com\/fr\/jouer\/mega-millions\/#breadcrumb"},"inLanguage":"fr-FR","potentialAction":[{"@type":"ReadAction","target":["https:\/\/onlinelotto365.com\/fr\/jouer\/mega-millions\/"]}]},{"@type":"BreadcrumbList","@id":"https:\/\/onlinelotto365.com\/fr\/jouer\/mega-millions\/#breadcrumb","itemListElement":[{"@type":"ListItem","position":1,"name":"Home","item":"https:\/\/onlinelotto365.com\/fr\/"},{"@type":"ListItem","position":2,"name":"Tout ce que vous devez savoir sur vos possibilit\u00e9s de jouer aux meilleures loteries en ligne","item":"https:\/\/onlinelotto365.com\/fr\/play\/"},{"@type":"ListItem","position":3,"name":"M\u00e9ga-millions en ligne"}]},{"@type":"WebSite","@id":"https:\/\/onlinelotto365.com\/fr\/#website","url":"https:\/\/onlinelotto365.com\/fr\/","name":"OnlineLotto365","description":"","potentialAction":[{"@type":"SearchAction","target":{"@type":"EntryPoint","urlTemplate":"https:\/\/onlinelotto365.com\/fr\/?s={search_term_string}"},"query-input":{"@type":"PropertyValueSpecification","valueRequired":true,"valueName":"search_term_string"}}],"inLanguage":"fr-FR"}]}},"_links":{"self":[{"href":"https:\/\/onlinelotto365.com\/fr\/wp-json\/wp\/v2\/pages\/10353","targetHints":{"allow":["GET"]}}],"collection":[{"href":"https:\/\/onlinelotto365.com\/fr\/wp-json\/wp\/v2\/pages"}],"about":[{"href":"https:\/\/onlinelotto365.com\/fr\/wp-json\/wp\/v2\/types\/page"}],"author":[{"embeddable":true,"href":"https:\/\/onlinelotto365.com\/fr\/wp-json\/wp\/v2\/users\/1"}],"replies":[{"embeddable":true,"href":"https:\/\/onlinelotto365.com\/fr\/wp-json\/wp\/v2\/comments?post=10353"}],"version-history":[{"count":0,"href":"https:\/\/onlinelotto365.com\/fr\/wp-json\/wp\/v2\/pages\/10353\/revisions"}],"up":[{"embeddable":true,"href":"https:\/\/onlinelotto365.com\/fr\/wp-json\/wp\/v2\/pages\/5017"}],"wp:attachment":[{"href":"https:\/\/onlinelotto365.com\/fr\/wp-json\/wp\/v2\/media?parent=10353"}],"curies":[{"name":"wp","href":"https:\/\/api.w.org\/{rel}","templated":true}]}}