{"id":10357,"date":"2020-12-17T10:14:25","date_gmt":"2020-12-17T09:14:25","guid":{"rendered":"http:\/\/onlinelotto365.net\/?page_id=10357"},"modified":"2021-01-02T16:33:28","modified_gmt":"2021-01-02T15:33:28","slug":"euromillions","status":"publish","type":"page","link":"https:\/\/onlinelotto365.com\/fr\/jouer\/euromillions\/","title":{"rendered":"EuroMillions est la plus grande loterie d&rsquo;Europe"},"content":{"rendered":"<p>L&rsquo;EuroMillions a commenc\u00e9 en 2004 comme un effort de coop\u00e9ration entre les op\u00e9rateurs nationaux de loterie de France, d&rsquo;Espagne et du Royaume-Uni.Il a fallu dix ans pour conclure l&rsquo;accord entre les pays, donc une fois qu&rsquo;il a commenc\u00e9, il \u00e9tait d\u00e9finitivement tr\u00e8s bien organis\u00e9, comme reste le cas.<\/p>\n<p>Le plan \u00e9tait d&rsquo;offrir aux joueurs de loterie de ces trois pays <strong> la possibilit\u00e9 de jouer pour des jackpots beaucoup plus importants <\/strong> que ce qui \u00e9tait auparavant disponible. Puisque d&rsquo;\u00e9normes jackpots sont ce qui a tendance \u00e0 vraiment susciter l&rsquo;enthousiasme ici, on s&rsquo;attend \u00e0 ce que ce nouveau loto soit un \u00e9norme succ\u00e8s et g\u00e9n\u00e8re des jackpots fantastiques semaine apr\u00e8s semaine. C&rsquo;est exactement ce qui s&rsquo;est pass\u00e9.<\/p>\n<p>Au fur et \u00e0 mesure que le succ\u00e8s de la loterie augmentait, davantage de pays se sont ajout\u00e9s au partenariat et, aujourd&rsquo;hui, neuf pays diff\u00e9rents y participent. Les jackpots sont toujours parmi les plus importants disponibles au monde, \u00e0 partir de 17 millions d&rsquo;euros et en augmentant \u00e0 partir de l\u00e0.<\/p>\n<h2>Vous n&rsquo;avez plus besoin de vivre dans l&rsquo;un de ces pays pour jouer \u00e0 cette loterie<\/h2>\n<p>\u00c9tant donn\u00e9 que l&rsquo;EuroMillions n&rsquo;a historiquement \u00e9t\u00e9 propos\u00e9 que dans neuf <a href=\"https:\/\/onlinelotto365.com\/fr\/news\/lotto-en-direct\"> pays europ\u00e9ens <\/a>, la plupart d&rsquo;entre nous ont \u00e9t\u00e9 laiss\u00e9s pour compte ici autant que de pouvoir en profiter. En fait, jouer \u00e0 cette loterie n&rsquo;a m\u00eame pas \u00e9t\u00e9 une consid\u00e9ration pour le reste d&rsquo;entre nous, jusqu&rsquo;\u00e0 ces derniers temps.<br \/>\n<a href=\"https:\/\/redfoxlotto.com\/fr\/jouer\/euromillions\/?ref=a8564250a2&amp;medium=ol365\" target=\"_blank\" rel=\"noopener noreferrer\"> <img loading=\"lazy\" decoding=\"async\" class=\"aligncenter\" src=\"https:\/\/redfoxlotto.com\/image?size=8&amp;lottery=euromillions\" alt=\"Euromillions\" width=\"720\" height=\"90\" \/> <\/a><\/p>\n<p>Les joueurs de loterie avertis, ceux d&rsquo;entre nous qui sont au courant, r\u00e9alisent maintenant que les barri\u00e8res physiques dans le monde des loteries n&rsquo;existent plus. En fait, ils le font toujours dans un sens, car vous devez toujours acheter vos billets de loterie pour l&rsquo;EuroMillions et d&rsquo;autres loteries du monde entier. Bien s\u00fbr, vous n&rsquo;allez pas vous y rendre deux fois par semaine pour acheter vos billets, car cela prendrait une quantit\u00e9 ridicule de temps et d&rsquo;argent. Vous pouvez embaucher quelqu&rsquo;un qui vit dans les pays dans lesquels vous souhaitez <a href=\"https:\/\/onlinelotto365.com\/fr\/acheter-ticquets\"> acheter des billets de loterie <\/a>, mais cela demanderait plus de connaissances et d&rsquo;efforts que la plupart des gens penserait jamais \u00e0 s&rsquo;engager.<\/p>\n<p>La r\u00e9ponse est simplement de les acheter en ligne, directement de chez vous, et de faire en sorte qu&rsquo;un service estim\u00e9 et fiable s&rsquo;occupe de tous vos besoins, y compris l&rsquo;achat de vos billets \u00e0 votre nom, la conservation de vos billets pour vous, la v\u00e9rification de vos num\u00e9ros et la notification. vous si vous gagnez et en vous aidant \u00e0 encaisser vos gains.<\/p>\n<p>Ce nouveau service r\u00e9alise les r\u00eaves des gens: pouvoir acheter leurs billets de loterie en ligne et prendre soin de tout pour eux est maintenant devenu une r\u00e9alit\u00e9. Non seulement vous pouvez tr\u00e8s facilement acheter tous les billets EuroMillions que vous voulez, mais nous proposons \u00e9galement des achats en ligne de billets pour tous les tirages de loterie les plus importants et les plus populaires au monde.<\/p>\n<h2>Comment payer votre billet Euromillions en ligne<\/h2>\n<p>Il existe plusieurs options de paiement, notamment le virement bancaire, la carte de cr\u00e9dit et Bitcoin ou d&rsquo;autres crypto-monnaies. Nos protocoles de cryptage num\u00e9rique garantissent la s\u00e9curit\u00e9 de vos donn\u00e9es.<\/p>\n<p>Vous pouvez choisir de payer directement vos commandes ou de d\u00e9poser le montant que vous souhaitez, puis d&rsquo;utiliser plus tard les fonds de votre compte client pour acheter autant de billets en ligne que vous le souhaitez.<\/p>\n<h2>Plus d&rsquo;informations sur Euromillions<\/h2>\n<ul>\n<li>Une loterie a lieu dans: divers pays europ\u00e9ens<\/li>\n<li>Combien de num\u00e9ros principaux choisir: 50<\/li>\n<li>Vous devez s\u00e9lectionner: 5<\/li>\n<li>Combien de num\u00e9ros suppl\u00e9mentaires choisir: 12<\/li>\n<li>Vous devez s\u00e9lectionner: 2<\/li>\n<li>Jours et heures des tirages: mardi, vendredi 19h30 GMT &#8211; 20h30 CET<\/li>\n<li>Jackpot minimum: 17 millions d&rsquo;euros<\/li>\n<li>Montant maximum du jackpot: 190 millions d&rsquo;euros<\/li>\n<li>Combinaison de num\u00e9ros possible pour gagner le jackpot: 1 sur 186.450.880<\/li>\n<li>Combinaison de nombres possible pour une victoire de niveau 2: 1 sur 2.118.760<\/li>\n<li>Probabilit\u00e9 de gagner dans n&rsquo;importe quel niveau: 1 sur 12,98<\/li>\n<li>Combien de niveaux de prix: 13<\/li>\n<li>Tirages sp\u00e9ciaux pour Euromillions: trois fois par an, le jackpot est fix\u00e9 \u00e0 140 millions d&rsquo;euros<\/li>\n<\/ul>\n<p>Une fois que le jackpot atteint 190 millions d&rsquo;euros, il est plafonn\u00e9 et de nouvelles augmentations sont ajout\u00e9es aux autres prix. Les organisateurs de la loterie consid\u00e8rent cette taille de jackpot comme suffisamment grande, et c&rsquo;est certainement plus que suffisant pour satisfaire l&rsquo;un de nous. Cependant, ils pensent qu&rsquo;\u00e0 ce stade, ils ont accumul\u00e9 plus qu&rsquo;assez d&rsquo;excitation pour le jackpot et qu&rsquo;ils peuvent maintenant faire la m\u00eame chose avec les autres prix. Mais les prix de niveau inf\u00e9rieur seront beaucoup plus importants une fois le jackpot plafonn\u00e9. Cela signifie qu&rsquo;\u00e0 ce stade, la <a href=\"http:\/\/onlinelotto365.com\"> loterie devient encore plus attractive <\/a>.Apr\u00e8s tout, les chances de gagner un prix de deuxi\u00e8me niveau sont bien meilleures, compar\u00e9es \u00e0 la probabilit\u00e9 de gagner le jackpot.<\/p>\n<p>En outre, Euromillions propose un soi-disant Superdraw trois fois par an. Cela signifie qu&rsquo;ils fixent simplement le jackpot \u00e0 130 millions d&rsquo;euros. Et il peut m\u00eame devenir plus grand que cela si personne ne le gagne.<\/p>\n<h2>Comment v\u00e9rifier les r\u00e9sultats Powerball<\/h2>\n<p>Vous pouvez visiter \u00e0 nouveau notre site Web pour <a href=\"https:\/\/onlinelotto365.com\/fr\/news\/verifiez-le-billet-de-loterie-en-ligne\"> v\u00e9rifier vos billets <\/a>, ou si vous pr\u00e9f\u00e9rez, vous pouvez simplement attendre l&rsquo;e-mail que nous vous envoyons lorsque vous gagnez. En fonction de votre gain, nous vous conseillerons et vous assisterons dans la collecte.<\/p>\n<h2>Vous avez jou\u00e9 \u00e0 Euromillions en ligne et avez gagn\u00e9. Que se passe-t-il ensuite?<\/h2>\n<p>Il y a un total de 13 paiements de prix diff\u00e9rents dans cet \u00e9v\u00e9nement de loto, \u00e0 partir de la correspondance de seulement deux num\u00e9ros sur les 5 principaux, \u00e0 la correspondance des 5 plus les deux num\u00e9ros d&rsquo;\u00e9toiles chanceuses et \u00e0 gagner le montant du jackpot. Outre ses \u00e9normes montants de jackpot, <strong> EuroMillions offre \u00e9galement \u00e0 ses joueurs une plus grande chance de gagner <\/strong> une forme de paiement que vous voyez g\u00e9n\u00e9ralement dans les grandes loteries.<\/p>\n<p>Les dessins ont lieu deux fois par semaine, les mardis et vendredis, \u00e0 21 h 00, heure du Royaume-Uni. Les joueurs choisissent 5 num\u00e9ros de 1 \u00e0 50, ainsi que 2 num\u00e9ros porte-bonheur de 1 \u00e0 11. Nous offrons aux joueurs la possibilit\u00e9 de choisir leurs propres num\u00e9ros ou de laisser leur ordinateur choisir des num\u00e9ros al\u00e9atoires.<\/p>\n<h2>Maintenant que vous \u00eates au courant, vous avez le pouvoir<\/h2>\n<p>Nous ne sommes plus exclus des grandes loteries telles que l&rsquo;EuroMillions uniquement en fonction de l&rsquo;endroit o\u00f9 nous vivons. Nous pouvons maintenant acheter les billets de loterie que nous voulons et personne ne peut nous arr\u00eater. Internet a vraiment ouvert le monde, et maintenant cela s&rsquo;est finalement \u00e9tendu aux loteries. Notre attente est maintenant termin\u00e9e.<\/p>\n<p>Donc, avec tant d&rsquo;excitation de loterie maintenant si facilement disponible, il n&rsquo;y a aucune bonne raison de nous refuser le plaisir qui nous attend.<\/p>\n","protected":false},"excerpt":{"rendered":"<p>L&rsquo;EuroMillions a commenc\u00e9 en 2004 comme un effort de coop\u00e9ration entre les op\u00e9rateurs nationaux de loterie de France, d&rsquo;Espagne et du Royaume-Uni.Il a fallu dix ans pour conclure l&rsquo;accord entre les pays, donc une fois qu&rsquo;il a commenc\u00e9, il \u00e9tait d\u00e9finitivement tr\u00e8s bien organis\u00e9, comme reste le cas. Le plan \u00e9tait d&rsquo;offrir aux joueurs de [&hellip;]<\/p>\n","protected":false},"author":1,"featured_media":0,"parent":5017,"menu_order":3,"comment_status":"closed","ping_status":"closed","template":"euromillions.php","meta":{"_et_pb_use_builder":"","_et_pb_old_content":"","_et_gb_content_width":"","exclude_from_search":false,"footnotes":""},"class_list":["post-10357","page","type-page","status-publish","hentry"],"yoast_head":"<!-- This site is optimized with the Yoast SEO plugin v23.4 - https:\/\/yoast.com\/wordpress\/plugins\/seo\/ -->\n<title>\u00c0 propos d&#039;Euromillions, comment jouer en ligne<\/title>\n<meta name=\"description\" content=\"Jouez au loto EuroMillions, avec un billet en ligne, m\u00eame depuis la France.\" \/>\n<meta name=\"robots\" content=\"index, follow, max-snippet:-1, max-image-preview:large, max-video-preview:-1\" \/>\n<link rel=\"canonical\" href=\"https:\/\/onlinelotto365.com\/fr\/jouer\/euromillions\/\" \/>\n<meta property=\"og:locale\" content=\"fr_FR\" \/>\n<meta property=\"og:type\" content=\"article\" \/>\n<meta property=\"og:title\" content=\"\u00c0 propos d&#039;Euromillions, comment jouer en ligne\" \/>\n<meta property=\"og:description\" content=\"Jouez au loto EuroMillions, avec un billet en ligne, m\u00eame depuis la France.\" \/>\n<meta property=\"og:url\" content=\"https:\/\/onlinelotto365.com\/fr\/jouer\/euromillions\/\" \/>\n<meta property=\"og:site_name\" content=\"OnlineLotto365\" \/>\n<meta property=\"article:modified_time\" content=\"2021-01-02T15:33:28+00:00\" \/>\n<meta property=\"og:image\" content=\"https:\/\/redfoxlotto.com\/image?size=8&amp;lottery=euromillions\" \/>\n<meta name=\"twitter:card\" content=\"summary_large_image\" \/>\n<meta name=\"twitter:label1\" content=\"Dur\u00e9e de lecture estim\u00e9e\" \/>\n\t<meta name=\"twitter:data1\" content=\"6 minutes\" \/>\n<script type=\"application\/ld+json\" class=\"yoast-schema-graph\">{\"@context\":\"https:\/\/schema.org\",\"@graph\":[{\"@type\":\"WebPage\",\"@id\":\"https:\/\/onlinelotto365.com\/fr\/jouer\/euromillions\/\",\"url\":\"https:\/\/onlinelotto365.com\/fr\/jouer\/euromillions\/\",\"name\":\"\u00c0 propos d'Euromillions, comment jouer en ligne\",\"isPartOf\":{\"@id\":\"https:\/\/onlinelotto365.com\/fr\/#website\"},\"primaryImageOfPage\":{\"@id\":\"https:\/\/onlinelotto365.com\/fr\/jouer\/euromillions\/#primaryimage\"},\"image\":{\"@id\":\"https:\/\/onlinelotto365.com\/fr\/jouer\/euromillions\/#primaryimage\"},\"thumbnailUrl\":\"https:\/\/redfoxlotto.com\/image?size=8&amp;lottery=euromillions\",\"datePublished\":\"2020-12-17T09:14:25+00:00\",\"dateModified\":\"2021-01-02T15:33:28+00:00\",\"description\":\"Jouez au loto EuroMillions, avec un billet en ligne, m\u00eame depuis la France.\",\"breadcrumb\":{\"@id\":\"https:\/\/onlinelotto365.com\/fr\/jouer\/euromillions\/#breadcrumb\"},\"inLanguage\":\"fr-FR\",\"potentialAction\":[{\"@type\":\"ReadAction\",\"target\":[\"https:\/\/onlinelotto365.com\/fr\/jouer\/euromillions\/\"]}]},{\"@type\":\"ImageObject\",\"inLanguage\":\"fr-FR\",\"@id\":\"https:\/\/onlinelotto365.com\/fr\/jouer\/euromillions\/#primaryimage\",\"url\":\"https:\/\/redfoxlotto.com\/image?size=8&amp;lottery=euromillions\",\"contentUrl\":\"https:\/\/redfoxlotto.com\/image?size=8&amp;lottery=euromillions\"},{\"@type\":\"BreadcrumbList\",\"@id\":\"https:\/\/onlinelotto365.com\/fr\/jouer\/euromillions\/#breadcrumb\",\"itemListElement\":[{\"@type\":\"ListItem\",\"position\":1,\"name\":\"Home\",\"item\":\"https:\/\/onlinelotto365.com\/fr\/\"},{\"@type\":\"ListItem\",\"position\":2,\"name\":\"Tout ce que vous devez savoir sur vos possibilit\u00e9s de jouer aux meilleures loteries en ligne\",\"item\":\"https:\/\/onlinelotto365.com\/fr\/play\/\"},{\"@type\":\"ListItem\",\"position\":3,\"name\":\"EuroMillions est la plus grande loterie d&#8217;Europe\"}]},{\"@type\":\"WebSite\",\"@id\":\"https:\/\/onlinelotto365.com\/fr\/#website\",\"url\":\"https:\/\/onlinelotto365.com\/fr\/\",\"name\":\"OnlineLotto365\",\"description\":\"\",\"potentialAction\":[{\"@type\":\"SearchAction\",\"target\":{\"@type\":\"EntryPoint\",\"urlTemplate\":\"https:\/\/onlinelotto365.com\/fr\/?s={search_term_string}\"},\"query-input\":{\"@type\":\"PropertyValueSpecification\",\"valueRequired\":true,\"valueName\":\"search_term_string\"}}],\"inLanguage\":\"fr-FR\"}]}<\/script>\n<!-- \/ Yoast SEO plugin. -->","yoast_head_json":{"title":"\u00c0 propos d'Euromillions, comment jouer en ligne","description":"Jouez au loto EuroMillions, avec un billet en ligne, m\u00eame depuis la France.","robots":{"index":"index","follow":"follow","max-snippet":"max-snippet:-1","max-image-preview":"max-image-preview:large","max-video-preview":"max-video-preview:-1"},"canonical":"https:\/\/onlinelotto365.com\/fr\/jouer\/euromillions\/","og_locale":"fr_FR","og_type":"article","og_title":"\u00c0 propos d'Euromillions, comment jouer en ligne","og_description":"Jouez au loto EuroMillions, avec un billet en ligne, m\u00eame depuis la France.","og_url":"https:\/\/onlinelotto365.com\/fr\/jouer\/euromillions\/","og_site_name":"OnlineLotto365","article_modified_time":"2021-01-02T15:33:28+00:00","og_image":[{"url":"https:\/\/redfoxlotto.com\/image?size=8&amp;lottery=euromillions"}],"twitter_card":"summary_large_image","twitter_misc":{"Dur\u00e9e de lecture estim\u00e9e":"6 minutes"},"schema":{"@context":"https:\/\/schema.org","@graph":[{"@type":"WebPage","@id":"https:\/\/onlinelotto365.com\/fr\/jouer\/euromillions\/","url":"https:\/\/onlinelotto365.com\/fr\/jouer\/euromillions\/","name":"\u00c0 propos d'Euromillions, comment jouer en ligne","isPartOf":{"@id":"https:\/\/onlinelotto365.com\/fr\/#website"},"primaryImageOfPage":{"@id":"https:\/\/onlinelotto365.com\/fr\/jouer\/euromillions\/#primaryimage"},"image":{"@id":"https:\/\/onlinelotto365.com\/fr\/jouer\/euromillions\/#primaryimage"},"thumbnailUrl":"https:\/\/redfoxlotto.com\/image?size=8&amp;lottery=euromillions","datePublished":"2020-12-17T09:14:25+00:00","dateModified":"2021-01-02T15:33:28+00:00","description":"Jouez au loto EuroMillions, avec un billet en ligne, m\u00eame depuis la France.","breadcrumb":{"@id":"https:\/\/onlinelotto365.com\/fr\/jouer\/euromillions\/#breadcrumb"},"inLanguage":"fr-FR","potentialAction":[{"@type":"ReadAction","target":["https:\/\/onlinelotto365.com\/fr\/jouer\/euromillions\/"]}]},{"@type":"ImageObject","inLanguage":"fr-FR","@id":"https:\/\/onlinelotto365.com\/fr\/jouer\/euromillions\/#primaryimage","url":"https:\/\/redfoxlotto.com\/image?size=8&amp;lottery=euromillions","contentUrl":"https:\/\/redfoxlotto.com\/image?size=8&amp;lottery=euromillions"},{"@type":"BreadcrumbList","@id":"https:\/\/onlinelotto365.com\/fr\/jouer\/euromillions\/#breadcrumb","itemListElement":[{"@type":"ListItem","position":1,"name":"Home","item":"https:\/\/onlinelotto365.com\/fr\/"},{"@type":"ListItem","position":2,"name":"Tout ce que vous devez savoir sur vos possibilit\u00e9s de jouer aux meilleures loteries en ligne","item":"https:\/\/onlinelotto365.com\/fr\/play\/"},{"@type":"ListItem","position":3,"name":"EuroMillions est la plus grande loterie d&#8217;Europe"}]},{"@type":"WebSite","@id":"https:\/\/onlinelotto365.com\/fr\/#website","url":"https:\/\/onlinelotto365.com\/fr\/","name":"OnlineLotto365","description":"","potentialAction":[{"@type":"SearchAction","target":{"@type":"EntryPoint","urlTemplate":"https:\/\/onlinelotto365.com\/fr\/?s={search_term_string}"},"query-input":{"@type":"PropertyValueSpecification","valueRequired":true,"valueName":"search_term_string"}}],"inLanguage":"fr-FR"}]}},"_links":{"self":[{"href":"https:\/\/onlinelotto365.com\/fr\/wp-json\/wp\/v2\/pages\/10357","targetHints":{"allow":["GET"]}}],"collection":[{"href":"https:\/\/onlinelotto365.com\/fr\/wp-json\/wp\/v2\/pages"}],"about":[{"href":"https:\/\/onlinelotto365.com\/fr\/wp-json\/wp\/v2\/types\/page"}],"author":[{"embeddable":true,"href":"https:\/\/onlinelotto365.com\/fr\/wp-json\/wp\/v2\/users\/1"}],"replies":[{"embeddable":true,"href":"https:\/\/onlinelotto365.com\/fr\/wp-json\/wp\/v2\/comments?post=10357"}],"version-history":[{"count":0,"href":"https:\/\/onlinelotto365.com\/fr\/wp-json\/wp\/v2\/pages\/10357\/revisions"}],"up":[{"embeddable":true,"href":"https:\/\/onlinelotto365.com\/fr\/wp-json\/wp\/v2\/pages\/5017"}],"wp:attachment":[{"href":"https:\/\/onlinelotto365.com\/fr\/wp-json\/wp\/v2\/media?parent=10357"}],"curies":[{"name":"wp","href":"https:\/\/api.w.org\/{rel}","templated":true}]}}