{"id":10359,"date":"2020-12-17T10:15:59","date_gmt":"2020-12-17T09:15:59","guid":{"rendered":"http:\/\/onlinelotto365.net\/?page_id=10359"},"modified":"2021-01-06T11:22:26","modified_gmt":"2021-01-06T10:22:26","slug":"eurojackpot","status":"publish","type":"page","link":"https:\/\/onlinelotto365.com\/fr\/jouer\/eurojackpot\/","title":{"rendered":"Jouez \u00e0 l&rsquo;Eurojackpot avec un billet en ligne"},"content":{"rendered":"<h2>\u00c0 propos d&rsquo;Eurojackpot<\/h2>\n<p>Cette loterie europ\u00e9enne a \u00e9t\u00e9 cr\u00e9\u00e9e gr\u00e2ce \u00e0 la coop\u00e9ration de plusieurs autorit\u00e9s europ\u00e9ennes de loterie. Actuellement, vous pouvez jouer \u00e0 Eurojackpot avec des billets disponibles dans votre magasin de loterie local si vous habitez dans l&rsquo;un des pays participants. Ces pays sont la Croatie, la R\u00e9publique tch\u00e8que, le Danemark, l&rsquo;Estonie, la Finlande, l&rsquo;Allemagne, la Hongrie, l&rsquo;Islande, l&rsquo;Italie, la Lettonie, la Lituanie, la Norv\u00e8ge, la Pologne, la Slovaquie, la Slov\u00e9nie, l&rsquo;Espagne, la Su\u00e8de et les Pays-Bas.<br \/>\n<a href=\"https:\/\/redfoxlotto.com\/fr\/jouer\/eurojackpot\/?ref=a8564250a2&amp;medium=ol365\" target=\"_blank\" rel=\"noopener noreferrer\"> <img decoding=\"async\" class=\"aligncenter\" src=\"https:\/\/redfoxlotto.com\/image?size=8&amp;lottery=eurojackpot\" alt=\"Eurojackpot\" \/> <\/a><\/p>\n<p>Si vous vivez dans un pays qui ne figure pas sur la liste, votre seule option est de jouer \u00e0 Eurojackpot en ligne. Une fois que vous avez d\u00e9couvert cette option, vous verrez qu&rsquo;il existe de nombreuses autres options. Notre site Web vous permet non seulement de jouer facilement \u00e0 Eurojackpot en ligne depuis la France. Nous vous donnons \u00e9galement acc\u00e8s \u00e0 d&rsquo;autres <a href=\"http:\/\/onlinelotto365.com\/fr\"> loteries de classe mondiale avec d&rsquo;\u00e9normes jackpots <\/a>.<\/p>\n<ul>\n<li>Pays: divers. Pays europ\u00e9ens, voir ci-dessus<\/li>\n<li>Plage de num\u00e9ros principaux: 50<\/li>\n<li>Vous devez s\u00e9lectionner: 5<\/li>\n<li>Plage de num\u00e9ros suppl\u00e9mentaires: 10<\/li>\n<li>Vous devez s\u00e9lectionner: 2<\/li>\n<li>Jours et heures des tirages: vendredi,,, 21h00 CET &#8211; 21h00 CET<\/li>\n<li>Le jackpot commence \u00e0: 10 millions d&rsquo;euros<\/li>\n<li>Le jackpot est plafonn\u00e9 \u00e0: 90 millions d&rsquo;euros<\/li>\n<li>Chance de gagner le jackpot: 1 sur 135600640<\/li>\n<li>Chances de gagner le deuxi\u00e8me prix: 1 sur 2118760<\/li>\n<li>Chances de gagner un prix: 1 sur 26,39<\/li>\n<li>Nombre de cat\u00e9gories de prix: 12<\/li>\n<\/ul>\n<h2>Meilleures fonctionnalit\u00e9s d&rsquo;Eurojackpot<\/h2>\n<p>Au d\u00e9but, vous remarquerez que le jackpot commence toujours par un montant d&rsquo;au moins 10 millions d&rsquo;euros. Mais vous devez \u00e9galement noter que le deuxi\u00e8me niveau de prix est \u00e9galement assez attrayant et a de bien meilleures chances. Pour gagner le deuxi\u00e8me prix, vous devez avoir correctement les 5 num\u00e9ros principaux, plus l&rsquo;un des deux num\u00e9ros suppl\u00e9mentaires. Les chances que cela se produise sont d&rsquo;environ 1 sur 2 millions, et gagner ce prix vous rapporte g\u00e9n\u00e9ralement entre 100 000 \u20ac et 500 000 \u20ac. C&rsquo;est certainement une raison suffisante pour jouer \u00e0 l&rsquo;Eurojackpot en ligne depuis la France.<\/p>\n<p>Mais la principale raison pour laquelle vous devriez toujours garder un \u0153il sur Eurojackpot est ce qui se passera si le jackpot atteint 90 millions d&rsquo;euros, ce qui se produit g\u00e9n\u00e9ralement plusieurs fois par an. D\u00e8s que le jackpot a d\u00e9pass\u00e9 le seuil des 40 millions d&rsquo;euros, il a tendance \u00e0 cro\u00eetre assez rapidement, car plus de gens jouent \u00e0 Eurojackpot et plus de billets sont vendus. Alors que se passera-t-il lorsqu&rsquo;il atteindra son plafond de 90 millions d&rsquo;euros?<\/p>\n<p>\u00c0 ce stade, tout l&rsquo;argent suppl\u00e9mentaire d\u00e9pens\u00e9 par les joueurs n&rsquo;augmentera pas le jackpot. Au lieu de cela, ces fonds d\u00e9borderont dans la deuxi\u00e8me cat\u00e9gorie de prix. Ainsi, avec le prochain tirage au sort, vous pouvez non seulement jouer \u00e0 Eurojackpot en ligne pour un jackpot de 90 millions d&rsquo;euros, mais vous pouvez \u00e9galement vous attendre \u00e0 un gain beaucoup plus important si vous gagnez au deuxi\u00e8me niveau. Et tant que le jackpot de 90 millions d&rsquo;euros n&rsquo;a pas \u00e9t\u00e9 d\u00e9croch\u00e9, le prix de deuxi\u00e8me niveau a peut-\u00eatre \u00e9t\u00e9 gagn\u00e9, mais de l&rsquo;argent frais sera ajout\u00e9 \u00e0 chaque tirage.<\/p>\n<h2>Comment v\u00e9rifier les r\u00e9sultats de l&rsquo;Eurojackpot<\/h2>\n<p><a href=\"https:\/\/onlinelotto365.com\/fr\/numeros-gagnants\/euromillions\"> V\u00e9rifiez les r\u00e9sultats <\/a> sur l&rsquo;un des sites Web officiels de loterie d&rsquo;un pays participant ou, plus facilement, visitez notre site Web o\u00f9 vous pouvez retrouvez les derniers r\u00e9sultats des loteries les plus spectaculaires du monde. Et, bien s\u00fbr, en plus de pouvoir jouer \u00e0 l&rsquo;Eurojackpot en ligne depuis la France, vous avez \u00e9galement la possibilit\u00e9 de s\u00e9lectionner simplement la loterie qui a actuellement le jackpot le plus \u00e9lev\u00e9 et de jouer \u00e0 cette loterie en ligne.<\/p>\n<h2>Vous avez jou\u00e9 \u00e0 Eurojackpot en ligne et avez gagn\u00e9 &#8211; que se passe-t-il ensuite?<\/h2>\n<p>Apr\u00e8s avoir d\u00e9couvert que vous avez gagn\u00e9 quelque chose \u00e0 Eurojackpot, vous recevrez \u00e9galement une notification par e-mail de notre part. Nous informerons toujours nos gagnants, il n&rsquo;y a donc aucune chance que vous manquiez une victoire. Et avec tous les gains plus petits (inf\u00e9rieurs ou \u00e9gaux \u00e0 2500 \u20ac), vous trouverez l&rsquo;argent que vous avez d\u00e9j\u00e0 gagn\u00e9 sur votre compte joueur. Les fonds seront \u00e0 votre disposition pour retrait peu de temps apr\u00e8s le tirage. Bien s\u00fbr, vous pouvez \u00e9galement choisir de ne pas retirer, ou de demander le paiement d&rsquo;une partie du montant de votre solde. Quel que soit votre solde, vous pourrez ensuite jouer au loto en ligne et <a href=\"https:\/\/onlinelotto365.com\/fr\/acheter-ticquets\"> acheter de nouveaux billets <\/a>.<\/p>\n","protected":false},"excerpt":{"rendered":"<p>\u00c0 propos d&rsquo;Eurojackpot Cette loterie europ\u00e9enne a \u00e9t\u00e9 cr\u00e9\u00e9e gr\u00e2ce \u00e0 la coop\u00e9ration de plusieurs autorit\u00e9s europ\u00e9ennes de loterie. Actuellement, vous pouvez jouer \u00e0 Eurojackpot avec des billets disponibles dans votre magasin de loterie local si vous habitez dans l&rsquo;un des pays participants. Ces pays sont la Croatie, la R\u00e9publique tch\u00e8que, le Danemark, l&rsquo;Estonie, la [&hellip;]<\/p>\n","protected":false},"author":1,"featured_media":0,"parent":5017,"menu_order":4,"comment_status":"closed","ping_status":"closed","template":"eurojackpot.php","meta":{"_et_pb_use_builder":"","_et_pb_old_content":"","_et_gb_content_width":"","exclude_from_search":false,"footnotes":""},"class_list":["post-10359","page","type-page","status-publish","hentry"],"yoast_head":"<!-- This site is optimized with the Yoast SEO plugin v23.4 - https:\/\/yoast.com\/wordpress\/plugins\/seo\/ -->\n<title>Eurojackpot pour les r\u00e9sidents de France | Jouez \u00e0 Eurojackpot en ligne ici<\/title>\n<meta name=\"description\" content=\"La fa\u00e7on l\u00e9gale et facile de jouer \u00e0 l&#039;Eurojackpot en ligne et depuis la France\" \/>\n<meta name=\"robots\" content=\"index, follow, max-snippet:-1, max-image-preview:large, max-video-preview:-1\" \/>\n<link rel=\"canonical\" href=\"https:\/\/onlinelotto365.com\/fr\/jouer\/eurojackpot\/\" \/>\n<meta property=\"og:locale\" content=\"fr_FR\" \/>\n<meta property=\"og:type\" content=\"article\" \/>\n<meta property=\"og:title\" content=\"Eurojackpot pour les r\u00e9sidents de France | Jouez \u00e0 Eurojackpot en ligne ici\" \/>\n<meta property=\"og:description\" content=\"La fa\u00e7on l\u00e9gale et facile de jouer \u00e0 l&#039;Eurojackpot en ligne et depuis la France\" \/>\n<meta property=\"og:url\" content=\"https:\/\/onlinelotto365.com\/fr\/jouer\/eurojackpot\/\" \/>\n<meta property=\"og:site_name\" content=\"OnlineLotto365\" \/>\n<meta property=\"article:modified_time\" content=\"2021-01-06T10:22:26+00:00\" \/>\n<meta property=\"og:image\" content=\"https:\/\/redfoxlotto.com\/image?size=8&amp;lottery=eurojackpot\" \/>\n<meta name=\"twitter:card\" content=\"summary_large_image\" \/>\n<meta name=\"twitter:label1\" content=\"Dur\u00e9e de lecture estim\u00e9e\" \/>\n\t<meta name=\"twitter:data1\" content=\"4 minutes\" \/>\n<script type=\"application\/ld+json\" class=\"yoast-schema-graph\">{\"@context\":\"https:\/\/schema.org\",\"@graph\":[{\"@type\":\"WebPage\",\"@id\":\"https:\/\/onlinelotto365.com\/fr\/jouer\/eurojackpot\/\",\"url\":\"https:\/\/onlinelotto365.com\/fr\/jouer\/eurojackpot\/\",\"name\":\"Eurojackpot pour les r\u00e9sidents de France | Jouez \u00e0 Eurojackpot en ligne ici\",\"isPartOf\":{\"@id\":\"https:\/\/onlinelotto365.com\/fr\/#website\"},\"primaryImageOfPage\":{\"@id\":\"https:\/\/onlinelotto365.com\/fr\/jouer\/eurojackpot\/#primaryimage\"},\"image\":{\"@id\":\"https:\/\/onlinelotto365.com\/fr\/jouer\/eurojackpot\/#primaryimage\"},\"thumbnailUrl\":\"https:\/\/redfoxlotto.com\/image?size=8&amp;lottery=eurojackpot\",\"datePublished\":\"2020-12-17T09:15:59+00:00\",\"dateModified\":\"2021-01-06T10:22:26+00:00\",\"description\":\"La fa\u00e7on l\u00e9gale et facile de jouer \u00e0 l'Eurojackpot en ligne et depuis la France\",\"breadcrumb\":{\"@id\":\"https:\/\/onlinelotto365.com\/fr\/jouer\/eurojackpot\/#breadcrumb\"},\"inLanguage\":\"fr-FR\",\"potentialAction\":[{\"@type\":\"ReadAction\",\"target\":[\"https:\/\/onlinelotto365.com\/fr\/jouer\/eurojackpot\/\"]}]},{\"@type\":\"ImageObject\",\"inLanguage\":\"fr-FR\",\"@id\":\"https:\/\/onlinelotto365.com\/fr\/jouer\/eurojackpot\/#primaryimage\",\"url\":\"https:\/\/redfoxlotto.com\/image?size=8&amp;lottery=eurojackpot\",\"contentUrl\":\"https:\/\/redfoxlotto.com\/image?size=8&amp;lottery=eurojackpot\"},{\"@type\":\"BreadcrumbList\",\"@id\":\"https:\/\/onlinelotto365.com\/fr\/jouer\/eurojackpot\/#breadcrumb\",\"itemListElement\":[{\"@type\":\"ListItem\",\"position\":1,\"name\":\"Home\",\"item\":\"https:\/\/onlinelotto365.com\/fr\/\"},{\"@type\":\"ListItem\",\"position\":2,\"name\":\"Tout ce que vous devez savoir sur vos possibilit\u00e9s de jouer aux meilleures loteries en ligne\",\"item\":\"https:\/\/onlinelotto365.com\/fr\/play\/\"},{\"@type\":\"ListItem\",\"position\":3,\"name\":\"Jouez \u00e0 l&rsquo;Eurojackpot avec un billet en ligne\"}]},{\"@type\":\"WebSite\",\"@id\":\"https:\/\/onlinelotto365.com\/fr\/#website\",\"url\":\"https:\/\/onlinelotto365.com\/fr\/\",\"name\":\"OnlineLotto365\",\"description\":\"\",\"potentialAction\":[{\"@type\":\"SearchAction\",\"target\":{\"@type\":\"EntryPoint\",\"urlTemplate\":\"https:\/\/onlinelotto365.com\/fr\/?s={search_term_string}\"},\"query-input\":{\"@type\":\"PropertyValueSpecification\",\"valueRequired\":true,\"valueName\":\"search_term_string\"}}],\"inLanguage\":\"fr-FR\"}]}<\/script>\n<!-- \/ Yoast SEO plugin. -->","yoast_head_json":{"title":"Eurojackpot pour les r\u00e9sidents de France | Jouez \u00e0 Eurojackpot en ligne ici","description":"La fa\u00e7on l\u00e9gale et facile de jouer \u00e0 l'Eurojackpot en ligne et depuis la France","robots":{"index":"index","follow":"follow","max-snippet":"max-snippet:-1","max-image-preview":"max-image-preview:large","max-video-preview":"max-video-preview:-1"},"canonical":"https:\/\/onlinelotto365.com\/fr\/jouer\/eurojackpot\/","og_locale":"fr_FR","og_type":"article","og_title":"Eurojackpot pour les r\u00e9sidents de France | Jouez \u00e0 Eurojackpot en ligne ici","og_description":"La fa\u00e7on l\u00e9gale et facile de jouer \u00e0 l'Eurojackpot en ligne et depuis la France","og_url":"https:\/\/onlinelotto365.com\/fr\/jouer\/eurojackpot\/","og_site_name":"OnlineLotto365","article_modified_time":"2021-01-06T10:22:26+00:00","og_image":[{"url":"https:\/\/redfoxlotto.com\/image?size=8&amp;lottery=eurojackpot"}],"twitter_card":"summary_large_image","twitter_misc":{"Dur\u00e9e de lecture estim\u00e9e":"4 minutes"},"schema":{"@context":"https:\/\/schema.org","@graph":[{"@type":"WebPage","@id":"https:\/\/onlinelotto365.com\/fr\/jouer\/eurojackpot\/","url":"https:\/\/onlinelotto365.com\/fr\/jouer\/eurojackpot\/","name":"Eurojackpot pour les r\u00e9sidents de France | Jouez \u00e0 Eurojackpot en ligne ici","isPartOf":{"@id":"https:\/\/onlinelotto365.com\/fr\/#website"},"primaryImageOfPage":{"@id":"https:\/\/onlinelotto365.com\/fr\/jouer\/eurojackpot\/#primaryimage"},"image":{"@id":"https:\/\/onlinelotto365.com\/fr\/jouer\/eurojackpot\/#primaryimage"},"thumbnailUrl":"https:\/\/redfoxlotto.com\/image?size=8&amp;lottery=eurojackpot","datePublished":"2020-12-17T09:15:59+00:00","dateModified":"2021-01-06T10:22:26+00:00","description":"La fa\u00e7on l\u00e9gale et facile de jouer \u00e0 l'Eurojackpot en ligne et depuis la France","breadcrumb":{"@id":"https:\/\/onlinelotto365.com\/fr\/jouer\/eurojackpot\/#breadcrumb"},"inLanguage":"fr-FR","potentialAction":[{"@type":"ReadAction","target":["https:\/\/onlinelotto365.com\/fr\/jouer\/eurojackpot\/"]}]},{"@type":"ImageObject","inLanguage":"fr-FR","@id":"https:\/\/onlinelotto365.com\/fr\/jouer\/eurojackpot\/#primaryimage","url":"https:\/\/redfoxlotto.com\/image?size=8&amp;lottery=eurojackpot","contentUrl":"https:\/\/redfoxlotto.com\/image?size=8&amp;lottery=eurojackpot"},{"@type":"BreadcrumbList","@id":"https:\/\/onlinelotto365.com\/fr\/jouer\/eurojackpot\/#breadcrumb","itemListElement":[{"@type":"ListItem","position":1,"name":"Home","item":"https:\/\/onlinelotto365.com\/fr\/"},{"@type":"ListItem","position":2,"name":"Tout ce que vous devez savoir sur vos possibilit\u00e9s de jouer aux meilleures loteries en ligne","item":"https:\/\/onlinelotto365.com\/fr\/play\/"},{"@type":"ListItem","position":3,"name":"Jouez \u00e0 l&rsquo;Eurojackpot avec un billet en ligne"}]},{"@type":"WebSite","@id":"https:\/\/onlinelotto365.com\/fr\/#website","url":"https:\/\/onlinelotto365.com\/fr\/","name":"OnlineLotto365","description":"","potentialAction":[{"@type":"SearchAction","target":{"@type":"EntryPoint","urlTemplate":"https:\/\/onlinelotto365.com\/fr\/?s={search_term_string}"},"query-input":{"@type":"PropertyValueSpecification","valueRequired":true,"valueName":"search_term_string"}}],"inLanguage":"fr-FR"}]}},"_links":{"self":[{"href":"https:\/\/onlinelotto365.com\/fr\/wp-json\/wp\/v2\/pages\/10359","targetHints":{"allow":["GET"]}}],"collection":[{"href":"https:\/\/onlinelotto365.com\/fr\/wp-json\/wp\/v2\/pages"}],"about":[{"href":"https:\/\/onlinelotto365.com\/fr\/wp-json\/wp\/v2\/types\/page"}],"author":[{"embeddable":true,"href":"https:\/\/onlinelotto365.com\/fr\/wp-json\/wp\/v2\/users\/1"}],"replies":[{"embeddable":true,"href":"https:\/\/onlinelotto365.com\/fr\/wp-json\/wp\/v2\/comments?post=10359"}],"version-history":[{"count":0,"href":"https:\/\/onlinelotto365.com\/fr\/wp-json\/wp\/v2\/pages\/10359\/revisions"}],"up":[{"embeddable":true,"href":"https:\/\/onlinelotto365.com\/fr\/wp-json\/wp\/v2\/pages\/5017"}],"wp:attachment":[{"href":"https:\/\/onlinelotto365.com\/fr\/wp-json\/wp\/v2\/media?parent=10359"}],"curies":[{"name":"wp","href":"https:\/\/api.w.org\/{rel}","templated":true}]}}