{"id":10365,"date":"2020-12-17T10:40:28","date_gmt":"2020-12-17T09:40:28","guid":{"rendered":"http:\/\/onlinelotto365.net\/?page_id=10365"},"modified":"2020-12-29T20:34:42","modified_gmt":"2020-12-29T19:34:42","slug":"el-gordo","status":"publish","type":"page","link":"https:\/\/onlinelotto365.com\/fr\/jouer\/el-gordo\/","title":{"rendered":"Comment les r\u00e9sidents fran\u00e7ais peuvent-ils participer \u00e0 El Gordo ?"},"content":{"rendered":"<p>Si vous habitez en Espagne, je n&rsquo;ai pas besoin de vous dire \u00e0 quel point le El Gordo Lotto est passionnant. Cependant, la plupart des joueurs de loterie n&rsquo;y vivent pas et la plupart n&rsquo;ont jamais entendu parler de la <strong> plus grande loterie d&rsquo;Espagne <\/strong>. Jusqu&rsquo;\u00e0 r\u00e9cemment, cela n&rsquo;avait pas d&rsquo;importance du tout car vous ne pouviez pas y jouer de toute fa\u00e7on, car l&rsquo;Espagne \u00e9tait le seul endroit o\u00f9 vous pouviez acheter des billets.<\/p>\n<p>Gr\u00e2ce \u00e0 la magie d&rsquo;Internet, plus de 150 000 joueurs de plus de 140 pays, dont la France, peuvent profiter de <strong> jouer \u00e0 El Gordo en ligne <\/strong>. Tout ce que vous avez \u00e0 faire pour acheter des billets maintenant, c&rsquo;est de savoir o\u00f9 les acheter en ligne. C&rsquo;est l\u00e0 que nous sommes l\u00e0 pour vous aider.<\/p>\n<p>Notre nouveau service formidable vous permet non seulement d&rsquo;acheter des billets pour l&rsquo;El Gordo Lotto en ligne, mais vous pouvez \u00e9galement acheter des billets en ligne pour toutes les autres plus grandes loteries du monde. Nous rendons tout cela incroyablement facile pour vous, et en quelques minutes, vous pouvez r\u00e9cup\u00e9rer autant de billets que vous le souhaitez pour le prochain tirage, en plus de tout autre gros billet de loterie que vous souhaitez.<\/p>\n<p>Ainsi, gr\u00e2ce \u00e0 notre service en ligne, l &lsquo;<strong> excitation de jouer \u00e0 la loterie <\/strong> a pris des proportions \u00e9piques. Prenez combien vous appr\u00e9ciez la loterie maintenant et multipliez cela par dix ou vingt fois, et imaginez \u00e0 quoi cela ressemblerait. Ensuite, cr\u00e9ez simplement un compte ici et pr\u00e9parez-vous \u00e0 tout faire.<\/p>\n<p><a href=\"https:\/\/redfoxlotto.com\/fr\/jouer\/el-gordo-primitiva\/?ref=a8564250a2&amp;medium=ol365\" target=\"_blank\" rel=\"noopener noreferrer\"> <img decoding=\"async\" class=\"aligncenter\" src=\"https:\/\/redfoxlotto.com\/image?size=8&amp;lottery=el-gordo-primitiva\" alt=\"el gordo la primitiva\" \/> <\/a><\/p>\n<h2>El Gordo signifie le grand<\/h2>\n<p>Les jackpots d&rsquo;El Gordo sont tous \u00e9normes, ce que tous les joueurs de loterie adorent. Il est r\u00e9volu le temps o\u00f9 vous deviez attendre un bon bout de temps, en esp\u00e9rant que le jackpot de votre loterie pr\u00e9f\u00e9r\u00e9e augmenterait et augmenterait jusqu&rsquo;\u00e0 ce qu&rsquo;il devienne finalement assez \u00e9norme pour que les gens tombent sur eux-m\u00eames <a href=\"https:\/\/onlinelotto365.com\/fr\/acheter-ticquets\"> acheter des billets <\/a>. Maintenant, il existe de nombreuses loteries \u00e0 travers le monde qui commencent avec d&rsquo;\u00e9normes jackpots et deviennent de plus en plus \u00e9normes. Cette loterie en fait certainement partie. A titre d&rsquo;exemple, au moment d&rsquo;\u00e9crire ces lignes, le jackpot actuel est de 23 millions d&rsquo;euros.<\/p>\n<p>De plus, si vous aimez les gros jackpots comme celui-ci, comme je suis s\u00fbr que nous le faisons tous, il y a beaucoup plus pour vous d&rsquo;o\u00f9 cela vient, avec certains m\u00eame <a href=\"https:\/\/onlinelotto365.com\/fr\/news\/les-meilleures-loteries-du-monde\"> jackpots beaucoup plus importants <\/a>. Cependant, il ne s\u2019agit pas de jouer \u00e0 une seule, vous voudrez <strong> jouer au moins \u00e0 plusieurs de ces loteries <\/strong>, et El Gordo en vaut certainement la peine.<\/p>\n<h2>\u00c0 propos d&rsquo;El Gordo<\/h2>\n<ul>\n<li>Pays: Espagne<\/li>\n<li><span style=\"font-size: 16px;\"> Plage de num\u00e9ros principaux: 54 <\/span><\/li>\n<li>Vous choisissez: 5<\/li>\n<li>Plage de num\u00e9ros suppl\u00e9mentaires: aucune<\/li>\n<li>Vous choisissez: aucun<\/li>\n<li>Jours et horaires des tirages: dimanche, 21h30 CET, 21h30 CET<\/li>\n<li>Jackpot minimum: 4 millions d&rsquo;euros<\/li>\n<li>Jackpot plafonn\u00e9 au maximum: pas de maximum<\/li>\n<li>Probabilit\u00e9 de gagner le jackpot: 1 sur 31.625.100<\/li>\n<li>Probabilit\u00e9 d&rsquo;une victoire de niveau 2: 1 sur 3.513.900<\/li>\n<li>Probabilit\u00e9 de gagner dans n&rsquo;importe quel palier: 1 sur 6,16<\/li>\n<li>\u00c9v\u00e9nements sp\u00e9ciaux pour El Gordo: sp\u00e9cial de No\u00ebl<\/li>\n<\/ul>\n<p>Comme beaucoup de grandes loteries, le dessin comporte deux parties. La premi\u00e8re consiste \u00e0 choisir 5 num\u00e9ros parmi 54 num\u00e9ros. Si vous faites cela, un tr\u00e8s gros prix vous attend d\u00e9j\u00e0. Ensuite, si vous correspondez tous les deux \u00e0 vos 5 num\u00e9ros et \u00e0 votre num\u00e9ro de cl\u00e9 entre 1 et 9, vous l&rsquo;avez fait et vous avez touch\u00e9 le gros jackpot.<\/p>\n<p>Il y a un total de 9 cat\u00e9gories de prix diff\u00e9rentes avec El Gordo, en commen\u00e7ant par simplement faire correspondre le nombre critique entre 1 et 9, jusqu&rsquo;au plus grand. Donc, m\u00eame si nous voulons tous vraiment gagner les jackpots, c&rsquo;est certainement agr\u00e9able de gagner un prix de n&rsquo;importe quel montant, et la loterie la plus populaire d&rsquo;Espagne vous donne une chance encore plus grande de r\u00e9ussir que d&rsquo;autres loteries.<\/p>\n<p>De plus, contrairement \u00e0 certains pays, <a href=\"https:\/\/onlinelotto365.com\/fr\/news\/quels-pays-et-loteries-facturent-des-taxes-sur-les-gains\"> <strong> les gains de loterie en Espagne sont imposables. gratuit <\/strong> <\/a>. Il se peut que vous deviez ou non d\u00e9clarer vos gains au gouvernement, selon l&rsquo;endroit o\u00f9 vous vivez, mais certains endroits retiennent les imp\u00f4ts avec les gains de loterie m\u00eame si les gains de loterie peuvent \u00eatre exon\u00e9r\u00e9s d&rsquo;imp\u00f4t dans votre pays. Bien que vous puissiez r\u00e9cup\u00e9rer cet argent, c&rsquo;est un inconv\u00e9nient que vous n&rsquo;avez pas \u00e0 vous en soucier avec El Gordo.<\/p>\n<p>Cependant, m\u00eame dans les pays qui le font, chaque fois que vous remportez le jackpot, l&rsquo;argent que vous obtenez d&rsquo;avance avec ou sans retenue d&rsquo;imp\u00f4t vous durera certainement longtemps de toute fa\u00e7on, donc cela ne devrait pas vraiment vous inqui\u00e9ter. Vous ne devriez pas non plus avoir \u00e0 faire un voyage en Espagne pour r\u00e9cup\u00e9rer vos millions. Vous ferez probablement beaucoup plus de voyages que cela et vous pourriez aussi bien commencer votre carri\u00e8re en tant que jet setter.h ce voyage.<\/p>\n<h2>Pourquoi manquer El Gordo puisque vous n\u2019\u00eates pas oblig\u00e9 de le faire maintenant?<\/h2>\n<p>Pendant des ann\u00e9es, vous avez une bonne excuse pour ne pas jouer au El Gordo Lotto parce que vous habitez en France et non en Espagne. Ce n&rsquo;est heureusement plus le cas. Qui sait combien d&rsquo;argent vous auriez pu gagner si vous aviez jou\u00e9 \u00e0 ceci et \u00e0 toutes les autres plus grandes loteries du monde depuis le d\u00e9but?<\/p>\n<p>Eh bien, vous ne devez plus vous interroger \u00e0 ce sujet, car nous apportons maintenant El Gordo directement chez vous, l\u00e0 o\u00f9 vous \u00eates assis en ce moment. Je sais que vous <strong> adorez jouer \u00e0 la loterie <\/strong> ou que vous ne liriez pas ceci. Pourquoi ne pas vous offrir un billet de loterie El Gordo d\u00e8s maintenant? Pendant que vous y \u00eates, pourquoi ne v\u00e9rifiez-vous pas tout ce que nous avons \u00e0 vous offrir?<\/p>\n<h2>Comment v\u00e9rifier les r\u00e9sultats d&rsquo;El Gordo<\/h2>\n<p>Vous pouvez revenir ici pour <a href=\"https:\/\/onlinelotto365.com\/fr\/numeros-gagnants\/el-gordo\"> v\u00e9rifier les num\u00e9ros gagnants <\/a> et les comparer \u00e0 vos billets El Gordo. Nous vous montrerons les derniers num\u00e9ros gagnants c\u00f4te \u00e0 c\u00f4te avec les num\u00e9ros de votre propre billet. Bien s\u00fbr, vous pouvez \u00e9galement voir combien vous avez gagn\u00e9 si vous l&rsquo;avez fait.<\/p>\n<p>Obtenir vos gains sur votre compte fait \u00e9galement partie de notre service. La fa\u00e7on dont vous \u00eates pay\u00e9 d\u00e9pend du montant que vous avez gagn\u00e9. Nous ne retirons aucun argent de vos gains pour ce service.<\/p>\n","protected":false},"excerpt":{"rendered":"<p>Si vous habitez en Espagne, je n&rsquo;ai pas besoin de vous dire \u00e0 quel point le El Gordo Lotto est passionnant. Cependant, la plupart des joueurs de loterie n&rsquo;y vivent pas et la plupart n&rsquo;ont jamais entendu parler de la plus grande loterie d&rsquo;Espagne . Jusqu&rsquo;\u00e0 r\u00e9cemment, cela n&rsquo;avait pas d&rsquo;importance du tout car vous [&hellip;]<\/p>\n","protected":false},"author":1,"featured_media":0,"parent":5017,"menu_order":6,"comment_status":"closed","ping_status":"closed","template":"el-gordo.php","meta":{"_et_pb_use_builder":"","_et_pb_old_content":"","_et_gb_content_width":"","exclude_from_search":false,"footnotes":""},"class_list":["post-10365","page","type-page","status-publish","hentry"],"yoast_head":"<!-- This site is optimized with the Yoast SEO plugin v23.4 - https:\/\/yoast.com\/wordpress\/plugins\/seo\/ -->\n<title>Jouer \u00e0 El Gordo en ligne depuis la France | Puis-je participer \u00e0 El Gordo si je vis en France<\/title>\n<meta name=\"description\" content=\"Jouez au loto El Gordo ici - la plus grande loterie d&#039;Espagne, disponible en ligne depuis la France\" \/>\n<meta name=\"robots\" content=\"index, follow, max-snippet:-1, max-image-preview:large, max-video-preview:-1\" \/>\n<link rel=\"canonical\" href=\"https:\/\/onlinelotto365.com\/fr\/jouer\/el-gordo\/\" \/>\n<meta property=\"og:locale\" content=\"fr_FR\" \/>\n<meta property=\"og:type\" content=\"article\" \/>\n<meta property=\"og:title\" content=\"Jouer \u00e0 El Gordo en ligne depuis la France | Puis-je participer \u00e0 El Gordo si je vis en France\" \/>\n<meta property=\"og:description\" content=\"Jouez au loto El Gordo ici - la plus grande loterie d&#039;Espagne, disponible en ligne depuis la France\" \/>\n<meta property=\"og:url\" content=\"https:\/\/onlinelotto365.com\/fr\/jouer\/el-gordo\/\" \/>\n<meta property=\"og:site_name\" content=\"OnlineLotto365\" \/>\n<meta property=\"article:modified_time\" content=\"2020-12-29T19:34:42+00:00\" \/>\n<meta property=\"og:image\" content=\"https:\/\/redfoxlotto.com\/image?size=8&amp;lottery=el-gordo-primitiva\" \/>\n<meta name=\"twitter:card\" content=\"summary_large_image\" \/>\n<meta name=\"twitter:label1\" content=\"Dur\u00e9e de lecture estim\u00e9e\" \/>\n\t<meta name=\"twitter:data1\" content=\"5 minutes\" \/>\n<script type=\"application\/ld+json\" class=\"yoast-schema-graph\">{\"@context\":\"https:\/\/schema.org\",\"@graph\":[{\"@type\":\"WebPage\",\"@id\":\"https:\/\/onlinelotto365.com\/fr\/jouer\/el-gordo\/\",\"url\":\"https:\/\/onlinelotto365.com\/fr\/jouer\/el-gordo\/\",\"name\":\"Jouer \u00e0 El Gordo en ligne depuis la France | Puis-je participer \u00e0 El Gordo si je vis en France\",\"isPartOf\":{\"@id\":\"https:\/\/onlinelotto365.com\/fr\/#website\"},\"primaryImageOfPage\":{\"@id\":\"https:\/\/onlinelotto365.com\/fr\/jouer\/el-gordo\/#primaryimage\"},\"image\":{\"@id\":\"https:\/\/onlinelotto365.com\/fr\/jouer\/el-gordo\/#primaryimage\"},\"thumbnailUrl\":\"https:\/\/redfoxlotto.com\/image?size=8&amp;lottery=el-gordo-primitiva\",\"datePublished\":\"2020-12-17T09:40:28+00:00\",\"dateModified\":\"2020-12-29T19:34:42+00:00\",\"description\":\"Jouez au loto El Gordo ici - la plus grande loterie d'Espagne, disponible en ligne depuis la France\",\"breadcrumb\":{\"@id\":\"https:\/\/onlinelotto365.com\/fr\/jouer\/el-gordo\/#breadcrumb\"},\"inLanguage\":\"fr-FR\",\"potentialAction\":[{\"@type\":\"ReadAction\",\"target\":[\"https:\/\/onlinelotto365.com\/fr\/jouer\/el-gordo\/\"]}]},{\"@type\":\"ImageObject\",\"inLanguage\":\"fr-FR\",\"@id\":\"https:\/\/onlinelotto365.com\/fr\/jouer\/el-gordo\/#primaryimage\",\"url\":\"https:\/\/redfoxlotto.com\/image?size=8&amp;lottery=el-gordo-primitiva\",\"contentUrl\":\"https:\/\/redfoxlotto.com\/image?size=8&amp;lottery=el-gordo-primitiva\"},{\"@type\":\"BreadcrumbList\",\"@id\":\"https:\/\/onlinelotto365.com\/fr\/jouer\/el-gordo\/#breadcrumb\",\"itemListElement\":[{\"@type\":\"ListItem\",\"position\":1,\"name\":\"Home\",\"item\":\"https:\/\/onlinelotto365.com\/fr\/\"},{\"@type\":\"ListItem\",\"position\":2,\"name\":\"Tout ce que vous devez savoir sur vos possibilit\u00e9s de jouer aux meilleures loteries en ligne\",\"item\":\"https:\/\/onlinelotto365.com\/fr\/play\/\"},{\"@type\":\"ListItem\",\"position\":3,\"name\":\"Comment les r\u00e9sidents fran\u00e7ais peuvent-ils participer \u00e0 El Gordo ?\"}]},{\"@type\":\"WebSite\",\"@id\":\"https:\/\/onlinelotto365.com\/fr\/#website\",\"url\":\"https:\/\/onlinelotto365.com\/fr\/\",\"name\":\"OnlineLotto365\",\"description\":\"\",\"potentialAction\":[{\"@type\":\"SearchAction\",\"target\":{\"@type\":\"EntryPoint\",\"urlTemplate\":\"https:\/\/onlinelotto365.com\/fr\/?s={search_term_string}\"},\"query-input\":{\"@type\":\"PropertyValueSpecification\",\"valueRequired\":true,\"valueName\":\"search_term_string\"}}],\"inLanguage\":\"fr-FR\"}]}<\/script>\n<!-- \/ Yoast SEO plugin. -->","yoast_head_json":{"title":"Jouer \u00e0 El Gordo en ligne depuis la France | Puis-je participer \u00e0 El Gordo si je vis en France","description":"Jouez au loto El Gordo ici - la plus grande loterie d'Espagne, disponible en ligne depuis la France","robots":{"index":"index","follow":"follow","max-snippet":"max-snippet:-1","max-image-preview":"max-image-preview:large","max-video-preview":"max-video-preview:-1"},"canonical":"https:\/\/onlinelotto365.com\/fr\/jouer\/el-gordo\/","og_locale":"fr_FR","og_type":"article","og_title":"Jouer \u00e0 El Gordo en ligne depuis la France | Puis-je participer \u00e0 El Gordo si je vis en France","og_description":"Jouez au loto El Gordo ici - la plus grande loterie d'Espagne, disponible en ligne depuis la France","og_url":"https:\/\/onlinelotto365.com\/fr\/jouer\/el-gordo\/","og_site_name":"OnlineLotto365","article_modified_time":"2020-12-29T19:34:42+00:00","og_image":[{"url":"https:\/\/redfoxlotto.com\/image?size=8&amp;lottery=el-gordo-primitiva"}],"twitter_card":"summary_large_image","twitter_misc":{"Dur\u00e9e de lecture estim\u00e9e":"5 minutes"},"schema":{"@context":"https:\/\/schema.org","@graph":[{"@type":"WebPage","@id":"https:\/\/onlinelotto365.com\/fr\/jouer\/el-gordo\/","url":"https:\/\/onlinelotto365.com\/fr\/jouer\/el-gordo\/","name":"Jouer \u00e0 El Gordo en ligne depuis la France | Puis-je participer \u00e0 El Gordo si je vis en France","isPartOf":{"@id":"https:\/\/onlinelotto365.com\/fr\/#website"},"primaryImageOfPage":{"@id":"https:\/\/onlinelotto365.com\/fr\/jouer\/el-gordo\/#primaryimage"},"image":{"@id":"https:\/\/onlinelotto365.com\/fr\/jouer\/el-gordo\/#primaryimage"},"thumbnailUrl":"https:\/\/redfoxlotto.com\/image?size=8&amp;lottery=el-gordo-primitiva","datePublished":"2020-12-17T09:40:28+00:00","dateModified":"2020-12-29T19:34:42+00:00","description":"Jouez au loto El Gordo ici - la plus grande loterie d'Espagne, disponible en ligne depuis la France","breadcrumb":{"@id":"https:\/\/onlinelotto365.com\/fr\/jouer\/el-gordo\/#breadcrumb"},"inLanguage":"fr-FR","potentialAction":[{"@type":"ReadAction","target":["https:\/\/onlinelotto365.com\/fr\/jouer\/el-gordo\/"]}]},{"@type":"ImageObject","inLanguage":"fr-FR","@id":"https:\/\/onlinelotto365.com\/fr\/jouer\/el-gordo\/#primaryimage","url":"https:\/\/redfoxlotto.com\/image?size=8&amp;lottery=el-gordo-primitiva","contentUrl":"https:\/\/redfoxlotto.com\/image?size=8&amp;lottery=el-gordo-primitiva"},{"@type":"BreadcrumbList","@id":"https:\/\/onlinelotto365.com\/fr\/jouer\/el-gordo\/#breadcrumb","itemListElement":[{"@type":"ListItem","position":1,"name":"Home","item":"https:\/\/onlinelotto365.com\/fr\/"},{"@type":"ListItem","position":2,"name":"Tout ce que vous devez savoir sur vos possibilit\u00e9s de jouer aux meilleures loteries en ligne","item":"https:\/\/onlinelotto365.com\/fr\/play\/"},{"@type":"ListItem","position":3,"name":"Comment les r\u00e9sidents fran\u00e7ais peuvent-ils participer \u00e0 El Gordo ?"}]},{"@type":"WebSite","@id":"https:\/\/onlinelotto365.com\/fr\/#website","url":"https:\/\/onlinelotto365.com\/fr\/","name":"OnlineLotto365","description":"","potentialAction":[{"@type":"SearchAction","target":{"@type":"EntryPoint","urlTemplate":"https:\/\/onlinelotto365.com\/fr\/?s={search_term_string}"},"query-input":{"@type":"PropertyValueSpecification","valueRequired":true,"valueName":"search_term_string"}}],"inLanguage":"fr-FR"}]}},"_links":{"self":[{"href":"https:\/\/onlinelotto365.com\/fr\/wp-json\/wp\/v2\/pages\/10365","targetHints":{"allow":["GET"]}}],"collection":[{"href":"https:\/\/onlinelotto365.com\/fr\/wp-json\/wp\/v2\/pages"}],"about":[{"href":"https:\/\/onlinelotto365.com\/fr\/wp-json\/wp\/v2\/types\/page"}],"author":[{"embeddable":true,"href":"https:\/\/onlinelotto365.com\/fr\/wp-json\/wp\/v2\/users\/1"}],"replies":[{"embeddable":true,"href":"https:\/\/onlinelotto365.com\/fr\/wp-json\/wp\/v2\/comments?post=10365"}],"version-history":[{"count":0,"href":"https:\/\/onlinelotto365.com\/fr\/wp-json\/wp\/v2\/pages\/10365\/revisions"}],"up":[{"embeddable":true,"href":"https:\/\/onlinelotto365.com\/fr\/wp-json\/wp\/v2\/pages\/5017"}],"wp:attachment":[{"href":"https:\/\/onlinelotto365.com\/fr\/wp-json\/wp\/v2\/media?parent=10365"}],"curies":[{"name":"wp","href":"https:\/\/api.w.org\/{rel}","templated":true}]}}