{"id":10367,"date":"2020-12-17T10:41:35","date_gmt":"2020-12-17T09:41:35","guid":{"rendered":"http:\/\/onlinelotto365.net\/?page_id=10367"},"modified":"2020-12-17T10:41:35","modified_gmt":"2020-12-17T09:41:35","slug":"la-primitiva","status":"publish","type":"page","link":"https:\/\/onlinelotto365.com\/fr\/jouer\/la-primitiva\/","title":{"rendered":"Comment jouer \u00e0 la loterie espagnole La Primitiva"},"content":{"rendered":"<p>\u00c0 propos de La Primitiva<\/p>\n<p>Cette loterie d&rsquo;Espagne est \u00e9galement connue sous le nom d&rsquo;El Gordo, bien que cela soit trompeur. En fait, El Gordo est le surnom de l&rsquo;\u00e9dition de No\u00ebl de la loterie La Primitiva. Bien que vous puissiez jouer \u00e0 La Primitiva toute l&rsquo;ann\u00e9e, El Gordo n&rsquo;est offert que pour No\u00ebl. La Primitiva peut \u00eatre jou\u00e9e en ligne par les r\u00e9sidents du Royaume-Uni via notre site Web.<\/p>\n<p>Il y a deux tirages par semaine pour La Primitiva. Les chances de gagner le jackpot sont relativement \u00e9lev\u00e9es car il n&rsquo;y a pas de num\u00e9ros suppl\u00e9mentaires.<\/p>\n<p>Pays: Espagne<br \/>\nGamme de num\u00e9ros principaux: 49<br \/>\nVous devez s\u00e9lectionner: 6<br \/>\nGamme de num\u00e9ros suppl\u00e9mentaires:<br \/>\nVous devez s\u00e9lectionner: 1<br \/>\nJours et heures des tirages: jeudi, samedi, 21h30 &#8211; 21h30<br \/>\nLe jackpot commence \u00e0: 2 millions d&rsquo;euros<br \/>\nLe jackpot est plafonn\u00e9 \u00e0: aucun<br \/>\nChance de gagner le jackpot: 1 sur 15537573<br \/>\nChance de gagner un deuxi\u00e8me prix: 1 sur 542008<br \/>\nChance de gagner n&rsquo;importe quel prix: 1 sur 8,43<br \/>\nNombre de cat\u00e9gories de prix: 9<br \/>\nMeilleures caract\u00e9ristiques de La Primitiva<\/p>\n<p>Comme d\u00e9j\u00e0 mentionn\u00e9, le fait que vous n&rsquo;ayez \u00e0 jouer que 6 num\u00e9ros sur 49, et pas de num\u00e9ros suppl\u00e9mentaires, signifie que vos chances de gagner le jackpot sont en fait assez bonnes.<\/p>\n<p>Comment v\u00e9rifier les r\u00e9sultats de La Primitiva<\/p>\n<p>Si vous avez achet\u00e9 votre billet en ligne depuis la France ou tout autre pays en dehors de l&rsquo;Espagne, il peut \u00eatre difficile de trouver les num\u00e9ros gagnants et le montant des prix. Mais ici, sur notre site Web, nous publions les r\u00e9sultats juste apr\u00e8s le tirage des num\u00e9ros de loterie La Primitiva. Vous pouvez m\u00eame consulter votre ticket dans votre compte joueur, o\u00f9 vous pouvez imm\u00e9diatement voir quels num\u00e9ros de votre ticket de loterie correspondent aux r\u00e9sultats du tirage.<\/p>\n<p>Vous avez jou\u00e9 \u00e0 La Primitiva en ligne et avez gagn\u00e9 &#8211; que se passe-t-il ensuite?<\/p>\n<p>Si votre billet a remport\u00e9 un prix inf\u00e9rieur \u00e0 2500 \u20ac, ce montant sera sur votre compte joueur juste apr\u00e8s le tirage au sort. Si vous gagnez un prix plus \u00e9lev\u00e9, veuillez contacter notre \u00e9quipe de service. Ils vous aideront \u00e0 mettre en place un paiement, soit directement sur votre compte bancaire, soit par ch\u00e8que.<\/p>\n","protected":false},"excerpt":{"rendered":"<p>\u00c0 propos de La Primitiva Cette loterie d&rsquo;Espagne est \u00e9galement connue sous le nom d&rsquo;El Gordo, bien que cela soit trompeur. En fait, El Gordo est le surnom de l&rsquo;\u00e9dition de No\u00ebl de la loterie La Primitiva. Bien que vous puissiez jouer \u00e0 La Primitiva toute l&rsquo;ann\u00e9e, El Gordo n&rsquo;est offert que pour No\u00ebl. La [&hellip;]<\/p>\n","protected":false},"author":1,"featured_media":0,"parent":5017,"menu_order":7,"comment_status":"closed","ping_status":"closed","template":"la-primitiva.php","meta":{"_et_pb_use_builder":"","_et_pb_old_content":"","_et_gb_content_width":"","exclude_from_search":false,"footnotes":""},"class_list":["post-10367","page","type-page","status-publish","hentry"],"yoast_head":"<!-- This site is optimized with the Yoast SEO plugin v23.4 - https:\/\/yoast.com\/wordpress\/plugins\/seo\/ -->\n<title>Jouer \u00e0 La Primitiva Espagne en ligne | La Primitiva de France<\/title>\n<meta name=\"description\" content=\"La loterie espagnole La Primitiva peut d\u00e9sormais \u00eatre jou\u00e9e en ligne depuis la France\" \/>\n<meta name=\"robots\" content=\"index, follow, max-snippet:-1, max-image-preview:large, max-video-preview:-1\" \/>\n<link rel=\"canonical\" href=\"https:\/\/onlinelotto365.com\/fr\/jouer\/la-primitiva\/\" \/>\n<meta property=\"og:locale\" content=\"fr_FR\" \/>\n<meta property=\"og:type\" content=\"article\" \/>\n<meta property=\"og:title\" content=\"Jouer \u00e0 La Primitiva Espagne en ligne | La Primitiva de France\" \/>\n<meta property=\"og:description\" content=\"La loterie espagnole La Primitiva peut d\u00e9sormais \u00eatre jou\u00e9e en ligne depuis la France\" \/>\n<meta property=\"og:url\" content=\"https:\/\/onlinelotto365.com\/fr\/jouer\/la-primitiva\/\" \/>\n<meta property=\"og:site_name\" content=\"OnlineLotto365\" \/>\n<meta name=\"twitter:card\" content=\"summary_large_image\" \/>\n<meta name=\"twitter:label1\" content=\"Dur\u00e9e de lecture estim\u00e9e\" \/>\n\t<meta name=\"twitter:data1\" content=\"2 minutes\" \/>\n<script type=\"application\/ld+json\" class=\"yoast-schema-graph\">{\"@context\":\"https:\/\/schema.org\",\"@graph\":[{\"@type\":\"WebPage\",\"@id\":\"https:\/\/onlinelotto365.com\/fr\/jouer\/la-primitiva\/\",\"url\":\"https:\/\/onlinelotto365.com\/fr\/jouer\/la-primitiva\/\",\"name\":\"Jouer \u00e0 La Primitiva Espagne en ligne | La Primitiva de France\",\"isPartOf\":{\"@id\":\"https:\/\/onlinelotto365.com\/fr\/#website\"},\"datePublished\":\"2020-12-17T09:41:35+00:00\",\"dateModified\":\"2020-12-17T09:41:35+00:00\",\"description\":\"La loterie espagnole La Primitiva peut d\u00e9sormais \u00eatre jou\u00e9e en ligne depuis la France\",\"breadcrumb\":{\"@id\":\"https:\/\/onlinelotto365.com\/fr\/jouer\/la-primitiva\/#breadcrumb\"},\"inLanguage\":\"fr-FR\",\"potentialAction\":[{\"@type\":\"ReadAction\",\"target\":[\"https:\/\/onlinelotto365.com\/fr\/jouer\/la-primitiva\/\"]}]},{\"@type\":\"BreadcrumbList\",\"@id\":\"https:\/\/onlinelotto365.com\/fr\/jouer\/la-primitiva\/#breadcrumb\",\"itemListElement\":[{\"@type\":\"ListItem\",\"position\":1,\"name\":\"Home\",\"item\":\"https:\/\/onlinelotto365.com\/fr\/\"},{\"@type\":\"ListItem\",\"position\":2,\"name\":\"Tout ce que vous devez savoir sur vos possibilit\u00e9s de jouer aux meilleures loteries en ligne\",\"item\":\"https:\/\/onlinelotto365.com\/fr\/play\/\"},{\"@type\":\"ListItem\",\"position\":3,\"name\":\"Comment jouer \u00e0 la loterie espagnole La Primitiva\"}]},{\"@type\":\"WebSite\",\"@id\":\"https:\/\/onlinelotto365.com\/fr\/#website\",\"url\":\"https:\/\/onlinelotto365.com\/fr\/\",\"name\":\"OnlineLotto365\",\"description\":\"\",\"potentialAction\":[{\"@type\":\"SearchAction\",\"target\":{\"@type\":\"EntryPoint\",\"urlTemplate\":\"https:\/\/onlinelotto365.com\/fr\/?s={search_term_string}\"},\"query-input\":{\"@type\":\"PropertyValueSpecification\",\"valueRequired\":true,\"valueName\":\"search_term_string\"}}],\"inLanguage\":\"fr-FR\"}]}<\/script>\n<!-- \/ Yoast SEO plugin. -->","yoast_head_json":{"title":"Jouer \u00e0 La Primitiva Espagne en ligne | La Primitiva de France","description":"La loterie espagnole La Primitiva peut d\u00e9sormais \u00eatre jou\u00e9e en ligne depuis la France","robots":{"index":"index","follow":"follow","max-snippet":"max-snippet:-1","max-image-preview":"max-image-preview:large","max-video-preview":"max-video-preview:-1"},"canonical":"https:\/\/onlinelotto365.com\/fr\/jouer\/la-primitiva\/","og_locale":"fr_FR","og_type":"article","og_title":"Jouer \u00e0 La Primitiva Espagne en ligne | La Primitiva de France","og_description":"La loterie espagnole La Primitiva peut d\u00e9sormais \u00eatre jou\u00e9e en ligne depuis la France","og_url":"https:\/\/onlinelotto365.com\/fr\/jouer\/la-primitiva\/","og_site_name":"OnlineLotto365","twitter_card":"summary_large_image","twitter_misc":{"Dur\u00e9e de lecture estim\u00e9e":"2 minutes"},"schema":{"@context":"https:\/\/schema.org","@graph":[{"@type":"WebPage","@id":"https:\/\/onlinelotto365.com\/fr\/jouer\/la-primitiva\/","url":"https:\/\/onlinelotto365.com\/fr\/jouer\/la-primitiva\/","name":"Jouer \u00e0 La Primitiva Espagne en ligne | La Primitiva de France","isPartOf":{"@id":"https:\/\/onlinelotto365.com\/fr\/#website"},"datePublished":"2020-12-17T09:41:35+00:00","dateModified":"2020-12-17T09:41:35+00:00","description":"La loterie espagnole La Primitiva peut d\u00e9sormais \u00eatre jou\u00e9e en ligne depuis la France","breadcrumb":{"@id":"https:\/\/onlinelotto365.com\/fr\/jouer\/la-primitiva\/#breadcrumb"},"inLanguage":"fr-FR","potentialAction":[{"@type":"ReadAction","target":["https:\/\/onlinelotto365.com\/fr\/jouer\/la-primitiva\/"]}]},{"@type":"BreadcrumbList","@id":"https:\/\/onlinelotto365.com\/fr\/jouer\/la-primitiva\/#breadcrumb","itemListElement":[{"@type":"ListItem","position":1,"name":"Home","item":"https:\/\/onlinelotto365.com\/fr\/"},{"@type":"ListItem","position":2,"name":"Tout ce que vous devez savoir sur vos possibilit\u00e9s de jouer aux meilleures loteries en ligne","item":"https:\/\/onlinelotto365.com\/fr\/play\/"},{"@type":"ListItem","position":3,"name":"Comment jouer \u00e0 la loterie espagnole La Primitiva"}]},{"@type":"WebSite","@id":"https:\/\/onlinelotto365.com\/fr\/#website","url":"https:\/\/onlinelotto365.com\/fr\/","name":"OnlineLotto365","description":"","potentialAction":[{"@type":"SearchAction","target":{"@type":"EntryPoint","urlTemplate":"https:\/\/onlinelotto365.com\/fr\/?s={search_term_string}"},"query-input":{"@type":"PropertyValueSpecification","valueRequired":true,"valueName":"search_term_string"}}],"inLanguage":"fr-FR"}]}},"_links":{"self":[{"href":"https:\/\/onlinelotto365.com\/fr\/wp-json\/wp\/v2\/pages\/10367","targetHints":{"allow":["GET"]}}],"collection":[{"href":"https:\/\/onlinelotto365.com\/fr\/wp-json\/wp\/v2\/pages"}],"about":[{"href":"https:\/\/onlinelotto365.com\/fr\/wp-json\/wp\/v2\/types\/page"}],"author":[{"embeddable":true,"href":"https:\/\/onlinelotto365.com\/fr\/wp-json\/wp\/v2\/users\/1"}],"replies":[{"embeddable":true,"href":"https:\/\/onlinelotto365.com\/fr\/wp-json\/wp\/v2\/comments?post=10367"}],"version-history":[{"count":0,"href":"https:\/\/onlinelotto365.com\/fr\/wp-json\/wp\/v2\/pages\/10367\/revisions"}],"up":[{"embeddable":true,"href":"https:\/\/onlinelotto365.com\/fr\/wp-json\/wp\/v2\/pages\/5017"}],"wp:attachment":[{"href":"https:\/\/onlinelotto365.com\/fr\/wp-json\/wp\/v2\/media?parent=10367"}],"curies":[{"name":"wp","href":"https:\/\/api.w.org\/{rel}","templated":true}]}}