{"id":10369,"date":"2020-12-17T10:43:30","date_gmt":"2020-12-17T09:43:30","guid":{"rendered":"http:\/\/onlinelotto365.net\/?page_id=10369"},"modified":"2020-12-29T20:35:18","modified_gmt":"2020-12-29T19:35:18","slug":"bonoloto","status":"publish","type":"page","link":"https:\/\/onlinelotto365.com\/fr\/jouer\/bonoloto\/","title":{"rendered":"Bonoloto d\u00e9sormais disponible partout"},"content":{"rendered":"<h2>Comment jouer \u00e0 BonoLoto en ligne<\/h2>\n<p>Jouer \u00e0 BonoLoto est plus facile que vous ne le pensez. Tout ce que vous avez \u00e0 faire est de savoir par o\u00f9 commencer et <strong> o\u00f9 acheter vos billets <\/strong>. Et le meilleur endroit o\u00f9 vous pouvez faire exactement cela est avec nous, et quelques \u00e9tapes simples.<\/p>\n<p>Notre syst\u00e8me veille \u00e0 ce que vous soyez pris en charge du d\u00e9but \u00e0 la fin. Tout ce que vous avez \u00e0 faire est de <strong> cr\u00e9er un compte enti\u00e8rement gratuit <\/strong> et vous \u00eates sur la bonne voie. Vous pourrez choisir parmi tous les diff\u00e9rents jeux de loto disponibles et choisir les billets et les num\u00e9ros sp\u00e9cifiques que vous souhaitez. Ensuite, vous pouvez payer avec votre mode de paiement pr\u00e9f\u00e9r\u00e9 et vous avez termin\u00e9.<\/p>\n<p>Tout ce que vous avez \u00e0 faire est de regarder <a href=\"https:\/\/onlinelotto365.com\/fr\/acheter-ticquets\"> les diff\u00e9rents jeux de loto disponibles <\/a> et de s\u00e9lectionner le bon (BonoLoto). \u00c0 partir de l\u00e0, vous choisissez les num\u00e9ros que vous souhaitez jouer. Si vous en choisissez trop ou trop peu, peu importe, notre syst\u00e8me vous avertira de ce que vous devez faire pour que vous puissiez corriger votre ticket. Ou vous pouvez choisir de laisser l&rsquo;ordinateur vous attribuer des num\u00e9ros au hasard.<\/p>\n<p>Une fois que vous avez obtenu les billets que vous voulez pour BonoLoto, vous pouvez \u00e9galement ajouter des billets d\u2019autres jeux. Cela va \u00eatre super simple et cela ne prend que quelques minutes. Vous attendez que votre e-mail de v\u00e9rification arrive dans l&rsquo;e-mail que vous nous fournissez et vous cliquez sur le lien. C\u2019est tout ce qu\u2019il faut et votre compte va \u00eatre configur\u00e9. De cette fa\u00e7on, vous pouvez continuer \u00e0 acheter des billets.<\/p>\n<p>Assurez-vous de surveiller le lien de v\u00e9rification dans votre bo\u00eete de r\u00e9ception habituelle ainsi que dans votre dossier spam pour \u00eatre s\u00fbr. Si nous ne figurons pas dans votre carnet d&rsquo;adresses, vous risquez de ne pas voir l&rsquo;e-mail dans le dossier de votre compte habituel.<br \/>\n<a href=\"https:\/\/redfoxlotto.com\/fr\/jouer\/bonoloto\/?ref=a8564250a2&amp;medium=ol365\" target=\"_blank\" rel=\"noopener noreferrer\"> <img decoding=\"async\" class=\"aligncenter\" src=\"https:\/\/redfoxlotto.com\/image?size=8&amp;lottery=bonoloto\" alt=\"Bono Lotto\" \/> <\/a><\/p>\n<h2>\u00c0 propos de BonoLoto<\/h2>\n<ul>\n<li style=\"list-style-type: none;\">\n<ul>\n<li>Pays: Espagne<\/li>\n<li>Plage de num\u00e9ros principaux: 49<\/li>\n<li>Vous devez s\u00e9lectionner: 6<\/li>\n<li>Jours, heures des tirages: tous les jours sauf le dimanche, de 21h30 \u00e0 21h30<\/li>\n<li>Le jackpot commence \u00e0: 400 000 \u20ac<\/li>\n<li>Le jackpot est plafonn\u00e9 \u00e0: aucun<\/li>\n<li>Chance de gagner le jackpot: 1 sur 13983816<\/li>\n<li>Chances de gagner le deuxi\u00e8me prix: 1 sur 2330636<\/li>\n<li>Chances de gagner n&rsquo;importe quel prix: 1 sur 8,43<\/li>\n<li>Nombre de cat\u00e9gories de prix: 6<\/li>\n<\/ul>\n<\/li>\n<\/ul>\n<h2>Meilleures fonctionnalit\u00e9s de BonoLoto<\/h2>\n<p>BonoLoto existe depuis un bon bout de temps, et il a remis de nombreux prix pendant cette p\u00e9riode. Mieux encore, il a quatre dessins diff\u00e9rents chaque semaine et a \u00e9t\u00e9 cr\u00e9\u00e9 \u00e0 l&rsquo;origine pour \u00eatre une option abordable. C&rsquo;est toujours le cas et vous pouvez gagner une part de 55% des revenus dans le total des prix.<\/p>\n<h2>Comment v\u00e9rifier les r\u00e9sultats BonoLoto <img loading=\"lazy\" decoding=\"async\" class=\"alignright wp-image-3656\" src=\"https:\/\/onlinelotto365.com\/wp-content\/uploads\/2020\/11\/online_lottery-16-300x200.jpg\" alt=\"jouer \u00e0 bonoloto en ligne\" width=\"215\" height=\"143\" srcset=\"https:\/\/onlinelotto365.com\/wp-content\/uploads\/2020\/11\/online_lottery-16-300x200.jpg 300w, https:\/\/onlinelotto365.com\/wp-content\/uploads\/2020\/11\/online_lottery-16.jpg 320w\" sizes=\"auto, (max-width: 215px) 100vw, 215px\" \/><\/h2>\n<p>\u00cates-vous pr\u00eat \u00e0 voir quels sont les <a href=\"https:\/\/onlinelotto365.com\/fr\/numeros-gagnants\"> num\u00e9ros gagnants <\/a> pour BonoLoto? Eh bien, c&rsquo;est en fait assez simple car tout ce que vous avez \u00e0 faire est d&rsquo;aller sur le site officiel de BonoLoto. Ou vous pouvez choisir de consulter vos journaux locaux et vos stations de t\u00e9l\u00e9vision. Ces endroits rapportent tous les num\u00e9ros gagnants.<br \/>\nMais le meilleur endroit o\u00f9 aller est certainement l&rsquo;endroit o\u00f9 vous avez achet\u00e9 votre billet, qui se trouve ici. Vous pourrez voir les num\u00e9ros gagnants ainsi que vos propres num\u00e9ros et comment ils se comparent. De cette fa\u00e7on, vous pouvez \u00e9galement voir vos gains imm\u00e9diatement.<\/p>\n<h2>Vous avez jou\u00e9 \u00e0 BonoLoto en ligne et avez gagn\u00e9 &#8211; que se passe-t-il ensuite?<\/h2>\n<ul>\n<li>Si vous gagnez moins de 2 500 \u20ac, vous n\u2019avez rien \u00e0 faire. C&rsquo;est parce que nous r\u00e9clamons l&rsquo;argent pour vous et le d\u00e9posons directement sur votre compte. Il sera l\u00e0 pour que vous puissiez l&rsquo;utiliser quand vous le souhaitez. Vous pouvez \u00e9galement le retirer sur votre compte bancaire habituel si vous disposez d&rsquo;au moins 10 \u20ac.<\/li>\n<li>Si vous avez gagn\u00e9 plus de 2 500 \u20ac, vous devrez attendre de recevoir des nouvelles de notre \u00e9quipe d&rsquo;assistance, car vous \u00eates un peu plus impliqu\u00e9 pour obtenir vos gains. Heureusement, nous vous aidons dans le processus et nous vous aidons \u00e0 d\u00e9marrer imm\u00e9diatement afin que vous puissiez recevoir votre argent par ch\u00e8que ou directement sur votre compte.<\/li>\n<\/ul>\n","protected":false},"excerpt":{"rendered":"<p>Comment jouer \u00e0 BonoLoto en ligne Jouer \u00e0 BonoLoto est plus facile que vous ne le pensez. Tout ce que vous avez \u00e0 faire est de savoir par o\u00f9 commencer et o\u00f9 acheter vos billets . Et le meilleur endroit o\u00f9 vous pouvez faire exactement cela est avec nous, et quelques \u00e9tapes simples. Notre syst\u00e8me [&hellip;]<\/p>\n","protected":false},"author":1,"featured_media":0,"parent":5017,"menu_order":8,"comment_status":"closed","ping_status":"closed","template":"","meta":{"_et_pb_use_builder":"","_et_pb_old_content":"","_et_gb_content_width":"","exclude_from_search":false,"footnotes":""},"class_list":["post-10369","page","type-page","status-publish","hentry"],"yoast_head":"<!-- This site is optimized with the Yoast SEO plugin v23.4 - https:\/\/yoast.com\/wordpress\/plugins\/seo\/ -->\n<title>Comment jouer \u00e0 BonoLoto si vous vivez en France<\/title>\n<meta name=\"description\" content=\"Commandez l\u00e9galement des billets pour jouer \u00e0 Bonoloto ici sur notre site web\" \/>\n<meta name=\"robots\" content=\"index, follow, max-snippet:-1, max-image-preview:large, max-video-preview:-1\" \/>\n<link rel=\"canonical\" href=\"https:\/\/onlinelotto365.com\/fr\/jouer\/bonoloto\/\" \/>\n<meta property=\"og:locale\" content=\"fr_FR\" \/>\n<meta property=\"og:type\" content=\"article\" \/>\n<meta property=\"og:title\" content=\"Comment jouer \u00e0 BonoLoto si vous vivez en France\" \/>\n<meta property=\"og:description\" content=\"Commandez l\u00e9galement des billets pour jouer \u00e0 Bonoloto ici sur notre site web\" \/>\n<meta property=\"og:url\" content=\"https:\/\/onlinelotto365.com\/fr\/jouer\/bonoloto\/\" \/>\n<meta property=\"og:site_name\" content=\"OnlineLotto365\" \/>\n<meta property=\"article:modified_time\" content=\"2020-12-29T19:35:18+00:00\" \/>\n<meta property=\"og:image\" content=\"https:\/\/redfoxlotto.com\/image?size=8&amp;lottery=bonoloto\" \/>\n<meta name=\"twitter:card\" content=\"summary_large_image\" \/>\n<meta name=\"twitter:label1\" content=\"Dur\u00e9e de lecture estim\u00e9e\" \/>\n\t<meta name=\"twitter:data1\" content=\"3 minutes\" \/>\n<script type=\"application\/ld+json\" class=\"yoast-schema-graph\">{\"@context\":\"https:\/\/schema.org\",\"@graph\":[{\"@type\":\"WebPage\",\"@id\":\"https:\/\/onlinelotto365.com\/fr\/jouer\/bonoloto\/\",\"url\":\"https:\/\/onlinelotto365.com\/fr\/jouer\/bonoloto\/\",\"name\":\"Comment jouer \u00e0 BonoLoto si vous vivez en France\",\"isPartOf\":{\"@id\":\"https:\/\/onlinelotto365.com\/fr\/#website\"},\"primaryImageOfPage\":{\"@id\":\"https:\/\/onlinelotto365.com\/fr\/jouer\/bonoloto\/#primaryimage\"},\"image\":{\"@id\":\"https:\/\/onlinelotto365.com\/fr\/jouer\/bonoloto\/#primaryimage\"},\"thumbnailUrl\":\"https:\/\/redfoxlotto.com\/image?size=8&amp;lottery=bonoloto\",\"datePublished\":\"2020-12-17T09:43:30+00:00\",\"dateModified\":\"2020-12-29T19:35:18+00:00\",\"description\":\"Commandez l\u00e9galement des billets pour jouer \u00e0 Bonoloto ici sur notre site web\",\"breadcrumb\":{\"@id\":\"https:\/\/onlinelotto365.com\/fr\/jouer\/bonoloto\/#breadcrumb\"},\"inLanguage\":\"fr-FR\",\"potentialAction\":[{\"@type\":\"ReadAction\",\"target\":[\"https:\/\/onlinelotto365.com\/fr\/jouer\/bonoloto\/\"]}]},{\"@type\":\"ImageObject\",\"inLanguage\":\"fr-FR\",\"@id\":\"https:\/\/onlinelotto365.com\/fr\/jouer\/bonoloto\/#primaryimage\",\"url\":\"https:\/\/redfoxlotto.com\/image?size=8&amp;lottery=bonoloto\",\"contentUrl\":\"https:\/\/redfoxlotto.com\/image?size=8&amp;lottery=bonoloto\"},{\"@type\":\"BreadcrumbList\",\"@id\":\"https:\/\/onlinelotto365.com\/fr\/jouer\/bonoloto\/#breadcrumb\",\"itemListElement\":[{\"@type\":\"ListItem\",\"position\":1,\"name\":\"Home\",\"item\":\"https:\/\/onlinelotto365.com\/fr\/\"},{\"@type\":\"ListItem\",\"position\":2,\"name\":\"Tout ce que vous devez savoir sur vos possibilit\u00e9s de jouer aux meilleures loteries en ligne\",\"item\":\"https:\/\/onlinelotto365.com\/fr\/play\/\"},{\"@type\":\"ListItem\",\"position\":3,\"name\":\"Bonoloto d\u00e9sormais disponible partout\"}]},{\"@type\":\"WebSite\",\"@id\":\"https:\/\/onlinelotto365.com\/fr\/#website\",\"url\":\"https:\/\/onlinelotto365.com\/fr\/\",\"name\":\"OnlineLotto365\",\"description\":\"\",\"potentialAction\":[{\"@type\":\"SearchAction\",\"target\":{\"@type\":\"EntryPoint\",\"urlTemplate\":\"https:\/\/onlinelotto365.com\/fr\/?s={search_term_string}\"},\"query-input\":{\"@type\":\"PropertyValueSpecification\",\"valueRequired\":true,\"valueName\":\"search_term_string\"}}],\"inLanguage\":\"fr-FR\"}]}<\/script>\n<!-- \/ Yoast SEO plugin. -->","yoast_head_json":{"title":"Comment jouer \u00e0 BonoLoto si vous vivez en France","description":"Commandez l\u00e9galement des billets pour jouer \u00e0 Bonoloto ici sur notre site web","robots":{"index":"index","follow":"follow","max-snippet":"max-snippet:-1","max-image-preview":"max-image-preview:large","max-video-preview":"max-video-preview:-1"},"canonical":"https:\/\/onlinelotto365.com\/fr\/jouer\/bonoloto\/","og_locale":"fr_FR","og_type":"article","og_title":"Comment jouer \u00e0 BonoLoto si vous vivez en France","og_description":"Commandez l\u00e9galement des billets pour jouer \u00e0 Bonoloto ici sur notre site web","og_url":"https:\/\/onlinelotto365.com\/fr\/jouer\/bonoloto\/","og_site_name":"OnlineLotto365","article_modified_time":"2020-12-29T19:35:18+00:00","og_image":[{"url":"https:\/\/redfoxlotto.com\/image?size=8&amp;lottery=bonoloto"}],"twitter_card":"summary_large_image","twitter_misc":{"Dur\u00e9e de lecture estim\u00e9e":"3 minutes"},"schema":{"@context":"https:\/\/schema.org","@graph":[{"@type":"WebPage","@id":"https:\/\/onlinelotto365.com\/fr\/jouer\/bonoloto\/","url":"https:\/\/onlinelotto365.com\/fr\/jouer\/bonoloto\/","name":"Comment jouer \u00e0 BonoLoto si vous vivez en France","isPartOf":{"@id":"https:\/\/onlinelotto365.com\/fr\/#website"},"primaryImageOfPage":{"@id":"https:\/\/onlinelotto365.com\/fr\/jouer\/bonoloto\/#primaryimage"},"image":{"@id":"https:\/\/onlinelotto365.com\/fr\/jouer\/bonoloto\/#primaryimage"},"thumbnailUrl":"https:\/\/redfoxlotto.com\/image?size=8&amp;lottery=bonoloto","datePublished":"2020-12-17T09:43:30+00:00","dateModified":"2020-12-29T19:35:18+00:00","description":"Commandez l\u00e9galement des billets pour jouer \u00e0 Bonoloto ici sur notre site web","breadcrumb":{"@id":"https:\/\/onlinelotto365.com\/fr\/jouer\/bonoloto\/#breadcrumb"},"inLanguage":"fr-FR","potentialAction":[{"@type":"ReadAction","target":["https:\/\/onlinelotto365.com\/fr\/jouer\/bonoloto\/"]}]},{"@type":"ImageObject","inLanguage":"fr-FR","@id":"https:\/\/onlinelotto365.com\/fr\/jouer\/bonoloto\/#primaryimage","url":"https:\/\/redfoxlotto.com\/image?size=8&amp;lottery=bonoloto","contentUrl":"https:\/\/redfoxlotto.com\/image?size=8&amp;lottery=bonoloto"},{"@type":"BreadcrumbList","@id":"https:\/\/onlinelotto365.com\/fr\/jouer\/bonoloto\/#breadcrumb","itemListElement":[{"@type":"ListItem","position":1,"name":"Home","item":"https:\/\/onlinelotto365.com\/fr\/"},{"@type":"ListItem","position":2,"name":"Tout ce que vous devez savoir sur vos possibilit\u00e9s de jouer aux meilleures loteries en ligne","item":"https:\/\/onlinelotto365.com\/fr\/play\/"},{"@type":"ListItem","position":3,"name":"Bonoloto d\u00e9sormais disponible partout"}]},{"@type":"WebSite","@id":"https:\/\/onlinelotto365.com\/fr\/#website","url":"https:\/\/onlinelotto365.com\/fr\/","name":"OnlineLotto365","description":"","potentialAction":[{"@type":"SearchAction","target":{"@type":"EntryPoint","urlTemplate":"https:\/\/onlinelotto365.com\/fr\/?s={search_term_string}"},"query-input":{"@type":"PropertyValueSpecification","valueRequired":true,"valueName":"search_term_string"}}],"inLanguage":"fr-FR"}]}},"_links":{"self":[{"href":"https:\/\/onlinelotto365.com\/fr\/wp-json\/wp\/v2\/pages\/10369","targetHints":{"allow":["GET"]}}],"collection":[{"href":"https:\/\/onlinelotto365.com\/fr\/wp-json\/wp\/v2\/pages"}],"about":[{"href":"https:\/\/onlinelotto365.com\/fr\/wp-json\/wp\/v2\/types\/page"}],"author":[{"embeddable":true,"href":"https:\/\/onlinelotto365.com\/fr\/wp-json\/wp\/v2\/users\/1"}],"replies":[{"embeddable":true,"href":"https:\/\/onlinelotto365.com\/fr\/wp-json\/wp\/v2\/comments?post=10369"}],"version-history":[{"count":0,"href":"https:\/\/onlinelotto365.com\/fr\/wp-json\/wp\/v2\/pages\/10369\/revisions"}],"up":[{"embeddable":true,"href":"https:\/\/onlinelotto365.com\/fr\/wp-json\/wp\/v2\/pages\/5017"}],"wp:attachment":[{"href":"https:\/\/onlinelotto365.com\/fr\/wp-json\/wp\/v2\/media?parent=10369"}],"curies":[{"name":"wp","href":"https:\/\/api.w.org\/{rel}","templated":true}]}}