{"id":10371,"date":"2020-12-17T10:44:38","date_gmt":"2020-12-17T09:44:38","guid":{"rendered":"http:\/\/onlinelotto365.net\/?page_id=10371"},"modified":"2020-12-29T20:36:02","modified_gmt":"2020-12-29T19:36:02","slug":"uk-lottery","status":"publish","type":"page","link":"https:\/\/onlinelotto365.com\/fr\/jouer\/uk-lottery\/","title":{"rendered":"Comment les r\u00e9sidents fran\u00e7ais peuvent-ils jouer \u00e0 la loterie britannique en ligne ?"},"content":{"rendered":"<h2>\u00c0 propos de la loterie britannique<\/h2>\n<p>Avec six num\u00e9ros \u00e0 choisir parmi 59 et aucun num\u00e9ro suppl\u00e9mentaire, les chances de gagner sont bonnes par rapport \u00e0 celles de <a href=\"https:\/\/onlinelotto365.com\/fr\/jouer\/powerball\"> Powerball <\/a> ou <a href=\"https:\/\/onlinelotto365.com\/fr\/jouer\/mega-millions\"> Mega Millions <\/a>. Si vous avez correctement 5 num\u00e9ros sur 6, vous avez une garantie de 2,5 millions de livres sterling, et avec les six, vous remportez le jackpot. <strong> Sauf si vous habitez au Royaume-Uni, jouer en ligne via notre service est votre seule option pour participer. <\/strong><\/p>\n<ul>\n<li>Pays: Royaume-Uni<\/li>\n<li>Plage de num\u00e9ros principaux: 59<\/li>\n<li>Vous choisissez: 6<\/li>\n<li>Plage de num\u00e9ros suppl\u00e9mentaires: aucune<\/li>\n<li>Vous choisissez: aucun<\/li>\n<li>Jours et heures des tirages: mercredi, samedi 19h30 UTC, 19h30 CET<\/li>\n<li>Jackpot minimum: 2,5 millions de GBP<\/li>\n<li>Jackpot maximum: 22 millions de GBP<\/li>\n<li>Probabilit\u00e9 de gagner le jackpot: 1 sur 45.057.474<\/li>\n<li>Probabilit\u00e9 d&rsquo;une victoire de niveau 2: 1 sur 7.509.579<\/li>\n<li>Probabilit\u00e9 de gagner dans n&rsquo;importe quel niveau: 1 sur 9,27<\/li>\n<li>Nombre de niveaux de prix: 6<\/li>\n<\/ul>\n<p><a href=\"https:\/\/redfoxlotto.com\/fr\/jouer\/lotto-uk\/?ref=a8564250a2&amp;medium=ol365\" target=\"_blank\" rel=\"noopener noreferrer\"> <img decoding=\"async\" class=\"aligncenter\" src=\" https:\/\/redfoxlotto.com\/image?size=8&amp;lottery=lotto-uk \" alt=\" UK lottery \" width=\" 720 \" height=\" 90 \" \/> <\/a><\/p>\n<h2>Pourquoi les jackpots de loterie britanniques sont-ils g\u00e9n\u00e9ralement plut\u00f4t bas?<\/h2>\n<p>Eh bien, du simple fait que le jackpot de la loterie France ne peut \u00eatre roul\u00e9 que 5 fois. Apr\u00e8s cela, le jackpot peut \u00eatre gagn\u00e9 en ayant juste 5 sur six num\u00e9ros sur votre billet de loto. Compte tenu de cette r\u00e8gle, il serait logique de jouer \u00e0 cette loterie chaque fois que le jackpot n&rsquo;a pas \u00e9t\u00e9 gagn\u00e9 cinq fois de suite. \u00c0 ce stade, vous obtenez de bien meilleures chances de gagner le premier prix. Ce premier prix devrait \u00eatre suffisamment important pour vous mettre dans une position o\u00f9 vous n&rsquo;aurez pas \u00e0 vous soucier de l&rsquo;argent pour le reste de votre vie.<\/p>\n<p>Il y a de fortes chances qu&rsquo;apr\u00e8s cinq rollovers, le <a href=\"ps:\/\/onlinelotto365.com\/fr\/news\/les-plus-gros-jackpots-de-loterie-de-lhistoire\"> jackpot <\/a> doive \u00eatre divis\u00e9 entre plusieurs gagnants. Avec les cotes les plus faibles et le plus grand nombre de joueurs qui jouent, il peut y avoir plus d&rsquo;un gagnant pour le deuxi\u00e8me niveau de prix.<\/p>\n<h2>Vous ne voulez pas partager le jackpot?<\/h2>\n<p>Il existe une strat\u00e9gie de loterie pour \u00e9viter de diviser le premier prix: choisissez une <strong> combinaison de num\u00e9ros qui semble moins susceptible d&rsquo;\u00eatre choisie par d&rsquo;autres joueurs <\/strong>. Par exemple, utilisez moins de nombres entre 1 et 31 (il y a trop de joueurs qui utilisent les dates de naissance comme leurs nombres chanceux), ou utilisez 3 nombres entre 30 et 40 et trois nombres entre 50 et 56. Utilisez votre imagination pour trouver plus \u00ab\u00a0impair \u00a0\u00bb Nombres.<\/p>\n","protected":false},"excerpt":{"rendered":"<p>\u00c0 propos de la loterie britannique Avec six num\u00e9ros \u00e0 choisir parmi 59 et aucun num\u00e9ro suppl\u00e9mentaire, les chances de gagner sont bonnes par rapport \u00e0 celles de Powerball ou Mega Millions . Si vous avez correctement 5 num\u00e9ros sur 6, vous avez une garantie de 2,5 millions de livres sterling, et avec les six, [&hellip;]<\/p>\n","protected":false},"author":1,"featured_media":0,"parent":5017,"menu_order":9,"comment_status":"closed","ping_status":"closed","template":"lotto-uk.php","meta":{"_et_pb_use_builder":"","_et_pb_old_content":"","_et_gb_content_width":"","exclude_from_search":false,"footnotes":""},"class_list":["post-10371","page","type-page","status-publish","hentry"],"yoast_head":"<!-- This site is optimized with the Yoast SEO plugin v23.4 - https:\/\/yoast.com\/wordpress\/plugins\/seo\/ -->\n<title>Jouer \u00e0 la loterie britannique en ligne depuis la France | Puis-je participer au Lotto britannique si je vis en France<\/title>\n<meta name=\"description\" content=\"Il est d\u00e9sormais facile de participer \u00e0 la loterie britannique depuis d&#039;autres pays comme la France gr\u00e2ce \u00e0 notre service en ligne\" \/>\n<meta name=\"robots\" content=\"index, follow, max-snippet:-1, max-image-preview:large, max-video-preview:-1\" \/>\n<link rel=\"canonical\" href=\"https:\/\/onlinelotto365.com\/fr\/jouer\/uk-lottery\/\" \/>\n<meta property=\"og:locale\" content=\"fr_FR\" \/>\n<meta property=\"og:type\" content=\"article\" \/>\n<meta property=\"og:title\" content=\"Jouer \u00e0 la loterie britannique en ligne depuis la France | Puis-je participer au Lotto britannique si je vis en France\" \/>\n<meta property=\"og:description\" content=\"Il est d\u00e9sormais facile de participer \u00e0 la loterie britannique depuis d&#039;autres pays comme la France gr\u00e2ce \u00e0 notre service en ligne\" \/>\n<meta property=\"og:url\" content=\"https:\/\/onlinelotto365.com\/fr\/jouer\/uk-lottery\/\" \/>\n<meta property=\"og:site_name\" content=\"OnlineLotto365\" \/>\n<meta property=\"article:modified_time\" content=\"2020-12-29T19:36:02+00:00\" \/>\n<meta name=\"twitter:card\" content=\"summary_large_image\" \/>\n<meta name=\"twitter:label1\" content=\"Dur\u00e9e de lecture estim\u00e9e\" \/>\n\t<meta name=\"twitter:data1\" content=\"2 minutes\" \/>\n<script type=\"application\/ld+json\" class=\"yoast-schema-graph\">{\"@context\":\"https:\/\/schema.org\",\"@graph\":[{\"@type\":\"WebPage\",\"@id\":\"https:\/\/onlinelotto365.com\/fr\/jouer\/uk-lottery\/\",\"url\":\"https:\/\/onlinelotto365.com\/fr\/jouer\/uk-lottery\/\",\"name\":\"Jouer \u00e0 la loterie britannique en ligne depuis la France | Puis-je participer au Lotto britannique si je vis en France\",\"isPartOf\":{\"@id\":\"https:\/\/onlinelotto365.com\/fr\/#website\"},\"datePublished\":\"2020-12-17T09:44:38+00:00\",\"dateModified\":\"2020-12-29T19:36:02+00:00\",\"description\":\"Il est d\u00e9sormais facile de participer \u00e0 la loterie britannique depuis d'autres pays comme la France gr\u00e2ce \u00e0 notre service en ligne\",\"breadcrumb\":{\"@id\":\"https:\/\/onlinelotto365.com\/fr\/jouer\/uk-lottery\/#breadcrumb\"},\"inLanguage\":\"fr-FR\",\"potentialAction\":[{\"@type\":\"ReadAction\",\"target\":[\"https:\/\/onlinelotto365.com\/fr\/jouer\/uk-lottery\/\"]}]},{\"@type\":\"BreadcrumbList\",\"@id\":\"https:\/\/onlinelotto365.com\/fr\/jouer\/uk-lottery\/#breadcrumb\",\"itemListElement\":[{\"@type\":\"ListItem\",\"position\":1,\"name\":\"Home\",\"item\":\"https:\/\/onlinelotto365.com\/fr\/\"},{\"@type\":\"ListItem\",\"position\":2,\"name\":\"Tout ce que vous devez savoir sur vos possibilit\u00e9s de jouer aux meilleures loteries en ligne\",\"item\":\"https:\/\/onlinelotto365.com\/fr\/play\/\"},{\"@type\":\"ListItem\",\"position\":3,\"name\":\"Comment les r\u00e9sidents fran\u00e7ais peuvent-ils jouer \u00e0 la loterie britannique en ligne ?\"}]},{\"@type\":\"WebSite\",\"@id\":\"https:\/\/onlinelotto365.com\/fr\/#website\",\"url\":\"https:\/\/onlinelotto365.com\/fr\/\",\"name\":\"OnlineLotto365\",\"description\":\"\",\"potentialAction\":[{\"@type\":\"SearchAction\",\"target\":{\"@type\":\"EntryPoint\",\"urlTemplate\":\"https:\/\/onlinelotto365.com\/fr\/?s={search_term_string}\"},\"query-input\":{\"@type\":\"PropertyValueSpecification\",\"valueRequired\":true,\"valueName\":\"search_term_string\"}}],\"inLanguage\":\"fr-FR\"}]}<\/script>\n<!-- \/ Yoast SEO plugin. -->","yoast_head_json":{"title":"Jouer \u00e0 la loterie britannique en ligne depuis la France | Puis-je participer au Lotto britannique si je vis en France","description":"Il est d\u00e9sormais facile de participer \u00e0 la loterie britannique depuis d'autres pays comme la France gr\u00e2ce \u00e0 notre service en ligne","robots":{"index":"index","follow":"follow","max-snippet":"max-snippet:-1","max-image-preview":"max-image-preview:large","max-video-preview":"max-video-preview:-1"},"canonical":"https:\/\/onlinelotto365.com\/fr\/jouer\/uk-lottery\/","og_locale":"fr_FR","og_type":"article","og_title":"Jouer \u00e0 la loterie britannique en ligne depuis la France | Puis-je participer au Lotto britannique si je vis en France","og_description":"Il est d\u00e9sormais facile de participer \u00e0 la loterie britannique depuis d'autres pays comme la France gr\u00e2ce \u00e0 notre service en ligne","og_url":"https:\/\/onlinelotto365.com\/fr\/jouer\/uk-lottery\/","og_site_name":"OnlineLotto365","article_modified_time":"2020-12-29T19:36:02+00:00","twitter_card":"summary_large_image","twitter_misc":{"Dur\u00e9e de lecture estim\u00e9e":"2 minutes"},"schema":{"@context":"https:\/\/schema.org","@graph":[{"@type":"WebPage","@id":"https:\/\/onlinelotto365.com\/fr\/jouer\/uk-lottery\/","url":"https:\/\/onlinelotto365.com\/fr\/jouer\/uk-lottery\/","name":"Jouer \u00e0 la loterie britannique en ligne depuis la France | Puis-je participer au Lotto britannique si je vis en France","isPartOf":{"@id":"https:\/\/onlinelotto365.com\/fr\/#website"},"datePublished":"2020-12-17T09:44:38+00:00","dateModified":"2020-12-29T19:36:02+00:00","description":"Il est d\u00e9sormais facile de participer \u00e0 la loterie britannique depuis d'autres pays comme la France gr\u00e2ce \u00e0 notre service en ligne","breadcrumb":{"@id":"https:\/\/onlinelotto365.com\/fr\/jouer\/uk-lottery\/#breadcrumb"},"inLanguage":"fr-FR","potentialAction":[{"@type":"ReadAction","target":["https:\/\/onlinelotto365.com\/fr\/jouer\/uk-lottery\/"]}]},{"@type":"BreadcrumbList","@id":"https:\/\/onlinelotto365.com\/fr\/jouer\/uk-lottery\/#breadcrumb","itemListElement":[{"@type":"ListItem","position":1,"name":"Home","item":"https:\/\/onlinelotto365.com\/fr\/"},{"@type":"ListItem","position":2,"name":"Tout ce que vous devez savoir sur vos possibilit\u00e9s de jouer aux meilleures loteries en ligne","item":"https:\/\/onlinelotto365.com\/fr\/play\/"},{"@type":"ListItem","position":3,"name":"Comment les r\u00e9sidents fran\u00e7ais peuvent-ils jouer \u00e0 la loterie britannique en ligne ?"}]},{"@type":"WebSite","@id":"https:\/\/onlinelotto365.com\/fr\/#website","url":"https:\/\/onlinelotto365.com\/fr\/","name":"OnlineLotto365","description":"","potentialAction":[{"@type":"SearchAction","target":{"@type":"EntryPoint","urlTemplate":"https:\/\/onlinelotto365.com\/fr\/?s={search_term_string}"},"query-input":{"@type":"PropertyValueSpecification","valueRequired":true,"valueName":"search_term_string"}}],"inLanguage":"fr-FR"}]}},"_links":{"self":[{"href":"https:\/\/onlinelotto365.com\/fr\/wp-json\/wp\/v2\/pages\/10371","targetHints":{"allow":["GET"]}}],"collection":[{"href":"https:\/\/onlinelotto365.com\/fr\/wp-json\/wp\/v2\/pages"}],"about":[{"href":"https:\/\/onlinelotto365.com\/fr\/wp-json\/wp\/v2\/types\/page"}],"author":[{"embeddable":true,"href":"https:\/\/onlinelotto365.com\/fr\/wp-json\/wp\/v2\/users\/1"}],"replies":[{"embeddable":true,"href":"https:\/\/onlinelotto365.com\/fr\/wp-json\/wp\/v2\/comments?post=10371"}],"version-history":[{"count":0,"href":"https:\/\/onlinelotto365.com\/fr\/wp-json\/wp\/v2\/pages\/10371\/revisions"}],"up":[{"embeddable":true,"href":"https:\/\/onlinelotto365.com\/fr\/wp-json\/wp\/v2\/pages\/5017"}],"wp:attachment":[{"href":"https:\/\/onlinelotto365.com\/fr\/wp-json\/wp\/v2\/media?parent=10371"}],"curies":[{"name":"wp","href":"https:\/\/api.w.org\/{rel}","templated":true}]}}