{"id":10373,"date":"2020-12-17T10:45:36","date_gmt":"2020-12-17T09:45:36","guid":{"rendered":"http:\/\/onlinelotto365.net\/?page_id=10373"},"modified":"2020-12-29T20:36:44","modified_gmt":"2020-12-29T19:36:44","slug":"set-for-life","status":"publish","type":"page","link":"https:\/\/onlinelotto365.com\/fr\/jouer\/set-for-life\/","title":{"rendered":"Est-il possible de jouer au loto \u00ab\u00a0Set for life\u00a0\u00bb en ligne ?"},"content":{"rendered":"<p>Saviez-vous que la loterie Set for Life peut vous donner une chance de <strong> gagner 10 000 \u00a3 par mois? <\/strong> Si vous souhaitez tenter votre chance \u00e0 une loterie, la loterie Set for Life est un excellent moyen de commencer . La loterie Set for Life est surtout connue pour \u00eatre le seul jeu qui vous permet de jouer \u00e0 des num\u00e9ros dans sept tirages quotidiens cons\u00e9cutifs. Cela signifie simplement que vous avez de nombreuses chances de gagner le jackpot tous les jours de la semaine.<\/p>\n<p>Ici, nous allons vous faire en savoir plus sur Set for Life et comprendre pourquoi beaucoup de gens continuent de jouer \u00e0 cette loterie.<\/p>\n<p>Set for Life a \u00e9t\u00e9 organis\u00e9 par la Loterie Nationale et a obtenu le titre de premier jeu de loterie de rente en France. La loterie donne aux joueurs une chance de gagner un paiement mensuel de 10 000 \u00a3 pour une p\u00e9riode de 30 ans.<\/p>\n<p>Et m\u00eame s&rsquo;il s&rsquo;agit d&rsquo;une loterie britannique, vous pouvez <strong> jouer \u00e0 Set for life en ligne depuis la France. <\/strong> Notre <a href=\"https:\/\/onlinelotto365.com\/fr\/news\/service-de-billetterie-pour-les-loteries-internationales\"> service de billetterie en ligne pour les loteries mondiales <\/a> permet aux joueurs du monde entier de participer aux meilleures loteries avec les plus gros jackpots.<\/p>\n<p><a href=\"https:\/\/redfoxlotto.com\/fr\/jouer\/set-for-life-uk\/?ref=a8564250a2&amp;medium=ol365\" target=\"_blank\" rel=\"noopener noreferrer\"> <img decoding=\"async\" class=\"aligncenter \" src=\" https:\/\/redfoxlotto.com\/image?size=8&amp;lottery=set-for-life-uk \" alt=\" &amp; quot; Set \" \/> <\/a><\/p>\n<h2>\u00c0 propos du loto Set for life<\/h2>\n<ul>\n<li>Pays: Royaume-Uni<\/li>\n<li>Plage de num\u00e9ros principaux: 45<\/li>\n<li>Vous choisissez: 5<\/li>\n<li>Plage de num\u00e9ros suppl\u00e9mentaires: 10<\/li>\n<li>Vous choisissez: 1<\/li>\n<li>Jours et heures des tirages: lundi, jeudi, 20h00 GMT, 21h00 CET<\/li>\n<li>Jackpot minimum: aucun<\/li>\n<li>Jackpot maximum: aucun<\/li>\n<li>Probabilit\u00e9 de gagner le jackpot: 1 sur 15.339.390<\/li>\n<li>Probabilit\u00e9 d&rsquo;une victoire de niveau 2: 1 sur 1.704.377<\/li>\n<li>Probabilit\u00e9 de gagner dans n&rsquo;importe quel niveau: 1 sur 12,4<\/li>\n<li>Nombre de niveaux de prix: 8<\/li>\n<\/ul>\n<p>Comme d&rsquo;autres loteries au Royaume-Uni, le Set for Life est un jeu de tirage au sort. Si vous jouez \u00e0 la loterie, vous devez s\u00e9lectionner <strong> cinq num\u00e9ros dans la plage de devinettes de 1 \u00e0 47, y compris un num\u00e9ro \u00abboule de vie\u00bb de 1 \u00e0 10 <\/strong>. Une fois vos cinq num\u00e9ros et votre num\u00e9ro de boule de vie choisis, vous aurez une chance de gagner un jackpot total de 10 000 \u00a3 chaque mois.<\/p>\n<h2>Pr\u00eat pour Life Draw<\/h2>\n<p>La loterie Set for Life se d\u00e9roule tous les lundis et jeudis, et au Royaume-Uni, les joueurs peuvent <a href=\"https:\/\/onlinelotto365.com\/fr\/acheter-ticquets\"> acheter du loto billets <\/a> dans leur magasin de loto local. Le tirage au sort se termine \u00e0 21 h EST tous les soirs. Les derniers r\u00e9sultats du Set for Life sont g\u00e9n\u00e9ralement disponibles le jour du tirage, qui est 21h45 GMT. Veuillez noter que les dividendes pour chaque jeu sont mis \u00e0 jour peu de temps apr\u00e8s le tirage au sort. En outre, les mises \u00e0 jour des dividendes sont g\u00e9n\u00e9ralement disponibles au public le matin apr\u00e8s le tirage du loto.<\/p>\n<h2>Comment gagner un set pour la loterie \u00e0 vie<\/h2>\n<p>Le premier prix de la loterie Set for Life offre un paiement mensuel de 10000 \u00a3 et quatre joueurs ont une chance de gagner le prix \u00e0 chaque tirage. Pour que vous puissiez gagner le jackpot, vos num\u00e9ros doivent correspondre aux huit num\u00e9ros gagnants du set unique. Cela signifie qu&rsquo;il y a un total de huit cat\u00e9gories de prix dans la loterie Set for Life. Vous avez une chance de gagner un prix avec quatre num\u00e9ros gagnants, dont un num\u00e9ro bonus dans chaque ensemble.<\/p>\n<p><strong> Set for Life offre de bonnes chances de gagner le jackpot <\/strong>. Par exemple, d&rsquo;autres prix qui n\u00e9cessitent une correspondance d&rsquo;un ou plusieurs num\u00e9ros vous donnent une chance sur 12 de gagner, m\u00eame si ce ne serait que 5 \u00a3.<\/p>\n<p>Donc, si vous pouvez sentir votre chance, cela vaudra la peine d&rsquo;opter pour un ticket Set for Life! Nous vous proposons un <a href=\"https:\/\/onlinelotto365.com\/fr\/jouer\"> large gamme de loteries internationales auxquelles vous pouvez jouer <\/a> depuis la France, pour des jackpots avec des centaines de millions de gains.<\/p>\n","protected":false},"excerpt":{"rendered":"<p>Saviez-vous que la loterie Set for Life peut vous donner une chance de gagner 10 000 \u00a3 par mois? Si vous souhaitez tenter votre chance \u00e0 une loterie, la loterie Set for Life est un excellent moyen de commencer . La loterie Set for Life est surtout connue pour \u00eatre le seul jeu qui vous [&hellip;]<\/p>\n","protected":false},"author":1,"featured_media":0,"parent":5017,"menu_order":10,"comment_status":"closed","ping_status":"closed","template":"set-for-life.php","meta":{"_et_pb_use_builder":"","_et_pb_old_content":"","_et_gb_content_width":"","exclude_from_search":false,"footnotes":""},"class_list":["post-10373","page","type-page","status-publish","hentry"],"yoast_head":"<!-- This site is optimized with the Yoast SEO plugin v23.4 - https:\/\/yoast.com\/wordpress\/plugins\/seo\/ -->\n<title>Comment jouer au loto &quot;Set for life&quot; en ligne depuis la France<\/title>\n<meta name=\"description\" content=\"Acheter des billets en ligne pour le loto &quot;Set for life&quot; si vous \u00eates bas\u00e9 en France\" \/>\n<meta name=\"robots\" content=\"index, follow, max-snippet:-1, max-image-preview:large, max-video-preview:-1\" \/>\n<link rel=\"canonical\" href=\"https:\/\/onlinelotto365.com\/fr\/jouer\/set-for-life\/\" \/>\n<meta property=\"og:locale\" content=\"fr_FR\" \/>\n<meta property=\"og:type\" content=\"article\" \/>\n<meta property=\"og:title\" content=\"Comment jouer au loto &quot;Set for life&quot; en ligne depuis la France\" \/>\n<meta property=\"og:description\" content=\"Acheter des billets en ligne pour le loto &quot;Set for life&quot; si vous \u00eates bas\u00e9 en France\" \/>\n<meta property=\"og:url\" content=\"https:\/\/onlinelotto365.com\/fr\/jouer\/set-for-life\/\" \/>\n<meta property=\"og:site_name\" content=\"OnlineLotto365\" \/>\n<meta property=\"article:modified_time\" content=\"2020-12-29T19:36:44+00:00\" \/>\n<meta name=\"twitter:card\" content=\"summary_large_image\" \/>\n<meta name=\"twitter:label1\" content=\"Dur\u00e9e de lecture estim\u00e9e\" \/>\n\t<meta name=\"twitter:data1\" content=\"3 minutes\" \/>\n<script type=\"application\/ld+json\" class=\"yoast-schema-graph\">{\"@context\":\"https:\/\/schema.org\",\"@graph\":[{\"@type\":\"WebPage\",\"@id\":\"https:\/\/onlinelotto365.com\/fr\/jouer\/set-for-life\/\",\"url\":\"https:\/\/onlinelotto365.com\/fr\/jouer\/set-for-life\/\",\"name\":\"Comment jouer au loto \\\"Set for life\\\" en ligne depuis la France\",\"isPartOf\":{\"@id\":\"https:\/\/onlinelotto365.com\/fr\/#website\"},\"datePublished\":\"2020-12-17T09:45:36+00:00\",\"dateModified\":\"2020-12-29T19:36:44+00:00\",\"description\":\"Acheter des billets en ligne pour le loto \\\"Set for life\\\" si vous \u00eates bas\u00e9 en France\",\"breadcrumb\":{\"@id\":\"https:\/\/onlinelotto365.com\/fr\/jouer\/set-for-life\/#breadcrumb\"},\"inLanguage\":\"fr-FR\",\"potentialAction\":[{\"@type\":\"ReadAction\",\"target\":[\"https:\/\/onlinelotto365.com\/fr\/jouer\/set-for-life\/\"]}]},{\"@type\":\"BreadcrumbList\",\"@id\":\"https:\/\/onlinelotto365.com\/fr\/jouer\/set-for-life\/#breadcrumb\",\"itemListElement\":[{\"@type\":\"ListItem\",\"position\":1,\"name\":\"Home\",\"item\":\"https:\/\/onlinelotto365.com\/fr\/\"},{\"@type\":\"ListItem\",\"position\":2,\"name\":\"Tout ce que vous devez savoir sur vos possibilit\u00e9s de jouer aux meilleures loteries en ligne\",\"item\":\"https:\/\/onlinelotto365.com\/fr\/play\/\"},{\"@type\":\"ListItem\",\"position\":3,\"name\":\"Est-il possible de jouer au loto \u00ab\u00a0Set for life\u00a0\u00bb en ligne ?\"}]},{\"@type\":\"WebSite\",\"@id\":\"https:\/\/onlinelotto365.com\/fr\/#website\",\"url\":\"https:\/\/onlinelotto365.com\/fr\/\",\"name\":\"OnlineLotto365\",\"description\":\"\",\"potentialAction\":[{\"@type\":\"SearchAction\",\"target\":{\"@type\":\"EntryPoint\",\"urlTemplate\":\"https:\/\/onlinelotto365.com\/fr\/?s={search_term_string}\"},\"query-input\":{\"@type\":\"PropertyValueSpecification\",\"valueRequired\":true,\"valueName\":\"search_term_string\"}}],\"inLanguage\":\"fr-FR\"}]}<\/script>\n<!-- \/ Yoast SEO plugin. -->","yoast_head_json":{"title":"Comment jouer au loto \"Set for life\" en ligne depuis la France","description":"Acheter des billets en ligne pour le loto \"Set for life\" si vous \u00eates bas\u00e9 en France","robots":{"index":"index","follow":"follow","max-snippet":"max-snippet:-1","max-image-preview":"max-image-preview:large","max-video-preview":"max-video-preview:-1"},"canonical":"https:\/\/onlinelotto365.com\/fr\/jouer\/set-for-life\/","og_locale":"fr_FR","og_type":"article","og_title":"Comment jouer au loto \"Set for life\" en ligne depuis la France","og_description":"Acheter des billets en ligne pour le loto \"Set for life\" si vous \u00eates bas\u00e9 en France","og_url":"https:\/\/onlinelotto365.com\/fr\/jouer\/set-for-life\/","og_site_name":"OnlineLotto365","article_modified_time":"2020-12-29T19:36:44+00:00","twitter_card":"summary_large_image","twitter_misc":{"Dur\u00e9e de lecture estim\u00e9e":"3 minutes"},"schema":{"@context":"https:\/\/schema.org","@graph":[{"@type":"WebPage","@id":"https:\/\/onlinelotto365.com\/fr\/jouer\/set-for-life\/","url":"https:\/\/onlinelotto365.com\/fr\/jouer\/set-for-life\/","name":"Comment jouer au loto \"Set for life\" en ligne depuis la France","isPartOf":{"@id":"https:\/\/onlinelotto365.com\/fr\/#website"},"datePublished":"2020-12-17T09:45:36+00:00","dateModified":"2020-12-29T19:36:44+00:00","description":"Acheter des billets en ligne pour le loto \"Set for life\" si vous \u00eates bas\u00e9 en France","breadcrumb":{"@id":"https:\/\/onlinelotto365.com\/fr\/jouer\/set-for-life\/#breadcrumb"},"inLanguage":"fr-FR","potentialAction":[{"@type":"ReadAction","target":["https:\/\/onlinelotto365.com\/fr\/jouer\/set-for-life\/"]}]},{"@type":"BreadcrumbList","@id":"https:\/\/onlinelotto365.com\/fr\/jouer\/set-for-life\/#breadcrumb","itemListElement":[{"@type":"ListItem","position":1,"name":"Home","item":"https:\/\/onlinelotto365.com\/fr\/"},{"@type":"ListItem","position":2,"name":"Tout ce que vous devez savoir sur vos possibilit\u00e9s de jouer aux meilleures loteries en ligne","item":"https:\/\/onlinelotto365.com\/fr\/play\/"},{"@type":"ListItem","position":3,"name":"Est-il possible de jouer au loto \u00ab\u00a0Set for life\u00a0\u00bb en ligne ?"}]},{"@type":"WebSite","@id":"https:\/\/onlinelotto365.com\/fr\/#website","url":"https:\/\/onlinelotto365.com\/fr\/","name":"OnlineLotto365","description":"","potentialAction":[{"@type":"SearchAction","target":{"@type":"EntryPoint","urlTemplate":"https:\/\/onlinelotto365.com\/fr\/?s={search_term_string}"},"query-input":{"@type":"PropertyValueSpecification","valueRequired":true,"valueName":"search_term_string"}}],"inLanguage":"fr-FR"}]}},"_links":{"self":[{"href":"https:\/\/onlinelotto365.com\/fr\/wp-json\/wp\/v2\/pages\/10373","targetHints":{"allow":["GET"]}}],"collection":[{"href":"https:\/\/onlinelotto365.com\/fr\/wp-json\/wp\/v2\/pages"}],"about":[{"href":"https:\/\/onlinelotto365.com\/fr\/wp-json\/wp\/v2\/types\/page"}],"author":[{"embeddable":true,"href":"https:\/\/onlinelotto365.com\/fr\/wp-json\/wp\/v2\/users\/1"}],"replies":[{"embeddable":true,"href":"https:\/\/onlinelotto365.com\/fr\/wp-json\/wp\/v2\/comments?post=10373"}],"version-history":[{"count":0,"href":"https:\/\/onlinelotto365.com\/fr\/wp-json\/wp\/v2\/pages\/10373\/revisions"}],"up":[{"embeddable":true,"href":"https:\/\/onlinelotto365.com\/fr\/wp-json\/wp\/v2\/pages\/5017"}],"wp:attachment":[{"href":"https:\/\/onlinelotto365.com\/fr\/wp-json\/wp\/v2\/media?parent=10373"}],"curies":[{"name":"wp","href":"https:\/\/api.w.org\/{rel}","templated":true}]}}