{"id":10377,"date":"2020-12-17T10:47:30","date_gmt":"2020-12-17T09:47:30","guid":{"rendered":"http:\/\/onlinelotto365.net\/?page_id=10377"},"modified":"2020-12-29T20:38:16","modified_gmt":"2020-12-29T19:38:16","slug":"mega-sena","status":"publish","type":"page","link":"https:\/\/onlinelotto365.com\/fr\/jouer\/mega-sena\/","title":{"rendered":"Comment les r\u00e9sidents de France peuvent-ils jouer \u00e0 M\u00e9ga-Sena en ligne ?"},"content":{"rendered":"<p>Notre service vous permet actuellement d&rsquo;acheter des billets de loterie pour 15 grandes loteries diff\u00e9rentes du monde entier. Nous sommes fiers d&rsquo;offrir \u00e0 nos joueurs <strong> la possibilit\u00e9 de jouer \u00e0 la loterie br\u00e9silienne Mega Sena en ligne <\/strong>. Comme toutes les grandes loteries, vous deviez auparavant vivre dans le pays ou la r\u00e9gion o\u00f9 une loterie donn\u00e9e \u00e9tait organis\u00e9e et vous rendre chez un d\u00e9taillant de loto l\u00e0-bas pour <a href=\"https:\/\/onlinelotto365.com\/fr\/acheter-ticquets\"> acheter vos billets <\/a>.<\/p>\n<p>Ce n&rsquo;est plus le cas maintenant que vous pouvez \u00e9galement y jouer depuis la France et acheter les billets de loterie que vous voulez en ligne, et autant que vous le souhaitez, et pour autant de loteries diff\u00e9rentes que vous le souhaitez, directement depuis votre propre ordinateur.<\/p>\n<p>Alors maintenant que ce nouveau jour a commenc\u00e9 dans le monde du jeu de loterie, les joueurs ont parl\u00e9 et ce qu&rsquo;ils ont demand\u00e9, c&rsquo;est un grand choix de loteries diff\u00e9rentes. Nous vous apportons donc le meilleur de cela chez vous. Parmi ceux-ci se trouve le Mega-Sena Lotto, la plus grande loterie du Br\u00e9sil.<\/p>\n<p><a href=\"https:\/\/redfoxlotto.com\/fr\/jouer\/mega-sena\/?ref=a8564250a2&amp;medium=ol365\" target=\"_blank\" rel=\"noopener noreferrer\"> <img decoding=\"async\" class=\"aligncenter\" src=\" https:\/\/redfoxlotto.com\/image?size=8&amp;lottery=mega-sena \" alt=\" mega-sena \" \/> <\/a><\/p>\n<h2>\u00c0 propos de Mega-Sena<\/h2>\n<ul>\n<li>Pays: Br\u00e9sil<\/li>\n<li>Plage de num\u00e9ros principaux: 60<\/li>\n<li>Vous choisissez: 6<\/li>\n<li>Plage de num\u00e9ros suppl\u00e9mentaires: aucune<\/li>\n<li>Vous choisissez: aucun<\/li>\n<li>Jours et heures des tirages: mercredi, samedi, 20h00 GMT -3, 24h00 CET<\/li>\n<li>Jackpot minimum: 2 millions de R $<\/li>\n<li>Jackpot plafonn\u00e9 au maximum: pas de plafond<\/li>\n<li>Probabilit\u00e9 de gagner le jackpot: 1 sur 50.063.860<\/li>\n<li>Probabilit\u00e9 d&rsquo;une victoire de niveau 2: 1 sur 15.451.809<\/li>\n<li>Probabilit\u00e9 de gagner dans n&rsquo;importe quel palier: 1 sur 2297,56<\/li>\n<li>Nombre de niveaux de prix: 3<\/li>\n<\/ul>\n<p>Les tirages au sort pour le Mega-Sena ont lieu les mercredis et samedis, ajoutant deux <a href=\"https:\/\/onlinelotto365.com\/fr\/news\/quelles-sont-les-meilleures-chances-de-gagner-a-la-loterie\"> plus de chances de gagner parmi tous les autres loteries <\/a> auxquelles vous jouez actuellement. Nous vous proposons un grand choix, et tous valent la peine de jouer, y compris le Mega Sena.<\/p>\n<p>Pour jouer au Mega-Sena Lotto, les joueurs choisissent 6 num\u00e9ros de 1 \u00e0 60. Faire correspondre les 6 num\u00e9ros vous rapporte le jackpot, qui est toujours d&rsquo;au moins plusieurs millions de dollars et devient souvent beaucoup plus \u00e9lev\u00e9 que cela.<br \/>\nCependant, le Mega-Sena est <strong> unique par rapport \u00e0 toutes les autres loteries du monde <\/strong>, car il n\u2019a pas seulement 60 balles avec des num\u00e9ros diff\u00e9rents. Il y a deux tambours diff\u00e9rents, un avec 0 \u00e0 5 et le second de 0 \u00e0 9. Ils dessinent ensuite les chiffres un \u00e0 la fois.<\/p>\n<p>Par exemple, s&rsquo;ils tirent un 2 du premier tambour, puis un 9 du second, alors le nombre tir\u00e9 est 29. Une fois qu&rsquo;un num\u00e9ro \u00e0 un chiffre est tir\u00e9, il n&rsquo;est pas remis dans le tambour. Nous savons donc maintenant qu&rsquo;il y aura exactement un nombre \u00e0 un chiffre, \u00e0 moins que 00 ne soit dessin\u00e9, ce qui est consid\u00e9r\u00e9 comme 60, un commen\u00e7ant par 1, un commen\u00e7ant par deux, et ainsi de suite. C&rsquo;est donc une tournure int\u00e9ressante et rend la victoire plus facile \u00e0 condition de suivre cette strat\u00e9gie.<\/p>\n<p>Faire correspondre les 6 num\u00e9ros vous permet de gagner le jackpot, tandis que les 4 ou 5 num\u00e9ros correspondants vous rapporteront un prix secondaire. Comme c&rsquo;est souvent le cas avec les loteries nationales, <strong> les b\u00e9n\u00e9fices g\u00e9n\u00e9r\u00e9s par le Mega-Sena Lotto vont au soutien des programmes sociaux <\/strong>, et en fait, le peuple br\u00e9silien d\u00e9pend fortement de ces dons. Donc, m\u00eame si nous ne sommes peut-\u00eatre pas du Br\u00e9sil et que nous n&rsquo;en b\u00e9n\u00e9ficions donc pas directement, il est bon de savoir que nous faisons d\u00e9finitivement du bien en jouant au Mega Sena en plus de tout le plaisir que nous avons de le faire.<\/p>\n<h2>Les loteries sont la forme de jeu pr\u00e9f\u00e9r\u00e9e au monde<\/h2>\n<p>Il n&rsquo;est pas tr\u00e8s difficile de comprendre pourquoi les loteries sont la forme de jeu la plus populaire au monde. Ce n&rsquo;est m\u00eame pas si facilement accessible, m\u00eame si cela aide certainement. La vraie raison est l&rsquo;excitation que procure l&rsquo;opportunit\u00e9 de gagner des sommes d&rsquo;argent monstres.<\/p>\n<p>Il semble \u00e9galement que notre app\u00e9tit pour ces <strong> \u00e9normes jackpots <\/strong> soit en effet assez substantiel. Si vous avez d\u00e9j\u00e0 \u00e9t\u00e9 t\u00e9moin du buzz g\u00e9n\u00e9r\u00e9 <a href=\"https:\/\/onlinelotto365.com\/fr\/news\/les-plus-gros-jackpots-de-loterie-de-lhistoire\"> lorsque les jackpots atteignent des montants \u00e9normes <\/a>, et combien plus de billets sont vendus pour ceux-ci, avec les files d&rsquo;attente beaucoup plus longues qui les accompagnent, alors vous savez que tout cela est vrai.<\/p>\n<p>Pourquoi les gens ne seraient-ils pas excit\u00e9s d&rsquo;avoir une chance de gagner suffisamment d&rsquo;argent pour vous pr\u00e9parer \u00e0 vivre une vie de luxe et d&rsquo;opulence? Pour la tr\u00e8s grande majorit\u00e9 d&rsquo;entre nous, c&rsquo;est la seule chance que nous aurons jamais \u00e0 ce style de vie. Cependant, les gens ordinaires comme nous gagnent ces sommes gigantesques, et vous ne savez jamais si et quand votre tour pourrait arriver.<\/p>\n<p><strong> Le simple fait de jouer procure beaucoup de plaisir <\/strong> aux gens, m\u00eame si vos chances de gagner<\/p>\n","protected":false},"excerpt":{"rendered":"<p>Notre service vous permet actuellement d&rsquo;acheter des billets de loterie pour 15 grandes loteries diff\u00e9rentes du monde entier. Nous sommes fiers d&rsquo;offrir \u00e0 nos joueurs la possibilit\u00e9 de jouer \u00e0 la loterie br\u00e9silienne Mega Sena en ligne . Comme toutes les grandes loteries, vous deviez auparavant vivre dans le pays ou la r\u00e9gion o\u00f9 une [&hellip;]<\/p>\n","protected":false},"author":1,"featured_media":0,"parent":5017,"menu_order":12,"comment_status":"closed","ping_status":"closed","template":"megasena.php","meta":{"_et_pb_use_builder":"","_et_pb_old_content":"","_et_gb_content_width":"","exclude_from_search":false,"footnotes":""},"class_list":["post-10377","page","type-page","status-publish","hentry"],"yoast_head":"<!-- This site is optimized with the Yoast SEO plugin v23.4 - https:\/\/yoast.com\/wordpress\/plugins\/seo\/ -->\n<title>Jouer \u00e0 Mega-Sena en ligne depuis la France | Puis-je participer \u00e0 Mega-Sena si je vis en France<\/title>\n<meta name=\"description\" content=\"Notre service de billetterie en ligne permet aux fans de loto fran\u00e7ais de jouer facilement \u00e0 M\u00e9ga-Sena en ligne\" \/>\n<meta name=\"robots\" content=\"index, follow, max-snippet:-1, max-image-preview:large, max-video-preview:-1\" \/>\n<link rel=\"canonical\" href=\"https:\/\/onlinelotto365.com\/fr\/jouer\/mega-sena\/\" \/>\n<meta property=\"og:locale\" content=\"fr_FR\" \/>\n<meta property=\"og:type\" content=\"article\" \/>\n<meta property=\"og:title\" content=\"Jouer \u00e0 Mega-Sena en ligne depuis la France | Puis-je participer \u00e0 Mega-Sena si je vis en France\" \/>\n<meta property=\"og:description\" content=\"Notre service de billetterie en ligne permet aux fans de loto fran\u00e7ais de jouer facilement \u00e0 M\u00e9ga-Sena en ligne\" \/>\n<meta property=\"og:url\" content=\"https:\/\/onlinelotto365.com\/fr\/jouer\/mega-sena\/\" \/>\n<meta property=\"og:site_name\" content=\"OnlineLotto365\" \/>\n<meta property=\"article:modified_time\" content=\"2020-12-29T19:38:16+00:00\" \/>\n<meta name=\"twitter:card\" content=\"summary_large_image\" \/>\n<meta name=\"twitter:label1\" content=\"Dur\u00e9e de lecture estim\u00e9e\" \/>\n\t<meta name=\"twitter:data1\" content=\"4 minutes\" \/>\n<script type=\"application\/ld+json\" class=\"yoast-schema-graph\">{\"@context\":\"https:\/\/schema.org\",\"@graph\":[{\"@type\":\"WebPage\",\"@id\":\"https:\/\/onlinelotto365.com\/fr\/jouer\/mega-sena\/\",\"url\":\"https:\/\/onlinelotto365.com\/fr\/jouer\/mega-sena\/\",\"name\":\"Jouer \u00e0 Mega-Sena en ligne depuis la France | Puis-je participer \u00e0 Mega-Sena si je vis en France\",\"isPartOf\":{\"@id\":\"https:\/\/onlinelotto365.com\/fr\/#website\"},\"datePublished\":\"2020-12-17T09:47:30+00:00\",\"dateModified\":\"2020-12-29T19:38:16+00:00\",\"description\":\"Notre service de billetterie en ligne permet aux fans de loto fran\u00e7ais de jouer facilement \u00e0 M\u00e9ga-Sena en ligne\",\"breadcrumb\":{\"@id\":\"https:\/\/onlinelotto365.com\/fr\/jouer\/mega-sena\/#breadcrumb\"},\"inLanguage\":\"fr-FR\",\"potentialAction\":[{\"@type\":\"ReadAction\",\"target\":[\"https:\/\/onlinelotto365.com\/fr\/jouer\/mega-sena\/\"]}]},{\"@type\":\"BreadcrumbList\",\"@id\":\"https:\/\/onlinelotto365.com\/fr\/jouer\/mega-sena\/#breadcrumb\",\"itemListElement\":[{\"@type\":\"ListItem\",\"position\":1,\"name\":\"Home\",\"item\":\"https:\/\/onlinelotto365.com\/fr\/\"},{\"@type\":\"ListItem\",\"position\":2,\"name\":\"Tout ce que vous devez savoir sur vos possibilit\u00e9s de jouer aux meilleures loteries en ligne\",\"item\":\"https:\/\/onlinelotto365.com\/fr\/play\/\"},{\"@type\":\"ListItem\",\"position\":3,\"name\":\"Comment les r\u00e9sidents de France peuvent-ils jouer \u00e0 M\u00e9ga-Sena en ligne ?\"}]},{\"@type\":\"WebSite\",\"@id\":\"https:\/\/onlinelotto365.com\/fr\/#website\",\"url\":\"https:\/\/onlinelotto365.com\/fr\/\",\"name\":\"OnlineLotto365\",\"description\":\"\",\"potentialAction\":[{\"@type\":\"SearchAction\",\"target\":{\"@type\":\"EntryPoint\",\"urlTemplate\":\"https:\/\/onlinelotto365.com\/fr\/?s={search_term_string}\"},\"query-input\":{\"@type\":\"PropertyValueSpecification\",\"valueRequired\":true,\"valueName\":\"search_term_string\"}}],\"inLanguage\":\"fr-FR\"}]}<\/script>\n<!-- \/ Yoast SEO plugin. -->","yoast_head_json":{"title":"Jouer \u00e0 Mega-Sena en ligne depuis la France | Puis-je participer \u00e0 Mega-Sena si je vis en France","description":"Notre service de billetterie en ligne permet aux fans de loto fran\u00e7ais de jouer facilement \u00e0 M\u00e9ga-Sena en ligne","robots":{"index":"index","follow":"follow","max-snippet":"max-snippet:-1","max-image-preview":"max-image-preview:large","max-video-preview":"max-video-preview:-1"},"canonical":"https:\/\/onlinelotto365.com\/fr\/jouer\/mega-sena\/","og_locale":"fr_FR","og_type":"article","og_title":"Jouer \u00e0 Mega-Sena en ligne depuis la France | Puis-je participer \u00e0 Mega-Sena si je vis en France","og_description":"Notre service de billetterie en ligne permet aux fans de loto fran\u00e7ais de jouer facilement \u00e0 M\u00e9ga-Sena en ligne","og_url":"https:\/\/onlinelotto365.com\/fr\/jouer\/mega-sena\/","og_site_name":"OnlineLotto365","article_modified_time":"2020-12-29T19:38:16+00:00","twitter_card":"summary_large_image","twitter_misc":{"Dur\u00e9e de lecture estim\u00e9e":"4 minutes"},"schema":{"@context":"https:\/\/schema.org","@graph":[{"@type":"WebPage","@id":"https:\/\/onlinelotto365.com\/fr\/jouer\/mega-sena\/","url":"https:\/\/onlinelotto365.com\/fr\/jouer\/mega-sena\/","name":"Jouer \u00e0 Mega-Sena en ligne depuis la France | Puis-je participer \u00e0 Mega-Sena si je vis en France","isPartOf":{"@id":"https:\/\/onlinelotto365.com\/fr\/#website"},"datePublished":"2020-12-17T09:47:30+00:00","dateModified":"2020-12-29T19:38:16+00:00","description":"Notre service de billetterie en ligne permet aux fans de loto fran\u00e7ais de jouer facilement \u00e0 M\u00e9ga-Sena en ligne","breadcrumb":{"@id":"https:\/\/onlinelotto365.com\/fr\/jouer\/mega-sena\/#breadcrumb"},"inLanguage":"fr-FR","potentialAction":[{"@type":"ReadAction","target":["https:\/\/onlinelotto365.com\/fr\/jouer\/mega-sena\/"]}]},{"@type":"BreadcrumbList","@id":"https:\/\/onlinelotto365.com\/fr\/jouer\/mega-sena\/#breadcrumb","itemListElement":[{"@type":"ListItem","position":1,"name":"Home","item":"https:\/\/onlinelotto365.com\/fr\/"},{"@type":"ListItem","position":2,"name":"Tout ce que vous devez savoir sur vos possibilit\u00e9s de jouer aux meilleures loteries en ligne","item":"https:\/\/onlinelotto365.com\/fr\/play\/"},{"@type":"ListItem","position":3,"name":"Comment les r\u00e9sidents de France peuvent-ils jouer \u00e0 M\u00e9ga-Sena en ligne ?"}]},{"@type":"WebSite","@id":"https:\/\/onlinelotto365.com\/fr\/#website","url":"https:\/\/onlinelotto365.com\/fr\/","name":"OnlineLotto365","description":"","potentialAction":[{"@type":"SearchAction","target":{"@type":"EntryPoint","urlTemplate":"https:\/\/onlinelotto365.com\/fr\/?s={search_term_string}"},"query-input":{"@type":"PropertyValueSpecification","valueRequired":true,"valueName":"search_term_string"}}],"inLanguage":"fr-FR"}]}},"_links":{"self":[{"href":"https:\/\/onlinelotto365.com\/fr\/wp-json\/wp\/v2\/pages\/10377","targetHints":{"allow":["GET"]}}],"collection":[{"href":"https:\/\/onlinelotto365.com\/fr\/wp-json\/wp\/v2\/pages"}],"about":[{"href":"https:\/\/onlinelotto365.com\/fr\/wp-json\/wp\/v2\/types\/page"}],"author":[{"embeddable":true,"href":"https:\/\/onlinelotto365.com\/fr\/wp-json\/wp\/v2\/users\/1"}],"replies":[{"embeddable":true,"href":"https:\/\/onlinelotto365.com\/fr\/wp-json\/wp\/v2\/comments?post=10377"}],"version-history":[{"count":0,"href":"https:\/\/onlinelotto365.com\/fr\/wp-json\/wp\/v2\/pages\/10377\/revisions"}],"up":[{"embeddable":true,"href":"https:\/\/onlinelotto365.com\/fr\/wp-json\/wp\/v2\/pages\/5017"}],"wp:attachment":[{"href":"https:\/\/onlinelotto365.com\/fr\/wp-json\/wp\/v2\/media?parent=10377"}],"curies":[{"name":"wp","href":"https:\/\/api.w.org\/{rel}","templated":true}]}}