{"id":10380,"date":"2020-12-17T10:48:27","date_gmt":"2020-12-17T09:48:27","guid":{"rendered":"http:\/\/onlinelotto365.net\/?page_id=10380"},"modified":"2020-12-29T20:38:56","modified_gmt":"2020-12-29T19:38:56","slug":"powerball-australia","status":"publish","type":"page","link":"https:\/\/onlinelotto365.com\/fr\/jouer\/powerball-australia\/","title":{"rendered":"Powerball Australia &#8211; vous n&rsquo;\u00eates plus limit\u00e9 \u00e0 vos loteries britanniques"},"content":{"rendered":"<h2>Comment jouer \u00e0 Powerball Australia en ligne<\/h2>\n<p>Il est en fait <strong> assez simple de jouer \u00e0 Powerball Australia en ligne <\/strong>, m\u00eame si vous \u00eates en France. Et c&rsquo;est tr\u00e8s pratique aussi parce que vous \u00eates d\u00e9j\u00e0 l\u00e0 o\u00f9 vous pouvez obtenir vos billets en quelques clics de souris.<\/p>\n<p>Vous serez pris en charge \u00e0 chaque \u00e9tape du processus, o\u00f9 tout ce que vous avez \u00e0 faire est de <strong> cr\u00e9er un compte gratuit <\/strong>, de faire vos s\u00e9lections, de choisir l&rsquo;une de leurs nombreuses options de paiement pratiques, et nous faisons tout le reste.<\/p>\n<p>Assurez-vous de cliquer sur la bonne loterie, \u00e0 savoir Powerball Australia. Ensuite, vous s\u00e9lectionnez vos num\u00e9ros. Si vous essayez de choisir trop de num\u00e9ros ou si vous n&rsquo;avez pas s\u00e9lectionn\u00e9 suffisamment de num\u00e9ros, le syst\u00e8me vous demandera de choisir moins ou plus de num\u00e9ros. Vous pouvez \u00e9galement cliquer sur le bouton de s\u00e9lection rapide pour que le site <strong> choisisse des num\u00e9ros au hasard <\/strong> pour vous. Vous pouvez toujours modifier manuellement ces num\u00e9ros si vous ne les aimez pas.<\/p>\n<p>Il existe \u00e9galement une m\u00e9thode que de nombreux joueurs aiment utiliser: la fonction de s\u00e9lection rapide. Ou vous pouvez utiliser manuellement certains de vos num\u00e9ros pr\u00e9f\u00e9r\u00e9s et laisser le g\u00e9n\u00e9rateur de nombres al\u00e9atoires choisir le reste pour vous.<\/p>\n<p>Apr\u00e8s cela, vous pouvez s\u00e9lectionner une autre loterie, jouer plus de billets de loto et les ajouter \u00e0 votre commande. Ensuite, cliquez pour v\u00e9rifier et payer vos billets en toute s\u00e9curit\u00e9. \u00c0 ce moment, vous devrez cr\u00e9er un compte avec nous. Bien s\u00fbr, vous pouvez \u00e9galement cr\u00e9er votre compte d&rsquo;abord, puis lancer le processus de commande de vos billets.<\/p>\n<p>Apr\u00e8s avoir cr\u00e9\u00e9 votre compte, nous vous enverrons un e-mail de v\u00e9rification avec un lien sur lequel vous devrez cliquer. Assurez-vous de v\u00e9rifier votre dossier spam pour cet e-mail. Il serait judicieux de marquer notre adresse e-mail comme un exp\u00e9diteur de confiance. Cela garantit que les messages importants tels que les notifications de gains vous parviendront r\u00e9ellement.<\/p>\n<p><a href=\"https:\/\/redfoxlotto.com\/fr\/jouer\/powerball-au\/?ref=a8564250a2&amp;medium=ol365\" target=\"_blank\" rel=\"noopener noreferrer\"> <img decoding=\"async\" class=\"aligncenter\" src=\" https:\/\/redfoxlotto.com\/image?size=8&amp;lottery=powerball-au \" alt=\" Powerball France \" \/> <\/a><\/p>\n<h2>\u00c0 propos de Powerball Australia<\/h2>\n<ul>\n<li>Pays: Australie<\/li>\n<li>Plage de num\u00e9ros principaux: 35<\/li>\n<li>Vous devez s\u00e9lectionner: 7<\/li>\n<li>Plage de num\u00e9ros suppl\u00e9mentaires: 20<\/li>\n<li>Vous devez s\u00e9lectionner: 1<\/li>\n<li>Jours, heures des tirages: jeudi, 21h30 GMT + 11, 10h30 CET<\/li>\n<li>Le jackpot commence \u00e0: 3 millions de dollars australiens<\/li>\n<li>Le jackpot est plafonn\u00e9 \u00e0: 150 millions de dollars australiens<\/li>\n<li>Chance de gagner le jackpot: 1 sur 134.490.400<\/li>\n<li>Chances de gagner un deuxi\u00e8me prix: 1 sur 7.078.443<\/li>\n<li>Chances de gagner n&rsquo;importe quel prix: 1 sur 24,87<\/li>\n<li>Nombre de cat\u00e9gories de prix: 7<\/li>\n<\/ul>\n<h2>Comment v\u00e9rifier les r\u00e9sultats de Powerball Australia<\/h2>\n<p>Vous pouvez utiliser un certain nombre de <a href=\"https:\/\/onlinelotto365.com\/fr\/numeros-gagnants\"> m\u00e9thodes pour v\u00e9rifier vos r\u00e9sultats. <\/a> Vous pouvez les trouver sur le site officiel de la loterie. Pour certaines loteries, vous pouvez trouver les num\u00e9ros gagnants dans votre journal local ou une cha\u00eene de t\u00e9l\u00e9vision peut les diffuser. Mais le moyen le plus simple est de revenir sur notre site et de <a href=\"https:\/\/onlinelotto365.com\/fr\/news\/verifiez-le-billet-de-loterie-en-ligne\"> v\u00e9rifier les derniers num\u00e9ros gagnants <\/a> ici. Une fois connect\u00e9 \u00e0 votre compte, vous pouvez <strong> comparer les num\u00e9ros auxquels vous avez jou\u00e9 avec les num\u00e9ros du tirage <\/strong>. Et vous pouvez voir tout de suite combien vous avez gagn\u00e9.<\/p>\n<h2>Vous avez jou\u00e9 \u00e0 Powerball Australia en ligne et avez gagn\u00e9. Que se passe-t-il ensuite?<\/h2>\n<p>Tout d&rsquo;abord, vous devez v\u00e9rifier combien vous avez gagn\u00e9. Si le gain est inf\u00e9rieur \u00e0 2500 \u20ac, vous trouverez le <strong> montant cr\u00e9dit\u00e9 sur votre compte joueur <\/strong>. C&rsquo;est votre choix de l&rsquo;utiliser pour l&rsquo;achat de billets suppl\u00e9mentaires ou, si vous pr\u00e9f\u00e9rez cela, vous pouvez le retirer. Sachez que l&rsquo;option de retrait n&rsquo;est visible que si le solde de votre compte est d&rsquo;au moins 10 \u20ac.<\/p>\n<p>Pour les gains sup\u00e9rieurs \u00e0 2500 \u20ac, notre support vous contactera. Vous devrez remplir un formulaire de r\u00e9clamation, que nous enverrons ensuite \u00e0 la commission de loterie. Ensuite, vous pourrez soit <strong> recevoir vos gains par virement bancaire ou par ch\u00e8que <\/strong>, selon vos souhaits.<\/p>\n","protected":false},"excerpt":{"rendered":"<p>Comment jouer \u00e0 Powerball Australia en ligne Il est en fait assez simple de jouer \u00e0 Powerball Australia en ligne , m\u00eame si vous \u00eates en France. Et c&rsquo;est tr\u00e8s pratique aussi parce que vous \u00eates d\u00e9j\u00e0 l\u00e0 o\u00f9 vous pouvez obtenir vos billets en quelques clics de souris. Vous serez pris en charge \u00e0 [&hellip;]<\/p>\n","protected":false},"author":1,"featured_media":0,"parent":5017,"menu_order":13,"comment_status":"closed","ping_status":"closed","template":"powerball-au.php","meta":{"_et_pb_use_builder":"","_et_pb_old_content":"","_et_gb_content_width":"","exclude_from_search":false,"footnotes":""},"class_list":["post-10380","page","type-page","status-publish","hentry"],"yoast_head":"<!-- This site is optimized with the Yoast SEO plugin v23.4 - https:\/\/yoast.com\/wordpress\/plugins\/seo\/ -->\n<title>Jouer \u00e0 Powerball Australia en ligne depuis la France<\/title>\n<meta name=\"description\" content=\"Jouez \u00e0 Powerball Australia ici m\u00eame - les plus grandes loteries de la plan\u00e8te, disponibles en ligne depuis la France\" \/>\n<meta name=\"robots\" content=\"index, follow, max-snippet:-1, max-image-preview:large, max-video-preview:-1\" \/>\n<link rel=\"canonical\" href=\"https:\/\/onlinelotto365.com\/fr\/jouer\/powerball-australia\/\" \/>\n<meta property=\"og:locale\" content=\"fr_FR\" \/>\n<meta property=\"og:type\" content=\"article\" \/>\n<meta property=\"og:title\" content=\"Jouer \u00e0 Powerball Australia en ligne depuis la France\" \/>\n<meta property=\"og:description\" content=\"Jouez \u00e0 Powerball Australia ici m\u00eame - les plus grandes loteries de la plan\u00e8te, disponibles en ligne depuis la France\" \/>\n<meta property=\"og:url\" content=\"https:\/\/onlinelotto365.com\/fr\/jouer\/powerball-australia\/\" \/>\n<meta property=\"og:site_name\" content=\"OnlineLotto365\" \/>\n<meta property=\"article:modified_time\" content=\"2020-12-29T19:38:56+00:00\" \/>\n<meta name=\"twitter:card\" content=\"summary_large_image\" \/>\n<meta name=\"twitter:label1\" content=\"Dur\u00e9e de lecture estim\u00e9e\" \/>\n\t<meta name=\"twitter:data1\" content=\"3 minutes\" \/>\n<script type=\"application\/ld+json\" class=\"yoast-schema-graph\">{\"@context\":\"https:\/\/schema.org\",\"@graph\":[{\"@type\":\"WebPage\",\"@id\":\"https:\/\/onlinelotto365.com\/fr\/jouer\/powerball-australia\/\",\"url\":\"https:\/\/onlinelotto365.com\/fr\/jouer\/powerball-australia\/\",\"name\":\"Jouer \u00e0 Powerball Australia en ligne depuis la France\",\"isPartOf\":{\"@id\":\"https:\/\/onlinelotto365.com\/fr\/#website\"},\"datePublished\":\"2020-12-17T09:48:27+00:00\",\"dateModified\":\"2020-12-29T19:38:56+00:00\",\"description\":\"Jouez \u00e0 Powerball Australia ici m\u00eame - les plus grandes loteries de la plan\u00e8te, disponibles en ligne depuis la France\",\"breadcrumb\":{\"@id\":\"https:\/\/onlinelotto365.com\/fr\/jouer\/powerball-australia\/#breadcrumb\"},\"inLanguage\":\"fr-FR\",\"potentialAction\":[{\"@type\":\"ReadAction\",\"target\":[\"https:\/\/onlinelotto365.com\/fr\/jouer\/powerball-australia\/\"]}]},{\"@type\":\"BreadcrumbList\",\"@id\":\"https:\/\/onlinelotto365.com\/fr\/jouer\/powerball-australia\/#breadcrumb\",\"itemListElement\":[{\"@type\":\"ListItem\",\"position\":1,\"name\":\"Home\",\"item\":\"https:\/\/onlinelotto365.com\/fr\/\"},{\"@type\":\"ListItem\",\"position\":2,\"name\":\"Tout ce que vous devez savoir sur vos possibilit\u00e9s de jouer aux meilleures loteries en ligne\",\"item\":\"https:\/\/onlinelotto365.com\/fr\/play\/\"},{\"@type\":\"ListItem\",\"position\":3,\"name\":\"Powerball Australia &#8211; vous n&#8217;\u00eates plus limit\u00e9 \u00e0 vos loteries britanniques\"}]},{\"@type\":\"WebSite\",\"@id\":\"https:\/\/onlinelotto365.com\/fr\/#website\",\"url\":\"https:\/\/onlinelotto365.com\/fr\/\",\"name\":\"OnlineLotto365\",\"description\":\"\",\"potentialAction\":[{\"@type\":\"SearchAction\",\"target\":{\"@type\":\"EntryPoint\",\"urlTemplate\":\"https:\/\/onlinelotto365.com\/fr\/?s={search_term_string}\"},\"query-input\":{\"@type\":\"PropertyValueSpecification\",\"valueRequired\":true,\"valueName\":\"search_term_string\"}}],\"inLanguage\":\"fr-FR\"}]}<\/script>\n<!-- \/ Yoast SEO plugin. -->","yoast_head_json":{"title":"Jouer \u00e0 Powerball Australia en ligne depuis la France","description":"Jouez \u00e0 Powerball Australia ici m\u00eame - les plus grandes loteries de la plan\u00e8te, disponibles en ligne depuis la France","robots":{"index":"index","follow":"follow","max-snippet":"max-snippet:-1","max-image-preview":"max-image-preview:large","max-video-preview":"max-video-preview:-1"},"canonical":"https:\/\/onlinelotto365.com\/fr\/jouer\/powerball-australia\/","og_locale":"fr_FR","og_type":"article","og_title":"Jouer \u00e0 Powerball Australia en ligne depuis la France","og_description":"Jouez \u00e0 Powerball Australia ici m\u00eame - les plus grandes loteries de la plan\u00e8te, disponibles en ligne depuis la France","og_url":"https:\/\/onlinelotto365.com\/fr\/jouer\/powerball-australia\/","og_site_name":"OnlineLotto365","article_modified_time":"2020-12-29T19:38:56+00:00","twitter_card":"summary_large_image","twitter_misc":{"Dur\u00e9e de lecture estim\u00e9e":"3 minutes"},"schema":{"@context":"https:\/\/schema.org","@graph":[{"@type":"WebPage","@id":"https:\/\/onlinelotto365.com\/fr\/jouer\/powerball-australia\/","url":"https:\/\/onlinelotto365.com\/fr\/jouer\/powerball-australia\/","name":"Jouer \u00e0 Powerball Australia en ligne depuis la France","isPartOf":{"@id":"https:\/\/onlinelotto365.com\/fr\/#website"},"datePublished":"2020-12-17T09:48:27+00:00","dateModified":"2020-12-29T19:38:56+00:00","description":"Jouez \u00e0 Powerball Australia ici m\u00eame - les plus grandes loteries de la plan\u00e8te, disponibles en ligne depuis la France","breadcrumb":{"@id":"https:\/\/onlinelotto365.com\/fr\/jouer\/powerball-australia\/#breadcrumb"},"inLanguage":"fr-FR","potentialAction":[{"@type":"ReadAction","target":["https:\/\/onlinelotto365.com\/fr\/jouer\/powerball-australia\/"]}]},{"@type":"BreadcrumbList","@id":"https:\/\/onlinelotto365.com\/fr\/jouer\/powerball-australia\/#breadcrumb","itemListElement":[{"@type":"ListItem","position":1,"name":"Home","item":"https:\/\/onlinelotto365.com\/fr\/"},{"@type":"ListItem","position":2,"name":"Tout ce que vous devez savoir sur vos possibilit\u00e9s de jouer aux meilleures loteries en ligne","item":"https:\/\/onlinelotto365.com\/fr\/play\/"},{"@type":"ListItem","position":3,"name":"Powerball Australia &#8211; vous n&#8217;\u00eates plus limit\u00e9 \u00e0 vos loteries britanniques"}]},{"@type":"WebSite","@id":"https:\/\/onlinelotto365.com\/fr\/#website","url":"https:\/\/onlinelotto365.com\/fr\/","name":"OnlineLotto365","description":"","potentialAction":[{"@type":"SearchAction","target":{"@type":"EntryPoint","urlTemplate":"https:\/\/onlinelotto365.com\/fr\/?s={search_term_string}"},"query-input":{"@type":"PropertyValueSpecification","valueRequired":true,"valueName":"search_term_string"}}],"inLanguage":"fr-FR"}]}},"_links":{"self":[{"href":"https:\/\/onlinelotto365.com\/fr\/wp-json\/wp\/v2\/pages\/10380","targetHints":{"allow":["GET"]}}],"collection":[{"href":"https:\/\/onlinelotto365.com\/fr\/wp-json\/wp\/v2\/pages"}],"about":[{"href":"https:\/\/onlinelotto365.com\/fr\/wp-json\/wp\/v2\/types\/page"}],"author":[{"embeddable":true,"href":"https:\/\/onlinelotto365.com\/fr\/wp-json\/wp\/v2\/users\/1"}],"replies":[{"embeddable":true,"href":"https:\/\/onlinelotto365.com\/fr\/wp-json\/wp\/v2\/comments?post=10380"}],"version-history":[{"count":0,"href":"https:\/\/onlinelotto365.com\/fr\/wp-json\/wp\/v2\/pages\/10380\/revisions"}],"up":[{"embeddable":true,"href":"https:\/\/onlinelotto365.com\/fr\/wp-json\/wp\/v2\/pages\/5017"}],"wp:attachment":[{"href":"https:\/\/onlinelotto365.com\/fr\/wp-json\/wp\/v2\/media?parent=10380"}],"curies":[{"name":"wp","href":"https:\/\/api.w.org\/{rel}","templated":true}]}}