{"id":10382,"date":"2020-12-17T10:49:29","date_gmt":"2020-12-17T09:49:29","guid":{"rendered":"http:\/\/onlinelotto365.net\/?page_id=10382"},"modified":"2020-12-29T20:39:31","modified_gmt":"2020-12-29T19:39:31","slug":"oz-lotto","status":"publish","type":"page","link":"https:\/\/onlinelotto365.com\/fr\/jouer\/oz-lotto\/","title":{"rendered":"Jouer \u00e0 Oz Lotto n&rsquo;est qu&rsquo;une des options offertes aux amateurs de loterie en France"},"content":{"rendered":"<h2>Comment jouer \u00e0 Oz Lotto en ligne<\/h2>\n<p>Que vous viviez en Australie ou non, vous pouvez <strong> jouer \u00e0 Oz Lotto en ligne <\/strong> en toute simplicit\u00e9. En effet, tout ce que vous avez \u00e0 faire est de trouver la bonne page sur notre site Web, de cliquer sur quelques boutons et avant de vous en rendre compte, vous aurez les billets que vous voulez.<\/p>\n<p>Mieux encore, vous venez de cr\u00e9er un compte enti\u00e8rement gratuit, <a href=\"https:\/\/onlinelotto365.com\/fr\/jouer\"> choisissez les billets <\/a> et les num\u00e9ros que vous voulez, s\u00e9lectionnez l&rsquo;option de paiement qui vous convient le mieux et tu as fini. C\u2019est vraiment aussi simple que cela.<\/p>\n<p>Si vous \u00eates pr\u00eat \u00e0 partir, la premi\u00e8re chose \u00e0 faire est de choisir le loto que vous souhaitez. Dans ce cas, vous regardez Oz Lotto. Une fois que vous y \u00eates, il vous suffit de choisir les num\u00e9ros que vous souhaitez jouer. Vous n\u2019avez m\u00eame pas \u00e0 vous soucier de choisir vos num\u00e9ros de mani\u00e8re incorrecte car le syst\u00e8me vous indiquera ce dont vous avez besoin.<\/p>\n<p>Cela signifie \u00e9galement la quantit\u00e9 de nombres. De plus, vous pouvez choisir un choix rapide pour que l&rsquo;ordinateur s\u00e9lectionne au hasard vos num\u00e9ros, puis les \u00e9dite \u00e9galement.<br \/>\nUne fois que vous avez les billets que vous voulez pour Oz Lotto, vous pouvez choisir d&rsquo;ajouter encore plus de billets, choisir un jeu diff\u00e9rent et ajouter ces billets ou simplement ajouter vos billets \u00e0 une commande d&rsquo;achat. Passez \u00e0 la caisse et payez depuis la France avec votre mode de paiement pr\u00e9f\u00e9r\u00e9 et vous serez pr\u00eat. Cependant, bien s\u00fbr, vous devrez cr\u00e9er un compte pour suivre tout le processus de paiement.<\/p>\n<p>La cr\u00e9ation du compte est simple et nous vous recevons imm\u00e9diatement un e-mail de v\u00e9rification et un lien. De cette fa\u00e7on, vous pouvez acc\u00e9der directement \u00e0 <a href=\"https:\/\/onlinelotto365.com\/fr\/acheter-ticquets\"> acheter ces billets <\/a> sans avoir \u00e0 attendre. Assurez-vous simplement de v\u00e9rifier votre bo\u00eete de r\u00e9ception et votre dossier de spam, car vous ne pourrez pas obtenir vos billets sans confirmation. Vous serez pr\u00eat \u00e0 partir en un rien de temps.<br \/>\n<a href=\"https:\/\/redfoxlotto.com\/fr\/jouer\/oz-lotto\/?ref=a8564250a2&amp;medium=ol365\" target=\"_blank\" rel=\"noopener noreferrer\"> <img decoding=\"async\" class=\"aligncenter\" src=\" https:\/\/redfoxlotto.com\/image?size=8&amp;lottery=oz-lotto \" alt=\" Oz Lotto \" \/> <\/a><\/p>\n<h2>\u00c0 propos du Oz Lotto<\/h2>\n<ul>\n<li style=\"list-style-type: none;\">\n<ul>\n<li>Pays: Australie<\/li>\n<li>Plage de num\u00e9ros principaux: 45<\/li>\n<li>Vous devez s\u00e9lectionner: 7<\/li>\n<li>Jours, heures des tirages: mardi, 21h30 GMT + 11 &#8211; 10h30 CET<\/li>\n<li>Le jackpot commence \u00e0: 2 millions de dollars australiens<\/li>\n<li>Le jackpot est plafonn\u00e9 \u00e0: aucun<\/li>\n<li>Chance de gagner le jackpot: 1 sur 45379620<\/li>\n<li>Chances de gagner le deuxi\u00e8me prix: 1 sur 3241401<\/li>\n<li>Chance de gagner un prix: 1 sur 54,59<\/li>\n<li>Nombre de cat\u00e9gories de prix: 7<\/li>\n<\/ul>\n<\/li>\n<\/ul>\n<h2>Meilleures fonctionnalit\u00e9s d&rsquo;Oz Lotto<\/h2>\n<p>Oz Lotto offre aux fans de loto fran\u00e7ais la <strong> chance de gagner dans sept divisions diff\u00e9rentes <\/strong>, augmentant ainsi vos chances de gagner un grand prix. Non seulement cela, mais si vous gagnez en Division 1, vous \u00eates assur\u00e9 de partager un prix de 2 millions de dollars, et souvent beaucoup plus \u00e9lev\u00e9. Cela signifie que vous n&rsquo;aurez aucun probl\u00e8me \u00e0 gagner quelque chose de gros, ou du moins \u00e0 obtenir une part de l&rsquo;une des meilleures options de prix.<\/p>\n<h2>Comment v\u00e9rifier les r\u00e9sultats du Oz Lotto<\/h2>\n<p>Il existe de nombreuses fa\u00e7ons de <a href=\"https:\/\/onlinelotto365.com\/fr\/numeros-gagnants\"> v\u00e9rifier les num\u00e9ros gagnants <\/a> pour Oz Lotto. La premi\u00e8re consiste \u00e0 consulter le site Web officiel ou \u00e0 consulter les loteries locales via votre propre journal ou votre cha\u00eene d&rsquo;information pr\u00e9f\u00e9r\u00e9e. Mais cela ne fonctionne que si le jeu est local. Et la meilleure fa\u00e7on d&rsquo;obtenir vos num\u00e9ros de loto est de revenir directement sur notre site.<br \/>\nApr\u00e8s tout, vous avez achet\u00e9 vos billets ici, alors pourquoi pas? Vous pourrez vous connecter directement \u00e0 votre compte et comparer vos num\u00e9ros avec les num\u00e9ros gagnants pour voir combien vous avez gagn\u00e9.<\/p>\n<h2>Vous \u00eates un gagnant du Oz Lotto! &#8211; Et maintenant? <img decoding=\"async\" class=\"alignright wp-image-3635\" src=\"https:\/\/onlinelotto365.com\/wp-content\/uploads\/2020\/11\/online_lottery-123-300x300.jpg\" alt=\"play oz loto en ligne \" width=\" 228 \" height=\" 228 \" srcset=\"https:\/\/onlinelotto365.com\/wp-content\/uploads\/2020\/11\/online_lottery-123-300x300.jpg 300w, https:\/\/onlinelotto365.com\/wp-content\/uploads\/2020\/11\/online_lottery-123-100x100.jpg 100w, https:\/\/onlinelotto365.com\/wp-content\/uploads\/2020\/11\/online_lottery-123-150x150.jpg 150w, https:\/\/onlinelotto365.com\/wp-content\/uploads\/2020\/11\/online_lottery-123.jpg 320w\" sizes=\"(max-width: 300px) 100vw, 300px\" \/><\/h2>\n<p>La premi\u00e8re chose que vous voudrez savoir, c&rsquo;est combien vous allez gagner. Apr\u00e8s tout, tout le monde veut conna\u00eetre ses gains, non? Si vous avez gagn\u00e9 moins de 2 500 \u20ac, vous n\u2019avez rien \u00e0 faire. Nous nous chargeons de r\u00e9clamer le prix et de le placer directement sur votre compte en ligne. \u00c0 partir de l\u00e0, vous pouvez choisir de le retirer, d&rsquo;acheter de nouveaux billets ou tout ce que vous voulez, tant que vous avez plus de 10 \u20ac, c&rsquo;est-\u00e0-dire.<\/p>\n<p>Maintenant, si vous avez gagn\u00e9 plus de 2 500 \u20ac, le processus est un peu plus impliqu\u00e9, mais ne vous inqui\u00e9tez pas car nous allons vous aider \u00e0 travers tout cela. Nous prendrons contact avec vous et vous fournirons une copie du formulaire de r\u00e9clamation qui doit \u00eatre envoy\u00e9 \u00e0 la commission de loterie. Une fois que vous l&rsquo;avez rempli, vous pourrez obtenir vos gains en fonction de ce que vous avez soumis sur le papier. Vous pouvez obtenir un ch\u00e8que ou un virement bancaire.<\/p>\n","protected":false},"excerpt":{"rendered":"<p>Comment jouer \u00e0 Oz Lotto en ligne Que vous viviez en Australie ou non, vous pouvez jouer \u00e0 Oz Lotto en ligne en toute simplicit\u00e9. En effet, tout ce que vous avez \u00e0 faire est de trouver la bonne page sur notre site Web, de cliquer sur quelques boutons et avant de vous en rendre [&hellip;]<\/p>\n","protected":false},"author":1,"featured_media":0,"parent":5017,"menu_order":14,"comment_status":"closed","ping_status":"closed","template":"template-rightsidebar.php","meta":{"_et_pb_use_builder":"","_et_pb_old_content":"","_et_gb_content_width":"","exclude_from_search":false,"footnotes":""},"class_list":["post-10382","page","type-page","status-publish","hentry"],"yoast_head":"<!-- This site is optimized with the Yoast SEO plugin v23.4 - https:\/\/yoast.com\/wordpress\/plugins\/seo\/ -->\n<title>Jouez au loto Oz ici - les plus grandes loteries de la plan\u00e8te, disponibles en ligne depuis la France<\/title>\n<meta name=\"description\" content=\"Jouez \u00e0 de nombreuses loteries internationales en ligne, dont OzLotto\" \/>\n<meta name=\"robots\" content=\"index, follow, max-snippet:-1, max-image-preview:large, max-video-preview:-1\" \/>\n<link rel=\"canonical\" href=\"https:\/\/onlinelotto365.com\/fr\/jouer\/oz-lotto\/\" \/>\n<meta property=\"og:locale\" content=\"fr_FR\" \/>\n<meta property=\"og:type\" content=\"article\" \/>\n<meta property=\"og:title\" content=\"Jouez au loto Oz ici - les plus grandes loteries de la plan\u00e8te, disponibles en ligne depuis la France\" \/>\n<meta property=\"og:description\" content=\"Jouez \u00e0 de nombreuses loteries internationales en ligne, dont OzLotto\" \/>\n<meta property=\"og:url\" content=\"https:\/\/onlinelotto365.com\/fr\/jouer\/oz-lotto\/\" \/>\n<meta property=\"og:site_name\" content=\"OnlineLotto365\" \/>\n<meta property=\"article:modified_time\" content=\"2020-12-29T19:39:31+00:00\" \/>\n<meta property=\"og:image\" content=\"https:\/\/onlinelotto365.com\/wp-content\/uploads\/2020\/11\/online_lottery-123-300x300.jpg\" \/>\n<meta name=\"twitter:card\" content=\"summary_large_image\" \/>\n<meta name=\"twitter:label1\" content=\"Dur\u00e9e de lecture estim\u00e9e\" \/>\n\t<meta name=\"twitter:data1\" content=\"4 minutes\" \/>\n<script type=\"application\/ld+json\" class=\"yoast-schema-graph\">{\"@context\":\"https:\/\/schema.org\",\"@graph\":[{\"@type\":\"WebPage\",\"@id\":\"https:\/\/onlinelotto365.com\/fr\/jouer\/oz-lotto\/\",\"url\":\"https:\/\/onlinelotto365.com\/fr\/jouer\/oz-lotto\/\",\"name\":\"Jouez au loto Oz ici - les plus grandes loteries de la plan\u00e8te, disponibles en ligne depuis la France\",\"isPartOf\":{\"@id\":\"https:\/\/onlinelotto365.com\/fr\/#website\"},\"primaryImageOfPage\":{\"@id\":\"https:\/\/onlinelotto365.com\/fr\/jouer\/oz-lotto\/#primaryimage\"},\"image\":{\"@id\":\"https:\/\/onlinelotto365.com\/fr\/jouer\/oz-lotto\/#primaryimage\"},\"thumbnailUrl\":\"https:\/\/onlinelotto365.com\/wp-content\/uploads\/2020\/11\/online_lottery-123-300x300.jpg\",\"datePublished\":\"2020-12-17T09:49:29+00:00\",\"dateModified\":\"2020-12-29T19:39:31+00:00\",\"description\":\"Jouez \u00e0 de nombreuses loteries internationales en ligne, dont OzLotto\",\"breadcrumb\":{\"@id\":\"https:\/\/onlinelotto365.com\/fr\/jouer\/oz-lotto\/#breadcrumb\"},\"inLanguage\":\"fr-FR\",\"potentialAction\":[{\"@type\":\"ReadAction\",\"target\":[\"https:\/\/onlinelotto365.com\/fr\/jouer\/oz-lotto\/\"]}]},{\"@type\":\"ImageObject\",\"inLanguage\":\"fr-FR\",\"@id\":\"https:\/\/onlinelotto365.com\/fr\/jouer\/oz-lotto\/#primaryimage\",\"url\":\"https:\/\/onlinelotto365.com\/wp-content\/uploads\/2020\/11\/online_lottery-123-300x300.jpg\",\"contentUrl\":\"https:\/\/onlinelotto365.com\/wp-content\/uploads\/2020\/11\/online_lottery-123-300x300.jpg\"},{\"@type\":\"BreadcrumbList\",\"@id\":\"https:\/\/onlinelotto365.com\/fr\/jouer\/oz-lotto\/#breadcrumb\",\"itemListElement\":[{\"@type\":\"ListItem\",\"position\":1,\"name\":\"Home\",\"item\":\"https:\/\/onlinelotto365.com\/fr\/\"},{\"@type\":\"ListItem\",\"position\":2,\"name\":\"Tout ce que vous devez savoir sur vos possibilit\u00e9s de jouer aux meilleures loteries en ligne\",\"item\":\"https:\/\/onlinelotto365.com\/fr\/play\/\"},{\"@type\":\"ListItem\",\"position\":3,\"name\":\"Jouer \u00e0 Oz Lotto n&#8217;est qu&#8217;une des options offertes aux amateurs de loterie en France\"}]},{\"@type\":\"WebSite\",\"@id\":\"https:\/\/onlinelotto365.com\/fr\/#website\",\"url\":\"https:\/\/onlinelotto365.com\/fr\/\",\"name\":\"OnlineLotto365\",\"description\":\"\",\"potentialAction\":[{\"@type\":\"SearchAction\",\"target\":{\"@type\":\"EntryPoint\",\"urlTemplate\":\"https:\/\/onlinelotto365.com\/fr\/?s={search_term_string}\"},\"query-input\":{\"@type\":\"PropertyValueSpecification\",\"valueRequired\":true,\"valueName\":\"search_term_string\"}}],\"inLanguage\":\"fr-FR\"}]}<\/script>\n<!-- \/ Yoast SEO plugin. -->","yoast_head_json":{"title":"Jouez au loto Oz ici - les plus grandes loteries de la plan\u00e8te, disponibles en ligne depuis la France","description":"Jouez \u00e0 de nombreuses loteries internationales en ligne, dont OzLotto","robots":{"index":"index","follow":"follow","max-snippet":"max-snippet:-1","max-image-preview":"max-image-preview:large","max-video-preview":"max-video-preview:-1"},"canonical":"https:\/\/onlinelotto365.com\/fr\/jouer\/oz-lotto\/","og_locale":"fr_FR","og_type":"article","og_title":"Jouez au loto Oz ici - les plus grandes loteries de la plan\u00e8te, disponibles en ligne depuis la France","og_description":"Jouez \u00e0 de nombreuses loteries internationales en ligne, dont OzLotto","og_url":"https:\/\/onlinelotto365.com\/fr\/jouer\/oz-lotto\/","og_site_name":"OnlineLotto365","article_modified_time":"2020-12-29T19:39:31+00:00","og_image":[{"url":"https:\/\/onlinelotto365.com\/wp-content\/uploads\/2020\/11\/online_lottery-123-300x300.jpg"}],"twitter_card":"summary_large_image","twitter_misc":{"Dur\u00e9e de lecture estim\u00e9e":"4 minutes"},"schema":{"@context":"https:\/\/schema.org","@graph":[{"@type":"WebPage","@id":"https:\/\/onlinelotto365.com\/fr\/jouer\/oz-lotto\/","url":"https:\/\/onlinelotto365.com\/fr\/jouer\/oz-lotto\/","name":"Jouez au loto Oz ici - les plus grandes loteries de la plan\u00e8te, disponibles en ligne depuis la France","isPartOf":{"@id":"https:\/\/onlinelotto365.com\/fr\/#website"},"primaryImageOfPage":{"@id":"https:\/\/onlinelotto365.com\/fr\/jouer\/oz-lotto\/#primaryimage"},"image":{"@id":"https:\/\/onlinelotto365.com\/fr\/jouer\/oz-lotto\/#primaryimage"},"thumbnailUrl":"https:\/\/onlinelotto365.com\/wp-content\/uploads\/2020\/11\/online_lottery-123-300x300.jpg","datePublished":"2020-12-17T09:49:29+00:00","dateModified":"2020-12-29T19:39:31+00:00","description":"Jouez \u00e0 de nombreuses loteries internationales en ligne, dont OzLotto","breadcrumb":{"@id":"https:\/\/onlinelotto365.com\/fr\/jouer\/oz-lotto\/#breadcrumb"},"inLanguage":"fr-FR","potentialAction":[{"@type":"ReadAction","target":["https:\/\/onlinelotto365.com\/fr\/jouer\/oz-lotto\/"]}]},{"@type":"ImageObject","inLanguage":"fr-FR","@id":"https:\/\/onlinelotto365.com\/fr\/jouer\/oz-lotto\/#primaryimage","url":"https:\/\/onlinelotto365.com\/wp-content\/uploads\/2020\/11\/online_lottery-123-300x300.jpg","contentUrl":"https:\/\/onlinelotto365.com\/wp-content\/uploads\/2020\/11\/online_lottery-123-300x300.jpg"},{"@type":"BreadcrumbList","@id":"https:\/\/onlinelotto365.com\/fr\/jouer\/oz-lotto\/#breadcrumb","itemListElement":[{"@type":"ListItem","position":1,"name":"Home","item":"https:\/\/onlinelotto365.com\/fr\/"},{"@type":"ListItem","position":2,"name":"Tout ce que vous devez savoir sur vos possibilit\u00e9s de jouer aux meilleures loteries en ligne","item":"https:\/\/onlinelotto365.com\/fr\/play\/"},{"@type":"ListItem","position":3,"name":"Jouer \u00e0 Oz Lotto n&#8217;est qu&#8217;une des options offertes aux amateurs de loterie en France"}]},{"@type":"WebSite","@id":"https:\/\/onlinelotto365.com\/fr\/#website","url":"https:\/\/onlinelotto365.com\/fr\/","name":"OnlineLotto365","description":"","potentialAction":[{"@type":"SearchAction","target":{"@type":"EntryPoint","urlTemplate":"https:\/\/onlinelotto365.com\/fr\/?s={search_term_string}"},"query-input":{"@type":"PropertyValueSpecification","valueRequired":true,"valueName":"search_term_string"}}],"inLanguage":"fr-FR"}]}},"_links":{"self":[{"href":"https:\/\/onlinelotto365.com\/fr\/wp-json\/wp\/v2\/pages\/10382","targetHints":{"allow":["GET"]}}],"collection":[{"href":"https:\/\/onlinelotto365.com\/fr\/wp-json\/wp\/v2\/pages"}],"about":[{"href":"https:\/\/onlinelotto365.com\/fr\/wp-json\/wp\/v2\/types\/page"}],"author":[{"embeddable":true,"href":"https:\/\/onlinelotto365.com\/fr\/wp-json\/wp\/v2\/users\/1"}],"replies":[{"embeddable":true,"href":"https:\/\/onlinelotto365.com\/fr\/wp-json\/wp\/v2\/comments?post=10382"}],"version-history":[{"count":0,"href":"https:\/\/onlinelotto365.com\/fr\/wp-json\/wp\/v2\/pages\/10382\/revisions"}],"up":[{"embeddable":true,"href":"https:\/\/onlinelotto365.com\/fr\/wp-json\/wp\/v2\/pages\/5017"}],"wp:attachment":[{"href":"https:\/\/onlinelotto365.com\/fr\/wp-json\/wp\/v2\/media?parent=10382"}],"curies":[{"name":"wp","href":"https:\/\/api.w.org\/{rel}","templated":true}]}}