{"id":10384,"date":"2020-12-17T10:50:50","date_gmt":"2020-12-17T09:50:50","guid":{"rendered":"http:\/\/onlinelotto365.net\/?page_id=10384"},"modified":"2021-01-06T11:25:13","modified_gmt":"2021-01-06T10:25:13","slug":"saturday-lotto-australia","status":"publish","type":"page","link":"https:\/\/onlinelotto365.com\/fr\/jouer\/saturday-lotto-australia\/","title":{"rendered":"Jouer au Saturday Lotto Australia n&rsquo;est qu&rsquo;une des options offertes aux fans de loterie de France"},"content":{"rendered":"<h2>Comment jouer en ligne au Saturday Lotto Australia<\/h2>\n<p>Si vous <strong> habitez en France <\/strong> ou ailleurs, vous trouverez que ce n\u2019est pas aussi difficile que vous ne le pensez de <strong> jouer au Saturday Lotto Australia <\/strong>. De plus, vous aurez des options pour obtenir les billets que vous voulez sans avoir \u00e0 y passer beaucoup de temps, quoi de mieux que cela?<\/p>\n<p>Eh bien, le fait que nous allons vous aider en cours de route sera \u00e9galement un grand avantage. Vous pouvez choisir toutes les options que vous souhaitez, cr\u00e9er votre compte, acheter vos billets et tout ce dont vous avez besoin avec votre mode de paiement pr\u00e9f\u00e9r\u00e9 en un rien de temps. Et nous veillerons \u00e0 ce que ces billets soient pr\u00eats pour vous lorsque le dessin arrivera.<\/p>\n<p>Tout ce que vous avez \u00e0 faire est de consulter les diff\u00e9rentes <a href=\"http:\/\/onlinelotto365.com\/fr\"> options de loto <\/a> et de choisir le Saturday Lotto France. Une fois que vous avez fait, vous aurez la possibilit\u00e9 de choisir vos num\u00e9ros pour chaque billet que vous souhaitez.<br \/>\nNe vous inqui\u00e9tez pas de choisir la mauvaise quantit\u00e9 de chiffres, car <strong> le syst\u00e8me vous guidera <\/strong> pour obtenir le bon montant. Et si vous n&rsquo;\u00eates pas s\u00fbr des num\u00e9ros que vous souhaitez, vous pouvez simplement choisir une s\u00e9lection rapide pour laisser l&rsquo;ordinateur choisir vos num\u00e9ros pour vous.<\/p>\n<p>Une fois que vous avez vos billets, vous pouvez choisir d&rsquo;en ajouter d&rsquo;autres, choisir des billets pour un autre jeu ou simplement les ajouter \u00e0 votre commande et vous pr\u00e9parer \u00e0 effectuer un achat. Le processus de paiement est con\u00e7u pour \u00eatre aussi simple que possible afin que vous puissiez payer vos billets et \u00eatre sur votre chemin en un rien de temps. Il ne vous reste plus qu&rsquo;\u00e0 cr\u00e9er votre compte.<\/p>\n<p>Cr\u00e9er un compte est un jeu d&rsquo;enfant car nous n&rsquo;avons pas besoin de beaucoup d&rsquo;informations. Ensuite, nous vous enverrons un e-mail de v\u00e9rification pour vous permettre de finaliser votre compte. Gardez \u00e0 l&rsquo;esprit qu&rsquo;il pourrait se retrouver dans votre dossier spam (ce qui signifie que vous devez nous ajouter \u00e0 votre carnet d&rsquo;adresses) et avec cela, vous allez avoir un compte et la <strong> possibilit\u00e9 d&rsquo;acheter plus de billets quand vous le souhaitez . <\/strong><br \/>\n<a href=\"https:\/\/redfoxlotto.com\/fr\/jouer\/saturday-lotto-au\/?ref=a8564250a2&amp;medium=ol365\" target=\"_blank\" rel=\"noopener noreferrer\"> <img decoding=\"async\" class=\"aligncenter\" src=\"https:\/\/redfoxlotto.com\/image?size=8&amp;lottery=saturday-lotto-au\" alt=\"Saturday Lotto Australia\" \/> <\/a><\/p>\n<h2>\u00c0 propos du Saturday Lotto Australia<\/h2>\n<ul>\n<li style=\"list-style-type: none;\">\n<ul>\n<li>Pays: France<\/li>\n<li>Plage de num\u00e9ros principaux: 45<\/li>\n<li>Vous devez s\u00e9lectionner: 6<\/li>\n<li>Jours et heures des tirages: samedi, 21h30 GMT + 11-10h30<\/li>\n<li>Le jackpot commence \u00e0: 5 millions de dollars australiens<\/li>\n<li>Le jackpot est plafonn\u00e9 \u00e0: 150 millions de dollars australiens<\/li>\n<li>Chance de gagner le jackpot: 1 sur 8145060<\/li>\n<li>Chances de gagner le deuxi\u00e8me prix: 1 sur 678755<\/li>\n<li>Chances de gagner un prix: 1 sur 85,44<\/li>\n<li>Nombre de cat\u00e9gories de prix: 6<\/li>\n<\/ul>\n<\/li>\n<\/ul>\n<h2>Meilleures fonctionnalit\u00e9s du Saturday Lotto France<\/h2>\n<p>Le Saturday Lotto Australia offre de nombreuses chances de gagner et des jackpots de plusieurs millions. Ce qui est encore mieux, c&rsquo;est qu&rsquo;il y a des centaines de milliers de gagnants dans chaque dessin. Vous pourriez gagner un petit prix de moins de 10 $ ou vous pourriez gagner de gros prix de plusieurs centaines de milliers de dollars. Tout ce que vous avez \u00e0 faire est de choisir les bons num\u00e9ros.<\/p>\n<h2>Comment v\u00e9rifier les r\u00e9sultats du Saturday Lotto Australia<\/h2>\n<p>Quand vient le temps de v\u00e9rifier les r\u00e9sultats du Saturday Lotto France, vous avez plusieurs options diff\u00e9rentes. La premi\u00e8re consiste \u00e0 consulter le site Web officiel de la loterie. Ils publient toujours les <a href=\"https:\/\/onlinelotto365.com\/fr\/numeros-gagnants\"> num\u00e9ros gagnants <\/a> apr\u00e8s avoir \u00e9t\u00e9 tir\u00e9s au sort.<br \/>\nMais vous pouvez \u00e9galement consulter les journaux locaux et les cha\u00eenes de t\u00e9l\u00e9vision si vous vivez localement. Bien entendu, si vous habitez en France, le moyen le plus simple et le meilleur de v\u00e9rifier est de revenir sur notre site et de vous connecter \u00e0 votre compte. \u00c0 partir de l\u00e0, vous pourrez voir les derniers num\u00e9ros gagnants et les comparer aux v\u00f4tres.<\/p>\n<h2>Vous avez jou\u00e9 en ligne au Saturday Lotto Australia et avez gagn\u00e9 &#8211; que se passe-t-il ensuite?<\/h2>\n<p>Avez-vous gagn\u00e9 quelque chose sur le dernier dessin? Si vous l&rsquo;avez fait, vous voudrez savoir combien et cela aura un impact sur la fa\u00e7on dont vous obtenez votre argent. Tout montant inf\u00e9rieur \u00e0 2500 \u20ac peut \u00eatre d\u00e9pos\u00e9 directement sur votre compte, et il le sera. Cela signifie que vous pouvez en faire ce que vous voulez: le retirer (s&rsquo;il d\u00e9passe 10 \u20ac) ou acheter quelques billets suppl\u00e9mentaires pour ce jeu ou tout autre jeu de votre choix.<br \/>\nD&rsquo;autre part, si vous avez eu la chance de gagner plus de 2500 \u20ac, nous vous aiderons tout au long du processus de r\u00e9clamation de vos gains, ce qui demande un peu plus d&rsquo;efforts. Pour ce processus, vous devrez remplir un formulaire de r\u00e9clamation pour la commission de loterie et d\u00e9cider si vous souhaitez que votre argent vous soit envoy\u00e9 par virement bancaire ou par ch\u00e8que. Cela d\u00e9pend enti\u00e8rement de vous.<\/p>\n","protected":false},"excerpt":{"rendered":"<p>Comment jouer en ligne au Saturday Lotto Australia Si vous habitez en France ou ailleurs, vous trouverez que ce n\u2019est pas aussi difficile que vous ne le pensez de jouer au Saturday Lotto Australia . De plus, vous aurez des options pour obtenir les billets que vous voulez sans avoir \u00e0 y passer beaucoup de [&hellip;]<\/p>\n","protected":false},"author":1,"featured_media":0,"parent":5017,"menu_order":15,"comment_status":"closed","ping_status":"closed","template":"saturday-lotto.php","meta":{"_et_pb_use_builder":"","_et_pb_old_content":"","_et_gb_content_width":"","exclude_from_search":false,"footnotes":""},"class_list":["post-10384","page","type-page","status-publish","hentry"],"yoast_head":"<!-- This site is optimized with the Yoast SEO plugin v23.4 - https:\/\/yoast.com\/wordpress\/plugins\/seo\/ -->\n<title>Notre service vous permet de jouer au Saturday Lotto Australia en ligne depuis la France<\/title>\n<meta name=\"description\" content=\"Il y a aussi un loto du samedi en Australie - jouez-le en ligne maintenant\" \/>\n<meta name=\"robots\" content=\"index, follow, max-snippet:-1, max-image-preview:large, max-video-preview:-1\" \/>\n<link rel=\"canonical\" href=\"https:\/\/onlinelotto365.com\/fr\/jouer\/saturday-lotto-australia\/\" \/>\n<meta property=\"og:locale\" content=\"fr_FR\" \/>\n<meta property=\"og:type\" content=\"article\" \/>\n<meta property=\"og:title\" content=\"Notre service vous permet de jouer au Saturday Lotto Australia en ligne depuis la France\" \/>\n<meta property=\"og:description\" content=\"Il y a aussi un loto du samedi en Australie - jouez-le en ligne maintenant\" \/>\n<meta property=\"og:url\" content=\"https:\/\/onlinelotto365.com\/fr\/jouer\/saturday-lotto-australia\/\" \/>\n<meta property=\"og:site_name\" content=\"OnlineLotto365\" \/>\n<meta property=\"article:modified_time\" content=\"2021-01-06T10:25:13+00:00\" \/>\n<meta property=\"og:image\" content=\"https:\/\/redfoxlotto.com\/image?size=8&amp;lottery=saturday-lotto-au\" \/>\n<meta name=\"twitter:card\" content=\"summary_large_image\" \/>\n<meta name=\"twitter:label1\" content=\"Dur\u00e9e de lecture estim\u00e9e\" \/>\n\t<meta name=\"twitter:data1\" content=\"4 minutes\" \/>\n<script type=\"application\/ld+json\" class=\"yoast-schema-graph\">{\"@context\":\"https:\/\/schema.org\",\"@graph\":[{\"@type\":\"WebPage\",\"@id\":\"https:\/\/onlinelotto365.com\/fr\/jouer\/saturday-lotto-australia\/\",\"url\":\"https:\/\/onlinelotto365.com\/fr\/jouer\/saturday-lotto-australia\/\",\"name\":\"Notre service vous permet de jouer au Saturday Lotto Australia en ligne depuis la France\",\"isPartOf\":{\"@id\":\"https:\/\/onlinelotto365.com\/fr\/#website\"},\"primaryImageOfPage\":{\"@id\":\"https:\/\/onlinelotto365.com\/fr\/jouer\/saturday-lotto-australia\/#primaryimage\"},\"image\":{\"@id\":\"https:\/\/onlinelotto365.com\/fr\/jouer\/saturday-lotto-australia\/#primaryimage\"},\"thumbnailUrl\":\"https:\/\/redfoxlotto.com\/image?size=8&amp;lottery=saturday-lotto-au\",\"datePublished\":\"2020-12-17T09:50:50+00:00\",\"dateModified\":\"2021-01-06T10:25:13+00:00\",\"description\":\"Il y a aussi un loto du samedi en Australie - jouez-le en ligne maintenant\",\"breadcrumb\":{\"@id\":\"https:\/\/onlinelotto365.com\/fr\/jouer\/saturday-lotto-australia\/#breadcrumb\"},\"inLanguage\":\"fr-FR\",\"potentialAction\":[{\"@type\":\"ReadAction\",\"target\":[\"https:\/\/onlinelotto365.com\/fr\/jouer\/saturday-lotto-australia\/\"]}]},{\"@type\":\"ImageObject\",\"inLanguage\":\"fr-FR\",\"@id\":\"https:\/\/onlinelotto365.com\/fr\/jouer\/saturday-lotto-australia\/#primaryimage\",\"url\":\"https:\/\/redfoxlotto.com\/image?size=8&amp;lottery=saturday-lotto-au\",\"contentUrl\":\"https:\/\/redfoxlotto.com\/image?size=8&amp;lottery=saturday-lotto-au\"},{\"@type\":\"BreadcrumbList\",\"@id\":\"https:\/\/onlinelotto365.com\/fr\/jouer\/saturday-lotto-australia\/#breadcrumb\",\"itemListElement\":[{\"@type\":\"ListItem\",\"position\":1,\"name\":\"Home\",\"item\":\"https:\/\/onlinelotto365.com\/fr\/\"},{\"@type\":\"ListItem\",\"position\":2,\"name\":\"Tout ce que vous devez savoir sur vos possibilit\u00e9s de jouer aux meilleures loteries en ligne\",\"item\":\"https:\/\/onlinelotto365.com\/fr\/play\/\"},{\"@type\":\"ListItem\",\"position\":3,\"name\":\"Jouer au Saturday Lotto Australia n&#8217;est qu&#8217;une des options offertes aux fans de loterie de France\"}]},{\"@type\":\"WebSite\",\"@id\":\"https:\/\/onlinelotto365.com\/fr\/#website\",\"url\":\"https:\/\/onlinelotto365.com\/fr\/\",\"name\":\"OnlineLotto365\",\"description\":\"\",\"potentialAction\":[{\"@type\":\"SearchAction\",\"target\":{\"@type\":\"EntryPoint\",\"urlTemplate\":\"https:\/\/onlinelotto365.com\/fr\/?s={search_term_string}\"},\"query-input\":{\"@type\":\"PropertyValueSpecification\",\"valueRequired\":true,\"valueName\":\"search_term_string\"}}],\"inLanguage\":\"fr-FR\"}]}<\/script>\n<!-- \/ Yoast SEO plugin. -->","yoast_head_json":{"title":"Notre service vous permet de jouer au Saturday Lotto Australia en ligne depuis la France","description":"Il y a aussi un loto du samedi en Australie - jouez-le en ligne maintenant","robots":{"index":"index","follow":"follow","max-snippet":"max-snippet:-1","max-image-preview":"max-image-preview:large","max-video-preview":"max-video-preview:-1"},"canonical":"https:\/\/onlinelotto365.com\/fr\/jouer\/saturday-lotto-australia\/","og_locale":"fr_FR","og_type":"article","og_title":"Notre service vous permet de jouer au Saturday Lotto Australia en ligne depuis la France","og_description":"Il y a aussi un loto du samedi en Australie - jouez-le en ligne maintenant","og_url":"https:\/\/onlinelotto365.com\/fr\/jouer\/saturday-lotto-australia\/","og_site_name":"OnlineLotto365","article_modified_time":"2021-01-06T10:25:13+00:00","og_image":[{"url":"https:\/\/redfoxlotto.com\/image?size=8&amp;lottery=saturday-lotto-au"}],"twitter_card":"summary_large_image","twitter_misc":{"Dur\u00e9e de lecture estim\u00e9e":"4 minutes"},"schema":{"@context":"https:\/\/schema.org","@graph":[{"@type":"WebPage","@id":"https:\/\/onlinelotto365.com\/fr\/jouer\/saturday-lotto-australia\/","url":"https:\/\/onlinelotto365.com\/fr\/jouer\/saturday-lotto-australia\/","name":"Notre service vous permet de jouer au Saturday Lotto Australia en ligne depuis la France","isPartOf":{"@id":"https:\/\/onlinelotto365.com\/fr\/#website"},"primaryImageOfPage":{"@id":"https:\/\/onlinelotto365.com\/fr\/jouer\/saturday-lotto-australia\/#primaryimage"},"image":{"@id":"https:\/\/onlinelotto365.com\/fr\/jouer\/saturday-lotto-australia\/#primaryimage"},"thumbnailUrl":"https:\/\/redfoxlotto.com\/image?size=8&amp;lottery=saturday-lotto-au","datePublished":"2020-12-17T09:50:50+00:00","dateModified":"2021-01-06T10:25:13+00:00","description":"Il y a aussi un loto du samedi en Australie - jouez-le en ligne maintenant","breadcrumb":{"@id":"https:\/\/onlinelotto365.com\/fr\/jouer\/saturday-lotto-australia\/#breadcrumb"},"inLanguage":"fr-FR","potentialAction":[{"@type":"ReadAction","target":["https:\/\/onlinelotto365.com\/fr\/jouer\/saturday-lotto-australia\/"]}]},{"@type":"ImageObject","inLanguage":"fr-FR","@id":"https:\/\/onlinelotto365.com\/fr\/jouer\/saturday-lotto-australia\/#primaryimage","url":"https:\/\/redfoxlotto.com\/image?size=8&amp;lottery=saturday-lotto-au","contentUrl":"https:\/\/redfoxlotto.com\/image?size=8&amp;lottery=saturday-lotto-au"},{"@type":"BreadcrumbList","@id":"https:\/\/onlinelotto365.com\/fr\/jouer\/saturday-lotto-australia\/#breadcrumb","itemListElement":[{"@type":"ListItem","position":1,"name":"Home","item":"https:\/\/onlinelotto365.com\/fr\/"},{"@type":"ListItem","position":2,"name":"Tout ce que vous devez savoir sur vos possibilit\u00e9s de jouer aux meilleures loteries en ligne","item":"https:\/\/onlinelotto365.com\/fr\/play\/"},{"@type":"ListItem","position":3,"name":"Jouer au Saturday Lotto Australia n&#8217;est qu&#8217;une des options offertes aux fans de loterie de France"}]},{"@type":"WebSite","@id":"https:\/\/onlinelotto365.com\/fr\/#website","url":"https:\/\/onlinelotto365.com\/fr\/","name":"OnlineLotto365","description":"","potentialAction":[{"@type":"SearchAction","target":{"@type":"EntryPoint","urlTemplate":"https:\/\/onlinelotto365.com\/fr\/?s={search_term_string}"},"query-input":{"@type":"PropertyValueSpecification","valueRequired":true,"valueName":"search_term_string"}}],"inLanguage":"fr-FR"}]}},"_links":{"self":[{"href":"https:\/\/onlinelotto365.com\/fr\/wp-json\/wp\/v2\/pages\/10384","targetHints":{"allow":["GET"]}}],"collection":[{"href":"https:\/\/onlinelotto365.com\/fr\/wp-json\/wp\/v2\/pages"}],"about":[{"href":"https:\/\/onlinelotto365.com\/fr\/wp-json\/wp\/v2\/types\/page"}],"author":[{"embeddable":true,"href":"https:\/\/onlinelotto365.com\/fr\/wp-json\/wp\/v2\/users\/1"}],"replies":[{"embeddable":true,"href":"https:\/\/onlinelotto365.com\/fr\/wp-json\/wp\/v2\/comments?post=10384"}],"version-history":[{"count":0,"href":"https:\/\/onlinelotto365.com\/fr\/wp-json\/wp\/v2\/pages\/10384\/revisions"}],"up":[{"embeddable":true,"href":"https:\/\/onlinelotto365.com\/fr\/wp-json\/wp\/v2\/pages\/5017"}],"wp:attachment":[{"href":"https:\/\/onlinelotto365.com\/fr\/wp-json\/wp\/v2\/media?parent=10384"}],"curies":[{"name":"wp","href":"https:\/\/api.w.org\/{rel}","templated":true}]}}