{"id":10386,"date":"2020-12-17T10:55:07","date_gmt":"2020-12-17T09:55:07","guid":{"rendered":"http:\/\/onlinelotto365.net\/?page_id=10386"},"modified":"2021-01-06T11:25:23","modified_gmt":"2021-01-06T10:25:23","slug":"mon-wed-lotto-australia","status":"publish","type":"page","link":"https:\/\/onlinelotto365.com\/fr\/jouer\/mon-wed-lotto-australia\/","title":{"rendered":"Jouer au Mon &#038; Wed Lotto Australia n&rsquo;est qu&rsquo;une des options pour les fans de loterie de France"},"content":{"rendered":"<h2>Comment jouer Mon &amp; amp; Wed Lotto Australia en ligne<\/h2>\n<p>Si vous \u00eates en France, il ne doit pas \u00eatre difficile de jouer \u00e0 Mon &amp; amp; Mer Lotto France en ligne. Tout ce que vous avez \u00e0 faire est de d\u00e9terminer de quelle mani\u00e8re vous allez le faire et comment vous allez obtenir les billets que vous voulez pour le prochain dessin. Nous pouvons vous y aider.<\/p>\n<p>Notre syst\u00e8me veille \u00e0 ce que vous soyez sur la bonne voie tout au long du trajet. Tout ce que vous avez \u00e0 faire est de cr\u00e9er votre compte, de choisir les billets et les num\u00e9ros que vous souhaitez, puis de les payer avec votre mode de paiement pr\u00e9f\u00e9r\u00e9. Juste comme \u00e7a, vous allez \u00eatre pr\u00eat \u00e0 partir et \u00e0 attendre le prochain dessin pour pouvoir v\u00e9rifier vos billets.<\/p>\n<p>Si vous \u00eates pr\u00eat \u00e0 <a href=\"https:\/\/onlinelotto365.com\/fr\/acheter-ticquets\"> choisir ces premiers billets <\/a>, il vous suffit de choisir le bon jeu. Dans ce cas, nous parlons du lun &amp; amp; Mer Lotto Australie. Alors, s\u00e9lectionnez le bon jeu et commencez \u00e0 choisir vos num\u00e9ros.<br \/>\nOu choisissez un choix rapide o\u00f9 l&rsquo;ordinateur choisira des nombres al\u00e9atoires pour vous. Vous pouvez m\u00eame ajuster ces nombres si vous changez d&rsquo;avis, de sorte que vous obteniez les nombres que vous voulez pour chaque dessin.<\/p>\n<p>Une fois que vous avez choisi votre <a href=\"https:\/\/onlinelotto365.com\/fr\/numeros-gagnants\/mon-wed-lotto\"> Mon &amp; amp; Num\u00e9ros de Wed Lotto Australia <\/a>, vous pouvez choisir des billets pour tous les autres jeux auxquels vous souhaitez jouer et v\u00e9rifier. Le processus de paiement est s\u00fbr et s\u00e9curis\u00e9 et garantit \u00e9galement que vous \u00eates celui qui ach\u00e8te les billets. Vous devrez v\u00e9rifier votre compte (et en cr\u00e9er un), puis vous pourrez commencer \u00e0 acheter les billets de votre choix.<\/p>\n<p>Cr\u00e9ez simplement un compte avec vos informations personnelles et cliquez sur le lien dans l&rsquo;e-mail de v\u00e9rification que nous envoyons. Il se peut qu&rsquo;il se trouve dans votre dossier de spam si vous ne nous avez pas encore ajout\u00e9s \u00e0 votre carnet d&rsquo;adresses, alors assurez-vous de le surveiller. \u00c0 partir de l\u00e0, votre compte sera pr\u00eat et vous pourrez commencer \u00e0 acheter les billets de votre choix.<br \/>\n<a href=\"https:\/\/redfoxlotto.com\/fr\/jouer\/monday-wednesday-lotto-au\/?ref=a8564250a2&amp;medium=ol365\" target=\"_blank\" rel=\"noopener noreferrer\"> <img decoding=\"async\" class=\"aligncenter \" src=\" https:\/\/redfoxlotto.com\/image?size=8&amp;lottery=monday-wednesday-lotto-au \" alt=\" Mon &amp; amp; Wed Lotto Australia \" \/> <\/a><\/p>\n<h2>\u00c0 propos du lundi &amp; amp; Wed Lotto Australie<\/h2>\n<ul>\n<li style=\"list-style-type: none;\">\n<ul>\n<li>Pays: Australie<\/li>\n<li>Plage de num\u00e9ros principaux: 45<\/li>\n<li>Vous devez s\u00e9lectionner: 6<\/li>\n<li>Jours et heures des tirages: lundi, mercredi, 21h30 GMT + 11-10h30 CET<\/li>\n<li>Le jackpot commence \u00e0: 2,5 millions de dollars australiens<\/li>\n<li>Le jackpot est plafonn\u00e9 \u00e0: jackpot fixe<\/li>\n<li>Chance de gagner le jackpot: 1 sur 8145060<\/li>\n<li>Chances de gagner le deuxi\u00e8me prix: 1 sur 678755<\/li>\n<li>Chances de gagner un prix: 1 sur 85,44<\/li>\n<li>Nombre de cat\u00e9gories de prix: 6<\/li>\n<\/ul>\n<\/li>\n<\/ul>\n<h2>Meilleures fonctionnalit\u00e9s de Mon &amp; amp; Wed Lotto Australie<\/h2>\n<p>Tir\u00e9 deux fois par semaine, le lundi &amp; amp; Wed Lotto Australia vous donne une chance de gagner des millions de prix. Et tout ce que vous avez \u00e0 faire est de lui donner une chance et de vous inscrire dans la cagnotte de la Division 1. Vous ne savez jamais avec quoi vous pourriez partir.<\/p>\n<h2>Comment v\u00e9rifier le lundi &amp; amp; R\u00e9sultats du Wed Lotto Australia<\/h2>\n<p>Quand il s&rsquo;agit de v\u00e9rifier les r\u00e9sultats, vous pourriez \u00eatre surpris de tous les endroits o\u00f9 vous pouvez vous rendre. Vous pouvez consulter le site Web de la loterie pour trouver les num\u00e9ros juste apr\u00e8s le tirage. Vous pouvez \u00e9galement consulter les journaux locaux et les cha\u00eenes de t\u00e9l\u00e9vision apr\u00e8s le dessin.<br \/>\nMais si vous souhaitez obtenir vos r\u00e9sultats rapidement et facilement depuis la France, vous devriez consulter notre site Web, o\u00f9 vous avez achet\u00e9 vos billets. <strong> Vous trouverez non seulement les num\u00e9ros gagnants, mais \u00e9galement une comparaison avec vos num\u00e9ros. <\/strong><\/p>\n<h2>Vous avez jou\u00e9 Mon &amp; amp; Wed Lotto Australia en ligne et a gagn\u00e9 &#8211; que se passe-t-il ensuite?<\/h2>\n<p>D\u00e9couvrez les num\u00e9ros gagnants, vos num\u00e9ros et combien vous avez gagn\u00e9 sur le jeu. Si vous avez gagn\u00e9 moins de 2 500 \u20ac, vous n\u2019avez rien \u00e0 faire. L&rsquo;argent sera d\u00e9j\u00e0 sur votre compte.<br \/>\nEt une fois qu&rsquo;il est dans votre compte, tout ce que vous avez \u00e0 faire est de le retirer (s&rsquo;il d\u00e9passe 10 \u20ac) ou de le d\u00e9penser pour acheter d&rsquo;autres billets de loto. Vous pouvez le laisser dans votre compte pour le d\u00e9penser aussi longtemps que vous le souhaitez afin qu&rsquo;il soit toujours l\u00e0.<br \/>\nSi vous avez de la chance et que vous gagnez plus de 2 500 \u20ac, vous recevrez un message de notre \u00e9quipe d&rsquo;assistance. Ils vous aideront \u00e0 d\u00e9terminer vos prochaines \u00e9tapes, notamment en remplissant un formulaire de r\u00e9clamation pour obtenir vos gains. Et puis votre argent sera d\u00e9pos\u00e9 directement sur votre compte bancaire ou vous sera envoy\u00e9 par ch\u00e8que.<\/p>\n","protected":false},"excerpt":{"rendered":"<p>Comment jouer Mon &amp; amp; Wed Lotto Australia en ligne Si vous \u00eates en France, il ne doit pas \u00eatre difficile de jouer \u00e0 Mon &amp; amp; Mer Lotto France en ligne. Tout ce que vous avez \u00e0 faire est de d\u00e9terminer de quelle mani\u00e8re vous allez le faire et comment vous allez obtenir les [&hellip;]<\/p>\n","protected":false},"author":1,"featured_media":0,"parent":5017,"menu_order":16,"comment_status":"closed","ping_status":"closed","template":"template-rightsidebar.php","meta":{"_et_pb_use_builder":"","_et_pb_old_content":"","_et_gb_content_width":"","exclude_from_search":false,"footnotes":""},"class_list":["post-10386","page","type-page","status-publish","hentry"],"yoast_head":"<!-- This site is optimized with the Yoast SEO plugin v23.4 - https:\/\/yoast.com\/wordpress\/plugins\/seo\/ -->\n<title>Participez au Loto du lundi et du mercredi en Australie, m\u00eame depuis la France<\/title>\n<meta name=\"description\" content=\"Vous voulez jouer au loto Australias Mon &amp; Wed ? Achetez vos billets ici !\" \/>\n<meta name=\"robots\" content=\"index, follow, max-snippet:-1, max-image-preview:large, max-video-preview:-1\" \/>\n<link rel=\"canonical\" href=\"https:\/\/onlinelotto365.com\/fr\/jouer\/mon-wed-lotto-australia\/\" \/>\n<meta property=\"og:locale\" content=\"fr_FR\" \/>\n<meta property=\"og:type\" content=\"article\" \/>\n<meta property=\"og:title\" content=\"Participez au Loto du lundi et du mercredi en Australie, m\u00eame depuis la France\" \/>\n<meta property=\"og:description\" content=\"Vous voulez jouer au loto Australias Mon &amp; Wed ? Achetez vos billets ici !\" \/>\n<meta property=\"og:url\" content=\"https:\/\/onlinelotto365.com\/fr\/jouer\/mon-wed-lotto-australia\/\" \/>\n<meta property=\"og:site_name\" content=\"OnlineLotto365\" \/>\n<meta property=\"article:modified_time\" content=\"2021-01-06T10:25:23+00:00\" \/>\n<meta name=\"twitter:card\" content=\"summary_large_image\" \/>\n<meta name=\"twitter:label1\" content=\"Dur\u00e9e de lecture estim\u00e9e\" \/>\n\t<meta name=\"twitter:data1\" content=\"4 minutes\" \/>\n<script type=\"application\/ld+json\" class=\"yoast-schema-graph\">{\"@context\":\"https:\/\/schema.org\",\"@graph\":[{\"@type\":\"WebPage\",\"@id\":\"https:\/\/onlinelotto365.com\/fr\/jouer\/mon-wed-lotto-australia\/\",\"url\":\"https:\/\/onlinelotto365.com\/fr\/jouer\/mon-wed-lotto-australia\/\",\"name\":\"Participez au Loto du lundi et du mercredi en Australie, m\u00eame depuis la France\",\"isPartOf\":{\"@id\":\"https:\/\/onlinelotto365.com\/fr\/#website\"},\"datePublished\":\"2020-12-17T09:55:07+00:00\",\"dateModified\":\"2021-01-06T10:25:23+00:00\",\"description\":\"Vous voulez jouer au loto Australias Mon & Wed ? Achetez vos billets ici !\",\"breadcrumb\":{\"@id\":\"https:\/\/onlinelotto365.com\/fr\/jouer\/mon-wed-lotto-australia\/#breadcrumb\"},\"inLanguage\":\"fr-FR\",\"potentialAction\":[{\"@type\":\"ReadAction\",\"target\":[\"https:\/\/onlinelotto365.com\/fr\/jouer\/mon-wed-lotto-australia\/\"]}]},{\"@type\":\"BreadcrumbList\",\"@id\":\"https:\/\/onlinelotto365.com\/fr\/jouer\/mon-wed-lotto-australia\/#breadcrumb\",\"itemListElement\":[{\"@type\":\"ListItem\",\"position\":1,\"name\":\"Home\",\"item\":\"https:\/\/onlinelotto365.com\/fr\/\"},{\"@type\":\"ListItem\",\"position\":2,\"name\":\"Tout ce que vous devez savoir sur vos possibilit\u00e9s de jouer aux meilleures loteries en ligne\",\"item\":\"https:\/\/onlinelotto365.com\/fr\/play\/\"},{\"@type\":\"ListItem\",\"position\":3,\"name\":\"Jouer au Mon &#038; Wed Lotto Australia n&#8217;est qu&#8217;une des options pour les fans de loterie de France\"}]},{\"@type\":\"WebSite\",\"@id\":\"https:\/\/onlinelotto365.com\/fr\/#website\",\"url\":\"https:\/\/onlinelotto365.com\/fr\/\",\"name\":\"OnlineLotto365\",\"description\":\"\",\"potentialAction\":[{\"@type\":\"SearchAction\",\"target\":{\"@type\":\"EntryPoint\",\"urlTemplate\":\"https:\/\/onlinelotto365.com\/fr\/?s={search_term_string}\"},\"query-input\":{\"@type\":\"PropertyValueSpecification\",\"valueRequired\":true,\"valueName\":\"search_term_string\"}}],\"inLanguage\":\"fr-FR\"}]}<\/script>\n<!-- \/ Yoast SEO plugin. -->","yoast_head_json":{"title":"Participez au Loto du lundi et du mercredi en Australie, m\u00eame depuis la France","description":"Vous voulez jouer au loto Australias Mon & Wed ? Achetez vos billets ici !","robots":{"index":"index","follow":"follow","max-snippet":"max-snippet:-1","max-image-preview":"max-image-preview:large","max-video-preview":"max-video-preview:-1"},"canonical":"https:\/\/onlinelotto365.com\/fr\/jouer\/mon-wed-lotto-australia\/","og_locale":"fr_FR","og_type":"article","og_title":"Participez au Loto du lundi et du mercredi en Australie, m\u00eame depuis la France","og_description":"Vous voulez jouer au loto Australias Mon & Wed ? Achetez vos billets ici !","og_url":"https:\/\/onlinelotto365.com\/fr\/jouer\/mon-wed-lotto-australia\/","og_site_name":"OnlineLotto365","article_modified_time":"2021-01-06T10:25:23+00:00","twitter_card":"summary_large_image","twitter_misc":{"Dur\u00e9e de lecture estim\u00e9e":"4 minutes"},"schema":{"@context":"https:\/\/schema.org","@graph":[{"@type":"WebPage","@id":"https:\/\/onlinelotto365.com\/fr\/jouer\/mon-wed-lotto-australia\/","url":"https:\/\/onlinelotto365.com\/fr\/jouer\/mon-wed-lotto-australia\/","name":"Participez au Loto du lundi et du mercredi en Australie, m\u00eame depuis la France","isPartOf":{"@id":"https:\/\/onlinelotto365.com\/fr\/#website"},"datePublished":"2020-12-17T09:55:07+00:00","dateModified":"2021-01-06T10:25:23+00:00","description":"Vous voulez jouer au loto Australias Mon & Wed ? Achetez vos billets ici !","breadcrumb":{"@id":"https:\/\/onlinelotto365.com\/fr\/jouer\/mon-wed-lotto-australia\/#breadcrumb"},"inLanguage":"fr-FR","potentialAction":[{"@type":"ReadAction","target":["https:\/\/onlinelotto365.com\/fr\/jouer\/mon-wed-lotto-australia\/"]}]},{"@type":"BreadcrumbList","@id":"https:\/\/onlinelotto365.com\/fr\/jouer\/mon-wed-lotto-australia\/#breadcrumb","itemListElement":[{"@type":"ListItem","position":1,"name":"Home","item":"https:\/\/onlinelotto365.com\/fr\/"},{"@type":"ListItem","position":2,"name":"Tout ce que vous devez savoir sur vos possibilit\u00e9s de jouer aux meilleures loteries en ligne","item":"https:\/\/onlinelotto365.com\/fr\/play\/"},{"@type":"ListItem","position":3,"name":"Jouer au Mon &#038; Wed Lotto Australia n&#8217;est qu&#8217;une des options pour les fans de loterie de France"}]},{"@type":"WebSite","@id":"https:\/\/onlinelotto365.com\/fr\/#website","url":"https:\/\/onlinelotto365.com\/fr\/","name":"OnlineLotto365","description":"","potentialAction":[{"@type":"SearchAction","target":{"@type":"EntryPoint","urlTemplate":"https:\/\/onlinelotto365.com\/fr\/?s={search_term_string}"},"query-input":{"@type":"PropertyValueSpecification","valueRequired":true,"valueName":"search_term_string"}}],"inLanguage":"fr-FR"}]}},"_links":{"self":[{"href":"https:\/\/onlinelotto365.com\/fr\/wp-json\/wp\/v2\/pages\/10386","targetHints":{"allow":["GET"]}}],"collection":[{"href":"https:\/\/onlinelotto365.com\/fr\/wp-json\/wp\/v2\/pages"}],"about":[{"href":"https:\/\/onlinelotto365.com\/fr\/wp-json\/wp\/v2\/types\/page"}],"author":[{"embeddable":true,"href":"https:\/\/onlinelotto365.com\/fr\/wp-json\/wp\/v2\/users\/1"}],"replies":[{"embeddable":true,"href":"https:\/\/onlinelotto365.com\/fr\/wp-json\/wp\/v2\/comments?post=10386"}],"version-history":[{"count":0,"href":"https:\/\/onlinelotto365.com\/fr\/wp-json\/wp\/v2\/pages\/10386\/revisions"}],"up":[{"embeddable":true,"href":"https:\/\/onlinelotto365.com\/fr\/wp-json\/wp\/v2\/pages\/5017"}],"wp:attachment":[{"href":"https:\/\/onlinelotto365.com\/fr\/wp-json\/wp\/v2\/media?parent=10386"}],"curies":[{"name":"wp","href":"https:\/\/api.w.org\/{rel}","templated":true}]}}