{"id":10388,"date":"2020-12-17T11:02:12","date_gmt":"2020-12-17T10:02:12","guid":{"rendered":"http:\/\/onlinelotto365.net\/?page_id=10388"},"modified":"2022-11-10T10:00:05","modified_gmt":"2022-11-10T09:00:05","slug":"powerball","status":"publish","type":"page","link":"https:\/\/onlinelotto365.com\/fr\/acheter-ticquets\/powerball\/","title":{"rendered":"Comment acheter des billets de Powerball en ligne depuis la France"},"content":{"rendered":"<p>De toute \u00e9vidence, c&rsquo;est l&rsquo;Internet qui vous permet d&rsquo;obtenir un ticket pour ces grandes loteries am\u00e9ricaines en ligne. Vous n&rsquo;avez pas besoin de vivre aux Etats-Unis pour participer et avoir une chance de gagner ces incroyables jackpots. Vous pouvez acheter votre ticket depuis la France, en utilisant notre service en ligne.<\/p>\n<p>Vous pouvez d&rsquo;abord cr\u00e9er un compte chez nous, puis s\u00e9lectionner l&rsquo;une de nos loteries et choisir vos num\u00e9ros. Ou bien, vous pouvez d&rsquo;abord consulter les loteries et cr\u00e9er des billets avec vos num\u00e9ros. Lorsque vous \u00eates satisfait de votre choix, vous pouvez passer \u00e0 la caisse. \u00c0 ce moment-l\u00e0, vous serez invit\u00e9 \u00e0 cr\u00e9er un compte.<\/p>\n<p>Dans les deux cas, apr\u00e8s avoir enregistr\u00e9 votre nouveau compte, vous devrez v\u00e9rifier votre bo\u00eete aux lettres \u00e9lectronique. Vous recevrez un e-mail de v\u00e9rification contenant un lien. Cliquez sur ce lien pour v\u00e9rifier votre adresse \u00e9lectronique. Une fois cette op\u00e9ration effectu\u00e9e, votre compte est activ\u00e9. Si vous ne trouvez pas l&rsquo;e-mail de v\u00e9rification, v\u00e9rifiez votre dossier de courrier ind\u00e9sirable. Une fois que vous avez trouv\u00e9 l&rsquo;e-mail, il est important que vous le marquiez comme \u00ab\u00a0non spam\u00a0\u00bb ou \u00ab\u00a0non junk\u00a0\u00bb. Cela permet d&rsquo;\u00e9viter que les futurs e-mails de notre part ne se retrouvent dans votre dossier de spam. Imaginez que vous manquiez un gain parce que vous n&rsquo;avez pas re\u00e7u l&rsquo;e-mail de notification \u00e0 ce sujet !<br \/>\n<a href=\"https:\/\/redfoxlotto.com\/play\/powerball\/?ref=a8564250a2&amp;medium=ol365\" target=\"_blank\" rel=\"noopener noreferrer\"><img loading=\"lazy\" decoding=\"async\" class=\"aligncenter\" src=\"https:\/\/redfoxlotto.com\/image?size=8&amp;lottery=powerball\" alt=\"powerball\" width=\"793\" height=\"98\" \/><\/a><\/p>\n<h2>Comment payer votre billet Powerball en ligne<\/h2>\n<p>Il y a deux fa\u00e7ons de payer les billets de loterie en ligne que vous voulez.<\/p>\n<ul>\n<li>Tout d&rsquo;abord, vous pouvez effectuer un d\u00e9p\u00f4t sur votre compte. Ensuite, vous pouvez acheter autant de billets que vous le souhaitez et utiliser votre solde pour les payer.<\/li>\n<li>Deuxi\u00e8mement, vous choisissez d&rsquo;abord vos billets, puis vous payez le montant de votre commande.<\/li>\n<\/ul>\n<p>Plusieurs options de paiement s&rsquo;offrent \u00e0 vous, et elles sont toutes crypt\u00e9es de mani\u00e8re s\u00e9curis\u00e9e. Les m\u00e9thodes les plus populaires sont la carte de cr\u00e9dit et le bitcoin.<\/p>\n<h2>Plus d&rsquo;informations sur le Powerball<\/h2>\n<ul>\n<li>La loterie a lieu o\u00f9 : USA<\/li>\n<li>Nombre de num\u00e9ros principaux \u00e0 choisir : 69<\/li>\n<li>Vous devez choisir : 5<\/li>\n<li>Combien de num\u00e9ros suppl\u00e9mentaires pouvez-vous choisir : 26<\/li>\n<li>Vous devez choisir : 1<\/li>\n<li>Jours et heures du tirage : Mercredi, samedi, 21:00 EST, +1 jour 3:00 CET<\/li>\n<li>Jackpot minimum : 40 millions de dollars<\/li>\n<li>Montant maximal du jackpot : aucun<\/li>\n<li>Combinaison de chiffres possible pour gagner le jackpot : 1 sur 175.223.510<\/li>\n<li>Combinaison de chiffres possible pour un gain de niveau 2 : 1 sur 5.006.386<\/li>\n<li>Probabilit\u00e9 de gagner dans tous les niveaux : 1 sur 24,87<\/li>\n<li>Combien de niveaux de prix : 9<\/li>\n<\/ul>\n<p>Il y a peu de temps, le 13 f\u00e9vrier 2016, le plus gros jackpot de l&rsquo;histoire de la loterie am\u00e9ricaine a \u00e9t\u00e9 remport\u00e9 par trois joueurs chanceux. Avec un jackpot incroyable d&rsquo;un total de 1,5 milliard de dollars am\u00e9ricains, les fans de loto de tous les \u00c9tats-Unis ont pass\u00e9 des heures \u00e0 faire la queue pour obtenir un ticket. Mais qu&rsquo;en est-il des joueurs de loterie fran\u00e7ais ? Ne pouvaient-ils pas obtenir un billet Powerball s&rsquo;ils ne se trouvaient pas aux \u00c9tats-Unis \u00e0 ce moment-l\u00e0 ? Non, ils ne l&rsquo;\u00e9taient pas &#8211; s&rsquo;ils avaient su qu&rsquo;il \u00e9tait possible de jouer au Powerball ou au Mega Millions depuis la France !<\/p>\n<h2>Avantages de l&rsquo;achat de billets de Powerball en ligne<\/h2>\n<p><img loading=\"lazy\" decoding=\"async\" class=\"size-medium wp-image-1356 alignright\" src=\"https:\/\/onlinelotto365.com\/wp-content\/uploads\/2020\/11\/online_lottery-117-300x217.jpg\" alt=\"jouer au Powerball en ligne \" width=\"300\" height=\"217\" \/><br \/>\nGr\u00e2ce \u00e0 ce service de messagerie de billets de loterie en ligne, vous pouvez acheter des billets pour plus de 20 des plus grandes loteries de la plan\u00e8te. M\u00eame si vous vivez en France, vous pouvez choisir des loteries qui sont tir\u00e9es dans d&rsquo;autres pays. Bien s\u00fbr, si vous ne vivez pas en France, mais que vous souhaitez obtenir un billet pour la loterie fran\u00e7aise, vous pouvez \u00e9galement le faire en ligne !<\/p>\n<h2>Est-il l\u00e9gal d&rsquo;acheter des billets Powerball en ligne ?<\/h2>\n<p>Il est important de savoir qu&rsquo;il s&rsquo;agit d&rsquo;un service de messagerie de billets l\u00e9gal et fiable. En achetant un billet de loto en ligne, vous passez un contrat avec la loterie elle-m\u00eame &#8211; ce qui garantit que l&rsquo;argent que vous pourriez gagner proviendra d&rsquo;elle !<\/p>\n<h2>Comment suis-je pay\u00e9 si je gagne au Powerball en ligne ?<\/h2>\n<p>Si vous gagnez, la proc\u00e9dure de paiement d\u00e9pend du montant que vous avez gagn\u00e9. Les petits montants inf\u00e9rieurs \u00e0 2 500 \u20ac seront cr\u00e9dit\u00e9s sur votre compte en ligne. Vous pouvez soit encaisser cet argent, soit l&rsquo;utiliser pour acheter d&rsquo;autres tickets de loto en ligne. Si vous gagnez un montant plus \u00e9lev\u00e9, nous vous enverrons un formulaire que vous devrez remplir et nous renvoyer par e-mail. Nous envoyons ensuite ce formulaire \u00e0 la commission des loteries, qui vous paiera. Ce service est gratuit pour vous.<\/p>\n<p>Si vous gagnez le jackpot Powerball avec votre billet en ligne, vous devrez faire un choix. Vous pouvez soit recevoir un paiement unique qui sera inf\u00e9rieur au jackpot r\u00e9el, soit \u00eatre pay\u00e9 en 30 versements annuels plus les int\u00e9r\u00eats.<\/p>\n","protected":false},"excerpt":{"rendered":"<p>De toute \u00e9vidence, c&rsquo;est l&rsquo;Internet qui vous permet d&rsquo;obtenir un ticket pour ces grandes loteries am\u00e9ricaines en ligne. Vous n&rsquo;avez pas besoin de vivre aux Etats-Unis pour participer et avoir une chance de gagner ces incroyables jackpots. Vous pouvez acheter votre ticket depuis la France, en utilisant notre service en ligne. Vous pouvez d&rsquo;abord cr\u00e9er [&hellip;]<\/p>\n","protected":false},"author":1,"featured_media":0,"parent":3804,"menu_order":0,"comment_status":"closed","ping_status":"closed","template":"powerball-usa-info.php","meta":{"_et_pb_use_builder":"","_et_pb_old_content":"","_et_gb_content_width":"","exclude_from_search":false,"footnotes":""},"class_list":["post-10388","page","type-page","status-publish","hentry"],"yoast_head":"<!-- This site is optimized with the Yoast SEO plugin v23.4 - https:\/\/yoast.com\/wordpress\/plugins\/seo\/ -->\n<title>Acheter des billets pour le Powerball en ligne depuis la France | A propos du Powerball, comment acheter des billets en ligne<\/title>\n<meta name=\"description\" content=\"Acheter des billets pour la c\u00e9l\u00e8bre loterie Powerball est maintenant facile, obtenez-les en ligne depuis la France et ailleurs\" \/>\n<meta name=\"robots\" content=\"index, follow, max-snippet:-1, max-image-preview:large, max-video-preview:-1\" \/>\n<link rel=\"canonical\" href=\"https:\/\/onlinelotto365.com\/fr\/acheter-ticquets\/powerball\/\" \/>\n<meta property=\"og:locale\" content=\"fr_FR\" \/>\n<meta property=\"og:type\" content=\"article\" \/>\n<meta property=\"og:title\" content=\"Acheter des billets pour le Powerball en ligne depuis la France | A propos du Powerball, comment acheter des billets en ligne\" \/>\n<meta property=\"og:description\" content=\"Acheter des billets pour la c\u00e9l\u00e8bre loterie Powerball est maintenant facile, obtenez-les en ligne depuis la France et ailleurs\" \/>\n<meta property=\"og:url\" content=\"https:\/\/onlinelotto365.com\/fr\/acheter-ticquets\/powerball\/\" \/>\n<meta property=\"og:site_name\" content=\"OnlineLotto365\" \/>\n<meta property=\"article:modified_time\" content=\"2022-11-10T09:00:05+00:00\" \/>\n<meta property=\"og:image\" content=\"https:\/\/redfoxlotto.com\/image?size=8&amp;lottery=powerball\" \/>\n<meta name=\"twitter:card\" content=\"summary_large_image\" \/>\n<meta name=\"twitter:label1\" content=\"Dur\u00e9e de lecture estim\u00e9e\" \/>\n\t<meta name=\"twitter:data1\" content=\"4 minutes\" \/>\n<script type=\"application\/ld+json\" class=\"yoast-schema-graph\">{\"@context\":\"https:\/\/schema.org\",\"@graph\":[{\"@type\":\"WebPage\",\"@id\":\"https:\/\/onlinelotto365.com\/fr\/acheter-ticquets\/powerball\/\",\"url\":\"https:\/\/onlinelotto365.com\/fr\/acheter-ticquets\/powerball\/\",\"name\":\"Acheter des billets pour le Powerball en ligne depuis la France | A propos du Powerball, comment acheter des billets en ligne\",\"isPartOf\":{\"@id\":\"https:\/\/onlinelotto365.com\/fr\/#website\"},\"primaryImageOfPage\":{\"@id\":\"https:\/\/onlinelotto365.com\/fr\/acheter-ticquets\/powerball\/#primaryimage\"},\"image\":{\"@id\":\"https:\/\/onlinelotto365.com\/fr\/acheter-ticquets\/powerball\/#primaryimage\"},\"thumbnailUrl\":\"https:\/\/redfoxlotto.com\/image?size=8&amp;lottery=powerball\",\"datePublished\":\"2020-12-17T10:02:12+00:00\",\"dateModified\":\"2022-11-10T09:00:05+00:00\",\"description\":\"Acheter des billets pour la c\u00e9l\u00e8bre loterie Powerball est maintenant facile, obtenez-les en ligne depuis la France et ailleurs\",\"breadcrumb\":{\"@id\":\"https:\/\/onlinelotto365.com\/fr\/acheter-ticquets\/powerball\/#breadcrumb\"},\"inLanguage\":\"fr-FR\",\"potentialAction\":[{\"@type\":\"ReadAction\",\"target\":[\"https:\/\/onlinelotto365.com\/fr\/acheter-ticquets\/powerball\/\"]}]},{\"@type\":\"ImageObject\",\"inLanguage\":\"fr-FR\",\"@id\":\"https:\/\/onlinelotto365.com\/fr\/acheter-ticquets\/powerball\/#primaryimage\",\"url\":\"https:\/\/redfoxlotto.com\/image?size=8&amp;lottery=powerball\",\"contentUrl\":\"https:\/\/redfoxlotto.com\/image?size=8&amp;lottery=powerball\"},{\"@type\":\"BreadcrumbList\",\"@id\":\"https:\/\/onlinelotto365.com\/fr\/acheter-ticquets\/powerball\/#breadcrumb\",\"itemListElement\":[{\"@type\":\"ListItem\",\"position\":1,\"name\":\"Home\",\"item\":\"https:\/\/onlinelotto365.com\/fr\/\"},{\"@type\":\"ListItem\",\"position\":2,\"name\":\"Pourquoi il est plus logique d&rsquo;acheter des billets de loterie en ligne\",\"item\":\"https:\/\/onlinelotto365.com\/fr\/acheter-ticquets\/\"},{\"@type\":\"ListItem\",\"position\":3,\"name\":\"Comment acheter des billets de Powerball en ligne depuis la France\"}]},{\"@type\":\"WebSite\",\"@id\":\"https:\/\/onlinelotto365.com\/fr\/#website\",\"url\":\"https:\/\/onlinelotto365.com\/fr\/\",\"name\":\"OnlineLotto365\",\"description\":\"\",\"potentialAction\":[{\"@type\":\"SearchAction\",\"target\":{\"@type\":\"EntryPoint\",\"urlTemplate\":\"https:\/\/onlinelotto365.com\/fr\/?s={search_term_string}\"},\"query-input\":{\"@type\":\"PropertyValueSpecification\",\"valueRequired\":true,\"valueName\":\"search_term_string\"}}],\"inLanguage\":\"fr-FR\"}]}<\/script>\n<!-- \/ Yoast SEO plugin. -->","yoast_head_json":{"title":"Acheter des billets pour le Powerball en ligne depuis la France | A propos du Powerball, comment acheter des billets en ligne","description":"Acheter des billets pour la c\u00e9l\u00e8bre loterie Powerball est maintenant facile, obtenez-les en ligne depuis la France et ailleurs","robots":{"index":"index","follow":"follow","max-snippet":"max-snippet:-1","max-image-preview":"max-image-preview:large","max-video-preview":"max-video-preview:-1"},"canonical":"https:\/\/onlinelotto365.com\/fr\/acheter-ticquets\/powerball\/","og_locale":"fr_FR","og_type":"article","og_title":"Acheter des billets pour le Powerball en ligne depuis la France | A propos du Powerball, comment acheter des billets en ligne","og_description":"Acheter des billets pour la c\u00e9l\u00e8bre loterie Powerball est maintenant facile, obtenez-les en ligne depuis la France et ailleurs","og_url":"https:\/\/onlinelotto365.com\/fr\/acheter-ticquets\/powerball\/","og_site_name":"OnlineLotto365","article_modified_time":"2022-11-10T09:00:05+00:00","og_image":[{"url":"https:\/\/redfoxlotto.com\/image?size=8&amp;lottery=powerball"}],"twitter_card":"summary_large_image","twitter_misc":{"Dur\u00e9e de lecture estim\u00e9e":"4 minutes"},"schema":{"@context":"https:\/\/schema.org","@graph":[{"@type":"WebPage","@id":"https:\/\/onlinelotto365.com\/fr\/acheter-ticquets\/powerball\/","url":"https:\/\/onlinelotto365.com\/fr\/acheter-ticquets\/powerball\/","name":"Acheter des billets pour le Powerball en ligne depuis la France | A propos du Powerball, comment acheter des billets en ligne","isPartOf":{"@id":"https:\/\/onlinelotto365.com\/fr\/#website"},"primaryImageOfPage":{"@id":"https:\/\/onlinelotto365.com\/fr\/acheter-ticquets\/powerball\/#primaryimage"},"image":{"@id":"https:\/\/onlinelotto365.com\/fr\/acheter-ticquets\/powerball\/#primaryimage"},"thumbnailUrl":"https:\/\/redfoxlotto.com\/image?size=8&amp;lottery=powerball","datePublished":"2020-12-17T10:02:12+00:00","dateModified":"2022-11-10T09:00:05+00:00","description":"Acheter des billets pour la c\u00e9l\u00e8bre loterie Powerball est maintenant facile, obtenez-les en ligne depuis la France et ailleurs","breadcrumb":{"@id":"https:\/\/onlinelotto365.com\/fr\/acheter-ticquets\/powerball\/#breadcrumb"},"inLanguage":"fr-FR","potentialAction":[{"@type":"ReadAction","target":["https:\/\/onlinelotto365.com\/fr\/acheter-ticquets\/powerball\/"]}]},{"@type":"ImageObject","inLanguage":"fr-FR","@id":"https:\/\/onlinelotto365.com\/fr\/acheter-ticquets\/powerball\/#primaryimage","url":"https:\/\/redfoxlotto.com\/image?size=8&amp;lottery=powerball","contentUrl":"https:\/\/redfoxlotto.com\/image?size=8&amp;lottery=powerball"},{"@type":"BreadcrumbList","@id":"https:\/\/onlinelotto365.com\/fr\/acheter-ticquets\/powerball\/#breadcrumb","itemListElement":[{"@type":"ListItem","position":1,"name":"Home","item":"https:\/\/onlinelotto365.com\/fr\/"},{"@type":"ListItem","position":2,"name":"Pourquoi il est plus logique d&rsquo;acheter des billets de loterie en ligne","item":"https:\/\/onlinelotto365.com\/fr\/acheter-ticquets\/"},{"@type":"ListItem","position":3,"name":"Comment acheter des billets de Powerball en ligne depuis la France"}]},{"@type":"WebSite","@id":"https:\/\/onlinelotto365.com\/fr\/#website","url":"https:\/\/onlinelotto365.com\/fr\/","name":"OnlineLotto365","description":"","potentialAction":[{"@type":"SearchAction","target":{"@type":"EntryPoint","urlTemplate":"https:\/\/onlinelotto365.com\/fr\/?s={search_term_string}"},"query-input":{"@type":"PropertyValueSpecification","valueRequired":true,"valueName":"search_term_string"}}],"inLanguage":"fr-FR"}]}},"_links":{"self":[{"href":"https:\/\/onlinelotto365.com\/fr\/wp-json\/wp\/v2\/pages\/10388","targetHints":{"allow":["GET"]}}],"collection":[{"href":"https:\/\/onlinelotto365.com\/fr\/wp-json\/wp\/v2\/pages"}],"about":[{"href":"https:\/\/onlinelotto365.com\/fr\/wp-json\/wp\/v2\/types\/page"}],"author":[{"embeddable":true,"href":"https:\/\/onlinelotto365.com\/fr\/wp-json\/wp\/v2\/users\/1"}],"replies":[{"embeddable":true,"href":"https:\/\/onlinelotto365.com\/fr\/wp-json\/wp\/v2\/comments?post=10388"}],"version-history":[{"count":0,"href":"https:\/\/onlinelotto365.com\/fr\/wp-json\/wp\/v2\/pages\/10388\/revisions"}],"up":[{"embeddable":true,"href":"https:\/\/onlinelotto365.com\/fr\/wp-json\/wp\/v2\/pages\/3804"}],"wp:attachment":[{"href":"https:\/\/onlinelotto365.com\/fr\/wp-json\/wp\/v2\/media?parent=10388"}],"curies":[{"name":"wp","href":"https:\/\/api.w.org\/{rel}","templated":true}]}}