{"id":10390,"date":"2020-12-17T11:05:09","date_gmt":"2020-12-17T10:05:09","guid":{"rendered":"http:\/\/onlinelotto365.net\/?page_id=10390"},"modified":"2021-01-06T11:26:24","modified_gmt":"2021-01-06T10:26:24","slug":"mega-millions","status":"publish","type":"page","link":"https:\/\/onlinelotto365.com\/fr\/acheter-ticquets\/mega-millions\/","title":{"rendered":"Mega Millions est l&rsquo;une des meilleures loteries de la plan\u00e8te"},"content":{"rendered":"<h2>Vous pouvez d\u00e9sormais acheter des billets de loto Mega Millions en ligne<\/h2>\n<p>Vous n&rsquo;avez plus \u00e0 vous aventurer pour <strong> acheter des billets de loto pour Mega Millions <\/strong>. Gr\u00e2ce \u00e0 la commodit\u00e9 d&rsquo;Internet, vous pouvez simplement acheter autant de billets que vous le souhaitez pour cette loterie d\u00e8s maintenant, \u00e0 tout moment, en France directement depuis votre ordinateur.<\/p>\n<p>Vous n&rsquo;\u00eates plus oblig\u00e9 de vivre aux \u00c9tats-Unis, car les r\u00e9sidents de tous les pays du monde, y compris la France, peuvent profiter de cet excellent service <a href=\"https:\/\/onlinelotto365.com\/fr\/news\/age-minimum-pour-acheter-des-billets-de-loterie\"> s&rsquo;ils ont l&rsquo;\u00e2ge l\u00e9gal <\/a>. Apr\u00e8s des ann\u00e9es o\u00f9 les joueurs de loterie sont limit\u00e9s \u00e0 leurs loteries locales et avec Internet qui nous ouvre le monde entier, c&rsquo;est d\u00e9finitivement une id\u00e9e dont le moment est venu.<\/p>\n<p>Nous vous offrons la possibilit\u00e9 d&rsquo;acheter des billets en ligne non seulement pour Mega Millions, mais aussi pour tous les <a href=\"https:\/\/onlinelotto365.com\/fr\/news\/les-meilleures-loteries-du-monde\"> les plus grands et les plus excitants loteries dans le monde <\/a> \u00e9galement. Tout ce que vous faites est de cr\u00e9er un compte gratuit, de choisir les loteries auxquelles vous voulez jouer, de choisir vos num\u00e9ros ou de laisser l&rsquo;ordinateur les choisir pour vous, de payer vos billets via l&rsquo;une de nos tr\u00e8s nombreuses options de paiement pratiques, et vous \u00eates maintenant compl\u00e8tement dans le jeu.<\/p>\n<h2>Nous prenons soin de vous \u00e0 chaque \u00e9tape<\/h2>\n<p>Apr\u00e8s avoir achet\u00e9 vos billets pour la loterie ou les loteries de votre choix, nous passons \u00e0 l&rsquo;action et r\u00e9cup\u00e9rons vos billets pour vous, les gardons pour vous pour les garder en lieu s\u00fbr. Vous n&rsquo;avez m\u00eame pas besoin de suivre les tirages au sort ou <a href=\"https:\/\/onlinelotto365.com\/fr\/numeros-gagnants\/mega-millions\"> les num\u00e9ros qui sont tir\u00e9s <\/a>, car nous faisons tout cela pour toi aussi. Bien que ce soit certainement une grande partie du plaisir de <a href=\"https:\/\/onlinelotto365.com\/fr\/news\/verifiez-le-billet-de-loterie-en-ligne\"> v\u00e9rifier vos propres num\u00e9ros <\/a>, vous n&rsquo;avez m\u00eame pas \u00e0 d\u00e9rangez-vous si vous ne le souhaitez pas, car ils vous feront savoir si vous avez gagn\u00e9 et combien.<br \/>\n<a href=\"https:\/\/redfoxlotto.com\/fr\/jouer\/mega-millions\/?ref=a8564250a2&amp;medium=ol365\" target=\"_blank\" rel=\"noopener noreferrer\"> <img decoding=\"async\" class=\"aligncenter\" src=\" https:\/\/redfoxlotto.com\/image?size=8&amp;lottery=mega-millions \" alt=\" mega millions \" \/> <\/a><\/p>\n<h2>Comment payer votre billet Mega Millions en ligne<\/h2>\n<p>Une fois que vous avez enregistr\u00e9 votre compte sur notre site, vous pouvez d&rsquo;abord d\u00e9poser de l&rsquo;argent pour vos achats ult\u00e9rieurs. Ou vous cr\u00e9ez d&rsquo;abord un ou des billets, puis vous les payez. Vous trouverez plusieurs options de paiement. Si vous rencontrez des difficult\u00e9s pour payer, veuillez lire notre FAQ. Vous y trouverez quelques conseils sur la fa\u00e7on d&rsquo;effectuer des paiements, ainsi que sur les retraits de gains sur votre compte bancaire en France et bien d&rsquo;autres sujets.<\/p>\n<h2>En savoir plus sur Mega Millions<\/h2>\n<ul>\n<li>La loterie a lieu l\u00e0 o\u00f9: \u00c9tats-Unis<\/li>\n<li>Combien de num\u00e9ros principaux choisir: 70<\/li>\n<li>Vous devez s\u00e9lectionner: 5<\/li>\n<li>Combien de num\u00e9ros suppl\u00e9mentaires choisir: 25<\/li>\n<li>Vous devez s\u00e9lectionner: 1<\/li>\n<li>Jours et heures des tirages: mardi, vendredi, 21h00 HNE, +1 jour 3h00 HEC<\/li>\n<li>Jackpot minimum: 40 millions de dollars<\/li>\n<li>Montant maximum du jackpot: aucun<\/li>\n<li>Combinaison de num\u00e9ros possible pour gagner le jackpot: 1 sur 175.711.536<\/li>\n<li>Combinaison de nombres possible pour une victoire de niveau 2: 1 sur 3,819,816<\/li>\n<li>Probabilit\u00e9 de gagner dans n&rsquo;importe quel niveau: 1 sur 24,12<\/li>\n<li>Combien de niveaux de prix: 9<\/li>\n<\/ul>\n<h2>Avantages d&rsquo;acheter des billets Mega Millions en ligne<\/h2>\n<p>Mega Millions propose deux tirages par semaine, les mardis et vendredis. Comme pour <a href=\"https:\/\/onlinelotto365.com\/fr\/acheter-ticquets\/powerball\"> Powerball <\/a>, les joueurs choisissent 5 num\u00e9ros principaux, cependant, au lieu des 59 num\u00e9ros que vous choisissez avec la loterie Powerball, Mega Millions n&rsquo;a que 56 balles, ce qui augmente encore plus vos chances de toucher les 5 num\u00e9ros.<\/p>\n<p>Il y a aussi une balle suppl\u00e9mentaire avec cette loterie, appel\u00e9e la Mega Ball, o\u00f9 vous s\u00e9lectionnez parmi 46 num\u00e9ros. Si vous faites correspondre les 5 num\u00e9ros r\u00e9guliers plus le Mega Ball, vous avez remport\u00e9 le gros lot que Mega Millions offre toujours.<\/p>\n<p>Comme toutes les loteries, <strong> s&rsquo;il n&rsquo;y a pas de gagnant du jackpot, le jackpot augmente <\/strong> et augmente jusqu&rsquo;\u00e0 ce que quelqu&rsquo;un gagne. Cela ne fait qu&rsquo;ajouter \u00e0 toute l&rsquo;excitation, en plus d&rsquo;augmenter la valeur de la loterie \u00e0 chaque fois <a href=\"https:\/\/onlinelotto365.com\/fr\/news\/obtenez-des-billets-pour-la-loterie-americaine-en-ligne\"> le montant du jackpot augmente <\/a>. Cela vous co\u00fbte le m\u00eame montant d&rsquo;argent pour jouer, mais plus il y a d&rsquo;argent en jeu, meilleure est l&rsquo;affaire pour vous.<\/p>\n<p>C&rsquo;est donc l&rsquo;une des raisons pour lesquelles tant de gens jouent plus lorsque les jackpots montent vraiment en fl\u00e8che. L&rsquo;autre raison est, bien s\u00fbr, qu&rsquo;il est tout simplement plus excitant de jouer pour des montants plus importants. Ainsi, des loteries comme Mega Millions ou Powerball s&rsquo;assurent que m\u00eame leur plus petit jackpot est \u00e9norme, afin que les joueurs n&rsquo;aient jamais \u00e0 attendre pour profiter de tout le plaisir qu&rsquo;apportent les \u00e9normes loteries.<\/p>\n<h2>Est-il l\u00e9gal d&rsquo;acheter des billets Mega Millions en lignee?<\/h2>\n<p>Il est <strong> parfaitement l\u00e9gal d&rsquo;utiliser notre <a href=\"https:\/\/onlinelotto365.com\/fr\/news\/service-de-billetterie-pour-les-loteries-internationales\"> service de billetterie <\/a> <\/strong> en France. Assurez-vous simplement que vous avez l&rsquo;\u00e2ge l\u00e9gal, ce qui signifie que vous devez avoir au moins 18 ans pour acheter des billets de loterie.<\/p>\n<h2>Comment \u00eatre pay\u00e9 si je gagne des Mega Millions en ligne?<\/h2>\n<p>Une fois que vous avez gagn\u00e9, nous vous aidons \u00e9galement \u00e0 r\u00e9cup\u00e9rer votre argent. S&rsquo;il s&rsquo;agit d&rsquo;un montant inf\u00e9rieur (inf\u00e9rieur \u00e0 2500 \u20ac), vous n&rsquo;avez m\u00eame rien \u00e0 faire &#8211; nous mettrons simplement votre argent directement sur votre compte avec eux. Pour des prix plus importants, nous vous aiderons \u00e0 remplir quelques formalit\u00e9s administratives pour r\u00e9clamer un prix et organiser le paiement. Et pour les \u00e9normes prix (c&rsquo;est-\u00e0-dire un jackpot), eh bien, vous pourriez d\u00e9cider de faire un voyage pour ramasser tous ces millions, mais je suis s\u00fbr que cela ne vous d\u00e9rangera pas. Si vous ne voulez pas voyager, pas de probl\u00e8me. Nous pouvons \u00e9galement organiser un virement bancaire ou un paiement par ch\u00e8que aupr\u00e8s de l&rsquo;autorit\u00e9 de loterie.<\/p>\n<h2>Serez-vous un grand gagnant de m\u00e9ga millions?<\/h2>\n<p>Il n&rsquo;y a qu&rsquo;une seule fa\u00e7on d&rsquo;en \u00eatre s\u00fbr, et c&rsquo;est de <strong> jouer \u00e0 la loterie Mega Millions <\/strong> comme \u00e0 toutes les autres grandes loteries auxquelles vous souhaitez jouer. La simple chance de gagner est une raison suffisante pour jouer. Si vous ne jouez pas, vous pouvez \u00eatre s\u00fbr de ne pas gagner. Si c&rsquo;est le cas, qui sait?<\/p>\n<p>Donc, si vous n&rsquo;avez jamais jou\u00e9 \u00e0 Mega Millions auparavant, qui sait vraiment combien d&rsquo;argent vous auriez pu gagner si vous aviez jou\u00e9 tout ce temps? Le temps de s&rsquo;interroger \u00e0 ce sujet est termin\u00e9. La balle est maintenant entre vos mains et \u00e9tant donn\u00e9 <strong> combien il est facile <a href=\"https:\/\/onlinelotto365.com\/fr\/acheter-ticquets\"> d&rsquo;acheter des billets de loterie en ligne maintenant <\/a> <\/strong>, c&rsquo;est Pas \u00e9tonnant que tant de gens soient enthousiasm\u00e9s par cela.<\/p>\n","protected":false},"excerpt":{"rendered":"<p>Vous pouvez d\u00e9sormais acheter des billets de loto Mega Millions en ligne Vous n&rsquo;avez plus \u00e0 vous aventurer pour acheter des billets de loto pour Mega Millions . Gr\u00e2ce \u00e0 la commodit\u00e9 d&rsquo;Internet, vous pouvez simplement acheter autant de billets que vous le souhaitez pour cette loterie d\u00e8s maintenant, \u00e0 tout moment, en France directement [&hellip;]<\/p>\n","protected":false},"author":1,"featured_media":0,"parent":3804,"menu_order":2,"comment_status":"closed","ping_status":"closed","template":"megamillion-info.php","meta":{"_et_pb_use_builder":"","_et_pb_old_content":"","_et_gb_content_width":"","exclude_from_search":false,"footnotes":""},"class_list":["post-10390","page","type-page","status-publish","hentry"],"yoast_head":"<!-- This site is optimized with the Yoast SEO plugin v23.4 - https:\/\/yoast.com\/wordpress\/plugins\/seo\/ -->\n<title>Acheter des billets pour Mega Millions en ligne depuis la France | Mega Millions info, obtenir des billets en ligne<\/title>\n<meta name=\"description\" content=\"La loterie Mega Millions est d\u00e9sormais accessible aux r\u00e9sidents fran\u00e7ais - achetez des billets Mega Millions l\u00e9gaux en ligne ici\" \/>\n<meta name=\"robots\" content=\"index, follow, max-snippet:-1, max-image-preview:large, max-video-preview:-1\" \/>\n<link rel=\"canonical\" href=\"https:\/\/onlinelotto365.com\/fr\/acheter-ticquets\/mega-millions\/\" \/>\n<meta property=\"og:locale\" content=\"fr_FR\" \/>\n<meta property=\"og:type\" content=\"article\" \/>\n<meta property=\"og:title\" content=\"Acheter des billets pour Mega Millions en ligne depuis la France | Mega Millions info, obtenir des billets en ligne\" \/>\n<meta property=\"og:description\" content=\"La loterie Mega Millions est d\u00e9sormais accessible aux r\u00e9sidents fran\u00e7ais - achetez des billets Mega Millions l\u00e9gaux en ligne ici\" \/>\n<meta property=\"og:url\" content=\"https:\/\/onlinelotto365.com\/fr\/acheter-ticquets\/mega-millions\/\" \/>\n<meta property=\"og:site_name\" content=\"OnlineLotto365\" \/>\n<meta property=\"article:modified_time\" content=\"2021-01-06T10:26:24+00:00\" \/>\n<meta name=\"twitter:card\" content=\"summary_large_image\" \/>\n<meta name=\"twitter:label1\" content=\"Dur\u00e9e de lecture estim\u00e9e\" \/>\n\t<meta name=\"twitter:data1\" content=\"5 minutes\" \/>\n<script type=\"application\/ld+json\" class=\"yoast-schema-graph\">{\"@context\":\"https:\/\/schema.org\",\"@graph\":[{\"@type\":\"WebPage\",\"@id\":\"https:\/\/onlinelotto365.com\/fr\/acheter-ticquets\/mega-millions\/\",\"url\":\"https:\/\/onlinelotto365.com\/fr\/acheter-ticquets\/mega-millions\/\",\"name\":\"Acheter des billets pour Mega Millions en ligne depuis la France | Mega Millions info, obtenir des billets en ligne\",\"isPartOf\":{\"@id\":\"https:\/\/onlinelotto365.com\/fr\/#website\"},\"datePublished\":\"2020-12-17T10:05:09+00:00\",\"dateModified\":\"2021-01-06T10:26:24+00:00\",\"description\":\"La loterie Mega Millions est d\u00e9sormais accessible aux r\u00e9sidents fran\u00e7ais - achetez des billets Mega Millions l\u00e9gaux en ligne ici\",\"breadcrumb\":{\"@id\":\"https:\/\/onlinelotto365.com\/fr\/acheter-ticquets\/mega-millions\/#breadcrumb\"},\"inLanguage\":\"fr-FR\",\"potentialAction\":[{\"@type\":\"ReadAction\",\"target\":[\"https:\/\/onlinelotto365.com\/fr\/acheter-ticquets\/mega-millions\/\"]}]},{\"@type\":\"BreadcrumbList\",\"@id\":\"https:\/\/onlinelotto365.com\/fr\/acheter-ticquets\/mega-millions\/#breadcrumb\",\"itemListElement\":[{\"@type\":\"ListItem\",\"position\":1,\"name\":\"Home\",\"item\":\"https:\/\/onlinelotto365.com\/fr\/\"},{\"@type\":\"ListItem\",\"position\":2,\"name\":\"Pourquoi il est plus logique d&rsquo;acheter des billets de loterie en ligne\",\"item\":\"https:\/\/onlinelotto365.com\/fr\/acheter-ticquets\/\"},{\"@type\":\"ListItem\",\"position\":3,\"name\":\"Mega Millions est l&#8217;une des meilleures loteries de la plan\u00e8te\"}]},{\"@type\":\"WebSite\",\"@id\":\"https:\/\/onlinelotto365.com\/fr\/#website\",\"url\":\"https:\/\/onlinelotto365.com\/fr\/\",\"name\":\"OnlineLotto365\",\"description\":\"\",\"potentialAction\":[{\"@type\":\"SearchAction\",\"target\":{\"@type\":\"EntryPoint\",\"urlTemplate\":\"https:\/\/onlinelotto365.com\/fr\/?s={search_term_string}\"},\"query-input\":{\"@type\":\"PropertyValueSpecification\",\"valueRequired\":true,\"valueName\":\"search_term_string\"}}],\"inLanguage\":\"fr-FR\"}]}<\/script>\n<!-- \/ Yoast SEO plugin. -->","yoast_head_json":{"title":"Acheter des billets pour Mega Millions en ligne depuis la France | Mega Millions info, obtenir des billets en ligne","description":"La loterie Mega Millions est d\u00e9sormais accessible aux r\u00e9sidents fran\u00e7ais - achetez des billets Mega Millions l\u00e9gaux en ligne ici","robots":{"index":"index","follow":"follow","max-snippet":"max-snippet:-1","max-image-preview":"max-image-preview:large","max-video-preview":"max-video-preview:-1"},"canonical":"https:\/\/onlinelotto365.com\/fr\/acheter-ticquets\/mega-millions\/","og_locale":"fr_FR","og_type":"article","og_title":"Acheter des billets pour Mega Millions en ligne depuis la France | Mega Millions info, obtenir des billets en ligne","og_description":"La loterie Mega Millions est d\u00e9sormais accessible aux r\u00e9sidents fran\u00e7ais - achetez des billets Mega Millions l\u00e9gaux en ligne ici","og_url":"https:\/\/onlinelotto365.com\/fr\/acheter-ticquets\/mega-millions\/","og_site_name":"OnlineLotto365","article_modified_time":"2021-01-06T10:26:24+00:00","twitter_card":"summary_large_image","twitter_misc":{"Dur\u00e9e de lecture estim\u00e9e":"5 minutes"},"schema":{"@context":"https:\/\/schema.org","@graph":[{"@type":"WebPage","@id":"https:\/\/onlinelotto365.com\/fr\/acheter-ticquets\/mega-millions\/","url":"https:\/\/onlinelotto365.com\/fr\/acheter-ticquets\/mega-millions\/","name":"Acheter des billets pour Mega Millions en ligne depuis la France | Mega Millions info, obtenir des billets en ligne","isPartOf":{"@id":"https:\/\/onlinelotto365.com\/fr\/#website"},"datePublished":"2020-12-17T10:05:09+00:00","dateModified":"2021-01-06T10:26:24+00:00","description":"La loterie Mega Millions est d\u00e9sormais accessible aux r\u00e9sidents fran\u00e7ais - achetez des billets Mega Millions l\u00e9gaux en ligne ici","breadcrumb":{"@id":"https:\/\/onlinelotto365.com\/fr\/acheter-ticquets\/mega-millions\/#breadcrumb"},"inLanguage":"fr-FR","potentialAction":[{"@type":"ReadAction","target":["https:\/\/onlinelotto365.com\/fr\/acheter-ticquets\/mega-millions\/"]}]},{"@type":"BreadcrumbList","@id":"https:\/\/onlinelotto365.com\/fr\/acheter-ticquets\/mega-millions\/#breadcrumb","itemListElement":[{"@type":"ListItem","position":1,"name":"Home","item":"https:\/\/onlinelotto365.com\/fr\/"},{"@type":"ListItem","position":2,"name":"Pourquoi il est plus logique d&rsquo;acheter des billets de loterie en ligne","item":"https:\/\/onlinelotto365.com\/fr\/acheter-ticquets\/"},{"@type":"ListItem","position":3,"name":"Mega Millions est l&#8217;une des meilleures loteries de la plan\u00e8te"}]},{"@type":"WebSite","@id":"https:\/\/onlinelotto365.com\/fr\/#website","url":"https:\/\/onlinelotto365.com\/fr\/","name":"OnlineLotto365","description":"","potentialAction":[{"@type":"SearchAction","target":{"@type":"EntryPoint","urlTemplate":"https:\/\/onlinelotto365.com\/fr\/?s={search_term_string}"},"query-input":{"@type":"PropertyValueSpecification","valueRequired":true,"valueName":"search_term_string"}}],"inLanguage":"fr-FR"}]}},"_links":{"self":[{"href":"https:\/\/onlinelotto365.com\/fr\/wp-json\/wp\/v2\/pages\/10390","targetHints":{"allow":["GET"]}}],"collection":[{"href":"https:\/\/onlinelotto365.com\/fr\/wp-json\/wp\/v2\/pages"}],"about":[{"href":"https:\/\/onlinelotto365.com\/fr\/wp-json\/wp\/v2\/types\/page"}],"author":[{"embeddable":true,"href":"https:\/\/onlinelotto365.com\/fr\/wp-json\/wp\/v2\/users\/1"}],"replies":[{"embeddable":true,"href":"https:\/\/onlinelotto365.com\/fr\/wp-json\/wp\/v2\/comments?post=10390"}],"version-history":[{"count":0,"href":"https:\/\/onlinelotto365.com\/fr\/wp-json\/wp\/v2\/pages\/10390\/revisions"}],"up":[{"embeddable":true,"href":"https:\/\/onlinelotto365.com\/fr\/wp-json\/wp\/v2\/pages\/3804"}],"wp:attachment":[{"href":"https:\/\/onlinelotto365.com\/fr\/wp-json\/wp\/v2\/media?parent=10390"}],"curies":[{"name":"wp","href":"https:\/\/api.w.org\/{rel}","templated":true}]}}