{"id":10392,"date":"2020-12-17T11:06:55","date_gmt":"2020-12-17T10:06:55","guid":{"rendered":"http:\/\/onlinelotto365.net\/?page_id=10392"},"modified":"2021-01-06T11:26:48","modified_gmt":"2021-01-06T10:26:48","slug":"euromillions","status":"publish","type":"page","link":"https:\/\/onlinelotto365.com\/fr\/acheter-ticquets\/euromillions\/","title":{"rendered":"Comment acheter des billets Euromillions en ligne"},"content":{"rendered":"<p>Voulez-vous <strong> acheter des billets EuroMillions pour le prochain tirage <\/strong>? Vous souhaitez retirer vos billets enti\u00e8rement en ligne? Voulez-vous <a href=\"https:\/\/onlinelotto365.com\/fr\/jouer\"> jouer \u00e0 des loteries qui ne sont pas disponibles dans votre pays <\/a>? Eh bien, vous allez vouloir regarder de plus pr\u00e8s ici, o\u00f9 nous allons passer en revue les \u00e9tapes impliqu\u00e9es. Et heureusement pour vous, c&rsquo;est tr\u00e8s simple de commencer.<\/p>\n<ul>\n<li>Choisissez la loterie \u00e0 laquelle vous voulez jouer et choisissez les num\u00e9ros auxquels vous voulez jouer ou choisissez une s\u00e9lection rapide pour que l&rsquo;ordinateur les choisisse pour vous<\/li>\n<li>Ajoutez m\u00eame <a href=\"http:\/\/onlinelotto365.com\/fr\"> plus de jeux de loterie <\/a> et plus de billets pour tous les jeux, m\u00eame en dehors de votre pays de r\u00e9sidence, afin que votre commande refl\u00e8te le nombre total de billets que vous souhaitez<\/li>\n<li>S\u00e9lectionnez l&rsquo;option de paiement imm\u00e9diat<\/li>\n<li>Cr\u00e9ez et enregistrez votre compte ou connectez-vous \u00e0 votre compte de membre existant pour acheter vos billets<\/li>\n<li>Pour ceux qui doivent s&rsquo;inscrire, recherchez un lien de v\u00e9rification dans votre e-mail afin de pouvoir finaliser le processus<\/li>\n<li>Surveillez votre dossier spam au cas o\u00f9 l&rsquo;e-mail y serait envoy\u00e9 par erreur<\/li>\n<li>V\u00e9rifiez votre adresse e-mail et cliquez sur le panier sur le site Web<\/li>\n<li>Choisissez votre mode de paiement pr\u00e9f\u00e9r\u00e9, puis suivez les instructions pour payer vos billets<\/li>\n<\/ul>\n<p><a href=\"https:\/\/redfoxlotto.com\/fr\/jouer\/euromillions\/?ref=a8564250a2&amp;medium=ol365\" target=\"_blank\" rel=\"noopener noreferrer\"> <img decoding=\"async\" class=\"aligncenter\" src=\"https:\/\/redfoxlotto.com\/image?size=8&amp;lottery=euromillions\" alt=\"euromillions\" \/> <\/a><\/p>\n<h2>Comment payer votre billet EuroMillions en ligne<\/h2>\n<p>Payer vos billets <a href=\"https:\/\/onlinelotto365.com\/fr\/jouer\/euromillions\"> EuroMillions <\/a> en ligne est simple car de nombreuses m\u00e9thodes de paiement s\u00e9curis\u00e9es sont disponibles. Choisissez simplement celui que vous pr\u00e9f\u00e9rez.<br \/>\nAchetez et payez vos billets en proc\u00e9dant de l&rsquo;une des mani\u00e8res suivantes:<\/p>\n<ul>\n<li>Payer la commande avec un compte de paiement<\/li>\n<li>Ajoutez de l&rsquo;argent sur votre compte joueur et achetez des billets depuis le compte joueur<\/li>\n<\/ul>\n<p>Pour ceux qui choisissent d&rsquo;ajouter de l&rsquo;argent directement sur leur compte joueur, il vous suffit de vous assurer que vous en avez plus qu&rsquo;assez de disponible pour la commande que vous \u00eates sur le point de passer.<\/p>\n<h2>En savoir plus sur l&rsquo;EuroMillions<\/h2>\n<ul>\n<li>Pays: misc. Europe<\/li>\n<li>Plage de num\u00e9ros principaux: 50<\/li>\n<li>Vous choisissez: 5<\/li>\n<li>Plage de num\u00e9ros suppl\u00e9mentaires: 12<\/li>\n<li>Vous choisissez: 2<\/li>\n<li>Jours et heures des tirages: mardi, vendredi, 19h30 GMT, 20h30 CET<\/li>\n<li>Jackpot minimum: 17 millions d&rsquo;euros<\/li>\n<li>Jackpot maximum: 190 millions d&rsquo;euros<\/li>\n<li>Probabilit\u00e9 de gagner le jackpot: 1 sur 186450880<\/li>\n<li>Probabilit\u00e9 d&rsquo;une victoire de niveau 2: 1 sur 2118760<\/li>\n<li>Probabilit\u00e9 de gagner dans n&rsquo;importe quel niveau: 1 sur 12,98<\/li>\n<li>Nombre de niveaux de prix: 13<\/li>\n<\/ul>\n<h2>Avantages d&rsquo;acheter des billets EuroMillions en ligne<\/h2>\n<ul>\n<li>Pas besoin de quitter la maison pour obtenir les billets que vous voulez<\/li>\n<li>Choisissez parmi <strong> plusieurs loteries diff\u00e9rentes <\/strong><\/li>\n<li>Am\u00e9liorez vos chances de gagner en choisissant des jeux avec des jackpots plus \u00e9lev\u00e9s<\/li>\n<li>Ajoutez de l&rsquo;argent directement sur votre compte et utilisez-le pour acheter des billets<\/li>\n<li>Aucune chance de perdre votre billet<\/li>\n<li>Notifications instantan\u00e9es pour les gains de prix<\/li>\n<li>Options de s\u00e9lection faciles pour la g\u00e9n\u00e9ration de nombres al\u00e9atoires<\/li>\n<\/ul>\n<h2>Est-il l\u00e9gal d&rsquo;acheter des billets EuroMillions en ligne?<\/h2>\n<p>Vous vous \u00eates peut-\u00eatre demand\u00e9 si l&rsquo;achat de billets de loto en ligne \u00e9tait m\u00eame l\u00e9gal, surtout si votre pays de r\u00e9sidence a des r\u00e8gles strictes. Mais ce qui est bien, c&rsquo;est que vous n&rsquo;avez \u00e0 vous soucier de rien avec notre service. <strong> Nous g\u00e9rons tout conform\u00e9ment \u00e0 la r\u00e9glementation <\/strong> et nous nous assurons que, peu importe ce que vous gagnez ou l&rsquo;endroit o\u00f9 vous gagnez, vous serez en mesure d&rsquo;obtenir votre prix et m\u00eame de gagner le jackpot.<br \/>\nLa seule chose \u00e0 faire est de <a href=\"https:\/\/onlinelotto365.com\/fr\/news\/age-minimum-pour-acheter-des-billets-de-loterie\"> vous assurer que vous avez au moins 18 ans. <\/a><\/p>\n<h2>Comment \u00eatre pay\u00e9 si je gagne l&rsquo;EuroMillions en ligne?<\/h2>\n<p>Lorsque vous gagnez de l&rsquo;argent, nous veillons \u00e0 ce que vous l&rsquo;obteniez aussi facilement que possible. Il ne vous reste plus qu&rsquo;\u00e0 acheter votre billet avec nous et nous nous chargeons de r\u00e9clamer vos gains et de vous les faire parvenir. Nous ne pr\u00e9levons aucune commission sur vos gains, sauf si vous choisissez d&rsquo;\u00eatre <strong> pay\u00e9 par virement bancaire sur un compte bancaire. <\/strong><\/p>\n<p>Lorsque cela se produit, la banque nous facture des frais et nous vous demandons de payer \u00e9galement les frais. Cela variera en fonction de l&rsquo;endroit o\u00f9 l&rsquo;argent est envoy\u00e9. \u00c0 part cela, tout ce que vous devez savoir sur les paiements est:<\/p>\n<ul>\n<li>Si vous gagnez 2500 \u20ac ou moins, l&rsquo;argent est automatiquement et imm\u00e9diatement cr\u00e9dit\u00e9 directement sur votre compte joueur.<\/li>\n<li>Si vous gagnez plus de 2 500 \u20ac, vous recevrez un e-mail contenant un formulaire de r\u00e9clamation \u00e0 envoyer \u00e0 la commission de loterie. Cela d\u00e9taillera la mani\u00e8re dont vous souhaitez \u00eatre pay\u00e9, y compris le virement bancaire ou le ch\u00e8que. Votre demande sera trait\u00e9e et can prenez quelques jours avant que votre argent ne soit disponible.<\/li>\n<\/ul>\n","protected":false},"excerpt":{"rendered":"<p>Voulez-vous acheter des billets EuroMillions pour le prochain tirage ? Vous souhaitez retirer vos billets enti\u00e8rement en ligne? Voulez-vous jouer \u00e0 des loteries qui ne sont pas disponibles dans votre pays ? Eh bien, vous allez vouloir regarder de plus pr\u00e8s ici, o\u00f9 nous allons passer en revue les \u00e9tapes impliqu\u00e9es. Et heureusement pour vous, [&hellip;]<\/p>\n","protected":false},"author":1,"featured_media":0,"parent":3804,"menu_order":3,"comment_status":"closed","ping_status":"closed","template":"euromillions-info.php","meta":{"_et_pb_use_builder":"","_et_pb_old_content":"","_et_gb_content_width":"","exclude_from_search":false,"footnotes":""},"class_list":["post-10392","page","type-page","status-publish","hentry"],"yoast_head":"<!-- This site is optimized with the Yoast SEO plugin v23.4 - https:\/\/yoast.com\/wordpress\/plugins\/seo\/ -->\n<title>Acheter des billets pour Euromillions en ligne<\/title>\n<meta name=\"description\" content=\"Les fans de loto de tous les pays, y compris la France, peuvent d\u00e9sormais acheter des billets pour l&#039;Euromillions ici\" \/>\n<meta name=\"robots\" content=\"index, follow, max-snippet:-1, max-image-preview:large, max-video-preview:-1\" \/>\n<link rel=\"canonical\" href=\"https:\/\/onlinelotto365.com\/fr\/acheter-ticquets\/euromillions\/\" \/>\n<meta property=\"og:locale\" content=\"fr_FR\" \/>\n<meta property=\"og:type\" content=\"article\" \/>\n<meta property=\"og:title\" content=\"Acheter des billets pour Euromillions en ligne\" \/>\n<meta property=\"og:description\" content=\"Les fans de loto de tous les pays, y compris la France, peuvent d\u00e9sormais acheter des billets pour l&#039;Euromillions ici\" \/>\n<meta property=\"og:url\" content=\"https:\/\/onlinelotto365.com\/fr\/acheter-ticquets\/euromillions\/\" \/>\n<meta property=\"og:site_name\" content=\"OnlineLotto365\" \/>\n<meta property=\"article:modified_time\" content=\"2021-01-06T10:26:48+00:00\" \/>\n<meta property=\"og:image\" content=\"https:\/\/redfoxlotto.com\/image?size=8&amp;lottery=euromillions\" \/>\n<meta name=\"twitter:card\" content=\"summary_large_image\" \/>\n<meta name=\"twitter:label1\" content=\"Dur\u00e9e de lecture estim\u00e9e\" \/>\n\t<meta name=\"twitter:data1\" content=\"4 minutes\" \/>\n<script type=\"application\/ld+json\" class=\"yoast-schema-graph\">{\"@context\":\"https:\/\/schema.org\",\"@graph\":[{\"@type\":\"WebPage\",\"@id\":\"https:\/\/onlinelotto365.com\/fr\/acheter-ticquets\/euromillions\/\",\"url\":\"https:\/\/onlinelotto365.com\/fr\/acheter-ticquets\/euromillions\/\",\"name\":\"Acheter des billets pour Euromillions en ligne\",\"isPartOf\":{\"@id\":\"https:\/\/onlinelotto365.com\/fr\/#website\"},\"primaryImageOfPage\":{\"@id\":\"https:\/\/onlinelotto365.com\/fr\/acheter-ticquets\/euromillions\/#primaryimage\"},\"image\":{\"@id\":\"https:\/\/onlinelotto365.com\/fr\/acheter-ticquets\/euromillions\/#primaryimage\"},\"thumbnailUrl\":\"https:\/\/redfoxlotto.com\/image?size=8&amp;lottery=euromillions\",\"datePublished\":\"2020-12-17T10:06:55+00:00\",\"dateModified\":\"2021-01-06T10:26:48+00:00\",\"description\":\"Les fans de loto de tous les pays, y compris la France, peuvent d\u00e9sormais acheter des billets pour l'Euromillions ici\",\"breadcrumb\":{\"@id\":\"https:\/\/onlinelotto365.com\/fr\/acheter-ticquets\/euromillions\/#breadcrumb\"},\"inLanguage\":\"fr-FR\",\"potentialAction\":[{\"@type\":\"ReadAction\",\"target\":[\"https:\/\/onlinelotto365.com\/fr\/acheter-ticquets\/euromillions\/\"]}]},{\"@type\":\"ImageObject\",\"inLanguage\":\"fr-FR\",\"@id\":\"https:\/\/onlinelotto365.com\/fr\/acheter-ticquets\/euromillions\/#primaryimage\",\"url\":\"https:\/\/redfoxlotto.com\/image?size=8&amp;lottery=euromillions\",\"contentUrl\":\"https:\/\/redfoxlotto.com\/image?size=8&amp;lottery=euromillions\"},{\"@type\":\"BreadcrumbList\",\"@id\":\"https:\/\/onlinelotto365.com\/fr\/acheter-ticquets\/euromillions\/#breadcrumb\",\"itemListElement\":[{\"@type\":\"ListItem\",\"position\":1,\"name\":\"Home\",\"item\":\"https:\/\/onlinelotto365.com\/fr\/\"},{\"@type\":\"ListItem\",\"position\":2,\"name\":\"Pourquoi il est plus logique d&rsquo;acheter des billets de loterie en ligne\",\"item\":\"https:\/\/onlinelotto365.com\/fr\/acheter-ticquets\/\"},{\"@type\":\"ListItem\",\"position\":3,\"name\":\"Comment acheter des billets Euromillions en ligne\"}]},{\"@type\":\"WebSite\",\"@id\":\"https:\/\/onlinelotto365.com\/fr\/#website\",\"url\":\"https:\/\/onlinelotto365.com\/fr\/\",\"name\":\"OnlineLotto365\",\"description\":\"\",\"potentialAction\":[{\"@type\":\"SearchAction\",\"target\":{\"@type\":\"EntryPoint\",\"urlTemplate\":\"https:\/\/onlinelotto365.com\/fr\/?s={search_term_string}\"},\"query-input\":{\"@type\":\"PropertyValueSpecification\",\"valueRequired\":true,\"valueName\":\"search_term_string\"}}],\"inLanguage\":\"fr-FR\"}]}<\/script>\n<!-- \/ Yoast SEO plugin. -->","yoast_head_json":{"title":"Acheter des billets pour Euromillions en ligne","description":"Les fans de loto de tous les pays, y compris la France, peuvent d\u00e9sormais acheter des billets pour l'Euromillions ici","robots":{"index":"index","follow":"follow","max-snippet":"max-snippet:-1","max-image-preview":"max-image-preview:large","max-video-preview":"max-video-preview:-1"},"canonical":"https:\/\/onlinelotto365.com\/fr\/acheter-ticquets\/euromillions\/","og_locale":"fr_FR","og_type":"article","og_title":"Acheter des billets pour Euromillions en ligne","og_description":"Les fans de loto de tous les pays, y compris la France, peuvent d\u00e9sormais acheter des billets pour l'Euromillions ici","og_url":"https:\/\/onlinelotto365.com\/fr\/acheter-ticquets\/euromillions\/","og_site_name":"OnlineLotto365","article_modified_time":"2021-01-06T10:26:48+00:00","og_image":[{"url":"https:\/\/redfoxlotto.com\/image?size=8&amp;lottery=euromillions"}],"twitter_card":"summary_large_image","twitter_misc":{"Dur\u00e9e de lecture estim\u00e9e":"4 minutes"},"schema":{"@context":"https:\/\/schema.org","@graph":[{"@type":"WebPage","@id":"https:\/\/onlinelotto365.com\/fr\/acheter-ticquets\/euromillions\/","url":"https:\/\/onlinelotto365.com\/fr\/acheter-ticquets\/euromillions\/","name":"Acheter des billets pour Euromillions en ligne","isPartOf":{"@id":"https:\/\/onlinelotto365.com\/fr\/#website"},"primaryImageOfPage":{"@id":"https:\/\/onlinelotto365.com\/fr\/acheter-ticquets\/euromillions\/#primaryimage"},"image":{"@id":"https:\/\/onlinelotto365.com\/fr\/acheter-ticquets\/euromillions\/#primaryimage"},"thumbnailUrl":"https:\/\/redfoxlotto.com\/image?size=8&amp;lottery=euromillions","datePublished":"2020-12-17T10:06:55+00:00","dateModified":"2021-01-06T10:26:48+00:00","description":"Les fans de loto de tous les pays, y compris la France, peuvent d\u00e9sormais acheter des billets pour l'Euromillions ici","breadcrumb":{"@id":"https:\/\/onlinelotto365.com\/fr\/acheter-ticquets\/euromillions\/#breadcrumb"},"inLanguage":"fr-FR","potentialAction":[{"@type":"ReadAction","target":["https:\/\/onlinelotto365.com\/fr\/acheter-ticquets\/euromillions\/"]}]},{"@type":"ImageObject","inLanguage":"fr-FR","@id":"https:\/\/onlinelotto365.com\/fr\/acheter-ticquets\/euromillions\/#primaryimage","url":"https:\/\/redfoxlotto.com\/image?size=8&amp;lottery=euromillions","contentUrl":"https:\/\/redfoxlotto.com\/image?size=8&amp;lottery=euromillions"},{"@type":"BreadcrumbList","@id":"https:\/\/onlinelotto365.com\/fr\/acheter-ticquets\/euromillions\/#breadcrumb","itemListElement":[{"@type":"ListItem","position":1,"name":"Home","item":"https:\/\/onlinelotto365.com\/fr\/"},{"@type":"ListItem","position":2,"name":"Pourquoi il est plus logique d&rsquo;acheter des billets de loterie en ligne","item":"https:\/\/onlinelotto365.com\/fr\/acheter-ticquets\/"},{"@type":"ListItem","position":3,"name":"Comment acheter des billets Euromillions en ligne"}]},{"@type":"WebSite","@id":"https:\/\/onlinelotto365.com\/fr\/#website","url":"https:\/\/onlinelotto365.com\/fr\/","name":"OnlineLotto365","description":"","potentialAction":[{"@type":"SearchAction","target":{"@type":"EntryPoint","urlTemplate":"https:\/\/onlinelotto365.com\/fr\/?s={search_term_string}"},"query-input":{"@type":"PropertyValueSpecification","valueRequired":true,"valueName":"search_term_string"}}],"inLanguage":"fr-FR"}]}},"_links":{"self":[{"href":"https:\/\/onlinelotto365.com\/fr\/wp-json\/wp\/v2\/pages\/10392","targetHints":{"allow":["GET"]}}],"collection":[{"href":"https:\/\/onlinelotto365.com\/fr\/wp-json\/wp\/v2\/pages"}],"about":[{"href":"https:\/\/onlinelotto365.com\/fr\/wp-json\/wp\/v2\/types\/page"}],"author":[{"embeddable":true,"href":"https:\/\/onlinelotto365.com\/fr\/wp-json\/wp\/v2\/users\/1"}],"replies":[{"embeddable":true,"href":"https:\/\/onlinelotto365.com\/fr\/wp-json\/wp\/v2\/comments?post=10392"}],"version-history":[{"count":0,"href":"https:\/\/onlinelotto365.com\/fr\/wp-json\/wp\/v2\/pages\/10392\/revisions"}],"up":[{"embeddable":true,"href":"https:\/\/onlinelotto365.com\/fr\/wp-json\/wp\/v2\/pages\/3804"}],"wp:attachment":[{"href":"https:\/\/onlinelotto365.com\/fr\/wp-json\/wp\/v2\/media?parent=10392"}],"curies":[{"name":"wp","href":"https:\/\/api.w.org\/{rel}","templated":true}]}}