{"id":10395,"date":"2020-12-17T11:08:04","date_gmt":"2020-12-17T10:08:04","guid":{"rendered":"http:\/\/onlinelotto365.net\/?page_id=10395"},"modified":"2020-12-29T20:45:27","modified_gmt":"2020-12-29T19:45:27","slug":"eurojackpot","status":"publish","type":"page","link":"https:\/\/onlinelotto365.com\/fr\/acheter-ticquets\/eurojackpot\/","title":{"rendered":"Comment acheter des billets d&rsquo;Eurojackpot en ligne"},"content":{"rendered":"<p>Si vous vous demandez <strong> comment acheter vos billets Eurojackpot en ligne <\/strong>, nous avons d\u00e9crit le processus en quelques \u00e9tapes simples. Mais en fait, notre site Web vous guidera tout au long du processus. Nous avons essay\u00e9 de garder les choses aussi simples que possible.<\/p>\n<ul>\n<li>Une fois que vous \u00eates sur la page Eurojackpot, s\u00e9lectionnez vos num\u00e9ros ou laissez l&rsquo;ordinateur choisir les num\u00e9ros pour vous<\/li>\n<li>Vous pouvez ajouter plus de loteries et plus de billets \u00e0 votre commande si vous le souhaitez<\/li>\n<li>Cliquez sur payer maintenant<\/li>\n<li>Enregistrez votre compte sur notre site Web (si vous l&rsquo;avez d\u00e9j\u00e0 fait, vous pouvez ignorer cette \u00e9tape et simplement vous connecter \u00e0 votre compte existant<\/li>\n<li>Si vous cr\u00e9ez un nouveau compte, veuillez <strong> v\u00e9rifier dans votre bo\u00eete de r\u00e9ception le message contenant le lien de v\u00e9rification <\/strong><\/li>\n<li>Si vous ne trouvez pas l&rsquo;e-mail, veuillez jeter un \u0153il \u00e0 votre bo\u00eete de courrier ind\u00e9sirable, il se peut qu&rsquo;elle s&rsquo;y soit retrouv\u00e9e<\/li>\n<li>Cliquez sur le symbole du panier<\/li>\n<li>S\u00e9lectionnez un mode de paiement, cliquez pour payer et suivez les instructions de paiement.<\/li>\n<\/ul>\n<p><a href=\"https:\/\/redfoxlotto.com\/fr\/jouer\/eurojackpot\/?ref=a8564250a2&amp;medium=ol365\" target=\"_blank\" rel=\"noopener noreferrer\"> <img decoding=\"async\" class=\"aligncenter\" src=\"https:\/\/redfoxlotto.com\/image?size=8&amp;lottery=eurojackpot\" alt=\"eurojackpot\" \/> <\/a><\/p>\n<h2>Comment payer votre ticket Eurojackpot en ligne<\/h2>\n<p>Il existe un certain nombre de m\u00e9thodes de paiement s\u00e9curis\u00e9es disponibles pour nos clients. S\u00e9lectionnez la m\u00e9thode qui vous convient.<\/p>\n<p><strong> Vous pouvez acheter vos billets en ligne et les payer de deux mani\u00e8res: <\/strong><\/p>\n<ul>\n<li>Payez votre commande directement<\/li>\n<li>D\u00e9posez de l&rsquo;argent sur votre compte joueur, puis utilisez votre solde pour acheter des billets de loterie<\/li>\n<\/ul>\n<p>Si vous utilisez la deuxi\u00e8me m\u00e9thode, assurez-vous que le montant de votre solde est sup\u00e9rieur au montant de la commande de billets.<\/p>\n<h2>Plus d&rsquo;informations sur Eurojackpot<\/h2>\n<ul>\n<li>Pays: divers pays europ\u00e9ens<\/li>\n<li>Plage de num\u00e9ros principaux: 50<\/li>\n<li>Vous choisissez: 5<\/li>\n<li>Plage de num\u00e9ros suppl\u00e9mentaires: 10<\/li>\n<li>Vous choisissez: 2<\/li>\n<li>Jours et heures des tirages: vendredi, 21h00 CET<\/li>\n<li>Jackpot minimum: 10 millions d&rsquo;euros<\/li>\n<li>Jackpot maximum: 90 millions d&rsquo;euros<\/li>\n<li>Probabilit\u00e9 de gagner le jackpot: 1 sur 135.600.640<\/li>\n<li>Probabilit\u00e9 d&rsquo;une victoire de niveau 2: 1 sur 2.118.760<\/li>\n<li>Probabilit\u00e9 de gagner dans n&rsquo;importe quel palier: 1 sur 26,39<\/li>\n<li>Nombre de niveaux de prix: 12<\/li>\n<\/ul>\n<h2>Avantages d&rsquo;acheter des billets Eurojackpot en ligne<\/h2>\n<ul>\n<li>achetez vos billets dans le confort de votre maison<\/li>\n<li>un plus grand choix de loteries<\/li>\n<li><a href=\"https:\/\/onlinelotto365.com\/fr\/news\/des-moyens-intelligents-de-selectionner-les-numeros-de-loto-et-dameliorer-vos-chances\"> am\u00e9liorez vos chances de gagner <\/a> en optant pour le <a href=\"https:\/\/onlinelotto365.com\/fr\/news\/quelles-sont-les-meilleures-chances-de-gagner-a-la-loterie\"> loterie avec les jackpots les plus \u00e9lev\u00e9s <\/a><\/li>\n<li>option permettant de d\u00e9poser de l&rsquo;argent d&rsquo;abord, puis de r\u00e9gler avec votre solde<\/li>\n<li>ne perdez plus jamais un billet<\/li>\n<li>recevez une notification lorsque vous gagnez<\/li>\n<li>option de s\u00e9lection rapide avec un g\u00e9n\u00e9rateur de nombres al\u00e9atoires<\/li>\n<\/ul>\n<h2>Est-il l\u00e9gal d&rsquo;acheter des billets Eurojackpot en ligne?<\/h2>\n<p>Vous n&rsquo;avez pas \u00e0 vous soucier de savoir si l&rsquo;achat de billets de loto en ligne ou de mani\u00e8re traditionnelle est l\u00e9gal dans votre pays de r\u00e9sidence. En m\u00eame temps, vous n&rsquo;avez pas \u00e0 vous soucier de la question de savoir s&rsquo;il est l\u00e9gal d&rsquo;utiliser notre service en ce qui concerne la r\u00e9glementation du pays o\u00f9 la loterie a lieu. La fa\u00e7on dont nous g\u00e9rons notre service est con\u00e7ue de sorte que <strong> vous \u00eates assur\u00e9 d&rsquo;\u00eatre pay\u00e9, m\u00eame si vous gagnez un jackpot. <\/strong><\/p>\n<p><a href=\"https:\/\/onlinelotto365.com\/fr\/news\/age-minimum-pour-acheter-des-billets-de-loterie\"> Vous devez avoir au moins 18 ans pour utiliser notre service. <\/a><\/p>\n<h2>Comment \u00eatre pay\u00e9 si je gagne l&rsquo;Eurojackpot en ligne?<\/h2>\n<p>Le paiement des gains est une partie importante de notre service \u00e0 nos clients. Il est important que vous sachiez que nous ne d\u00e9duisons aucune sorte de commission de vos gains \u00e0 la loterie. Il peut y avoir des frais tr\u00e8s minimes dans une seule situation, et c&rsquo;est si vous d\u00e9cidez d&rsquo;\u00eatre pay\u00e9 par virement bancaire. Il s&rsquo;agit de ce que la banque nous facture, et nous parlons ici de peut-\u00eatre 5 $ par virement s&rsquo;il s&rsquo;agit d&rsquo;un virement international.<\/p>\n<p>Il existe deux situations diff\u00e9rentes pour le paiement:<\/p>\n<ul>\n<li>Vous gagnez un montant de 2500 \u20ac ou moins. Dans ce cas, le montant gagn\u00e9 sera cr\u00e9dit\u00e9 sur votre compte joueur chez nous.<\/li>\n<li>Vous gagnez un montant sup\u00e9rieur \u00e0 2500 \u20ac. Dans ce cas, nous vous enverrons par e-mail un formulaire que vous devrez remplir. Vous d\u00e9cidez comment vous souhaitez \u00eatre pay\u00e9. Dans ce cas, le virement bancaire et le ch\u00e8que sont les seules options. Nous traiterons la demande pour vous et quelques jours plus tard, vous aurez votre argent sur votre compte bancaire ou vous recevrez un ch\u00e8que.<\/li>\n<\/ul>\n","protected":false},"excerpt":{"rendered":"<p>Si vous vous demandez comment acheter vos billets Eurojackpot en ligne , nous avons d\u00e9crit le processus en quelques \u00e9tapes simples. Mais en fait, notre site Web vous guidera tout au long du processus. Nous avons essay\u00e9 de garder les choses aussi simples que possible. Une fois que vous \u00eates sur la page Eurojackpot, s\u00e9lectionnez [&hellip;]<\/p>\n","protected":false},"author":1,"featured_media":0,"parent":3804,"menu_order":4,"comment_status":"closed","ping_status":"closed","template":"eurojackpot-info.php","meta":{"_et_pb_use_builder":"","_et_pb_old_content":"","_et_gb_content_width":"","exclude_from_search":false,"footnotes":""},"class_list":["post-10395","page","type-page","status-publish","hentry"],"yoast_head":"<!-- This site is optimized with the Yoast SEO plugin v23.4 - https:\/\/yoast.com\/wordpress\/plugins\/seo\/ -->\n<title>Acheter des billets pour l&#039;Eurojackpot en ligne depuis la France | Eurojackpot info, comment acheter des billets<\/title>\n<meta name=\"description\" content=\"Vous vivez en France, mais vous voulez acheter des billets pour l&#039;Eurojackpot ? Achetez-les en ligne ici !\" \/>\n<meta name=\"robots\" content=\"index, follow, max-snippet:-1, max-image-preview:large, max-video-preview:-1\" \/>\n<link rel=\"canonical\" href=\"https:\/\/onlinelotto365.com\/fr\/acheter-ticquets\/eurojackpot\/\" \/>\n<meta property=\"og:locale\" content=\"fr_FR\" \/>\n<meta property=\"og:type\" content=\"article\" \/>\n<meta property=\"og:title\" content=\"Acheter des billets pour l&#039;Eurojackpot en ligne depuis la France | Eurojackpot info, comment acheter des billets\" \/>\n<meta property=\"og:description\" content=\"Vous vivez en France, mais vous voulez acheter des billets pour l&#039;Eurojackpot ? Achetez-les en ligne ici !\" \/>\n<meta property=\"og:url\" content=\"https:\/\/onlinelotto365.com\/fr\/acheter-ticquets\/eurojackpot\/\" \/>\n<meta property=\"og:site_name\" content=\"OnlineLotto365\" \/>\n<meta property=\"article:modified_time\" content=\"2020-12-29T19:45:27+00:00\" \/>\n<meta property=\"og:image\" content=\"https:\/\/redfoxlotto.com\/image?size=8&amp;lottery=eurojackpot\" \/>\n<meta name=\"twitter:card\" content=\"summary_large_image\" \/>\n<meta name=\"twitter:label1\" content=\"Dur\u00e9e de lecture estim\u00e9e\" \/>\n\t<meta name=\"twitter:data1\" content=\"4 minutes\" \/>\n<script type=\"application\/ld+json\" class=\"yoast-schema-graph\">{\"@context\":\"https:\/\/schema.org\",\"@graph\":[{\"@type\":\"WebPage\",\"@id\":\"https:\/\/onlinelotto365.com\/fr\/acheter-ticquets\/eurojackpot\/\",\"url\":\"https:\/\/onlinelotto365.com\/fr\/acheter-ticquets\/eurojackpot\/\",\"name\":\"Acheter des billets pour l'Eurojackpot en ligne depuis la France | Eurojackpot info, comment acheter des billets\",\"isPartOf\":{\"@id\":\"https:\/\/onlinelotto365.com\/fr\/#website\"},\"primaryImageOfPage\":{\"@id\":\"https:\/\/onlinelotto365.com\/fr\/acheter-ticquets\/eurojackpot\/#primaryimage\"},\"image\":{\"@id\":\"https:\/\/onlinelotto365.com\/fr\/acheter-ticquets\/eurojackpot\/#primaryimage\"},\"thumbnailUrl\":\"https:\/\/redfoxlotto.com\/image?size=8&amp;lottery=eurojackpot\",\"datePublished\":\"2020-12-17T10:08:04+00:00\",\"dateModified\":\"2020-12-29T19:45:27+00:00\",\"description\":\"Vous vivez en France, mais vous voulez acheter des billets pour l'Eurojackpot ? Achetez-les en ligne ici !\",\"breadcrumb\":{\"@id\":\"https:\/\/onlinelotto365.com\/fr\/acheter-ticquets\/eurojackpot\/#breadcrumb\"},\"inLanguage\":\"fr-FR\",\"potentialAction\":[{\"@type\":\"ReadAction\",\"target\":[\"https:\/\/onlinelotto365.com\/fr\/acheter-ticquets\/eurojackpot\/\"]}]},{\"@type\":\"ImageObject\",\"inLanguage\":\"fr-FR\",\"@id\":\"https:\/\/onlinelotto365.com\/fr\/acheter-ticquets\/eurojackpot\/#primaryimage\",\"url\":\"https:\/\/redfoxlotto.com\/image?size=8&amp;lottery=eurojackpot\",\"contentUrl\":\"https:\/\/redfoxlotto.com\/image?size=8&amp;lottery=eurojackpot\"},{\"@type\":\"BreadcrumbList\",\"@id\":\"https:\/\/onlinelotto365.com\/fr\/acheter-ticquets\/eurojackpot\/#breadcrumb\",\"itemListElement\":[{\"@type\":\"ListItem\",\"position\":1,\"name\":\"Home\",\"item\":\"https:\/\/onlinelotto365.com\/fr\/\"},{\"@type\":\"ListItem\",\"position\":2,\"name\":\"Pourquoi il est plus logique d&rsquo;acheter des billets de loterie en ligne\",\"item\":\"https:\/\/onlinelotto365.com\/fr\/acheter-ticquets\/\"},{\"@type\":\"ListItem\",\"position\":3,\"name\":\"Comment acheter des billets d&rsquo;Eurojackpot en ligne\"}]},{\"@type\":\"WebSite\",\"@id\":\"https:\/\/onlinelotto365.com\/fr\/#website\",\"url\":\"https:\/\/onlinelotto365.com\/fr\/\",\"name\":\"OnlineLotto365\",\"description\":\"\",\"potentialAction\":[{\"@type\":\"SearchAction\",\"target\":{\"@type\":\"EntryPoint\",\"urlTemplate\":\"https:\/\/onlinelotto365.com\/fr\/?s={search_term_string}\"},\"query-input\":{\"@type\":\"PropertyValueSpecification\",\"valueRequired\":true,\"valueName\":\"search_term_string\"}}],\"inLanguage\":\"fr-FR\"}]}<\/script>\n<!-- \/ Yoast SEO plugin. -->","yoast_head_json":{"title":"Acheter des billets pour l'Eurojackpot en ligne depuis la France | Eurojackpot info, comment acheter des billets","description":"Vous vivez en France, mais vous voulez acheter des billets pour l'Eurojackpot ? Achetez-les en ligne ici !","robots":{"index":"index","follow":"follow","max-snippet":"max-snippet:-1","max-image-preview":"max-image-preview:large","max-video-preview":"max-video-preview:-1"},"canonical":"https:\/\/onlinelotto365.com\/fr\/acheter-ticquets\/eurojackpot\/","og_locale":"fr_FR","og_type":"article","og_title":"Acheter des billets pour l'Eurojackpot en ligne depuis la France | Eurojackpot info, comment acheter des billets","og_description":"Vous vivez en France, mais vous voulez acheter des billets pour l'Eurojackpot ? Achetez-les en ligne ici !","og_url":"https:\/\/onlinelotto365.com\/fr\/acheter-ticquets\/eurojackpot\/","og_site_name":"OnlineLotto365","article_modified_time":"2020-12-29T19:45:27+00:00","og_image":[{"url":"https:\/\/redfoxlotto.com\/image?size=8&amp;lottery=eurojackpot"}],"twitter_card":"summary_large_image","twitter_misc":{"Dur\u00e9e de lecture estim\u00e9e":"4 minutes"},"schema":{"@context":"https:\/\/schema.org","@graph":[{"@type":"WebPage","@id":"https:\/\/onlinelotto365.com\/fr\/acheter-ticquets\/eurojackpot\/","url":"https:\/\/onlinelotto365.com\/fr\/acheter-ticquets\/eurojackpot\/","name":"Acheter des billets pour l'Eurojackpot en ligne depuis la France | Eurojackpot info, comment acheter des billets","isPartOf":{"@id":"https:\/\/onlinelotto365.com\/fr\/#website"},"primaryImageOfPage":{"@id":"https:\/\/onlinelotto365.com\/fr\/acheter-ticquets\/eurojackpot\/#primaryimage"},"image":{"@id":"https:\/\/onlinelotto365.com\/fr\/acheter-ticquets\/eurojackpot\/#primaryimage"},"thumbnailUrl":"https:\/\/redfoxlotto.com\/image?size=8&amp;lottery=eurojackpot","datePublished":"2020-12-17T10:08:04+00:00","dateModified":"2020-12-29T19:45:27+00:00","description":"Vous vivez en France, mais vous voulez acheter des billets pour l'Eurojackpot ? Achetez-les en ligne ici !","breadcrumb":{"@id":"https:\/\/onlinelotto365.com\/fr\/acheter-ticquets\/eurojackpot\/#breadcrumb"},"inLanguage":"fr-FR","potentialAction":[{"@type":"ReadAction","target":["https:\/\/onlinelotto365.com\/fr\/acheter-ticquets\/eurojackpot\/"]}]},{"@type":"ImageObject","inLanguage":"fr-FR","@id":"https:\/\/onlinelotto365.com\/fr\/acheter-ticquets\/eurojackpot\/#primaryimage","url":"https:\/\/redfoxlotto.com\/image?size=8&amp;lottery=eurojackpot","contentUrl":"https:\/\/redfoxlotto.com\/image?size=8&amp;lottery=eurojackpot"},{"@type":"BreadcrumbList","@id":"https:\/\/onlinelotto365.com\/fr\/acheter-ticquets\/eurojackpot\/#breadcrumb","itemListElement":[{"@type":"ListItem","position":1,"name":"Home","item":"https:\/\/onlinelotto365.com\/fr\/"},{"@type":"ListItem","position":2,"name":"Pourquoi il est plus logique d&rsquo;acheter des billets de loterie en ligne","item":"https:\/\/onlinelotto365.com\/fr\/acheter-ticquets\/"},{"@type":"ListItem","position":3,"name":"Comment acheter des billets d&rsquo;Eurojackpot en ligne"}]},{"@type":"WebSite","@id":"https:\/\/onlinelotto365.com\/fr\/#website","url":"https:\/\/onlinelotto365.com\/fr\/","name":"OnlineLotto365","description":"","potentialAction":[{"@type":"SearchAction","target":{"@type":"EntryPoint","urlTemplate":"https:\/\/onlinelotto365.com\/fr\/?s={search_term_string}"},"query-input":{"@type":"PropertyValueSpecification","valueRequired":true,"valueName":"search_term_string"}}],"inLanguage":"fr-FR"}]}},"_links":{"self":[{"href":"https:\/\/onlinelotto365.com\/fr\/wp-json\/wp\/v2\/pages\/10395","targetHints":{"allow":["GET"]}}],"collection":[{"href":"https:\/\/onlinelotto365.com\/fr\/wp-json\/wp\/v2\/pages"}],"about":[{"href":"https:\/\/onlinelotto365.com\/fr\/wp-json\/wp\/v2\/types\/page"}],"author":[{"embeddable":true,"href":"https:\/\/onlinelotto365.com\/fr\/wp-json\/wp\/v2\/users\/1"}],"replies":[{"embeddable":true,"href":"https:\/\/onlinelotto365.com\/fr\/wp-json\/wp\/v2\/comments?post=10395"}],"version-history":[{"count":0,"href":"https:\/\/onlinelotto365.com\/fr\/wp-json\/wp\/v2\/pages\/10395\/revisions"}],"up":[{"embeddable":true,"href":"https:\/\/onlinelotto365.com\/fr\/wp-json\/wp\/v2\/pages\/3804"}],"wp:attachment":[{"href":"https:\/\/onlinelotto365.com\/fr\/wp-json\/wp\/v2\/media?parent=10395"}],"curies":[{"name":"wp","href":"https:\/\/api.w.org\/{rel}","templated":true}]}}