{"id":10397,"date":"2020-12-17T11:09:45","date_gmt":"2020-12-17T10:09:45","guid":{"rendered":"http:\/\/onlinelotto365.net\/?page_id=10397"},"modified":"2020-12-29T20:47:05","modified_gmt":"2020-12-29T19:47:05","slug":"superenalotto","status":"publish","type":"page","link":"https:\/\/onlinelotto365.com\/fr\/acheter-ticquets\/superenalotto\/","title":{"rendered":"Comment acheter des billets pour le Superenalotto en ligne"},"content":{"rendered":"<p>\u00cates-vous int\u00e9ress\u00e9 par <strong> acheter des billets pour le Superenalotto en ligne depuis la France <\/strong>, mais vous ne savez pas comment proc\u00e9der? Eh bien, vous \u00eates au bon endroit car nous allons nous en occuper pour vous. Tout ce que vous avez \u00e0 faire est de suivre les \u00e9tapes simples dont nous allons discuter ci-dessous et vous aurez vos billets rapidement.<\/p>\n<ul>\n<li>Choisissez le jeu de loterie pour lequel vous souhaitez <strong> acheter des billets et choisissez les num\u00e9ros <\/strong> auxquels vous souhaitez jouer ou choisissez l&rsquo;option de s\u00e9lection rapide pour laisser l&rsquo;ordinateur choisir pour vous<\/li>\n<li>Ajoutez des billets suppl\u00e9mentaires ou <a href=\"https:\/\/onlinelotto365.com\/fr\/acheter-ticquets\"> loteries suppl\u00e9mentaires <\/a> pour cr\u00e9er votre commande<\/li>\n<li>Choisissez l&rsquo;option de paiement maintenant<\/li>\n<li>Cr\u00e9ez un compte chez nous ou connectez-vous \u00e0 votre compte pour acheter vos billets<\/li>\n<li>Les personnes qui doivent cr\u00e9er un compte devront rechercher un lien de v\u00e9rification dans leur e-mail pour s&rsquo;assurer que leur compte est compl\u00e8tement configur\u00e9<\/li>\n<li>N&rsquo;oubliez pas que le lien peut aller dans votre dossier de spam si notre adresse e-mail n&rsquo;est pas ajout\u00e9e \u00e0 votre carnet d&rsquo;adresses, alors assurez-vous de bien v\u00e9rifier<\/li>\n<li>Choisissez l&rsquo;ic\u00f4ne de paiement en haut de votre \u00e9cran<\/li>\n<li>Choisissez votre mode de paiement et suivez les instructions pour terminer le processus de paiement<\/li>\n<\/ul>\n<p><a href=\"https:\/\/redfoxlotto.com\/fr\/superenalotto\/?ref=a8564250a2&amp;medium=ol365\" target=\"_blank\" rel=\"noopener noreferrer\"><img decoding=\"async\" class=\"aligncenter\" src=\"https:\/\/redfoxlotto.com\/image?size=8&amp;lottery=superenalotto\" alt=\" superenalotto \" \/><\/a><\/p>\n<h2>Comment payer votre billet Superenalotto en ligne<\/h2>\n<p>Nous simplifions au maximum le paiement de votre <strong> billet Superenalotto depuis la France <\/strong> en vous proposant une large gamme de m\u00e9thodes de paiement diff\u00e9rentes. Choisissez simplement celui que vous pr\u00e9f\u00e9rez et vous serez sur votre chemin en un rien de temps.<\/p>\n<p>Lorsque vous \u00eates pr\u00eat \u00e0 acheter vos billets en ligne, il vous suffit de choisir entre:<\/p>\n<ul>\n<li>Utilisez un mode de paiement pr\u00e9f\u00e9r\u00e9 pour payer directement les billets<\/li>\n<li>Mettez de l&rsquo;argent sur votre compte et utilisez cet argent pour acheter vos billets<\/li>\n<\/ul>\n<p>Assurez-vous simplement de d\u00e9poser plus que le montant d&rsquo;argent dont vous avez besoin pour vos billets sur votre compte si vous choisissez de payer de cette mani\u00e8re.<\/p>\n<h2>Plus d&rsquo;informations sur Superenalotto<\/h2>\n<ul>\n<li>Pays: Italie<\/li>\n<li>Plage de num\u00e9ros principaux: 90<\/li>\n<li>Vous choisissez: 6<\/li>\n<li>Jours et heures des tirages: mardi, jeudi, samedi, 19h00 GMT, 21h00 CET<\/li>\n<li>Jackpot minimum: 2 millions d&rsquo;euros<\/li>\n<li>Jackpot maximum: aucun<\/li>\n<li>Probabilit\u00e9 de gagner le jackpot: 1 sur 622614630<\/li>\n<li>Probabilit\u00e9 d&rsquo;une victoire de niveau 2: 1 sur 103769105<\/li>\n<li>Probabilit\u00e9 de gagner dans n&rsquo;importe quel palier: 1 sur 20,58<\/li>\n<li>Nombre de niveaux de prix: 6<\/li>\n<\/ul>\n<h2>Avantages de l&rsquo;achat de billets Superenalotto en ligne<\/h2>\n<ul>\n<li><a href=\"https:\/\/onlinelotto365.com\/fr\/acheter-ticquets\"> L&rsquo;achat de billets <\/a> s&rsquo;effectue de l&rsquo;endroit o\u00f9 vous \u00eates le plus \u00e0 l&rsquo;aise, y compris la France <img decoding=\"async\" class=\"alignright size-medium wp-image -3615 \" src=\" https:\/\/onlinelotto365.com\/wp-content\/uploads\/2020\/11\/online_lottery-52-300x169.jpg \" alt=\" jouer au superenalotto en ligne au Royaume-Uni \" width=\" 300 \" height=\" 169 \" \/><\/li>\n<li>Choisissez parmi plusieurs loteries diff\u00e9rentes<\/li>\n<li>Obtenez les <a href=\"https:\/\/onlinelotto365.com\/fr\/news\/quelles-sont-les-meilleures-chances-de-gagner-a-la-loterie\"> meilleures chances de gagner des loteries <\/a> avec les meilleurs jackpots<\/li>\n<li>Ajoutez de l&rsquo;argent sur votre compte pour payer directement les billets<\/li>\n<li>Ne craignez pas de perdre votre billet<\/li>\n<li>Notifications instantan\u00e9es lorsque vous gagnez<\/li>\n<li>G\u00e9n\u00e9rateur de nombres al\u00e9atoires pour les options de ticket de s\u00e9lection rapide<\/li>\n<\/ul>\n<h2>Est-il l\u00e9gal d&rsquo;acheter des billets pour le Superenalotto en ligne?<\/h2>\n<p>Que faire si vous \u00eates pr\u00e9occup\u00e9 par la l\u00e9galit\u00e9 de l&rsquo;achat de vos billets de loto en ligne? Ou m\u00eame de mani\u00e8re traditionnelle? Si votre pays de r\u00e9sidence a des lois strictes, vous pourriez \u00eatre concern\u00e9, mais vous n\u2019avez pas besoin de l\u2019\u00eatre. En effet, notre service respecte les r\u00e9glementations et garantit que vous obtiendrez vos gains, quels que soient vos gains ou votre lieu de r\u00e9sidence. <a href=\"https:\/\/onlinelotto365.com\/fr\/news\/age-minimum-pour-acheter-des-billets-de-loterie\"> Il vous suffit d&rsquo;avoir 18 ans pour utiliser le service. <\/a><\/p>\n<h2>Comment \u00eatre pay\u00e9 si je gagne le Superenalotto en ligne?<\/h2>\n<p>Si vous gagnez, le processus de paiement est facile car vous devez faire tr\u00e8s peu. Et vous n\u2019avez pas non plus \u00e0 vous soucier de perdre vos gains. Nous ne prenons aucune commission lorsque vous gagnez et nous ne vous facturons aucun frais, sauf si vous choisissez d&rsquo;effectuer un virement bancaire. Dans ce cas, si la banque nous facture des frais pour le transfert, nous r\u00e9percutons ces frais et vous pouvez voir un petit montant pr\u00e9lev\u00e9 sur vos gains.<\/p>\n<p><strong> Sinon, vous devez savoir deux choses: <\/strong><\/p>\n<ul>\n<li>Les montants gagn\u00e9s inf\u00e9rieurs \u00e0 2500 \u20ac sont imm\u00e9diatement d\u00e9pos\u00e9s directement sur votre compte joueur afin que vous puissiez les utiliser comme vous le souhaitez.<\/li>\n<li>Les montants sup\u00e9rieurs \u00e0 2500 \u20ac n\u00e9cessiteront une \u00e9tape suppl\u00e9mentaire. Notre \u00e9quipe d&rsquo;assistance vous contactera avec un formulaire \u00e0 remplir pour la commission de loterie. Le formulaire d\u00e9taillera comment vous souhaitez que vos paiements soient effectu\u00e9s etvous pourrez obtenir un virement bancaire ou un ch\u00e8que du montant que vous avez gagn\u00e9.<\/li>\n<\/ul>\n","protected":false},"excerpt":{"rendered":"<p>\u00cates-vous int\u00e9ress\u00e9 par acheter des billets pour le Superenalotto en ligne depuis la France , mais vous ne savez pas comment proc\u00e9der? Eh bien, vous \u00eates au bon endroit car nous allons nous en occuper pour vous. Tout ce que vous avez \u00e0 faire est de suivre les \u00e9tapes simples dont nous allons discuter ci-dessous [&hellip;]<\/p>\n","protected":false},"author":1,"featured_media":0,"parent":3804,"menu_order":5,"comment_status":"closed","ping_status":"closed","template":"superenalotto-info.php","meta":{"_et_pb_use_builder":"","_et_pb_old_content":"","_et_gb_content_width":"","exclude_from_search":false,"footnotes":""},"class_list":["post-10397","page","type-page","status-publish","hentry"],"yoast_head":"<!-- This site is optimized with the Yoast SEO plugin v23.4 - https:\/\/yoast.com\/wordpress\/plugins\/seo\/ -->\n<title>A propos de l&#039;achat en ligne de billets pour le Superenalotto depuis la France<\/title>\n<meta name=\"description\" content=\"D\u00e9couvrez comment acheter des billets pour le Superenalotto depuis n&#039;importe o\u00f9, y compris en France\" \/>\n<meta name=\"robots\" content=\"index, follow, max-snippet:-1, max-image-preview:large, max-video-preview:-1\" \/>\n<link rel=\"canonical\" href=\"https:\/\/onlinelotto365.com\/fr\/acheter-ticquets\/superenalotto\/\" \/>\n<meta property=\"og:locale\" content=\"fr_FR\" \/>\n<meta property=\"og:type\" content=\"article\" \/>\n<meta property=\"og:title\" content=\"A propos de l&#039;achat en ligne de billets pour le Superenalotto depuis la France\" \/>\n<meta property=\"og:description\" content=\"D\u00e9couvrez comment acheter des billets pour le Superenalotto depuis n&#039;importe o\u00f9, y compris en France\" \/>\n<meta property=\"og:url\" content=\"https:\/\/onlinelotto365.com\/fr\/acheter-ticquets\/superenalotto\/\" \/>\n<meta property=\"og:site_name\" content=\"OnlineLotto365\" \/>\n<meta property=\"article:modified_time\" content=\"2020-12-29T19:47:05+00:00\" \/>\n<meta property=\"og:image\" content=\"https:\/\/redfoxlotto.com\/image?size=8&amp;lottery=superenalotto\" \/>\n<meta name=\"twitter:card\" content=\"summary_large_image\" \/>\n<meta name=\"twitter:label1\" content=\"Dur\u00e9e de lecture estim\u00e9e\" \/>\n\t<meta name=\"twitter:data1\" content=\"4 minutes\" \/>\n<script type=\"application\/ld+json\" class=\"yoast-schema-graph\">{\"@context\":\"https:\/\/schema.org\",\"@graph\":[{\"@type\":\"WebPage\",\"@id\":\"https:\/\/onlinelotto365.com\/fr\/acheter-ticquets\/superenalotto\/\",\"url\":\"https:\/\/onlinelotto365.com\/fr\/acheter-ticquets\/superenalotto\/\",\"name\":\"A propos de l'achat en ligne de billets pour le Superenalotto depuis la France\",\"isPartOf\":{\"@id\":\"https:\/\/onlinelotto365.com\/fr\/#website\"},\"primaryImageOfPage\":{\"@id\":\"https:\/\/onlinelotto365.com\/fr\/acheter-ticquets\/superenalotto\/#primaryimage\"},\"image\":{\"@id\":\"https:\/\/onlinelotto365.com\/fr\/acheter-ticquets\/superenalotto\/#primaryimage\"},\"thumbnailUrl\":\"https:\/\/redfoxlotto.com\/image?size=8&amp;lottery=superenalotto\",\"datePublished\":\"2020-12-17T10:09:45+00:00\",\"dateModified\":\"2020-12-29T19:47:05+00:00\",\"description\":\"D\u00e9couvrez comment acheter des billets pour le Superenalotto depuis n'importe o\u00f9, y compris en France\",\"breadcrumb\":{\"@id\":\"https:\/\/onlinelotto365.com\/fr\/acheter-ticquets\/superenalotto\/#breadcrumb\"},\"inLanguage\":\"fr-FR\",\"potentialAction\":[{\"@type\":\"ReadAction\",\"target\":[\"https:\/\/onlinelotto365.com\/fr\/acheter-ticquets\/superenalotto\/\"]}]},{\"@type\":\"ImageObject\",\"inLanguage\":\"fr-FR\",\"@id\":\"https:\/\/onlinelotto365.com\/fr\/acheter-ticquets\/superenalotto\/#primaryimage\",\"url\":\"https:\/\/redfoxlotto.com\/image?size=8&amp;lottery=superenalotto\",\"contentUrl\":\"https:\/\/redfoxlotto.com\/image?size=8&amp;lottery=superenalotto\"},{\"@type\":\"BreadcrumbList\",\"@id\":\"https:\/\/onlinelotto365.com\/fr\/acheter-ticquets\/superenalotto\/#breadcrumb\",\"itemListElement\":[{\"@type\":\"ListItem\",\"position\":1,\"name\":\"Home\",\"item\":\"https:\/\/onlinelotto365.com\/fr\/\"},{\"@type\":\"ListItem\",\"position\":2,\"name\":\"Pourquoi il est plus logique d&rsquo;acheter des billets de loterie en ligne\",\"item\":\"https:\/\/onlinelotto365.com\/fr\/acheter-ticquets\/\"},{\"@type\":\"ListItem\",\"position\":3,\"name\":\"Comment acheter des billets pour le Superenalotto en ligne\"}]},{\"@type\":\"WebSite\",\"@id\":\"https:\/\/onlinelotto365.com\/fr\/#website\",\"url\":\"https:\/\/onlinelotto365.com\/fr\/\",\"name\":\"OnlineLotto365\",\"description\":\"\",\"potentialAction\":[{\"@type\":\"SearchAction\",\"target\":{\"@type\":\"EntryPoint\",\"urlTemplate\":\"https:\/\/onlinelotto365.com\/fr\/?s={search_term_string}\"},\"query-input\":{\"@type\":\"PropertyValueSpecification\",\"valueRequired\":true,\"valueName\":\"search_term_string\"}}],\"inLanguage\":\"fr-FR\"}]}<\/script>\n<!-- \/ Yoast SEO plugin. -->","yoast_head_json":{"title":"A propos de l'achat en ligne de billets pour le Superenalotto depuis la France","description":"D\u00e9couvrez comment acheter des billets pour le Superenalotto depuis n'importe o\u00f9, y compris en France","robots":{"index":"index","follow":"follow","max-snippet":"max-snippet:-1","max-image-preview":"max-image-preview:large","max-video-preview":"max-video-preview:-1"},"canonical":"https:\/\/onlinelotto365.com\/fr\/acheter-ticquets\/superenalotto\/","og_locale":"fr_FR","og_type":"article","og_title":"A propos de l'achat en ligne de billets pour le Superenalotto depuis la France","og_description":"D\u00e9couvrez comment acheter des billets pour le Superenalotto depuis n'importe o\u00f9, y compris en France","og_url":"https:\/\/onlinelotto365.com\/fr\/acheter-ticquets\/superenalotto\/","og_site_name":"OnlineLotto365","article_modified_time":"2020-12-29T19:47:05+00:00","og_image":[{"url":"https:\/\/redfoxlotto.com\/image?size=8&amp;lottery=superenalotto"}],"twitter_card":"summary_large_image","twitter_misc":{"Dur\u00e9e de lecture estim\u00e9e":"4 minutes"},"schema":{"@context":"https:\/\/schema.org","@graph":[{"@type":"WebPage","@id":"https:\/\/onlinelotto365.com\/fr\/acheter-ticquets\/superenalotto\/","url":"https:\/\/onlinelotto365.com\/fr\/acheter-ticquets\/superenalotto\/","name":"A propos de l'achat en ligne de billets pour le Superenalotto depuis la France","isPartOf":{"@id":"https:\/\/onlinelotto365.com\/fr\/#website"},"primaryImageOfPage":{"@id":"https:\/\/onlinelotto365.com\/fr\/acheter-ticquets\/superenalotto\/#primaryimage"},"image":{"@id":"https:\/\/onlinelotto365.com\/fr\/acheter-ticquets\/superenalotto\/#primaryimage"},"thumbnailUrl":"https:\/\/redfoxlotto.com\/image?size=8&amp;lottery=superenalotto","datePublished":"2020-12-17T10:09:45+00:00","dateModified":"2020-12-29T19:47:05+00:00","description":"D\u00e9couvrez comment acheter des billets pour le Superenalotto depuis n'importe o\u00f9, y compris en France","breadcrumb":{"@id":"https:\/\/onlinelotto365.com\/fr\/acheter-ticquets\/superenalotto\/#breadcrumb"},"inLanguage":"fr-FR","potentialAction":[{"@type":"ReadAction","target":["https:\/\/onlinelotto365.com\/fr\/acheter-ticquets\/superenalotto\/"]}]},{"@type":"ImageObject","inLanguage":"fr-FR","@id":"https:\/\/onlinelotto365.com\/fr\/acheter-ticquets\/superenalotto\/#primaryimage","url":"https:\/\/redfoxlotto.com\/image?size=8&amp;lottery=superenalotto","contentUrl":"https:\/\/redfoxlotto.com\/image?size=8&amp;lottery=superenalotto"},{"@type":"BreadcrumbList","@id":"https:\/\/onlinelotto365.com\/fr\/acheter-ticquets\/superenalotto\/#breadcrumb","itemListElement":[{"@type":"ListItem","position":1,"name":"Home","item":"https:\/\/onlinelotto365.com\/fr\/"},{"@type":"ListItem","position":2,"name":"Pourquoi il est plus logique d&rsquo;acheter des billets de loterie en ligne","item":"https:\/\/onlinelotto365.com\/fr\/acheter-ticquets\/"},{"@type":"ListItem","position":3,"name":"Comment acheter des billets pour le Superenalotto en ligne"}]},{"@type":"WebSite","@id":"https:\/\/onlinelotto365.com\/fr\/#website","url":"https:\/\/onlinelotto365.com\/fr\/","name":"OnlineLotto365","description":"","potentialAction":[{"@type":"SearchAction","target":{"@type":"EntryPoint","urlTemplate":"https:\/\/onlinelotto365.com\/fr\/?s={search_term_string}"},"query-input":{"@type":"PropertyValueSpecification","valueRequired":true,"valueName":"search_term_string"}}],"inLanguage":"fr-FR"}]}},"_links":{"self":[{"href":"https:\/\/onlinelotto365.com\/fr\/wp-json\/wp\/v2\/pages\/10397","targetHints":{"allow":["GET"]}}],"collection":[{"href":"https:\/\/onlinelotto365.com\/fr\/wp-json\/wp\/v2\/pages"}],"about":[{"href":"https:\/\/onlinelotto365.com\/fr\/wp-json\/wp\/v2\/types\/page"}],"author":[{"embeddable":true,"href":"https:\/\/onlinelotto365.com\/fr\/wp-json\/wp\/v2\/users\/1"}],"replies":[{"embeddable":true,"href":"https:\/\/onlinelotto365.com\/fr\/wp-json\/wp\/v2\/comments?post=10397"}],"version-history":[{"count":0,"href":"https:\/\/onlinelotto365.com\/fr\/wp-json\/wp\/v2\/pages\/10397\/revisions"}],"up":[{"embeddable":true,"href":"https:\/\/onlinelotto365.com\/fr\/wp-json\/wp\/v2\/pages\/3804"}],"wp:attachment":[{"href":"https:\/\/onlinelotto365.com\/fr\/wp-json\/wp\/v2\/media?parent=10397"}],"curies":[{"name":"wp","href":"https:\/\/api.w.org\/{rel}","templated":true}]}}