{"id":10399,"date":"2020-12-17T11:11:04","date_gmt":"2020-12-17T10:11:04","guid":{"rendered":"http:\/\/onlinelotto365.net\/?page_id=10399"},"modified":"2020-12-29T20:47:56","modified_gmt":"2020-12-29T19:47:56","slug":"el-gordo","status":"publish","type":"page","link":"https:\/\/onlinelotto365.com\/fr\/acheter-ticquets\/el-gordo\/","title":{"rendered":"Comment acheter des billets pour El Gordo en ligne"},"content":{"rendered":"<p>\u00cates-vous curieux de <strong> acheter des billets pour El Gordo en ligne, tout en vivant en France <\/strong>? Eh bien, vous ne voudrez pas manquer cet article car nous allons vous guider tout au long du processus afin que vous puissiez obtenir les billets que vous voulez sans les tracas et sans avoir \u00e0 voyager dans un pays qui normalement joue ce jeu non plus.<\/p>\n<ul>\n<li>Consultez la page principale de <strong> la loterie \u00e0 laquelle vous souhaitez jouer et choisissez les num\u00e9ros <\/strong> que vous souhaitez sur vos billets<\/li>\n<li>Ajoutez encore plus de billets pour le m\u00eame jeu ou pour <a href=\"https:\/\/onlinelotto365.com\/fr\/jouer\"> d&rsquo;autres jeux auxquels vous souhaitez jouer <\/a> afin d&rsquo;avoir une commande compl\u00e8te<\/li>\n<li>Choisissez l&rsquo;option de paiement maintenant<\/li>\n<li>Suivez le processus d&rsquo;enregistrement de votre compte si vous n&rsquo;avez jamais achet\u00e9 chez nous auparavant ou connectez-vous \u00e0 votre compte existant si vous en avez d\u00e9j\u00e0 un.<\/li>\n<li>Recherchez dans vos e-mails un lien de v\u00e9rification pour les comptes n\u00e9cessitant une v\u00e9rification et une inscription<\/li>\n<li>Si l&rsquo;e-mail n&rsquo;appara\u00eet pas dans votre bo\u00eete de r\u00e9ception, assurez-vous de regarder dans votre dossier spam pour vous assurer qu&rsquo;il ne s&rsquo;y est pas retrouv\u00e9<\/li>\n<li>Cliquez sur le panier pour r\u00e9gler votre commande<\/li>\n<li>Choisissez l&rsquo;option de paiement que vous souhaitez utiliser et suivez les instructions de paiement<\/li>\n<\/ul>\n<p><a href=\"https:\/\/redfoxlotto.com\/fr\/jouer\/el-gordo-primitiva\/?ref=a8564250a2&amp;medium=ol365\" target=\"_blank\" rel=\"noopener noreferrer\"> <img decoding=\"async\" class=\"aligncenter\" src=\"https:\/\/redfoxlotto.com\/image?size=8&amp;lottery=el-gordo-primitiva\" alt=\"el gordo\" \/> <\/a><\/p>\n<h2>Comment payer votre billet El Gordo en ligne<\/h2>\n<p>Le paiement de vos billets est simple et rapide, car nous voulons nous assurer que nos clients fran\u00e7ais peuvent choisir les billets qu&rsquo;ils veulent quand ils le souhaitent.<br \/>\nVous pouvez choisir de payer vos billets en proc\u00e9dant de l&rsquo;une des mani\u00e8res suivantes:<\/p>\n<ul>\n<li>Ins\u00e9rez un mode de paiement pour effectuer un achat directement<\/li>\n<li>Ajoutez de l&rsquo;argent \u00e0 votre compte pour effectuer un paiement directement \u00e0 partir de l\u00e0<\/li>\n<\/ul>\n<p>Assurez-vous d&rsquo;en ajouter suffisamment \u00e0 votre compte joueur si vous pr\u00e9voyez d&rsquo;effectuer un achat directement par ici.<\/p>\n<h2>Plus d&rsquo;informations sur El Gordo<\/h2>\n<ul>\n<li>Pays: Espagne<\/li>\n<li>Plage de num\u00e9ros principaux: 54<\/li>\n<li>Vous choisissez: 5<\/li>\n<li>Plage de num\u00e9ros suppl\u00e9mentaires: aucune<\/li>\n<li>Vous choisissez: aucun<\/li>\n<li>Jours et horaires des tirages: dimanche, 21h30 CET, 21h30 CET<\/li>\n<li>Jackpot minimum: 4 millions d&rsquo;euros<\/li>\n<li>Jackpot maximum: aucun<\/li>\n<li>Probabilit\u00e9 de gagner le jackpot: 1 sur 31625100<\/li>\n<li>Probabilit\u00e9 d&rsquo;une victoire de niveau 2: 1 sur 3513900<\/li>\n<li>Probabilit\u00e9 de gagner dans n&rsquo;importe quel palier: 1 sur 6,16<\/li>\n<li>Nombre de niveaux de prix: 9<\/li>\n<\/ul>\n<h2>Avantages d&rsquo;acheter des billets pour El Gordo en ligne<\/h2>\n<ul>\n<li>Obtenez les billets que vous voulez sans quitter la maison <img loading=\"lazy\" decoding=\"async\" class=\"alignright wp-image-3585\" src=\"https:\/\/onlinelotto365.com\/wp-content\/uploads\/2020\/11\/online_lottery-106.jpg\" alt=\"play el gordo online UK\" width=\"282\" height=\"169\" \/><\/li>\n<li>Choisissez parmi encore plus de jeux de loterie<\/li>\n<li>Obtenez m\u00eame <a href=\"https:\/\/onlinelotto365.com\/fr\/news\/calculez-les-cotes-pour-nimporte-quelle-loterie\"> de meilleures chances de gagner <\/a> en choisissant des jeux de loterie avec les meilleurs jackpots<\/li>\n<li>Ajoutez de l&rsquo;argent \u00e0 votre compte et payez vos billets en utilisant votre solde de loterie<\/li>\n<li>Suivez facilement vos tickets<\/li>\n<li>Recevez une notification instantan\u00e9e pour les <a href=\"https:\/\/onlinelotto365.com\/fr\/numeros-gagnants\"> billets gagnants <\/a><\/li>\n<li>Laissez l&rsquo;ordinateur choisir les num\u00e9ros de ticket que vous utilisez<\/li>\n<\/ul>\n<h2>Est-il l\u00e9gal d&rsquo;acheter des billets El Gordo en ligne?<\/h2>\n<p>Ne vous inqui\u00e9tez pas de savoir si vos billets et vos achats en ligne ou de mani\u00e8re traditionnelle sont l\u00e9gaux pour vous en France. Notre syst\u00e8me fait tout l\u00e9galement et conform\u00e9ment \u00e0 la r\u00e9glementation. Sans oublier que vous allez recevoir votre paiement et vos gains, quoi qu&rsquo;il arrive. Nous veillons \u00e0 ce qu&rsquo;il soit transf\u00e9r\u00e9 dans votre compte le plus rapidement possible.<br \/>\nTout ce que vous devez faire est d&rsquo;avoir 18 ans pour utiliser notre site Web.<\/p>\n<h2>Comment \u00eatre pay\u00e9 si je gagne El Gordo en ligne?<\/h2>\n<p>Nous savons qu&rsquo;il est extr\u00eamement important pour vous d&rsquo;\u00eatre pay\u00e9, c&rsquo;est pourquoi nous consacrons beaucoup de temps et d&rsquo;efforts \u00e0 ce processus. Nous nous assurons que <strong> vous obtenez tous vos gains sans frais ni commission pour nous-m\u00eames <\/strong>. La seule fois o\u00f9 vous nous payez quoi que ce soit, c&rsquo;est si vous choisissez un virement bancaire comme mode de paiement. Dans certaines r\u00e9gions, cela peut n\u00e9cessiter des frais de la <strong> banque pour un transfert vers la France <\/strong> et nous vous r\u00e9percuterons \u00e9galement ces frais minimes.<\/p>\n<p>Dans le cas contraire, le paiement s&rsquo;effectue de deux mani\u00e8res:<\/p>\n<ul>\n<li>Si vous gagnez moins de 2 500 \u20ac, nous le d\u00e9poserons automatiquement directement sur votre compte afin que vous n&rsquo;ayez rien d&rsquo;autre \u00e0 faire.<\/li>\n<li>Si vous gagnez plus de 2 500 \u20ac, vous devrez attendre un e-mail de notre \u00e9quipe d&rsquo;assistance pour pouvoir remplir le formulaire de r\u00e9clamation. Cela vous permettra de faire d\u00e9poser vos gains directement par virement bancaire ou via un ch\u00e8que qui vous est adress\u00e9.<\/li>\n<\/ul>\n","protected":false},"excerpt":{"rendered":"<p>\u00cates-vous curieux de acheter des billets pour El Gordo en ligne, tout en vivant en France ? Eh bien, vous ne voudrez pas manquer cet article car nous allons vous guider tout au long du processus afin que vous puissiez obtenir les billets que vous voulez sans les tracas et sans avoir \u00e0 voyager dans [&hellip;]<\/p>\n","protected":false},"author":1,"featured_media":0,"parent":3804,"menu_order":6,"comment_status":"closed","ping_status":"closed","template":"el-gordo-info.php","meta":{"_et_pb_use_builder":"","_et_pb_old_content":"","_et_gb_content_width":"","exclude_from_search":false,"footnotes":""},"class_list":["post-10399","page","type-page","status-publish","hentry"],"yoast_head":"<!-- This site is optimized with the Yoast SEO plugin v23.4 - https:\/\/yoast.com\/wordpress\/plugins\/seo\/ -->\n<title>El Gordo de France - comment acheter des billets en ligne<\/title>\n<meta name=\"description\" content=\"Cette loterie espagnole est d\u00e9sormais disponible en France - achetez vos billets en ligne\" \/>\n<meta name=\"robots\" content=\"index, follow, max-snippet:-1, max-image-preview:large, max-video-preview:-1\" \/>\n<link rel=\"canonical\" href=\"https:\/\/onlinelotto365.com\/fr\/acheter-ticquets\/el-gordo\/\" \/>\n<meta property=\"og:locale\" content=\"fr_FR\" \/>\n<meta property=\"og:type\" content=\"article\" \/>\n<meta property=\"og:title\" content=\"El Gordo de France - comment acheter des billets en ligne\" \/>\n<meta property=\"og:description\" content=\"Cette loterie espagnole est d\u00e9sormais disponible en France - achetez vos billets en ligne\" \/>\n<meta property=\"og:url\" content=\"https:\/\/onlinelotto365.com\/fr\/acheter-ticquets\/el-gordo\/\" \/>\n<meta property=\"og:site_name\" content=\"OnlineLotto365\" \/>\n<meta property=\"article:modified_time\" content=\"2020-12-29T19:47:56+00:00\" \/>\n<meta property=\"og:image\" content=\"https:\/\/redfoxlotto.com\/image?size=8&amp;lottery=el-gordo-primitiva\" \/>\n<meta name=\"twitter:card\" content=\"summary_large_image\" \/>\n<meta name=\"twitter:label1\" content=\"Dur\u00e9e de lecture estim\u00e9e\" \/>\n\t<meta name=\"twitter:data1\" content=\"4 minutes\" \/>\n<script type=\"application\/ld+json\" class=\"yoast-schema-graph\">{\"@context\":\"https:\/\/schema.org\",\"@graph\":[{\"@type\":\"WebPage\",\"@id\":\"https:\/\/onlinelotto365.com\/fr\/acheter-ticquets\/el-gordo\/\",\"url\":\"https:\/\/onlinelotto365.com\/fr\/acheter-ticquets\/el-gordo\/\",\"name\":\"El Gordo de France - comment acheter des billets en ligne\",\"isPartOf\":{\"@id\":\"https:\/\/onlinelotto365.com\/fr\/#website\"},\"primaryImageOfPage\":{\"@id\":\"https:\/\/onlinelotto365.com\/fr\/acheter-ticquets\/el-gordo\/#primaryimage\"},\"image\":{\"@id\":\"https:\/\/onlinelotto365.com\/fr\/acheter-ticquets\/el-gordo\/#primaryimage\"},\"thumbnailUrl\":\"https:\/\/redfoxlotto.com\/image?size=8&amp;lottery=el-gordo-primitiva\",\"datePublished\":\"2020-12-17T10:11:04+00:00\",\"dateModified\":\"2020-12-29T19:47:56+00:00\",\"description\":\"Cette loterie espagnole est d\u00e9sormais disponible en France - achetez vos billets en ligne\",\"breadcrumb\":{\"@id\":\"https:\/\/onlinelotto365.com\/fr\/acheter-ticquets\/el-gordo\/#breadcrumb\"},\"inLanguage\":\"fr-FR\",\"potentialAction\":[{\"@type\":\"ReadAction\",\"target\":[\"https:\/\/onlinelotto365.com\/fr\/acheter-ticquets\/el-gordo\/\"]}]},{\"@type\":\"ImageObject\",\"inLanguage\":\"fr-FR\",\"@id\":\"https:\/\/onlinelotto365.com\/fr\/acheter-ticquets\/el-gordo\/#primaryimage\",\"url\":\"https:\/\/redfoxlotto.com\/image?size=8&amp;lottery=el-gordo-primitiva\",\"contentUrl\":\"https:\/\/redfoxlotto.com\/image?size=8&amp;lottery=el-gordo-primitiva\"},{\"@type\":\"BreadcrumbList\",\"@id\":\"https:\/\/onlinelotto365.com\/fr\/acheter-ticquets\/el-gordo\/#breadcrumb\",\"itemListElement\":[{\"@type\":\"ListItem\",\"position\":1,\"name\":\"Home\",\"item\":\"https:\/\/onlinelotto365.com\/fr\/\"},{\"@type\":\"ListItem\",\"position\":2,\"name\":\"Pourquoi il est plus logique d&rsquo;acheter des billets de loterie en ligne\",\"item\":\"https:\/\/onlinelotto365.com\/fr\/acheter-ticquets\/\"},{\"@type\":\"ListItem\",\"position\":3,\"name\":\"Comment acheter des billets pour El Gordo en ligne\"}]},{\"@type\":\"WebSite\",\"@id\":\"https:\/\/onlinelotto365.com\/fr\/#website\",\"url\":\"https:\/\/onlinelotto365.com\/fr\/\",\"name\":\"OnlineLotto365\",\"description\":\"\",\"potentialAction\":[{\"@type\":\"SearchAction\",\"target\":{\"@type\":\"EntryPoint\",\"urlTemplate\":\"https:\/\/onlinelotto365.com\/fr\/?s={search_term_string}\"},\"query-input\":{\"@type\":\"PropertyValueSpecification\",\"valueRequired\":true,\"valueName\":\"search_term_string\"}}],\"inLanguage\":\"fr-FR\"}]}<\/script>\n<!-- \/ Yoast SEO plugin. -->","yoast_head_json":{"title":"El Gordo de France - comment acheter des billets en ligne","description":"Cette loterie espagnole est d\u00e9sormais disponible en France - achetez vos billets en ligne","robots":{"index":"index","follow":"follow","max-snippet":"max-snippet:-1","max-image-preview":"max-image-preview:large","max-video-preview":"max-video-preview:-1"},"canonical":"https:\/\/onlinelotto365.com\/fr\/acheter-ticquets\/el-gordo\/","og_locale":"fr_FR","og_type":"article","og_title":"El Gordo de France - comment acheter des billets en ligne","og_description":"Cette loterie espagnole est d\u00e9sormais disponible en France - achetez vos billets en ligne","og_url":"https:\/\/onlinelotto365.com\/fr\/acheter-ticquets\/el-gordo\/","og_site_name":"OnlineLotto365","article_modified_time":"2020-12-29T19:47:56+00:00","og_image":[{"url":"https:\/\/redfoxlotto.com\/image?size=8&amp;lottery=el-gordo-primitiva"}],"twitter_card":"summary_large_image","twitter_misc":{"Dur\u00e9e de lecture estim\u00e9e":"4 minutes"},"schema":{"@context":"https:\/\/schema.org","@graph":[{"@type":"WebPage","@id":"https:\/\/onlinelotto365.com\/fr\/acheter-ticquets\/el-gordo\/","url":"https:\/\/onlinelotto365.com\/fr\/acheter-ticquets\/el-gordo\/","name":"El Gordo de France - comment acheter des billets en ligne","isPartOf":{"@id":"https:\/\/onlinelotto365.com\/fr\/#website"},"primaryImageOfPage":{"@id":"https:\/\/onlinelotto365.com\/fr\/acheter-ticquets\/el-gordo\/#primaryimage"},"image":{"@id":"https:\/\/onlinelotto365.com\/fr\/acheter-ticquets\/el-gordo\/#primaryimage"},"thumbnailUrl":"https:\/\/redfoxlotto.com\/image?size=8&amp;lottery=el-gordo-primitiva","datePublished":"2020-12-17T10:11:04+00:00","dateModified":"2020-12-29T19:47:56+00:00","description":"Cette loterie espagnole est d\u00e9sormais disponible en France - achetez vos billets en ligne","breadcrumb":{"@id":"https:\/\/onlinelotto365.com\/fr\/acheter-ticquets\/el-gordo\/#breadcrumb"},"inLanguage":"fr-FR","potentialAction":[{"@type":"ReadAction","target":["https:\/\/onlinelotto365.com\/fr\/acheter-ticquets\/el-gordo\/"]}]},{"@type":"ImageObject","inLanguage":"fr-FR","@id":"https:\/\/onlinelotto365.com\/fr\/acheter-ticquets\/el-gordo\/#primaryimage","url":"https:\/\/redfoxlotto.com\/image?size=8&amp;lottery=el-gordo-primitiva","contentUrl":"https:\/\/redfoxlotto.com\/image?size=8&amp;lottery=el-gordo-primitiva"},{"@type":"BreadcrumbList","@id":"https:\/\/onlinelotto365.com\/fr\/acheter-ticquets\/el-gordo\/#breadcrumb","itemListElement":[{"@type":"ListItem","position":1,"name":"Home","item":"https:\/\/onlinelotto365.com\/fr\/"},{"@type":"ListItem","position":2,"name":"Pourquoi il est plus logique d&rsquo;acheter des billets de loterie en ligne","item":"https:\/\/onlinelotto365.com\/fr\/acheter-ticquets\/"},{"@type":"ListItem","position":3,"name":"Comment acheter des billets pour El Gordo en ligne"}]},{"@type":"WebSite","@id":"https:\/\/onlinelotto365.com\/fr\/#website","url":"https:\/\/onlinelotto365.com\/fr\/","name":"OnlineLotto365","description":"","potentialAction":[{"@type":"SearchAction","target":{"@type":"EntryPoint","urlTemplate":"https:\/\/onlinelotto365.com\/fr\/?s={search_term_string}"},"query-input":{"@type":"PropertyValueSpecification","valueRequired":true,"valueName":"search_term_string"}}],"inLanguage":"fr-FR"}]}},"_links":{"self":[{"href":"https:\/\/onlinelotto365.com\/fr\/wp-json\/wp\/v2\/pages\/10399","targetHints":{"allow":["GET"]}}],"collection":[{"href":"https:\/\/onlinelotto365.com\/fr\/wp-json\/wp\/v2\/pages"}],"about":[{"href":"https:\/\/onlinelotto365.com\/fr\/wp-json\/wp\/v2\/types\/page"}],"author":[{"embeddable":true,"href":"https:\/\/onlinelotto365.com\/fr\/wp-json\/wp\/v2\/users\/1"}],"replies":[{"embeddable":true,"href":"https:\/\/onlinelotto365.com\/fr\/wp-json\/wp\/v2\/comments?post=10399"}],"version-history":[{"count":0,"href":"https:\/\/onlinelotto365.com\/fr\/wp-json\/wp\/v2\/pages\/10399\/revisions"}],"up":[{"embeddable":true,"href":"https:\/\/onlinelotto365.com\/fr\/wp-json\/wp\/v2\/pages\/3804"}],"wp:attachment":[{"href":"https:\/\/onlinelotto365.com\/fr\/wp-json\/wp\/v2\/media?parent=10399"}],"curies":[{"name":"wp","href":"https:\/\/api.w.org\/{rel}","templated":true}]}}