{"id":10401,"date":"2020-12-17T11:11:59","date_gmt":"2020-12-17T10:11:59","guid":{"rendered":"http:\/\/onlinelotto365.net\/?page_id=10401"},"modified":"2020-12-29T20:48:32","modified_gmt":"2020-12-29T19:48:32","slug":"la-primitiva","status":"publish","type":"page","link":"https:\/\/onlinelotto365.com\/fr\/acheter-ticquets\/la-primitiva\/","title":{"rendered":"Comment acheter des billets pour La Primitiva en ligne"},"content":{"rendered":"<p>Si vous souhaitez <strong> acheter des billets La Primitiva en ligne <\/strong> mais que vous ne savez toujours pas comment le faire, assurez-vous de bien jeter un \u0153il \u00e0 ce processus. C&rsquo;est beaucoup plus facile que vous ne le pensez pour les fans de loto britannique, et vous pourriez attendre le tirage plus vite que vous ne le pensez.<\/p>\n<ul>\n<li>Choisissez le jeu de loterie auquel vous souhaitez jouer et <strong> choisissez les num\u00e9ros pour chacun de vos billets <\/strong>. Ou laissez l&rsquo;ordinateur choisir vos num\u00e9ros de billets \u00e0 votre place.<\/li>\n<li>Ajoutez autant de <a href=\"https:\/\/onlinelotto365.com\/fr\/jouer\"> diff\u00e9rents billets et jeux de loterie <\/a> \u00e0 votre commande que vous le souhaitez avant d&rsquo;\u00eatre pr\u00eat \u00e0 payer<\/li>\n<li>S\u00e9lectionnez l&rsquo;option pour payer maintenant<\/li>\n<li>Cr\u00e9ez un nouveau compte si vous n&rsquo;avez jamais achet\u00e9 avec nous auparavant ou connectez-vous si vous \u00eates un client existant<\/li>\n<li>Terminez le processus d&rsquo;inscription en cliquant sur le lien de v\u00e9rification envoy\u00e9 \u00e0 votre adresse e-mail<\/li>\n<li>V\u00e9rifiez \u00e0 la fois votre bo\u00eete de r\u00e9ception et votre dossier spam pour votre e-mail de confirmation<\/li>\n<li>Acc\u00e9der au panier sur le site Web<\/li>\n<li>Suivez les instructions pour s\u00e9lectionner une option de paiement et payer vos billets<\/li>\n<\/ul>\n<p><a href=\"https:\/\/redfoxlotto.com\/fr\/jouer\/la-primitiva\/?ref=a8564250a2&amp;medium=ol365\" target=\"_blank\" rel=\"noopener noreferrer\"> <img decoding=\"async\" class=\"aligncenter\" src=\" https:\/\/redfoxlotto.com\/image?size=8&amp;lottery=la-primitiva \" alt=\" la primitiva \" \/> <\/a><\/p>\n<h2>Comment payer votre billet La Primitiva en ligne<\/h2>\n<p>Vous pouvez choisir entre plusieurs options de paiement qui sont hautement s\u00e9curis\u00e9es pour nos utilisateurs. Nous vous laissons choisir l&rsquo;option la plus pratique.<br \/>\nChoisissez l&rsquo;une des deux options pour commencer:<\/p>\n<ul>\n<li>Effectuer un paiement directement avec une carte de cr\u00e9dit, un compte bancaire ou un autre mode de paiement<\/li>\n<li>Ajoutez de l&rsquo;argent sur votre compte et utilisez-le pour <a href=\"https:\/\/onlinelotto365.com\/fr\/acheter-ticquets\"> acheter vos billets depuis votre compte joueur <\/a><\/li>\n<\/ul>\n<p>Ceux qui ajoutent \u00e0 leur compte joueur pour effectuer un achat devront d\u00e9poser plus qu&rsquo;assez d&rsquo;argent pour l&rsquo;achat qu&rsquo;ils choisissent de faire.<\/p>\n<h2>Plus d&rsquo;informations sur La Primitiva<\/h2>\n<ul>\n<li>Pays: Espagne<\/li>\n<li>Plage de num\u00e9ros principaux: 49<\/li>\n<li>Vous choisissez: 6<\/li>\n<li>Plage de num\u00e9ros suppl\u00e9mentaires:<\/li>\n<li>Vous choisissez: 1<\/li>\n<li>Jours et horaires des tirages: jeudi, samedi, 21h30 CET, 21h30 CET<\/li>\n<li>Jackpot minimum: 2 millions d&rsquo;euros<\/li>\n<li>Jackpot maximum: aucun<\/li>\n<li>Probabilit\u00e9 de gagner le jackpot: 1 sur 15537573<\/li>\n<li>Probabilit\u00e9 d&rsquo;une victoire de niveau 2: 1 sur 542008<\/li>\n<li>Probabilit\u00e9 de gagner dans n&rsquo;importe quel niveau: 1 sur 8,43<\/li>\n<li>Nombre de niveaux de prix: 9<\/li>\n<\/ul>\n<h2>Avantages d&rsquo;acheter des billets La Primitiva en ligne<\/h2>\n<ul>\n<li>Choisissez vos billets sans quitter la maison <img decoding=\"async\" class=\"alignright wp-image-3535\" src=\"https:\/\/onlinelotto365.com\/wp-content\/uploads\/2020\/11\/online_lottery-141-296x300.jpg \" alt=\" la primitiva online \" width=\" 164 \" height=\" 166 \" \/><\/li>\n<li>Choisissez parmi encore plus d&rsquo;options de loterie<\/li>\n<li>Jetez un \u0153il aux <strong> diff\u00e9rents jackpots <\/strong> pour voir o\u00f9 vous pouvez gagner le plus<\/li>\n<li>Mettez de l&rsquo;argent sur votre compte pour payer vos billets<\/li>\n<li>Ne craignez pas de perdre vos billets<\/li>\n<li>Vous recevrez une <a href=\"https:\/\/onlinelotto365.com\/fr\/numeros-gagnants\"> notification si vous gagnez <\/a><\/li>\n<li>Vous pouvez choisir un ticket g\u00e9n\u00e9r\u00e9 al\u00e9atoirement<\/li>\n<\/ul>\n<h2>Est-il l\u00e9gal d&rsquo;acheter des billets La Primitiva en ligne?<\/h2>\n<p>Certaines personnes se demandent si l&rsquo;achat de billets de loterie en ligne est autoris\u00e9 par leur pays de r\u00e9sidence. Ou m\u00eame s&rsquo;ils peuvent acheter des billets de mani\u00e8re traditionnelle. Mais vous n\u2019avez pas \u00e0 vous soucier de savoir s\u2019il est l\u00e9gal d\u2019utiliser notre syst\u00e8me, car nous nous occupons de la r\u00e9glementation de la zone o\u00f9 se d\u00e9roule la loterie. De cette fa\u00e7on, vous obtenez vos gains, peu importe ce qui se passe et peu importe combien vous gagnez.<br \/>\nIl vous suffit d&rsquo;avoir au moins 18 ans pour utiliser notre service.<\/p>\n<h2>Comment \u00eatre pay\u00e9 si je gagne La Primitiva en ligne?<\/h2>\n<p>Quand il s&rsquo;agit d&rsquo;\u00eatre pay\u00e9, nous savons \u00e0 quel point c&rsquo;est important pour vous. C\u2019est pourquoi nous simplifions au maximum le processus de paiement. Et nous faisons tout cela sans vous facturer de frais ou de commission. Au moins, sauf si <strong> vous choisissez d&rsquo;envoyer votre paiement <\/strong> par virement bancaire. Dans ce cas, des frais peuvent nous \u00eatre factur\u00e9s par votre banque. Lorsque cela se produit, nous vous r\u00e9percutons ces frais.<br \/>\nTout ce que vous avez \u00e0 faire est de savoir ce qui se passe lorsque vous gagnez:<\/p>\n<ul>\n<li>Si vous gagnez moins de 2 500 \u20ac, vous n\u2019avez rien \u00e0 faire car nous nous occupons de tout pour vous. Nous veillons \u00e0 ce que vous r\u00e9cup\u00e9riez tout votre argent directement sur votre compte joueur<\/li>\n<li>Si vous gagnez plus de 2 500 \u20ac, vous pourrez recevoir votre argent par ch\u00e8que ou virement bancaire. Dans ce cas, vous devrez remplir un formulaire de r\u00e9clamation, que notre \u00e9quipe d&rsquo;assistance vous enverra, puis nous vous aiderons pour le reste<\/li>\n<\/ul>\n","protected":false},"excerpt":{"rendered":"<p>Si vous souhaitez acheter des billets La Primitiva en ligne mais que vous ne savez toujours pas comment le faire, assurez-vous de bien jeter un \u0153il \u00e0 ce processus. C&rsquo;est beaucoup plus facile que vous ne le pensez pour les fans de loto britannique, et vous pourriez attendre le tirage plus vite que vous ne [&hellip;]<\/p>\n","protected":false},"author":1,"featured_media":0,"parent":3804,"menu_order":7,"comment_status":"closed","ping_status":"closed","template":"la-primitiva-info.php","meta":{"_et_pb_use_builder":"","_et_pb_old_content":"","_et_gb_content_width":"","exclude_from_search":false,"footnotes":""},"class_list":["post-10401","page","type-page","status-publish","hentry"],"yoast_head":"<!-- This site is optimized with the Yoast SEO plugin v23.4 - https:\/\/yoast.com\/wordpress\/plugins\/seo\/ -->\n<title>Service en ligne pour les billets de La Primitiva | La Primitiva de France<\/title>\n<meta name=\"description\" content=\"D\u00e9couvrez comment vous pouvez acheter des billets pour la loterie espagnole La Primitiva depuis la France\" \/>\n<meta name=\"robots\" content=\"index, follow, max-snippet:-1, max-image-preview:large, max-video-preview:-1\" \/>\n<link rel=\"canonical\" href=\"https:\/\/onlinelotto365.com\/fr\/acheter-ticquets\/la-primitiva\/\" \/>\n<meta property=\"og:locale\" content=\"fr_FR\" \/>\n<meta property=\"og:type\" content=\"article\" \/>\n<meta property=\"og:title\" content=\"Service en ligne pour les billets de La Primitiva | La Primitiva de France\" \/>\n<meta property=\"og:description\" content=\"D\u00e9couvrez comment vous pouvez acheter des billets pour la loterie espagnole La Primitiva depuis la France\" \/>\n<meta property=\"og:url\" content=\"https:\/\/onlinelotto365.com\/fr\/acheter-ticquets\/la-primitiva\/\" \/>\n<meta property=\"og:site_name\" content=\"OnlineLotto365\" \/>\n<meta property=\"article:modified_time\" content=\"2020-12-29T19:48:32+00:00\" \/>\n<meta name=\"twitter:card\" content=\"summary_large_image\" \/>\n<meta name=\"twitter:label1\" content=\"Dur\u00e9e de lecture estim\u00e9e\" \/>\n\t<meta name=\"twitter:data1\" content=\"4 minutes\" \/>\n<script type=\"application\/ld+json\" class=\"yoast-schema-graph\">{\"@context\":\"https:\/\/schema.org\",\"@graph\":[{\"@type\":\"WebPage\",\"@id\":\"https:\/\/onlinelotto365.com\/fr\/acheter-ticquets\/la-primitiva\/\",\"url\":\"https:\/\/onlinelotto365.com\/fr\/acheter-ticquets\/la-primitiva\/\",\"name\":\"Service en ligne pour les billets de La Primitiva | La Primitiva de France\",\"isPartOf\":{\"@id\":\"https:\/\/onlinelotto365.com\/fr\/#website\"},\"datePublished\":\"2020-12-17T10:11:59+00:00\",\"dateModified\":\"2020-12-29T19:48:32+00:00\",\"description\":\"D\u00e9couvrez comment vous pouvez acheter des billets pour la loterie espagnole La Primitiva depuis la France\",\"breadcrumb\":{\"@id\":\"https:\/\/onlinelotto365.com\/fr\/acheter-ticquets\/la-primitiva\/#breadcrumb\"},\"inLanguage\":\"fr-FR\",\"potentialAction\":[{\"@type\":\"ReadAction\",\"target\":[\"https:\/\/onlinelotto365.com\/fr\/acheter-ticquets\/la-primitiva\/\"]}]},{\"@type\":\"BreadcrumbList\",\"@id\":\"https:\/\/onlinelotto365.com\/fr\/acheter-ticquets\/la-primitiva\/#breadcrumb\",\"itemListElement\":[{\"@type\":\"ListItem\",\"position\":1,\"name\":\"Home\",\"item\":\"https:\/\/onlinelotto365.com\/fr\/\"},{\"@type\":\"ListItem\",\"position\":2,\"name\":\"Pourquoi il est plus logique d&rsquo;acheter des billets de loterie en ligne\",\"item\":\"https:\/\/onlinelotto365.com\/fr\/acheter-ticquets\/\"},{\"@type\":\"ListItem\",\"position\":3,\"name\":\"Comment acheter des billets pour La Primitiva en ligne\"}]},{\"@type\":\"WebSite\",\"@id\":\"https:\/\/onlinelotto365.com\/fr\/#website\",\"url\":\"https:\/\/onlinelotto365.com\/fr\/\",\"name\":\"OnlineLotto365\",\"description\":\"\",\"potentialAction\":[{\"@type\":\"SearchAction\",\"target\":{\"@type\":\"EntryPoint\",\"urlTemplate\":\"https:\/\/onlinelotto365.com\/fr\/?s={search_term_string}\"},\"query-input\":{\"@type\":\"PropertyValueSpecification\",\"valueRequired\":true,\"valueName\":\"search_term_string\"}}],\"inLanguage\":\"fr-FR\"}]}<\/script>\n<!-- \/ Yoast SEO plugin. -->","yoast_head_json":{"title":"Service en ligne pour les billets de La Primitiva | La Primitiva de France","description":"D\u00e9couvrez comment vous pouvez acheter des billets pour la loterie espagnole La Primitiva depuis la France","robots":{"index":"index","follow":"follow","max-snippet":"max-snippet:-1","max-image-preview":"max-image-preview:large","max-video-preview":"max-video-preview:-1"},"canonical":"https:\/\/onlinelotto365.com\/fr\/acheter-ticquets\/la-primitiva\/","og_locale":"fr_FR","og_type":"article","og_title":"Service en ligne pour les billets de La Primitiva | La Primitiva de France","og_description":"D\u00e9couvrez comment vous pouvez acheter des billets pour la loterie espagnole La Primitiva depuis la France","og_url":"https:\/\/onlinelotto365.com\/fr\/acheter-ticquets\/la-primitiva\/","og_site_name":"OnlineLotto365","article_modified_time":"2020-12-29T19:48:32+00:00","twitter_card":"summary_large_image","twitter_misc":{"Dur\u00e9e de lecture estim\u00e9e":"4 minutes"},"schema":{"@context":"https:\/\/schema.org","@graph":[{"@type":"WebPage","@id":"https:\/\/onlinelotto365.com\/fr\/acheter-ticquets\/la-primitiva\/","url":"https:\/\/onlinelotto365.com\/fr\/acheter-ticquets\/la-primitiva\/","name":"Service en ligne pour les billets de La Primitiva | La Primitiva de France","isPartOf":{"@id":"https:\/\/onlinelotto365.com\/fr\/#website"},"datePublished":"2020-12-17T10:11:59+00:00","dateModified":"2020-12-29T19:48:32+00:00","description":"D\u00e9couvrez comment vous pouvez acheter des billets pour la loterie espagnole La Primitiva depuis la France","breadcrumb":{"@id":"https:\/\/onlinelotto365.com\/fr\/acheter-ticquets\/la-primitiva\/#breadcrumb"},"inLanguage":"fr-FR","potentialAction":[{"@type":"ReadAction","target":["https:\/\/onlinelotto365.com\/fr\/acheter-ticquets\/la-primitiva\/"]}]},{"@type":"BreadcrumbList","@id":"https:\/\/onlinelotto365.com\/fr\/acheter-ticquets\/la-primitiva\/#breadcrumb","itemListElement":[{"@type":"ListItem","position":1,"name":"Home","item":"https:\/\/onlinelotto365.com\/fr\/"},{"@type":"ListItem","position":2,"name":"Pourquoi il est plus logique d&rsquo;acheter des billets de loterie en ligne","item":"https:\/\/onlinelotto365.com\/fr\/acheter-ticquets\/"},{"@type":"ListItem","position":3,"name":"Comment acheter des billets pour La Primitiva en ligne"}]},{"@type":"WebSite","@id":"https:\/\/onlinelotto365.com\/fr\/#website","url":"https:\/\/onlinelotto365.com\/fr\/","name":"OnlineLotto365","description":"","potentialAction":[{"@type":"SearchAction","target":{"@type":"EntryPoint","urlTemplate":"https:\/\/onlinelotto365.com\/fr\/?s={search_term_string}"},"query-input":{"@type":"PropertyValueSpecification","valueRequired":true,"valueName":"search_term_string"}}],"inLanguage":"fr-FR"}]}},"_links":{"self":[{"href":"https:\/\/onlinelotto365.com\/fr\/wp-json\/wp\/v2\/pages\/10401","targetHints":{"allow":["GET"]}}],"collection":[{"href":"https:\/\/onlinelotto365.com\/fr\/wp-json\/wp\/v2\/pages"}],"about":[{"href":"https:\/\/onlinelotto365.com\/fr\/wp-json\/wp\/v2\/types\/page"}],"author":[{"embeddable":true,"href":"https:\/\/onlinelotto365.com\/fr\/wp-json\/wp\/v2\/users\/1"}],"replies":[{"embeddable":true,"href":"https:\/\/onlinelotto365.com\/fr\/wp-json\/wp\/v2\/comments?post=10401"}],"version-history":[{"count":0,"href":"https:\/\/onlinelotto365.com\/fr\/wp-json\/wp\/v2\/pages\/10401\/revisions"}],"up":[{"embeddable":true,"href":"https:\/\/onlinelotto365.com\/fr\/wp-json\/wp\/v2\/pages\/3804"}],"wp:attachment":[{"href":"https:\/\/onlinelotto365.com\/fr\/wp-json\/wp\/v2\/media?parent=10401"}],"curies":[{"name":"wp","href":"https:\/\/api.w.org\/{rel}","templated":true}]}}