{"id":10403,"date":"2020-12-17T11:13:26","date_gmt":"2020-12-17T10:13:26","guid":{"rendered":"http:\/\/onlinelotto365.net\/?page_id=10403"},"modified":"2020-12-29T20:49:08","modified_gmt":"2020-12-29T19:49:08","slug":"bonoloto","status":"publish","type":"page","link":"https:\/\/onlinelotto365.com\/fr\/acheter-ticquets\/bonoloto\/","title":{"rendered":"Comment acheter des billets BonoLoto en ligne"},"content":{"rendered":"<p>Si vous habitez en France et que vous voulez savoir comment <strong> jouer \u00e0 BonoLoto en ligne <\/strong> et comment obtenir vos billets, vous \u00eates au bon endroit. Nous pouvons vous aider tout au long du processus, et ce sera beaucoup plus facile que vous ne le pensez aussi. Tout ce que vous avez \u00e0 faire est de suivre les \u00e9tapes d\u00e9crites ci-dessous.<\/p>\n<ul>\n<li>Acc\u00e9dez \u00e0 la page du jeu de loto auquel vous souhaitez jouer, comme BonoLoto. Choisissez ensuite <strong> <a href=\"https:\/\/onlinelotto365.com\/fr\/acheter-ticquets\"> tous les billets que vous souhaitez <\/a> <\/strong>, y compris les num\u00e9ros que vous souhaitez jouer.<\/li>\n<li>Ajoutez des billets suppl\u00e9mentaires pour BonoLoto ou pour d&rsquo;autres jeux \u00e0 votre commande jusqu&rsquo;\u00e0 ce que vous soyez pr\u00eat \u00e0 payer.<\/li>\n<li>S\u00e9lectionnez le bouton pour payer maintenant<\/li>\n<li>Connectez-vous \u00e0 votre compte ou choisissez l&rsquo;option permettant de cr\u00e9er un tout nouveau compte et de suivre le processus d&rsquo;inscription.<\/li>\n<li>Si vous cr\u00e9ez un nouveau compte, vous devrez acc\u00e9der \u00e0 votre messagerie pour obtenir le lien de validation qui vous permettra de finaliser le processus.<\/li>\n<li>Si vous n&rsquo;obtenez pas le lien, assurez-vous de v\u00e9rifier votre dossier de spam pour voir s&rsquo;il appara\u00eet l\u00e0-haut plut\u00f4t que dans votre bo\u00eete de r\u00e9ception habituelle.<\/li>\n<li>Acc\u00e9dez \u00e0 la page de paiement sur le site Web et lancez le processus de paiement.<\/li>\n<li>Choisissez votre mode de paiement et terminez le paiement.<\/li>\n<\/ul>\n<p><a href=\"https:\/\/redfoxlotto.com\/fr\/jouer\/bonoloto\/?ref=a8564250a2&amp;medium=ol365\" target=\"_blank\" rel=\"noopener noreferrer\"> <img decoding=\"async\" class=\"aligncenter\" src=\"https:\/\/redfoxlotto.com\/image?size=8&amp;lottery=bonoloto\" alt=\"BonoLoto\" \/> <\/a><\/p>\n<h2>Comment payer votre billet BonoLoto en ligne<\/h2>\n<p>Vous disposerez de nombreux modes de paiement diff\u00e9rents que vous pourrez utiliser pour acheter vos billets BonoLoto et plus encore.<br \/>\nAchetez vos billets en choisissant entre ces deux options g\u00e9n\u00e9rales pour commencer:<\/p>\n<ul>\n<li>Effectuez le paiement de votre commande directement avec une carte de cr\u00e9dit ou un compte financier<\/li>\n<li>D\u00e9posez de l&rsquo;argent sur votre compte joueur sur notre site Web et utilisez votre compte joueur pour effectuer un achat<\/li>\n<\/ul>\n<p>Pour ceux qui choisissent de d\u00e9poser de l&rsquo;argent sur leur compte joueur, assurez-vous d&rsquo;ajouter plus d&rsquo;argent que ce dont vous avez besoin pour votre commande actuelle afin de la traiter.<\/p>\n<h2>Plus d&rsquo;informations sur BonoLoto<\/h2>\n<ul>\n<li>Pays: Espagne<\/li>\n<li>Plage de num\u00e9ros principaux: 49<\/li>\n<li>Vous choisissez: 6<\/li>\n<li>Jours et horaires des tirages: tous les jours sauf le dimanche, 21h30 CET, 21h30<\/li>\n<li>Jackpot minimum: 400 000<\/li>\n<li>Jackpot maximum: aucun<\/li>\n<li>Probabilit\u00e9 de gagner le jackpot: 1 sur 13983816<\/li>\n<li>Probabilit\u00e9 d&rsquo;une victoire de niveau 2: 1 sur 2330636<\/li>\n<li>Probabilit\u00e9 de gagner dans n&rsquo;importe quel niveau: 1 sur 8,43<\/li>\n<li>Nombre de niveaux de prix: 6<\/li>\n<\/ul>\n<h2>Avantages d&rsquo;acheter des billets BonoLoto en ligne<\/h2>\n<ul>\n<li>Restez \u00e0 la maison et obtenez toujours les billets que vous voulez depuis la France ou depuis n&rsquo;importe quel pays<\/li>\n<li>Choisissez parmi une large gamme de jeux de loterie diff\u00e9rents du monde entier<\/li>\n<li>Obtenez de meilleures chances de gagner de gros prix en choisissant les meilleurs jackpots<\/li>\n<li>Mettez de l&rsquo;argent sur votre compte pour payer vos billets<\/li>\n<li>Ne vous inqui\u00e9tez pas de perdre \u00e0 nouveau un billet<\/li>\n<li>Ne manquez jamais une victoire gr\u00e2ce aux notifications instantan\u00e9es<\/li>\n<li>Utilisez le g\u00e9n\u00e9rateur de nombres al\u00e9atoires pour choisir vos nombres pour vous<\/li>\n<\/ul>\n<h2>Est-il l\u00e9gal d&rsquo;acheter des billets BonoLoto en ligne?<\/h2>\n<p><img decoding=\"async\" class=\"alignright wp-image-3675\" src=\"https:\/\/onlinelotto365.com\/wp-content\/uploads\/2020\/11\/online_lottery-117-300x217.jpg\" alt=\"acheter des billets bonoloto en ligne\" width=\"195\" srcset=\"https:\/\/onlinelotto365.com\/wp-content\/uploads\/2020\/11\/online_lottery-117-300x217.jpg 300w, https:\/\/onlinelotto365.com\/wp-content\/uploads\/2020\/11\/online_lottery-117.jpg 320w\" sizes=\"(max-width: 300px) 100vw, 300px\" \/><\/p>\n<p>Vous pouvez vous sentir un peu pr\u00e9occup\u00e9 par ce type de jeu si vous ne connaissez pas les <strong> l\u00e9galit\u00e9s du loto en ligne dans votre pays de r\u00e9sidence <\/strong>. Mais vous pouvez absolument faire confiance \u00e0 notre service pour vous aider. Nous nous assurons que toutes les r\u00e9glementations du pays d&rsquo;origine du loto sont respect\u00e9es.<\/p>\n<p>De cette fa\u00e7on, si vous gagnez un prix, y compris le jackpot, vous n&rsquo;avez pas \u00e0 vous soucier de pouvoir le r\u00e9clamer. Vous \u00eates assur\u00e9 d\u2019obtenir le prix que vous avez gagn\u00e9.<br \/>\nLa seule r\u00e8gle est que vous <a href=\"https:\/\/onlinelotto365.com\/fr\/news\/age-minimum-pour-acheter-des-billets-de-loterie\"> <strong> devez avoir au moins 18 ans pour jouer.\u00a0<\/strong><\/a><\/p>\n<h2>Comment \u00eatre pay\u00e9 si je gagne BonoLoto en ligne?<\/h2>\n<p>Les paiements sont importants et vous voulez vous assurer que vous allez recevoir tout l&rsquo;argent auquel vous avez droit. Ce n\u2019est pas un probl\u00e8me avec nous, car nous ne vous facturons aucune commission sur vos gains. Vous obtiendrez tout cela directement dans votre compte.<\/p>\n<p>La seule fois o\u00f9 nous facturons des frais, c&rsquo;est si vous choisissez de transf\u00e9rer votre argent \u00e0 votre banque. Si votre banque facture des frais pour ce transfert, nous les r\u00e9percuterons sur votre compte.<br \/>\nCependant, lorsque vous avez droit au paiement, l&rsquo;une des deux choses suivantes se produit:<\/p>\n<ul>\n<li style=\"list-style-type: none;\">\n<ul>\n<li>Si vous gagnez moins de 2 500 \u20ac, vous obtiendrez l&rsquo;argent sur votre compte pratiquement instantan\u00e9ment. Vous pourrez donc en faire ce que vous voulez.<\/li>\n<li>Si vous gagnez plus de 2500 \u20ac, le montant que vous gagnez vous sera envoy\u00e9 soit par virement bancaire, soit par ch\u00e8que. Vous pouvez choisir ce que vous pr\u00e9f\u00e9rez lorsque vous remplissez le formulaire de r\u00e9clamation that notre personnel va vous envoyer. De cette fa\u00e7on, vous r\u00e9cup\u00e9rez votre argent en quelques jours.<\/li>\n<\/ul>\n<\/li>\n<\/ul>\n","protected":false},"excerpt":{"rendered":"<p>Si vous habitez en France et que vous voulez savoir comment jouer \u00e0 BonoLoto en ligne et comment obtenir vos billets, vous \u00eates au bon endroit. Nous pouvons vous aider tout au long du processus, et ce sera beaucoup plus facile que vous ne le pensez aussi. Tout ce que vous avez \u00e0 faire est [&hellip;]<\/p>\n","protected":false},"author":1,"featured_media":0,"parent":3804,"menu_order":8,"comment_status":"closed","ping_status":"closed","template":"template-rightsidebar.php","meta":{"_et_pb_use_builder":"","_et_pb_old_content":"","_et_gb_content_width":"","exclude_from_search":false,"footnotes":""},"class_list":["post-10403","page","type-page","status-publish","hentry"],"yoast_head":"<!-- This site is optimized with the Yoast SEO plugin v23.4 - https:\/\/yoast.com\/wordpress\/plugins\/seo\/ -->\n<title>Billets BonoLoto en ligne | Comment acheter des billets depuis la France<\/title>\n<meta name=\"description\" content=\"Notre site web vous permet d&#039;acheter des billets Bonoloto en ligne et l\u00e9galement\" \/>\n<meta name=\"robots\" content=\"index, follow, max-snippet:-1, max-image-preview:large, max-video-preview:-1\" \/>\n<link rel=\"canonical\" href=\"https:\/\/onlinelotto365.com\/fr\/acheter-ticquets\/bonoloto\/\" \/>\n<meta property=\"og:locale\" content=\"fr_FR\" \/>\n<meta property=\"og:type\" content=\"article\" \/>\n<meta property=\"og:title\" content=\"Billets BonoLoto en ligne | Comment acheter des billets depuis la France\" \/>\n<meta property=\"og:description\" content=\"Notre site web vous permet d&#039;acheter des billets Bonoloto en ligne et l\u00e9galement\" \/>\n<meta property=\"og:url\" content=\"https:\/\/onlinelotto365.com\/fr\/acheter-ticquets\/bonoloto\/\" \/>\n<meta property=\"og:site_name\" content=\"OnlineLotto365\" \/>\n<meta property=\"article:modified_time\" content=\"2020-12-29T19:49:08+00:00\" \/>\n<meta property=\"og:image\" content=\"https:\/\/redfoxlotto.com\/image?size=8&amp;lottery=bonoloto\" \/>\n<meta name=\"twitter:card\" content=\"summary_large_image\" \/>\n<meta name=\"twitter:label1\" content=\"Dur\u00e9e de lecture estim\u00e9e\" \/>\n\t<meta name=\"twitter:data1\" content=\"4 minutes\" \/>\n<script type=\"application\/ld+json\" class=\"yoast-schema-graph\">{\"@context\":\"https:\/\/schema.org\",\"@graph\":[{\"@type\":\"WebPage\",\"@id\":\"https:\/\/onlinelotto365.com\/fr\/acheter-ticquets\/bonoloto\/\",\"url\":\"https:\/\/onlinelotto365.com\/fr\/acheter-ticquets\/bonoloto\/\",\"name\":\"Billets BonoLoto en ligne | Comment acheter des billets depuis la France\",\"isPartOf\":{\"@id\":\"https:\/\/onlinelotto365.com\/fr\/#website\"},\"primaryImageOfPage\":{\"@id\":\"https:\/\/onlinelotto365.com\/fr\/acheter-ticquets\/bonoloto\/#primaryimage\"},\"image\":{\"@id\":\"https:\/\/onlinelotto365.com\/fr\/acheter-ticquets\/bonoloto\/#primaryimage\"},\"thumbnailUrl\":\"https:\/\/redfoxlotto.com\/image?size=8&amp;lottery=bonoloto\",\"datePublished\":\"2020-12-17T10:13:26+00:00\",\"dateModified\":\"2020-12-29T19:49:08+00:00\",\"description\":\"Notre site web vous permet d'acheter des billets Bonoloto en ligne et l\u00e9galement\",\"breadcrumb\":{\"@id\":\"https:\/\/onlinelotto365.com\/fr\/acheter-ticquets\/bonoloto\/#breadcrumb\"},\"inLanguage\":\"fr-FR\",\"potentialAction\":[{\"@type\":\"ReadAction\",\"target\":[\"https:\/\/onlinelotto365.com\/fr\/acheter-ticquets\/bonoloto\/\"]}]},{\"@type\":\"ImageObject\",\"inLanguage\":\"fr-FR\",\"@id\":\"https:\/\/onlinelotto365.com\/fr\/acheter-ticquets\/bonoloto\/#primaryimage\",\"url\":\"https:\/\/redfoxlotto.com\/image?size=8&amp;lottery=bonoloto\",\"contentUrl\":\"https:\/\/redfoxlotto.com\/image?size=8&amp;lottery=bonoloto\"},{\"@type\":\"BreadcrumbList\",\"@id\":\"https:\/\/onlinelotto365.com\/fr\/acheter-ticquets\/bonoloto\/#breadcrumb\",\"itemListElement\":[{\"@type\":\"ListItem\",\"position\":1,\"name\":\"Home\",\"item\":\"https:\/\/onlinelotto365.com\/fr\/\"},{\"@type\":\"ListItem\",\"position\":2,\"name\":\"Pourquoi il est plus logique d&rsquo;acheter des billets de loterie en ligne\",\"item\":\"https:\/\/onlinelotto365.com\/fr\/acheter-ticquets\/\"},{\"@type\":\"ListItem\",\"position\":3,\"name\":\"Comment acheter des billets BonoLoto en ligne\"}]},{\"@type\":\"WebSite\",\"@id\":\"https:\/\/onlinelotto365.com\/fr\/#website\",\"url\":\"https:\/\/onlinelotto365.com\/fr\/\",\"name\":\"OnlineLotto365\",\"description\":\"\",\"potentialAction\":[{\"@type\":\"SearchAction\",\"target\":{\"@type\":\"EntryPoint\",\"urlTemplate\":\"https:\/\/onlinelotto365.com\/fr\/?s={search_term_string}\"},\"query-input\":{\"@type\":\"PropertyValueSpecification\",\"valueRequired\":true,\"valueName\":\"search_term_string\"}}],\"inLanguage\":\"fr-FR\"}]}<\/script>\n<!-- \/ Yoast SEO plugin. -->","yoast_head_json":{"title":"Billets BonoLoto en ligne | Comment acheter des billets depuis la France","description":"Notre site web vous permet d'acheter des billets Bonoloto en ligne et l\u00e9galement","robots":{"index":"index","follow":"follow","max-snippet":"max-snippet:-1","max-image-preview":"max-image-preview:large","max-video-preview":"max-video-preview:-1"},"canonical":"https:\/\/onlinelotto365.com\/fr\/acheter-ticquets\/bonoloto\/","og_locale":"fr_FR","og_type":"article","og_title":"Billets BonoLoto en ligne | Comment acheter des billets depuis la France","og_description":"Notre site web vous permet d'acheter des billets Bonoloto en ligne et l\u00e9galement","og_url":"https:\/\/onlinelotto365.com\/fr\/acheter-ticquets\/bonoloto\/","og_site_name":"OnlineLotto365","article_modified_time":"2020-12-29T19:49:08+00:00","og_image":[{"url":"https:\/\/redfoxlotto.com\/image?size=8&amp;lottery=bonoloto"}],"twitter_card":"summary_large_image","twitter_misc":{"Dur\u00e9e de lecture estim\u00e9e":"4 minutes"},"schema":{"@context":"https:\/\/schema.org","@graph":[{"@type":"WebPage","@id":"https:\/\/onlinelotto365.com\/fr\/acheter-ticquets\/bonoloto\/","url":"https:\/\/onlinelotto365.com\/fr\/acheter-ticquets\/bonoloto\/","name":"Billets BonoLoto en ligne | Comment acheter des billets depuis la France","isPartOf":{"@id":"https:\/\/onlinelotto365.com\/fr\/#website"},"primaryImageOfPage":{"@id":"https:\/\/onlinelotto365.com\/fr\/acheter-ticquets\/bonoloto\/#primaryimage"},"image":{"@id":"https:\/\/onlinelotto365.com\/fr\/acheter-ticquets\/bonoloto\/#primaryimage"},"thumbnailUrl":"https:\/\/redfoxlotto.com\/image?size=8&amp;lottery=bonoloto","datePublished":"2020-12-17T10:13:26+00:00","dateModified":"2020-12-29T19:49:08+00:00","description":"Notre site web vous permet d'acheter des billets Bonoloto en ligne et l\u00e9galement","breadcrumb":{"@id":"https:\/\/onlinelotto365.com\/fr\/acheter-ticquets\/bonoloto\/#breadcrumb"},"inLanguage":"fr-FR","potentialAction":[{"@type":"ReadAction","target":["https:\/\/onlinelotto365.com\/fr\/acheter-ticquets\/bonoloto\/"]}]},{"@type":"ImageObject","inLanguage":"fr-FR","@id":"https:\/\/onlinelotto365.com\/fr\/acheter-ticquets\/bonoloto\/#primaryimage","url":"https:\/\/redfoxlotto.com\/image?size=8&amp;lottery=bonoloto","contentUrl":"https:\/\/redfoxlotto.com\/image?size=8&amp;lottery=bonoloto"},{"@type":"BreadcrumbList","@id":"https:\/\/onlinelotto365.com\/fr\/acheter-ticquets\/bonoloto\/#breadcrumb","itemListElement":[{"@type":"ListItem","position":1,"name":"Home","item":"https:\/\/onlinelotto365.com\/fr\/"},{"@type":"ListItem","position":2,"name":"Pourquoi il est plus logique d&rsquo;acheter des billets de loterie en ligne","item":"https:\/\/onlinelotto365.com\/fr\/acheter-ticquets\/"},{"@type":"ListItem","position":3,"name":"Comment acheter des billets BonoLoto en ligne"}]},{"@type":"WebSite","@id":"https:\/\/onlinelotto365.com\/fr\/#website","url":"https:\/\/onlinelotto365.com\/fr\/","name":"OnlineLotto365","description":"","potentialAction":[{"@type":"SearchAction","target":{"@type":"EntryPoint","urlTemplate":"https:\/\/onlinelotto365.com\/fr\/?s={search_term_string}"},"query-input":{"@type":"PropertyValueSpecification","valueRequired":true,"valueName":"search_term_string"}}],"inLanguage":"fr-FR"}]}},"_links":{"self":[{"href":"https:\/\/onlinelotto365.com\/fr\/wp-json\/wp\/v2\/pages\/10403","targetHints":{"allow":["GET"]}}],"collection":[{"href":"https:\/\/onlinelotto365.com\/fr\/wp-json\/wp\/v2\/pages"}],"about":[{"href":"https:\/\/onlinelotto365.com\/fr\/wp-json\/wp\/v2\/types\/page"}],"author":[{"embeddable":true,"href":"https:\/\/onlinelotto365.com\/fr\/wp-json\/wp\/v2\/users\/1"}],"replies":[{"embeddable":true,"href":"https:\/\/onlinelotto365.com\/fr\/wp-json\/wp\/v2\/comments?post=10403"}],"version-history":[{"count":0,"href":"https:\/\/onlinelotto365.com\/fr\/wp-json\/wp\/v2\/pages\/10403\/revisions"}],"up":[{"embeddable":true,"href":"https:\/\/onlinelotto365.com\/fr\/wp-json\/wp\/v2\/pages\/3804"}],"wp:attachment":[{"href":"https:\/\/onlinelotto365.com\/fr\/wp-json\/wp\/v2\/media?parent=10403"}],"curies":[{"name":"wp","href":"https:\/\/api.w.org\/{rel}","templated":true}]}}