{"id":10405,"date":"2020-12-17T11:14:35","date_gmt":"2020-12-17T10:14:35","guid":{"rendered":"http:\/\/onlinelotto365.net\/?page_id=10405"},"modified":"2020-12-29T20:49:43","modified_gmt":"2020-12-29T19:49:43","slug":"uk-lottery","status":"publish","type":"page","link":"https:\/\/onlinelotto365.com\/fr\/acheter-ticquets\/uk-lottery\/","title":{"rendered":"Comment acheter des billets de loterie britannique en ligne"},"content":{"rendered":"<p>Si vous <strong> souhaitez acheter vos billets de loto pour la loterie britannique en France <\/strong>, ne vous inqui\u00e9tez pas car nous avons tout le processus mis en place pour vous rapidement et facilement. Il vous suffit de jeter un \u0153il aux \u00e9tapes simples ci-dessous et vous serez <strong> pr\u00eat en un rien de temps. <\/strong><\/p>\n<ul>\n<li>Acc\u00e9dez \u00e0 la bonne page pour le jeu de loterie auquel vous souhaitez jouer, comme la loterie britannique Ensuite, choisissez les num\u00e9ros que vous souhaitez pour votre billet.<\/li>\n<li>Choisissez les billets de loterie suppl\u00e9mentaires que vous souhaitez pour ce jeu ou pour tout autre jeu de loterie auquel vous allez jouer<\/li>\n<li>Choisissez l&rsquo;option de paiement de vos billets<\/li>\n<li>Suivez le processus d&rsquo;enregistrement d&rsquo;un compte si vous \u00eates un nouvel utilisateur ou connectez-vous \u00e0 votre compte si vous \u00eates d\u00e9j\u00e0 un utilisateur existant<\/li>\n<li>Pour ceux qui doivent encore s&rsquo;inscrire, vous recevrez un e-mail de v\u00e9rification dans votre bo\u00eete de r\u00e9ception ou dans votre dossier spam en quelques minutes<\/li>\n<li>Si vous n&rsquo;avez pas re\u00e7u votre e-mail dans quelques minutes, <strong> v\u00e9rifiez le dossier de spam pour savoir si vous l&rsquo;avez re\u00e7u <\/strong><\/li>\n<li>Revenez sur le site Web et s\u00e9lectionnez le panier pour payer vos billets<\/li>\n<li>Choisissez votre mode de paiement et suivez les instructions de paiement<\/li>\n<\/ul>\n<p><a href=\"https:\/\/redfoxlotto.com\/fr\/jouer\/lotto-uk\/?ref=a8564250a2&amp;medium=ol365\" target=\"_blank\" rel=\"noopener noreferrer\"> <img decoding=\"async\" class=\"aligncenter\" src=\" https:\/\/redfoxlotto.com\/image?size=8&amp;lottery=lotto-uk \" alt=\" uk lottery \" \/> <\/a><\/p>\n<h2>Comment payer votre billet de loterie britannique en ligne<\/h2>\n<p>Nous proposons plusieurs <strong> modes de paiement totalement s\u00e9curis\u00e9s <\/strong> pour nos clients fran\u00e7ais et \u00e9trangers. De cette fa\u00e7on, vous pouvez choisir la m\u00e9thode qui vous convient le mieux.<br \/>\nChoisissez parmi deux options de paiement globales diff\u00e9rentes:<\/p>\n<ul>\n<li>Payez chaque commande en utilisant le paiement pr\u00e9f\u00e9r\u00e9 de votre choix<\/li>\n<li>Mettez de l&rsquo;argent sur votre compte et utilisez-le pour <a href=\"https:\/\/onlinelotto365.com\/fr\/acheter-ticquets\"> acheter les billets que vous souhaitez <\/a><\/li>\n<\/ul>\n<p>Assurez-vous de d\u00e9poser plus que le montant dont vous avez besoin pour vos billets si vous choisissez d&rsquo;ajouter de l&rsquo;argent directement sur votre compte.<\/p>\n<h2>En savoir plus sur la loterie britannique<\/h2>\n<ul>\n<li>Pays: Royaume-Uni<\/li>\n<li>Plage de num\u00e9ros principaux: 59<\/li>\n<li>Vous choisissez: 6<\/li>\n<li>Plage de num\u00e9ros suppl\u00e9mentaires:<\/li>\n<li>Vous choisissez:<\/li>\n<li>Jours et heures des tirages: mercredi, samedi, 19h30 UTC, 19h30 CET<\/li>\n<li>Jackpot minimum: 2,5 millions de GBP<\/li>\n<li>Jackpot maximum: 22 millions de GBP<\/li>\n<li>Probabilit\u00e9 de gagner le jackpot: 1 sur 45057474<\/li>\n<li>Probabilit\u00e9 d&rsquo;une victoire de niveau 2: 1 sur 7509579<\/li>\n<li>Probabilit\u00e9 de gagner dans n&rsquo;importe quel niveau: 1 sur 9,27<\/li>\n<li>Nombre de niveaux de prix: 6<\/li>\n<\/ul>\n<h2>Avantages d&rsquo;acheter des billets de loterie britannique en ligne<\/h2>\n<ul>\n<li>Obtenez les billets que vous voulez sans quitter la maison <img loading=\"lazy\" decoding=\"async\" class=\"alignright size-medium wp-image-3655\" src=\"https:\/\/onlinelotto365.com\/wp-content\/uploads\/2020\/11\/online_lottery-59-300x182.jpg\" alt=\"play uk lottery online\" width=\"300\" height=\"182\" srcset=\"https:\/\/onlinelotto365.com\/wp-content\/uploads\/2020\/11\/online_lottery-59-300x182.jpg 300w, https:\/\/onlinelotto365.com\/wp-content\/uploads\/2020\/11\/online_lottery-59.jpg 320w\" sizes=\"auto, (max-width: 300px) 100vw, 300px\" \/><\/li>\n<li>Choisissez parmi une <a href=\"https:\/\/onlinelotto365.com\/fr\/news\/comment-jouer-au-loto-international\"> une grande vari\u00e9t\u00e9 de jeux de loterie diff\u00e9rents <\/a><\/li>\n<li>Obtenez la meilleure cote d&rsquo;un gros jackpot en choisir entre diff\u00e9rents jeux<\/li>\n<li>Ajoutez de l&rsquo;argent directement sur votre compte de paiement pour payer les billets<\/li>\n<li>Ne craignez pas de perdre vos billets \u00e0 nouveau<\/li>\n<li>Notifications qui vous sont envoy\u00e9es directement pour gagner<\/li>\n<li>Options de s\u00e9lection faciles si vous ne souhaitez pas choisir vos propres num\u00e9ros<\/li>\n<\/ul>\n<h2>Est-il l\u00e9gal d&rsquo;acheter des billets de loterie britannique en ligne?<\/h2>\n<p>Il n\u2019ya aucune inqui\u00e9tude quant \u00e0 la l\u00e9galit\u00e9 de l\u2019achat de billets de loterie britannique en ligne depuis la France ou de mani\u00e8re plus traditionnelle. Vous pouvez \u00eatre assur\u00e9 que peu importe ce que vous allez obtenir vos billets et que vous n&rsquo;aurez pas \u00e0 vous soucier m\u00eame de gagner un jackpot.<\/p>\n<p>Nous nous occuperons de vous obtenir de l&rsquo;argent sans avoir \u00e0 vous soucier de savoir si le service est l\u00e9gal selon votre pays de r\u00e9sidence. Assurez-vous simplement que vous avez 18 ans ou plus pour acheter des billets avec nous<\/p>\n<h2>Comment \u00eatre pay\u00e9 si je gagne \u00e0 la loterie britannique en ligne?<\/h2>\n<p>Nous savons que le paiement est l\u2019une des \u00e9tapes les plus importantes pour vous et c\u2019est pourquoi nous souhaitons <strong> nous assurer que le processus de paiement est aussi simple que possible <\/strong>. Nous ne pr\u00e9levons aucune commission sur vos gains afin que vous obteniez chaque part de ce que vous avez gagn\u00e9. Le seul moment o\u00f9 nous facturons des frais, c&rsquo;est si vous demandez un virement bancaire et que la banque nous facture des frais. Ce montant peut vous \u00eatre transmis.<br \/>\nSinon, jetez un \u0153il \u00e0 ce qui se passe pour vos paiements ici:<\/p>\n<ul>\n<li>Les paiements inf\u00e9rieurs \u00e0 2500 \u20ac seront automatiquement vers\u00e9s sur votre compte. Vous n\u2019avez rien \u00e0 faire<\/li>\n<li>Les paiements sup\u00e9rieurs \u00e0 2500 \u20ac n\u00e9cessiteront un formulaire de r\u00e9clamation qui pourra \u00eatre soumis \u00e0 la commission de loterie. Celui-ci vous sera envoy\u00e9 par notre \u00e9quipe d&rsquo;assistance et vous permettra de choisir d&rsquo;envoyer votre argent par ch\u00e8que ou virement bancaire<\/li>\n<\/ul>\n","protected":false},"excerpt":{"rendered":"<p>Si vous souhaitez acheter vos billets de loto pour la loterie britannique en France , ne vous inqui\u00e9tez pas car nous avons tout le processus mis en place pour vous rapidement et facilement. Il vous suffit de jeter un \u0153il aux \u00e9tapes simples ci-dessous et vous serez pr\u00eat en un rien de temps. Acc\u00e9dez \u00e0 [&hellip;]<\/p>\n","protected":false},"author":1,"featured_media":0,"parent":3804,"menu_order":9,"comment_status":"closed","ping_status":"closed","template":"lotto-uk-info.php","meta":{"_et_pb_use_builder":"","_et_pb_old_content":"","_et_gb_content_width":"","exclude_from_search":false,"footnotes":""},"class_list":["post-10405","page","type-page","status-publish","hentry"],"yoast_head":"<!-- This site is optimized with the Yoast SEO plugin v23.4 - https:\/\/yoast.com\/wordpress\/plugins\/seo\/ -->\n<title>Acheter des billets pour la loterie britannique en ligne depuis la France | UK Lottery info, comment acheter des billets<\/title>\n<meta name=\"description\" content=\"Nous permettons aux joueurs de loto fran\u00e7ais d&#039;acheter des billets pour la loterie britannique\" \/>\n<meta name=\"robots\" content=\"index, follow, max-snippet:-1, max-image-preview:large, max-video-preview:-1\" \/>\n<link rel=\"canonical\" href=\"https:\/\/onlinelotto365.com\/fr\/acheter-ticquets\/uk-lottery\/\" \/>\n<meta property=\"og:locale\" content=\"fr_FR\" \/>\n<meta property=\"og:type\" content=\"article\" \/>\n<meta property=\"og:title\" content=\"Acheter des billets pour la loterie britannique en ligne depuis la France | UK Lottery info, comment acheter des billets\" \/>\n<meta property=\"og:description\" content=\"Nous permettons aux joueurs de loto fran\u00e7ais d&#039;acheter des billets pour la loterie britannique\" \/>\n<meta property=\"og:url\" content=\"https:\/\/onlinelotto365.com\/fr\/acheter-ticquets\/uk-lottery\/\" \/>\n<meta property=\"og:site_name\" content=\"OnlineLotto365\" \/>\n<meta property=\"article:modified_time\" content=\"2020-12-29T19:49:43+00:00\" \/>\n<meta property=\"og:image\" content=\"https:\/\/onlinelotto365.com\/wp-content\/uploads\/2020\/11\/online_lottery-59-300x182.jpg\" \/>\n<meta name=\"twitter:card\" content=\"summary_large_image\" \/>\n<meta name=\"twitter:label1\" content=\"Dur\u00e9e de lecture estim\u00e9e\" \/>\n\t<meta name=\"twitter:data1\" content=\"4 minutes\" \/>\n<script type=\"application\/ld+json\" class=\"yoast-schema-graph\">{\"@context\":\"https:\/\/schema.org\",\"@graph\":[{\"@type\":\"WebPage\",\"@id\":\"https:\/\/onlinelotto365.com\/fr\/acheter-ticquets\/uk-lottery\/\",\"url\":\"https:\/\/onlinelotto365.com\/fr\/acheter-ticquets\/uk-lottery\/\",\"name\":\"Acheter des billets pour la loterie britannique en ligne depuis la France | UK Lottery info, comment acheter des billets\",\"isPartOf\":{\"@id\":\"https:\/\/onlinelotto365.com\/fr\/#website\"},\"primaryImageOfPage\":{\"@id\":\"https:\/\/onlinelotto365.com\/fr\/acheter-ticquets\/uk-lottery\/#primaryimage\"},\"image\":{\"@id\":\"https:\/\/onlinelotto365.com\/fr\/acheter-ticquets\/uk-lottery\/#primaryimage\"},\"thumbnailUrl\":\"https:\/\/onlinelotto365.com\/wp-content\/uploads\/2020\/11\/online_lottery-59-300x182.jpg\",\"datePublished\":\"2020-12-17T10:14:35+00:00\",\"dateModified\":\"2020-12-29T19:49:43+00:00\",\"description\":\"Nous permettons aux joueurs de loto fran\u00e7ais d'acheter des billets pour la loterie britannique\",\"breadcrumb\":{\"@id\":\"https:\/\/onlinelotto365.com\/fr\/acheter-ticquets\/uk-lottery\/#breadcrumb\"},\"inLanguage\":\"fr-FR\",\"potentialAction\":[{\"@type\":\"ReadAction\",\"target\":[\"https:\/\/onlinelotto365.com\/fr\/acheter-ticquets\/uk-lottery\/\"]}]},{\"@type\":\"ImageObject\",\"inLanguage\":\"fr-FR\",\"@id\":\"https:\/\/onlinelotto365.com\/fr\/acheter-ticquets\/uk-lottery\/#primaryimage\",\"url\":\"https:\/\/onlinelotto365.com\/wp-content\/uploads\/2020\/11\/online_lottery-59-300x182.jpg\",\"contentUrl\":\"https:\/\/onlinelotto365.com\/wp-content\/uploads\/2020\/11\/online_lottery-59-300x182.jpg\"},{\"@type\":\"BreadcrumbList\",\"@id\":\"https:\/\/onlinelotto365.com\/fr\/acheter-ticquets\/uk-lottery\/#breadcrumb\",\"itemListElement\":[{\"@type\":\"ListItem\",\"position\":1,\"name\":\"Home\",\"item\":\"https:\/\/onlinelotto365.com\/fr\/\"},{\"@type\":\"ListItem\",\"position\":2,\"name\":\"Pourquoi il est plus logique d&rsquo;acheter des billets de loterie en ligne\",\"item\":\"https:\/\/onlinelotto365.com\/fr\/acheter-ticquets\/\"},{\"@type\":\"ListItem\",\"position\":3,\"name\":\"Comment acheter des billets de loterie britannique en ligne\"}]},{\"@type\":\"WebSite\",\"@id\":\"https:\/\/onlinelotto365.com\/fr\/#website\",\"url\":\"https:\/\/onlinelotto365.com\/fr\/\",\"name\":\"OnlineLotto365\",\"description\":\"\",\"potentialAction\":[{\"@type\":\"SearchAction\",\"target\":{\"@type\":\"EntryPoint\",\"urlTemplate\":\"https:\/\/onlinelotto365.com\/fr\/?s={search_term_string}\"},\"query-input\":{\"@type\":\"PropertyValueSpecification\",\"valueRequired\":true,\"valueName\":\"search_term_string\"}}],\"inLanguage\":\"fr-FR\"}]}<\/script>\n<!-- \/ Yoast SEO plugin. -->","yoast_head_json":{"title":"Acheter des billets pour la loterie britannique en ligne depuis la France | UK Lottery info, comment acheter des billets","description":"Nous permettons aux joueurs de loto fran\u00e7ais d'acheter des billets pour la loterie britannique","robots":{"index":"index","follow":"follow","max-snippet":"max-snippet:-1","max-image-preview":"max-image-preview:large","max-video-preview":"max-video-preview:-1"},"canonical":"https:\/\/onlinelotto365.com\/fr\/acheter-ticquets\/uk-lottery\/","og_locale":"fr_FR","og_type":"article","og_title":"Acheter des billets pour la loterie britannique en ligne depuis la France | UK Lottery info, comment acheter des billets","og_description":"Nous permettons aux joueurs de loto fran\u00e7ais d'acheter des billets pour la loterie britannique","og_url":"https:\/\/onlinelotto365.com\/fr\/acheter-ticquets\/uk-lottery\/","og_site_name":"OnlineLotto365","article_modified_time":"2020-12-29T19:49:43+00:00","og_image":[{"url":"https:\/\/onlinelotto365.com\/wp-content\/uploads\/2020\/11\/online_lottery-59-300x182.jpg"}],"twitter_card":"summary_large_image","twitter_misc":{"Dur\u00e9e de lecture estim\u00e9e":"4 minutes"},"schema":{"@context":"https:\/\/schema.org","@graph":[{"@type":"WebPage","@id":"https:\/\/onlinelotto365.com\/fr\/acheter-ticquets\/uk-lottery\/","url":"https:\/\/onlinelotto365.com\/fr\/acheter-ticquets\/uk-lottery\/","name":"Acheter des billets pour la loterie britannique en ligne depuis la France | UK Lottery info, comment acheter des billets","isPartOf":{"@id":"https:\/\/onlinelotto365.com\/fr\/#website"},"primaryImageOfPage":{"@id":"https:\/\/onlinelotto365.com\/fr\/acheter-ticquets\/uk-lottery\/#primaryimage"},"image":{"@id":"https:\/\/onlinelotto365.com\/fr\/acheter-ticquets\/uk-lottery\/#primaryimage"},"thumbnailUrl":"https:\/\/onlinelotto365.com\/wp-content\/uploads\/2020\/11\/online_lottery-59-300x182.jpg","datePublished":"2020-12-17T10:14:35+00:00","dateModified":"2020-12-29T19:49:43+00:00","description":"Nous permettons aux joueurs de loto fran\u00e7ais d'acheter des billets pour la loterie britannique","breadcrumb":{"@id":"https:\/\/onlinelotto365.com\/fr\/acheter-ticquets\/uk-lottery\/#breadcrumb"},"inLanguage":"fr-FR","potentialAction":[{"@type":"ReadAction","target":["https:\/\/onlinelotto365.com\/fr\/acheter-ticquets\/uk-lottery\/"]}]},{"@type":"ImageObject","inLanguage":"fr-FR","@id":"https:\/\/onlinelotto365.com\/fr\/acheter-ticquets\/uk-lottery\/#primaryimage","url":"https:\/\/onlinelotto365.com\/wp-content\/uploads\/2020\/11\/online_lottery-59-300x182.jpg","contentUrl":"https:\/\/onlinelotto365.com\/wp-content\/uploads\/2020\/11\/online_lottery-59-300x182.jpg"},{"@type":"BreadcrumbList","@id":"https:\/\/onlinelotto365.com\/fr\/acheter-ticquets\/uk-lottery\/#breadcrumb","itemListElement":[{"@type":"ListItem","position":1,"name":"Home","item":"https:\/\/onlinelotto365.com\/fr\/"},{"@type":"ListItem","position":2,"name":"Pourquoi il est plus logique d&rsquo;acheter des billets de loterie en ligne","item":"https:\/\/onlinelotto365.com\/fr\/acheter-ticquets\/"},{"@type":"ListItem","position":3,"name":"Comment acheter des billets de loterie britannique en ligne"}]},{"@type":"WebSite","@id":"https:\/\/onlinelotto365.com\/fr\/#website","url":"https:\/\/onlinelotto365.com\/fr\/","name":"OnlineLotto365","description":"","potentialAction":[{"@type":"SearchAction","target":{"@type":"EntryPoint","urlTemplate":"https:\/\/onlinelotto365.com\/fr\/?s={search_term_string}"},"query-input":{"@type":"PropertyValueSpecification","valueRequired":true,"valueName":"search_term_string"}}],"inLanguage":"fr-FR"}]}},"_links":{"self":[{"href":"https:\/\/onlinelotto365.com\/fr\/wp-json\/wp\/v2\/pages\/10405","targetHints":{"allow":["GET"]}}],"collection":[{"href":"https:\/\/onlinelotto365.com\/fr\/wp-json\/wp\/v2\/pages"}],"about":[{"href":"https:\/\/onlinelotto365.com\/fr\/wp-json\/wp\/v2\/types\/page"}],"author":[{"embeddable":true,"href":"https:\/\/onlinelotto365.com\/fr\/wp-json\/wp\/v2\/users\/1"}],"replies":[{"embeddable":true,"href":"https:\/\/onlinelotto365.com\/fr\/wp-json\/wp\/v2\/comments?post=10405"}],"version-history":[{"count":0,"href":"https:\/\/onlinelotto365.com\/fr\/wp-json\/wp\/v2\/pages\/10405\/revisions"}],"up":[{"embeddable":true,"href":"https:\/\/onlinelotto365.com\/fr\/wp-json\/wp\/v2\/pages\/3804"}],"wp:attachment":[{"href":"https:\/\/onlinelotto365.com\/fr\/wp-json\/wp\/v2\/media?parent=10405"}],"curies":[{"name":"wp","href":"https:\/\/api.w.org\/{rel}","templated":true}]}}