{"id":10409,"date":"2020-12-17T11:16:59","date_gmt":"2020-12-17T10:16:59","guid":{"rendered":"http:\/\/onlinelotto365.net\/?page_id=10409"},"modified":"2021-01-02T16:35:44","modified_gmt":"2021-01-02T15:35:44","slug":"german-lotto","status":"publish","type":"page","link":"https:\/\/onlinelotto365.com\/fr\/acheter-ticquets\/german-lotto\/","title":{"rendered":"Comment acheter des billets en ligne pour le Lotto allemand"},"content":{"rendered":"<p>Vous n&rsquo;\u00eates <strong> pas s\u00fbr de savoir comment acheter des billets de loto allemand en ligne? <\/strong> Eh bien, vous \u00eates au bon endroit car nous allons vous guider \u00e0 travers le processus ultra-simple pour \u00e9viter de les vouloir billets en France pour attendre le tirage au sort pour voir si vous avez gagn\u00e9 quelque chose de gros.<\/p>\n<ul>\n<li>Acc\u00e9dez \u00e0 la page Web du jeu de loto auquel vous souhaitez jouer et choisissez le nombre de billets que vous souhaitez et les num\u00e9ros auxquels vous souhaitez jouer<\/li>\n<li><a href=\"https:\/\/onlinelotto365.com\/fr\/acheter-ticquets\"> Obtenez autant de billets que vous le souhaitez <\/a> pour ce jeu et tous les autres<\/li>\n<li>Cliquez sur le bouton pour payer maintenant<\/li>\n<li>Connectez-vous \u00e0 votre compte actuel pour traiter votre paiement ou cr\u00e9er un nouveau compte et terminer le processus d&rsquo;inscription<\/li>\n<li>Ceux qui doivent cr\u00e9er un compte devront \u00e9galement le valider \u00e0 partir de leur compte de messagerie<\/li>\n<li>Assurez-vous de regarder dans votre bo\u00eete de r\u00e9ception ainsi que dans votre dossier spam pour voir si l&rsquo;e-mail y est envoy\u00e9 et cliquez sur le lien<\/li>\n<li>Une fois que vous avez valid\u00e9 votre compte, acc\u00e9dez au panier pour acheter vos articles<\/li>\n<li>Suivez le processus de paiement selon les instructions fournies<\/li>\n<\/ul>\n<p><a href=\"https:\/\/redfoxlotto.com\/fr\/jouer\/lotto-6aus49\/?ref=a8564250a2&amp;medium=ol365\" target=\"_blank\" rel=\"noopener noreferrer\"> <img decoding=\"async\" class=\"aligncenter\" src=\" https:\/\/redfoxlotto.com\/image?size=8&amp;lottery=lotto-6aus49 \" alt=\" German Lotto 6aus49 \" \/> <\/a><\/p>\n<h2>Comment payer votre billet de loto allemand en ligne<\/h2>\n<p>Vous pouvez choisir parmi plusieurs options de paiement enti\u00e8rement s\u00e9curis\u00e9es au moment de payer vos billets.<br \/>\nChacune de ces options appartient \u00e0 l&rsquo;une des deux cat\u00e9gories suivantes:<\/p>\n<ul>\n<li>Payez vos billets en soumettant un mode de paiement au moment de l&rsquo;achat<\/li>\n<li>Payez vos billets en ajoutant de l&rsquo;argent \u00e0 votre compte joueur et en l&rsquo;utilisant pour effectuer l&rsquo;achat<\/li>\n<\/ul>\n<p>Assurez-vous que si vous ajoutez de l&rsquo;argent \u00e0 votre compte, vous en ajoutez suffisamment pour plus que couvrir le co\u00fbt de votre transaction actuelle afin qu&rsquo;elle soit approuv\u00e9e.<\/p>\n<h2>En savoir plus sur le loto allemand<\/h2>\n<ul>\n<li>Pays: Allemagne <img decoding=\"async\" class=\"alignright wp-image-3633\" src=\"https:\/\/onlinelotto365.com\/wp-content\/uploads\/2020\/11\/online_lottery-41-300x102.jpg\" alt=\" loto allemand en ligne uk \" width=\" 376 \" height=\" 128 \" srcset=\"https:\/\/onlinelotto365.com\/wp-content\/uploads\/2020\/11\/online_lottery-41-300x102.jpg 300w, https:\/\/onlinelotto365.com\/wp-content\/uploads\/2020\/11\/online_lottery-41.jpg 593w\" sizes=\"(max-width: 300px) 100vw, 300px\" \/><\/li>\n<li>Plage de num\u00e9ros principaux: 49<\/li>\n<li>Vous choisissez: 6<\/li>\n<li>Un num\u00e9ro suppl\u00e9mentaire sera automatiquement s\u00e9lectionn\u00e9 pour vous<\/li>\n<li>Jours et heures des tirages: samedi, 20h25 CET, 20h25 CET<\/li>\n<li>Jackpot minimum: 1 million d&rsquo;euros<\/li>\n<li>Jackpot maximum: apr\u00e8s 12 tirages<\/li>\n<li>Probabilit\u00e9 de gagner le jackpot: 1 sur 125854344<\/li>\n<li>Probabilit\u00e9 d&rsquo;une victoire de niveau 2: 1 sur 13983816<\/li>\n<li>Probabilit\u00e9 de gagner dans n&rsquo;importe quel niveau: 1 sur 31<\/li>\n<li>Nombre de niveaux de prix: 9<\/li>\n<\/ul>\n<h2>Avantages de l&rsquo;achat de billets de loto allemand en ligne<\/h2>\n<ul>\n<li>Obtenez des billets depuis votre endroit confortable \u00e0 la maison<\/li>\n<li>Obtenez tous les types de jeux de loterie que vous souhaitez<\/li>\n<li>Obtenez <a href=\"https:\/\/onlinelotto365.com\/fr\/news\/les-meilleures-loteries-du-monde\"> de meilleures chances aux meilleurs jackpots <\/a> en choisissant vos jeux correctement<\/li>\n<li>B\u00e9n\u00e9ficiez d&rsquo;options de paiement faciles en ajoutant de l&rsquo;argent directement sur votre compte joueur pour acheter<\/li>\n<li>Stockez facilement tous vos billets de loto<\/li>\n<li>Recevez une notification instantan\u00e9e pour les gains<\/li>\n<li>B\u00e9n\u00e9ficiez d&rsquo;options de s\u00e9lection faciles pour ne pas avoir \u00e0 choisir les num\u00e9ros<\/li>\n<\/ul>\n<h2>Est-il l\u00e9gal d&rsquo;acheter des billets de loto allemand en ligne?<\/h2>\n<p>Si l\u2019achat de billets en ligne vous pr\u00e9occupe parce que vous \u00eates en France et que vous ne connaissez pas les r\u00e8gles, vous n\u2019avez pas \u00e0 vous inqui\u00e9ter. Nous pouvons vous aider \u00e0 dissiper certains de vos soucis, car nous nous assurons que toutes les r\u00e9glementations sont respect\u00e9es pour le pays d&rsquo;origine de la loterie.<br \/>\nCela vous aide \u00e0 vous sentir plus confiant et vous garantit que tout l&rsquo;argent que vous gagnez vous parviendra directement.<br \/>\nLa seule r\u00e8gle est que vous devez avoir 18 ans ou plus pour jouer.<\/p>\n<h2>Comment \u00eatre pay\u00e9 si je gagne en ligne au loto allemand?<\/h2>\n<p>Quand il s&rsquo;agit d&rsquo;obtenir vos gains, nous savons d\u00e9j\u00e0 que vous ne voulez pas vous sacrifier. Vous voulez obtenir tout l\u2019argent auquel vous avez droit et nous pouvons vous aider. En fait, nous pouvons vous aider \u00e0 d\u00e9marrer tout de suite car nous ne pr\u00e9l\u00e8verons aucune commission sur vos gains.<\/p>\n<p>Nous ne vous facturerons pas non plus de frais. C&rsquo;est vrai, \u00e0 moins que vous ne choisissiez de faire transf\u00e9rer votre argent par virement bancaire \u00e0 votre banque, nous ne vous facturerons pas de frais pour tout ce que nous faisons. Si vous choisissez un virement bancaire, nous facturons des frais car votre banque facture des frais.<\/p>\n<p><strong> Que se passe-t-il lorsque vous gagnez: <\/strong><\/p>\n<ul>\n<li>Pour ceux qui gagnent moins de 2 500 \u20ac, vous n\u2019avez rien \u00e0 faire. Nous nous occupons de tout en pla\u00e7ant l&rsquo;argent sur votre compte.<\/li>\n<li>Pour ceux qui gagnent plus de 2500 \u20ac, vous recevrez un formulaire de r\u00e9clamation de notre \u00e9quipe d&rsquo;assistance. Ce formulaire vous permettra de d\u00e9cider si vous souhaitez \u00eatre pay\u00e9 par ch\u00e8que ou par virement bancaire. Ensuite, vous pouvez simplement vous asseoir et attendre que l&rsquo;argent vous parvienne dans quelques jours<\/li>\n<\/ul>\n","protected":false},"excerpt":{"rendered":"<p>Vous n&rsquo;\u00eates pas s\u00fbr de savoir comment acheter des billets de loto allemand en ligne? Eh bien, vous \u00eates au bon endroit car nous allons vous guider \u00e0 travers le processus ultra-simple pour \u00e9viter de les vouloir billets en France pour attendre le tirage au sort pour voir si vous avez gagn\u00e9 quelque chose de [&hellip;]<\/p>\n","protected":false},"author":1,"featured_media":0,"parent":3804,"menu_order":11,"comment_status":"closed","ping_status":"closed","template":"lotto-german-info.php","meta":{"_et_pb_use_builder":"","_et_pb_old_content":"","_et_gb_content_width":"","exclude_from_search":false,"footnotes":""},"class_list":["post-10409","page","type-page","status-publish","hentry"],"yoast_head":"<!-- This site is optimized with the Yoast SEO plugin v23.4 - https:\/\/yoast.com\/wordpress\/plugins\/seo\/ -->\n<title>Achetez maintenant des billets de loto allemand en ligne depuis la France<\/title>\n<meta name=\"description\" content=\"Si vous vivez en France, vous pouvez toujours acheter des billets de loto allemands en ligne\" \/>\n<meta name=\"robots\" content=\"index, follow, max-snippet:-1, max-image-preview:large, max-video-preview:-1\" \/>\n<link rel=\"canonical\" href=\"https:\/\/onlinelotto365.com\/fr\/acheter-ticquets\/german-lotto\/\" \/>\n<meta property=\"og:locale\" content=\"fr_FR\" \/>\n<meta property=\"og:type\" content=\"article\" \/>\n<meta property=\"og:title\" content=\"Achetez maintenant des billets de loto allemand en ligne depuis la France\" \/>\n<meta property=\"og:description\" content=\"Si vous vivez en France, vous pouvez toujours acheter des billets de loto allemands en ligne\" \/>\n<meta property=\"og:url\" content=\"https:\/\/onlinelotto365.com\/fr\/acheter-ticquets\/german-lotto\/\" \/>\n<meta property=\"og:site_name\" content=\"OnlineLotto365\" \/>\n<meta property=\"article:modified_time\" content=\"2021-01-02T15:35:44+00:00\" \/>\n<meta property=\"og:image\" content=\"https:\/\/onlinelotto365.com\/wp-content\/uploads\/2020\/11\/online_lottery-41-300x102.jpg\" \/>\n<meta name=\"twitter:card\" content=\"summary_large_image\" \/>\n<meta name=\"twitter:label1\" content=\"Dur\u00e9e de lecture estim\u00e9e\" \/>\n\t<meta name=\"twitter:data1\" content=\"4 minutes\" \/>\n<script type=\"application\/ld+json\" class=\"yoast-schema-graph\">{\"@context\":\"https:\/\/schema.org\",\"@graph\":[{\"@type\":\"WebPage\",\"@id\":\"https:\/\/onlinelotto365.com\/fr\/acheter-ticquets\/german-lotto\/\",\"url\":\"https:\/\/onlinelotto365.com\/fr\/acheter-ticquets\/german-lotto\/\",\"name\":\"Achetez maintenant des billets de loto allemand en ligne depuis la France\",\"isPartOf\":{\"@id\":\"https:\/\/onlinelotto365.com\/fr\/#website\"},\"primaryImageOfPage\":{\"@id\":\"https:\/\/onlinelotto365.com\/fr\/acheter-ticquets\/german-lotto\/#primaryimage\"},\"image\":{\"@id\":\"https:\/\/onlinelotto365.com\/fr\/acheter-ticquets\/german-lotto\/#primaryimage\"},\"thumbnailUrl\":\"https:\/\/onlinelotto365.com\/wp-content\/uploads\/2020\/11\/online_lottery-41-300x102.jpg\",\"datePublished\":\"2020-12-17T10:16:59+00:00\",\"dateModified\":\"2021-01-02T15:35:44+00:00\",\"description\":\"Si vous vivez en France, vous pouvez toujours acheter des billets de loto allemands en ligne\",\"breadcrumb\":{\"@id\":\"https:\/\/onlinelotto365.com\/fr\/acheter-ticquets\/german-lotto\/#breadcrumb\"},\"inLanguage\":\"fr-FR\",\"potentialAction\":[{\"@type\":\"ReadAction\",\"target\":[\"https:\/\/onlinelotto365.com\/fr\/acheter-ticquets\/german-lotto\/\"]}]},{\"@type\":\"ImageObject\",\"inLanguage\":\"fr-FR\",\"@id\":\"https:\/\/onlinelotto365.com\/fr\/acheter-ticquets\/german-lotto\/#primaryimage\",\"url\":\"https:\/\/onlinelotto365.com\/wp-content\/uploads\/2020\/11\/online_lottery-41-300x102.jpg\",\"contentUrl\":\"https:\/\/onlinelotto365.com\/wp-content\/uploads\/2020\/11\/online_lottery-41-300x102.jpg\"},{\"@type\":\"BreadcrumbList\",\"@id\":\"https:\/\/onlinelotto365.com\/fr\/acheter-ticquets\/german-lotto\/#breadcrumb\",\"itemListElement\":[{\"@type\":\"ListItem\",\"position\":1,\"name\":\"Home\",\"item\":\"https:\/\/onlinelotto365.com\/fr\/\"},{\"@type\":\"ListItem\",\"position\":2,\"name\":\"Pourquoi il est plus logique d&rsquo;acheter des billets de loterie en ligne\",\"item\":\"https:\/\/onlinelotto365.com\/fr\/acheter-ticquets\/\"},{\"@type\":\"ListItem\",\"position\":3,\"name\":\"Comment acheter des billets en ligne pour le Lotto allemand\"}]},{\"@type\":\"WebSite\",\"@id\":\"https:\/\/onlinelotto365.com\/fr\/#website\",\"url\":\"https:\/\/onlinelotto365.com\/fr\/\",\"name\":\"OnlineLotto365\",\"description\":\"\",\"potentialAction\":[{\"@type\":\"SearchAction\",\"target\":{\"@type\":\"EntryPoint\",\"urlTemplate\":\"https:\/\/onlinelotto365.com\/fr\/?s={search_term_string}\"},\"query-input\":{\"@type\":\"PropertyValueSpecification\",\"valueRequired\":true,\"valueName\":\"search_term_string\"}}],\"inLanguage\":\"fr-FR\"}]}<\/script>\n<!-- \/ Yoast SEO plugin. -->","yoast_head_json":{"title":"Achetez maintenant des billets de loto allemand en ligne depuis la France","description":"Si vous vivez en France, vous pouvez toujours acheter des billets de loto allemands en ligne","robots":{"index":"index","follow":"follow","max-snippet":"max-snippet:-1","max-image-preview":"max-image-preview:large","max-video-preview":"max-video-preview:-1"},"canonical":"https:\/\/onlinelotto365.com\/fr\/acheter-ticquets\/german-lotto\/","og_locale":"fr_FR","og_type":"article","og_title":"Achetez maintenant des billets de loto allemand en ligne depuis la France","og_description":"Si vous vivez en France, vous pouvez toujours acheter des billets de loto allemands en ligne","og_url":"https:\/\/onlinelotto365.com\/fr\/acheter-ticquets\/german-lotto\/","og_site_name":"OnlineLotto365","article_modified_time":"2021-01-02T15:35:44+00:00","og_image":[{"url":"https:\/\/onlinelotto365.com\/wp-content\/uploads\/2020\/11\/online_lottery-41-300x102.jpg"}],"twitter_card":"summary_large_image","twitter_misc":{"Dur\u00e9e de lecture estim\u00e9e":"4 minutes"},"schema":{"@context":"https:\/\/schema.org","@graph":[{"@type":"WebPage","@id":"https:\/\/onlinelotto365.com\/fr\/acheter-ticquets\/german-lotto\/","url":"https:\/\/onlinelotto365.com\/fr\/acheter-ticquets\/german-lotto\/","name":"Achetez maintenant des billets de loto allemand en ligne depuis la France","isPartOf":{"@id":"https:\/\/onlinelotto365.com\/fr\/#website"},"primaryImageOfPage":{"@id":"https:\/\/onlinelotto365.com\/fr\/acheter-ticquets\/german-lotto\/#primaryimage"},"image":{"@id":"https:\/\/onlinelotto365.com\/fr\/acheter-ticquets\/german-lotto\/#primaryimage"},"thumbnailUrl":"https:\/\/onlinelotto365.com\/wp-content\/uploads\/2020\/11\/online_lottery-41-300x102.jpg","datePublished":"2020-12-17T10:16:59+00:00","dateModified":"2021-01-02T15:35:44+00:00","description":"Si vous vivez en France, vous pouvez toujours acheter des billets de loto allemands en ligne","breadcrumb":{"@id":"https:\/\/onlinelotto365.com\/fr\/acheter-ticquets\/german-lotto\/#breadcrumb"},"inLanguage":"fr-FR","potentialAction":[{"@type":"ReadAction","target":["https:\/\/onlinelotto365.com\/fr\/acheter-ticquets\/german-lotto\/"]}]},{"@type":"ImageObject","inLanguage":"fr-FR","@id":"https:\/\/onlinelotto365.com\/fr\/acheter-ticquets\/german-lotto\/#primaryimage","url":"https:\/\/onlinelotto365.com\/wp-content\/uploads\/2020\/11\/online_lottery-41-300x102.jpg","contentUrl":"https:\/\/onlinelotto365.com\/wp-content\/uploads\/2020\/11\/online_lottery-41-300x102.jpg"},{"@type":"BreadcrumbList","@id":"https:\/\/onlinelotto365.com\/fr\/acheter-ticquets\/german-lotto\/#breadcrumb","itemListElement":[{"@type":"ListItem","position":1,"name":"Home","item":"https:\/\/onlinelotto365.com\/fr\/"},{"@type":"ListItem","position":2,"name":"Pourquoi il est plus logique d&rsquo;acheter des billets de loterie en ligne","item":"https:\/\/onlinelotto365.com\/fr\/acheter-ticquets\/"},{"@type":"ListItem","position":3,"name":"Comment acheter des billets en ligne pour le Lotto allemand"}]},{"@type":"WebSite","@id":"https:\/\/onlinelotto365.com\/fr\/#website","url":"https:\/\/onlinelotto365.com\/fr\/","name":"OnlineLotto365","description":"","potentialAction":[{"@type":"SearchAction","target":{"@type":"EntryPoint","urlTemplate":"https:\/\/onlinelotto365.com\/fr\/?s={search_term_string}"},"query-input":{"@type":"PropertyValueSpecification","valueRequired":true,"valueName":"search_term_string"}}],"inLanguage":"fr-FR"}]}},"_links":{"self":[{"href":"https:\/\/onlinelotto365.com\/fr\/wp-json\/wp\/v2\/pages\/10409","targetHints":{"allow":["GET"]}}],"collection":[{"href":"https:\/\/onlinelotto365.com\/fr\/wp-json\/wp\/v2\/pages"}],"about":[{"href":"https:\/\/onlinelotto365.com\/fr\/wp-json\/wp\/v2\/types\/page"}],"author":[{"embeddable":true,"href":"https:\/\/onlinelotto365.com\/fr\/wp-json\/wp\/v2\/users\/1"}],"replies":[{"embeddable":true,"href":"https:\/\/onlinelotto365.com\/fr\/wp-json\/wp\/v2\/comments?post=10409"}],"version-history":[{"count":0,"href":"https:\/\/onlinelotto365.com\/fr\/wp-json\/wp\/v2\/pages\/10409\/revisions"}],"up":[{"embeddable":true,"href":"https:\/\/onlinelotto365.com\/fr\/wp-json\/wp\/v2\/pages\/3804"}],"wp:attachment":[{"href":"https:\/\/onlinelotto365.com\/fr\/wp-json\/wp\/v2\/media?parent=10409"}],"curies":[{"name":"wp","href":"https:\/\/api.w.org\/{rel}","templated":true}]}}