{"id":10411,"date":"2020-12-17T11:18:00","date_gmt":"2020-12-17T10:18:00","guid":{"rendered":"http:\/\/onlinelotto365.net\/?page_id=10411"},"modified":"2021-01-06T11:31:11","modified_gmt":"2021-01-06T10:31:11","slug":"mega-sena","status":"publish","type":"page","link":"https:\/\/onlinelotto365.com\/fr\/acheter-ticquets\/mega-sena\/","title":{"rendered":"Comment acheter des billets pour Mega-Sena Brazil en ligne"},"content":{"rendered":"<p>Voulez-vous savoir <strong> comment obtenir les billets dont vous avez besoin pour le Mega-Sena <\/strong>, alors que vous vivez en France ou dans tout autre pays en dehors du Br\u00e9sil? Eh bien, vous allez vouloir lire un peu plus loin car nous pouvons vous aider tout au long du processus et nous assurer que vous \u00eates sur la bonne voie pour <a href=\"https:\/\/onlinelotto365.com\/fr\/acheter-ticquets\"> <strong> obtenir les billets que vous souhaitez pour tous les jeux <\/strong> <\/a> auxquels vous souhaitez jouer.<\/p>\n<ul>\n<li>Tout ce que vous avez \u00e0 faire pour commencer est de choisir le jeu auquel vous voulez jouer et de choisir les num\u00e9ros de billets que vous voulez pour ce jeu.<\/li>\n<li>Ajoutez autant de billets que vous le souhaitez pour ce jeu ou tout autre jeu auquel vous souhaitez jouer<\/li>\n<li>Cliquez sur le bouton pour lancer le processus de paiement.<\/li>\n<li>Connectez-vous \u00e0 votre compte actuel ou cr\u00e9ez un nouveau compte pour acheter vos billets.<\/li>\n<li>Si vous devez cr\u00e9er un nouveau compte, vous devrez suivre le processus d&rsquo;inscription. Votre lien de v\u00e9rification sera envoy\u00e9 \u00e0 votre adresse e-mail.<\/li>\n<li>Si l&rsquo;e-mail n&rsquo;appara\u00eet pas dans votre bo\u00eete de r\u00e9ception, vous voudrez v\u00e9rifier le dossier spam pour vous assurer qu&rsquo;il a bien \u00e9t\u00e9 re\u00e7u.<\/li>\n<li>Une fois que vous avez valid\u00e9 votre compte, acc\u00e9dez au panier sur le site Web.<\/li>\n<li>Suivez les instructions pour payer vos billets en utilisant le mode de paiement choisi.<\/li>\n<\/ul>\n<p><a href=\"https:\/\/redfoxlotto.com\/fr\/jouer\/mega-sena\/?ref=a8564250a2&amp;medium=ol365\" target=\"_blank\" rel=\"noopener noreferrer\"> <img decoding=\"async\" class=\"aligncenter\" src=\" https:\/\/redfoxlotto.com\/image?size=8&amp;lottery=mega-sena \" alt=\" mega-sena \" \/> <\/a><\/p>\n<h2>Comment payer votre billet Mega-Sena en ligne<\/h2>\n<p>Payer vos billets de mani\u00e8re s\u00e9curis\u00e9e est important pour vous et nous vous facilitons la t\u00e2che en vous offrant de nombreuses options de paiement direct ainsi qu&rsquo;une option secondaire pour acheter vos billets. Il vous suffit de commencer par l&rsquo;un des deux ci-dessous.<\/p>\n<ul>\n<li>Payez directement avec votre mode de paiement pr\u00e9f\u00e9r\u00e9<\/li>\n<li><a href=\"https:\/\/onlinelotto365.com\/fr\/news\/lotto-en-direct\"> Ajoutez de l&rsquo;argent sur votre compte joueur <\/a> pour pouvoir acheter des billets directement sur le compte.<\/li>\n<\/ul>\n<p>Assurez-vous d&rsquo;ajouter un peu plus \u00e0 votre compte joueur si vous allez choisir cette m\u00e9thode. De cette fa\u00e7on, le solde de votre compte pourra payer l&rsquo;achat.<\/p>\n<h2>Plus d&rsquo;informations sur Mega-Sena<\/h2>\n<ul>\n<li>Pays: Br\u00e9sil<\/li>\n<li>Plage de num\u00e9ros principaux: 60<\/li>\n<li>Vous choisissez: 6<\/li>\n<li>Jours et heures des tirages: mercredi, samedi, 20h00 GMT -3, 24h00 CET<\/li>\n<li>Jackpot minimum: 2 millions de R $<\/li>\n<li>Jackpot maximum: aucun<\/li>\n<li>Probabilit\u00e9 de gagner le jackpot: 1 sur 50063860<\/li>\n<li>Probabilit\u00e9 d&rsquo;une victoire de niveau 2: 1 sur 15451809<\/li>\n<li>Probabilit\u00e9 de gagner dans n&rsquo;importe quel palier: 1 sur 2297,56<\/li>\n<li>Nombre de niveaux de prix: 3<\/li>\n<\/ul>\n<h2>Avantages d&rsquo;acheter des billets Mega-Sena en ligne<\/h2>\n<ul>\n<li>Aucun d\u00e9placement n\u00e9cessaire &#8211; il suffit d&rsquo;acheter des billets \u00e0 la maison<\/li>\n<li>Faites votre choix parmi <a href=\"http:\/\/onlinelotto365.com\/fr\"> diff\u00e9rents jeux de loterie <\/a><\/li>\n<li>Obtenez les meilleures chances de gagner des parties avec des jackpots \u00e9lev\u00e9s<\/li>\n<li>D\u00e9posez de l&rsquo;argent directement sur votre compte afin de l&rsquo;utiliser pour votre achat<\/li>\n<li>Suivez facilement vos tickets<\/li>\n<li>Recevez des notifications chaque fois que vous gagnez sur vos billets<\/li>\n<li>Utilisez l&rsquo;option de s\u00e9lection rapide pour obtenir des billets sans choisir de num\u00e9ros<\/li>\n<\/ul>\n<h2>Est-il l\u00e9gal d&rsquo;acheter des billets pour Mega-Sena en ligne?<\/h2>\n<p><img loading=\"lazy\" decoding=\"async\" class=\"alignright wp-image-3660\" src=\"https:\/\/onlinelotto365.com\/wp-content\/uploads\/2020\/11\/online_lottery-133-300x212.jpg\" alt=\"mega-sena online UK\" width=\"177\" height=\"125\" srcset=\"https:\/\/onlinelotto365.com\/wp-content\/uploads\/2020\/11\/online_lottery-133-300x212.jpg 300w, https:\/\/onlinelotto365.com\/wp-content\/uploads\/2020\/11\/online_lottery-133.jpg 320w\" sizes=\"auto, (max-width: 177px) 100vw, 177px\" \/> Beaucoup de gens se demandent s&rsquo;ils peuvent ou non acheter des billets de loto Mega Sena en ligne parce que la France est leur pays de r\u00e9sidence. Ou peut-\u00eatre vivent-ils dans un autre pays, mais pas au Br\u00e9sil. Nous vous aidons \u00e0 r\u00e9soudre certaines des pr\u00e9occupations en nous assurant que tout ce que nous faisons est bas\u00e9 sur les r\u00e9glementations du pays qui organise la loterie. Cela vous permet d&rsquo;acheter plus facilement vos billets et de vous sentir \u00e0 l&rsquo;aise avec le processus. De plus, vous \u00eates assur\u00e9 de gagner l\u2019argent que vous gagnez, y compris le jackpot.<\/p>\n<h2>Comment \u00eatre pay\u00e9 si je gagne Mega-Sena en ligne?<\/h2>\n<p>Lorsqu&rsquo;il s&rsquo;agit d&rsquo;effectuer des paiements aux gagnants, nous le faisons de la meilleure fa\u00e7on, en vous en versant chaque centime. Vous n\u2019avez pas \u00e0 nous payer de commission pour tout montant que vous gagnez, qu\u2019il s\u2019agisse d\u2019un petit prix ou m\u00eame d\u2019un jackpot. Vous n&rsquo;avez pas non plus \u00e0 nous payer de frais, sauf si vous choisissez un virement bancaire.<br \/>\nAvec tous les autres modes de paiement, vous obtiendrez tout l&rsquo;argent que vous avez gagn\u00e9. Avec les virements bancaires, nous recevons parfois des frais de la banque et ces frais sont pr\u00e9lev\u00e9s sur vos gains pendant le processus de transfert.<\/p>\n<p><strong> Cependant, lorsque vous gagnez, vous devez conna\u00eetre le processus qui vous permet d&rsquo;obtenir de l&rsquo;argent: <\/strong><\/p>\n<ul>\n<li>Quiconque gagne moins de 2500 \u20ac recevra l&rsquo;argent d\u00e9pos\u00e9 directement sur son compte sans rien avoir \u00e0 faire<\/li>\n<li>Toute personne qui remporte plus de 2 500 \u20ac sera toutefois invit\u00e9e \u00e0 remplir un formulaire de r\u00e9clamation par notre \u00e9quipe d&rsquo;assistance. Cela vous permettra de r\u00e9cup\u00e9rer votre argente de deux mani\u00e8res. Vous pouvez choisir d&rsquo;obtenir un ch\u00e8que du montant total ou de faire effectuer un virement bancaire. Dans tous les cas, votre argent est transf\u00e9r\u00e9 vers n&rsquo;importe quel pays, y compris la France, en quelques jours.<\/li>\n<\/ul>\n","protected":false},"excerpt":{"rendered":"<p>Voulez-vous savoir comment obtenir les billets dont vous avez besoin pour le Mega-Sena , alors que vous vivez en France ou dans tout autre pays en dehors du Br\u00e9sil? Eh bien, vous allez vouloir lire un peu plus loin car nous pouvons vous aider tout au long du processus et nous assurer que vous \u00eates [&hellip;]<\/p>\n","protected":false},"author":1,"featured_media":0,"parent":3804,"menu_order":12,"comment_status":"closed","ping_status":"closed","template":"megasena-info.php","meta":{"_et_pb_use_builder":"","_et_pb_old_content":"","_et_gb_content_width":"","exclude_from_search":false,"footnotes":""},"class_list":["post-10411","page","type-page","status-publish","hentry"],"yoast_head":"<!-- This site is optimized with the Yoast SEO plugin v23.4 - https:\/\/yoast.com\/wordpress\/plugins\/seo\/ -->\n<title>Acheter des billets pour Mega-Sena en ligne depuis la France | \u00c0 propos de Mega-Sena et comment se procurer des billets<\/title>\n<meta name=\"description\" content=\"C&#039;est une grande loterie du Br\u00e9sil - et vous pouvez maintenant acheter des billets en ligne\" \/>\n<meta name=\"robots\" content=\"index, follow, max-snippet:-1, max-image-preview:large, max-video-preview:-1\" \/>\n<link rel=\"canonical\" href=\"https:\/\/onlinelotto365.com\/fr\/acheter-ticquets\/mega-sena\/\" \/>\n<meta property=\"og:locale\" content=\"fr_FR\" \/>\n<meta property=\"og:type\" content=\"article\" \/>\n<meta property=\"og:title\" content=\"Acheter des billets pour Mega-Sena en ligne depuis la France | \u00c0 propos de Mega-Sena et comment se procurer des billets\" \/>\n<meta property=\"og:description\" content=\"C&#039;est une grande loterie du Br\u00e9sil - et vous pouvez maintenant acheter des billets en ligne\" \/>\n<meta property=\"og:url\" content=\"https:\/\/onlinelotto365.com\/fr\/acheter-ticquets\/mega-sena\/\" \/>\n<meta property=\"og:site_name\" content=\"OnlineLotto365\" \/>\n<meta property=\"article:modified_time\" content=\"2021-01-06T10:31:11+00:00\" \/>\n<meta property=\"og:image\" content=\"https:\/\/onlinelotto365.com\/wp-content\/uploads\/2020\/11\/online_lottery-133-300x212.jpg\" \/>\n<meta name=\"twitter:card\" content=\"summary_large_image\" \/>\n<meta name=\"twitter:label1\" content=\"Dur\u00e9e de lecture estim\u00e9e\" \/>\n\t<meta name=\"twitter:data1\" content=\"4 minutes\" \/>\n<script type=\"application\/ld+json\" class=\"yoast-schema-graph\">{\"@context\":\"https:\/\/schema.org\",\"@graph\":[{\"@type\":\"WebPage\",\"@id\":\"https:\/\/onlinelotto365.com\/fr\/acheter-ticquets\/mega-sena\/\",\"url\":\"https:\/\/onlinelotto365.com\/fr\/acheter-ticquets\/mega-sena\/\",\"name\":\"Acheter des billets pour Mega-Sena en ligne depuis la France | \u00c0 propos de Mega-Sena et comment se procurer des billets\",\"isPartOf\":{\"@id\":\"https:\/\/onlinelotto365.com\/fr\/#website\"},\"primaryImageOfPage\":{\"@id\":\"https:\/\/onlinelotto365.com\/fr\/acheter-ticquets\/mega-sena\/#primaryimage\"},\"image\":{\"@id\":\"https:\/\/onlinelotto365.com\/fr\/acheter-ticquets\/mega-sena\/#primaryimage\"},\"thumbnailUrl\":\"https:\/\/onlinelotto365.com\/wp-content\/uploads\/2020\/11\/online_lottery-133-300x212.jpg\",\"datePublished\":\"2020-12-17T10:18:00+00:00\",\"dateModified\":\"2021-01-06T10:31:11+00:00\",\"description\":\"C'est une grande loterie du Br\u00e9sil - et vous pouvez maintenant acheter des billets en ligne\",\"breadcrumb\":{\"@id\":\"https:\/\/onlinelotto365.com\/fr\/acheter-ticquets\/mega-sena\/#breadcrumb\"},\"inLanguage\":\"fr-FR\",\"potentialAction\":[{\"@type\":\"ReadAction\",\"target\":[\"https:\/\/onlinelotto365.com\/fr\/acheter-ticquets\/mega-sena\/\"]}]},{\"@type\":\"ImageObject\",\"inLanguage\":\"fr-FR\",\"@id\":\"https:\/\/onlinelotto365.com\/fr\/acheter-ticquets\/mega-sena\/#primaryimage\",\"url\":\"https:\/\/onlinelotto365.com\/wp-content\/uploads\/2020\/11\/online_lottery-133-300x212.jpg\",\"contentUrl\":\"https:\/\/onlinelotto365.com\/wp-content\/uploads\/2020\/11\/online_lottery-133-300x212.jpg\"},{\"@type\":\"BreadcrumbList\",\"@id\":\"https:\/\/onlinelotto365.com\/fr\/acheter-ticquets\/mega-sena\/#breadcrumb\",\"itemListElement\":[{\"@type\":\"ListItem\",\"position\":1,\"name\":\"Home\",\"item\":\"https:\/\/onlinelotto365.com\/fr\/\"},{\"@type\":\"ListItem\",\"position\":2,\"name\":\"Pourquoi il est plus logique d&rsquo;acheter des billets de loterie en ligne\",\"item\":\"https:\/\/onlinelotto365.com\/fr\/acheter-ticquets\/\"},{\"@type\":\"ListItem\",\"position\":3,\"name\":\"Comment acheter des billets pour Mega-Sena Brazil en ligne\"}]},{\"@type\":\"WebSite\",\"@id\":\"https:\/\/onlinelotto365.com\/fr\/#website\",\"url\":\"https:\/\/onlinelotto365.com\/fr\/\",\"name\":\"OnlineLotto365\",\"description\":\"\",\"potentialAction\":[{\"@type\":\"SearchAction\",\"target\":{\"@type\":\"EntryPoint\",\"urlTemplate\":\"https:\/\/onlinelotto365.com\/fr\/?s={search_term_string}\"},\"query-input\":{\"@type\":\"PropertyValueSpecification\",\"valueRequired\":true,\"valueName\":\"search_term_string\"}}],\"inLanguage\":\"fr-FR\"}]}<\/script>\n<!-- \/ Yoast SEO plugin. -->","yoast_head_json":{"title":"Acheter des billets pour Mega-Sena en ligne depuis la France | \u00c0 propos de Mega-Sena et comment se procurer des billets","description":"C'est une grande loterie du Br\u00e9sil - et vous pouvez maintenant acheter des billets en ligne","robots":{"index":"index","follow":"follow","max-snippet":"max-snippet:-1","max-image-preview":"max-image-preview:large","max-video-preview":"max-video-preview:-1"},"canonical":"https:\/\/onlinelotto365.com\/fr\/acheter-ticquets\/mega-sena\/","og_locale":"fr_FR","og_type":"article","og_title":"Acheter des billets pour Mega-Sena en ligne depuis la France | \u00c0 propos de Mega-Sena et comment se procurer des billets","og_description":"C'est une grande loterie du Br\u00e9sil - et vous pouvez maintenant acheter des billets en ligne","og_url":"https:\/\/onlinelotto365.com\/fr\/acheter-ticquets\/mega-sena\/","og_site_name":"OnlineLotto365","article_modified_time":"2021-01-06T10:31:11+00:00","og_image":[{"url":"https:\/\/onlinelotto365.com\/wp-content\/uploads\/2020\/11\/online_lottery-133-300x212.jpg"}],"twitter_card":"summary_large_image","twitter_misc":{"Dur\u00e9e de lecture estim\u00e9e":"4 minutes"},"schema":{"@context":"https:\/\/schema.org","@graph":[{"@type":"WebPage","@id":"https:\/\/onlinelotto365.com\/fr\/acheter-ticquets\/mega-sena\/","url":"https:\/\/onlinelotto365.com\/fr\/acheter-ticquets\/mega-sena\/","name":"Acheter des billets pour Mega-Sena en ligne depuis la France | \u00c0 propos de Mega-Sena et comment se procurer des billets","isPartOf":{"@id":"https:\/\/onlinelotto365.com\/fr\/#website"},"primaryImageOfPage":{"@id":"https:\/\/onlinelotto365.com\/fr\/acheter-ticquets\/mega-sena\/#primaryimage"},"image":{"@id":"https:\/\/onlinelotto365.com\/fr\/acheter-ticquets\/mega-sena\/#primaryimage"},"thumbnailUrl":"https:\/\/onlinelotto365.com\/wp-content\/uploads\/2020\/11\/online_lottery-133-300x212.jpg","datePublished":"2020-12-17T10:18:00+00:00","dateModified":"2021-01-06T10:31:11+00:00","description":"C'est une grande loterie du Br\u00e9sil - et vous pouvez maintenant acheter des billets en ligne","breadcrumb":{"@id":"https:\/\/onlinelotto365.com\/fr\/acheter-ticquets\/mega-sena\/#breadcrumb"},"inLanguage":"fr-FR","potentialAction":[{"@type":"ReadAction","target":["https:\/\/onlinelotto365.com\/fr\/acheter-ticquets\/mega-sena\/"]}]},{"@type":"ImageObject","inLanguage":"fr-FR","@id":"https:\/\/onlinelotto365.com\/fr\/acheter-ticquets\/mega-sena\/#primaryimage","url":"https:\/\/onlinelotto365.com\/wp-content\/uploads\/2020\/11\/online_lottery-133-300x212.jpg","contentUrl":"https:\/\/onlinelotto365.com\/wp-content\/uploads\/2020\/11\/online_lottery-133-300x212.jpg"},{"@type":"BreadcrumbList","@id":"https:\/\/onlinelotto365.com\/fr\/acheter-ticquets\/mega-sena\/#breadcrumb","itemListElement":[{"@type":"ListItem","position":1,"name":"Home","item":"https:\/\/onlinelotto365.com\/fr\/"},{"@type":"ListItem","position":2,"name":"Pourquoi il est plus logique d&rsquo;acheter des billets de loterie en ligne","item":"https:\/\/onlinelotto365.com\/fr\/acheter-ticquets\/"},{"@type":"ListItem","position":3,"name":"Comment acheter des billets pour Mega-Sena Brazil en ligne"}]},{"@type":"WebSite","@id":"https:\/\/onlinelotto365.com\/fr\/#website","url":"https:\/\/onlinelotto365.com\/fr\/","name":"OnlineLotto365","description":"","potentialAction":[{"@type":"SearchAction","target":{"@type":"EntryPoint","urlTemplate":"https:\/\/onlinelotto365.com\/fr\/?s={search_term_string}"},"query-input":{"@type":"PropertyValueSpecification","valueRequired":true,"valueName":"search_term_string"}}],"inLanguage":"fr-FR"}]}},"_links":{"self":[{"href":"https:\/\/onlinelotto365.com\/fr\/wp-json\/wp\/v2\/pages\/10411","targetHints":{"allow":["GET"]}}],"collection":[{"href":"https:\/\/onlinelotto365.com\/fr\/wp-json\/wp\/v2\/pages"}],"about":[{"href":"https:\/\/onlinelotto365.com\/fr\/wp-json\/wp\/v2\/types\/page"}],"author":[{"embeddable":true,"href":"https:\/\/onlinelotto365.com\/fr\/wp-json\/wp\/v2\/users\/1"}],"replies":[{"embeddable":true,"href":"https:\/\/onlinelotto365.com\/fr\/wp-json\/wp\/v2\/comments?post=10411"}],"version-history":[{"count":0,"href":"https:\/\/onlinelotto365.com\/fr\/wp-json\/wp\/v2\/pages\/10411\/revisions"}],"up":[{"embeddable":true,"href":"https:\/\/onlinelotto365.com\/fr\/wp-json\/wp\/v2\/pages\/3804"}],"wp:attachment":[{"href":"https:\/\/onlinelotto365.com\/fr\/wp-json\/wp\/v2\/media?parent=10411"}],"curies":[{"name":"wp","href":"https:\/\/api.w.org\/{rel}","templated":true}]}}