{"id":10413,"date":"2020-12-17T11:19:01","date_gmt":"2020-12-17T10:19:01","guid":{"rendered":"http:\/\/onlinelotto365.net\/?page_id=10413"},"modified":"2021-01-06T11:31:37","modified_gmt":"2021-01-06T10:31:37","slug":"powerball-australia","status":"publish","type":"page","link":"https:\/\/onlinelotto365.com\/fr\/acheter-ticquets\/powerball-australia\/","title":{"rendered":"Comment acheter des billets pour Powerball Australia en ligne"},"content":{"rendered":"<p><strong> Vous voulez savoir comment acheter vos billets Powerball Australia en ligne <\/strong>? Eh bien, nous l&rsquo;avons d\u00e9compos\u00e9 en quelques \u00e9tapes simples pour <strong> nos clients de France et d&rsquo;autres pays <\/strong>, afin que vous puissiez commencer le processus d\u00e8s maintenant. Et vous pouvez le faire beaucoup plus rapidement et plus facilement que vous ne le pensez.<\/p>\n<ul>\n<li>Acc\u00e9dez \u00e0 la page Powerball Australia et choisissez les billets que vous voulez et les num\u00e9ros de ces billets, ou laissez l&rsquo;ordinateur s\u00e9lectionner pour vous.<\/li>\n<li>Ajoutez comme <a href=\"https:\/\/onlinelotto365.com\/fr\/acheter-ticquets\"> de nombreux billets et jeux <\/a> \u00e0 votre commande comme vous le souhaitez avant de terminer.<\/li>\n<li>Cliquez sur le bouton pour payer maintenant<\/li>\n<li>Cr\u00e9ez un compte sur notre site Web ou connectez-vous \u00e0 votre compte actuel si vous en avez d\u00e9j\u00e0 un.<\/li>\n<li>Pour ceux qui doivent cr\u00e9er un compte, vous devrez l&rsquo;enregistrer avec votre adresse e-mail.<\/li>\n<li>V\u00e9rifiez votre dossier spam ainsi que votre bo\u00eete de r\u00e9ception habituelle pour l&rsquo;e-mail de v\u00e9rification<\/li>\n<li>Acc\u00e9dez \u00e0 votre panier pour finaliser votre achat<\/li>\n<li><strong> Choisissez le mode de paiement que vous souhaitez <\/strong> utiliser et suivez le processus de paiement<\/li>\n<\/ul>\n<p><a href=\"https:\/\/redfoxlotto.com\/fr\/jouer\/powerball-au\/?ref=a8564250a2&amp;medium=ol365\" target=\"_blank\" rel=\"noopener noreferrer\"> <img decoding=\"async\" class=\"aligncenter\" src=\" https:\/\/redfoxlotto.com\/image?size=8&amp;lottery=powerball-au \" alt=\" Powerball Australia \" \/> <\/a><\/p>\n<h2>Comment payer votre billet Powerball Australia en ligne<\/h2>\n<p>Vous pouvez choisir parmi <strong> un certain nombre d&rsquo;options de paiement diff\u00e9rentes <\/strong> qui sont toutes aussi s\u00fbres que ce \u00e0 quoi vous vous attendez lorsque vous <strong> achetez quelque chose en ligne depuis la France <\/strong>.<br \/>\nAchetez vos billets par:<\/p>\n<ul>\n<li>Payer la commande directement avec votre option de paiement pr\u00e9f\u00e9r\u00e9e<\/li>\n<li>Mettre de l&rsquo;argent sur votre compte joueur et l&rsquo;utiliser pour acheter vos billets<\/li>\n<\/ul>\n<p>N&rsquo;oubliez pas que vous devrez d\u00e9poser plus qu&rsquo;assez d&rsquo;argent sur votre compte joueur pour acheter les billets que vous souhaitez si vous choisissez cette option.<\/p>\n<h2>En savoir plus sur Powerball France<\/h2>\n<ul>\n<li>Pays: Australie<\/li>\n<li>Plage de num\u00e9ros principaux: 35<\/li>\n<li>Vous choisissez: 7<\/li>\n<li>Plage de num\u00e9ros suppl\u00e9mentaires: 20<\/li>\n<li>Vous choisissez: 1<\/li>\n<li>Jours et horaires des tirages: jeudi, 21h30 GMT + 11, 10h30 CET<\/li>\n<li>Jackpot minimum: 3 millions de dollars australiens<\/li>\n<li>Jackpot maximum: 150 millions de dollars australiens<\/li>\n<li>Probabilit\u00e9 de gagner le jackpot: 1 sur 134490400<\/li>\n<li>Probabilit\u00e9 d&rsquo;une victoire de niveau 2: 1 sur 7078443<\/li>\n<li>Probabilit\u00e9 de gagner dans n&rsquo;importe quel palier: 1 sur 24,87<\/li>\n<li>Nombre de niveaux de prix: 7<\/li>\n<\/ul>\n<h2>Avantages d&rsquo;acheter des billets Powerball Australia en ligne<\/h2>\n<ul>\n<li>Obtenez les billets que vous souhaitez sans avoir \u00e0 quitter votre domicile<\/li>\n<li>Achetez des billets pour de nombreux types de loteries<\/li>\n<li>Obtenez une <a href=\"https:\/\/onlinelotto365.com\/fr\/news\/quelles-sont-les-meilleures-chances-de-gagner-a-la-loterie\"> <strong> plus de chances de gagner un gros jackpot <\/strong> <\/a> en choisissant les meilleures options<\/li>\n<li>Mettez de l&rsquo;argent sur votre compte et utilisez-le pour acheter vos billets<\/li>\n<li>Ne craignez pas de perdre vos billets<\/li>\n<li>Notifications si votre billet est gagnant<\/li>\n<li>Choisissez des tickets al\u00e9atoires avec le g\u00e9n\u00e9rateur de nombres<\/li>\n<\/ul>\n<h2>Est-il l\u00e9gal d&rsquo;acheter des billets Powerball Australia en ligne en France?<\/h2>\n<p>Il n&rsquo;y a pas besoin de s&rsquo;inqui\u00e9ter de l&rsquo;achat de billets en ligne ou de la mani\u00e8re traditionnelle en ce qui concerne les r\u00e9glementations de votre pays de r\u00e9sidence. Nous prenons soin de suivre les r\u00e9glementations du pays dans lequel se d\u00e9roule la loterie afin que vous puissiez obtenir vos gains. M\u00eame si vous <a href=\"https:\/\/onlinelotto365.com\/fr\/news\/conseils-pour-gagner-a-la-loterie\"> gagnez le jackpot <\/a>, vous n&rsquo;aurez aucun probl\u00e8me \u00e0 obtenir de l&rsquo;argent.<br \/>\nToute personne utilisant notre service doit \u00eatre \u00e2g\u00e9e d&rsquo;au moins 18 ans.<\/p>\n<h2>Comment \u00eatre pay\u00e9 si je gagne Powerball Australia en ligne?<\/h2>\n<p><img loading=\"lazy\" decoding=\"async\" class=\"alignright wp-image-3631\" src=\"https:\/\/onlinelotto365.com\/wp-content\/uploads\/2020\/11\/online_lottery-40-300x200.jpg\" alt=\"Powerball Australia online\" width=\"252\" height=\"168\" srcset=\"https:\/\/onlinelotto365.com\/wp-content\/uploads\/2020\/11\/online_lottery-40-300x200.jpg 300w, https:\/\/onlinelotto365.com\/wp-content\/uploads\/2020\/11\/online_lottery-40.jpg 424w\" sizes=\"auto, (max-width: 252px) 100vw, 252px\" \/> Nous savons que vous souhaitez <strong> obtenir vos gains le plus rapidement possible <\/strong> et que vous ne voulez certainement pas payer d\u2019argent \u00e0 quiconque avec ces gains. C\u2019est pourquoi nous ne pr\u00e9levons jamais de commission sur vos gains. Si vous gagnez, vous obtenez de l&rsquo;argent. Le seul moment o\u00f9 nous prenons des frais, c&rsquo;est si vous choisissez de faire transf\u00e9rer l&rsquo;argent par virement bancaire \u00e0 votre banque, ce qui nous facturerait des frais qui vous sont r\u00e9percut\u00e9s.<br \/>\nSi vous gagnez de l&rsquo;argent, il vous suffit de garder cela \u00e0 l&rsquo;esprit:<\/p>\n<ul>\n<li>Les montants inf\u00e9rieurs \u00e0 2500 \u20ac sont automatiquement vers\u00e9s sur votre compte joueur sans que vous ayez \u00e0 faire quoi que ce soit<\/li>\n<li>Les montants sup\u00e9rieurs \u00e0 2500 \u20ac sont pay\u00e9s par ch\u00e8que ou par virement bancaire et vous obligent \u00e0 remplir un formulaire qui sera envoy\u00e9 par l&rsquo;\u00e9quipe d&rsquo;assistance. De cette fa\u00e7on, vous pouvez r\u00e9cup\u00e9rer l&rsquo;argent via la commission de loterie.<\/li>\n<\/ul>\n","protected":false},"excerpt":{"rendered":"<p>Vous voulez savoir comment acheter vos billets Powerball Australia en ligne ? Eh bien, nous l&rsquo;avons d\u00e9compos\u00e9 en quelques \u00e9tapes simples pour nos clients de France et d&rsquo;autres pays , afin que vous puissiez commencer le processus d\u00e8s maintenant. Et vous pouvez le faire beaucoup plus rapidement et plus facilement que vous ne le pensez. [&hellip;]<\/p>\n","protected":false},"author":1,"featured_media":0,"parent":3804,"menu_order":13,"comment_status":"closed","ping_status":"closed","template":"powerball-au-info.php","meta":{"_et_pb_use_builder":"","_et_pb_old_content":"","_et_gb_content_width":"","exclude_from_search":false,"footnotes":""},"class_list":["post-10413","page","type-page","status-publish","hentry"],"yoast_head":"<!-- This site is optimized with the Yoast SEO plugin v23.4 - https:\/\/yoast.com\/wordpress\/plugins\/seo\/ -->\n<title>Acheter des billets pour Powerball Australia depuis la France via le service en ligne<\/title>\n<meta name=\"description\" content=\"Acheter des billets pour Powerball Australia en ligne - nous le rendons possible pour les joueurs en France\" \/>\n<meta name=\"robots\" content=\"index, follow, max-snippet:-1, max-image-preview:large, max-video-preview:-1\" \/>\n<link rel=\"canonical\" href=\"https:\/\/onlinelotto365.com\/fr\/acheter-ticquets\/powerball-australia\/\" \/>\n<meta property=\"og:locale\" content=\"fr_FR\" \/>\n<meta property=\"og:type\" content=\"article\" \/>\n<meta property=\"og:title\" content=\"Acheter des billets pour Powerball Australia depuis la France via le service en ligne\" \/>\n<meta property=\"og:description\" content=\"Acheter des billets pour Powerball Australia en ligne - nous le rendons possible pour les joueurs en France\" \/>\n<meta property=\"og:url\" content=\"https:\/\/onlinelotto365.com\/fr\/acheter-ticquets\/powerball-australia\/\" \/>\n<meta property=\"og:site_name\" content=\"OnlineLotto365\" \/>\n<meta property=\"article:modified_time\" content=\"2021-01-06T10:31:37+00:00\" \/>\n<meta property=\"og:image\" content=\"https:\/\/onlinelotto365.com\/wp-content\/uploads\/2020\/11\/online_lottery-40-300x200.jpg\" \/>\n<meta name=\"twitter:card\" content=\"summary_large_image\" \/>\n<meta name=\"twitter:label1\" content=\"Dur\u00e9e de lecture estim\u00e9e\" \/>\n\t<meta name=\"twitter:data1\" content=\"3 minutes\" \/>\n<script type=\"application\/ld+json\" class=\"yoast-schema-graph\">{\"@context\":\"https:\/\/schema.org\",\"@graph\":[{\"@type\":\"WebPage\",\"@id\":\"https:\/\/onlinelotto365.com\/fr\/acheter-ticquets\/powerball-australia\/\",\"url\":\"https:\/\/onlinelotto365.com\/fr\/acheter-ticquets\/powerball-australia\/\",\"name\":\"Acheter des billets pour Powerball Australia depuis la France via le service en ligne\",\"isPartOf\":{\"@id\":\"https:\/\/onlinelotto365.com\/fr\/#website\"},\"primaryImageOfPage\":{\"@id\":\"https:\/\/onlinelotto365.com\/fr\/acheter-ticquets\/powerball-australia\/#primaryimage\"},\"image\":{\"@id\":\"https:\/\/onlinelotto365.com\/fr\/acheter-ticquets\/powerball-australia\/#primaryimage\"},\"thumbnailUrl\":\"https:\/\/onlinelotto365.com\/wp-content\/uploads\/2020\/11\/online_lottery-40-300x200.jpg\",\"datePublished\":\"2020-12-17T10:19:01+00:00\",\"dateModified\":\"2021-01-06T10:31:37+00:00\",\"description\":\"Acheter des billets pour Powerball Australia en ligne - nous le rendons possible pour les joueurs en France\",\"breadcrumb\":{\"@id\":\"https:\/\/onlinelotto365.com\/fr\/acheter-ticquets\/powerball-australia\/#breadcrumb\"},\"inLanguage\":\"fr-FR\",\"potentialAction\":[{\"@type\":\"ReadAction\",\"target\":[\"https:\/\/onlinelotto365.com\/fr\/acheter-ticquets\/powerball-australia\/\"]}]},{\"@type\":\"ImageObject\",\"inLanguage\":\"fr-FR\",\"@id\":\"https:\/\/onlinelotto365.com\/fr\/acheter-ticquets\/powerball-australia\/#primaryimage\",\"url\":\"https:\/\/onlinelotto365.com\/wp-content\/uploads\/2020\/11\/online_lottery-40-300x200.jpg\",\"contentUrl\":\"https:\/\/onlinelotto365.com\/wp-content\/uploads\/2020\/11\/online_lottery-40-300x200.jpg\"},{\"@type\":\"BreadcrumbList\",\"@id\":\"https:\/\/onlinelotto365.com\/fr\/acheter-ticquets\/powerball-australia\/#breadcrumb\",\"itemListElement\":[{\"@type\":\"ListItem\",\"position\":1,\"name\":\"Home\",\"item\":\"https:\/\/onlinelotto365.com\/fr\/\"},{\"@type\":\"ListItem\",\"position\":2,\"name\":\"Pourquoi il est plus logique d&rsquo;acheter des billets de loterie en ligne\",\"item\":\"https:\/\/onlinelotto365.com\/fr\/acheter-ticquets\/\"},{\"@type\":\"ListItem\",\"position\":3,\"name\":\"Comment acheter des billets pour Powerball Australia en ligne\"}]},{\"@type\":\"WebSite\",\"@id\":\"https:\/\/onlinelotto365.com\/fr\/#website\",\"url\":\"https:\/\/onlinelotto365.com\/fr\/\",\"name\":\"OnlineLotto365\",\"description\":\"\",\"potentialAction\":[{\"@type\":\"SearchAction\",\"target\":{\"@type\":\"EntryPoint\",\"urlTemplate\":\"https:\/\/onlinelotto365.com\/fr\/?s={search_term_string}\"},\"query-input\":{\"@type\":\"PropertyValueSpecification\",\"valueRequired\":true,\"valueName\":\"search_term_string\"}}],\"inLanguage\":\"fr-FR\"}]}<\/script>\n<!-- \/ Yoast SEO plugin. -->","yoast_head_json":{"title":"Acheter des billets pour Powerball Australia depuis la France via le service en ligne","description":"Acheter des billets pour Powerball Australia en ligne - nous le rendons possible pour les joueurs en France","robots":{"index":"index","follow":"follow","max-snippet":"max-snippet:-1","max-image-preview":"max-image-preview:large","max-video-preview":"max-video-preview:-1"},"canonical":"https:\/\/onlinelotto365.com\/fr\/acheter-ticquets\/powerball-australia\/","og_locale":"fr_FR","og_type":"article","og_title":"Acheter des billets pour Powerball Australia depuis la France via le service en ligne","og_description":"Acheter des billets pour Powerball Australia en ligne - nous le rendons possible pour les joueurs en France","og_url":"https:\/\/onlinelotto365.com\/fr\/acheter-ticquets\/powerball-australia\/","og_site_name":"OnlineLotto365","article_modified_time":"2021-01-06T10:31:37+00:00","og_image":[{"url":"https:\/\/onlinelotto365.com\/wp-content\/uploads\/2020\/11\/online_lottery-40-300x200.jpg"}],"twitter_card":"summary_large_image","twitter_misc":{"Dur\u00e9e de lecture estim\u00e9e":"3 minutes"},"schema":{"@context":"https:\/\/schema.org","@graph":[{"@type":"WebPage","@id":"https:\/\/onlinelotto365.com\/fr\/acheter-ticquets\/powerball-australia\/","url":"https:\/\/onlinelotto365.com\/fr\/acheter-ticquets\/powerball-australia\/","name":"Acheter des billets pour Powerball Australia depuis la France via le service en ligne","isPartOf":{"@id":"https:\/\/onlinelotto365.com\/fr\/#website"},"primaryImageOfPage":{"@id":"https:\/\/onlinelotto365.com\/fr\/acheter-ticquets\/powerball-australia\/#primaryimage"},"image":{"@id":"https:\/\/onlinelotto365.com\/fr\/acheter-ticquets\/powerball-australia\/#primaryimage"},"thumbnailUrl":"https:\/\/onlinelotto365.com\/wp-content\/uploads\/2020\/11\/online_lottery-40-300x200.jpg","datePublished":"2020-12-17T10:19:01+00:00","dateModified":"2021-01-06T10:31:37+00:00","description":"Acheter des billets pour Powerball Australia en ligne - nous le rendons possible pour les joueurs en France","breadcrumb":{"@id":"https:\/\/onlinelotto365.com\/fr\/acheter-ticquets\/powerball-australia\/#breadcrumb"},"inLanguage":"fr-FR","potentialAction":[{"@type":"ReadAction","target":["https:\/\/onlinelotto365.com\/fr\/acheter-ticquets\/powerball-australia\/"]}]},{"@type":"ImageObject","inLanguage":"fr-FR","@id":"https:\/\/onlinelotto365.com\/fr\/acheter-ticquets\/powerball-australia\/#primaryimage","url":"https:\/\/onlinelotto365.com\/wp-content\/uploads\/2020\/11\/online_lottery-40-300x200.jpg","contentUrl":"https:\/\/onlinelotto365.com\/wp-content\/uploads\/2020\/11\/online_lottery-40-300x200.jpg"},{"@type":"BreadcrumbList","@id":"https:\/\/onlinelotto365.com\/fr\/acheter-ticquets\/powerball-australia\/#breadcrumb","itemListElement":[{"@type":"ListItem","position":1,"name":"Home","item":"https:\/\/onlinelotto365.com\/fr\/"},{"@type":"ListItem","position":2,"name":"Pourquoi il est plus logique d&rsquo;acheter des billets de loterie en ligne","item":"https:\/\/onlinelotto365.com\/fr\/acheter-ticquets\/"},{"@type":"ListItem","position":3,"name":"Comment acheter des billets pour Powerball Australia en ligne"}]},{"@type":"WebSite","@id":"https:\/\/onlinelotto365.com\/fr\/#website","url":"https:\/\/onlinelotto365.com\/fr\/","name":"OnlineLotto365","description":"","potentialAction":[{"@type":"SearchAction","target":{"@type":"EntryPoint","urlTemplate":"https:\/\/onlinelotto365.com\/fr\/?s={search_term_string}"},"query-input":{"@type":"PropertyValueSpecification","valueRequired":true,"valueName":"search_term_string"}}],"inLanguage":"fr-FR"}]}},"_links":{"self":[{"href":"https:\/\/onlinelotto365.com\/fr\/wp-json\/wp\/v2\/pages\/10413","targetHints":{"allow":["GET"]}}],"collection":[{"href":"https:\/\/onlinelotto365.com\/fr\/wp-json\/wp\/v2\/pages"}],"about":[{"href":"https:\/\/onlinelotto365.com\/fr\/wp-json\/wp\/v2\/types\/page"}],"author":[{"embeddable":true,"href":"https:\/\/onlinelotto365.com\/fr\/wp-json\/wp\/v2\/users\/1"}],"replies":[{"embeddable":true,"href":"https:\/\/onlinelotto365.com\/fr\/wp-json\/wp\/v2\/comments?post=10413"}],"version-history":[{"count":0,"href":"https:\/\/onlinelotto365.com\/fr\/wp-json\/wp\/v2\/pages\/10413\/revisions"}],"up":[{"embeddable":true,"href":"https:\/\/onlinelotto365.com\/fr\/wp-json\/wp\/v2\/pages\/3804"}],"wp:attachment":[{"href":"https:\/\/onlinelotto365.com\/fr\/wp-json\/wp\/v2\/media?parent=10413"}],"curies":[{"name":"wp","href":"https:\/\/api.w.org\/{rel}","templated":true}]}}