{"id":10415,"date":"2020-12-17T11:20:02","date_gmt":"2020-12-17T10:20:02","guid":{"rendered":"http:\/\/onlinelotto365.net\/?page_id=10415"},"modified":"2021-01-06T11:32:07","modified_gmt":"2021-01-06T10:32:07","slug":"oz-lotto","status":"publish","type":"page","link":"https:\/\/onlinelotto365.com\/fr\/acheter-ticquets\/oz-lotto\/","title":{"rendered":"Comment acheter des billets de loto Oz en ligne"},"content":{"rendered":"<p>Vous avez de la chance, car nous avons d\u00e9fini ce que vous devez faire pour <strong> obtenir vos billets Oz Lotto ici <\/strong>, et <strong> depuis la France \u00e9galement. <\/strong> Vous pouvez acheter en ligne facilement si vous suivez simplement ces \u00e9tapes simples que nous avons d\u00e9crites pour vous.<\/p>\n<ul>\n<li>Acc\u00e9dez \u00e0 la page de la loterie \u00e0 laquelle vous souhaitez jouer et choisissez les num\u00e9ros que vous souhaitez. Ou laissez l&rsquo;ordinateur choisir quelques chiffres pour vous.<\/li>\n<li>Ajoutez des billets pour m\u00eame <a href=\"http:\/\/onlinelotto365.com\/fr\"> plus de loteries <\/a> et pour ce jeu \u00e9galement<\/li>\n<li>Payez vos billets d\u00e8s maintenant<\/li>\n<li>Cr\u00e9ez un tout nouveau compte ou connectez-vous \u00e0 votre compte actuel pour suivre le processus de paiement<\/li>\n<li>Pour les comptes qui doivent s&rsquo;inscrire, assurez-vous de v\u00e9rifier votre messagerie pour le lien de v\u00e9rification pour commencer<\/li>\n<li>Regardez dans votre dossier spam si vous n&rsquo;avez pas re\u00e7u l&rsquo;e-mail dans votre bo\u00eete de r\u00e9ception habituelle et cliquez sur le lien pour v\u00e9rifier<\/li>\n<li>Acc\u00e9dez \u00e0 votre panier pour acheter vos billets<\/li>\n<li>Suivez le processus de paiement pour obtenir vos billets<\/li>\n<\/ul>\n<p><a href=\"https:\/\/redfoxlotto.com\/fr\/jouer\/oz-lotto\/?ref=a8564250a2&amp;medium=ol365\" target=\"_blank\" rel=\"noopener noreferrer\"> <img decoding=\"async\" class=\"aligncenter\" src=\" https:\/\/redfoxlotto.com\/image?size=8&amp;lottery=oz-lotto \" alt=\" Oz Lotto \" \/> <\/a><\/p>\n<h2>Comment payer votre billet Oz Lotto en ligne<\/h2>\n<p>Vous pouvez choisir parmi plusieurs options totalement s\u00e9curis\u00e9es pour payer vos billets Oz Lotto.<br \/>\nChacun de ces \u00e9l\u00e9ments s&rsquo;inscrit dans deux cat\u00e9gories diff\u00e9rentes:<\/p>\n<ul>\n<li>Payer la commande avec le mode de paiement choisi<\/li>\n<li>mettez de l&rsquo;argent sur votre compte joueur actuel et utilisez cet argent pour effectuer un achat<\/li>\n<\/ul>\n<p>Assurez-vous de mettre plus d&rsquo;argent que n\u00e9cessaire pour effectuer l&rsquo;achat si vous comptez utiliser votre compte joueur.<\/p>\n<h2>Plus d&rsquo;informations sur Oz Lotto<\/h2>\n<ul>\n<li>Pays: Australie <img decoding=\"async\" class=\"alignright wp-image-3659\" src=\"https:\/\/onlinelotto365.com\/wp-content\/uploads\/2020\/11\/online_lottery-4-300x300.jpg\" alt=\" Loto Oz de France \" width=\" 246 \" height=\" 246 \" srcset=\"https:\/\/onlinelotto365.com\/wp-content\/uploads\/2020\/11\/online_lottery-4-300x300.jpg 300w, https:\/\/onlinelotto365.com\/wp-content\/uploads\/2020\/11\/online_lottery-4-100x100.jpg 100w, https:\/\/onlinelotto365.com\/wp-content\/uploads\/2020\/11\/online_lottery-4-150x150.jpg 150w, https:\/\/onlinelotto365.com\/wp-content\/uploads\/2020\/11\/online_lottery-4.jpg 320w\" sizes=\"(max-width: 300px) 100vw, 300px\" \/><\/li>\n<li>Plage de num\u00e9ros principaux: 45<\/li>\n<li>Vous choisissez: 7<\/li>\n<li>Jours et heures des tirages: mardi, 21h30 GMT + 11, 10h30 CET<\/li>\n<li>Jackpot minimum: 2 millions de dollars australiens<\/li>\n<li>Jackpot maximum: aucun<\/li>\n<li>Probabilit\u00e9 de gagner le jackpot: 1 sur 45379620<\/li>\n<li>Probabilit\u00e9 d&rsquo;une victoire de niveau 2: 1 sur 3241401<\/li>\n<li>Probabilit\u00e9 de gagner dans n&rsquo;importe quel palier: 1 sur 54,59<\/li>\n<li>Nombre de niveaux de prix: 7<\/li>\n<\/ul>\n<h2>Avantages d&rsquo;acheter des billets Oz Lotto en ligne<\/h2>\n<ul>\n<li>Vous n&rsquo;avez pas besoin de quitter votre domicile pour <a href=\"https:\/\/onlinelotto365.com\/fr\/acheter-ticquets\"> choisir vos billets <\/a><\/li>\n<li>Vous avez le choix entre de nombreuses options diff\u00e9rentes<\/li>\n<li>Regardez les montants du jackpot pour d\u00e9cider quelle loterie vous souhaitez acheter<\/li>\n<li>Ajoutez de l&rsquo;argent directement sur votre compte joueur et utilisez-le pour acheter vos billets<\/li>\n<li>Ne craignez jamais de perdre vos billets<\/li>\n<li>Recevez des notifications si vous gagnez quelque chose<\/li>\n<li>Utilisez une option de s\u00e9lection rapide pour obtenir des billets sans choisir vos propres num\u00e9ros<\/li>\n<\/ul>\n<h2>Est-il l\u00e9gal d&rsquo;acheter des billets Oz Lotto en ligne?<\/h2>\n<p>Vous ne savez peut-\u00eatre pas <strong> si votre pays de r\u00e9sidence autorise l&rsquo;achat de billets de loterie en ligne <\/strong> ou m\u00eame de mani\u00e8re traditionnelle. Eh bien, vous n&rsquo;avez pas \u00e0 vous inqui\u00e9ter, que ce soit en France ou ailleurs, car nous nous occupons de la r\u00e9glementation du pays dans lequel le jeu est jou\u00e9. Vous n&rsquo;avez pas \u00e0 vous soucier de savoir si son utilisation est l\u00e9gale le service que nous fournissons tant que vous avez au moins 18 ans. Nous veillerons \u00e0 ce que vous soyez pay\u00e9 quoi qu&rsquo;il arrive.<\/p>\n<h2>Comment \u00eatre pay\u00e9 si je gagne un Oz Lotto en ligne?<\/h2>\n<p>Les paiements sont une partie importante du processus lorsqu&rsquo;il s&rsquo;agit de jouer \u00e0 la loterie. Nous voulons nous assurer que vous recevez tout votre argent et c&rsquo;est pourquoi nous nous assurons que vous ne recevez pas de commission lorsque vous gagnez quoi que ce soit.<\/p>\n<p>Aucuns frais ne vous seront factur\u00e9s, sauf si vous choisissez d&rsquo;effectuer un virement bancaire pour transf\u00e9rer votre argent sur votre compte. Dans ce cas, vous devrez \u00e9ventuellement payer des frais d&rsquo;un montant \u00e9gal aux frais bancaires pour le transfert.<\/p>\n<p>Sinon, gardez ceci \u00e0 l&rsquo;esprit:<\/p>\n<ul>\n<li>Si vous gagnez moins de 2500 \u20ac, l&rsquo;argent est automatiquement d\u00e9pos\u00e9 sur votre compte. Vous n&rsquo;aurez plus \u00e0 vous soucier de rien<\/li>\n<li>Si vous gagnez plus de 2500 \u20ac, l&rsquo;argent devra passer par les canaux appropri\u00e9s. Cela signifie que vous recevrez un e-mail de notre part vous demandant de remplir un formulaire de r\u00e9clamation avec la commission de loterie. Ensuite, l&rsquo;argent sera vir\u00e9 sur votre compte bancaire ou vous sera envoy\u00e9 par ch\u00e8que directement.<\/li>\n<\/ul>\n","protected":false},"excerpt":{"rendered":"<p>Vous avez de la chance, car nous avons d\u00e9fini ce que vous devez faire pour obtenir vos billets Oz Lotto ici , et depuis la France \u00e9galement. Vous pouvez acheter en ligne facilement si vous suivez simplement ces \u00e9tapes simples que nous avons d\u00e9crites pour vous. Acc\u00e9dez \u00e0 la page de la loterie \u00e0 laquelle [&hellip;]<\/p>\n","protected":false},"author":1,"featured_media":0,"parent":3804,"menu_order":14,"comment_status":"closed","ping_status":"closed","template":"template-rightsidebar.php","meta":{"_et_pb_use_builder":"","_et_pb_old_content":"","_et_gb_content_width":"","exclude_from_search":false,"footnotes":""},"class_list":["post-10415","page","type-page","status-publish","hentry"],"yoast_head":"<!-- This site is optimized with the Yoast SEO plugin v23.4 - https:\/\/yoast.com\/wordpress\/plugins\/seo\/ -->\n<title>Obtenir des billets pour le Lotto Oz en ligne depuis la France<\/title>\n<meta name=\"description\" content=\"Achetez vos billets pour le Lotto australien Oz en France\" \/>\n<meta name=\"robots\" content=\"index, follow, max-snippet:-1, max-image-preview:large, max-video-preview:-1\" \/>\n<link rel=\"canonical\" href=\"https:\/\/onlinelotto365.com\/fr\/acheter-ticquets\/oz-lotto\/\" \/>\n<meta property=\"og:locale\" content=\"fr_FR\" \/>\n<meta property=\"og:type\" content=\"article\" \/>\n<meta property=\"og:title\" content=\"Obtenir des billets pour le Lotto Oz en ligne depuis la France\" \/>\n<meta property=\"og:description\" content=\"Achetez vos billets pour le Lotto australien Oz en France\" \/>\n<meta property=\"og:url\" content=\"https:\/\/onlinelotto365.com\/fr\/acheter-ticquets\/oz-lotto\/\" \/>\n<meta property=\"og:site_name\" content=\"OnlineLotto365\" \/>\n<meta property=\"article:modified_time\" content=\"2021-01-06T10:32:07+00:00\" \/>\n<meta property=\"og:image\" content=\"https:\/\/onlinelotto365.com\/wp-content\/uploads\/2020\/11\/online_lottery-4-300x300.jpg\" \/>\n<meta name=\"twitter:card\" content=\"summary_large_image\" \/>\n<meta name=\"twitter:label1\" content=\"Dur\u00e9e de lecture estim\u00e9e\" \/>\n\t<meta name=\"twitter:data1\" content=\"3 minutes\" \/>\n<script type=\"application\/ld+json\" class=\"yoast-schema-graph\">{\"@context\":\"https:\/\/schema.org\",\"@graph\":[{\"@type\":\"WebPage\",\"@id\":\"https:\/\/onlinelotto365.com\/fr\/acheter-ticquets\/oz-lotto\/\",\"url\":\"https:\/\/onlinelotto365.com\/fr\/acheter-ticquets\/oz-lotto\/\",\"name\":\"Obtenir des billets pour le Lotto Oz en ligne depuis la France\",\"isPartOf\":{\"@id\":\"https:\/\/onlinelotto365.com\/fr\/#website\"},\"primaryImageOfPage\":{\"@id\":\"https:\/\/onlinelotto365.com\/fr\/acheter-ticquets\/oz-lotto\/#primaryimage\"},\"image\":{\"@id\":\"https:\/\/onlinelotto365.com\/fr\/acheter-ticquets\/oz-lotto\/#primaryimage\"},\"thumbnailUrl\":\"https:\/\/onlinelotto365.com\/wp-content\/uploads\/2020\/11\/online_lottery-4-300x300.jpg\",\"datePublished\":\"2020-12-17T10:20:02+00:00\",\"dateModified\":\"2021-01-06T10:32:07+00:00\",\"description\":\"Achetez vos billets pour le Lotto australien Oz en France\",\"breadcrumb\":{\"@id\":\"https:\/\/onlinelotto365.com\/fr\/acheter-ticquets\/oz-lotto\/#breadcrumb\"},\"inLanguage\":\"fr-FR\",\"potentialAction\":[{\"@type\":\"ReadAction\",\"target\":[\"https:\/\/onlinelotto365.com\/fr\/acheter-ticquets\/oz-lotto\/\"]}]},{\"@type\":\"ImageObject\",\"inLanguage\":\"fr-FR\",\"@id\":\"https:\/\/onlinelotto365.com\/fr\/acheter-ticquets\/oz-lotto\/#primaryimage\",\"url\":\"https:\/\/onlinelotto365.com\/wp-content\/uploads\/2020\/11\/online_lottery-4-300x300.jpg\",\"contentUrl\":\"https:\/\/onlinelotto365.com\/wp-content\/uploads\/2020\/11\/online_lottery-4-300x300.jpg\"},{\"@type\":\"BreadcrumbList\",\"@id\":\"https:\/\/onlinelotto365.com\/fr\/acheter-ticquets\/oz-lotto\/#breadcrumb\",\"itemListElement\":[{\"@type\":\"ListItem\",\"position\":1,\"name\":\"Home\",\"item\":\"https:\/\/onlinelotto365.com\/fr\/\"},{\"@type\":\"ListItem\",\"position\":2,\"name\":\"Pourquoi il est plus logique d&rsquo;acheter des billets de loterie en ligne\",\"item\":\"https:\/\/onlinelotto365.com\/fr\/acheter-ticquets\/\"},{\"@type\":\"ListItem\",\"position\":3,\"name\":\"Comment acheter des billets de loto Oz en ligne\"}]},{\"@type\":\"WebSite\",\"@id\":\"https:\/\/onlinelotto365.com\/fr\/#website\",\"url\":\"https:\/\/onlinelotto365.com\/fr\/\",\"name\":\"OnlineLotto365\",\"description\":\"\",\"potentialAction\":[{\"@type\":\"SearchAction\",\"target\":{\"@type\":\"EntryPoint\",\"urlTemplate\":\"https:\/\/onlinelotto365.com\/fr\/?s={search_term_string}\"},\"query-input\":{\"@type\":\"PropertyValueSpecification\",\"valueRequired\":true,\"valueName\":\"search_term_string\"}}],\"inLanguage\":\"fr-FR\"}]}<\/script>\n<!-- \/ Yoast SEO plugin. -->","yoast_head_json":{"title":"Obtenir des billets pour le Lotto Oz en ligne depuis la France","description":"Achetez vos billets pour le Lotto australien Oz en France","robots":{"index":"index","follow":"follow","max-snippet":"max-snippet:-1","max-image-preview":"max-image-preview:large","max-video-preview":"max-video-preview:-1"},"canonical":"https:\/\/onlinelotto365.com\/fr\/acheter-ticquets\/oz-lotto\/","og_locale":"fr_FR","og_type":"article","og_title":"Obtenir des billets pour le Lotto Oz en ligne depuis la France","og_description":"Achetez vos billets pour le Lotto australien Oz en France","og_url":"https:\/\/onlinelotto365.com\/fr\/acheter-ticquets\/oz-lotto\/","og_site_name":"OnlineLotto365","article_modified_time":"2021-01-06T10:32:07+00:00","og_image":[{"url":"https:\/\/onlinelotto365.com\/wp-content\/uploads\/2020\/11\/online_lottery-4-300x300.jpg"}],"twitter_card":"summary_large_image","twitter_misc":{"Dur\u00e9e de lecture estim\u00e9e":"3 minutes"},"schema":{"@context":"https:\/\/schema.org","@graph":[{"@type":"WebPage","@id":"https:\/\/onlinelotto365.com\/fr\/acheter-ticquets\/oz-lotto\/","url":"https:\/\/onlinelotto365.com\/fr\/acheter-ticquets\/oz-lotto\/","name":"Obtenir des billets pour le Lotto Oz en ligne depuis la France","isPartOf":{"@id":"https:\/\/onlinelotto365.com\/fr\/#website"},"primaryImageOfPage":{"@id":"https:\/\/onlinelotto365.com\/fr\/acheter-ticquets\/oz-lotto\/#primaryimage"},"image":{"@id":"https:\/\/onlinelotto365.com\/fr\/acheter-ticquets\/oz-lotto\/#primaryimage"},"thumbnailUrl":"https:\/\/onlinelotto365.com\/wp-content\/uploads\/2020\/11\/online_lottery-4-300x300.jpg","datePublished":"2020-12-17T10:20:02+00:00","dateModified":"2021-01-06T10:32:07+00:00","description":"Achetez vos billets pour le Lotto australien Oz en France","breadcrumb":{"@id":"https:\/\/onlinelotto365.com\/fr\/acheter-ticquets\/oz-lotto\/#breadcrumb"},"inLanguage":"fr-FR","potentialAction":[{"@type":"ReadAction","target":["https:\/\/onlinelotto365.com\/fr\/acheter-ticquets\/oz-lotto\/"]}]},{"@type":"ImageObject","inLanguage":"fr-FR","@id":"https:\/\/onlinelotto365.com\/fr\/acheter-ticquets\/oz-lotto\/#primaryimage","url":"https:\/\/onlinelotto365.com\/wp-content\/uploads\/2020\/11\/online_lottery-4-300x300.jpg","contentUrl":"https:\/\/onlinelotto365.com\/wp-content\/uploads\/2020\/11\/online_lottery-4-300x300.jpg"},{"@type":"BreadcrumbList","@id":"https:\/\/onlinelotto365.com\/fr\/acheter-ticquets\/oz-lotto\/#breadcrumb","itemListElement":[{"@type":"ListItem","position":1,"name":"Home","item":"https:\/\/onlinelotto365.com\/fr\/"},{"@type":"ListItem","position":2,"name":"Pourquoi il est plus logique d&rsquo;acheter des billets de loterie en ligne","item":"https:\/\/onlinelotto365.com\/fr\/acheter-ticquets\/"},{"@type":"ListItem","position":3,"name":"Comment acheter des billets de loto Oz en ligne"}]},{"@type":"WebSite","@id":"https:\/\/onlinelotto365.com\/fr\/#website","url":"https:\/\/onlinelotto365.com\/fr\/","name":"OnlineLotto365","description":"","potentialAction":[{"@type":"SearchAction","target":{"@type":"EntryPoint","urlTemplate":"https:\/\/onlinelotto365.com\/fr\/?s={search_term_string}"},"query-input":{"@type":"PropertyValueSpecification","valueRequired":true,"valueName":"search_term_string"}}],"inLanguage":"fr-FR"}]}},"_links":{"self":[{"href":"https:\/\/onlinelotto365.com\/fr\/wp-json\/wp\/v2\/pages\/10415","targetHints":{"allow":["GET"]}}],"collection":[{"href":"https:\/\/onlinelotto365.com\/fr\/wp-json\/wp\/v2\/pages"}],"about":[{"href":"https:\/\/onlinelotto365.com\/fr\/wp-json\/wp\/v2\/types\/page"}],"author":[{"embeddable":true,"href":"https:\/\/onlinelotto365.com\/fr\/wp-json\/wp\/v2\/users\/1"}],"replies":[{"embeddable":true,"href":"https:\/\/onlinelotto365.com\/fr\/wp-json\/wp\/v2\/comments?post=10415"}],"version-history":[{"count":0,"href":"https:\/\/onlinelotto365.com\/fr\/wp-json\/wp\/v2\/pages\/10415\/revisions"}],"up":[{"embeddable":true,"href":"https:\/\/onlinelotto365.com\/fr\/wp-json\/wp\/v2\/pages\/3804"}],"wp:attachment":[{"href":"https:\/\/onlinelotto365.com\/fr\/wp-json\/wp\/v2\/media?parent=10415"}],"curies":[{"name":"wp","href":"https:\/\/api.w.org\/{rel}","templated":true}]}}