{"id":10417,"date":"2020-12-17T11:20:52","date_gmt":"2020-12-17T10:20:52","guid":{"rendered":"http:\/\/onlinelotto365.net\/?page_id=10417"},"modified":"2021-01-02T16:36:27","modified_gmt":"2021-01-02T15:36:27","slug":"saturday-lotto-australia","status":"publish","type":"page","link":"https:\/\/onlinelotto365.com\/fr\/acheter-ticquets\/saturday-lotto-australia\/","title":{"rendered":"Comment acheter en ligne des billets pour le Saturday Lotto Australia"},"content":{"rendered":"<p>Si vous ne savez pas exactement comment acheter des billets du Saturday Lotto France en ligne, vous allez vouloir consulter ce <strong> guide \u00e9tape par \u00e9tape con\u00e7u pour vous aider \u00e0 y arriver rapidement <\/strong>. Vous n\u2019avez \u00e0 vous soucier de rien, car nous vous aiderons.<\/p>\n<ul>\n<li>Acc\u00e9dez \u00e0 la page du Saturday Lotto Australia et choisissez les num\u00e9ros que vous souhaitez jouer sur chacun de vos billets<\/li>\n<li>Ajouter plus de billets pour le m\u00eame jeu ou pour diff\u00e9rents jeux<\/li>\n<li>Acc\u00e9der \u00e0 l&rsquo;option de paiement imm\u00e9diat<\/li>\n<li>Connectez-vous \u00e0 votre compte actuel ou s\u00e9lectionnez l&rsquo;option pour cr\u00e9er un nouveau compte et suivez les instructions<\/li>\n<li>Pour les nouveaux comptes, assurez-vous de v\u00e9rifier votre bo\u00eete de r\u00e9ception pour un e-mail de confirmation avec un lien de v\u00e9rification<\/li>\n<li>V\u00e9rifiez votre dossier spam si vous ne voyez pas l&rsquo;e-mail de confirmation et cliquez sur le lien<\/li>\n<li>Acc\u00e9dez \u00e0 votre panier<\/li>\n<li>Choisissez l&rsquo;option de paiement que vous souhaitez utiliser et suivez le processus de paiement<\/li>\n<\/ul>\n<p><a href=\"https:\/\/redfoxlotto.com\/fr\/jouer\/saturday-lotto-au\/?ref=a8564250a2&amp;medium=ol365\" target=\"_blank\" rel=\"noopener noreferrer\"> <img decoding=\"async\" class=\"aligncenter\" src=\"https:\/\/redfoxlotto.com\/image?size=8&amp;lottery=saturday-lotto-au\" alt=\"Saturday Lotto Australia\" \/> <\/a><\/p>\n<h2>Comment payer en ligne votre billet Australien du Saturday Lotto<\/h2>\n<p>Vous pouvez utiliser l&rsquo;une des <strong> nombreuses options de paiement s\u00e9curis\u00e9 <\/strong> lorsque vous \u00eates pr\u00eat \u00e0 acheter vos prochains billets de loterie avec nous depuis la France.<br \/>\nChoisissez parmi ces diff\u00e9rentes options:<\/p>\n<ul>\n<li>Payez la commande directement via votre mode de paiement pr\u00e9f\u00e9r\u00e9<\/li>\n<li>Mettez de l&rsquo;argent sur votre compte et utilisez-le pour acheter des billets<\/li>\n<\/ul>\n<p>Assurez-vous d&rsquo;ajouter plus qu&rsquo;assez d&rsquo;argent pour l&rsquo;achat si vous d\u00e9cidez de mettre de l&rsquo;argent sur votre compte.<\/p>\n<h2>Plus d&rsquo;informations sur Saturday Lotto Australia<\/h2>\n<ul>\n<li>Pays: Australie<\/li>\n<li>Plage de num\u00e9ros principaux: 45<\/li>\n<li>Vous choisissez: 6<\/li>\n<li>Jours et heures des tirages: samedi, 21h30 GMT + 11, 10h30 CET<\/li>\n<li>Jackpot minimum: 5 millions de dollars australiens<\/li>\n<li>Jackpot maximum: 150 millions de dollars australiens<\/li>\n<li>Probabilit\u00e9 de gagner le jackpot: 1 sur 8145060<\/li>\n<li>Probabilit\u00e9 d&rsquo;une victoire de niveau 2: 1 sur 678755<\/li>\n<li>Probabilit\u00e9 de gagner \u00e0 n&rsquo;importe quel niveau: 1 sur 85,44<\/li>\n<li>Nombre de niveaux de prix: 6<\/li>\n<\/ul>\n<h2>Avantages d&rsquo;acheter des billets du Saturday Lotto Australia en ligne<\/h2>\n<ul>\n<li>Procurez-vous les billets que vous voulez et n\u2019avez jamais \u00e0 sortir<\/li>\n<li>Faites votre choix parmi de nombreux jeux de loterie diff\u00e9rents<\/li>\n<li>Obtenez une <strong> meilleure chance de gagner <\/strong> en remportant les plus gros jackpots<\/li>\n<li>Mettez votre argent sur un compte, puis payez vos billets<\/li>\n<li>Suivez facilement vos tickets<\/li>\n<li>Recevez des notifications de gains \u00e0 chaque fois<\/li>\n<li>Utilisez une s\u00e9lection rapide pour obtenir des billets sans choisir de num\u00e9ros<\/li>\n<\/ul>\n<h2>Est-il l\u00e9gal d&rsquo;acheter des billets du Saturday Lotto Australia en ligne?<\/h2>\n<p>Vous pourriez \u00eatre inquiet d&rsquo;acheter ou non des billets de loterie de cette mani\u00e8re <strong> pendant que vous r\u00e9sidez en France <\/strong>, si cela est r\u00e9ellement l\u00e9gal dans votre pays de r\u00e9sidence. Eh bien, ne vous inqui\u00e9tez pas, car nous nous assurons que tout est l\u00e9gal selon le pays dans lequel les billets sont achet\u00e9s, y compris le pays dans lequel la loterie est bas\u00e9e. Vous n&rsquo;avez \u00e0 vous soucier de rien d&rsquo;autre que vous assurer que vous \u00eates l\u00e9galement assez vieux pour acheter les billets. Vous devez avoir 18 ans pour utiliser notre site Web.<\/p>\n<h2>Comment \u00eatre pay\u00e9 si je gagne en ligne au Saturday Lotto Australia?<\/h2>\n<p>Nous savons que vous ne voulez pas que quiconque prenne une part de vos gains et c&rsquo;est pourquoi nous nous assurons que nous ne le faisons pas. Vous ne nous paierez jamais de commission lorsque vous remporterez vos jeux de loterie pr\u00e9f\u00e9r\u00e9s. Et vous n\u2019avez pas non plus \u00e0 vous soucier de nous payer une commission sur les gains.<\/p>\n<p>La seule fois o\u00f9 vous paierez des frais, c&rsquo;est si vous choisissez de faire d\u00e9poser vos <a href=\"https:\/\/onlinelotto365.com\/fr\/numeros-gagnants\"> gains de loterie <\/a> par virement bancaire, par exemple. \u00e0 une banque en France. Ces virements \u00e9lectroniques peuvent parfois nous co\u00fbter des frais car les banques facturent les virements internationaux. Ces frais peuvent vous \u00eatre r\u00e9percut\u00e9s et d\u00e9duits des gains que vous avez r\u00e9alis\u00e9s.<br \/>\n<strong> Pour \u00eatre pay\u00e9, vous devez simplement vous rappeler: <\/strong><\/p>\n<ul>\n<li>Les paiements inf\u00e9rieurs \u00e0 2500 \u20ac sont cr\u00e9dit\u00e9s sur votre compte. Vous n\u2019avez rien \u00e0 faire, car nous le ferons pour vous.<\/li>\n<li>Les paiements sup\u00e9rieurs \u00e0 2500 \u20ac sont effectu\u00e9s par virement bancaire ou par ch\u00e8que. Vous serez contact\u00e9 par notre \u00e9quipe d&rsquo;assistance pour remplir un formulaire qui nous indiquera comment vous envoyer l&rsquo;argent. Ensuite, il vous suffit d&rsquo;attendre quelques jours pour qu&rsquo;il soit l\u00e0.<\/li>\n<\/ul>\n","protected":false},"excerpt":{"rendered":"<p>Si vous ne savez pas exactement comment acheter des billets du Saturday Lotto France en ligne, vous allez vouloir consulter ce guide \u00e9tape par \u00e9tape con\u00e7u pour vous aider \u00e0 y arriver rapidement . Vous n\u2019avez \u00e0 vous soucier de rien, car nous vous aiderons. Acc\u00e9dez \u00e0 la page du Saturday Lotto Australia et choisissez [&hellip;]<\/p>\n","protected":false},"author":1,"featured_media":0,"parent":3804,"menu_order":15,"comment_status":"closed","ping_status":"closed","template":"saturday-lotto-info.php","meta":{"_et_pb_use_builder":"","_et_pb_old_content":"","_et_gb_content_width":"","exclude_from_search":false,"footnotes":""},"class_list":["post-10417","page","type-page","status-publish","hentry"],"yoast_head":"<!-- This site is optimized with the Yoast SEO plugin v23.4 - https:\/\/yoast.com\/wordpress\/plugins\/seo\/ -->\n<title>Comment obtenir des billets pour le Saturday Lotto Australia si vous \u00eates r\u00e9sident fran\u00e7ais<\/title>\n<meta name=\"description\" content=\"Les r\u00e9sidents fran\u00e7ais peuvent d\u00e9sormais acheter des billets pour le loto du samedi en Australie\" \/>\n<meta name=\"robots\" content=\"index, follow, max-snippet:-1, max-image-preview:large, max-video-preview:-1\" \/>\n<link rel=\"canonical\" href=\"https:\/\/onlinelotto365.com\/fr\/acheter-ticquets\/saturday-lotto-australia\/\" \/>\n<meta property=\"og:locale\" content=\"fr_FR\" \/>\n<meta property=\"og:type\" content=\"article\" \/>\n<meta property=\"og:title\" content=\"Comment obtenir des billets pour le Saturday Lotto Australia si vous \u00eates r\u00e9sident fran\u00e7ais\" \/>\n<meta property=\"og:description\" content=\"Les r\u00e9sidents fran\u00e7ais peuvent d\u00e9sormais acheter des billets pour le loto du samedi en Australie\" \/>\n<meta property=\"og:url\" content=\"https:\/\/onlinelotto365.com\/fr\/acheter-ticquets\/saturday-lotto-australia\/\" \/>\n<meta property=\"og:site_name\" content=\"OnlineLotto365\" \/>\n<meta property=\"article:modified_time\" content=\"2021-01-02T15:36:27+00:00\" \/>\n<meta property=\"og:image\" content=\"https:\/\/redfoxlotto.com\/image?size=8&amp;lottery=saturday-lotto-au\" \/>\n<meta name=\"twitter:card\" content=\"summary_large_image\" \/>\n<meta name=\"twitter:label1\" content=\"Dur\u00e9e de lecture estim\u00e9e\" \/>\n\t<meta name=\"twitter:data1\" content=\"4 minutes\" \/>\n<script type=\"application\/ld+json\" class=\"yoast-schema-graph\">{\"@context\":\"https:\/\/schema.org\",\"@graph\":[{\"@type\":\"WebPage\",\"@id\":\"https:\/\/onlinelotto365.com\/fr\/acheter-ticquets\/saturday-lotto-australia\/\",\"url\":\"https:\/\/onlinelotto365.com\/fr\/acheter-ticquets\/saturday-lotto-australia\/\",\"name\":\"Comment obtenir des billets pour le Saturday Lotto Australia si vous \u00eates r\u00e9sident fran\u00e7ais\",\"isPartOf\":{\"@id\":\"https:\/\/onlinelotto365.com\/fr\/#website\"},\"primaryImageOfPage\":{\"@id\":\"https:\/\/onlinelotto365.com\/fr\/acheter-ticquets\/saturday-lotto-australia\/#primaryimage\"},\"image\":{\"@id\":\"https:\/\/onlinelotto365.com\/fr\/acheter-ticquets\/saturday-lotto-australia\/#primaryimage\"},\"thumbnailUrl\":\"https:\/\/redfoxlotto.com\/image?size=8&amp;lottery=saturday-lotto-au\",\"datePublished\":\"2020-12-17T10:20:52+00:00\",\"dateModified\":\"2021-01-02T15:36:27+00:00\",\"description\":\"Les r\u00e9sidents fran\u00e7ais peuvent d\u00e9sormais acheter des billets pour le loto du samedi en Australie\",\"breadcrumb\":{\"@id\":\"https:\/\/onlinelotto365.com\/fr\/acheter-ticquets\/saturday-lotto-australia\/#breadcrumb\"},\"inLanguage\":\"fr-FR\",\"potentialAction\":[{\"@type\":\"ReadAction\",\"target\":[\"https:\/\/onlinelotto365.com\/fr\/acheter-ticquets\/saturday-lotto-australia\/\"]}]},{\"@type\":\"ImageObject\",\"inLanguage\":\"fr-FR\",\"@id\":\"https:\/\/onlinelotto365.com\/fr\/acheter-ticquets\/saturday-lotto-australia\/#primaryimage\",\"url\":\"https:\/\/redfoxlotto.com\/image?size=8&amp;lottery=saturday-lotto-au\",\"contentUrl\":\"https:\/\/redfoxlotto.com\/image?size=8&amp;lottery=saturday-lotto-au\"},{\"@type\":\"BreadcrumbList\",\"@id\":\"https:\/\/onlinelotto365.com\/fr\/acheter-ticquets\/saturday-lotto-australia\/#breadcrumb\",\"itemListElement\":[{\"@type\":\"ListItem\",\"position\":1,\"name\":\"Home\",\"item\":\"https:\/\/onlinelotto365.com\/fr\/\"},{\"@type\":\"ListItem\",\"position\":2,\"name\":\"Pourquoi il est plus logique d&rsquo;acheter des billets de loterie en ligne\",\"item\":\"https:\/\/onlinelotto365.com\/fr\/acheter-ticquets\/\"},{\"@type\":\"ListItem\",\"position\":3,\"name\":\"Comment acheter en ligne des billets pour le Saturday Lotto Australia\"}]},{\"@type\":\"WebSite\",\"@id\":\"https:\/\/onlinelotto365.com\/fr\/#website\",\"url\":\"https:\/\/onlinelotto365.com\/fr\/\",\"name\":\"OnlineLotto365\",\"description\":\"\",\"potentialAction\":[{\"@type\":\"SearchAction\",\"target\":{\"@type\":\"EntryPoint\",\"urlTemplate\":\"https:\/\/onlinelotto365.com\/fr\/?s={search_term_string}\"},\"query-input\":{\"@type\":\"PropertyValueSpecification\",\"valueRequired\":true,\"valueName\":\"search_term_string\"}}],\"inLanguage\":\"fr-FR\"}]}<\/script>\n<!-- \/ Yoast SEO plugin. -->","yoast_head_json":{"title":"Comment obtenir des billets pour le Saturday Lotto Australia si vous \u00eates r\u00e9sident fran\u00e7ais","description":"Les r\u00e9sidents fran\u00e7ais peuvent d\u00e9sormais acheter des billets pour le loto du samedi en Australie","robots":{"index":"index","follow":"follow","max-snippet":"max-snippet:-1","max-image-preview":"max-image-preview:large","max-video-preview":"max-video-preview:-1"},"canonical":"https:\/\/onlinelotto365.com\/fr\/acheter-ticquets\/saturday-lotto-australia\/","og_locale":"fr_FR","og_type":"article","og_title":"Comment obtenir des billets pour le Saturday Lotto Australia si vous \u00eates r\u00e9sident fran\u00e7ais","og_description":"Les r\u00e9sidents fran\u00e7ais peuvent d\u00e9sormais acheter des billets pour le loto du samedi en Australie","og_url":"https:\/\/onlinelotto365.com\/fr\/acheter-ticquets\/saturday-lotto-australia\/","og_site_name":"OnlineLotto365","article_modified_time":"2021-01-02T15:36:27+00:00","og_image":[{"url":"https:\/\/redfoxlotto.com\/image?size=8&amp;lottery=saturday-lotto-au"}],"twitter_card":"summary_large_image","twitter_misc":{"Dur\u00e9e de lecture estim\u00e9e":"4 minutes"},"schema":{"@context":"https:\/\/schema.org","@graph":[{"@type":"WebPage","@id":"https:\/\/onlinelotto365.com\/fr\/acheter-ticquets\/saturday-lotto-australia\/","url":"https:\/\/onlinelotto365.com\/fr\/acheter-ticquets\/saturday-lotto-australia\/","name":"Comment obtenir des billets pour le Saturday Lotto Australia si vous \u00eates r\u00e9sident fran\u00e7ais","isPartOf":{"@id":"https:\/\/onlinelotto365.com\/fr\/#website"},"primaryImageOfPage":{"@id":"https:\/\/onlinelotto365.com\/fr\/acheter-ticquets\/saturday-lotto-australia\/#primaryimage"},"image":{"@id":"https:\/\/onlinelotto365.com\/fr\/acheter-ticquets\/saturday-lotto-australia\/#primaryimage"},"thumbnailUrl":"https:\/\/redfoxlotto.com\/image?size=8&amp;lottery=saturday-lotto-au","datePublished":"2020-12-17T10:20:52+00:00","dateModified":"2021-01-02T15:36:27+00:00","description":"Les r\u00e9sidents fran\u00e7ais peuvent d\u00e9sormais acheter des billets pour le loto du samedi en Australie","breadcrumb":{"@id":"https:\/\/onlinelotto365.com\/fr\/acheter-ticquets\/saturday-lotto-australia\/#breadcrumb"},"inLanguage":"fr-FR","potentialAction":[{"@type":"ReadAction","target":["https:\/\/onlinelotto365.com\/fr\/acheter-ticquets\/saturday-lotto-australia\/"]}]},{"@type":"ImageObject","inLanguage":"fr-FR","@id":"https:\/\/onlinelotto365.com\/fr\/acheter-ticquets\/saturday-lotto-australia\/#primaryimage","url":"https:\/\/redfoxlotto.com\/image?size=8&amp;lottery=saturday-lotto-au","contentUrl":"https:\/\/redfoxlotto.com\/image?size=8&amp;lottery=saturday-lotto-au"},{"@type":"BreadcrumbList","@id":"https:\/\/onlinelotto365.com\/fr\/acheter-ticquets\/saturday-lotto-australia\/#breadcrumb","itemListElement":[{"@type":"ListItem","position":1,"name":"Home","item":"https:\/\/onlinelotto365.com\/fr\/"},{"@type":"ListItem","position":2,"name":"Pourquoi il est plus logique d&rsquo;acheter des billets de loterie en ligne","item":"https:\/\/onlinelotto365.com\/fr\/acheter-ticquets\/"},{"@type":"ListItem","position":3,"name":"Comment acheter en ligne des billets pour le Saturday Lotto Australia"}]},{"@type":"WebSite","@id":"https:\/\/onlinelotto365.com\/fr\/#website","url":"https:\/\/onlinelotto365.com\/fr\/","name":"OnlineLotto365","description":"","potentialAction":[{"@type":"SearchAction","target":{"@type":"EntryPoint","urlTemplate":"https:\/\/onlinelotto365.com\/fr\/?s={search_term_string}"},"query-input":{"@type":"PropertyValueSpecification","valueRequired":true,"valueName":"search_term_string"}}],"inLanguage":"fr-FR"}]}},"_links":{"self":[{"href":"https:\/\/onlinelotto365.com\/fr\/wp-json\/wp\/v2\/pages\/10417","targetHints":{"allow":["GET"]}}],"collection":[{"href":"https:\/\/onlinelotto365.com\/fr\/wp-json\/wp\/v2\/pages"}],"about":[{"href":"https:\/\/onlinelotto365.com\/fr\/wp-json\/wp\/v2\/types\/page"}],"author":[{"embeddable":true,"href":"https:\/\/onlinelotto365.com\/fr\/wp-json\/wp\/v2\/users\/1"}],"replies":[{"embeddable":true,"href":"https:\/\/onlinelotto365.com\/fr\/wp-json\/wp\/v2\/comments?post=10417"}],"version-history":[{"count":0,"href":"https:\/\/onlinelotto365.com\/fr\/wp-json\/wp\/v2\/pages\/10417\/revisions"}],"up":[{"embeddable":true,"href":"https:\/\/onlinelotto365.com\/fr\/wp-json\/wp\/v2\/pages\/3804"}],"wp:attachment":[{"href":"https:\/\/onlinelotto365.com\/fr\/wp-json\/wp\/v2\/media?parent=10417"}],"curies":[{"name":"wp","href":"https:\/\/api.w.org\/{rel}","templated":true}]}}