{"id":10419,"date":"2020-12-17T11:21:41","date_gmt":"2020-12-17T10:21:41","guid":{"rendered":"http:\/\/onlinelotto365.net\/?page_id=10419"},"modified":"2021-01-06T11:32:49","modified_gmt":"2021-01-06T10:32:49","slug":"mon-wed-lotto-australia","status":"publish","type":"page","link":"https:\/\/onlinelotto365.com\/fr\/acheter-ticquets\/mon-wed-lotto-australia\/","title":{"rendered":"Comment acheter en ligne des billets pour le Loto australien du lundi et du mercredi"},"content":{"rendered":"<p>Nous avons d\u00e9crit les diff\u00e9rentes \u00e9tapes \u00e0 suivre si <strong> vous souhaitez acheter Mon &amp; amp; Billets Wed Lotto Australia <\/strong> sur notre site Web. C\u2019est simple et facile, et lorsque vous suivrez ces \u00e9tapes, vous constaterez que vos billets sont pr\u00eats \u00e0 \u00eatre utilis\u00e9s rapidement.<\/p>\n<ul>\n<li>Acc\u00e9dez \u00e0 la page de la <a href=\"https:\/\/onlinelotto365.com\/fr\/jouer\"> loterie \u00e0 laquelle vous souhaitez jouer <\/a> et choisissez les num\u00e9ros auxquels vous allez jouer sur chaque billet<\/li>\n<li>Ajoutez autant de billets pour ce jeu ou pour tout autre jeu que vous le souhaitez pour cr\u00e9er votre commande<\/li>\n<li>Choisissez l&rsquo;option de paiement maintenant<\/li>\n<li>Connectez-vous \u00e0 votre compte actuel ou suivez le processus de cr\u00e9ation d&rsquo;un nouveau compte et de son enregistrement<\/li>\n<li>Acc\u00e9dez \u00e0 votre adresse e-mail pour obtenir le lien de v\u00e9rification pour enregistrer votre compte et effectuer un achat<\/li>\n<li>V\u00e9rifiez votre dossier de spam pour voir si l&rsquo;e-mail y a \u00e9t\u00e9 envoy\u00e9 par erreur si vous ne le voyez pas dans votre bo\u00eete de r\u00e9ception<\/li>\n<li>Suivez le processus de paiement dans votre panier<\/li>\n<li>Choisissez le mode de paiement que vous souhaitez utiliser et suivez les instructions pour traiter votre paiement<\/li>\n<\/ul>\n<p><a href=\"https:\/\/redfoxlotto.com\/fr\/jouer\/monday-wednesday-lotto-au\/?ref=a8564250a2&amp;medium=ol365\" target=\"_blank\" rel=\"noopener noreferrer\"> <img decoding=\"async\" class=\"aligncenter \" src=\" https:\/\/redfoxlotto.com\/image?size=8&amp;lottery=monday-wednesday-lotto-au \" alt=\" Mon &amp; amp; Wed Lotto Australia \" \/> <\/a><\/p>\n<h2>Comment payer votre lun &amp; amp; Billet Wed Lotto Australia en ligne<\/h2>\n<p>Quand il s&rsquo;agit d&rsquo;effectuer un paiement, vous disposez de plusieurs options totalement s\u00e9curis\u00e9es. Tout ce que vous avez \u00e0 faire est de jeter un coup d&rsquo;\u0153il ici et de voir quelles seront certaines de ces options.<br \/>\nAchetez vos billets en choisissant l&rsquo;une des deux options suivantes:<\/p>\n<ul>\n<li>Payez directement avec un mode de paiement de votre choix<\/li>\n<li>Ajoutez de l&rsquo;argent sur un compte joueur et utilisez ce compte pour acheter vos billets<\/li>\n<\/ul>\n<p>Ne faites pas l\u2019erreur d\u2019en mettre trop peu dans votre compte pour payer vos billets. Vous avez besoin d&rsquo;un peu plus que le montant de votre panier.<\/p>\n<h2>En savoir plus sur le lundi &amp; amp; Wed Lotto Australie<\/h2>\n<ul>\n<li>Pays: Australie<\/li>\n<li>Plage de num\u00e9ros principaux: 45<\/li>\n<li>Vous choisissez: 6<\/li>\n<li>Jours et horaires des tirages: lundi, mercredi, 21h30 GMT + 11, 10h30 CET<\/li>\n<li>Jackpot minimum: 2,5 millions de dollars australiens<\/li>\n<li>Jackpot maximum: jackpot fixe<\/li>\n<li>Probabilit\u00e9 de gagner le jackpot: 1 sur 8145060<\/li>\n<li>Probabilit\u00e9 d&rsquo;une victoire de niveau 2: 1 sur 678755<\/li>\n<li>Probabilit\u00e9 de gagner \u00e0 n&rsquo;importe quel niveau: 1 sur 85,44<\/li>\n<li>Nombre de niveaux de prix: 6<\/li>\n<\/ul>\n<h2>Avantages d&rsquo;acheter Mon &amp; amp; Billets pour le Wed Lotto Australia en ligne<\/h2>\n<ul>\n<li>Obtenez des billets de loto de chez vous, sans avoir \u00e0 vous soucier de sortir<\/li>\n<li>Choisissez parmi tous vos billets pr\u00e9f\u00e9r\u00e9s, puis certains<\/li>\n<li>Obtenez de <a href=\"https:\/\/onlinelotto365.com\/fr\/news\/quelles-sont-les-meilleures-chances-de-gagner-a-la-loterie\"> de meilleures cotes en choisissant les jeux avec les montants de jackpot les plus \u00e9lev\u00e9s <\/a><\/li>\n<li>Utilisez le solde de votre compte pour acheter des billets en d\u00e9posant de l&rsquo;argent<\/li>\n<li>Gardez une trace de vos billets via un compte en ligne<\/li>\n<li>Recevez des notifications chaque fois que vous avez un ticket gagnant<\/li>\n<li>Utilisez le g\u00e9n\u00e9rateur de nombres al\u00e9atoires pour choisir les billets pour vous<\/li>\n<\/ul>\n<h2>Est-il l\u00e9gal d&rsquo;acheter Mon &amp; amp; Billets Wed Lotto Australia en ligne? <img decoding=\"async\" class=\"alignright wp-image-3685\" src=\"https:\/\/onlinelotto365.com\/wp-content\/uploads\/2020\/11\/online_lottery-4-300x192.jpeg\" alt=\" mon wed lotto Australie en ligne \" width=\" 255 \" height=\" 163 \" srcset=\"https:\/\/onlinelotto365.com\/wp-content\/uploads\/2020\/11\/online_lottery-4-300x192.jpeg 300w, https:\/\/onlinelotto365.com\/wp-content\/uploads\/2020\/11\/online_lottery-4-600x383.jpeg 600w, https:\/\/onlinelotto365.com\/wp-content\/uploads\/2020\/11\/online_lottery-4.jpeg 751w\" sizes=\"(max-width: 300px) 100vw, 300px\" \/><\/h2>\n<p>Beaucoup de gens craignent que l&rsquo;achat de billets en ligne soit ill\u00e9gal ou que leur achat de mani\u00e8re traditionnelle puisse \u00eatre ill\u00e9gal dans leur pays d&rsquo;origine. Eh bien, nous nous assurons que toutes les r\u00e9glementations sont respect\u00e9es pour le pays d&rsquo;origine de la loterie. Nous veillerons \u00e0 ce que vous obteniez \u00e9galement vos gains de loterie. Que vous gagniez un petit ou un gros prix, nous vous aiderons \u00e0 obtenir ce que vous recherchez et ce \u00e0 quoi vous avez droit.<br \/>\nTous les utilisateurs de notre site Web doivent \u00eatre <a href=\"https:\/\/onlinelotto365.com\/fr\/news\/age-minimum-pour-acheter-des-billets-de-loterie\"> \u00e2g\u00e9s d&rsquo;au moins 18 ans <\/a>.<\/p>\n<h2>Comment \u00eatre pay\u00e9 si je gagne Mon &amp; amp; Wed Lotto Australia en ligne?<\/h2>\n<p>Obtenir des gains pour nos clients en France ou dans d&rsquo;autres r\u00e9gions du monde est la partie la plus importante du processus et nous le faisons en nous assurant qu&rsquo;il n&rsquo;y a pas de commissions. Vous n&rsquo;avez pas \u00e0 vous soucier de ce que nous retirions quoi que ce soit de vos gains, sauf si vous choisissez d&rsquo;effectuer un virement bancaire.<br \/>\nCe mode de paiement, en particulier lorsqu&rsquo;il s&rsquo;agit d&rsquo;une transaction internationale, pourrait nous co\u00fbter lorsque la banque facture des frais. Si cela se produit, le co\u00fbt peut vous \u00eatre r\u00e9percut\u00e9 et retir\u00e9 de vos gains.<br \/>\nLes paiements sont effectu\u00e9s de deux mani\u00e8res diff\u00e9rentes.<\/p>\n<ul>\n<li>Les paiements inf\u00e9rieurs \u00e0 2500 \u20ac seront effectu\u00e9s sans aucune contribution de votre part. Notre \u00e9quipe s&rsquo;assure que l&rsquo;argent est directement plac\u00e9 sur votre compte.<\/li>\n<li>Les montants gagnants sup\u00e9rieurs \u00e0 2500 \u20ac sont trait\u00e9s diff\u00e9remment. <strong> Ces montants doivent \u00eatre trait\u00e9s avec la commission de loterie <\/strong> et cela signifie que nous devons remplir un formulaire de r\u00e9clamation. Nous vous enverrons le formulaire<\/li>\n<\/ul>\n","protected":false},"excerpt":{"rendered":"<p>Nous avons d\u00e9crit les diff\u00e9rentes \u00e9tapes \u00e0 suivre si vous souhaitez acheter Mon &amp; amp; Billets Wed Lotto Australia sur notre site Web. C\u2019est simple et facile, et lorsque vous suivrez ces \u00e9tapes, vous constaterez que vos billets sont pr\u00eats \u00e0 \u00eatre utilis\u00e9s rapidement. Acc\u00e9dez \u00e0 la page de la loterie \u00e0 laquelle vous souhaitez [&hellip;]<\/p>\n","protected":false},"author":1,"featured_media":0,"parent":3804,"menu_order":16,"comment_status":"closed","ping_status":"closed","template":"template-rightsidebar.php","meta":{"_et_pb_use_builder":"","_et_pb_old_content":"","_et_gb_content_width":"","exclude_from_search":false,"footnotes":""},"class_list":["post-10419","page","type-page","status-publish","hentry"],"yoast_head":"<!-- This site is optimized with the Yoast SEO plugin v23.4 - https:\/\/yoast.com\/wordpress\/plugins\/seo\/ -->\n<title>Achat de billets en ligne pour le Loto du lundi et du mercredi en Australie<\/title>\n<meta name=\"description\" content=\"Peu importe o\u00f9 vous vivez, et maintenant peu importe ce que vous cherchez, vous pouvez obtenir des billets pour Mon &amp; Wed Lotto Australia ici !\" \/>\n<meta name=\"robots\" content=\"index, follow, max-snippet:-1, max-image-preview:large, max-video-preview:-1\" \/>\n<link rel=\"canonical\" href=\"https:\/\/onlinelotto365.com\/fr\/acheter-ticquets\/mon-wed-lotto-australia\/\" \/>\n<meta property=\"og:locale\" content=\"fr_FR\" \/>\n<meta property=\"og:type\" content=\"article\" \/>\n<meta property=\"og:title\" content=\"Achat de billets en ligne pour le Loto du lundi et du mercredi en Australie\" \/>\n<meta property=\"og:description\" content=\"Peu importe o\u00f9 vous vivez, et maintenant peu importe ce que vous cherchez, vous pouvez obtenir des billets pour Mon &amp; Wed Lotto Australia ici !\" \/>\n<meta property=\"og:url\" content=\"https:\/\/onlinelotto365.com\/fr\/acheter-ticquets\/mon-wed-lotto-australia\/\" \/>\n<meta property=\"og:site_name\" content=\"OnlineLotto365\" \/>\n<meta property=\"article:modified_time\" content=\"2021-01-06T10:32:49+00:00\" \/>\n<meta property=\"og:image\" content=\"https:\/\/onlinelotto365.com\/wp-content\/uploads\/2020\/11\/online_lottery-4-300x192.jpeg\" \/>\n<meta name=\"twitter:card\" content=\"summary_large_image\" \/>\n<meta name=\"twitter:label1\" content=\"Dur\u00e9e de lecture estim\u00e9e\" \/>\n\t<meta name=\"twitter:data1\" content=\"4 minutes\" \/>\n<script type=\"application\/ld+json\" class=\"yoast-schema-graph\">{\"@context\":\"https:\/\/schema.org\",\"@graph\":[{\"@type\":\"WebPage\",\"@id\":\"https:\/\/onlinelotto365.com\/fr\/acheter-ticquets\/mon-wed-lotto-australia\/\",\"url\":\"https:\/\/onlinelotto365.com\/fr\/acheter-ticquets\/mon-wed-lotto-australia\/\",\"name\":\"Achat de billets en ligne pour le Loto du lundi et du mercredi en Australie\",\"isPartOf\":{\"@id\":\"https:\/\/onlinelotto365.com\/fr\/#website\"},\"primaryImageOfPage\":{\"@id\":\"https:\/\/onlinelotto365.com\/fr\/acheter-ticquets\/mon-wed-lotto-australia\/#primaryimage\"},\"image\":{\"@id\":\"https:\/\/onlinelotto365.com\/fr\/acheter-ticquets\/mon-wed-lotto-australia\/#primaryimage\"},\"thumbnailUrl\":\"https:\/\/onlinelotto365.com\/wp-content\/uploads\/2020\/11\/online_lottery-4-300x192.jpeg\",\"datePublished\":\"2020-12-17T10:21:41+00:00\",\"dateModified\":\"2021-01-06T10:32:49+00:00\",\"description\":\"Peu importe o\u00f9 vous vivez, et maintenant peu importe ce que vous cherchez, vous pouvez obtenir des billets pour Mon & Wed Lotto Australia ici !\",\"breadcrumb\":{\"@id\":\"https:\/\/onlinelotto365.com\/fr\/acheter-ticquets\/mon-wed-lotto-australia\/#breadcrumb\"},\"inLanguage\":\"fr-FR\",\"potentialAction\":[{\"@type\":\"ReadAction\",\"target\":[\"https:\/\/onlinelotto365.com\/fr\/acheter-ticquets\/mon-wed-lotto-australia\/\"]}]},{\"@type\":\"ImageObject\",\"inLanguage\":\"fr-FR\",\"@id\":\"https:\/\/onlinelotto365.com\/fr\/acheter-ticquets\/mon-wed-lotto-australia\/#primaryimage\",\"url\":\"https:\/\/onlinelotto365.com\/wp-content\/uploads\/2020\/11\/online_lottery-4-300x192.jpeg\",\"contentUrl\":\"https:\/\/onlinelotto365.com\/wp-content\/uploads\/2020\/11\/online_lottery-4-300x192.jpeg\"},{\"@type\":\"BreadcrumbList\",\"@id\":\"https:\/\/onlinelotto365.com\/fr\/acheter-ticquets\/mon-wed-lotto-australia\/#breadcrumb\",\"itemListElement\":[{\"@type\":\"ListItem\",\"position\":1,\"name\":\"Home\",\"item\":\"https:\/\/onlinelotto365.com\/fr\/\"},{\"@type\":\"ListItem\",\"position\":2,\"name\":\"Pourquoi il est plus logique d&rsquo;acheter des billets de loterie en ligne\",\"item\":\"https:\/\/onlinelotto365.com\/fr\/acheter-ticquets\/\"},{\"@type\":\"ListItem\",\"position\":3,\"name\":\"Comment acheter en ligne des billets pour le Loto australien du lundi et du mercredi\"}]},{\"@type\":\"WebSite\",\"@id\":\"https:\/\/onlinelotto365.com\/fr\/#website\",\"url\":\"https:\/\/onlinelotto365.com\/fr\/\",\"name\":\"OnlineLotto365\",\"description\":\"\",\"potentialAction\":[{\"@type\":\"SearchAction\",\"target\":{\"@type\":\"EntryPoint\",\"urlTemplate\":\"https:\/\/onlinelotto365.com\/fr\/?s={search_term_string}\"},\"query-input\":{\"@type\":\"PropertyValueSpecification\",\"valueRequired\":true,\"valueName\":\"search_term_string\"}}],\"inLanguage\":\"fr-FR\"}]}<\/script>\n<!-- \/ Yoast SEO plugin. -->","yoast_head_json":{"title":"Achat de billets en ligne pour le Loto du lundi et du mercredi en Australie","description":"Peu importe o\u00f9 vous vivez, et maintenant peu importe ce que vous cherchez, vous pouvez obtenir des billets pour Mon & Wed Lotto Australia ici !","robots":{"index":"index","follow":"follow","max-snippet":"max-snippet:-1","max-image-preview":"max-image-preview:large","max-video-preview":"max-video-preview:-1"},"canonical":"https:\/\/onlinelotto365.com\/fr\/acheter-ticquets\/mon-wed-lotto-australia\/","og_locale":"fr_FR","og_type":"article","og_title":"Achat de billets en ligne pour le Loto du lundi et du mercredi en Australie","og_description":"Peu importe o\u00f9 vous vivez, et maintenant peu importe ce que vous cherchez, vous pouvez obtenir des billets pour Mon & Wed Lotto Australia ici !","og_url":"https:\/\/onlinelotto365.com\/fr\/acheter-ticquets\/mon-wed-lotto-australia\/","og_site_name":"OnlineLotto365","article_modified_time":"2021-01-06T10:32:49+00:00","og_image":[{"url":"https:\/\/onlinelotto365.com\/wp-content\/uploads\/2020\/11\/online_lottery-4-300x192.jpeg"}],"twitter_card":"summary_large_image","twitter_misc":{"Dur\u00e9e de lecture estim\u00e9e":"4 minutes"},"schema":{"@context":"https:\/\/schema.org","@graph":[{"@type":"WebPage","@id":"https:\/\/onlinelotto365.com\/fr\/acheter-ticquets\/mon-wed-lotto-australia\/","url":"https:\/\/onlinelotto365.com\/fr\/acheter-ticquets\/mon-wed-lotto-australia\/","name":"Achat de billets en ligne pour le Loto du lundi et du mercredi en Australie","isPartOf":{"@id":"https:\/\/onlinelotto365.com\/fr\/#website"},"primaryImageOfPage":{"@id":"https:\/\/onlinelotto365.com\/fr\/acheter-ticquets\/mon-wed-lotto-australia\/#primaryimage"},"image":{"@id":"https:\/\/onlinelotto365.com\/fr\/acheter-ticquets\/mon-wed-lotto-australia\/#primaryimage"},"thumbnailUrl":"https:\/\/onlinelotto365.com\/wp-content\/uploads\/2020\/11\/online_lottery-4-300x192.jpeg","datePublished":"2020-12-17T10:21:41+00:00","dateModified":"2021-01-06T10:32:49+00:00","description":"Peu importe o\u00f9 vous vivez, et maintenant peu importe ce que vous cherchez, vous pouvez obtenir des billets pour Mon & Wed Lotto Australia ici !","breadcrumb":{"@id":"https:\/\/onlinelotto365.com\/fr\/acheter-ticquets\/mon-wed-lotto-australia\/#breadcrumb"},"inLanguage":"fr-FR","potentialAction":[{"@type":"ReadAction","target":["https:\/\/onlinelotto365.com\/fr\/acheter-ticquets\/mon-wed-lotto-australia\/"]}]},{"@type":"ImageObject","inLanguage":"fr-FR","@id":"https:\/\/onlinelotto365.com\/fr\/acheter-ticquets\/mon-wed-lotto-australia\/#primaryimage","url":"https:\/\/onlinelotto365.com\/wp-content\/uploads\/2020\/11\/online_lottery-4-300x192.jpeg","contentUrl":"https:\/\/onlinelotto365.com\/wp-content\/uploads\/2020\/11\/online_lottery-4-300x192.jpeg"},{"@type":"BreadcrumbList","@id":"https:\/\/onlinelotto365.com\/fr\/acheter-ticquets\/mon-wed-lotto-australia\/#breadcrumb","itemListElement":[{"@type":"ListItem","position":1,"name":"Home","item":"https:\/\/onlinelotto365.com\/fr\/"},{"@type":"ListItem","position":2,"name":"Pourquoi il est plus logique d&rsquo;acheter des billets de loterie en ligne","item":"https:\/\/onlinelotto365.com\/fr\/acheter-ticquets\/"},{"@type":"ListItem","position":3,"name":"Comment acheter en ligne des billets pour le Loto australien du lundi et du mercredi"}]},{"@type":"WebSite","@id":"https:\/\/onlinelotto365.com\/fr\/#website","url":"https:\/\/onlinelotto365.com\/fr\/","name":"OnlineLotto365","description":"","potentialAction":[{"@type":"SearchAction","target":{"@type":"EntryPoint","urlTemplate":"https:\/\/onlinelotto365.com\/fr\/?s={search_term_string}"},"query-input":{"@type":"PropertyValueSpecification","valueRequired":true,"valueName":"search_term_string"}}],"inLanguage":"fr-FR"}]}},"_links":{"self":[{"href":"https:\/\/onlinelotto365.com\/fr\/wp-json\/wp\/v2\/pages\/10419","targetHints":{"allow":["GET"]}}],"collection":[{"href":"https:\/\/onlinelotto365.com\/fr\/wp-json\/wp\/v2\/pages"}],"about":[{"href":"https:\/\/onlinelotto365.com\/fr\/wp-json\/wp\/v2\/types\/page"}],"author":[{"embeddable":true,"href":"https:\/\/onlinelotto365.com\/fr\/wp-json\/wp\/v2\/users\/1"}],"replies":[{"embeddable":true,"href":"https:\/\/onlinelotto365.com\/fr\/wp-json\/wp\/v2\/comments?post=10419"}],"version-history":[{"count":0,"href":"https:\/\/onlinelotto365.com\/fr\/wp-json\/wp\/v2\/pages\/10419\/revisions"}],"up":[{"embeddable":true,"href":"https:\/\/onlinelotto365.com\/fr\/wp-json\/wp\/v2\/pages\/3804"}],"wp:attachment":[{"href":"https:\/\/onlinelotto365.com\/fr\/wp-json\/wp\/v2\/media?parent=10419"}],"curies":[{"name":"wp","href":"https:\/\/api.w.org\/{rel}","templated":true}]}}