{"id":3784,"date":"2020-11-16T15:23:25","date_gmt":"2020-11-16T15:23:25","guid":{"rendered":"http:\/\/onlinelotto365.net\/home"},"modified":"2023-10-04T09:13:14","modified_gmt":"2023-10-04T08:13:14","slug":"welcome-to-onlinelotto365","status":"publish","type":"page","link":"https:\/\/onlinelotto365.com\/fr\/","title":{"rendered":"Bienvenue \u00e0 OnlineLotto365 !"},"content":{"rendered":"<p>Jusqu&rsquo;\u00e0 r\u00e9cemment, nous, les fans de loto, \u00e9tions limit\u00e9s \u00e0 jouer \u00e0 la loterie de notre propre pays ou r\u00e9gion. Nous entendions parler de ces gros jackpots passionnants ailleurs, avec des dizaines voire des centaines de millions de dollars ou d&rsquo;euros ou l&rsquo;\u00e9quivalent en jeu, et nous souhaitions vivre dans des endroits o\u00f9 l&rsquo;on pouvait acheter des billets pour ces gros bonanzas de loterie.<\/p>\n<p><a href=\"https:\/\/redfoxlotto.com\/fr\/?ref=a8564250a2&amp;medium=ol365\" target=\"_blank\" rel=\"noopener noreferrer\"><img loading=\"lazy\" decoding=\"async\" class=\"aligncenter\" src=\"https:\/\/redfoxlotto.com\/fr\/image?size=8&amp;lottery=mega-millions\" alt=\"Mega Millions\" width=\"728\" height=\"90\" \/><\/a><\/p>\n<p>Je sais que vous avez souhait\u00e9 participer \u00e0 cette grande action autant de fois que moi. Nous voyons ces gens encaisser ces m\u00e9ga-prix et nous aimerions que ce soit nous. Nous n&rsquo;avons m\u00eame pas pu jouer, et encore moins gagner.<\/p>\n<p>Eh bien, tout cela va bient\u00f4t changer. Maintenant, <strong>par le biais de notre nouveau service de tickets de loto<\/strong>, cela ne fait absolument aucune diff\u00e9rence que vous viviez dans un pays o\u00f9 une loterie est organis\u00e9e ou non. Enfin, les personnes qui g\u00e8rent ces loteries se rendent compte qu&rsquo;il y a beaucoup de clients potentiels dans d&rsquo;autres pays qui attendent avec impatience une action plus excitante.<\/p>\n<h2>Commander maintenant des billets en ligne<\/h2>\n<p>Ce n&rsquo;est plus le bon vieux temps, et comme nous le savons, l&rsquo;internet a ouvert le monde entier o\u00f9 tout et<strong> tout est maintenant disponible en ligne<\/strong>. Alors pourquoi ne pas avoir acc\u00e8s \u00e0 toutes les grandes loteries du monde ? C&rsquo;est une id\u00e9e dont le temps est d\u00e9finitivement venu, et l&rsquo;attente est maintenant termin\u00e9e.<\/p>\n<p>Nous avons rendu l&rsquo;acc\u00e8s \u00e0 tout cela aussi facile que possible. Tout ce que vous avez \u00e0 faire est de cliquer sur une des loteries, pour avoir un acc\u00e8s instantan\u00e9 \u00e0 plus d&rsquo;un grand nombre de gros jackpots. Ensuite, il vous suffit de suivre les instructions simples qui vous sont fournies, de choisir vos num\u00e9ros et de <a href=\"https:\/\/onlinelotto365.com\/fr\/acheter-ticquets\">acheter votre billet.<\/a><\/p>\n<h2>Paiement s\u00e9curis\u00e9 pour le loto en ligne<\/h2>\n<p>Ce nouveau service formidable offre plusieurs options de paiement pratiques gr\u00e2ce \u00e0 un processeur de paiement de pointe 100% s\u00e9curis\u00e9. Une fois que vous avez effectu\u00e9 l&rsquo;achat de vos billets, ils vous enverront une confirmation par courrier \u00e9lectronique et vous verrez votre billet dans votre compte client. <strong>Nous vous fournirons \u00e9galement une assistance gratuite pour r\u00e9cup\u00e9rer vos <a href=\"https:\/\/onlinelotto365.com\/fr\/numeros-gagnants\">gains<\/a>&lt;<\/strong>, ce dont vous aurez besoin puisque vous ne vivez pas dans le pays o\u00f9 la loterie est organis\u00e9e. Nous n&rsquo;avons pas \u00e0 nous soucier de quoi que ce soit ici puisque tout est totalement couvert pour nos clients.<\/p>\n<h2>Plus les jackpots sont \u00e9lev\u00e9s, plus vous avez de chances<\/h2>\n<p>Ce n&rsquo;est un secret pour personne que la valeur des jeux de loterie augmente consid\u00e9rablement lorsque les jackpots augmentent \u00e9galement. Donc, si vous \u00eates oblig\u00e9 d&rsquo;attendre que le gros loto dans notre pays devienne tr\u00e8s gros, vous allez surtout attendre. Bien s\u00fbr, c&rsquo;est toujours tr\u00e8s amusant de jouer les petits jackpots, mais il n&rsquo;y a absolument rien de tel que de jouer les gros. Non seulement c&rsquo;est beaucoup plus amusant de s&rsquo;imaginer gagner l&rsquo;un de ces prix \u00e9normes dont nous voyons les autres s&rsquo;enrichir, mais les chances sont bien plus grandes pour nous de jouer aux gros lots \u00e9galement.<\/p>\n<p>Il faut du temps pour que les jackpots atteignent la taille monumentale qu&rsquo;ils atteignent avec le temps, et cela signifie qu&rsquo;un laps de temps significatif s&rsquo;est \u00e9coul\u00e9 sans qu&rsquo;aucun <a href=\"https:\/\/onlinelotto365.com\/fr\/news\/comment-jouer-au-loto-international\">gagnant du jackpot de la loterie n&rsquo;ait <\/a>. Ainsi, au fil du temps, tous ces petits jackpots qui n&rsquo;ont pas encore \u00e9t\u00e9 gagn\u00e9s continuent de s&rsquo;accumuler.<\/p>\n<p>Nous n&rsquo;avons pas besoin d&rsquo;entrer dans les d\u00e9tails pour savoir si les gros jackpots sont plus int\u00e9ressants pour vous. Donc, plus vous avez acc\u00e8s \u00e0 ces gros jackpots, mieux c&rsquo;est. Ainsi, lorsqu&rsquo;un service Internet comme celui-ci vous permet de participer \u00e0 tous les gros jeux, c&rsquo;est le mieux que vous puissiez faire pour jouer \u00e0 la loterie.<\/p>\n<p>Vous avez maintenant acc\u00e8s \u00e0 tous les grands jeux, y compris <a href=\"https:\/\/onlinelotto365.com\/fr\/jouer\/powerball\"><strong>U.S. Powerball<\/strong><\/a> et <a href=\"https:\/\/onlinelotto365.com\/fr\/jouer\/mega-millions\"><strong>Mega Millions<\/strong><\/a>, El Gordo en Espagne, <a href=\"https:\/\/onlinelotto365.com\/fr\/jouer\/superenalotto\">Superenalotto<\/a>, <a href=\"https:\/\/onlinelotto365.com\/fr\/jouer\/euromillions\">EuroMillions<\/a>, <a href=\"https:\/\/onlinelotto365.com\/fr\/jouer\/eurojackpot\">Eurojackpot<\/a>, la loterie britannique, diverses loteries australiennes, et bien plus encore.<\/p>\n<p>M\u00eame si vous n&rsquo;\u00eates qu&rsquo;un fan occasionnel du loto, pourquoi vous limiter \u00e0 ceux pour lesquels vous pouvez acheter des billets \u00e0 un stand alors que vous pouvez \u00e9largir vos horizons pour inclure le monde entier gr\u00e2ce \u00e0 ce formidable service en ligne ? Une fois de plus, nous fournissons tout cela \u00e0 titre on\u00e9reux, mais ils ne d\u00e9duiront rien de nos gains.<\/p>\n<h2>Les plus gros jours de paie de l&rsquo;histoire<\/h2>\n<p>Voici une liste des plus gros jackpots remport\u00e9s ces derni\u00e8res ann\u00e9es. Il n&rsquo;est pas surprenant qu&rsquo;ils se soient tous produits aux \u00c9tats-Unis. Les <a href=\"https:\/\/onlinelotto365.com\/fr\/news\/obtenez-des-billets-pour-la-loterie-americaine-en-ligne\">grandes loteries am\u00e9ricaines Powerball et Mega Millions<\/a> g\u00e9n\u00e8rent r\u00e9guli\u00e8rement d&rsquo;\u00e9normes gains. Il n&rsquo;est donc pas surprenant que la plupart des achats en ligne soient destin\u00e9s aux billets de Powerball et de Mega Millions.<\/p>\n<ul>\n<li>$ 1568 millions, le jackpot de Powerball a \u00e9t\u00e9 remport\u00e9 le 13 janvier 2016. Ce jackpot a \u00e9t\u00e9 partag\u00e9 entre 3 gagnants.<\/li>\n<li>$ 1537 millions, jackpot du M\u00e9ga Millions remport\u00e9 par un seul gagnant le 23 octobre 2018<\/li>\n<li>$ 768 millions, gagn\u00e9 \u00e0 Powerball le 27 mars 2019<\/li>\n<li>$ 758 millions, remport\u00e9 \u00e0 Powerball par un seul gagnant en ao\u00fbt 2017<\/li>\n<li>$ 687 millions, \u00e0 partager entre deux gagnants de Powerball le 27 octobre 2018<\/li>\n<li>$ 656 millions, un jackpot de Mega Millions r\u00e9parti entre trois gagnants en mars 2016<\/li>\n<\/ul>\n<p>Vous avez maintenant la possibilit\u00e9 de gagner gros \u00e0 l&rsquo;une de ces loteries. Pr\u00e9parez-vous \u00e0 \u00eatre expos\u00e9 \u00e0 ce que le monde a de mieux \u00e0 offrir et, plus important encore, augmentez consid\u00e9rablement vos chances de gagner des richesses !<\/p>\n<h2>Evolution de la loterie<\/h2>\n<p><img loading=\"lazy\" decoding=\"async\" class=\" wp-image-1840 alignright\" src=\"https:\/\/onlinelotto365.com\/wp-content\/uploads\/2021\/02\/international-lottery.jpg\" alt=\"loteries internationales\" width=\"250\" height=\"200\" \/><br \/>\nHistoriquement, les premi\u00e8res loteries semblent avoir \u00e9t\u00e9 organis\u00e9es en Chine, et m\u00eame \u00e0 cette \u00e9poque, ces loteries servaient principalement \u00e0 financer des projets publics. M\u00eame la Grande Muraille de Chine pourrait avoir \u00e9t\u00e9 l&rsquo;un de ces projets. Dans la Rome antique, les loteries \u00e9taient organis\u00e9es lors d&rsquo;\u00e9v\u00e9nements destin\u00e9s aux citoyens riches, et les recettes servaient \u00e0 financer les travaux de r\u00e9paration de la ville. En janvier 1449, une guerre entre Milan et Venise a \u00e9t\u00e9 financ\u00e9e par une loterie.<\/p>\n<p>Au fil des si\u00e8cles, les loteries ont \u00e9t\u00e9 pour la plupart sanctionn\u00e9es et g\u00e9r\u00e9es par les \u00c9tats et les gouvernements pour collecter des fonds. D&rsquo;une certaine mani\u00e8re, ces loteries servaient de <a href=\"https:\/\/onlinelotto365.com\/fr\/news\/quels-pays-et-loteries-facturent-des-taxes-sur-les-gains\">imposition volontaire<\/a> forme de taxation des masses. De ce fait, le pourcentage des revenus g\u00e9n\u00e9r\u00e9s par la vente de billets par rapport au paiement des prix est et \u00e9tait souvent assez faible.<\/p>\n<h2>La loterie \u00e0 l&rsquo;\u00e9poque moderne<\/h2>\n<p>Depuis qu&rsquo;Internet a facilit\u00e9 les choses pour beaucoup d&rsquo;entre nous, la plupart des loteries nationales ont commenc\u00e9 \u00e0 offrir la possibilit\u00e9 d&rsquo;acheter des billets en ligne. Mais l&rsquo;achat de billets de loterie en ligne via les sites web des loteries nationales \u00e9tait r\u00e9serv\u00e9 aux joueurs du pays de cette loterie. Bien que l&rsquo;achat en ligne ait \u00e9t\u00e9 rendu plus pratique, cela n&rsquo;a pas am\u00e9lior\u00e9 les chances de gagner de quelque mani\u00e8re que ce soit. Cela ne sera r\u00e9alis\u00e9 que lors de la prochaine \u00e9tape de l&rsquo;\u00e9volution de la loterie.<\/p>\n<h2>Plus de choix vous donne de meilleures chances<\/h2>\n<p>L&rsquo;id\u00e9e d&rsquo;un service comme le n\u00f4tre qui permet aux fans de loto de participer \u00e0 des loteries d&rsquo;autres juridictions \u00e9tait la prochaine \u00e9tape logique dans le d\u00e9veloppement. D\u00e9sormais, les joueurs de loto peuvent choisir parmi un certain nombre de loteries. En visant le jackpot le plus \u00e9lev\u00e9 actuellement, ils peuvent am\u00e9liorer consid\u00e9rablement leurs attentes de gain. Pour les loteries telles que Mega Millions, Powerball et Euromillions, le pourcentage de billets de loterie achet\u00e9s en ligne par des joueurs du monde entier augmente de mois en mois.<\/p>\n","protected":false},"excerpt":{"rendered":"<p>Jusqu&rsquo;\u00e0 r\u00e9cemment, nous, les fans de loto, \u00e9tions limit\u00e9s \u00e0 jouer \u00e0 la loterie de notre propre pays ou r\u00e9gion. Nous entendions parler de ces gros jackpots passionnants ailleurs, avec des dizaines voire des centaines de millions de dollars ou d&rsquo;euros ou l&rsquo;\u00e9quivalent en jeu, et nous souhaitions vivre dans des endroits o\u00f9 l&rsquo;on pouvait [&hellip;]<\/p>\n","protected":false},"author":1,"featured_media":0,"parent":0,"menu_order":1,"comment_status":"closed","ping_status":"closed","template":"lotto.php","meta":{"_et_pb_use_builder":"","_et_pb_old_content":"","_et_gb_content_width":"","exclude_from_search":false,"footnotes":""},"class_list":["post-3784","page","type-page","status-publish","hentry"],"yoast_head":"<!-- This site is optimized with the Yoast SEO plugin v23.4 - https:\/\/yoast.com\/wordpress\/plugins\/seo\/ -->\n<title>Loto en ligne | Tous les jackpots de loterie du monde accessibles en ligne<\/title>\n<meta name=\"description\" content=\"Service de billets de loto en ligne pour tout jackpot international. Obtenez des billets pour n&#039;importe quelle loterie du monde, o\u00f9 que vous viviez\" \/>\n<meta name=\"robots\" content=\"index, follow, max-snippet:-1, max-image-preview:large, max-video-preview:-1\" \/>\n<link rel=\"canonical\" href=\"https:\/\/onlinelotto365.com\/fr\/\" \/>\n<meta property=\"og:locale\" content=\"fr_FR\" \/>\n<meta property=\"og:type\" content=\"article\" \/>\n<meta property=\"og:title\" content=\"Loto en ligne | Tous les jackpots de loterie du monde accessibles en ligne\" \/>\n<meta property=\"og:description\" content=\"Service de billets de loto en ligne pour tout jackpot international. Obtenez des billets pour n&#039;importe quelle loterie du monde, o\u00f9 que vous viviez\" \/>\n<meta property=\"og:url\" content=\"https:\/\/onlinelotto365.com\/fr\/\" \/>\n<meta property=\"og:site_name\" content=\"OnlineLotto365\" \/>\n<meta property=\"article:modified_time\" content=\"2023-10-04T08:13:14+00:00\" \/>\n<meta property=\"og:image\" content=\"https:\/\/redfoxlotto.com\/fr\/image?size=8&amp;lottery=mega-millions\" \/>\n<meta name=\"twitter:card\" content=\"summary_large_image\" \/>\n<meta name=\"twitter:label1\" content=\"Dur\u00e9e de lecture estim\u00e9e\" \/>\n\t<meta name=\"twitter:data1\" content=\"6 minutes\" \/>\n<script type=\"application\/ld+json\" class=\"yoast-schema-graph\">{\"@context\":\"https:\/\/schema.org\",\"@graph\":[{\"@type\":\"WebPage\",\"@id\":\"https:\/\/onlinelotto365.com\/fr\/\",\"url\":\"https:\/\/onlinelotto365.com\/fr\/\",\"name\":\"Loto en ligne | Tous les jackpots de loterie du monde accessibles en ligne\",\"isPartOf\":{\"@id\":\"https:\/\/onlinelotto365.com\/fr\/#website\"},\"primaryImageOfPage\":{\"@id\":\"https:\/\/onlinelotto365.com\/fr\/#primaryimage\"},\"image\":{\"@id\":\"https:\/\/onlinelotto365.com\/fr\/#primaryimage\"},\"thumbnailUrl\":\"https:\/\/redfoxlotto.com\/fr\/image?size=8&amp;lottery=mega-millions\",\"datePublished\":\"2020-11-16T15:23:25+00:00\",\"dateModified\":\"2023-10-04T08:13:14+00:00\",\"description\":\"Service de billets de loto en ligne pour tout jackpot international. Obtenez des billets pour n'importe quelle loterie du monde, o\u00f9 que vous viviez\",\"breadcrumb\":{\"@id\":\"https:\/\/onlinelotto365.com\/fr\/#breadcrumb\"},\"inLanguage\":\"fr-FR\",\"potentialAction\":[{\"@type\":\"ReadAction\",\"target\":[\"https:\/\/onlinelotto365.com\/fr\/\"]}]},{\"@type\":\"ImageObject\",\"inLanguage\":\"fr-FR\",\"@id\":\"https:\/\/onlinelotto365.com\/fr\/#primaryimage\",\"url\":\"https:\/\/redfoxlotto.com\/fr\/image?size=8&amp;lottery=mega-millions\",\"contentUrl\":\"https:\/\/redfoxlotto.com\/fr\/image?size=8&amp;lottery=mega-millions\"},{\"@type\":\"BreadcrumbList\",\"@id\":\"https:\/\/onlinelotto365.com\/fr\/#breadcrumb\",\"itemListElement\":[{\"@type\":\"ListItem\",\"position\":1,\"name\":\"Home\",\"item\":\"https:\/\/onlinelotto365.com\/fr\/\"},{\"@type\":\"ListItem\",\"position\":2,\"name\":\"Bienvenue \u00e0 OnlineLotto365 !\"}]},{\"@type\":\"WebSite\",\"@id\":\"https:\/\/onlinelotto365.com\/fr\/#website\",\"url\":\"https:\/\/onlinelotto365.com\/fr\/\",\"name\":\"OnlineLotto365\",\"description\":\"\",\"potentialAction\":[{\"@type\":\"SearchAction\",\"target\":{\"@type\":\"EntryPoint\",\"urlTemplate\":\"https:\/\/onlinelotto365.com\/fr\/?s={search_term_string}\"},\"query-input\":{\"@type\":\"PropertyValueSpecification\",\"valueRequired\":true,\"valueName\":\"search_term_string\"}}],\"inLanguage\":\"fr-FR\"}]}<\/script>\n<!-- \/ Yoast SEO plugin. -->","yoast_head_json":{"title":"Loto en ligne | Tous les jackpots de loterie du monde accessibles en ligne","description":"Service de billets de loto en ligne pour tout jackpot international. Obtenez des billets pour n'importe quelle loterie du monde, o\u00f9 que vous viviez","robots":{"index":"index","follow":"follow","max-snippet":"max-snippet:-1","max-image-preview":"max-image-preview:large","max-video-preview":"max-video-preview:-1"},"canonical":"https:\/\/onlinelotto365.com\/fr\/","og_locale":"fr_FR","og_type":"article","og_title":"Loto en ligne | Tous les jackpots de loterie du monde accessibles en ligne","og_description":"Service de billets de loto en ligne pour tout jackpot international. Obtenez des billets pour n'importe quelle loterie du monde, o\u00f9 que vous viviez","og_url":"https:\/\/onlinelotto365.com\/fr\/","og_site_name":"OnlineLotto365","article_modified_time":"2023-10-04T08:13:14+00:00","og_image":[{"url":"https:\/\/redfoxlotto.com\/fr\/image?size=8&amp;lottery=mega-millions"}],"twitter_card":"summary_large_image","twitter_misc":{"Dur\u00e9e de lecture estim\u00e9e":"6 minutes"},"schema":{"@context":"https:\/\/schema.org","@graph":[{"@type":"WebPage","@id":"https:\/\/onlinelotto365.com\/fr\/","url":"https:\/\/onlinelotto365.com\/fr\/","name":"Loto en ligne | Tous les jackpots de loterie du monde accessibles en ligne","isPartOf":{"@id":"https:\/\/onlinelotto365.com\/fr\/#website"},"primaryImageOfPage":{"@id":"https:\/\/onlinelotto365.com\/fr\/#primaryimage"},"image":{"@id":"https:\/\/onlinelotto365.com\/fr\/#primaryimage"},"thumbnailUrl":"https:\/\/redfoxlotto.com\/fr\/image?size=8&amp;lottery=mega-millions","datePublished":"2020-11-16T15:23:25+00:00","dateModified":"2023-10-04T08:13:14+00:00","description":"Service de billets de loto en ligne pour tout jackpot international. Obtenez des billets pour n'importe quelle loterie du monde, o\u00f9 que vous viviez","breadcrumb":{"@id":"https:\/\/onlinelotto365.com\/fr\/#breadcrumb"},"inLanguage":"fr-FR","potentialAction":[{"@type":"ReadAction","target":["https:\/\/onlinelotto365.com\/fr\/"]}]},{"@type":"ImageObject","inLanguage":"fr-FR","@id":"https:\/\/onlinelotto365.com\/fr\/#primaryimage","url":"https:\/\/redfoxlotto.com\/fr\/image?size=8&amp;lottery=mega-millions","contentUrl":"https:\/\/redfoxlotto.com\/fr\/image?size=8&amp;lottery=mega-millions"},{"@type":"BreadcrumbList","@id":"https:\/\/onlinelotto365.com\/fr\/#breadcrumb","itemListElement":[{"@type":"ListItem","position":1,"name":"Home","item":"https:\/\/onlinelotto365.com\/fr\/"},{"@type":"ListItem","position":2,"name":"Bienvenue \u00e0 OnlineLotto365 !"}]},{"@type":"WebSite","@id":"https:\/\/onlinelotto365.com\/fr\/#website","url":"https:\/\/onlinelotto365.com\/fr\/","name":"OnlineLotto365","description":"","potentialAction":[{"@type":"SearchAction","target":{"@type":"EntryPoint","urlTemplate":"https:\/\/onlinelotto365.com\/fr\/?s={search_term_string}"},"query-input":{"@type":"PropertyValueSpecification","valueRequired":true,"valueName":"search_term_string"}}],"inLanguage":"fr-FR"}]}},"_links":{"self":[{"href":"https:\/\/onlinelotto365.com\/fr\/wp-json\/wp\/v2\/pages\/3784","targetHints":{"allow":["GET"]}}],"collection":[{"href":"https:\/\/onlinelotto365.com\/fr\/wp-json\/wp\/v2\/pages"}],"about":[{"href":"https:\/\/onlinelotto365.com\/fr\/wp-json\/wp\/v2\/types\/page"}],"author":[{"embeddable":true,"href":"https:\/\/onlinelotto365.com\/fr\/wp-json\/wp\/v2\/users\/1"}],"replies":[{"embeddable":true,"href":"https:\/\/onlinelotto365.com\/fr\/wp-json\/wp\/v2\/comments?post=3784"}],"version-history":[{"count":0,"href":"https:\/\/onlinelotto365.com\/fr\/wp-json\/wp\/v2\/pages\/3784\/revisions"}],"wp:attachment":[{"href":"https:\/\/onlinelotto365.com\/fr\/wp-json\/wp\/v2\/media?parent=3784"}],"curies":[{"name":"wp","href":"https:\/\/api.w.org\/{rel}","templated":true}]}}