{"id":3794,"date":"2020-11-17T18:20:25","date_gmt":"2020-11-17T18:20:25","guid":{"rendered":"http:\/\/onlinelotto365.net\/winning-numbers"},"modified":"2021-01-02T16:35:49","modified_gmt":"2021-01-02T15:35:49","slug":"numeros-gagnants","status":"publish","type":"page","link":"https:\/\/onlinelotto365.com\/fr\/numeros-gagnants\/","title":{"rendered":"Trouvez les num\u00e9ros gagnants et les r\u00e9sultats des derniers tirages du loto"},"content":{"rendered":"<p>Vous trouverez ici les num\u00e9ros gagnants des plus grandes loteries internationales du monde. Nous mettons cette page \u00e0 jour en permanence, revenez donc pour obtenir les derniers r\u00e9sultats chaque fois que vous en aurez besoin. Si vous avez jou\u00e9 dans l&rsquo;une de ces loteries internationales, nous esp\u00e9rons que votre billet comporte les num\u00e9ros gagnants ! Et au fait &#8211; savez-vous que plusieurs fois dans l&rsquo;histoire, des joueurs ont gagn\u00e9 gros en <strong>utilisant les num\u00e9ros gagnants d&rsquo;une loterie \u00e9trang\u00e8re pour les jouer dans leur propre loterie locale ?<\/strong><\/p>\n<p>Mais surtout, vous ne saviez probablement pas que vous avez maintenant le choix de participer aux plus grandes loteries de la plan\u00e8te &#8211; m\u00eame \u00e0 des loteries dans d&rsquo;autres pays que le v\u00f4tre ! Que vous soyez int\u00e9ress\u00e9 par Powerball, Mega Millions, Euromillions ou toute autre loterie propos\u00e9e ici, vous pouvez obtenir des billets en ligne d\u00e8s maintenant. Pour participer, il vous suffit de cliquer sur le bouton \u00ab\u00a0Jouer\u00a0\u00bb de votre loterie pr\u00e9f\u00e9r\u00e9e \u00e0 c\u00f4t\u00e9 des r\u00e9sultats ci-dessous. En quelques minutes, vous aurez vos billets. Personnellement, nous vous recommandons de regarder la taille des jackpots et de choisir la loterie qui a actuellement le jackpot le plus \u00e9lev\u00e9 !<\/p>\n<p><a href=\"https:\/\/redfoxlotto.com\/fr\/?ref=a8564250a2&amp;medium=ol365\" target=\"_blank\" rel=\"noopener noreferrer\"><img loading=\"lazy\" decoding=\"async\" class=\"aligncenter\" src=\"https:\/\/redfoxlotto.com\/fr\/image?size=8&amp;lottery=eurojackpot\" alt=\"eurojackpot\" width=\"720\" height=\"90\" \/><\/a><\/p>\n<h2>Comment v\u00e9rifier les r\u00e9sultats du loto d&rsquo;aujourd&rsquo;hui<\/h2>\n<p>Aimez-vous jouer au loto ? Peut-\u00eatre que vous jouez plusieurs fois par jour ou que vous jouez tous les jours, ou peut-\u00eatre que vous ne jouez qu&rsquo;une fois de temps en temps. Cependant, quelle que soit la fr\u00e9quence \u00e0 laquelle vous jouez, vous voulez \u00eatre s\u00fbr de toujours savoir quels sont les num\u00e9ros gagnants. Vous ne voulez jamais risquer de manquer un paiement parce que vous n&rsquo;avez pas v\u00e9rifi\u00e9 les num\u00e9ros. Alors, comment conna\u00eetre le r\u00e9sultat de la loterie aujourd&rsquo;hui ? C&rsquo;est en fait plus facile que vous ne le pensez, car il existe toute une s\u00e9rie d&rsquo;options diff\u00e9rentes.<\/p>\n<h2>O\u00f9 trouver le r\u00e9sultat de la loterie aujourd&rsquo;hui<\/h2>\n<p>Vous souhaitez obtenir des r\u00e9sultats imm\u00e9diatement ? D\u00e8s qu&rsquo;ils sont disponibles ? Si c&rsquo;est le cas, vous voudrez alors <strong>revenir \u00e0 votre service de billetterie en ligne.<\/strong> Vous serez certainement heureux car les r\u00e9sultats de la loterie sont disponibles non seulement le jour du tirage, mais aussi imm\u00e9diatement au moment du tirage. Ainsi, si vous \u00eates du genre impatient, vous n&rsquo;aurez aucun probl\u00e8me \u00e0 obtenir les r\u00e9sultats d\u00e8s qu&rsquo;ils seront disponibles. Sans compter que vous serez pr\u00eat et capable de commencer \u00e0 jouer votre prochaine s\u00e9rie de num\u00e9ros d\u00e8s que vous saurez si vous avez gagn\u00e9 ou non.<\/p>\n<h2>Connectez-vous et consultez la section Mes billets<\/h2>\n<p>Le moyen le plus pratique et le plus s\u00fbr de savoir si vous avez gagn\u00e9 quelque chose est de vous<strong> connecter \u00e0 votre compte et de v\u00e9rifier vos billets existants<\/strong>. Une fois les r\u00e9sultats du tirage au sort connus, vous pouvez facilement comparer vos billets avec les num\u00e9ros gagnants. Avec un billet en ligne, il n&rsquo;y a pas non plus de risque de perdre le billet. Il est toujours l\u00e0, sur votre compte. Et nous vous informerons \u00e9galement de tout gain !<\/p>\n<p>Si vous avez achet\u00e9 des billets en ligne par notre interm\u00e9diaire, nous vous enverrons toujours une <strong>notification par courrier \u00e9lectronique au cas o\u00f9 vous auriez gagn\u00e9<\/strong> quelque chose. Bien entendu, il est important que votre fournisseur de messagerie \u00e9lectronique ne d\u00e9place pas nos e-mails dans un r\u00e9pertoire de spam ou de courrier ind\u00e9sirable. Assurez-vous que vous nous ajoutez \u00e0 votre liste d&rsquo;exp\u00e9diteurs de confiance.<\/p>\n<h2>Diffuser le dessin en streaming<\/h2>\n<p>Il existe en fait certains services qui vous permettent de diffuser en continu les \u00e9v\u00e9nements du tirage au sort directement sur votre appareil mobile. Ainsi, si aucune de vos cha\u00eenes de t\u00e9l\u00e9vision locales ne diffuse le tirage qui vous int\u00e9resse, vous n&rsquo;aurez aucun probl\u00e8me pour diffuser le tirage en direct afin d&rsquo;\u00eatre pr\u00eat lorsque le num\u00e9ro sortira. Essayez de rechercher votre loterie pr\u00e9f\u00e9r\u00e9e sur <em><strong><a href=\"http:\/\/youtube.com\">Youtube<\/a><\/strong><\/em>. La plupart des tirages de loterie ne sont pas diffus\u00e9s en direct sur Youtube, mais des vid\u00e9os du tirage peuvent \u00eatre t\u00e9l\u00e9charg\u00e9es peu apr\u00e8s la publication des r\u00e9sultats.<\/p>\n<h2>Retrouvez-les plus tard<\/h2>\n<p>Si vous n&rsquo;\u00eates pas aussi soucieux de d\u00e9couvrir le dessin d\u00e8s qu&rsquo;il se produit, vous pouvez consulter plusieurs options pour le retrouver plus tard. Certaines de ces options se pr\u00e9senteront juste apr\u00e8s le tirage et d&rsquo;autres ne se pr\u00e9senteront pas avant le lendemain. C&rsquo;est donc \u00e0 vous de d\u00e9cider quelle m\u00e9thode est la meilleure et comment vous voulez trouver les num\u00e9ros. Si vous \u00eates pr\u00eat \u00e0 attendre plus longtemps, par exemple, vous pouvez consulter le journal le lendemain du tirage. Si vous voulez savoir rapidement, il existe des sites web officiels que vous pouvez consulter pour trouver plus d&rsquo;informations juste apr\u00e8s le tirage au sort.<\/p>\n<p>Le journal est l&rsquo;une des <strong>m\u00e9thodes les plus courantes pour v\u00e9rifier les num\u00e9ros de loto<\/strong> et ce sera aussi l&rsquo;une des plus faciles. Le journal publie tous les num\u00e9ros gagnants le lendemain de leur sortie et vous pourrez voir tous les r\u00e9sultats de la journ\u00e9e enti\u00e8re en un seul endroit. De cette fa\u00e7on, si vous jouez \u00e0 plusieurs jeux, vous pouvez v\u00e9rifier tous les num\u00e9ros en m\u00eame temps. Il vous suffit de vous abonner \u00e0 un journal ou de vous rendre dans un magasin ou une \u00e9picerie pour en retirer un le lendemain.<\/p>\n<p>Si vous voulez savoir rapidement, mais que vous ne voulez ou ne pouvez pas regarder le dessin en direct, le mieux est de vous mettre en ligne. Ce qui est g\u00e9nial, c&rsquo;est que vous pouvez trouver tous les r\u00e9sultats des plus gros tirages et jackpots directement sur Red Fox Lotto, de sorte que vous connaissez toujours le r\u00e9sultat de la loterie du jour. Gr\u00e2ce \u00e0 ce service, vous pouvez vous connecter et voir tout ce qui vous est pr\u00e9sent\u00e9 sur la page d&rsquo;accueil, du dernier tirage au plus ancien, afin de pouvoir faire d\u00e9filer tout ce que vous voulez. Vous pouvez ainsi faire d\u00e9filer tout ce que vous voulez, sans oublier que vous verrez o\u00f9 le jeu a \u00e9t\u00e9 jou\u00e9 et quel est le montant total du gain. Vous aurez donc tout ce qu&rsquo;il faut savoir.<\/p>\n<h2>Trouver les paiements<\/h2>\n<p>Alors, que faire si vous avez d\u00e9j\u00e0 regard\u00e9 les chiffres mais que vous voulez maintenant en savoir plus <strong>sur les paiements<\/strong>? En fait, c&rsquo;est tr\u00e8s simple. Il vous suffit de consulter notre site de vente de billets en ligne. Toutes ces informations seront ici, et nous les mettrons \u00e0 jour en temps r\u00e9el.<\/p>\n<h2>R\u00e9clamer des prix en ligne<\/h2>\n<p>Si vous gagnez un prix en ligne, la proc\u00e9dure est diff\u00e9rente de celle que vous feriez si vous gagniez avec un billet achet\u00e9 au magasin. Si vous gagnez un montant sup\u00e9rieur \u00e0 2 500 euros, vous devrez remplir un formulaire sur notre plateforme en ligne afin de r\u00e9clamer votre prix. Nous nous occuperons de tout le reste pour vous.<\/p>\n<p>Les gains inf\u00e9rieurs \u00e0 2500 \u20ac seront imm\u00e9diatement cr\u00e9dit\u00e9s sur votre compte de joueur sur notre site. \u00c0 partir de l\u00e0, vous pouvez soit utiliser les fonds pour acheter d&rsquo;autres billets, soit commencer un retrait de fonds. Pour effectuer un retrait, vous pouvez utiliser n&rsquo;importe quel mode de paiement qui a \u00e9t\u00e9 utilis\u00e9 pr\u00e9c\u00e9demment pour un achat ou un d\u00e9p\u00f4t.<\/p>\n<h2>R\u00e9sum\u00e9<\/h2>\n<p>Si vous cherchez \u00e0 trouver le r\u00e9sultat de la loterie aujourd&rsquo;hui, il s&rsquo;agit de savoir o\u00f9 chercher. Que vous cherchiez en ligne, en direct ou le lendemain, vous n&rsquo;aurez aucun probl\u00e8me avec le processus. Vous pourrez <strong>suivre vos num\u00e9ros et ceux qui ont \u00e9t\u00e9 gagn\u00e9s<\/strong>. Et vous pourrez continuer \u00e0 jouer \u00e0 vos jeux de loto pr\u00e9f\u00e9r\u00e9s et m\u00eame en d\u00e9couvrir de nouveaux dans des r\u00e9gions compl\u00e8tement diff\u00e9rentes du monde. Quoi de mieux que cela ?<\/p>\n","protected":false},"excerpt":{"rendered":"<p>Vous trouverez ici les num\u00e9ros gagnants des plus grandes loteries internationales du monde. Nous mettons cette page \u00e0 jour en permanence, revenez donc pour obtenir les derniers r\u00e9sultats chaque fois que vous en aurez besoin. Si vous avez jou\u00e9 dans l&rsquo;une de ces loteries internationales, nous esp\u00e9rons que votre billet comporte les num\u00e9ros gagnants ! [&hellip;]<\/p>\n","protected":false},"author":1,"featured_media":0,"parent":0,"menu_order":4,"comment_status":"closed","ping_status":"closed","template":"Results.php","meta":{"_et_pb_use_builder":"","_et_pb_old_content":"","_et_gb_content_width":"","exclude_from_search":false,"footnotes":""},"class_list":["post-3794","page","type-page","status-publish","hentry"],"yoast_head":"<!-- This site is optimized with the Yoast SEO plugin v23.4 - https:\/\/yoast.com\/wordpress\/plugins\/seo\/ -->\n<title>Gagner des num\u00e9ros de loterie et des r\u00e9sultats pour les plus gros jackpots du monde<\/title>\n<meta name=\"description\" content=\"Vous trouverez ici les r\u00e9sultats du loto de cette semaine et les num\u00e9ros gagnants des plus grandes loteries\" \/>\n<meta name=\"robots\" content=\"index, follow, max-snippet:-1, max-image-preview:large, max-video-preview:-1\" \/>\n<link rel=\"canonical\" href=\"https:\/\/onlinelotto365.com\/fr\/numeros-gagnants\/\" \/>\n<meta property=\"og:locale\" content=\"fr_FR\" \/>\n<meta property=\"og:type\" content=\"article\" \/>\n<meta property=\"og:title\" content=\"Gagner des num\u00e9ros de loterie et des r\u00e9sultats pour les plus gros jackpots du monde\" \/>\n<meta property=\"og:description\" content=\"Vous trouverez ici les r\u00e9sultats du loto de cette semaine et les num\u00e9ros gagnants des plus grandes loteries\" \/>\n<meta property=\"og:url\" content=\"https:\/\/onlinelotto365.com\/fr\/numeros-gagnants\/\" \/>\n<meta property=\"og:site_name\" content=\"OnlineLotto365\" \/>\n<meta property=\"article:modified_time\" content=\"2021-01-02T15:35:49+00:00\" \/>\n<meta property=\"og:image\" content=\"https:\/\/redfoxlotto.com\/fr\/image?size=8&amp;lottery=eurojackpot\" \/>\n<meta name=\"twitter:card\" content=\"summary_large_image\" \/>\n<meta name=\"twitter:label1\" content=\"Dur\u00e9e de lecture estim\u00e9e\" \/>\n\t<meta name=\"twitter:data1\" content=\"7 minutes\" \/>\n<script type=\"application\/ld+json\" class=\"yoast-schema-graph\">{\"@context\":\"https:\/\/schema.org\",\"@graph\":[{\"@type\":\"WebPage\",\"@id\":\"https:\/\/onlinelotto365.com\/fr\/numeros-gagnants\/\",\"url\":\"https:\/\/onlinelotto365.com\/fr\/numeros-gagnants\/\",\"name\":\"Gagner des num\u00e9ros de loterie et des r\u00e9sultats pour les plus gros jackpots du monde\",\"isPartOf\":{\"@id\":\"https:\/\/onlinelotto365.com\/fr\/#website\"},\"primaryImageOfPage\":{\"@id\":\"https:\/\/onlinelotto365.com\/fr\/numeros-gagnants\/#primaryimage\"},\"image\":{\"@id\":\"https:\/\/onlinelotto365.com\/fr\/numeros-gagnants\/#primaryimage\"},\"thumbnailUrl\":\"https:\/\/redfoxlotto.com\/fr\/image?size=8&amp;lottery=eurojackpot\",\"datePublished\":\"2020-11-17T18:20:25+00:00\",\"dateModified\":\"2021-01-02T15:35:49+00:00\",\"description\":\"Vous trouverez ici les r\u00e9sultats du loto de cette semaine et les num\u00e9ros gagnants des plus grandes loteries\",\"breadcrumb\":{\"@id\":\"https:\/\/onlinelotto365.com\/fr\/numeros-gagnants\/#breadcrumb\"},\"inLanguage\":\"fr-FR\",\"potentialAction\":[{\"@type\":\"ReadAction\",\"target\":[\"https:\/\/onlinelotto365.com\/fr\/numeros-gagnants\/\"]}]},{\"@type\":\"ImageObject\",\"inLanguage\":\"fr-FR\",\"@id\":\"https:\/\/onlinelotto365.com\/fr\/numeros-gagnants\/#primaryimage\",\"url\":\"https:\/\/redfoxlotto.com\/fr\/image?size=8&amp;lottery=eurojackpot\",\"contentUrl\":\"https:\/\/redfoxlotto.com\/fr\/image?size=8&amp;lottery=eurojackpot\"},{\"@type\":\"BreadcrumbList\",\"@id\":\"https:\/\/onlinelotto365.com\/fr\/numeros-gagnants\/#breadcrumb\",\"itemListElement\":[{\"@type\":\"ListItem\",\"position\":1,\"name\":\"Home\",\"item\":\"https:\/\/onlinelotto365.com\/fr\/\"},{\"@type\":\"ListItem\",\"position\":2,\"name\":\"Trouvez les num\u00e9ros gagnants et les r\u00e9sultats des derniers tirages du loto\"}]},{\"@type\":\"WebSite\",\"@id\":\"https:\/\/onlinelotto365.com\/fr\/#website\",\"url\":\"https:\/\/onlinelotto365.com\/fr\/\",\"name\":\"OnlineLotto365\",\"description\":\"\",\"potentialAction\":[{\"@type\":\"SearchAction\",\"target\":{\"@type\":\"EntryPoint\",\"urlTemplate\":\"https:\/\/onlinelotto365.com\/fr\/?s={search_term_string}\"},\"query-input\":{\"@type\":\"PropertyValueSpecification\",\"valueRequired\":true,\"valueName\":\"search_term_string\"}}],\"inLanguage\":\"fr-FR\"}]}<\/script>\n<!-- \/ Yoast SEO plugin. -->","yoast_head_json":{"title":"Gagner des num\u00e9ros de loterie et des r\u00e9sultats pour les plus gros jackpots du monde","description":"Vous trouverez ici les r\u00e9sultats du loto de cette semaine et les num\u00e9ros gagnants des plus grandes loteries","robots":{"index":"index","follow":"follow","max-snippet":"max-snippet:-1","max-image-preview":"max-image-preview:large","max-video-preview":"max-video-preview:-1"},"canonical":"https:\/\/onlinelotto365.com\/fr\/numeros-gagnants\/","og_locale":"fr_FR","og_type":"article","og_title":"Gagner des num\u00e9ros de loterie et des r\u00e9sultats pour les plus gros jackpots du monde","og_description":"Vous trouverez ici les r\u00e9sultats du loto de cette semaine et les num\u00e9ros gagnants des plus grandes loteries","og_url":"https:\/\/onlinelotto365.com\/fr\/numeros-gagnants\/","og_site_name":"OnlineLotto365","article_modified_time":"2021-01-02T15:35:49+00:00","og_image":[{"url":"https:\/\/redfoxlotto.com\/fr\/image?size=8&amp;lottery=eurojackpot"}],"twitter_card":"summary_large_image","twitter_misc":{"Dur\u00e9e de lecture estim\u00e9e":"7 minutes"},"schema":{"@context":"https:\/\/schema.org","@graph":[{"@type":"WebPage","@id":"https:\/\/onlinelotto365.com\/fr\/numeros-gagnants\/","url":"https:\/\/onlinelotto365.com\/fr\/numeros-gagnants\/","name":"Gagner des num\u00e9ros de loterie et des r\u00e9sultats pour les plus gros jackpots du monde","isPartOf":{"@id":"https:\/\/onlinelotto365.com\/fr\/#website"},"primaryImageOfPage":{"@id":"https:\/\/onlinelotto365.com\/fr\/numeros-gagnants\/#primaryimage"},"image":{"@id":"https:\/\/onlinelotto365.com\/fr\/numeros-gagnants\/#primaryimage"},"thumbnailUrl":"https:\/\/redfoxlotto.com\/fr\/image?size=8&amp;lottery=eurojackpot","datePublished":"2020-11-17T18:20:25+00:00","dateModified":"2021-01-02T15:35:49+00:00","description":"Vous trouverez ici les r\u00e9sultats du loto de cette semaine et les num\u00e9ros gagnants des plus grandes loteries","breadcrumb":{"@id":"https:\/\/onlinelotto365.com\/fr\/numeros-gagnants\/#breadcrumb"},"inLanguage":"fr-FR","potentialAction":[{"@type":"ReadAction","target":["https:\/\/onlinelotto365.com\/fr\/numeros-gagnants\/"]}]},{"@type":"ImageObject","inLanguage":"fr-FR","@id":"https:\/\/onlinelotto365.com\/fr\/numeros-gagnants\/#primaryimage","url":"https:\/\/redfoxlotto.com\/fr\/image?size=8&amp;lottery=eurojackpot","contentUrl":"https:\/\/redfoxlotto.com\/fr\/image?size=8&amp;lottery=eurojackpot"},{"@type":"BreadcrumbList","@id":"https:\/\/onlinelotto365.com\/fr\/numeros-gagnants\/#breadcrumb","itemListElement":[{"@type":"ListItem","position":1,"name":"Home","item":"https:\/\/onlinelotto365.com\/fr\/"},{"@type":"ListItem","position":2,"name":"Trouvez les num\u00e9ros gagnants et les r\u00e9sultats des derniers tirages du loto"}]},{"@type":"WebSite","@id":"https:\/\/onlinelotto365.com\/fr\/#website","url":"https:\/\/onlinelotto365.com\/fr\/","name":"OnlineLotto365","description":"","potentialAction":[{"@type":"SearchAction","target":{"@type":"EntryPoint","urlTemplate":"https:\/\/onlinelotto365.com\/fr\/?s={search_term_string}"},"query-input":{"@type":"PropertyValueSpecification","valueRequired":true,"valueName":"search_term_string"}}],"inLanguage":"fr-FR"}]}},"_links":{"self":[{"href":"https:\/\/onlinelotto365.com\/fr\/wp-json\/wp\/v2\/pages\/3794","targetHints":{"allow":["GET"]}}],"collection":[{"href":"https:\/\/onlinelotto365.com\/fr\/wp-json\/wp\/v2\/pages"}],"about":[{"href":"https:\/\/onlinelotto365.com\/fr\/wp-json\/wp\/v2\/types\/page"}],"author":[{"embeddable":true,"href":"https:\/\/onlinelotto365.com\/fr\/wp-json\/wp\/v2\/users\/1"}],"replies":[{"embeddable":true,"href":"https:\/\/onlinelotto365.com\/fr\/wp-json\/wp\/v2\/comments?post=3794"}],"version-history":[{"count":0,"href":"https:\/\/onlinelotto365.com\/fr\/wp-json\/wp\/v2\/pages\/3794\/revisions"}],"wp:attachment":[{"href":"https:\/\/onlinelotto365.com\/fr\/wp-json\/wp\/v2\/media?parent=3794"}],"curies":[{"name":"wp","href":"https:\/\/api.w.org\/{rel}","templated":true}]}}